{"id":140421,"date":"2019-05-08T00:00:01","date_gmt":"2019-05-08T00:00:01","guid":{"rendered":"https:\/\/www.iplay.com\/games\/witches-legacy-the-city-that-isnt-there-collectors-edition\/"},"modified":"2019-05-08T00:00:01","modified_gmt":"2019-05-08T00:00:01","slug":"witches-legacy-the-city-that-isnt-there-collectors-edition","status":"publish","type":"product","link":"https:\/\/www.iplay.com\/fr\/games\/witches-legacy-the-city-that-isnt-there-collectors-edition\/","title":{"rendered":"Witches&#8217; Legacy: The City That Isn&#8217;t There Collector&#8217;s Edition"},"content":{"rendered":"<p>Alors qu\u2019elle faisait des recherches pour son prochain livre, votre m\u00e8re a inexplicablement disparu. Cependant, comment localiser une ville qui n\u2019existe pas r\u00e9ellement ? Suivez prudemment ses traces dans une cit\u00e9 perdue habit\u00e9e par des cr\u00e9atures \u00e9nigmatiques. Pour retrouver votre m\u00e8re, travaillez avec votre compagne Bertha, le furet m\u00e9tamorphe. Serez-vous la derni\u00e8re victime de la ville, ou parviendrez-vous \u00e0 la sauver avant qu\u2019il ne soit trop tard ? Dans cette \u00e9trange aventure de puzzle d\u2019objets cach\u00e9s, d\u00e9couvrez-le !     <\/p>\n<p>&nbsp;<\/p>\n<p>&nbsp;<\/p>\n<p><strong>Fonctionnalit\u00e9s:<\/strong><\/p>\n<p>&nbsp;<\/p>\n<p>&#8211; Voyez la trag\u00e9die de Sallenvile \u00e0 travers les yeux de vos anc\u00eatres.<br \/>\n&#8211; Pour en savoir plus sur les personnages et leurs histoires, r\u00e9solvez des puzzles et cherchez des pi\u00e8ces de puzzle cach\u00e9es.<br \/>\n&#8211; Trouvez des choses qui changent et obtenez une gamme de r\u00e9alisations !<br \/>\n&#8211; Vous sentez-vous pris au pi\u00e8ge ? Consultez le guide de strat\u00e9gie utile.<br \/>\n&#8211; Des \u00e9conomiseurs d\u2019\u00e9cran, une galerie d\u2019art, une bande-son et des fonds d\u2019\u00e9cran.<\/p>\n","protected":false},"excerpt":{"rendered":"<p>Cette ville ne s\u2019arr\u00eate pas&#8230; Examinez-le dans Witches Legacy&nbsp;: The Nonexistant City CE.<\/p>\n","protected":false},"author":17,"featured_media":93716,"comment_status":"open","ping_status":"closed","template":"","meta":{"_acf_changed":false,"inline_featured_image":false},"product_brand":[],"product_cat":[165],"product_tag":[287],"class_list":{"0":"post-140421","1":"product","2":"type-product","3":"status-publish","4":"has-post-thumbnail","6":"product_cat-hidden-object-fr","7":"product_tag-play-on-pc-fr","9":"first","10":"instock","11":"shipping-taxable","12":"purchasable","13":"product-type-simple"},"acf":[],"yoast_head":"<!-- This site is optimized with the Yoast SEO Premium plugin v25.2 (Yoast SEO v25.2) - https:\/\/yoast.com\/wordpress\/plugins\/seo\/ -->\n<title>Witches&#039; Legacy\u00a0: La Ville qui n\u2019est pas l\u00e0 Edition Collector - Explorez Witches Legacy\u00a0: La Ville qui n\u2019est pas l\u00e0 CE<\/title>\n<meta name=\"description\" content=\"Cette ville ne s\u2019arr\u00eate pas... Examinez-le dans Witches Legacy&nbsp;: The Nonexistant City CE.\" \/>\n<meta name=\"robots\" content=\"index, follow, max-snippet:-1, max-image-preview:large, max-video-preview:-1\" \/>\n<link rel=\"canonical\" href=\"https:\/\/www.iplay.com\/fr\/games\/witches-legacy-the-city-that-isnt-there-collectors-edition\/\" \/>\n<meta property=\"og:locale\" content=\"fr_FR\" \/>\n<meta property=\"og:type\" content=\"article\" \/>\n<meta property=\"og:title\" content=\"Witches&#039; Legacy: The City That Isn&#039;t There Collector&#039;s Edition\" \/>\n<meta property=\"og:description\" content=\"Cette ville ne s\u2019arr\u00eate pas... Examinez-le dans Witches Legacy&nbsp;: The Nonexistant City CE.\" \/>\n<meta property=\"og:url\" content=\"https:\/\/www.iplay.com\/fr\/games\/witches-legacy-the-city-that-isnt-there-collectors-edition\/\" \/>\n<meta property=\"og:site_name\" content=\"IPlay\" \/>\n<meta property=\"og:image\" content=\"https:\/\/www.iplay.com\/wp-content\/uploads\/2023\/12\/large_square_tile_image-3374.jpg\" \/>\n\t<meta property=\"og:image:width\" content=\"310\" \/>\n\t<meta property=\"og:image:height\" content=\"310\" \/>\n\t<meta property=\"og:image:type\" content=\"image\/jpeg\" \/>\n<meta name=\"twitter:card\" content=\"summary_large_image\" \/>\n<meta name=\"twitter:label1\" content=\"Dur\u00e9e de lecture estim\u00e9e\" \/>\n\t<meta name=\"twitter:data1\" content=\"1 minute\" \/>\n<script type=\"application\/ld+json\" class=\"yoast-schema-graph\">{\"@context\":\"https:\/\/schema.org\",\"@graph\":[{\"@type\":\"WebPage\",\"@id\":\"https:\/\/www.iplay.com\/fr\/games\/witches-legacy-the-city-that-isnt-there-collectors-edition\/\",\"url\":\"https:\/\/www.iplay.com\/fr\/games\/witches-legacy-the-city-that-isnt-there-collectors-edition\/\",\"name\":\"Witches' Legacy\u00a0: La Ville qui n\u2019est pas l\u00e0 Edition Collector - Explorez Witches Legacy\u00a0: La Ville qui n\u2019est pas l\u00e0 CE\",\"isPartOf\":{\"@id\":\"https:\/\/www.iplay.com\/en\/#website\"},\"primaryImageOfPage\":{\"@id\":\"https:\/\/www.iplay.com\/fr\/games\/witches-legacy-the-city-that-isnt-there-collectors-edition\/#primaryimage\"},\"image\":{\"@id\":\"https:\/\/www.iplay.com\/fr\/games\/witches-legacy-the-city-that-isnt-there-collectors-edition\/#primaryimage\"},\"thumbnailUrl\":\"https:\/\/www.iplay.com\/wp-content\/uploads\/2023\/12\/large_square_tile_image-3374.jpg\",\"datePublished\":\"2019-05-08T00:00:01+00:00\",\"description\":\"Cette ville ne s\u2019arr\u00eate pas... Examinez-le dans Witches Legacy&nbsp;: The Nonexistant City CE.\",\"breadcrumb\":{\"@id\":\"https:\/\/www.iplay.com\/fr\/games\/witches-legacy-the-city-that-isnt-there-collectors-edition\/#breadcrumb\"},\"inLanguage\":\"fr-FR\",\"potentialAction\":[{\"@type\":\"ReadAction\",\"target\":[\"https:\/\/www.iplay.com\/fr\/games\/witches-legacy-the-city-that-isnt-there-collectors-edition\/\"]}]},{\"@type\":\"ImageObject\",\"inLanguage\":\"fr-FR\",\"@id\":\"https:\/\/www.iplay.com\/fr\/games\/witches-legacy-the-city-that-isnt-there-collectors-edition\/#primaryimage\",\"url\":\"https:\/\/www.iplay.com\/wp-content\/uploads\/2023\/12\/large_square_tile_image-3374.jpg\",\"contentUrl\":\"https:\/\/www.iplay.com\/wp-content\/uploads\/2023\/12\/large_square_tile_image-3374.jpg\",\"width\":310,\"height\":310},{\"@type\":\"BreadcrumbList\",\"@id\":\"https:\/\/www.iplay.com\/fr\/games\/witches-legacy-the-city-that-isnt-there-collectors-edition\/#breadcrumb\",\"itemListElement\":[{\"@type\":\"ListItem\",\"position\":1,\"name\":\"Home\",\"item\":\"https:\/\/www.iplay.com\/fr\/home-page-2\/\"},{\"@type\":\"ListItem\",\"position\":2,\"name\":\"Shop\",\"item\":\"https:\/\/www.iplay.com\/en\/shop\/\"},{\"@type\":\"ListItem\",\"position\":3,\"name\":\"Witches&#8217; Legacy: The City That Isn&#8217;t There Collector&#8217;s Edition\"}]},{\"@type\":\"WebSite\",\"@id\":\"https:\/\/www.iplay.com\/en\/#website\",\"url\":\"https:\/\/www.iplay.com\/en\/\",\"name\":\"IPlay\",\"description\":\"The Best Casual Games!\",\"publisher\":{\"@id\":\"https:\/\/www.iplay.com\/en\/#organization\"},\"potentialAction\":[{\"@type\":\"SearchAction\",\"target\":{\"@type\":\"EntryPoint\",\"urlTemplate\":\"https:\/\/www.iplay.com\/en\/?s={search_term_string}\"},\"query-input\":{\"@type\":\"PropertyValueSpecification\",\"valueRequired\":true,\"valueName\":\"search_term_string\"}}],\"inLanguage\":\"fr-FR\"},{\"@type\":\"Organization\",\"@id\":\"https:\/\/www.iplay.com\/en\/#organization\",\"name\":\"IPlay\",\"url\":\"https:\/\/www.iplay.com\/en\/\",\"logo\":{\"@type\":\"ImageObject\",\"inLanguage\":\"fr-FR\",\"@id\":\"https:\/\/www.iplay.com\/en\/#\/schema\/logo\/image\/\",\"url\":\"https:\/\/www.iplay.com\/wp-content\/uploads\/2023\/11\/Group-6100.svg\",\"contentUrl\":\"https:\/\/www.iplay.com\/wp-content\/uploads\/2023\/11\/Group-6100.svg\",\"width\":98,\"height\":25,\"caption\":\"IPlay\"},\"image\":{\"@id\":\"https:\/\/www.iplay.com\/en\/#\/schema\/logo\/image\/\"}}]}<\/script>\n<!-- \/ Yoast SEO Premium plugin. -->","yoast_head_json":{"title":"Witches' Legacy\u00a0: La Ville qui n\u2019est pas l\u00e0 Edition Collector - Explorez Witches Legacy\u00a0: La Ville qui n\u2019est pas l\u00e0 CE","description":"Cette ville ne s\u2019arr\u00eate pas... Examinez-le dans Witches Legacy&nbsp;: The Nonexistant City CE.","robots":{"index":"index","follow":"follow","max-snippet":"max-snippet:-1","max-image-preview":"max-image-preview:large","max-video-preview":"max-video-preview:-1"},"canonical":"https:\/\/www.iplay.com\/fr\/games\/witches-legacy-the-city-that-isnt-there-collectors-edition\/","og_locale":"fr_FR","og_type":"article","og_title":"Witches' Legacy: The City That Isn't There Collector's Edition","og_description":"Cette ville ne s\u2019arr\u00eate pas... Examinez-le dans Witches Legacy&nbsp;: The Nonexistant City CE.","og_url":"https:\/\/www.iplay.com\/fr\/games\/witches-legacy-the-city-that-isnt-there-collectors-edition\/","og_site_name":"IPlay","og_image":[{"width":310,"height":310,"url":"https:\/\/www.iplay.com\/wp-content\/uploads\/2023\/12\/large_square_tile_image-3374.jpg","type":"image\/jpeg"}],"twitter_card":"summary_large_image","twitter_misc":{"Dur\u00e9e de lecture estim\u00e9e":"1 minute"},"schema":{"@context":"https:\/\/schema.org","@graph":[{"@type":"WebPage","@id":"https:\/\/www.iplay.com\/fr\/games\/witches-legacy-the-city-that-isnt-there-collectors-edition\/","url":"https:\/\/www.iplay.com\/fr\/games\/witches-legacy-the-city-that-isnt-there-collectors-edition\/","name":"Witches' Legacy\u00a0: La Ville qui n\u2019est pas l\u00e0 Edition Collector - Explorez Witches Legacy\u00a0: La Ville qui n\u2019est pas l\u00e0 CE","isPartOf":{"@id":"https:\/\/www.iplay.com\/en\/#website"},"primaryImageOfPage":{"@id":"https:\/\/www.iplay.com\/fr\/games\/witches-legacy-the-city-that-isnt-there-collectors-edition\/#primaryimage"},"image":{"@id":"https:\/\/www.iplay.com\/fr\/games\/witches-legacy-the-city-that-isnt-there-collectors-edition\/#primaryimage"},"thumbnailUrl":"https:\/\/www.iplay.com\/wp-content\/uploads\/2023\/12\/large_square_tile_image-3374.jpg","datePublished":"2019-05-08T00:00:01+00:00","description":"Cette ville ne s\u2019arr\u00eate pas... Examinez-le dans Witches Legacy&nbsp;: The Nonexistant City CE.","breadcrumb":{"@id":"https:\/\/www.iplay.com\/fr\/games\/witches-legacy-the-city-that-isnt-there-collectors-edition\/#breadcrumb"},"inLanguage":"fr-FR","potentialAction":[{"@type":"ReadAction","target":["https:\/\/www.iplay.com\/fr\/games\/witches-legacy-the-city-that-isnt-there-collectors-edition\/"]}]},{"@type":"ImageObject","inLanguage":"fr-FR","@id":"https:\/\/www.iplay.com\/fr\/games\/witches-legacy-the-city-that-isnt-there-collectors-edition\/#primaryimage","url":"https:\/\/www.iplay.com\/wp-content\/uploads\/2023\/12\/large_square_tile_image-3374.jpg","contentUrl":"https:\/\/www.iplay.com\/wp-content\/uploads\/2023\/12\/large_square_tile_image-3374.jpg","width":310,"height":310},{"@type":"BreadcrumbList","@id":"https:\/\/www.iplay.com\/fr\/games\/witches-legacy-the-city-that-isnt-there-collectors-edition\/#breadcrumb","itemListElement":[{"@type":"ListItem","position":1,"name":"Home","item":"https:\/\/www.iplay.com\/fr\/home-page-2\/"},{"@type":"ListItem","position":2,"name":"Shop","item":"https:\/\/www.iplay.com\/en\/shop\/"},{"@type":"ListItem","position":3,"name":"Witches&#8217; Legacy: The City That Isn&#8217;t There Collector&#8217;s Edition"}]},{"@type":"WebSite","@id":"https:\/\/www.iplay.com\/en\/#website","url":"https:\/\/www.iplay.com\/en\/","name":"IPlay","description":"The Best Casual Games!","publisher":{"@id":"https:\/\/www.iplay.com\/en\/#organization"},"potentialAction":[{"@type":"SearchAction","target":{"@type":"EntryPoint","urlTemplate":"https:\/\/www.iplay.com\/en\/?s={search_term_string}"},"query-input":{"@type":"PropertyValueSpecification","valueRequired":true,"valueName":"search_term_string"}}],"inLanguage":"fr-FR"},{"@type":"Organization","@id":"https:\/\/www.iplay.com\/en\/#organization","name":"IPlay","url":"https:\/\/www.iplay.com\/en\/","logo":{"@type":"ImageObject","inLanguage":"fr-FR","@id":"https:\/\/www.iplay.com\/en\/#\/schema\/logo\/image\/","url":"https:\/\/www.iplay.com\/wp-content\/uploads\/2023\/11\/Group-6100.svg","contentUrl":"https:\/\/www.iplay.com\/wp-content\/uploads\/2023\/11\/Group-6100.svg","width":98,"height":25,"caption":"IPlay"},"image":{"@id":"https:\/\/www.iplay.com\/en\/#\/schema\/logo\/image\/"}}]}},"_links":{"self":[{"href":"https:\/\/www.iplay.com\/fr\/wp-json\/wp\/v2\/product\/140421","targetHints":{"allow":["GET"]}}],"collection":[{"href":"https:\/\/www.iplay.com\/fr\/wp-json\/wp\/v2\/product"}],"about":[{"href":"https:\/\/www.iplay.com\/fr\/wp-json\/wp\/v2\/types\/product"}],"author":[{"embeddable":true,"href":"https:\/\/www.iplay.com\/fr\/wp-json\/wp\/v2\/users\/17"}],"replies":[{"embeddable":true,"href":"https:\/\/www.iplay.com\/fr\/wp-json\/wp\/v2\/comments?post=140421"}],"wp:featuredmedia":[{"embeddable":true,"href":"https:\/\/www.iplay.com\/fr\/wp-json\/wp\/v2\/media\/93716"}],"wp:attachment":[{"href":"https:\/\/www.iplay.com\/fr\/wp-json\/wp\/v2\/media?parent=140421"}],"wp:term":[{"taxonomy":"product_brand","embeddable":true,"href":"https:\/\/www.iplay.com\/fr\/wp-json\/wp\/v2\/product_brand?post=140421"},{"taxonomy":"product_cat","embeddable":true,"href":"https:\/\/www.iplay.com\/fr\/wp-json\/wp\/v2\/product_cat?post=140421"},{"taxonomy":"product_tag","embeddable":true,"href":"https:\/\/www.iplay.com\/fr\/wp-json\/wp\/v2\/product_tag?post=140421"}],"curies":[{"name":"wp","href":"https:\/\/api.w.org\/{rel}","templated":true}]}}