{"id":140384,"date":"2019-04-20T00:00:00","date_gmt":"2019-04-20T00:00:00","guid":{"rendered":"https:\/\/www.iplay.com\/games\/the-curio-society-the-thief-of-life-collectors-edition\/"},"modified":"2019-04-20T00:00:00","modified_gmt":"2019-04-20T00:00:00","slug":"the-curio-society-the-thief-of-life-collectors-edition","status":"publish","type":"product","link":"https:\/\/www.iplay.com\/fr\/games\/the-curio-society-the-thief-of-life-collectors-edition\/","title":{"rendered":"The Curio Society: The Thief of Life Collector&#8217;s Edition"},"content":{"rendered":"<p>Appr\u00e9ciez la sortie la plus r\u00e9cente de la s\u00e9rie <em>The Curio Society<\/em> ! Vous avez \u00e9t\u00e9 appel\u00e9 \u00e0 l\u2019aide de la Soci\u00e9t\u00e9 des Curiosit\u00e9s apr\u00e8s qu\u2019un vieil alli\u00e9 se soit retourn\u00e9 contre eux ! Vous devez emp\u00eacher un scientifique fou de d\u00e9manteler l\u2019organisation, mais ce ne sera pas aussi facile qu\u2019il n\u2019y para\u00eet. Alors que vous tentez de pr\u00e9server le globe et vos deux amis, c\u2019est un concours de ruse ! Pourriez-vous appr\u00e9hender le d\u00e9linquant avant qu\u2019il ne soit trop tard&nbsp;? Dans cette aventure palpitante de puzzle d\u2019objets cach\u00e9s, d\u00e9couvrez-le ! Dans le chapitre bonus, r\u00e9solvez un tout nouveau myst\u00e8re !      <\/p>\n<p>&nbsp;<\/p>\n<p>&nbsp;<\/p>\n<p><strong>Fonctionnalit\u00e9s:<\/strong><\/p>\n<p>&nbsp;<\/p>\n<p>&#8211; Examinez les pr\u00e9cieux conseils strat\u00e9giques.<br \/>\n&#8211; Recherchez d\u2019excellents endroits pour trouver des inventions de valeur !<br \/>\n&#8211; Jouez \u00e0 des mini-jeux et \u00e0 des SOC rejouables pour perfectionner vos capacit\u00e9s.<br \/>\n&#8211; Appr\u00e9ciez l\u2019art conceptuel, les arri\u00e8re-plans et plus encore !<\/p>\n","protected":false},"excerpt":{"rendered":"<p>La Soci\u00e9t\u00e9 des Curiosit\u00e9s est attaqu\u00e9e par quelqu\u2019un ! D\u00e9couvrez qui est The Thief of Life CE dans The Curio Society. <\/p>\n","protected":false},"author":17,"featured_media":94036,"comment_status":"open","ping_status":"closed","template":"","meta":{"_acf_changed":false,"inline_featured_image":false},"product_brand":[],"product_cat":[165],"product_tag":[287],"class_list":{"0":"post-140384","1":"product","2":"type-product","3":"status-publish","4":"has-post-thumbnail","6":"product_cat-hidden-object-fr","7":"product_tag-play-on-pc-fr","9":"first","10":"instock","11":"shipping-taxable","12":"purchasable","13":"product-type-simple"},"acf":[],"yoast_head":"<!-- This site is optimized with the Yoast SEO Premium plugin v25.2 (Yoast SEO v25.2) - https:\/\/yoast.com\/wordpress\/plugins\/seo\/ -->\n<title>The Curio Society\u00a0: Le Voleur de Vie Edition Collector - Enqu\u00eatez sur les attaques dans The Curio Society\u00a0: Le Voleur de Vie CE<\/title>\n<meta name=\"description\" content=\"La Soci\u00e9t\u00e9 des Curiosit\u00e9s est attaqu\u00e9e par quelqu\u2019un ! D\u00e9couvrez qui est The Thief of Life CE dans The Curio Society.\" \/>\n<meta name=\"robots\" content=\"index, follow, max-snippet:-1, max-image-preview:large, max-video-preview:-1\" \/>\n<link rel=\"canonical\" href=\"https:\/\/www.iplay.com\/fr\/games\/the-curio-society-the-thief-of-life-collectors-edition\/\" \/>\n<meta property=\"og:locale\" content=\"fr_FR\" \/>\n<meta property=\"og:type\" content=\"article\" \/>\n<meta property=\"og:title\" content=\"The Curio Society: The Thief of Life Collector&#039;s Edition\" \/>\n<meta property=\"og:description\" content=\"La Soci\u00e9t\u00e9 des Curiosit\u00e9s est attaqu\u00e9e par quelqu\u2019un ! D\u00e9couvrez qui est The Thief of Life CE dans The Curio Society.\" \/>\n<meta property=\"og:url\" content=\"https:\/\/www.iplay.com\/fr\/games\/the-curio-society-the-thief-of-life-collectors-edition\/\" \/>\n<meta property=\"og:site_name\" content=\"IPlay\" \/>\n<meta property=\"og:image\" content=\"https:\/\/www.iplay.com\/wp-content\/uploads\/2023\/12\/large_square_tile_image-3394.jpg\" \/>\n\t<meta property=\"og:image:width\" content=\"310\" \/>\n\t<meta property=\"og:image:height\" content=\"310\" \/>\n\t<meta property=\"og:image:type\" content=\"image\/jpeg\" \/>\n<meta name=\"twitter:card\" content=\"summary_large_image\" \/>\n<meta name=\"twitter:label1\" content=\"Dur\u00e9e de lecture estim\u00e9e\" \/>\n\t<meta name=\"twitter:data1\" content=\"1 minute\" \/>\n<script type=\"application\/ld+json\" class=\"yoast-schema-graph\">{\"@context\":\"https:\/\/schema.org\",\"@graph\":[{\"@type\":\"WebPage\",\"@id\":\"https:\/\/www.iplay.com\/fr\/games\/the-curio-society-the-thief-of-life-collectors-edition\/\",\"url\":\"https:\/\/www.iplay.com\/fr\/games\/the-curio-society-the-thief-of-life-collectors-edition\/\",\"name\":\"The Curio Society\u00a0: Le Voleur de Vie Edition Collector - Enqu\u00eatez sur les attaques dans The Curio Society\u00a0: Le Voleur de Vie CE\",\"isPartOf\":{\"@id\":\"https:\/\/www.iplay.com\/en\/#website\"},\"primaryImageOfPage\":{\"@id\":\"https:\/\/www.iplay.com\/fr\/games\/the-curio-society-the-thief-of-life-collectors-edition\/#primaryimage\"},\"image\":{\"@id\":\"https:\/\/www.iplay.com\/fr\/games\/the-curio-society-the-thief-of-life-collectors-edition\/#primaryimage\"},\"thumbnailUrl\":\"https:\/\/www.iplay.com\/wp-content\/uploads\/2023\/12\/large_square_tile_image-3394.jpg\",\"datePublished\":\"2019-04-20T00:00:00+00:00\",\"description\":\"La Soci\u00e9t\u00e9 des Curiosit\u00e9s est attaqu\u00e9e par quelqu\u2019un ! D\u00e9couvrez qui est The Thief of Life CE dans The Curio Society.\",\"breadcrumb\":{\"@id\":\"https:\/\/www.iplay.com\/fr\/games\/the-curio-society-the-thief-of-life-collectors-edition\/#breadcrumb\"},\"inLanguage\":\"fr-FR\",\"potentialAction\":[{\"@type\":\"ReadAction\",\"target\":[\"https:\/\/www.iplay.com\/fr\/games\/the-curio-society-the-thief-of-life-collectors-edition\/\"]}]},{\"@type\":\"ImageObject\",\"inLanguage\":\"fr-FR\",\"@id\":\"https:\/\/www.iplay.com\/fr\/games\/the-curio-society-the-thief-of-life-collectors-edition\/#primaryimage\",\"url\":\"https:\/\/www.iplay.com\/wp-content\/uploads\/2023\/12\/large_square_tile_image-3394.jpg\",\"contentUrl\":\"https:\/\/www.iplay.com\/wp-content\/uploads\/2023\/12\/large_square_tile_image-3394.jpg\",\"width\":310,\"height\":310},{\"@type\":\"BreadcrumbList\",\"@id\":\"https:\/\/www.iplay.com\/fr\/games\/the-curio-society-the-thief-of-life-collectors-edition\/#breadcrumb\",\"itemListElement\":[{\"@type\":\"ListItem\",\"position\":1,\"name\":\"Home\",\"item\":\"https:\/\/www.iplay.com\/fr\/home-page-2\/\"},{\"@type\":\"ListItem\",\"position\":2,\"name\":\"Shop\",\"item\":\"https:\/\/www.iplay.com\/en\/shop\/\"},{\"@type\":\"ListItem\",\"position\":3,\"name\":\"The Curio Society: The Thief of Life Collector&#8217;s Edition\"}]},{\"@type\":\"WebSite\",\"@id\":\"https:\/\/www.iplay.com\/en\/#website\",\"url\":\"https:\/\/www.iplay.com\/en\/\",\"name\":\"IPlay\",\"description\":\"The Best Casual Games!\",\"publisher\":{\"@id\":\"https:\/\/www.iplay.com\/en\/#organization\"},\"potentialAction\":[{\"@type\":\"SearchAction\",\"target\":{\"@type\":\"EntryPoint\",\"urlTemplate\":\"https:\/\/www.iplay.com\/en\/?s={search_term_string}\"},\"query-input\":{\"@type\":\"PropertyValueSpecification\",\"valueRequired\":true,\"valueName\":\"search_term_string\"}}],\"inLanguage\":\"fr-FR\"},{\"@type\":\"Organization\",\"@id\":\"https:\/\/www.iplay.com\/en\/#organization\",\"name\":\"IPlay\",\"url\":\"https:\/\/www.iplay.com\/en\/\",\"logo\":{\"@type\":\"ImageObject\",\"inLanguage\":\"fr-FR\",\"@id\":\"https:\/\/www.iplay.com\/en\/#\/schema\/logo\/image\/\",\"url\":\"https:\/\/www.iplay.com\/wp-content\/uploads\/2023\/11\/Group-6100.svg\",\"contentUrl\":\"https:\/\/www.iplay.com\/wp-content\/uploads\/2023\/11\/Group-6100.svg\",\"width\":98,\"height\":25,\"caption\":\"IPlay\"},\"image\":{\"@id\":\"https:\/\/www.iplay.com\/en\/#\/schema\/logo\/image\/\"}}]}<\/script>\n<!-- \/ Yoast SEO Premium plugin. -->","yoast_head_json":{"title":"The Curio Society\u00a0: Le Voleur de Vie Edition Collector - Enqu\u00eatez sur les attaques dans The Curio Society\u00a0: Le Voleur de Vie CE","description":"La Soci\u00e9t\u00e9 des Curiosit\u00e9s est attaqu\u00e9e par quelqu\u2019un ! D\u00e9couvrez qui est The Thief of Life CE dans The Curio Society.","robots":{"index":"index","follow":"follow","max-snippet":"max-snippet:-1","max-image-preview":"max-image-preview:large","max-video-preview":"max-video-preview:-1"},"canonical":"https:\/\/www.iplay.com\/fr\/games\/the-curio-society-the-thief-of-life-collectors-edition\/","og_locale":"fr_FR","og_type":"article","og_title":"The Curio Society: The Thief of Life Collector's Edition","og_description":"La Soci\u00e9t\u00e9 des Curiosit\u00e9s est attaqu\u00e9e par quelqu\u2019un ! D\u00e9couvrez qui est The Thief of Life CE dans The Curio Society.","og_url":"https:\/\/www.iplay.com\/fr\/games\/the-curio-society-the-thief-of-life-collectors-edition\/","og_site_name":"IPlay","og_image":[{"width":310,"height":310,"url":"https:\/\/www.iplay.com\/wp-content\/uploads\/2023\/12\/large_square_tile_image-3394.jpg","type":"image\/jpeg"}],"twitter_card":"summary_large_image","twitter_misc":{"Dur\u00e9e de lecture estim\u00e9e":"1 minute"},"schema":{"@context":"https:\/\/schema.org","@graph":[{"@type":"WebPage","@id":"https:\/\/www.iplay.com\/fr\/games\/the-curio-society-the-thief-of-life-collectors-edition\/","url":"https:\/\/www.iplay.com\/fr\/games\/the-curio-society-the-thief-of-life-collectors-edition\/","name":"The Curio Society\u00a0: Le Voleur de Vie Edition Collector - Enqu\u00eatez sur les attaques dans The Curio Society\u00a0: Le Voleur de Vie CE","isPartOf":{"@id":"https:\/\/www.iplay.com\/en\/#website"},"primaryImageOfPage":{"@id":"https:\/\/www.iplay.com\/fr\/games\/the-curio-society-the-thief-of-life-collectors-edition\/#primaryimage"},"image":{"@id":"https:\/\/www.iplay.com\/fr\/games\/the-curio-society-the-thief-of-life-collectors-edition\/#primaryimage"},"thumbnailUrl":"https:\/\/www.iplay.com\/wp-content\/uploads\/2023\/12\/large_square_tile_image-3394.jpg","datePublished":"2019-04-20T00:00:00+00:00","description":"La Soci\u00e9t\u00e9 des Curiosit\u00e9s est attaqu\u00e9e par quelqu\u2019un ! D\u00e9couvrez qui est The Thief of Life CE dans The Curio Society.","breadcrumb":{"@id":"https:\/\/www.iplay.com\/fr\/games\/the-curio-society-the-thief-of-life-collectors-edition\/#breadcrumb"},"inLanguage":"fr-FR","potentialAction":[{"@type":"ReadAction","target":["https:\/\/www.iplay.com\/fr\/games\/the-curio-society-the-thief-of-life-collectors-edition\/"]}]},{"@type":"ImageObject","inLanguage":"fr-FR","@id":"https:\/\/www.iplay.com\/fr\/games\/the-curio-society-the-thief-of-life-collectors-edition\/#primaryimage","url":"https:\/\/www.iplay.com\/wp-content\/uploads\/2023\/12\/large_square_tile_image-3394.jpg","contentUrl":"https:\/\/www.iplay.com\/wp-content\/uploads\/2023\/12\/large_square_tile_image-3394.jpg","width":310,"height":310},{"@type":"BreadcrumbList","@id":"https:\/\/www.iplay.com\/fr\/games\/the-curio-society-the-thief-of-life-collectors-edition\/#breadcrumb","itemListElement":[{"@type":"ListItem","position":1,"name":"Home","item":"https:\/\/www.iplay.com\/fr\/home-page-2\/"},{"@type":"ListItem","position":2,"name":"Shop","item":"https:\/\/www.iplay.com\/en\/shop\/"},{"@type":"ListItem","position":3,"name":"The Curio Society: The Thief of Life Collector&#8217;s Edition"}]},{"@type":"WebSite","@id":"https:\/\/www.iplay.com\/en\/#website","url":"https:\/\/www.iplay.com\/en\/","name":"IPlay","description":"The Best Casual Games!","publisher":{"@id":"https:\/\/www.iplay.com\/en\/#organization"},"potentialAction":[{"@type":"SearchAction","target":{"@type":"EntryPoint","urlTemplate":"https:\/\/www.iplay.com\/en\/?s={search_term_string}"},"query-input":{"@type":"PropertyValueSpecification","valueRequired":true,"valueName":"search_term_string"}}],"inLanguage":"fr-FR"},{"@type":"Organization","@id":"https:\/\/www.iplay.com\/en\/#organization","name":"IPlay","url":"https:\/\/www.iplay.com\/en\/","logo":{"@type":"ImageObject","inLanguage":"fr-FR","@id":"https:\/\/www.iplay.com\/en\/#\/schema\/logo\/image\/","url":"https:\/\/www.iplay.com\/wp-content\/uploads\/2023\/11\/Group-6100.svg","contentUrl":"https:\/\/www.iplay.com\/wp-content\/uploads\/2023\/11\/Group-6100.svg","width":98,"height":25,"caption":"IPlay"},"image":{"@id":"https:\/\/www.iplay.com\/en\/#\/schema\/logo\/image\/"}}]}},"_links":{"self":[{"href":"https:\/\/www.iplay.com\/fr\/wp-json\/wp\/v2\/product\/140384","targetHints":{"allow":["GET"]}}],"collection":[{"href":"https:\/\/www.iplay.com\/fr\/wp-json\/wp\/v2\/product"}],"about":[{"href":"https:\/\/www.iplay.com\/fr\/wp-json\/wp\/v2\/types\/product"}],"author":[{"embeddable":true,"href":"https:\/\/www.iplay.com\/fr\/wp-json\/wp\/v2\/users\/17"}],"replies":[{"embeddable":true,"href":"https:\/\/www.iplay.com\/fr\/wp-json\/wp\/v2\/comments?post=140384"}],"wp:featuredmedia":[{"embeddable":true,"href":"https:\/\/www.iplay.com\/fr\/wp-json\/wp\/v2\/media\/94036"}],"wp:attachment":[{"href":"https:\/\/www.iplay.com\/fr\/wp-json\/wp\/v2\/media?parent=140384"}],"wp:term":[{"taxonomy":"product_brand","embeddable":true,"href":"https:\/\/www.iplay.com\/fr\/wp-json\/wp\/v2\/product_brand?post=140384"},{"taxonomy":"product_cat","embeddable":true,"href":"https:\/\/www.iplay.com\/fr\/wp-json\/wp\/v2\/product_cat?post=140384"},{"taxonomy":"product_tag","embeddable":true,"href":"https:\/\/www.iplay.com\/fr\/wp-json\/wp\/v2\/product_tag?post=140384"}],"curies":[{"name":"wp","href":"https:\/\/api.w.org\/{rel}","templated":true}]}}