{"id":140356,"date":"2019-04-22T00:00:01","date_gmt":"2019-04-22T00:00:01","guid":{"rendered":"https:\/\/www.iplay.com\/games\/best-of-hidden-object-value-pack-vol-10\/"},"modified":"2019-04-22T00:00:01","modified_gmt":"2019-04-22T00:00:01","slug":"best-of-hidden-object-value-pack-vol-10","status":"publish","type":"product","link":"https:\/\/www.iplay.com\/fr\/games\/best-of-hidden-object-value-pack-vol-10\/","title":{"rendered":"Best of Hidden Object Value Pack Vol. 10"},"content":{"rendered":"<p>Un autre fantastique pack d\u2019objets cach\u00e9s avec quatre titres populaires ! C\u2019est ce que vous obtenez&#8230; <\/p>\n<p>&nbsp;<\/p>\n<p><strong>Le secret de la s\u0153ur : Arcanum Bloodlines<\/strong><\/p>\n<p>Les s\u0153urs jumelles, Ariel et Belle, ont grandi en d\u00e9pendant l\u2019une de l\u2019autre. Ces s\u0153urs n\u2019avaient aucun souvenir de leur vie avant l\u2019orphelinat. Alors qu\u2019ils commencent \u00e0 se demander qui sont leurs parents, Belle est enlev\u00e9e, laissant Ariel anxieuse et seule sans sa demi-s\u0153ur. C\u2019est \u00e0 vous d\u2019intervenir et d\u2019aider Ariel \u00e0 sauver sa s\u0153ur avant que Belle ne devienne victime d\u2019un rituel mal\u00e9fique ! Suivez Ariel dans un village europ\u00e9en d\u00e9labr\u00e9 o\u00f9 elle rencontre de nouvelles personnes et d\u00e9couvre des indices pour l\u2019aider \u00e0 sauver Belle !    <\/p>\n<p>&nbsp;<\/p>\n<p><strong>Royaume d\u2019Aurelia : Le myst\u00e8re de la dague empoisonn\u00e9e<\/strong><\/p>\n<p>Rejoignez Sam, un gar\u00e7on de treize ans, et sa copine la princesse Aurore dans une aventure incroyable. Un complot contre la famille royale est d\u00e9couvert dans le royaume d\u2019Aurelia, au moment m\u00eame o\u00f9 ce royaume extraordinaire entre dans une p\u00e9riode de Renaissance et de progr\u00e8s technique. C\u2019est \u00e0 vous d\u2019aider Sam \u00e0 localiser le m\u00e9chant qui a empoisonn\u00e9 la princesse afin que vous puissiez la sauver avant qu\u2019elle ne succombe \u00e0 la dague empoisonn\u00e9e. Utilisez la technologie moderne pour vous aider dans votre qu\u00eate, comme Tim le robot et un gadget unique en son genre qui peut lire les pens\u00e9es de tout le monde dans le royaume !   <\/p>\n<p>&nbsp;<\/p>\n<p><strong>Marcheur de<\/strong><br \/>\n r\u00eavesEntrez dans le monde \u00e9trange et myst\u00e9rieux des r\u00eaves en tant que Carrol, une marcheuse de r\u00eaves charg\u00e9e de sauver son mari du marchand de sable, un esprit mal\u00e9fique des cauchemars. Sandman essaie de prendre le contr\u00f4le de la t\u00eate de votre bien-aim\u00e9 et d\u2019entrer dans le monde r\u00e9el ; Ne laissez pas cela se produire ! Traversez les cauchemars avec votre mari et aidez-le \u00e0 surmonter ses soucis. Vous seul pouvez mettre fin \u00e0 l\u2019ancien mal !   <\/p>\n<p>&nbsp;<\/p>\n<p><strong>Hiddenverse&nbsp;: Contes de sorci\u00e8re 2<\/strong><br \/>\nLe prince Percydal est maudit et transform\u00e9 en grenouille ; un baiser de sa bien-aim\u00e9e, la princesse Reiponce, est le seul moyen de le sauver, mais la retrouver ne sera pas facile&#8230; La mal\u00e9diction de Percy ne peut \u00eatre bris\u00e9e que par le baiser de sa bien-aim\u00e9e, la princesse Raiponce, et c\u2019est \u00e0 vous de la retrouver ! Pr\u00e9parez-vous, le chemin vers la princesse ne sera pas simple !<\/p>\n","protected":false},"excerpt":{"rendered":"<p>Le meilleur de Hidden Object Value Pack Volume 10 &#8211; Ce pack contient quatre des meilleures aventures d\u2019objets cach\u00e9s.<\/p>\n","protected":false},"author":20,"featured_media":94004,"comment_status":"open","ping_status":"closed","template":"","meta":{"_acf_changed":false,"inline_featured_image":false},"product_brand":[],"product_cat":[165,202],"product_tag":[287],"class_list":{"0":"post-140356","1":"product","2":"type-product","3":"status-publish","4":"has-post-thumbnail","6":"product_cat-hidden-object-fr","7":"product_cat-removed-content-fr","8":"product_tag-play-on-pc-fr","10":"first","11":"instock","12":"shipping-taxable","13":"purchasable","14":"product-type-simple"},"acf":[],"yoast_head":"<!-- This site is optimized with the Yoast SEO Premium plugin v25.2 (Yoast SEO v25.2) - https:\/\/yoast.com\/wordpress\/plugins\/seo\/ -->\n<title>Le meilleur de l\u2019objet cach\u00e9 Value Pack Vol. 10 - Aventures d\u2019objets cach\u00e9s dans le meilleur du pack d\u2019objets cach\u00e9s<\/title>\n<meta name=\"description\" content=\"Le meilleur de Hidden Object Value Pack Volume 10 - Ce pack contient quatre des meilleures aventures d\u2019objets cach\u00e9s.\" \/>\n<meta name=\"robots\" content=\"index, follow, max-snippet:-1, max-image-preview:large, max-video-preview:-1\" \/>\n<link rel=\"canonical\" href=\"https:\/\/www.iplay.com\/fr\/games\/best-of-hidden-object-value-pack-vol-10\/\" \/>\n<meta property=\"og:locale\" content=\"fr_FR\" \/>\n<meta property=\"og:type\" content=\"article\" \/>\n<meta property=\"og:title\" content=\"Best of Hidden Object Value Pack Vol. 10\" \/>\n<meta property=\"og:description\" content=\"Le meilleur de Hidden Object Value Pack Volume 10 - Ce pack contient quatre des meilleures aventures d\u2019objets cach\u00e9s.\" \/>\n<meta property=\"og:url\" content=\"https:\/\/www.iplay.com\/fr\/games\/best-of-hidden-object-value-pack-vol-10\/\" \/>\n<meta property=\"og:site_name\" content=\"IPlay\" \/>\n<meta property=\"og:image\" content=\"https:\/\/www.iplay.com\/wp-content\/uploads\/2023\/12\/large_square_tile_image-3392.jpg\" \/>\n\t<meta property=\"og:image:width\" content=\"310\" \/>\n\t<meta property=\"og:image:height\" content=\"310\" \/>\n\t<meta property=\"og:image:type\" content=\"image\/jpeg\" \/>\n<meta name=\"twitter:card\" content=\"summary_large_image\" \/>\n<meta name=\"twitter:label1\" content=\"Dur\u00e9e de lecture estim\u00e9e\" \/>\n\t<meta name=\"twitter:data1\" content=\"2 minutes\" \/>\n<script type=\"application\/ld+json\" class=\"yoast-schema-graph\">{\"@context\":\"https:\/\/schema.org\",\"@graph\":[{\"@type\":\"WebPage\",\"@id\":\"https:\/\/www.iplay.com\/fr\/games\/best-of-hidden-object-value-pack-vol-10\/\",\"url\":\"https:\/\/www.iplay.com\/fr\/games\/best-of-hidden-object-value-pack-vol-10\/\",\"name\":\"Le meilleur de l\u2019objet cach\u00e9 Value Pack Vol. 10 - Aventures d\u2019objets cach\u00e9s dans le meilleur du pack d\u2019objets cach\u00e9s\",\"isPartOf\":{\"@id\":\"https:\/\/www.iplay.com\/en\/#website\"},\"primaryImageOfPage\":{\"@id\":\"https:\/\/www.iplay.com\/fr\/games\/best-of-hidden-object-value-pack-vol-10\/#primaryimage\"},\"image\":{\"@id\":\"https:\/\/www.iplay.com\/fr\/games\/best-of-hidden-object-value-pack-vol-10\/#primaryimage\"},\"thumbnailUrl\":\"https:\/\/www.iplay.com\/wp-content\/uploads\/2023\/12\/large_square_tile_image-3392.jpg\",\"datePublished\":\"2019-04-22T00:00:01+00:00\",\"description\":\"Le meilleur de Hidden Object Value Pack Volume 10 - Ce pack contient quatre des meilleures aventures d\u2019objets cach\u00e9s.\",\"breadcrumb\":{\"@id\":\"https:\/\/www.iplay.com\/fr\/games\/best-of-hidden-object-value-pack-vol-10\/#breadcrumb\"},\"inLanguage\":\"fr-FR\",\"potentialAction\":[{\"@type\":\"ReadAction\",\"target\":[\"https:\/\/www.iplay.com\/fr\/games\/best-of-hidden-object-value-pack-vol-10\/\"]}]},{\"@type\":\"ImageObject\",\"inLanguage\":\"fr-FR\",\"@id\":\"https:\/\/www.iplay.com\/fr\/games\/best-of-hidden-object-value-pack-vol-10\/#primaryimage\",\"url\":\"https:\/\/www.iplay.com\/wp-content\/uploads\/2023\/12\/large_square_tile_image-3392.jpg\",\"contentUrl\":\"https:\/\/www.iplay.com\/wp-content\/uploads\/2023\/12\/large_square_tile_image-3392.jpg\",\"width\":310,\"height\":310},{\"@type\":\"BreadcrumbList\",\"@id\":\"https:\/\/www.iplay.com\/fr\/games\/best-of-hidden-object-value-pack-vol-10\/#breadcrumb\",\"itemListElement\":[{\"@type\":\"ListItem\",\"position\":1,\"name\":\"Home\",\"item\":\"https:\/\/www.iplay.com\/fr\/home-page-2\/\"},{\"@type\":\"ListItem\",\"position\":2,\"name\":\"Shop\",\"item\":\"https:\/\/www.iplay.com\/en\/shop\/\"},{\"@type\":\"ListItem\",\"position\":3,\"name\":\"Best of Hidden Object Value Pack Vol. 10\"}]},{\"@type\":\"WebSite\",\"@id\":\"https:\/\/www.iplay.com\/en\/#website\",\"url\":\"https:\/\/www.iplay.com\/en\/\",\"name\":\"IPlay\",\"description\":\"The Best Casual Games!\",\"publisher\":{\"@id\":\"https:\/\/www.iplay.com\/en\/#organization\"},\"potentialAction\":[{\"@type\":\"SearchAction\",\"target\":{\"@type\":\"EntryPoint\",\"urlTemplate\":\"https:\/\/www.iplay.com\/en\/?s={search_term_string}\"},\"query-input\":{\"@type\":\"PropertyValueSpecification\",\"valueRequired\":true,\"valueName\":\"search_term_string\"}}],\"inLanguage\":\"fr-FR\"},{\"@type\":\"Organization\",\"@id\":\"https:\/\/www.iplay.com\/en\/#organization\",\"name\":\"IPlay\",\"url\":\"https:\/\/www.iplay.com\/en\/\",\"logo\":{\"@type\":\"ImageObject\",\"inLanguage\":\"fr-FR\",\"@id\":\"https:\/\/www.iplay.com\/en\/#\/schema\/logo\/image\/\",\"url\":\"https:\/\/www.iplay.com\/wp-content\/uploads\/2023\/11\/Group-6100.svg\",\"contentUrl\":\"https:\/\/www.iplay.com\/wp-content\/uploads\/2023\/11\/Group-6100.svg\",\"width\":98,\"height\":25,\"caption\":\"IPlay\"},\"image\":{\"@id\":\"https:\/\/www.iplay.com\/en\/#\/schema\/logo\/image\/\"}}]}<\/script>\n<!-- \/ Yoast SEO Premium plugin. -->","yoast_head_json":{"title":"Le meilleur de l\u2019objet cach\u00e9 Value Pack Vol. 10 - Aventures d\u2019objets cach\u00e9s dans le meilleur du pack d\u2019objets cach\u00e9s","description":"Le meilleur de Hidden Object Value Pack Volume 10 - Ce pack contient quatre des meilleures aventures d\u2019objets cach\u00e9s.","robots":{"index":"index","follow":"follow","max-snippet":"max-snippet:-1","max-image-preview":"max-image-preview:large","max-video-preview":"max-video-preview:-1"},"canonical":"https:\/\/www.iplay.com\/fr\/games\/best-of-hidden-object-value-pack-vol-10\/","og_locale":"fr_FR","og_type":"article","og_title":"Best of Hidden Object Value Pack Vol. 10","og_description":"Le meilleur de Hidden Object Value Pack Volume 10 - Ce pack contient quatre des meilleures aventures d\u2019objets cach\u00e9s.","og_url":"https:\/\/www.iplay.com\/fr\/games\/best-of-hidden-object-value-pack-vol-10\/","og_site_name":"IPlay","og_image":[{"width":310,"height":310,"url":"https:\/\/www.iplay.com\/wp-content\/uploads\/2023\/12\/large_square_tile_image-3392.jpg","type":"image\/jpeg"}],"twitter_card":"summary_large_image","twitter_misc":{"Dur\u00e9e de lecture estim\u00e9e":"2 minutes"},"schema":{"@context":"https:\/\/schema.org","@graph":[{"@type":"WebPage","@id":"https:\/\/www.iplay.com\/fr\/games\/best-of-hidden-object-value-pack-vol-10\/","url":"https:\/\/www.iplay.com\/fr\/games\/best-of-hidden-object-value-pack-vol-10\/","name":"Le meilleur de l\u2019objet cach\u00e9 Value Pack Vol. 10 - Aventures d\u2019objets cach\u00e9s dans le meilleur du pack d\u2019objets cach\u00e9s","isPartOf":{"@id":"https:\/\/www.iplay.com\/en\/#website"},"primaryImageOfPage":{"@id":"https:\/\/www.iplay.com\/fr\/games\/best-of-hidden-object-value-pack-vol-10\/#primaryimage"},"image":{"@id":"https:\/\/www.iplay.com\/fr\/games\/best-of-hidden-object-value-pack-vol-10\/#primaryimage"},"thumbnailUrl":"https:\/\/www.iplay.com\/wp-content\/uploads\/2023\/12\/large_square_tile_image-3392.jpg","datePublished":"2019-04-22T00:00:01+00:00","description":"Le meilleur de Hidden Object Value Pack Volume 10 - Ce pack contient quatre des meilleures aventures d\u2019objets cach\u00e9s.","breadcrumb":{"@id":"https:\/\/www.iplay.com\/fr\/games\/best-of-hidden-object-value-pack-vol-10\/#breadcrumb"},"inLanguage":"fr-FR","potentialAction":[{"@type":"ReadAction","target":["https:\/\/www.iplay.com\/fr\/games\/best-of-hidden-object-value-pack-vol-10\/"]}]},{"@type":"ImageObject","inLanguage":"fr-FR","@id":"https:\/\/www.iplay.com\/fr\/games\/best-of-hidden-object-value-pack-vol-10\/#primaryimage","url":"https:\/\/www.iplay.com\/wp-content\/uploads\/2023\/12\/large_square_tile_image-3392.jpg","contentUrl":"https:\/\/www.iplay.com\/wp-content\/uploads\/2023\/12\/large_square_tile_image-3392.jpg","width":310,"height":310},{"@type":"BreadcrumbList","@id":"https:\/\/www.iplay.com\/fr\/games\/best-of-hidden-object-value-pack-vol-10\/#breadcrumb","itemListElement":[{"@type":"ListItem","position":1,"name":"Home","item":"https:\/\/www.iplay.com\/fr\/home-page-2\/"},{"@type":"ListItem","position":2,"name":"Shop","item":"https:\/\/www.iplay.com\/en\/shop\/"},{"@type":"ListItem","position":3,"name":"Best of Hidden Object Value Pack Vol. 10"}]},{"@type":"WebSite","@id":"https:\/\/www.iplay.com\/en\/#website","url":"https:\/\/www.iplay.com\/en\/","name":"IPlay","description":"The Best Casual Games!","publisher":{"@id":"https:\/\/www.iplay.com\/en\/#organization"},"potentialAction":[{"@type":"SearchAction","target":{"@type":"EntryPoint","urlTemplate":"https:\/\/www.iplay.com\/en\/?s={search_term_string}"},"query-input":{"@type":"PropertyValueSpecification","valueRequired":true,"valueName":"search_term_string"}}],"inLanguage":"fr-FR"},{"@type":"Organization","@id":"https:\/\/www.iplay.com\/en\/#organization","name":"IPlay","url":"https:\/\/www.iplay.com\/en\/","logo":{"@type":"ImageObject","inLanguage":"fr-FR","@id":"https:\/\/www.iplay.com\/en\/#\/schema\/logo\/image\/","url":"https:\/\/www.iplay.com\/wp-content\/uploads\/2023\/11\/Group-6100.svg","contentUrl":"https:\/\/www.iplay.com\/wp-content\/uploads\/2023\/11\/Group-6100.svg","width":98,"height":25,"caption":"IPlay"},"image":{"@id":"https:\/\/www.iplay.com\/en\/#\/schema\/logo\/image\/"}}]}},"_links":{"self":[{"href":"https:\/\/www.iplay.com\/fr\/wp-json\/wp\/v2\/product\/140356","targetHints":{"allow":["GET"]}}],"collection":[{"href":"https:\/\/www.iplay.com\/fr\/wp-json\/wp\/v2\/product"}],"about":[{"href":"https:\/\/www.iplay.com\/fr\/wp-json\/wp\/v2\/types\/product"}],"author":[{"embeddable":true,"href":"https:\/\/www.iplay.com\/fr\/wp-json\/wp\/v2\/users\/20"}],"replies":[{"embeddable":true,"href":"https:\/\/www.iplay.com\/fr\/wp-json\/wp\/v2\/comments?post=140356"}],"wp:featuredmedia":[{"embeddable":true,"href":"https:\/\/www.iplay.com\/fr\/wp-json\/wp\/v2\/media\/94004"}],"wp:attachment":[{"href":"https:\/\/www.iplay.com\/fr\/wp-json\/wp\/v2\/media?parent=140356"}],"wp:term":[{"taxonomy":"product_brand","embeddable":true,"href":"https:\/\/www.iplay.com\/fr\/wp-json\/wp\/v2\/product_brand?post=140356"},{"taxonomy":"product_cat","embeddable":true,"href":"https:\/\/www.iplay.com\/fr\/wp-json\/wp\/v2\/product_cat?post=140356"},{"taxonomy":"product_tag","embeddable":true,"href":"https:\/\/www.iplay.com\/fr\/wp-json\/wp\/v2\/product_tag?post=140356"}],"curies":[{"name":"wp","href":"https:\/\/api.w.org\/{rel}","templated":true}]}}