{"id":140348,"date":"2025-07-11T09:30:25","date_gmt":"2025-07-11T09:30:25","guid":{"rendered":"https:\/\/www.iplay.com\/?post_type=product&p=140348"},"modified":"2025-07-04T11:23:45","modified_gmt":"2025-07-04T11:23:45","slug":"amandas-magic-book-11-fractured-reflections","status":"publish","type":"product","link":"https:\/\/www.iplay.com\/fr\/games\/amandas-magic-book-11-fractured-reflections\/","title":{"rendered":"Amanda&#8217;s Magic Book 11: Fractured Reflections"},"content":{"rendered":"<p class=\"whitespace-normal break-words ai-optimize-27 ai-optimize-introduction\">Vous aidez Amanda et Charlie \u00e0 r\u00e9soudre un myst\u00e8re dans la ville historique de Florence. Ils trouvent un ancien miroir maudit cach\u00e9 dans une vieille villa. Le miroir se brise et divise le monde en diff\u00e9rentes dimensions.  <\/p>\n<p class=\"whitespace-normal break-words ai-optimize-28\">Vous les guidez \u00e0 travers une r\u00e9alit\u00e9 tordue o\u00f9 plus rien n\u2019a l\u2019air r\u00e9el. Ils voient des doubles effrayants d\u2019eux-m\u00eames et des illusions qui s\u2019effondrent partout. Liora, un personnage myst\u00e9rieux, les aide \u00e0 naviguer dans ce monde bris\u00e9.  <\/p>\n<p class=\"whitespace-normal break-words ai-optimize-29\">Vous devez r\u00e9parer le puissant miroir Aeternum avant que le temps ne s\u2019\u00e9coule. Le miroir bris\u00e9 a plong\u00e9 la r\u00e9alit\u00e9 dans le chaos et tout s\u2019effondre. Vous r\u00e9solvez des \u00e9nigmes hallucinantes pour restaurer les pi\u00e8ces du miroir.  <\/p>\n<p class=\"whitespace-normal break-words ai-optimize-30\">Vous faites la course contre un monde qui s\u2019effondre pour sauver tout le monde. Vous d\u00e9cidez si Amanda fait face \u00e0 son reflet ou si elle se perd \u00e0 l\u2019int\u00e9rieur pour toujours. <\/p>\n<p>&nbsp;<\/p>\n<p class=\"whitespace-normal break-words ai-optimize-31\"><strong>Fonctionnalit\u00e9s<\/strong><\/p>\n<ul class=\"[&amp;:not(:last-child)_ul]:pb-1 [&amp;:not(:last-child)_ol]:pb-1 list-disc space-y-1.5 pl-7\">\n<li class=\"whitespace-normal break-words ai-optimize-32\">Explorez une Florence tordue o\u00f9 chaque reflet cache des secrets<\/li>\n<li class=\"whitespace-normal break-words ai-optimize-33\">Trouvez et r\u00e9parez les morceaux perdus du puissant miroir Aeternum<\/li>\n<li class=\"whitespace-normal break-words ai-optimize-34\">Faites face \u00e0 des versions clones de vous-m\u00eame et d\u00e9couvrez qui est r\u00e9el<\/li>\n<li class=\"whitespace-normal break-words ai-optimize-35\">R\u00e9solvez des \u00e9nigmes atmosph\u00e9riques qui d\u00e9forment le temps, l\u2019espace et votre fa\u00e7on de voir les choses<\/li>\n<li class=\"whitespace-normal break-words ai-optimize-36\">Faites la course contre un monde qui s\u2019effondre et emp\u00eachez toutes les dimensions de s\u2019effondrer<\/li>\n<\/ul>\n<p>&nbsp;<\/p>\n<p class=\"whitespace-normal break-words ai-optimize-37\">Vous naviguez dans des mondes miroirs oniriques remplis de magie et de danger.<\/p>\n","protected":false},"excerpt":{"rendered":"<p>Amanda\u2019s Magic Book 11 &#8211; Fractured Reflections vous emm\u00e8ne dans un monde o\u00f9 la r\u00e9alit\u00e9 est d\u00e9form\u00e9e par des miroirs !<\/p>\n","protected":false},"author":42,"featured_media":140279,"comment_status":"open","ping_status":"closed","template":"","meta":{"_acf_changed":false,"inline_featured_image":false},"product_brand":[],"product_cat":[148,177],"product_tag":[287],"class_list":{"0":"post-140348","1":"product","2":"type-product","3":"status-publish","4":"has-post-thumbnail","6":"product_cat-adventure-fr","7":"product_cat-match-3-fr","8":"product_tag-play-on-pc-fr","10":"first","11":"instock","12":"shipping-taxable","13":"purchasable","14":"product-type-simple"},"acf":[],"yoast_head":"<!-- This site is optimized with the Yoast SEO Premium plugin v25.2 (Yoast SEO v25.2) - https:\/\/yoast.com\/wordpress\/plugins\/seo\/ -->\n<title>Le livre magique d\u2019Amanda 11 : Reflets fractur\u00e9s<\/title>\n<meta name=\"description\" content=\"Amanda\u2019s Magic Book 11 - Fractured Reflections vous emm\u00e8ne dans un monde o\u00f9 la r\u00e9alit\u00e9 est d\u00e9form\u00e9e par des miroirs !\" \/>\n<meta name=\"robots\" content=\"index, follow, max-snippet:-1, max-image-preview:large, max-video-preview:-1\" \/>\n<link rel=\"canonical\" href=\"https:\/\/www.iplay.com\/en\/games\/amandas-magic-book-11-fractured-reflections\/\" \/>\n<meta property=\"og:locale\" content=\"fr_FR\" \/>\n<meta property=\"og:type\" content=\"article\" \/>\n<meta property=\"og:title\" content=\"Amanda&#039;s Magic Book 11: Fractured Reflections\" \/>\n<meta property=\"og:description\" content=\"Amanda\u2019s Magic Book 11 - Fractured Reflections vous emm\u00e8ne dans un monde o\u00f9 la r\u00e9alit\u00e9 est d\u00e9form\u00e9e par des miroirs !\" \/>\n<meta property=\"og:url\" content=\"https:\/\/www.iplay.com\/en\/games\/amandas-magic-book-11-fractured-reflections\/\" \/>\n<meta property=\"og:site_name\" content=\"IPlay\" \/>\n<meta property=\"og:image\" content=\"https:\/\/www.iplay.com\/wp-content\/uploads\/2025\/07\/amandas_magic_book_11_fractured_reflections_large_video_screenshot.webp\" \/>\n\t<meta property=\"og:image:width\" content=\"715\" \/>\n\t<meta property=\"og:image:height\" content=\"485\" \/>\n\t<meta property=\"og:image:type\" content=\"image\/webp\" \/>\n<meta name=\"twitter:card\" content=\"summary_large_image\" \/>\n<meta name=\"twitter:label1\" content=\"Dur\u00e9e de lecture estim\u00e9e\" \/>\n\t<meta name=\"twitter:data1\" content=\"1 minute\" \/>\n<script type=\"application\/ld+json\" class=\"yoast-schema-graph\">{\"@context\":\"https:\/\/schema.org\",\"@graph\":[{\"@type\":\"WebPage\",\"@id\":\"https:\/\/www.iplay.com\/en\/games\/amandas-magic-book-11-fractured-reflections\/\",\"url\":\"https:\/\/www.iplay.com\/en\/games\/amandas-magic-book-11-fractured-reflections\/\",\"name\":\"Le livre magique d\u2019Amanda 11 : Reflets fractur\u00e9s\",\"isPartOf\":{\"@id\":\"https:\/\/www.iplay.com\/en\/#website\"},\"primaryImageOfPage\":{\"@id\":\"https:\/\/www.iplay.com\/en\/games\/amandas-magic-book-11-fractured-reflections\/#primaryimage\"},\"image\":{\"@id\":\"https:\/\/www.iplay.com\/en\/games\/amandas-magic-book-11-fractured-reflections\/#primaryimage\"},\"thumbnailUrl\":\"https:\/\/www.iplay.com\/wp-content\/uploads\/2025\/07\/amandas_magic_book_11_fractured_reflections_large_square_tile_image.webp\",\"datePublished\":\"2025-07-11T09:30:25+00:00\",\"description\":\"Amanda\u2019s Magic Book 11 - Fractured Reflections vous emm\u00e8ne dans un monde o\u00f9 la r\u00e9alit\u00e9 est d\u00e9form\u00e9e par des miroirs !\",\"breadcrumb\":{\"@id\":\"https:\/\/www.iplay.com\/en\/games\/amandas-magic-book-11-fractured-reflections\/#breadcrumb\"},\"inLanguage\":\"fr-FR\",\"potentialAction\":[{\"@type\":\"ReadAction\",\"target\":[\"https:\/\/www.iplay.com\/en\/games\/amandas-magic-book-11-fractured-reflections\/\"]}]},{\"@type\":\"ImageObject\",\"inLanguage\":\"fr-FR\",\"@id\":\"https:\/\/www.iplay.com\/en\/games\/amandas-magic-book-11-fractured-reflections\/#primaryimage\",\"url\":\"https:\/\/www.iplay.com\/wp-content\/uploads\/2025\/07\/amandas_magic_book_11_fractured_reflections_large_square_tile_image.webp\",\"contentUrl\":\"https:\/\/www.iplay.com\/wp-content\/uploads\/2025\/07\/amandas_magic_book_11_fractured_reflections_large_square_tile_image.webp\",\"width\":310,\"height\":310},{\"@type\":\"BreadcrumbList\",\"@id\":\"https:\/\/www.iplay.com\/en\/games\/amandas-magic-book-11-fractured-reflections\/#breadcrumb\",\"itemListElement\":[{\"@type\":\"ListItem\",\"position\":1,\"name\":\"Home\",\"item\":\"https:\/\/www.iplay.com\/fr\/home-page-2\/\"},{\"@type\":\"ListItem\",\"position\":2,\"name\":\"Shop\",\"item\":\"https:\/\/www.iplay.com\/en\/shop\/\"},{\"@type\":\"ListItem\",\"position\":3,\"name\":\"Amanda&#8217;s Magic Book 11: Fractured Reflections\"}]},{\"@type\":\"WebSite\",\"@id\":\"https:\/\/www.iplay.com\/en\/#website\",\"url\":\"https:\/\/www.iplay.com\/en\/\",\"name\":\"IPlay\",\"description\":\"The Best Casual Games!\",\"publisher\":{\"@id\":\"https:\/\/www.iplay.com\/en\/#organization\"},\"potentialAction\":[{\"@type\":\"SearchAction\",\"target\":{\"@type\":\"EntryPoint\",\"urlTemplate\":\"https:\/\/www.iplay.com\/en\/?s={search_term_string}\"},\"query-input\":{\"@type\":\"PropertyValueSpecification\",\"valueRequired\":true,\"valueName\":\"search_term_string\"}}],\"inLanguage\":\"fr-FR\"},{\"@type\":\"Organization\",\"@id\":\"https:\/\/www.iplay.com\/en\/#organization\",\"name\":\"IPlay\",\"url\":\"https:\/\/www.iplay.com\/en\/\",\"logo\":{\"@type\":\"ImageObject\",\"inLanguage\":\"fr-FR\",\"@id\":\"https:\/\/www.iplay.com\/en\/#\/schema\/logo\/image\/\",\"url\":\"https:\/\/www.iplay.com\/wp-content\/uploads\/2023\/11\/Group-6100.svg\",\"contentUrl\":\"https:\/\/www.iplay.com\/wp-content\/uploads\/2023\/11\/Group-6100.svg\",\"width\":98,\"height\":25,\"caption\":\"IPlay\"},\"image\":{\"@id\":\"https:\/\/www.iplay.com\/en\/#\/schema\/logo\/image\/\"}}]}<\/script>\n<!-- \/ Yoast SEO Premium plugin. -->","yoast_head_json":{"title":"Le livre magique d\u2019Amanda 11 : Reflets fractur\u00e9s","description":"Amanda\u2019s Magic Book 11 - Fractured Reflections vous emm\u00e8ne dans un monde o\u00f9 la r\u00e9alit\u00e9 est d\u00e9form\u00e9e par des miroirs !","robots":{"index":"index","follow":"follow","max-snippet":"max-snippet:-1","max-image-preview":"max-image-preview:large","max-video-preview":"max-video-preview:-1"},"canonical":"https:\/\/www.iplay.com\/en\/games\/amandas-magic-book-11-fractured-reflections\/","og_locale":"fr_FR","og_type":"article","og_title":"Amanda's Magic Book 11: Fractured Reflections","og_description":"Amanda\u2019s Magic Book 11 - Fractured Reflections vous emm\u00e8ne dans un monde o\u00f9 la r\u00e9alit\u00e9 est d\u00e9form\u00e9e par des miroirs !","og_url":"https:\/\/www.iplay.com\/en\/games\/amandas-magic-book-11-fractured-reflections\/","og_site_name":"IPlay","og_image":[{"width":715,"height":485,"url":"https:\/\/www.iplay.com\/wp-content\/uploads\/2025\/07\/amandas_magic_book_11_fractured_reflections_large_video_screenshot.webp","type":"image\/webp"}],"twitter_card":"summary_large_image","twitter_misc":{"Dur\u00e9e de lecture estim\u00e9e":"1 minute"},"schema":{"@context":"https:\/\/schema.org","@graph":[{"@type":"WebPage","@id":"https:\/\/www.iplay.com\/en\/games\/amandas-magic-book-11-fractured-reflections\/","url":"https:\/\/www.iplay.com\/en\/games\/amandas-magic-book-11-fractured-reflections\/","name":"Le livre magique d\u2019Amanda 11 : Reflets fractur\u00e9s","isPartOf":{"@id":"https:\/\/www.iplay.com\/en\/#website"},"primaryImageOfPage":{"@id":"https:\/\/www.iplay.com\/en\/games\/amandas-magic-book-11-fractured-reflections\/#primaryimage"},"image":{"@id":"https:\/\/www.iplay.com\/en\/games\/amandas-magic-book-11-fractured-reflections\/#primaryimage"},"thumbnailUrl":"https:\/\/www.iplay.com\/wp-content\/uploads\/2025\/07\/amandas_magic_book_11_fractured_reflections_large_square_tile_image.webp","datePublished":"2025-07-11T09:30:25+00:00","description":"Amanda\u2019s Magic Book 11 - Fractured Reflections vous emm\u00e8ne dans un monde o\u00f9 la r\u00e9alit\u00e9 est d\u00e9form\u00e9e par des miroirs !","breadcrumb":{"@id":"https:\/\/www.iplay.com\/en\/games\/amandas-magic-book-11-fractured-reflections\/#breadcrumb"},"inLanguage":"fr-FR","potentialAction":[{"@type":"ReadAction","target":["https:\/\/www.iplay.com\/en\/games\/amandas-magic-book-11-fractured-reflections\/"]}]},{"@type":"ImageObject","inLanguage":"fr-FR","@id":"https:\/\/www.iplay.com\/en\/games\/amandas-magic-book-11-fractured-reflections\/#primaryimage","url":"https:\/\/www.iplay.com\/wp-content\/uploads\/2025\/07\/amandas_magic_book_11_fractured_reflections_large_square_tile_image.webp","contentUrl":"https:\/\/www.iplay.com\/wp-content\/uploads\/2025\/07\/amandas_magic_book_11_fractured_reflections_large_square_tile_image.webp","width":310,"height":310},{"@type":"BreadcrumbList","@id":"https:\/\/www.iplay.com\/en\/games\/amandas-magic-book-11-fractured-reflections\/#breadcrumb","itemListElement":[{"@type":"ListItem","position":1,"name":"Home","item":"https:\/\/www.iplay.com\/fr\/home-page-2\/"},{"@type":"ListItem","position":2,"name":"Shop","item":"https:\/\/www.iplay.com\/en\/shop\/"},{"@type":"ListItem","position":3,"name":"Amanda&#8217;s Magic Book 11: Fractured Reflections"}]},{"@type":"WebSite","@id":"https:\/\/www.iplay.com\/en\/#website","url":"https:\/\/www.iplay.com\/en\/","name":"IPlay","description":"The Best Casual Games!","publisher":{"@id":"https:\/\/www.iplay.com\/en\/#organization"},"potentialAction":[{"@type":"SearchAction","target":{"@type":"EntryPoint","urlTemplate":"https:\/\/www.iplay.com\/en\/?s={search_term_string}"},"query-input":{"@type":"PropertyValueSpecification","valueRequired":true,"valueName":"search_term_string"}}],"inLanguage":"fr-FR"},{"@type":"Organization","@id":"https:\/\/www.iplay.com\/en\/#organization","name":"IPlay","url":"https:\/\/www.iplay.com\/en\/","logo":{"@type":"ImageObject","inLanguage":"fr-FR","@id":"https:\/\/www.iplay.com\/en\/#\/schema\/logo\/image\/","url":"https:\/\/www.iplay.com\/wp-content\/uploads\/2023\/11\/Group-6100.svg","contentUrl":"https:\/\/www.iplay.com\/wp-content\/uploads\/2023\/11\/Group-6100.svg","width":98,"height":25,"caption":"IPlay"},"image":{"@id":"https:\/\/www.iplay.com\/en\/#\/schema\/logo\/image\/"}}]}},"_links":{"self":[{"href":"https:\/\/www.iplay.com\/fr\/wp-json\/wp\/v2\/product\/140348","targetHints":{"allow":["GET"]}}],"collection":[{"href":"https:\/\/www.iplay.com\/fr\/wp-json\/wp\/v2\/product"}],"about":[{"href":"https:\/\/www.iplay.com\/fr\/wp-json\/wp\/v2\/types\/product"}],"author":[{"embeddable":true,"href":"https:\/\/www.iplay.com\/fr\/wp-json\/wp\/v2\/users\/42"}],"replies":[{"embeddable":true,"href":"https:\/\/www.iplay.com\/fr\/wp-json\/wp\/v2\/comments?post=140348"}],"wp:featuredmedia":[{"embeddable":true,"href":"https:\/\/www.iplay.com\/fr\/wp-json\/wp\/v2\/media\/140279"}],"wp:attachment":[{"href":"https:\/\/www.iplay.com\/fr\/wp-json\/wp\/v2\/media?parent=140348"}],"wp:term":[{"taxonomy":"product_brand","embeddable":true,"href":"https:\/\/www.iplay.com\/fr\/wp-json\/wp\/v2\/product_brand?post=140348"},{"taxonomy":"product_cat","embeddable":true,"href":"https:\/\/www.iplay.com\/fr\/wp-json\/wp\/v2\/product_cat?post=140348"},{"taxonomy":"product_tag","embeddable":true,"href":"https:\/\/www.iplay.com\/fr\/wp-json\/wp\/v2\/product_tag?post=140348"}],"curies":[{"name":"wp","href":"https:\/\/api.w.org\/{rel}","templated":true}]}}