{"id":140324,"date":"2019-05-22T00:00:01","date_gmt":"2019-05-22T00:00:01","guid":{"rendered":"https:\/\/www.iplay.com\/games\/the-chronicles-of-robin-hood-the-king-of-thieves\/"},"modified":"2019-05-22T00:00:01","modified_gmt":"2019-05-22T00:00:01","slug":"the-chronicles-of-robin-hood-the-king-of-thieves","status":"publish","type":"product","link":"https:\/\/www.iplay.com\/fr\/games\/the-chronicles-of-robin-hood-the-king-of-thieves\/","title":{"rendered":"The Chronicles of Robin Hood: The King of Thieves"},"content":{"rendered":"<p>Apr\u00e8s le retour d\u2019un jeune noble de la guerre, il d\u00e9couvre que le sh\u00e9rif corrompu de Nottingham a pris le pouvoir et r\u00e8gne d\u2019une main de fer. Il tente de se d\u00e9fendre contre le sh\u00e9rif parce qu\u2019il est d\u00e9termin\u00e9 \u00e0 arranger les choses, mais finit par devoir s\u2019enfuir. M\u00eame s\u2019il est actuellement en fuite et hors-la-loi, il n\u2019a pas l\u2019intention d\u2019abandonner. Le noble fait \u00e9quipe avec un gang de voleurs des bois pour voler les riches et faire des dons aux d\u00e9favoris\u00e9s dans le but ultime de d\u00e9tr\u00f4ner le sh\u00e9rif. Il adopte un nouveau surnom, Robin des Bois, pour s\u2019adapter \u00e0 sa nouvelle position de noble voleur. Aidez les Joyeux Hommes et Robin des Bois dans leur mission de renverser le sh\u00e9rif de Nottingham ! Cette version en cinq chapitres de l\u2019histoire bien-aim\u00e9e de Robin des Bois met en \u00e9vidence quelques points cl\u00e9s. Venez vous battre aux c\u00f4t\u00e9s de Little John, Marion, Robin des Bois et d\u2019autres personnages bien connus alors qu\u2019ils affrontent le sh\u00e9rif malhonn\u00eate. Prenez plaisir dans des niveaux de puzzle match-3 difficiles pendant que la l\u00e9gende de Robin des Bois grandit dans tout le pays. D\u00e9bloquez 20 am\u00e9liorations pour aider Robin des Bois \u00e0 se transformer d\u2019un homme recherch\u00e9 en l\u2019un des voleurs les plus v\u00e9n\u00e9r\u00e9s et les plus redout\u00e9s du pays.<\/p>\n","protected":false},"excerpt":{"rendered":"<p>Aidez les Joyeux Hommes et Robin des Bois dans leur mission de renverser le sh\u00e9rif de Nottingham !<\/p>\n","protected":false},"author":42,"featured_media":93604,"comment_status":"open","ping_status":"closed","template":"","meta":{"_acf_changed":false,"inline_featured_image":false},"product_brand":[],"product_cat":[193],"product_tag":[],"class_list":{"0":"post-140324","1":"product","2":"type-product","3":"status-publish","4":"has-post-thumbnail","6":"product_cat-puzzle-fr","8":"first","9":"instock","10":"shipping-taxable","11":"purchasable","12":"product-type-simple"},"acf":[],"yoast_head":"<!-- This site is optimized with the Yoast SEO Premium plugin v25.2 (Yoast SEO v25.2) - https:\/\/yoast.com\/wordpress\/plugins\/seo\/ -->\n<title>Les Chroniques de Robin des Bois : Le Roi des Voleurs - Aidez Robin des Bois contre le sh\u00e9rif de Nottingham dans une qu\u00eate \u00e9pique<\/title>\n<meta name=\"description\" content=\"Aidez les Joyeux Hommes et Robin des Bois dans leur mission de renverser le sh\u00e9rif de Nottingham !\" \/>\n<meta name=\"robots\" content=\"index, follow, max-snippet:-1, max-image-preview:large, max-video-preview:-1\" \/>\n<link rel=\"canonical\" href=\"https:\/\/www.iplay.com\/fr\/games\/the-chronicles-of-robin-hood-the-king-of-thieves\/\" \/>\n<meta property=\"og:locale\" content=\"fr_FR\" \/>\n<meta property=\"og:type\" content=\"article\" \/>\n<meta property=\"og:title\" content=\"The Chronicles of Robin Hood: The King of Thieves\" \/>\n<meta property=\"og:description\" content=\"Aidez les Joyeux Hommes et Robin des Bois dans leur mission de renverser le sh\u00e9rif de Nottingham !\" \/>\n<meta property=\"og:url\" content=\"https:\/\/www.iplay.com\/fr\/games\/the-chronicles-of-robin-hood-the-king-of-thieves\/\" \/>\n<meta property=\"og:site_name\" content=\"IPlay\" \/>\n<meta property=\"og:image\" content=\"https:\/\/www.iplay.com\/wp-content\/uploads\/2023\/12\/large_square_tile_image-3366.jpg\" \/>\n\t<meta property=\"og:image:width\" content=\"310\" \/>\n\t<meta property=\"og:image:height\" content=\"310\" \/>\n\t<meta property=\"og:image:type\" content=\"image\/jpeg\" \/>\n<meta name=\"twitter:card\" content=\"summary_large_image\" \/>\n<meta name=\"twitter:label1\" content=\"Dur\u00e9e de lecture estim\u00e9e\" \/>\n\t<meta name=\"twitter:data1\" content=\"1 minute\" \/>\n<script type=\"application\/ld+json\" class=\"yoast-schema-graph\">{\"@context\":\"https:\/\/schema.org\",\"@graph\":[{\"@type\":\"WebPage\",\"@id\":\"https:\/\/www.iplay.com\/fr\/games\/the-chronicles-of-robin-hood-the-king-of-thieves\/\",\"url\":\"https:\/\/www.iplay.com\/fr\/games\/the-chronicles-of-robin-hood-the-king-of-thieves\/\",\"name\":\"Les Chroniques de Robin des Bois : Le Roi des Voleurs - Aidez Robin des Bois contre le sh\u00e9rif de Nottingham dans une qu\u00eate \u00e9pique\",\"isPartOf\":{\"@id\":\"https:\/\/www.iplay.com\/en\/#website\"},\"primaryImageOfPage\":{\"@id\":\"https:\/\/www.iplay.com\/fr\/games\/the-chronicles-of-robin-hood-the-king-of-thieves\/#primaryimage\"},\"image\":{\"@id\":\"https:\/\/www.iplay.com\/fr\/games\/the-chronicles-of-robin-hood-the-king-of-thieves\/#primaryimage\"},\"thumbnailUrl\":\"https:\/\/www.iplay.com\/wp-content\/uploads\/2023\/12\/large_square_tile_image-3366.jpg\",\"datePublished\":\"2019-05-22T00:00:01+00:00\",\"description\":\"Aidez les Joyeux Hommes et Robin des Bois dans leur mission de renverser le sh\u00e9rif de Nottingham !\",\"breadcrumb\":{\"@id\":\"https:\/\/www.iplay.com\/fr\/games\/the-chronicles-of-robin-hood-the-king-of-thieves\/#breadcrumb\"},\"inLanguage\":\"fr-FR\",\"potentialAction\":[{\"@type\":\"ReadAction\",\"target\":[\"https:\/\/www.iplay.com\/fr\/games\/the-chronicles-of-robin-hood-the-king-of-thieves\/\"]}]},{\"@type\":\"ImageObject\",\"inLanguage\":\"fr-FR\",\"@id\":\"https:\/\/www.iplay.com\/fr\/games\/the-chronicles-of-robin-hood-the-king-of-thieves\/#primaryimage\",\"url\":\"https:\/\/www.iplay.com\/wp-content\/uploads\/2023\/12\/large_square_tile_image-3366.jpg\",\"contentUrl\":\"https:\/\/www.iplay.com\/wp-content\/uploads\/2023\/12\/large_square_tile_image-3366.jpg\",\"width\":310,\"height\":310},{\"@type\":\"BreadcrumbList\",\"@id\":\"https:\/\/www.iplay.com\/fr\/games\/the-chronicles-of-robin-hood-the-king-of-thieves\/#breadcrumb\",\"itemListElement\":[{\"@type\":\"ListItem\",\"position\":1,\"name\":\"Home\",\"item\":\"https:\/\/www.iplay.com\/fr\/home-page-2\/\"},{\"@type\":\"ListItem\",\"position\":2,\"name\":\"Shop\",\"item\":\"https:\/\/www.iplay.com\/en\/shop\/\"},{\"@type\":\"ListItem\",\"position\":3,\"name\":\"The Chronicles of Robin Hood: The King of Thieves\"}]},{\"@type\":\"WebSite\",\"@id\":\"https:\/\/www.iplay.com\/en\/#website\",\"url\":\"https:\/\/www.iplay.com\/en\/\",\"name\":\"IPlay\",\"description\":\"The Best Casual Games!\",\"publisher\":{\"@id\":\"https:\/\/www.iplay.com\/en\/#organization\"},\"potentialAction\":[{\"@type\":\"SearchAction\",\"target\":{\"@type\":\"EntryPoint\",\"urlTemplate\":\"https:\/\/www.iplay.com\/en\/?s={search_term_string}\"},\"query-input\":{\"@type\":\"PropertyValueSpecification\",\"valueRequired\":true,\"valueName\":\"search_term_string\"}}],\"inLanguage\":\"fr-FR\"},{\"@type\":\"Organization\",\"@id\":\"https:\/\/www.iplay.com\/en\/#organization\",\"name\":\"IPlay\",\"url\":\"https:\/\/www.iplay.com\/en\/\",\"logo\":{\"@type\":\"ImageObject\",\"inLanguage\":\"fr-FR\",\"@id\":\"https:\/\/www.iplay.com\/en\/#\/schema\/logo\/image\/\",\"url\":\"https:\/\/www.iplay.com\/wp-content\/uploads\/2023\/11\/Group-6100.svg\",\"contentUrl\":\"https:\/\/www.iplay.com\/wp-content\/uploads\/2023\/11\/Group-6100.svg\",\"width\":98,\"height\":25,\"caption\":\"IPlay\"},\"image\":{\"@id\":\"https:\/\/www.iplay.com\/en\/#\/schema\/logo\/image\/\"}}]}<\/script>\n<!-- \/ Yoast SEO Premium plugin. -->","yoast_head_json":{"title":"Les Chroniques de Robin des Bois : Le Roi des Voleurs - Aidez Robin des Bois contre le sh\u00e9rif de Nottingham dans une qu\u00eate \u00e9pique","description":"Aidez les Joyeux Hommes et Robin des Bois dans leur mission de renverser le sh\u00e9rif de Nottingham !","robots":{"index":"index","follow":"follow","max-snippet":"max-snippet:-1","max-image-preview":"max-image-preview:large","max-video-preview":"max-video-preview:-1"},"canonical":"https:\/\/www.iplay.com\/fr\/games\/the-chronicles-of-robin-hood-the-king-of-thieves\/","og_locale":"fr_FR","og_type":"article","og_title":"The Chronicles of Robin Hood: The King of Thieves","og_description":"Aidez les Joyeux Hommes et Robin des Bois dans leur mission de renverser le sh\u00e9rif de Nottingham !","og_url":"https:\/\/www.iplay.com\/fr\/games\/the-chronicles-of-robin-hood-the-king-of-thieves\/","og_site_name":"IPlay","og_image":[{"width":310,"height":310,"url":"https:\/\/www.iplay.com\/wp-content\/uploads\/2023\/12\/large_square_tile_image-3366.jpg","type":"image\/jpeg"}],"twitter_card":"summary_large_image","twitter_misc":{"Dur\u00e9e de lecture estim\u00e9e":"1 minute"},"schema":{"@context":"https:\/\/schema.org","@graph":[{"@type":"WebPage","@id":"https:\/\/www.iplay.com\/fr\/games\/the-chronicles-of-robin-hood-the-king-of-thieves\/","url":"https:\/\/www.iplay.com\/fr\/games\/the-chronicles-of-robin-hood-the-king-of-thieves\/","name":"Les Chroniques de Robin des Bois : Le Roi des Voleurs - Aidez Robin des Bois contre le sh\u00e9rif de Nottingham dans une qu\u00eate \u00e9pique","isPartOf":{"@id":"https:\/\/www.iplay.com\/en\/#website"},"primaryImageOfPage":{"@id":"https:\/\/www.iplay.com\/fr\/games\/the-chronicles-of-robin-hood-the-king-of-thieves\/#primaryimage"},"image":{"@id":"https:\/\/www.iplay.com\/fr\/games\/the-chronicles-of-robin-hood-the-king-of-thieves\/#primaryimage"},"thumbnailUrl":"https:\/\/www.iplay.com\/wp-content\/uploads\/2023\/12\/large_square_tile_image-3366.jpg","datePublished":"2019-05-22T00:00:01+00:00","description":"Aidez les Joyeux Hommes et Robin des Bois dans leur mission de renverser le sh\u00e9rif de Nottingham !","breadcrumb":{"@id":"https:\/\/www.iplay.com\/fr\/games\/the-chronicles-of-robin-hood-the-king-of-thieves\/#breadcrumb"},"inLanguage":"fr-FR","potentialAction":[{"@type":"ReadAction","target":["https:\/\/www.iplay.com\/fr\/games\/the-chronicles-of-robin-hood-the-king-of-thieves\/"]}]},{"@type":"ImageObject","inLanguage":"fr-FR","@id":"https:\/\/www.iplay.com\/fr\/games\/the-chronicles-of-robin-hood-the-king-of-thieves\/#primaryimage","url":"https:\/\/www.iplay.com\/wp-content\/uploads\/2023\/12\/large_square_tile_image-3366.jpg","contentUrl":"https:\/\/www.iplay.com\/wp-content\/uploads\/2023\/12\/large_square_tile_image-3366.jpg","width":310,"height":310},{"@type":"BreadcrumbList","@id":"https:\/\/www.iplay.com\/fr\/games\/the-chronicles-of-robin-hood-the-king-of-thieves\/#breadcrumb","itemListElement":[{"@type":"ListItem","position":1,"name":"Home","item":"https:\/\/www.iplay.com\/fr\/home-page-2\/"},{"@type":"ListItem","position":2,"name":"Shop","item":"https:\/\/www.iplay.com\/en\/shop\/"},{"@type":"ListItem","position":3,"name":"The Chronicles of Robin Hood: The King of Thieves"}]},{"@type":"WebSite","@id":"https:\/\/www.iplay.com\/en\/#website","url":"https:\/\/www.iplay.com\/en\/","name":"IPlay","description":"The Best Casual Games!","publisher":{"@id":"https:\/\/www.iplay.com\/en\/#organization"},"potentialAction":[{"@type":"SearchAction","target":{"@type":"EntryPoint","urlTemplate":"https:\/\/www.iplay.com\/en\/?s={search_term_string}"},"query-input":{"@type":"PropertyValueSpecification","valueRequired":true,"valueName":"search_term_string"}}],"inLanguage":"fr-FR"},{"@type":"Organization","@id":"https:\/\/www.iplay.com\/en\/#organization","name":"IPlay","url":"https:\/\/www.iplay.com\/en\/","logo":{"@type":"ImageObject","inLanguage":"fr-FR","@id":"https:\/\/www.iplay.com\/en\/#\/schema\/logo\/image\/","url":"https:\/\/www.iplay.com\/wp-content\/uploads\/2023\/11\/Group-6100.svg","contentUrl":"https:\/\/www.iplay.com\/wp-content\/uploads\/2023\/11\/Group-6100.svg","width":98,"height":25,"caption":"IPlay"},"image":{"@id":"https:\/\/www.iplay.com\/en\/#\/schema\/logo\/image\/"}}]}},"_links":{"self":[{"href":"https:\/\/www.iplay.com\/fr\/wp-json\/wp\/v2\/product\/140324","targetHints":{"allow":["GET"]}}],"collection":[{"href":"https:\/\/www.iplay.com\/fr\/wp-json\/wp\/v2\/product"}],"about":[{"href":"https:\/\/www.iplay.com\/fr\/wp-json\/wp\/v2\/types\/product"}],"author":[{"embeddable":true,"href":"https:\/\/www.iplay.com\/fr\/wp-json\/wp\/v2\/users\/42"}],"replies":[{"embeddable":true,"href":"https:\/\/www.iplay.com\/fr\/wp-json\/wp\/v2\/comments?post=140324"}],"wp:featuredmedia":[{"embeddable":true,"href":"https:\/\/www.iplay.com\/fr\/wp-json\/wp\/v2\/media\/93604"}],"wp:attachment":[{"href":"https:\/\/www.iplay.com\/fr\/wp-json\/wp\/v2\/media?parent=140324"}],"wp:term":[{"taxonomy":"product_brand","embeddable":true,"href":"https:\/\/www.iplay.com\/fr\/wp-json\/wp\/v2\/product_brand?post=140324"},{"taxonomy":"product_cat","embeddable":true,"href":"https:\/\/www.iplay.com\/fr\/wp-json\/wp\/v2\/product_cat?post=140324"},{"taxonomy":"product_tag","embeddable":true,"href":"https:\/\/www.iplay.com\/fr\/wp-json\/wp\/v2\/product_tag?post=140324"}],"curies":[{"name":"wp","href":"https:\/\/api.w.org\/{rel}","templated":true}]}}