{"id":140083,"date":"2019-07-02T00:00:00","date_gmt":"2019-07-02T00:00:00","guid":{"rendered":"https:\/\/www.iplay.com\/games\/legend-of-inca-mystical-culture\/"},"modified":"2019-07-02T00:00:00","modified_gmt":"2019-07-02T00:00:00","slug":"legend-of-inca-mystical-culture","status":"publish","type":"product","link":"https:\/\/www.iplay.com\/fr\/games\/legend-of-inca-mystical-culture\/","title":{"rendered":"Legend of Inca &#8211; Mystical Culture"},"content":{"rendered":"<p>Profitez d\u2019un jeu de match-3 passionnant avec des jeux bonus, des bonus, des extras et des troph\u00e9es ! Diff\u00e9rents niveaux d\u2019extension pour tous les b\u00e2timents. <\/p>\n<p>&nbsp;<\/p>\n<p><strong>Fonctionnalit\u00e9s:<\/strong><\/p>\n<p>&#8211; Construire une colonie inca.<\/p>\n<p>&#8211; Obtenez des bonus, des bonus et des troph\u00e9es.<\/p>\n<p>&#8211; R\u00e9solvez des objets cach\u00e9s, du mahjongg, du solitaire et des niveaux suppl\u00e9mentaires pour vous rapprocher de votre objectif.<\/p>\n<p>&#8211; Le peuple mystique inca est envelopp\u00e9 de myst\u00e8re.<\/p>\n","protected":false},"excerpt":{"rendered":"<p>Des \u00e9nigmes entourent l\u2019\u00e9nigmatique peuple inca. Lisez L\u00e9gende des Incas : Culture mystique pour en savoir plus. <\/p>\n","protected":false},"author":50,"featured_media":85147,"comment_status":"open","ping_status":"closed","template":"","meta":{"_acf_changed":false,"inline_featured_image":false},"product_brand":[],"product_cat":[193],"product_tag":[],"class_list":{"0":"post-140083","1":"product","2":"type-product","3":"status-publish","4":"has-post-thumbnail","6":"product_cat-puzzle-fr","8":"first","9":"instock","10":"shipping-taxable","11":"purchasable","12":"product-type-simple"},"acf":[],"yoast_head":"<!-- This site is optimized with the Yoast SEO Premium plugin v25.2 (Yoast SEO v25.2) - https:\/\/yoast.com\/wordpress\/plugins\/seo\/ -->\n<title>L\u00e9gende des Incas - Culture Mystique - D\u00e9couvrez les secrets Incas dans la L\u00e9gende des Incas - Culture Mystique<\/title>\n<meta name=\"description\" content=\"Des \u00e9nigmes entourent l\u2019\u00e9nigmatique peuple inca. Lisez L\u00e9gende des Incas : Culture mystique pour en savoir plus.\" \/>\n<meta name=\"robots\" content=\"index, follow, max-snippet:-1, max-image-preview:large, max-video-preview:-1\" \/>\n<link rel=\"canonical\" href=\"https:\/\/www.iplay.com\/fr\/games\/legend-of-inca-mystical-culture\/\" \/>\n<meta property=\"og:locale\" content=\"fr_FR\" \/>\n<meta property=\"og:type\" content=\"article\" \/>\n<meta property=\"og:title\" content=\"Legend of Inca - Mystical Culture\" \/>\n<meta property=\"og:description\" content=\"Des \u00e9nigmes entourent l\u2019\u00e9nigmatique peuple inca. Lisez L\u00e9gende des Incas : Culture mystique pour en savoir plus.\" \/>\n<meta property=\"og:url\" content=\"https:\/\/www.iplay.com\/fr\/games\/legend-of-inca-mystical-culture\/\" \/>\n<meta property=\"og:site_name\" content=\"IPlay\" \/>\n<meta property=\"og:image\" content=\"https:\/\/www.iplay.com\/wp-content\/uploads\/2023\/12\/large_square_tile_image-2833.jpg\" \/>\n\t<meta property=\"og:image:width\" content=\"310\" \/>\n\t<meta property=\"og:image:height\" content=\"310\" \/>\n\t<meta property=\"og:image:type\" content=\"image\/jpeg\" \/>\n<meta name=\"twitter:card\" content=\"summary_large_image\" \/>\n<script type=\"application\/ld+json\" class=\"yoast-schema-graph\">{\"@context\":\"https:\/\/schema.org\",\"@graph\":[{\"@type\":\"WebPage\",\"@id\":\"https:\/\/www.iplay.com\/fr\/games\/legend-of-inca-mystical-culture\/\",\"url\":\"https:\/\/www.iplay.com\/fr\/games\/legend-of-inca-mystical-culture\/\",\"name\":\"L\u00e9gende des Incas - Culture Mystique - D\u00e9couvrez les secrets Incas dans la L\u00e9gende des Incas - Culture Mystique\",\"isPartOf\":{\"@id\":\"https:\/\/www.iplay.com\/en\/#website\"},\"primaryImageOfPage\":{\"@id\":\"https:\/\/www.iplay.com\/fr\/games\/legend-of-inca-mystical-culture\/#primaryimage\"},\"image\":{\"@id\":\"https:\/\/www.iplay.com\/fr\/games\/legend-of-inca-mystical-culture\/#primaryimage\"},\"thumbnailUrl\":\"https:\/\/www.iplay.com\/wp-content\/uploads\/2023\/12\/large_square_tile_image-2833.jpg\",\"datePublished\":\"2019-07-02T00:00:00+00:00\",\"description\":\"Des \u00e9nigmes entourent l\u2019\u00e9nigmatique peuple inca. Lisez L\u00e9gende des Incas : Culture mystique pour en savoir plus.\",\"breadcrumb\":{\"@id\":\"https:\/\/www.iplay.com\/fr\/games\/legend-of-inca-mystical-culture\/#breadcrumb\"},\"inLanguage\":\"fr-FR\",\"potentialAction\":[{\"@type\":\"ReadAction\",\"target\":[\"https:\/\/www.iplay.com\/fr\/games\/legend-of-inca-mystical-culture\/\"]}]},{\"@type\":\"ImageObject\",\"inLanguage\":\"fr-FR\",\"@id\":\"https:\/\/www.iplay.com\/fr\/games\/legend-of-inca-mystical-culture\/#primaryimage\",\"url\":\"https:\/\/www.iplay.com\/wp-content\/uploads\/2023\/12\/large_square_tile_image-2833.jpg\",\"contentUrl\":\"https:\/\/www.iplay.com\/wp-content\/uploads\/2023\/12\/large_square_tile_image-2833.jpg\",\"width\":310,\"height\":310},{\"@type\":\"BreadcrumbList\",\"@id\":\"https:\/\/www.iplay.com\/fr\/games\/legend-of-inca-mystical-culture\/#breadcrumb\",\"itemListElement\":[{\"@type\":\"ListItem\",\"position\":1,\"name\":\"Home\",\"item\":\"https:\/\/www.iplay.com\/fr\/home-page-2\/\"},{\"@type\":\"ListItem\",\"position\":2,\"name\":\"Shop\",\"item\":\"https:\/\/www.iplay.com\/en\/shop\/\"},{\"@type\":\"ListItem\",\"position\":3,\"name\":\"Legend of Inca &#8211; Mystical Culture\"}]},{\"@type\":\"WebSite\",\"@id\":\"https:\/\/www.iplay.com\/en\/#website\",\"url\":\"https:\/\/www.iplay.com\/en\/\",\"name\":\"IPlay\",\"description\":\"The Best Casual Games!\",\"publisher\":{\"@id\":\"https:\/\/www.iplay.com\/en\/#organization\"},\"potentialAction\":[{\"@type\":\"SearchAction\",\"target\":{\"@type\":\"EntryPoint\",\"urlTemplate\":\"https:\/\/www.iplay.com\/en\/?s={search_term_string}\"},\"query-input\":{\"@type\":\"PropertyValueSpecification\",\"valueRequired\":true,\"valueName\":\"search_term_string\"}}],\"inLanguage\":\"fr-FR\"},{\"@type\":\"Organization\",\"@id\":\"https:\/\/www.iplay.com\/en\/#organization\",\"name\":\"IPlay\",\"url\":\"https:\/\/www.iplay.com\/en\/\",\"logo\":{\"@type\":\"ImageObject\",\"inLanguage\":\"fr-FR\",\"@id\":\"https:\/\/www.iplay.com\/en\/#\/schema\/logo\/image\/\",\"url\":\"https:\/\/www.iplay.com\/wp-content\/uploads\/2023\/11\/Group-6100.svg\",\"contentUrl\":\"https:\/\/www.iplay.com\/wp-content\/uploads\/2023\/11\/Group-6100.svg\",\"width\":98,\"height\":25,\"caption\":\"IPlay\"},\"image\":{\"@id\":\"https:\/\/www.iplay.com\/en\/#\/schema\/logo\/image\/\"}}]}<\/script>\n<!-- \/ Yoast SEO Premium plugin. -->","yoast_head_json":{"title":"L\u00e9gende des Incas - Culture Mystique - D\u00e9couvrez les secrets Incas dans la L\u00e9gende des Incas - Culture Mystique","description":"Des \u00e9nigmes entourent l\u2019\u00e9nigmatique peuple inca. Lisez L\u00e9gende des Incas : Culture mystique pour en savoir plus.","robots":{"index":"index","follow":"follow","max-snippet":"max-snippet:-1","max-image-preview":"max-image-preview:large","max-video-preview":"max-video-preview:-1"},"canonical":"https:\/\/www.iplay.com\/fr\/games\/legend-of-inca-mystical-culture\/","og_locale":"fr_FR","og_type":"article","og_title":"Legend of Inca - Mystical Culture","og_description":"Des \u00e9nigmes entourent l\u2019\u00e9nigmatique peuple inca. Lisez L\u00e9gende des Incas : Culture mystique pour en savoir plus.","og_url":"https:\/\/www.iplay.com\/fr\/games\/legend-of-inca-mystical-culture\/","og_site_name":"IPlay","og_image":[{"width":310,"height":310,"url":"https:\/\/www.iplay.com\/wp-content\/uploads\/2023\/12\/large_square_tile_image-2833.jpg","type":"image\/jpeg"}],"twitter_card":"summary_large_image","schema":{"@context":"https:\/\/schema.org","@graph":[{"@type":"WebPage","@id":"https:\/\/www.iplay.com\/fr\/games\/legend-of-inca-mystical-culture\/","url":"https:\/\/www.iplay.com\/fr\/games\/legend-of-inca-mystical-culture\/","name":"L\u00e9gende des Incas - Culture Mystique - D\u00e9couvrez les secrets Incas dans la L\u00e9gende des Incas - Culture Mystique","isPartOf":{"@id":"https:\/\/www.iplay.com\/en\/#website"},"primaryImageOfPage":{"@id":"https:\/\/www.iplay.com\/fr\/games\/legend-of-inca-mystical-culture\/#primaryimage"},"image":{"@id":"https:\/\/www.iplay.com\/fr\/games\/legend-of-inca-mystical-culture\/#primaryimage"},"thumbnailUrl":"https:\/\/www.iplay.com\/wp-content\/uploads\/2023\/12\/large_square_tile_image-2833.jpg","datePublished":"2019-07-02T00:00:00+00:00","description":"Des \u00e9nigmes entourent l\u2019\u00e9nigmatique peuple inca. Lisez L\u00e9gende des Incas : Culture mystique pour en savoir plus.","breadcrumb":{"@id":"https:\/\/www.iplay.com\/fr\/games\/legend-of-inca-mystical-culture\/#breadcrumb"},"inLanguage":"fr-FR","potentialAction":[{"@type":"ReadAction","target":["https:\/\/www.iplay.com\/fr\/games\/legend-of-inca-mystical-culture\/"]}]},{"@type":"ImageObject","inLanguage":"fr-FR","@id":"https:\/\/www.iplay.com\/fr\/games\/legend-of-inca-mystical-culture\/#primaryimage","url":"https:\/\/www.iplay.com\/wp-content\/uploads\/2023\/12\/large_square_tile_image-2833.jpg","contentUrl":"https:\/\/www.iplay.com\/wp-content\/uploads\/2023\/12\/large_square_tile_image-2833.jpg","width":310,"height":310},{"@type":"BreadcrumbList","@id":"https:\/\/www.iplay.com\/fr\/games\/legend-of-inca-mystical-culture\/#breadcrumb","itemListElement":[{"@type":"ListItem","position":1,"name":"Home","item":"https:\/\/www.iplay.com\/fr\/home-page-2\/"},{"@type":"ListItem","position":2,"name":"Shop","item":"https:\/\/www.iplay.com\/en\/shop\/"},{"@type":"ListItem","position":3,"name":"Legend of Inca &#8211; Mystical Culture"}]},{"@type":"WebSite","@id":"https:\/\/www.iplay.com\/en\/#website","url":"https:\/\/www.iplay.com\/en\/","name":"IPlay","description":"The Best Casual Games!","publisher":{"@id":"https:\/\/www.iplay.com\/en\/#organization"},"potentialAction":[{"@type":"SearchAction","target":{"@type":"EntryPoint","urlTemplate":"https:\/\/www.iplay.com\/en\/?s={search_term_string}"},"query-input":{"@type":"PropertyValueSpecification","valueRequired":true,"valueName":"search_term_string"}}],"inLanguage":"fr-FR"},{"@type":"Organization","@id":"https:\/\/www.iplay.com\/en\/#organization","name":"IPlay","url":"https:\/\/www.iplay.com\/en\/","logo":{"@type":"ImageObject","inLanguage":"fr-FR","@id":"https:\/\/www.iplay.com\/en\/#\/schema\/logo\/image\/","url":"https:\/\/www.iplay.com\/wp-content\/uploads\/2023\/11\/Group-6100.svg","contentUrl":"https:\/\/www.iplay.com\/wp-content\/uploads\/2023\/11\/Group-6100.svg","width":98,"height":25,"caption":"IPlay"},"image":{"@id":"https:\/\/www.iplay.com\/en\/#\/schema\/logo\/image\/"}}]}},"_links":{"self":[{"href":"https:\/\/www.iplay.com\/fr\/wp-json\/wp\/v2\/product\/140083","targetHints":{"allow":["GET"]}}],"collection":[{"href":"https:\/\/www.iplay.com\/fr\/wp-json\/wp\/v2\/product"}],"about":[{"href":"https:\/\/www.iplay.com\/fr\/wp-json\/wp\/v2\/types\/product"}],"author":[{"embeddable":true,"href":"https:\/\/www.iplay.com\/fr\/wp-json\/wp\/v2\/users\/50"}],"replies":[{"embeddable":true,"href":"https:\/\/www.iplay.com\/fr\/wp-json\/wp\/v2\/comments?post=140083"}],"wp:featuredmedia":[{"embeddable":true,"href":"https:\/\/www.iplay.com\/fr\/wp-json\/wp\/v2\/media\/85147"}],"wp:attachment":[{"href":"https:\/\/www.iplay.com\/fr\/wp-json\/wp\/v2\/media?parent=140083"}],"wp:term":[{"taxonomy":"product_brand","embeddable":true,"href":"https:\/\/www.iplay.com\/fr\/wp-json\/wp\/v2\/product_brand?post=140083"},{"taxonomy":"product_cat","embeddable":true,"href":"https:\/\/www.iplay.com\/fr\/wp-json\/wp\/v2\/product_cat?post=140083"},{"taxonomy":"product_tag","embeddable":true,"href":"https:\/\/www.iplay.com\/fr\/wp-json\/wp\/v2\/product_tag?post=140083"}],"curies":[{"name":"wp","href":"https:\/\/api.w.org\/{rel}","templated":true}]}}