{"id":140069,"date":"2019-06-28T00:00:00","date_gmt":"2019-06-28T00:00:00","guid":{"rendered":"https:\/\/www.iplay.com\/games\/enchanted-kingdom-a-dark-seed-collectors-edition\/"},"modified":"2019-06-28T00:00:00","modified_gmt":"2019-06-28T00:00:00","slug":"enchanted-kingdom-a-dark-seed-collectors-edition","status":"publish","type":"product","link":"https:\/\/www.iplay.com\/fr\/games\/enchanted-kingdom-a-dark-seed-collectors-edition\/","title":{"rendered":"Enchanted Kingdom: A Dark Seed Collector&#8217;s Edition"},"content":{"rendered":"<p>L\u2019Empire de Tar dans son ensemble est en danger de perdre l\u2019ordre \u00e0 cause d\u2019une maladie rare connue sous le nom de Graine Noire. Vous \u00eates le seul \u00e0 pouvoir faire des recherches en toute s\u00e9curit\u00e9 sur cette maladie car vous \u00eates immunis\u00e9 contre les infections. Cependant, m\u00eame si votre pouvoir peut vous prot\u00e9ger de la maladie, il est impuissant \u00e0 vous prot\u00e9ger des forces mal\u00e9fiques et agressives qui se dressent sur votre chemin ! Pouvez-vous vivre assez longtemps pour d\u00e9couvrir un traitement et ramener l\u2019empire \u00e0 la paix ? Jouez \u00e0 ce passionnant jeu d\u2019aventure et de puzzle d\u2019objets cach\u00e9s pour le d\u00e9couvrir !    <\/p>\n<p>&nbsp;<\/p>\n<p>&nbsp;<\/p>\n<p><strong>Fonctionnalit\u00e9s:<\/strong><\/p>\n<p>&nbsp;<\/p>\n<p>&#8211; Dans le chapitre suppl\u00e9mentaire, aidez Emirus \u00e0 retrouver ses talents magiques !<\/p>\n<p>&#8211; D\u00e9couvrez des bustes et des artefacts m\u00e9tamorphes de m\u00e9decins bien connus.<\/p>\n<p>&#8211; Rassemblez des pierres pr\u00e9cieuses pour am\u00e9liorer votre jardin zoologique !<\/p>\n<p>&#8211; Recevez des m\u00e9dailles d\u2019accomplissement pour votre gameplay exceptionnel !<\/p>\n<p>&#8211; Appr\u00e9ciez l\u2019art conceptuel, la musique et les images d\u2019arri\u00e8re-plan !<\/p>\n","protected":false},"excerpt":{"rendered":"<p>Pourriez-vous restaurer le royaume ? D\u00e9couvrez-en plus dans l\u2019\u00e9dition collector de Enchanted Kingdom&nbsp;: A Dark Seed. <\/p>\n","protected":false},"author":17,"featured_media":93241,"comment_status":"open","ping_status":"closed","template":"","meta":{"_acf_changed":false,"inline_featured_image":false},"product_brand":[],"product_cat":[165],"product_tag":[287],"class_list":{"0":"post-140069","1":"product","2":"type-product","3":"status-publish","4":"has-post-thumbnail","6":"product_cat-hidden-object-fr","7":"product_tag-play-on-pc-fr","9":"first","10":"instock","11":"shipping-taxable","12":"purchasable","13":"product-type-simple"},"acf":[],"yoast_head":"<!-- This site is optimized with the Yoast SEO Premium plugin v25.2 (Yoast SEO v25.2) - https:\/\/yoast.com\/wordpress\/plugins\/seo\/ -->\n<title>Enchanted Kingdom\u00a0: A Dark Seed Collector\u2019s Edition - Soignez le Royaume Enchant\u00e9 du pouvoir de la Graine Sombre<\/title>\n<meta name=\"description\" content=\"Pourriez-vous restaurer le royaume ? D\u00e9couvrez-en plus dans l\u2019\u00e9dition collector de Enchanted Kingdom&nbsp;: A Dark Seed.\" \/>\n<meta name=\"robots\" content=\"index, follow, max-snippet:-1, max-image-preview:large, max-video-preview:-1\" \/>\n<link rel=\"canonical\" href=\"https:\/\/www.iplay.com\/fr\/games\/enchanted-kingdom-a-dark-seed-collectors-edition\/\" \/>\n<meta property=\"og:locale\" content=\"fr_FR\" \/>\n<meta property=\"og:type\" content=\"article\" \/>\n<meta property=\"og:title\" content=\"Enchanted Kingdom: A Dark Seed Collector&#039;s Edition\" \/>\n<meta property=\"og:description\" content=\"Pourriez-vous restaurer le royaume ? D\u00e9couvrez-en plus dans l\u2019\u00e9dition collector de Enchanted Kingdom&nbsp;: A Dark Seed.\" \/>\n<meta property=\"og:url\" content=\"https:\/\/www.iplay.com\/fr\/games\/enchanted-kingdom-a-dark-seed-collectors-edition\/\" \/>\n<meta property=\"og:site_name\" content=\"IPlay\" \/>\n<meta property=\"og:image\" content=\"https:\/\/www.iplay.com\/wp-content\/uploads\/2023\/12\/large_square_tile_image-3343.jpg\" \/>\n\t<meta property=\"og:image:width\" content=\"310\" \/>\n\t<meta property=\"og:image:height\" content=\"310\" \/>\n\t<meta property=\"og:image:type\" content=\"image\/jpeg\" \/>\n<meta name=\"twitter:card\" content=\"summary_large_image\" \/>\n<meta name=\"twitter:label1\" content=\"Dur\u00e9e de lecture estim\u00e9e\" \/>\n\t<meta name=\"twitter:data1\" content=\"1 minute\" \/>\n<script type=\"application\/ld+json\" class=\"yoast-schema-graph\">{\"@context\":\"https:\/\/schema.org\",\"@graph\":[{\"@type\":\"WebPage\",\"@id\":\"https:\/\/www.iplay.com\/fr\/games\/enchanted-kingdom-a-dark-seed-collectors-edition\/\",\"url\":\"https:\/\/www.iplay.com\/fr\/games\/enchanted-kingdom-a-dark-seed-collectors-edition\/\",\"name\":\"Enchanted Kingdom\u00a0: A Dark Seed Collector\u2019s Edition - Soignez le Royaume Enchant\u00e9 du pouvoir de la Graine Sombre\",\"isPartOf\":{\"@id\":\"https:\/\/www.iplay.com\/en\/#website\"},\"primaryImageOfPage\":{\"@id\":\"https:\/\/www.iplay.com\/fr\/games\/enchanted-kingdom-a-dark-seed-collectors-edition\/#primaryimage\"},\"image\":{\"@id\":\"https:\/\/www.iplay.com\/fr\/games\/enchanted-kingdom-a-dark-seed-collectors-edition\/#primaryimage\"},\"thumbnailUrl\":\"https:\/\/www.iplay.com\/wp-content\/uploads\/2023\/12\/large_square_tile_image-3343.jpg\",\"datePublished\":\"2019-06-28T00:00:00+00:00\",\"description\":\"Pourriez-vous restaurer le royaume ? D\u00e9couvrez-en plus dans l\u2019\u00e9dition collector de Enchanted Kingdom&nbsp;: A Dark Seed.\",\"breadcrumb\":{\"@id\":\"https:\/\/www.iplay.com\/fr\/games\/enchanted-kingdom-a-dark-seed-collectors-edition\/#breadcrumb\"},\"inLanguage\":\"fr-FR\",\"potentialAction\":[{\"@type\":\"ReadAction\",\"target\":[\"https:\/\/www.iplay.com\/fr\/games\/enchanted-kingdom-a-dark-seed-collectors-edition\/\"]}]},{\"@type\":\"ImageObject\",\"inLanguage\":\"fr-FR\",\"@id\":\"https:\/\/www.iplay.com\/fr\/games\/enchanted-kingdom-a-dark-seed-collectors-edition\/#primaryimage\",\"url\":\"https:\/\/www.iplay.com\/wp-content\/uploads\/2023\/12\/large_square_tile_image-3343.jpg\",\"contentUrl\":\"https:\/\/www.iplay.com\/wp-content\/uploads\/2023\/12\/large_square_tile_image-3343.jpg\",\"width\":310,\"height\":310},{\"@type\":\"BreadcrumbList\",\"@id\":\"https:\/\/www.iplay.com\/fr\/games\/enchanted-kingdom-a-dark-seed-collectors-edition\/#breadcrumb\",\"itemListElement\":[{\"@type\":\"ListItem\",\"position\":1,\"name\":\"Home\",\"item\":\"https:\/\/www.iplay.com\/fr\/home-page-2\/\"},{\"@type\":\"ListItem\",\"position\":2,\"name\":\"Shop\",\"item\":\"https:\/\/www.iplay.com\/en\/shop\/\"},{\"@type\":\"ListItem\",\"position\":3,\"name\":\"Enchanted Kingdom: A Dark Seed Collector&#8217;s Edition\"}]},{\"@type\":\"WebSite\",\"@id\":\"https:\/\/www.iplay.com\/en\/#website\",\"url\":\"https:\/\/www.iplay.com\/en\/\",\"name\":\"IPlay\",\"description\":\"The Best Casual Games!\",\"publisher\":{\"@id\":\"https:\/\/www.iplay.com\/en\/#organization\"},\"potentialAction\":[{\"@type\":\"SearchAction\",\"target\":{\"@type\":\"EntryPoint\",\"urlTemplate\":\"https:\/\/www.iplay.com\/en\/?s={search_term_string}\"},\"query-input\":{\"@type\":\"PropertyValueSpecification\",\"valueRequired\":true,\"valueName\":\"search_term_string\"}}],\"inLanguage\":\"fr-FR\"},{\"@type\":\"Organization\",\"@id\":\"https:\/\/www.iplay.com\/en\/#organization\",\"name\":\"IPlay\",\"url\":\"https:\/\/www.iplay.com\/en\/\",\"logo\":{\"@type\":\"ImageObject\",\"inLanguage\":\"fr-FR\",\"@id\":\"https:\/\/www.iplay.com\/en\/#\/schema\/logo\/image\/\",\"url\":\"https:\/\/www.iplay.com\/wp-content\/uploads\/2023\/11\/Group-6100.svg\",\"contentUrl\":\"https:\/\/www.iplay.com\/wp-content\/uploads\/2023\/11\/Group-6100.svg\",\"width\":98,\"height\":25,\"caption\":\"IPlay\"},\"image\":{\"@id\":\"https:\/\/www.iplay.com\/en\/#\/schema\/logo\/image\/\"}}]}<\/script>\n<!-- \/ Yoast SEO Premium plugin. -->","yoast_head_json":{"title":"Enchanted Kingdom\u00a0: A Dark Seed Collector\u2019s Edition - Soignez le Royaume Enchant\u00e9 du pouvoir de la Graine Sombre","description":"Pourriez-vous restaurer le royaume ? D\u00e9couvrez-en plus dans l\u2019\u00e9dition collector de Enchanted Kingdom&nbsp;: A Dark Seed.","robots":{"index":"index","follow":"follow","max-snippet":"max-snippet:-1","max-image-preview":"max-image-preview:large","max-video-preview":"max-video-preview:-1"},"canonical":"https:\/\/www.iplay.com\/fr\/games\/enchanted-kingdom-a-dark-seed-collectors-edition\/","og_locale":"fr_FR","og_type":"article","og_title":"Enchanted Kingdom: A Dark Seed Collector's Edition","og_description":"Pourriez-vous restaurer le royaume ? D\u00e9couvrez-en plus dans l\u2019\u00e9dition collector de Enchanted Kingdom&nbsp;: A Dark Seed.","og_url":"https:\/\/www.iplay.com\/fr\/games\/enchanted-kingdom-a-dark-seed-collectors-edition\/","og_site_name":"IPlay","og_image":[{"width":310,"height":310,"url":"https:\/\/www.iplay.com\/wp-content\/uploads\/2023\/12\/large_square_tile_image-3343.jpg","type":"image\/jpeg"}],"twitter_card":"summary_large_image","twitter_misc":{"Dur\u00e9e de lecture estim\u00e9e":"1 minute"},"schema":{"@context":"https:\/\/schema.org","@graph":[{"@type":"WebPage","@id":"https:\/\/www.iplay.com\/fr\/games\/enchanted-kingdom-a-dark-seed-collectors-edition\/","url":"https:\/\/www.iplay.com\/fr\/games\/enchanted-kingdom-a-dark-seed-collectors-edition\/","name":"Enchanted Kingdom\u00a0: A Dark Seed Collector\u2019s Edition - Soignez le Royaume Enchant\u00e9 du pouvoir de la Graine Sombre","isPartOf":{"@id":"https:\/\/www.iplay.com\/en\/#website"},"primaryImageOfPage":{"@id":"https:\/\/www.iplay.com\/fr\/games\/enchanted-kingdom-a-dark-seed-collectors-edition\/#primaryimage"},"image":{"@id":"https:\/\/www.iplay.com\/fr\/games\/enchanted-kingdom-a-dark-seed-collectors-edition\/#primaryimage"},"thumbnailUrl":"https:\/\/www.iplay.com\/wp-content\/uploads\/2023\/12\/large_square_tile_image-3343.jpg","datePublished":"2019-06-28T00:00:00+00:00","description":"Pourriez-vous restaurer le royaume ? D\u00e9couvrez-en plus dans l\u2019\u00e9dition collector de Enchanted Kingdom&nbsp;: A Dark Seed.","breadcrumb":{"@id":"https:\/\/www.iplay.com\/fr\/games\/enchanted-kingdom-a-dark-seed-collectors-edition\/#breadcrumb"},"inLanguage":"fr-FR","potentialAction":[{"@type":"ReadAction","target":["https:\/\/www.iplay.com\/fr\/games\/enchanted-kingdom-a-dark-seed-collectors-edition\/"]}]},{"@type":"ImageObject","inLanguage":"fr-FR","@id":"https:\/\/www.iplay.com\/fr\/games\/enchanted-kingdom-a-dark-seed-collectors-edition\/#primaryimage","url":"https:\/\/www.iplay.com\/wp-content\/uploads\/2023\/12\/large_square_tile_image-3343.jpg","contentUrl":"https:\/\/www.iplay.com\/wp-content\/uploads\/2023\/12\/large_square_tile_image-3343.jpg","width":310,"height":310},{"@type":"BreadcrumbList","@id":"https:\/\/www.iplay.com\/fr\/games\/enchanted-kingdom-a-dark-seed-collectors-edition\/#breadcrumb","itemListElement":[{"@type":"ListItem","position":1,"name":"Home","item":"https:\/\/www.iplay.com\/fr\/home-page-2\/"},{"@type":"ListItem","position":2,"name":"Shop","item":"https:\/\/www.iplay.com\/en\/shop\/"},{"@type":"ListItem","position":3,"name":"Enchanted Kingdom: A Dark Seed Collector&#8217;s Edition"}]},{"@type":"WebSite","@id":"https:\/\/www.iplay.com\/en\/#website","url":"https:\/\/www.iplay.com\/en\/","name":"IPlay","description":"The Best Casual Games!","publisher":{"@id":"https:\/\/www.iplay.com\/en\/#organization"},"potentialAction":[{"@type":"SearchAction","target":{"@type":"EntryPoint","urlTemplate":"https:\/\/www.iplay.com\/en\/?s={search_term_string}"},"query-input":{"@type":"PropertyValueSpecification","valueRequired":true,"valueName":"search_term_string"}}],"inLanguage":"fr-FR"},{"@type":"Organization","@id":"https:\/\/www.iplay.com\/en\/#organization","name":"IPlay","url":"https:\/\/www.iplay.com\/en\/","logo":{"@type":"ImageObject","inLanguage":"fr-FR","@id":"https:\/\/www.iplay.com\/en\/#\/schema\/logo\/image\/","url":"https:\/\/www.iplay.com\/wp-content\/uploads\/2023\/11\/Group-6100.svg","contentUrl":"https:\/\/www.iplay.com\/wp-content\/uploads\/2023\/11\/Group-6100.svg","width":98,"height":25,"caption":"IPlay"},"image":{"@id":"https:\/\/www.iplay.com\/en\/#\/schema\/logo\/image\/"}}]}},"_links":{"self":[{"href":"https:\/\/www.iplay.com\/fr\/wp-json\/wp\/v2\/product\/140069","targetHints":{"allow":["GET"]}}],"collection":[{"href":"https:\/\/www.iplay.com\/fr\/wp-json\/wp\/v2\/product"}],"about":[{"href":"https:\/\/www.iplay.com\/fr\/wp-json\/wp\/v2\/types\/product"}],"author":[{"embeddable":true,"href":"https:\/\/www.iplay.com\/fr\/wp-json\/wp\/v2\/users\/17"}],"replies":[{"embeddable":true,"href":"https:\/\/www.iplay.com\/fr\/wp-json\/wp\/v2\/comments?post=140069"}],"wp:featuredmedia":[{"embeddable":true,"href":"https:\/\/www.iplay.com\/fr\/wp-json\/wp\/v2\/media\/93241"}],"wp:attachment":[{"href":"https:\/\/www.iplay.com\/fr\/wp-json\/wp\/v2\/media?parent=140069"}],"wp:term":[{"taxonomy":"product_brand","embeddable":true,"href":"https:\/\/www.iplay.com\/fr\/wp-json\/wp\/v2\/product_brand?post=140069"},{"taxonomy":"product_cat","embeddable":true,"href":"https:\/\/www.iplay.com\/fr\/wp-json\/wp\/v2\/product_cat?post=140069"},{"taxonomy":"product_tag","embeddable":true,"href":"https:\/\/www.iplay.com\/fr\/wp-json\/wp\/v2\/product_tag?post=140069"}],"curies":[{"name":"wp","href":"https:\/\/api.w.org\/{rel}","templated":true}]}}