{"id":139976,"date":"2019-05-30T00:00:00","date_gmt":"2019-05-30T00:00:00","guid":{"rendered":"https:\/\/www.iplay.com\/games\/redemption-cemetery-night-terrors-ce\/"},"modified":"2019-05-30T00:00:00","modified_gmt":"2019-05-30T00:00:00","slug":"redemption-cemetery-night-terrors-ce","status":"publish","type":"product","link":"https:\/\/www.iplay.com\/fr\/games\/redemption-cemetery-night-terrors-ce\/","title":{"rendered":"Redemption Cemetery: Night Terrors CE"},"content":{"rendered":"<p>Profitez d\u2019un tout nouveau chapitre de la s\u00e9rie classique <em>Redemption Cemetery<\/em> !. Un appel t\u00e9l\u00e9phonique tard dans la nuit vous convoque dans un h\u00f4pital isol\u00e9 o\u00f9 les patients souffrent de cauchemars sans fin. Tout le monde mourra \u00e0 moins que vous ne puissiez aider \u00e0 gu\u00e9rir le virus de la Terreur Nocturne qui les infecte ! Exploitez la puissance du berceau de Morph\u00e9e pour voyager dans leurs r\u00eaves et les lib\u00e9rer de leurs peurs, avant qu\u2019il ne soit trop tard ! Explorez l\u2019h\u00f4pital et d\u00e9couvrez des recherches avant d\u2019\u00eatre infect\u00e9 dans cette effrayante aventure de puzzle d\u2019objets cach\u00e9s !<\/p>\n<p>&nbsp;<\/p>\n<p>&nbsp;<\/p>\n<p><strong>Fonctionnalit\u00e9s:<\/strong><\/p>\n<p>&nbsp;<\/p>\n<p>&#8211; Sauvez le Dr Nikolas de l\u2019Arbre des Cauchemars dans le chapitre bonus !<br \/>\n&#8211; Collectez des figurines de personnages et gagnez des puzzles bonus.<br \/>\n&#8211; Gagnez des succ\u00e8s pour un jeu intelligent et rapide.<br \/>\n&#8211; Profitez d\u2019un concept art, de fonds d\u2019\u00e9cran, d\u2019\u00e9conomiseurs d\u2019\u00e9cran et d\u2019une bande-son bonus.<br \/>\n&#8211; Ne vous perdez jamais avec le guide de strat\u00e9gie<\/p>\n","protected":false},"excerpt":{"rendered":"<p>Gu\u00e9rissez l\u2019infection de la Terreur Nocturne ! L\u2019\u00e9dition collector de Redemption Cemetery&nbsp;: Night Terrors <\/p>\n","protected":false},"author":17,"featured_media":104370,"comment_status":"open","ping_status":"closed","template":"","meta":{"_acf_changed":false,"inline_featured_image":false},"product_brand":[],"product_cat":[165],"product_tag":[287],"class_list":{"0":"post-139976","1":"product","2":"type-product","3":"status-publish","4":"has-post-thumbnail","6":"product_cat-hidden-object-fr","7":"product_tag-play-on-pc-fr","9":"first","10":"instock","11":"shipping-taxable","12":"purchasable","13":"product-type-simple"},"acf":[],"yoast_head":"<!-- This site is optimized with the Yoast SEO Premium plugin v25.2 (Yoast SEO v25.2) - https:\/\/yoast.com\/wordpress\/plugins\/seo\/ -->\n<title>Cimeti\u00e8re de la R\u00e9demption\u00a0: Terreurs Nocturnes CE - Emp\u00eachez le virus de la Terreur Nocturne de se propager<\/title>\n<meta name=\"description\" content=\"Gu\u00e9rissez l\u2019infection de la Terreur Nocturne ! L\u2019\u00e9dition collector de Redemption Cemetery&nbsp;: Night Terrors\" \/>\n<meta name=\"robots\" content=\"index, follow, max-snippet:-1, max-image-preview:large, max-video-preview:-1\" \/>\n<link rel=\"canonical\" href=\"https:\/\/www.iplay.com\/fr\/games\/redemption-cemetery-night-terrors-ce\/\" \/>\n<meta property=\"og:locale\" content=\"fr_FR\" \/>\n<meta property=\"og:type\" content=\"article\" \/>\n<meta property=\"og:title\" content=\"Redemption Cemetery: Night Terrors CE\" \/>\n<meta property=\"og:description\" content=\"Gu\u00e9rissez l\u2019infection de la Terreur Nocturne ! L\u2019\u00e9dition collector de Redemption Cemetery&nbsp;: Night Terrors\" \/>\n<meta property=\"og:url\" content=\"https:\/\/www.iplay.com\/fr\/games\/redemption-cemetery-night-terrors-ce\/\" \/>\n<meta property=\"og:site_name\" content=\"IPlay\" \/>\n<meta property=\"og:image\" content=\"https:\/\/www.iplay.com\/wp-content\/uploads\/2023\/12\/large_square_tile_image-4039.jpg\" \/>\n\t<meta property=\"og:image:width\" content=\"310\" \/>\n\t<meta property=\"og:image:height\" content=\"310\" \/>\n\t<meta property=\"og:image:type\" content=\"image\/jpeg\" \/>\n<meta name=\"twitter:card\" content=\"summary_large_image\" \/>\n<meta name=\"twitter:label1\" content=\"Dur\u00e9e de lecture estim\u00e9e\" \/>\n\t<meta name=\"twitter:data1\" content=\"1 minute\" \/>\n<script type=\"application\/ld+json\" class=\"yoast-schema-graph\">{\"@context\":\"https:\/\/schema.org\",\"@graph\":[{\"@type\":\"WebPage\",\"@id\":\"https:\/\/www.iplay.com\/fr\/games\/redemption-cemetery-night-terrors-ce\/\",\"url\":\"https:\/\/www.iplay.com\/fr\/games\/redemption-cemetery-night-terrors-ce\/\",\"name\":\"Cimeti\u00e8re de la R\u00e9demption\u00a0: Terreurs Nocturnes CE - Emp\u00eachez le virus de la Terreur Nocturne de se propager\",\"isPartOf\":{\"@id\":\"https:\/\/www.iplay.com\/en\/#website\"},\"primaryImageOfPage\":{\"@id\":\"https:\/\/www.iplay.com\/fr\/games\/redemption-cemetery-night-terrors-ce\/#primaryimage\"},\"image\":{\"@id\":\"https:\/\/www.iplay.com\/fr\/games\/redemption-cemetery-night-terrors-ce\/#primaryimage\"},\"thumbnailUrl\":\"https:\/\/www.iplay.com\/wp-content\/uploads\/2023\/12\/large_square_tile_image-4039.jpg\",\"datePublished\":\"2019-05-30T00:00:00+00:00\",\"description\":\"Gu\u00e9rissez l\u2019infection de la Terreur Nocturne ! L\u2019\u00e9dition collector de Redemption Cemetery&nbsp;: Night Terrors\",\"breadcrumb\":{\"@id\":\"https:\/\/www.iplay.com\/fr\/games\/redemption-cemetery-night-terrors-ce\/#breadcrumb\"},\"inLanguage\":\"fr-FR\",\"potentialAction\":[{\"@type\":\"ReadAction\",\"target\":[\"https:\/\/www.iplay.com\/fr\/games\/redemption-cemetery-night-terrors-ce\/\"]}]},{\"@type\":\"ImageObject\",\"inLanguage\":\"fr-FR\",\"@id\":\"https:\/\/www.iplay.com\/fr\/games\/redemption-cemetery-night-terrors-ce\/#primaryimage\",\"url\":\"https:\/\/www.iplay.com\/wp-content\/uploads\/2023\/12\/large_square_tile_image-4039.jpg\",\"contentUrl\":\"https:\/\/www.iplay.com\/wp-content\/uploads\/2023\/12\/large_square_tile_image-4039.jpg\",\"width\":310,\"height\":310},{\"@type\":\"BreadcrumbList\",\"@id\":\"https:\/\/www.iplay.com\/fr\/games\/redemption-cemetery-night-terrors-ce\/#breadcrumb\",\"itemListElement\":[{\"@type\":\"ListItem\",\"position\":1,\"name\":\"Home\",\"item\":\"https:\/\/www.iplay.com\/fr\/home-page-2\/\"},{\"@type\":\"ListItem\",\"position\":2,\"name\":\"Shop\",\"item\":\"https:\/\/www.iplay.com\/en\/shop\/\"},{\"@type\":\"ListItem\",\"position\":3,\"name\":\"Redemption Cemetery: Night Terrors CE\"}]},{\"@type\":\"WebSite\",\"@id\":\"https:\/\/www.iplay.com\/en\/#website\",\"url\":\"https:\/\/www.iplay.com\/en\/\",\"name\":\"IPlay\",\"description\":\"The Best Casual Games!\",\"publisher\":{\"@id\":\"https:\/\/www.iplay.com\/en\/#organization\"},\"potentialAction\":[{\"@type\":\"SearchAction\",\"target\":{\"@type\":\"EntryPoint\",\"urlTemplate\":\"https:\/\/www.iplay.com\/en\/?s={search_term_string}\"},\"query-input\":{\"@type\":\"PropertyValueSpecification\",\"valueRequired\":true,\"valueName\":\"search_term_string\"}}],\"inLanguage\":\"fr-FR\"},{\"@type\":\"Organization\",\"@id\":\"https:\/\/www.iplay.com\/en\/#organization\",\"name\":\"IPlay\",\"url\":\"https:\/\/www.iplay.com\/en\/\",\"logo\":{\"@type\":\"ImageObject\",\"inLanguage\":\"fr-FR\",\"@id\":\"https:\/\/www.iplay.com\/en\/#\/schema\/logo\/image\/\",\"url\":\"https:\/\/www.iplay.com\/wp-content\/uploads\/2023\/11\/Group-6100.svg\",\"contentUrl\":\"https:\/\/www.iplay.com\/wp-content\/uploads\/2023\/11\/Group-6100.svg\",\"width\":98,\"height\":25,\"caption\":\"IPlay\"},\"image\":{\"@id\":\"https:\/\/www.iplay.com\/en\/#\/schema\/logo\/image\/\"}}]}<\/script>\n<!-- \/ Yoast SEO Premium plugin. -->","yoast_head_json":{"title":"Cimeti\u00e8re de la R\u00e9demption\u00a0: Terreurs Nocturnes CE - Emp\u00eachez le virus de la Terreur Nocturne de se propager","description":"Gu\u00e9rissez l\u2019infection de la Terreur Nocturne ! L\u2019\u00e9dition collector de Redemption Cemetery&nbsp;: Night Terrors","robots":{"index":"index","follow":"follow","max-snippet":"max-snippet:-1","max-image-preview":"max-image-preview:large","max-video-preview":"max-video-preview:-1"},"canonical":"https:\/\/www.iplay.com\/fr\/games\/redemption-cemetery-night-terrors-ce\/","og_locale":"fr_FR","og_type":"article","og_title":"Redemption Cemetery: Night Terrors CE","og_description":"Gu\u00e9rissez l\u2019infection de la Terreur Nocturne ! L\u2019\u00e9dition collector de Redemption Cemetery&nbsp;: Night Terrors","og_url":"https:\/\/www.iplay.com\/fr\/games\/redemption-cemetery-night-terrors-ce\/","og_site_name":"IPlay","og_image":[{"width":310,"height":310,"url":"https:\/\/www.iplay.com\/wp-content\/uploads\/2023\/12\/large_square_tile_image-4039.jpg","type":"image\/jpeg"}],"twitter_card":"summary_large_image","twitter_misc":{"Dur\u00e9e de lecture estim\u00e9e":"1 minute"},"schema":{"@context":"https:\/\/schema.org","@graph":[{"@type":"WebPage","@id":"https:\/\/www.iplay.com\/fr\/games\/redemption-cemetery-night-terrors-ce\/","url":"https:\/\/www.iplay.com\/fr\/games\/redemption-cemetery-night-terrors-ce\/","name":"Cimeti\u00e8re de la R\u00e9demption\u00a0: Terreurs Nocturnes CE - Emp\u00eachez le virus de la Terreur Nocturne de se propager","isPartOf":{"@id":"https:\/\/www.iplay.com\/en\/#website"},"primaryImageOfPage":{"@id":"https:\/\/www.iplay.com\/fr\/games\/redemption-cemetery-night-terrors-ce\/#primaryimage"},"image":{"@id":"https:\/\/www.iplay.com\/fr\/games\/redemption-cemetery-night-terrors-ce\/#primaryimage"},"thumbnailUrl":"https:\/\/www.iplay.com\/wp-content\/uploads\/2023\/12\/large_square_tile_image-4039.jpg","datePublished":"2019-05-30T00:00:00+00:00","description":"Gu\u00e9rissez l\u2019infection de la Terreur Nocturne ! L\u2019\u00e9dition collector de Redemption Cemetery&nbsp;: Night Terrors","breadcrumb":{"@id":"https:\/\/www.iplay.com\/fr\/games\/redemption-cemetery-night-terrors-ce\/#breadcrumb"},"inLanguage":"fr-FR","potentialAction":[{"@type":"ReadAction","target":["https:\/\/www.iplay.com\/fr\/games\/redemption-cemetery-night-terrors-ce\/"]}]},{"@type":"ImageObject","inLanguage":"fr-FR","@id":"https:\/\/www.iplay.com\/fr\/games\/redemption-cemetery-night-terrors-ce\/#primaryimage","url":"https:\/\/www.iplay.com\/wp-content\/uploads\/2023\/12\/large_square_tile_image-4039.jpg","contentUrl":"https:\/\/www.iplay.com\/wp-content\/uploads\/2023\/12\/large_square_tile_image-4039.jpg","width":310,"height":310},{"@type":"BreadcrumbList","@id":"https:\/\/www.iplay.com\/fr\/games\/redemption-cemetery-night-terrors-ce\/#breadcrumb","itemListElement":[{"@type":"ListItem","position":1,"name":"Home","item":"https:\/\/www.iplay.com\/fr\/home-page-2\/"},{"@type":"ListItem","position":2,"name":"Shop","item":"https:\/\/www.iplay.com\/en\/shop\/"},{"@type":"ListItem","position":3,"name":"Redemption Cemetery: Night Terrors CE"}]},{"@type":"WebSite","@id":"https:\/\/www.iplay.com\/en\/#website","url":"https:\/\/www.iplay.com\/en\/","name":"IPlay","description":"The Best Casual Games!","publisher":{"@id":"https:\/\/www.iplay.com\/en\/#organization"},"potentialAction":[{"@type":"SearchAction","target":{"@type":"EntryPoint","urlTemplate":"https:\/\/www.iplay.com\/en\/?s={search_term_string}"},"query-input":{"@type":"PropertyValueSpecification","valueRequired":true,"valueName":"search_term_string"}}],"inLanguage":"fr-FR"},{"@type":"Organization","@id":"https:\/\/www.iplay.com\/en\/#organization","name":"IPlay","url":"https:\/\/www.iplay.com\/en\/","logo":{"@type":"ImageObject","inLanguage":"fr-FR","@id":"https:\/\/www.iplay.com\/en\/#\/schema\/logo\/image\/","url":"https:\/\/www.iplay.com\/wp-content\/uploads\/2023\/11\/Group-6100.svg","contentUrl":"https:\/\/www.iplay.com\/wp-content\/uploads\/2023\/11\/Group-6100.svg","width":98,"height":25,"caption":"IPlay"},"image":{"@id":"https:\/\/www.iplay.com\/en\/#\/schema\/logo\/image\/"}}]}},"_links":{"self":[{"href":"https:\/\/www.iplay.com\/fr\/wp-json\/wp\/v2\/product\/139976","targetHints":{"allow":["GET"]}}],"collection":[{"href":"https:\/\/www.iplay.com\/fr\/wp-json\/wp\/v2\/product"}],"about":[{"href":"https:\/\/www.iplay.com\/fr\/wp-json\/wp\/v2\/types\/product"}],"author":[{"embeddable":true,"href":"https:\/\/www.iplay.com\/fr\/wp-json\/wp\/v2\/users\/17"}],"replies":[{"embeddable":true,"href":"https:\/\/www.iplay.com\/fr\/wp-json\/wp\/v2\/comments?post=139976"}],"wp:featuredmedia":[{"embeddable":true,"href":"https:\/\/www.iplay.com\/fr\/wp-json\/wp\/v2\/media\/104370"}],"wp:attachment":[{"href":"https:\/\/www.iplay.com\/fr\/wp-json\/wp\/v2\/media?parent=139976"}],"wp:term":[{"taxonomy":"product_brand","embeddable":true,"href":"https:\/\/www.iplay.com\/fr\/wp-json\/wp\/v2\/product_brand?post=139976"},{"taxonomy":"product_cat","embeddable":true,"href":"https:\/\/www.iplay.com\/fr\/wp-json\/wp\/v2\/product_cat?post=139976"},{"taxonomy":"product_tag","embeddable":true,"href":"https:\/\/www.iplay.com\/fr\/wp-json\/wp\/v2\/product_tag?post=139976"}],"curies":[{"name":"wp","href":"https:\/\/api.w.org\/{rel}","templated":true}]}}