{"id":139968,"date":"2019-03-06T00:00:00","date_gmt":"2019-03-06T00:00:00","guid":{"rendered":"https:\/\/www.iplay.com\/games\/wizards-quest-adventure-in-the-kingdom\/"},"modified":"2019-03-06T00:00:00","modified_gmt":"2019-03-06T00:00:00","slug":"wizards-quest-adventure-in-the-kingdom","status":"publish","type":"product","link":"https:\/\/www.iplay.com\/fr\/games\/wizards-quest-adventure-in-the-kingdom\/","title":{"rendered":"Wizards Quest &#8211; Adventure in the Kingdom"},"content":{"rendered":"<p>Une jeune potion a involontairement transform\u00e9 le prince en dragon, bouleversant les fondations d\u2019une nation lointaine. Avant le jour du mariage de la princesse, la ville enti\u00e8re doit \u00eatre reconstruite pour r\u00e9v\u00e9ler sa splendeur d\u2019antan, le changement du prince doit \u00eatre annul\u00e9 et le royaume entier doit \u00eatre restaur\u00e9. Utilisez des bonus pour surmonter tous les obstacles et gagner des troph\u00e9es et des bonus. Vous allez vivre un jeu de match-trois difficile avec des \u00e9l\u00e9ments d\u2019un jeu d\u2019aventure et de puzzle ainsi que des jeux suppl\u00e9mentaires.   <\/p>\n<p>&nbsp;<\/p>\n<p>&nbsp;<\/p>\n<p><strong>Fonctionnalit\u00e9s:<\/strong><\/p>\n<p>&nbsp;<\/p>\n<p>&#8211; Une vari\u00e9t\u00e9 de jeux de match-trois avec de nombreux niveaux<br \/>\n&#8211; La possibilit\u00e9 de restaurer un royaume<br \/>\n complet- Gagnez divers bonus, am\u00e9liorations, troph\u00e9es et extras<br \/>\n&#8211; Jouez \u00e0 des \u00e9nigmes difficiles et \u00e0 des jeux bonus<\/p>\n","protected":false},"excerpt":{"rendered":"<p>Apr\u00e8s qu\u2019un \u00e9lixir magique ait involontairement transform\u00e9 le prince en dragon, sauvez un royaume magique.<\/p>\n","protected":false},"author":50,"featured_media":85867,"comment_status":"open","ping_status":"closed","template":"","meta":{"_acf_changed":false,"inline_featured_image":false},"product_brand":[],"product_cat":[193],"product_tag":[],"class_list":{"0":"post-139968","1":"product","2":"type-product","3":"status-publish","4":"has-post-thumbnail","6":"product_cat-puzzle-fr","8":"first","9":"instock","10":"shipping-taxable","11":"purchasable","12":"product-type-simple"},"acf":[],"yoast_head":"<!-- This site is optimized with the Yoast SEO Premium plugin v25.2 (Yoast SEO v25.2) - https:\/\/yoast.com\/wordpress\/plugins\/seo\/ -->\n<title>Wizards Quest - Aventure dans le royaume - Sauvez un royaume magique d\u2019un prince transform\u00e9 en dragon<\/title>\n<meta name=\"description\" content=\"Apr\u00e8s qu\u2019un \u00e9lixir magique ait involontairement transform\u00e9 le prince en dragon, sauvez un royaume magique.\" \/>\n<meta name=\"robots\" content=\"index, follow, max-snippet:-1, max-image-preview:large, max-video-preview:-1\" \/>\n<link rel=\"canonical\" href=\"https:\/\/www.iplay.com\/fr\/games\/wizards-quest-adventure-in-the-kingdom\/\" \/>\n<meta property=\"og:locale\" content=\"fr_FR\" \/>\n<meta property=\"og:type\" content=\"article\" \/>\n<meta property=\"og:title\" content=\"Wizards Quest - Adventure in the Kingdom\" \/>\n<meta property=\"og:description\" content=\"Apr\u00e8s qu\u2019un \u00e9lixir magique ait involontairement transform\u00e9 le prince en dragon, sauvez un royaume magique.\" \/>\n<meta property=\"og:url\" content=\"https:\/\/www.iplay.com\/fr\/games\/wizards-quest-adventure-in-the-kingdom\/\" \/>\n<meta property=\"og:site_name\" content=\"IPlay\" \/>\n<meta property=\"og:image\" content=\"https:\/\/www.iplay.com\/wp-content\/uploads\/2023\/12\/large_square_tile_image-2878.jpg\" \/>\n\t<meta property=\"og:image:width\" content=\"310\" \/>\n\t<meta property=\"og:image:height\" content=\"310\" \/>\n\t<meta property=\"og:image:type\" content=\"image\/jpeg\" \/>\n<meta name=\"twitter:card\" content=\"summary_large_image\" \/>\n<meta name=\"twitter:label1\" content=\"Dur\u00e9e de lecture estim\u00e9e\" \/>\n\t<meta name=\"twitter:data1\" content=\"1 minute\" \/>\n<script type=\"application\/ld+json\" class=\"yoast-schema-graph\">{\"@context\":\"https:\/\/schema.org\",\"@graph\":[{\"@type\":\"WebPage\",\"@id\":\"https:\/\/www.iplay.com\/fr\/games\/wizards-quest-adventure-in-the-kingdom\/\",\"url\":\"https:\/\/www.iplay.com\/fr\/games\/wizards-quest-adventure-in-the-kingdom\/\",\"name\":\"Wizards Quest - Aventure dans le royaume - Sauvez un royaume magique d\u2019un prince transform\u00e9 en dragon\",\"isPartOf\":{\"@id\":\"https:\/\/www.iplay.com\/en\/#website\"},\"primaryImageOfPage\":{\"@id\":\"https:\/\/www.iplay.com\/fr\/games\/wizards-quest-adventure-in-the-kingdom\/#primaryimage\"},\"image\":{\"@id\":\"https:\/\/www.iplay.com\/fr\/games\/wizards-quest-adventure-in-the-kingdom\/#primaryimage\"},\"thumbnailUrl\":\"https:\/\/www.iplay.com\/wp-content\/uploads\/2023\/12\/large_square_tile_image-2878.jpg\",\"datePublished\":\"2019-03-06T00:00:00+00:00\",\"description\":\"Apr\u00e8s qu\u2019un \u00e9lixir magique ait involontairement transform\u00e9 le prince en dragon, sauvez un royaume magique.\",\"breadcrumb\":{\"@id\":\"https:\/\/www.iplay.com\/fr\/games\/wizards-quest-adventure-in-the-kingdom\/#breadcrumb\"},\"inLanguage\":\"fr-FR\",\"potentialAction\":[{\"@type\":\"ReadAction\",\"target\":[\"https:\/\/www.iplay.com\/fr\/games\/wizards-quest-adventure-in-the-kingdom\/\"]}]},{\"@type\":\"ImageObject\",\"inLanguage\":\"fr-FR\",\"@id\":\"https:\/\/www.iplay.com\/fr\/games\/wizards-quest-adventure-in-the-kingdom\/#primaryimage\",\"url\":\"https:\/\/www.iplay.com\/wp-content\/uploads\/2023\/12\/large_square_tile_image-2878.jpg\",\"contentUrl\":\"https:\/\/www.iplay.com\/wp-content\/uploads\/2023\/12\/large_square_tile_image-2878.jpg\",\"width\":310,\"height\":310},{\"@type\":\"BreadcrumbList\",\"@id\":\"https:\/\/www.iplay.com\/fr\/games\/wizards-quest-adventure-in-the-kingdom\/#breadcrumb\",\"itemListElement\":[{\"@type\":\"ListItem\",\"position\":1,\"name\":\"Home\",\"item\":\"https:\/\/www.iplay.com\/fr\/home-page-2\/\"},{\"@type\":\"ListItem\",\"position\":2,\"name\":\"Shop\",\"item\":\"https:\/\/www.iplay.com\/en\/shop\/\"},{\"@type\":\"ListItem\",\"position\":3,\"name\":\"Wizards Quest &#8211; Adventure in the Kingdom\"}]},{\"@type\":\"WebSite\",\"@id\":\"https:\/\/www.iplay.com\/en\/#website\",\"url\":\"https:\/\/www.iplay.com\/en\/\",\"name\":\"IPlay\",\"description\":\"The Best Casual Games!\",\"publisher\":{\"@id\":\"https:\/\/www.iplay.com\/en\/#organization\"},\"potentialAction\":[{\"@type\":\"SearchAction\",\"target\":{\"@type\":\"EntryPoint\",\"urlTemplate\":\"https:\/\/www.iplay.com\/en\/?s={search_term_string}\"},\"query-input\":{\"@type\":\"PropertyValueSpecification\",\"valueRequired\":true,\"valueName\":\"search_term_string\"}}],\"inLanguage\":\"fr-FR\"},{\"@type\":\"Organization\",\"@id\":\"https:\/\/www.iplay.com\/en\/#organization\",\"name\":\"IPlay\",\"url\":\"https:\/\/www.iplay.com\/en\/\",\"logo\":{\"@type\":\"ImageObject\",\"inLanguage\":\"fr-FR\",\"@id\":\"https:\/\/www.iplay.com\/en\/#\/schema\/logo\/image\/\",\"url\":\"https:\/\/www.iplay.com\/wp-content\/uploads\/2023\/11\/Group-6100.svg\",\"contentUrl\":\"https:\/\/www.iplay.com\/wp-content\/uploads\/2023\/11\/Group-6100.svg\",\"width\":98,\"height\":25,\"caption\":\"IPlay\"},\"image\":{\"@id\":\"https:\/\/www.iplay.com\/en\/#\/schema\/logo\/image\/\"}}]}<\/script>\n<!-- \/ Yoast SEO Premium plugin. -->","yoast_head_json":{"title":"Wizards Quest - Aventure dans le royaume - Sauvez un royaume magique d\u2019un prince transform\u00e9 en dragon","description":"Apr\u00e8s qu\u2019un \u00e9lixir magique ait involontairement transform\u00e9 le prince en dragon, sauvez un royaume magique.","robots":{"index":"index","follow":"follow","max-snippet":"max-snippet:-1","max-image-preview":"max-image-preview:large","max-video-preview":"max-video-preview:-1"},"canonical":"https:\/\/www.iplay.com\/fr\/games\/wizards-quest-adventure-in-the-kingdom\/","og_locale":"fr_FR","og_type":"article","og_title":"Wizards Quest - Adventure in the Kingdom","og_description":"Apr\u00e8s qu\u2019un \u00e9lixir magique ait involontairement transform\u00e9 le prince en dragon, sauvez un royaume magique.","og_url":"https:\/\/www.iplay.com\/fr\/games\/wizards-quest-adventure-in-the-kingdom\/","og_site_name":"IPlay","og_image":[{"width":310,"height":310,"url":"https:\/\/www.iplay.com\/wp-content\/uploads\/2023\/12\/large_square_tile_image-2878.jpg","type":"image\/jpeg"}],"twitter_card":"summary_large_image","twitter_misc":{"Dur\u00e9e de lecture estim\u00e9e":"1 minute"},"schema":{"@context":"https:\/\/schema.org","@graph":[{"@type":"WebPage","@id":"https:\/\/www.iplay.com\/fr\/games\/wizards-quest-adventure-in-the-kingdom\/","url":"https:\/\/www.iplay.com\/fr\/games\/wizards-quest-adventure-in-the-kingdom\/","name":"Wizards Quest - Aventure dans le royaume - Sauvez un royaume magique d\u2019un prince transform\u00e9 en dragon","isPartOf":{"@id":"https:\/\/www.iplay.com\/en\/#website"},"primaryImageOfPage":{"@id":"https:\/\/www.iplay.com\/fr\/games\/wizards-quest-adventure-in-the-kingdom\/#primaryimage"},"image":{"@id":"https:\/\/www.iplay.com\/fr\/games\/wizards-quest-adventure-in-the-kingdom\/#primaryimage"},"thumbnailUrl":"https:\/\/www.iplay.com\/wp-content\/uploads\/2023\/12\/large_square_tile_image-2878.jpg","datePublished":"2019-03-06T00:00:00+00:00","description":"Apr\u00e8s qu\u2019un \u00e9lixir magique ait involontairement transform\u00e9 le prince en dragon, sauvez un royaume magique.","breadcrumb":{"@id":"https:\/\/www.iplay.com\/fr\/games\/wizards-quest-adventure-in-the-kingdom\/#breadcrumb"},"inLanguage":"fr-FR","potentialAction":[{"@type":"ReadAction","target":["https:\/\/www.iplay.com\/fr\/games\/wizards-quest-adventure-in-the-kingdom\/"]}]},{"@type":"ImageObject","inLanguage":"fr-FR","@id":"https:\/\/www.iplay.com\/fr\/games\/wizards-quest-adventure-in-the-kingdom\/#primaryimage","url":"https:\/\/www.iplay.com\/wp-content\/uploads\/2023\/12\/large_square_tile_image-2878.jpg","contentUrl":"https:\/\/www.iplay.com\/wp-content\/uploads\/2023\/12\/large_square_tile_image-2878.jpg","width":310,"height":310},{"@type":"BreadcrumbList","@id":"https:\/\/www.iplay.com\/fr\/games\/wizards-quest-adventure-in-the-kingdom\/#breadcrumb","itemListElement":[{"@type":"ListItem","position":1,"name":"Home","item":"https:\/\/www.iplay.com\/fr\/home-page-2\/"},{"@type":"ListItem","position":2,"name":"Shop","item":"https:\/\/www.iplay.com\/en\/shop\/"},{"@type":"ListItem","position":3,"name":"Wizards Quest &#8211; Adventure in the Kingdom"}]},{"@type":"WebSite","@id":"https:\/\/www.iplay.com\/en\/#website","url":"https:\/\/www.iplay.com\/en\/","name":"IPlay","description":"The Best Casual Games!","publisher":{"@id":"https:\/\/www.iplay.com\/en\/#organization"},"potentialAction":[{"@type":"SearchAction","target":{"@type":"EntryPoint","urlTemplate":"https:\/\/www.iplay.com\/en\/?s={search_term_string}"},"query-input":{"@type":"PropertyValueSpecification","valueRequired":true,"valueName":"search_term_string"}}],"inLanguage":"fr-FR"},{"@type":"Organization","@id":"https:\/\/www.iplay.com\/en\/#organization","name":"IPlay","url":"https:\/\/www.iplay.com\/en\/","logo":{"@type":"ImageObject","inLanguage":"fr-FR","@id":"https:\/\/www.iplay.com\/en\/#\/schema\/logo\/image\/","url":"https:\/\/www.iplay.com\/wp-content\/uploads\/2023\/11\/Group-6100.svg","contentUrl":"https:\/\/www.iplay.com\/wp-content\/uploads\/2023\/11\/Group-6100.svg","width":98,"height":25,"caption":"IPlay"},"image":{"@id":"https:\/\/www.iplay.com\/en\/#\/schema\/logo\/image\/"}}]}},"_links":{"self":[{"href":"https:\/\/www.iplay.com\/fr\/wp-json\/wp\/v2\/product\/139968","targetHints":{"allow":["GET"]}}],"collection":[{"href":"https:\/\/www.iplay.com\/fr\/wp-json\/wp\/v2\/product"}],"about":[{"href":"https:\/\/www.iplay.com\/fr\/wp-json\/wp\/v2\/types\/product"}],"author":[{"embeddable":true,"href":"https:\/\/www.iplay.com\/fr\/wp-json\/wp\/v2\/users\/50"}],"replies":[{"embeddable":true,"href":"https:\/\/www.iplay.com\/fr\/wp-json\/wp\/v2\/comments?post=139968"}],"wp:featuredmedia":[{"embeddable":true,"href":"https:\/\/www.iplay.com\/fr\/wp-json\/wp\/v2\/media\/85867"}],"wp:attachment":[{"href":"https:\/\/www.iplay.com\/fr\/wp-json\/wp\/v2\/media?parent=139968"}],"wp:term":[{"taxonomy":"product_brand","embeddable":true,"href":"https:\/\/www.iplay.com\/fr\/wp-json\/wp\/v2\/product_brand?post=139968"},{"taxonomy":"product_cat","embeddable":true,"href":"https:\/\/www.iplay.com\/fr\/wp-json\/wp\/v2\/product_cat?post=139968"},{"taxonomy":"product_tag","embeddable":true,"href":"https:\/\/www.iplay.com\/fr\/wp-json\/wp\/v2\/product_tag?post=139968"}],"curies":[{"name":"wp","href":"https:\/\/api.w.org\/{rel}","templated":true}]}}