{"id":139961,"date":"2019-03-05T00:00:00","date_gmt":"2019-03-05T00:00:00","guid":{"rendered":"https:\/\/www.iplay.com\/games\/jewel-match-solitaire-2\/"},"modified":"2019-03-05T00:00:00","modified_gmt":"2019-03-05T00:00:00","slug":"jewel-match-solitaire-2","status":"publish","type":"product","link":"https:\/\/www.iplay.com\/fr\/games\/jewel-match-solitaire-2\/","title":{"rendered":"Jewel Match Solitaire 2"},"content":{"rendered":"<p>Dans cette aventure captivante en solitaire, restaurez les ch\u00e2teaux envo\u00fbtants du royaume ! Explorez les r\u00e9gions et rassemblez des mat\u00e9riaux pour reconstituer de magnifiques structures. Plus de 300 niveaux et 18 variantes diff\u00e9rentes de Solitaire, tels que Freecell, Baker\u2019s Dozen et Klondike ! De nombreuses options de jeu originales m\u00e9langent votre jeu de solitaire traditionnel. Venez d\u00e9couvrir les innombrables produits que vous pouvez acheter pour vous aider dans votre mission de ramener le royaume \u00e0 sa splendeur d\u2019antan.    <\/p>\n<p>&nbsp;<\/p>\n<p>&nbsp;<\/p>\n<p><strong>Fonctionnalit\u00e9s:<\/strong><\/p>\n<p>&nbsp;<\/p>\n<p>&#8211; Plus de 300 niveaux de Solitaire !<br \/>\n&#8211; 18 autres variantes de Solitaire, comme Baker\u2019s Dozen, Klondike et Freecell Double<br \/>\n &#8211; R\u00e9parez huit ch\u00e2teaux exquis !<br \/>\n&#8211; Plusieurs bonus et variantes de gameplay.<br \/>\n&#8211; Jouez \u00e0 la fois dans les modes d\u00e9tendu et difficile.<br \/>\n&#8211; Obtenez de magnifiques fonds d\u2019\u00e9cran en les d\u00e9verrouillant.<br \/>\n&#8211; Accumulez plus de 20 troph\u00e9es distincts.<br \/>\n&#8211; Une bande-son merveilleusement apaisante.<\/p>\n","protected":false},"excerpt":{"rendered":"<p>Dans cette aventure captivante en solitaire, restaurez les ch\u00e2teaux envo\u00fbtants du royaume !<\/p>\n","protected":false},"author":20,"featured_media":94388,"comment_status":"open","ping_status":"closed","template":"","meta":{"_acf_changed":false,"inline_featured_image":false},"product_brand":[],"product_cat":[155,207],"product_tag":[287,265],"class_list":{"0":"post-139961","1":"product","2":"type-product","3":"status-publish","4":"has-post-thumbnail","6":"product_cat-card-fr-2","7":"product_cat-solitaire-fr","8":"product_tag-play-on-pc-fr","9":"product_tag-jewel-match-solitaire-series-fr","11":"first","12":"instock","13":"shipping-taxable","14":"purchasable","15":"product-type-simple"},"acf":[],"yoast_head":"<!-- This site is optimized with the Yoast SEO Premium plugin v25.2 (Yoast SEO v25.2) - https:\/\/yoast.com\/wordpress\/plugins\/seo\/ -->\n<title>Jewel Match Solitaire 2 - Embarquez pour une aventure en solitaire pour restaurer des ch\u00e2teaux envo\u00fbtants<\/title>\n<meta name=\"description\" content=\"Dans cette aventure captivante en solitaire, restaurez les ch\u00e2teaux envo\u00fbtants du royaume !\" \/>\n<meta name=\"robots\" content=\"index, follow, max-snippet:-1, max-image-preview:large, max-video-preview:-1\" \/>\n<link rel=\"canonical\" href=\"https:\/\/www.iplay.com\/fr\/games\/jewel-match-solitaire-2\/\" \/>\n<meta property=\"og:locale\" content=\"fr_FR\" \/>\n<meta property=\"og:type\" content=\"article\" \/>\n<meta property=\"og:title\" content=\"Jewel Match Solitaire 2\" \/>\n<meta property=\"og:description\" content=\"Dans cette aventure captivante en solitaire, restaurez les ch\u00e2teaux envo\u00fbtants du royaume !\" \/>\n<meta property=\"og:url\" content=\"https:\/\/www.iplay.com\/fr\/games\/jewel-match-solitaire-2\/\" \/>\n<meta property=\"og:site_name\" content=\"IPlay\" \/>\n<meta property=\"og:image\" content=\"https:\/\/www.iplay.com\/wp-content\/uploads\/2023\/12\/large_square_tile_image-3416.jpg\" \/>\n\t<meta property=\"og:image:width\" content=\"310\" \/>\n\t<meta property=\"og:image:height\" content=\"310\" \/>\n\t<meta property=\"og:image:type\" content=\"image\/jpeg\" \/>\n<meta name=\"twitter:card\" content=\"summary_large_image\" \/>\n<meta name=\"twitter:label1\" content=\"Dur\u00e9e de lecture estim\u00e9e\" \/>\n\t<meta name=\"twitter:data1\" content=\"1 minute\" \/>\n<script type=\"application\/ld+json\" class=\"yoast-schema-graph\">{\"@context\":\"https:\/\/schema.org\",\"@graph\":[{\"@type\":\"WebPage\",\"@id\":\"https:\/\/www.iplay.com\/fr\/games\/jewel-match-solitaire-2\/\",\"url\":\"https:\/\/www.iplay.com\/fr\/games\/jewel-match-solitaire-2\/\",\"name\":\"Jewel Match Solitaire 2 - Embarquez pour une aventure en solitaire pour restaurer des ch\u00e2teaux envo\u00fbtants\",\"isPartOf\":{\"@id\":\"https:\/\/www.iplay.com\/en\/#website\"},\"primaryImageOfPage\":{\"@id\":\"https:\/\/www.iplay.com\/fr\/games\/jewel-match-solitaire-2\/#primaryimage\"},\"image\":{\"@id\":\"https:\/\/www.iplay.com\/fr\/games\/jewel-match-solitaire-2\/#primaryimage\"},\"thumbnailUrl\":\"https:\/\/www.iplay.com\/wp-content\/uploads\/2023\/12\/large_square_tile_image-3416.jpg\",\"datePublished\":\"2019-03-05T00:00:00+00:00\",\"description\":\"Dans cette aventure captivante en solitaire, restaurez les ch\u00e2teaux envo\u00fbtants du royaume !\",\"breadcrumb\":{\"@id\":\"https:\/\/www.iplay.com\/fr\/games\/jewel-match-solitaire-2\/#breadcrumb\"},\"inLanguage\":\"fr-FR\",\"potentialAction\":[{\"@type\":\"ReadAction\",\"target\":[\"https:\/\/www.iplay.com\/fr\/games\/jewel-match-solitaire-2\/\"]}]},{\"@type\":\"ImageObject\",\"inLanguage\":\"fr-FR\",\"@id\":\"https:\/\/www.iplay.com\/fr\/games\/jewel-match-solitaire-2\/#primaryimage\",\"url\":\"https:\/\/www.iplay.com\/wp-content\/uploads\/2023\/12\/large_square_tile_image-3416.jpg\",\"contentUrl\":\"https:\/\/www.iplay.com\/wp-content\/uploads\/2023\/12\/large_square_tile_image-3416.jpg\",\"width\":310,\"height\":310},{\"@type\":\"BreadcrumbList\",\"@id\":\"https:\/\/www.iplay.com\/fr\/games\/jewel-match-solitaire-2\/#breadcrumb\",\"itemListElement\":[{\"@type\":\"ListItem\",\"position\":1,\"name\":\"Home\",\"item\":\"https:\/\/www.iplay.com\/fr\/home-page-2\/\"},{\"@type\":\"ListItem\",\"position\":2,\"name\":\"Shop\",\"item\":\"https:\/\/www.iplay.com\/en\/shop\/\"},{\"@type\":\"ListItem\",\"position\":3,\"name\":\"Jewel Match Solitaire 2\"}]},{\"@type\":\"WebSite\",\"@id\":\"https:\/\/www.iplay.com\/en\/#website\",\"url\":\"https:\/\/www.iplay.com\/en\/\",\"name\":\"IPlay\",\"description\":\"The Best Casual Games!\",\"publisher\":{\"@id\":\"https:\/\/www.iplay.com\/en\/#organization\"},\"potentialAction\":[{\"@type\":\"SearchAction\",\"target\":{\"@type\":\"EntryPoint\",\"urlTemplate\":\"https:\/\/www.iplay.com\/en\/?s={search_term_string}\"},\"query-input\":{\"@type\":\"PropertyValueSpecification\",\"valueRequired\":true,\"valueName\":\"search_term_string\"}}],\"inLanguage\":\"fr-FR\"},{\"@type\":\"Organization\",\"@id\":\"https:\/\/www.iplay.com\/en\/#organization\",\"name\":\"IPlay\",\"url\":\"https:\/\/www.iplay.com\/en\/\",\"logo\":{\"@type\":\"ImageObject\",\"inLanguage\":\"fr-FR\",\"@id\":\"https:\/\/www.iplay.com\/en\/#\/schema\/logo\/image\/\",\"url\":\"https:\/\/www.iplay.com\/wp-content\/uploads\/2023\/11\/Group-6100.svg\",\"contentUrl\":\"https:\/\/www.iplay.com\/wp-content\/uploads\/2023\/11\/Group-6100.svg\",\"width\":98,\"height\":25,\"caption\":\"IPlay\"},\"image\":{\"@id\":\"https:\/\/www.iplay.com\/en\/#\/schema\/logo\/image\/\"}}]}<\/script>\n<!-- \/ Yoast SEO Premium plugin. -->","yoast_head_json":{"title":"Jewel Match Solitaire 2 - Embarquez pour une aventure en solitaire pour restaurer des ch\u00e2teaux envo\u00fbtants","description":"Dans cette aventure captivante en solitaire, restaurez les ch\u00e2teaux envo\u00fbtants du royaume !","robots":{"index":"index","follow":"follow","max-snippet":"max-snippet:-1","max-image-preview":"max-image-preview:large","max-video-preview":"max-video-preview:-1"},"canonical":"https:\/\/www.iplay.com\/fr\/games\/jewel-match-solitaire-2\/","og_locale":"fr_FR","og_type":"article","og_title":"Jewel Match Solitaire 2","og_description":"Dans cette aventure captivante en solitaire, restaurez les ch\u00e2teaux envo\u00fbtants du royaume !","og_url":"https:\/\/www.iplay.com\/fr\/games\/jewel-match-solitaire-2\/","og_site_name":"IPlay","og_image":[{"width":310,"height":310,"url":"https:\/\/www.iplay.com\/wp-content\/uploads\/2023\/12\/large_square_tile_image-3416.jpg","type":"image\/jpeg"}],"twitter_card":"summary_large_image","twitter_misc":{"Dur\u00e9e de lecture estim\u00e9e":"1 minute"},"schema":{"@context":"https:\/\/schema.org","@graph":[{"@type":"WebPage","@id":"https:\/\/www.iplay.com\/fr\/games\/jewel-match-solitaire-2\/","url":"https:\/\/www.iplay.com\/fr\/games\/jewel-match-solitaire-2\/","name":"Jewel Match Solitaire 2 - Embarquez pour une aventure en solitaire pour restaurer des ch\u00e2teaux envo\u00fbtants","isPartOf":{"@id":"https:\/\/www.iplay.com\/en\/#website"},"primaryImageOfPage":{"@id":"https:\/\/www.iplay.com\/fr\/games\/jewel-match-solitaire-2\/#primaryimage"},"image":{"@id":"https:\/\/www.iplay.com\/fr\/games\/jewel-match-solitaire-2\/#primaryimage"},"thumbnailUrl":"https:\/\/www.iplay.com\/wp-content\/uploads\/2023\/12\/large_square_tile_image-3416.jpg","datePublished":"2019-03-05T00:00:00+00:00","description":"Dans cette aventure captivante en solitaire, restaurez les ch\u00e2teaux envo\u00fbtants du royaume !","breadcrumb":{"@id":"https:\/\/www.iplay.com\/fr\/games\/jewel-match-solitaire-2\/#breadcrumb"},"inLanguage":"fr-FR","potentialAction":[{"@type":"ReadAction","target":["https:\/\/www.iplay.com\/fr\/games\/jewel-match-solitaire-2\/"]}]},{"@type":"ImageObject","inLanguage":"fr-FR","@id":"https:\/\/www.iplay.com\/fr\/games\/jewel-match-solitaire-2\/#primaryimage","url":"https:\/\/www.iplay.com\/wp-content\/uploads\/2023\/12\/large_square_tile_image-3416.jpg","contentUrl":"https:\/\/www.iplay.com\/wp-content\/uploads\/2023\/12\/large_square_tile_image-3416.jpg","width":310,"height":310},{"@type":"BreadcrumbList","@id":"https:\/\/www.iplay.com\/fr\/games\/jewel-match-solitaire-2\/#breadcrumb","itemListElement":[{"@type":"ListItem","position":1,"name":"Home","item":"https:\/\/www.iplay.com\/fr\/home-page-2\/"},{"@type":"ListItem","position":2,"name":"Shop","item":"https:\/\/www.iplay.com\/en\/shop\/"},{"@type":"ListItem","position":3,"name":"Jewel Match Solitaire 2"}]},{"@type":"WebSite","@id":"https:\/\/www.iplay.com\/en\/#website","url":"https:\/\/www.iplay.com\/en\/","name":"IPlay","description":"The Best Casual Games!","publisher":{"@id":"https:\/\/www.iplay.com\/en\/#organization"},"potentialAction":[{"@type":"SearchAction","target":{"@type":"EntryPoint","urlTemplate":"https:\/\/www.iplay.com\/en\/?s={search_term_string}"},"query-input":{"@type":"PropertyValueSpecification","valueRequired":true,"valueName":"search_term_string"}}],"inLanguage":"fr-FR"},{"@type":"Organization","@id":"https:\/\/www.iplay.com\/en\/#organization","name":"IPlay","url":"https:\/\/www.iplay.com\/en\/","logo":{"@type":"ImageObject","inLanguage":"fr-FR","@id":"https:\/\/www.iplay.com\/en\/#\/schema\/logo\/image\/","url":"https:\/\/www.iplay.com\/wp-content\/uploads\/2023\/11\/Group-6100.svg","contentUrl":"https:\/\/www.iplay.com\/wp-content\/uploads\/2023\/11\/Group-6100.svg","width":98,"height":25,"caption":"IPlay"},"image":{"@id":"https:\/\/www.iplay.com\/en\/#\/schema\/logo\/image\/"}}]}},"_links":{"self":[{"href":"https:\/\/www.iplay.com\/fr\/wp-json\/wp\/v2\/product\/139961","targetHints":{"allow":["GET"]}}],"collection":[{"href":"https:\/\/www.iplay.com\/fr\/wp-json\/wp\/v2\/product"}],"about":[{"href":"https:\/\/www.iplay.com\/fr\/wp-json\/wp\/v2\/types\/product"}],"author":[{"embeddable":true,"href":"https:\/\/www.iplay.com\/fr\/wp-json\/wp\/v2\/users\/20"}],"replies":[{"embeddable":true,"href":"https:\/\/www.iplay.com\/fr\/wp-json\/wp\/v2\/comments?post=139961"}],"wp:featuredmedia":[{"embeddable":true,"href":"https:\/\/www.iplay.com\/fr\/wp-json\/wp\/v2\/media\/94388"}],"wp:attachment":[{"href":"https:\/\/www.iplay.com\/fr\/wp-json\/wp\/v2\/media?parent=139961"}],"wp:term":[{"taxonomy":"product_brand","embeddable":true,"href":"https:\/\/www.iplay.com\/fr\/wp-json\/wp\/v2\/product_brand?post=139961"},{"taxonomy":"product_cat","embeddable":true,"href":"https:\/\/www.iplay.com\/fr\/wp-json\/wp\/v2\/product_cat?post=139961"},{"taxonomy":"product_tag","embeddable":true,"href":"https:\/\/www.iplay.com\/fr\/wp-json\/wp\/v2\/product_tag?post=139961"}],"curies":[{"name":"wp","href":"https:\/\/api.w.org\/{rel}","templated":true}]}}