{"id":139937,"date":"2019-02-23T00:00:00","date_gmt":"2019-02-23T00:00:00","guid":{"rendered":"https:\/\/www.iplay.com\/games\/alices-jigsaw-time-travel-2\/"},"modified":"2019-02-23T00:00:00","modified_gmt":"2019-02-23T00:00:00","slug":"alices-jigsaw-time-travel-2","status":"publish","type":"product","link":"https:\/\/www.iplay.com\/fr\/games\/alices-jigsaw-time-travel-2\/","title":{"rendered":"Alices Jigsaw Time Travel 2"},"content":{"rendered":"<p>Il est temps d\u2019y aller ! Rappelez-vous comment c\u2019\u00e9tait, faites tous les tests et apprenez \u00e0 conna\u00eetre les personnages du conte de f\u00e9es le plus c\u00e9l\u00e8bre et le plus appr\u00e9ci\u00e9 au monde. De la magie, des h\u00e9ros merveilleux et des visuels \u00e9tranges vous attendent. Le casse-t\u00eate d\u2019Alice. Voyage dans le temps &#8211; 100 puzzles c\u00e9r\u00e9braux en mosa\u00efque avec des vitesses et des longueurs variables. Les graphiques sont r\u00e9alis\u00e9s \u00e0 partir de photographies de haute qualit\u00e9, avec des th\u00e8mes sp\u00e9cialement s\u00e9lectionn\u00e9s repr\u00e9sentant le monde merveilleux d\u2019Alice d\u2019une mani\u00e8re plus moderne, tels que des images \u00e9poustouflantes, des go\u00fbters, des lapins blancs, des horloges de poche et de grand-p\u00e8re, des th\u00e8mes de cartes\/\u00e9checs, et bien plus encore. R\u00e9solvez des \u00e9nigmes et progressez dans les niveaux de cinq royaumes diff\u00e9rents et int\u00e9ressants. Le casse-t\u00eate d\u2019Alice. Time Travel est un jeu de casse-t\u00eate en mosa\u00efque amusant pour toute la famille.        <\/p>\n<p>&nbsp;<\/p>\n<p>&nbsp;<\/p>\n<p><strong>Fonctionnalit\u00e9s:<\/strong><\/p>\n<p>&nbsp;<\/p>\n<p>&#8211; 100 puzzles distincts.<\/p>\n<p>&#8211; 5 lieux uniques.<\/p>\n<p>&#8211; Des personnes de votre enfance.<\/p>\n<p>&#8211; Un lieu magique pour un conte de f\u00e9es.<\/p>\n<p>&#8211; Plus de 10 heures de jeu avec une belle musique paisible et joyeuse.<\/p>\n<p>&#8211; Un gameplay divertissant pour les joueurs de tous \u00e2ges.<\/p>\n<p>&#8211; Utilisez des bonus pour progresser et obtenir de nouveaux classements.<\/p>\n","protected":false},"excerpt":{"rendered":"<p>Le casse-t\u00eate d\u2019Alice. Toute la famille appr\u00e9ciera de jouer \u00e0 l\u2019amusant jeu de casse-t\u00eate en mosa\u00efque Time Travel. <\/p>\n","protected":false},"author":13,"featured_media":94084,"comment_status":"open","ping_status":"closed","template":"","meta":{"_acf_changed":false,"inline_featured_image":false},"product_brand":[],"product_cat":[169],"product_tag":[287],"class_list":{"0":"post-139937","1":"product","2":"type-product","3":"status-publish","4":"has-post-thumbnail","6":"product_cat-jigsaw-fr","7":"product_tag-play-on-pc-fr","9":"first","10":"instock","11":"shipping-taxable","12":"purchasable","13":"product-type-simple"},"acf":[],"yoast_head":"<!-- This site is optimized with the Yoast SEO Premium plugin v25.2 (Yoast SEO v25.2) - https:\/\/yoast.com\/wordpress\/plugins\/seo\/ -->\n<title>Alices Jigsaw Time Travel 2 - Alice\u2019s Jigsaw propose des casse-t\u00eate en mosa\u00efque divertissants<\/title>\n<meta name=\"description\" content=\"Le casse-t\u00eate d\u2019Alice. Toute la famille appr\u00e9ciera de jouer \u00e0 l\u2019amusant jeu de casse-t\u00eate en mosa\u00efque Time Travel.\" \/>\n<meta name=\"robots\" content=\"index, follow, max-snippet:-1, max-image-preview:large, max-video-preview:-1\" \/>\n<link rel=\"canonical\" href=\"https:\/\/www.iplay.com\/fr\/games\/alices-jigsaw-time-travel-2\/\" \/>\n<meta property=\"og:locale\" content=\"fr_FR\" \/>\n<meta property=\"og:type\" content=\"article\" \/>\n<meta property=\"og:title\" content=\"Alices Jigsaw Time Travel 2\" \/>\n<meta property=\"og:description\" content=\"Le casse-t\u00eate d\u2019Alice. Toute la famille appr\u00e9ciera de jouer \u00e0 l\u2019amusant jeu de casse-t\u00eate en mosa\u00efque Time Travel.\" \/>\n<meta property=\"og:url\" content=\"https:\/\/www.iplay.com\/fr\/games\/alices-jigsaw-time-travel-2\/\" \/>\n<meta property=\"og:site_name\" content=\"IPlay\" \/>\n<meta property=\"og:image\" content=\"https:\/\/www.iplay.com\/wp-content\/uploads\/2023\/12\/large_square_tile_image-3397.jpg\" \/>\n\t<meta property=\"og:image:width\" content=\"310\" \/>\n\t<meta property=\"og:image:height\" content=\"310\" \/>\n\t<meta property=\"og:image:type\" content=\"image\/jpeg\" \/>\n<meta name=\"twitter:card\" content=\"summary_large_image\" \/>\n<meta name=\"twitter:label1\" content=\"Dur\u00e9e de lecture estim\u00e9e\" \/>\n\t<meta name=\"twitter:data1\" content=\"1 minute\" \/>\n<script type=\"application\/ld+json\" class=\"yoast-schema-graph\">{\"@context\":\"https:\/\/schema.org\",\"@graph\":[{\"@type\":\"WebPage\",\"@id\":\"https:\/\/www.iplay.com\/fr\/games\/alices-jigsaw-time-travel-2\/\",\"url\":\"https:\/\/www.iplay.com\/fr\/games\/alices-jigsaw-time-travel-2\/\",\"name\":\"Alices Jigsaw Time Travel 2 - Alice\u2019s Jigsaw propose des casse-t\u00eate en mosa\u00efque divertissants\",\"isPartOf\":{\"@id\":\"https:\/\/www.iplay.com\/en\/#website\"},\"primaryImageOfPage\":{\"@id\":\"https:\/\/www.iplay.com\/fr\/games\/alices-jigsaw-time-travel-2\/#primaryimage\"},\"image\":{\"@id\":\"https:\/\/www.iplay.com\/fr\/games\/alices-jigsaw-time-travel-2\/#primaryimage\"},\"thumbnailUrl\":\"https:\/\/www.iplay.com\/wp-content\/uploads\/2023\/12\/large_square_tile_image-3397.jpg\",\"datePublished\":\"2019-02-23T00:00:00+00:00\",\"description\":\"Le casse-t\u00eate d\u2019Alice. Toute la famille appr\u00e9ciera de jouer \u00e0 l\u2019amusant jeu de casse-t\u00eate en mosa\u00efque Time Travel.\",\"breadcrumb\":{\"@id\":\"https:\/\/www.iplay.com\/fr\/games\/alices-jigsaw-time-travel-2\/#breadcrumb\"},\"inLanguage\":\"fr-FR\",\"potentialAction\":[{\"@type\":\"ReadAction\",\"target\":[\"https:\/\/www.iplay.com\/fr\/games\/alices-jigsaw-time-travel-2\/\"]}]},{\"@type\":\"ImageObject\",\"inLanguage\":\"fr-FR\",\"@id\":\"https:\/\/www.iplay.com\/fr\/games\/alices-jigsaw-time-travel-2\/#primaryimage\",\"url\":\"https:\/\/www.iplay.com\/wp-content\/uploads\/2023\/12\/large_square_tile_image-3397.jpg\",\"contentUrl\":\"https:\/\/www.iplay.com\/wp-content\/uploads\/2023\/12\/large_square_tile_image-3397.jpg\",\"width\":310,\"height\":310},{\"@type\":\"BreadcrumbList\",\"@id\":\"https:\/\/www.iplay.com\/fr\/games\/alices-jigsaw-time-travel-2\/#breadcrumb\",\"itemListElement\":[{\"@type\":\"ListItem\",\"position\":1,\"name\":\"Home\",\"item\":\"https:\/\/www.iplay.com\/fr\/home-page-2\/\"},{\"@type\":\"ListItem\",\"position\":2,\"name\":\"Shop\",\"item\":\"https:\/\/www.iplay.com\/en\/shop\/\"},{\"@type\":\"ListItem\",\"position\":3,\"name\":\"Alices Jigsaw Time Travel 2\"}]},{\"@type\":\"WebSite\",\"@id\":\"https:\/\/www.iplay.com\/en\/#website\",\"url\":\"https:\/\/www.iplay.com\/en\/\",\"name\":\"IPlay\",\"description\":\"The Best Casual Games!\",\"publisher\":{\"@id\":\"https:\/\/www.iplay.com\/en\/#organization\"},\"potentialAction\":[{\"@type\":\"SearchAction\",\"target\":{\"@type\":\"EntryPoint\",\"urlTemplate\":\"https:\/\/www.iplay.com\/en\/?s={search_term_string}\"},\"query-input\":{\"@type\":\"PropertyValueSpecification\",\"valueRequired\":true,\"valueName\":\"search_term_string\"}}],\"inLanguage\":\"fr-FR\"},{\"@type\":\"Organization\",\"@id\":\"https:\/\/www.iplay.com\/en\/#organization\",\"name\":\"IPlay\",\"url\":\"https:\/\/www.iplay.com\/en\/\",\"logo\":{\"@type\":\"ImageObject\",\"inLanguage\":\"fr-FR\",\"@id\":\"https:\/\/www.iplay.com\/en\/#\/schema\/logo\/image\/\",\"url\":\"https:\/\/www.iplay.com\/wp-content\/uploads\/2023\/11\/Group-6100.svg\",\"contentUrl\":\"https:\/\/www.iplay.com\/wp-content\/uploads\/2023\/11\/Group-6100.svg\",\"width\":98,\"height\":25,\"caption\":\"IPlay\"},\"image\":{\"@id\":\"https:\/\/www.iplay.com\/en\/#\/schema\/logo\/image\/\"}}]}<\/script>\n<!-- \/ Yoast SEO Premium plugin. -->","yoast_head_json":{"title":"Alices Jigsaw Time Travel 2 - Alice\u2019s Jigsaw propose des casse-t\u00eate en mosa\u00efque divertissants","description":"Le casse-t\u00eate d\u2019Alice. Toute la famille appr\u00e9ciera de jouer \u00e0 l\u2019amusant jeu de casse-t\u00eate en mosa\u00efque Time Travel.","robots":{"index":"index","follow":"follow","max-snippet":"max-snippet:-1","max-image-preview":"max-image-preview:large","max-video-preview":"max-video-preview:-1"},"canonical":"https:\/\/www.iplay.com\/fr\/games\/alices-jigsaw-time-travel-2\/","og_locale":"fr_FR","og_type":"article","og_title":"Alices Jigsaw Time Travel 2","og_description":"Le casse-t\u00eate d\u2019Alice. Toute la famille appr\u00e9ciera de jouer \u00e0 l\u2019amusant jeu de casse-t\u00eate en mosa\u00efque Time Travel.","og_url":"https:\/\/www.iplay.com\/fr\/games\/alices-jigsaw-time-travel-2\/","og_site_name":"IPlay","og_image":[{"width":310,"height":310,"url":"https:\/\/www.iplay.com\/wp-content\/uploads\/2023\/12\/large_square_tile_image-3397.jpg","type":"image\/jpeg"}],"twitter_card":"summary_large_image","twitter_misc":{"Dur\u00e9e de lecture estim\u00e9e":"1 minute"},"schema":{"@context":"https:\/\/schema.org","@graph":[{"@type":"WebPage","@id":"https:\/\/www.iplay.com\/fr\/games\/alices-jigsaw-time-travel-2\/","url":"https:\/\/www.iplay.com\/fr\/games\/alices-jigsaw-time-travel-2\/","name":"Alices Jigsaw Time Travel 2 - Alice\u2019s Jigsaw propose des casse-t\u00eate en mosa\u00efque divertissants","isPartOf":{"@id":"https:\/\/www.iplay.com\/en\/#website"},"primaryImageOfPage":{"@id":"https:\/\/www.iplay.com\/fr\/games\/alices-jigsaw-time-travel-2\/#primaryimage"},"image":{"@id":"https:\/\/www.iplay.com\/fr\/games\/alices-jigsaw-time-travel-2\/#primaryimage"},"thumbnailUrl":"https:\/\/www.iplay.com\/wp-content\/uploads\/2023\/12\/large_square_tile_image-3397.jpg","datePublished":"2019-02-23T00:00:00+00:00","description":"Le casse-t\u00eate d\u2019Alice. Toute la famille appr\u00e9ciera de jouer \u00e0 l\u2019amusant jeu de casse-t\u00eate en mosa\u00efque Time Travel.","breadcrumb":{"@id":"https:\/\/www.iplay.com\/fr\/games\/alices-jigsaw-time-travel-2\/#breadcrumb"},"inLanguage":"fr-FR","potentialAction":[{"@type":"ReadAction","target":["https:\/\/www.iplay.com\/fr\/games\/alices-jigsaw-time-travel-2\/"]}]},{"@type":"ImageObject","inLanguage":"fr-FR","@id":"https:\/\/www.iplay.com\/fr\/games\/alices-jigsaw-time-travel-2\/#primaryimage","url":"https:\/\/www.iplay.com\/wp-content\/uploads\/2023\/12\/large_square_tile_image-3397.jpg","contentUrl":"https:\/\/www.iplay.com\/wp-content\/uploads\/2023\/12\/large_square_tile_image-3397.jpg","width":310,"height":310},{"@type":"BreadcrumbList","@id":"https:\/\/www.iplay.com\/fr\/games\/alices-jigsaw-time-travel-2\/#breadcrumb","itemListElement":[{"@type":"ListItem","position":1,"name":"Home","item":"https:\/\/www.iplay.com\/fr\/home-page-2\/"},{"@type":"ListItem","position":2,"name":"Shop","item":"https:\/\/www.iplay.com\/en\/shop\/"},{"@type":"ListItem","position":3,"name":"Alices Jigsaw Time Travel 2"}]},{"@type":"WebSite","@id":"https:\/\/www.iplay.com\/en\/#website","url":"https:\/\/www.iplay.com\/en\/","name":"IPlay","description":"The Best Casual Games!","publisher":{"@id":"https:\/\/www.iplay.com\/en\/#organization"},"potentialAction":[{"@type":"SearchAction","target":{"@type":"EntryPoint","urlTemplate":"https:\/\/www.iplay.com\/en\/?s={search_term_string}"},"query-input":{"@type":"PropertyValueSpecification","valueRequired":true,"valueName":"search_term_string"}}],"inLanguage":"fr-FR"},{"@type":"Organization","@id":"https:\/\/www.iplay.com\/en\/#organization","name":"IPlay","url":"https:\/\/www.iplay.com\/en\/","logo":{"@type":"ImageObject","inLanguage":"fr-FR","@id":"https:\/\/www.iplay.com\/en\/#\/schema\/logo\/image\/","url":"https:\/\/www.iplay.com\/wp-content\/uploads\/2023\/11\/Group-6100.svg","contentUrl":"https:\/\/www.iplay.com\/wp-content\/uploads\/2023\/11\/Group-6100.svg","width":98,"height":25,"caption":"IPlay"},"image":{"@id":"https:\/\/www.iplay.com\/en\/#\/schema\/logo\/image\/"}}]}},"_links":{"self":[{"href":"https:\/\/www.iplay.com\/fr\/wp-json\/wp\/v2\/product\/139937","targetHints":{"allow":["GET"]}}],"collection":[{"href":"https:\/\/www.iplay.com\/fr\/wp-json\/wp\/v2\/product"}],"about":[{"href":"https:\/\/www.iplay.com\/fr\/wp-json\/wp\/v2\/types\/product"}],"author":[{"embeddable":true,"href":"https:\/\/www.iplay.com\/fr\/wp-json\/wp\/v2\/users\/13"}],"replies":[{"embeddable":true,"href":"https:\/\/www.iplay.com\/fr\/wp-json\/wp\/v2\/comments?post=139937"}],"wp:featuredmedia":[{"embeddable":true,"href":"https:\/\/www.iplay.com\/fr\/wp-json\/wp\/v2\/media\/94084"}],"wp:attachment":[{"href":"https:\/\/www.iplay.com\/fr\/wp-json\/wp\/v2\/media?parent=139937"}],"wp:term":[{"taxonomy":"product_brand","embeddable":true,"href":"https:\/\/www.iplay.com\/fr\/wp-json\/wp\/v2\/product_brand?post=139937"},{"taxonomy":"product_cat","embeddable":true,"href":"https:\/\/www.iplay.com\/fr\/wp-json\/wp\/v2\/product_cat?post=139937"},{"taxonomy":"product_tag","embeddable":true,"href":"https:\/\/www.iplay.com\/fr\/wp-json\/wp\/v2\/product_tag?post=139937"}],"curies":[{"name":"wp","href":"https:\/\/api.w.org\/{rel}","templated":true}]}}