{"id":139920,"date":"2019-02-17T00:00:01","date_gmt":"2019-02-17T00:00:01","guid":{"rendered":"https:\/\/www.iplay.com\/games\/nevertales-hidden-doorway-collectors-edition\/"},"modified":"2019-02-17T00:00:01","modified_gmt":"2019-02-17T00:00:01","slug":"nevertales-hidden-doorway-collectors-edition","status":"publish","type":"product","link":"https:\/\/www.iplay.com\/fr\/games\/nevertales-hidden-doorway-collectors-edition\/","title":{"rendered":"Nevertales: Hidden Doorway Collector&#8217;s Edition"},"content":{"rendered":"<p>Appr\u00e9ciez le plus r\u00e9cent ajout \u00e0 la collection <em>Nevertales<\/em> &nbsp;! Votre petit ami n\u2019a pas \u00e9t\u00e9 en contact avec vous depuis des jours et il est actuellement en stage pour l\u2019aider avec son blocage de l\u2019\u00e9crivain. Ce qui commence comme un simple contr\u00f4le pour s\u2019assurer de son bien-\u00eatre devient rapidement sinistre lorsque vous d\u00e9couvrez que son esprit n\u2019est plus dans son corps ! Qu\u2019est-ce qui se cache derri\u00e8re la mena\u00e7ante Porte et o\u00f9 a-t-elle disparu ? Dans cette aventure palpitante de puzzle d\u2019objets cach\u00e9s, d\u00e9couvrez-le !    <\/p>\n<p>&nbsp;<\/p>\n<p>&nbsp;<\/p>\n<p><strong>Fonctionnalit\u00e9s:<\/strong><\/p>\n<p>&nbsp;<\/p>\n<p>&#8211; Dans le chapitre bonus, mettez fin \u00e0 la corruption qui consume Taleworld !<\/p>\n<p>&#8211; Dans chaque puzzle d\u2019objets cach\u00e9s, recherchez des objets qui changent. Les objets de collection peuvent \u00eatre rassembl\u00e9s pour r\u00e9v\u00e9ler d\u2019autres contenus. Utilisez le livre de Ian pour tourner le r\u00e9cit \u00e0 votre avantage !  <\/p>\n<p>&#8211; Utilisez de la musique, des profils et des fonds d\u2019\u00e9cran pour raconter votre histoire !<\/p>\n","protected":false},"excerpt":{"rendered":"<p>Raconter des histoires peut \u00eatre fatal. Serez-vous en mesure de sauver votre partenaire avant qu\u2019il ne soit trop tard ?<\/p>\n","protected":false},"author":17,"featured_media":94212,"comment_status":"open","ping_status":"closed","template":"","meta":{"_acf_changed":false,"inline_featured_image":false},"product_brand":[],"product_cat":[165],"product_tag":[287],"class_list":{"0":"post-139920","1":"product","2":"type-product","3":"status-publish","4":"has-post-thumbnail","6":"product_cat-hidden-object-fr","7":"product_tag-play-on-pc-fr","9":"first","10":"instock","11":"shipping-taxable","12":"purchasable","13":"product-type-simple"},"acf":[],"yoast_head":"<!-- This site is optimized with the Yoast SEO Premium plugin v25.2 (Yoast SEO v25.2) - https:\/\/yoast.com\/wordpress\/plugins\/seo\/ -->\n<title>Nevertales\u00a0: Hidden Doorway Collector\u2019s Edition - Des histoires mortelles se d\u00e9roulent - sauvez votre petit ami avant qu\u2019il ne soit trop tard<\/title>\n<meta name=\"description\" content=\"Raconter des histoires peut \u00eatre fatal. Serez-vous en mesure de sauver votre partenaire avant qu\u2019il ne soit trop tard ?\" \/>\n<meta name=\"robots\" content=\"index, follow, max-snippet:-1, max-image-preview:large, max-video-preview:-1\" \/>\n<link rel=\"canonical\" href=\"https:\/\/www.iplay.com\/fr\/games\/nevertales-hidden-doorway-collectors-edition\/\" \/>\n<meta property=\"og:locale\" content=\"fr_FR\" \/>\n<meta property=\"og:type\" content=\"article\" \/>\n<meta property=\"og:title\" content=\"Nevertales: Hidden Doorway Collector&#039;s Edition\" \/>\n<meta property=\"og:description\" content=\"Raconter des histoires peut \u00eatre fatal. Serez-vous en mesure de sauver votre partenaire avant qu\u2019il ne soit trop tard ?\" \/>\n<meta property=\"og:url\" content=\"https:\/\/www.iplay.com\/fr\/games\/nevertales-hidden-doorway-collectors-edition\/\" \/>\n<meta property=\"og:site_name\" content=\"IPlay\" \/>\n<meta property=\"og:image\" content=\"https:\/\/www.iplay.com\/wp-content\/uploads\/2023\/12\/large_square_tile_image-3405.jpg\" \/>\n\t<meta property=\"og:image:width\" content=\"310\" \/>\n\t<meta property=\"og:image:height\" content=\"310\" \/>\n\t<meta property=\"og:image:type\" content=\"image\/jpeg\" \/>\n<meta name=\"twitter:card\" content=\"summary_large_image\" \/>\n<meta name=\"twitter:label1\" content=\"Dur\u00e9e de lecture estim\u00e9e\" \/>\n\t<meta name=\"twitter:data1\" content=\"1 minute\" \/>\n<script type=\"application\/ld+json\" class=\"yoast-schema-graph\">{\"@context\":\"https:\/\/schema.org\",\"@graph\":[{\"@type\":\"WebPage\",\"@id\":\"https:\/\/www.iplay.com\/fr\/games\/nevertales-hidden-doorway-collectors-edition\/\",\"url\":\"https:\/\/www.iplay.com\/fr\/games\/nevertales-hidden-doorway-collectors-edition\/\",\"name\":\"Nevertales\u00a0: Hidden Doorway Collector\u2019s Edition - Des histoires mortelles se d\u00e9roulent - sauvez votre petit ami avant qu\u2019il ne soit trop tard\",\"isPartOf\":{\"@id\":\"https:\/\/www.iplay.com\/en\/#website\"},\"primaryImageOfPage\":{\"@id\":\"https:\/\/www.iplay.com\/fr\/games\/nevertales-hidden-doorway-collectors-edition\/#primaryimage\"},\"image\":{\"@id\":\"https:\/\/www.iplay.com\/fr\/games\/nevertales-hidden-doorway-collectors-edition\/#primaryimage\"},\"thumbnailUrl\":\"https:\/\/www.iplay.com\/wp-content\/uploads\/2023\/12\/large_square_tile_image-3405.jpg\",\"datePublished\":\"2019-02-17T00:00:01+00:00\",\"description\":\"Raconter des histoires peut \u00eatre fatal. Serez-vous en mesure de sauver votre partenaire avant qu\u2019il ne soit trop tard ?\",\"breadcrumb\":{\"@id\":\"https:\/\/www.iplay.com\/fr\/games\/nevertales-hidden-doorway-collectors-edition\/#breadcrumb\"},\"inLanguage\":\"fr-FR\",\"potentialAction\":[{\"@type\":\"ReadAction\",\"target\":[\"https:\/\/www.iplay.com\/fr\/games\/nevertales-hidden-doorway-collectors-edition\/\"]}]},{\"@type\":\"ImageObject\",\"inLanguage\":\"fr-FR\",\"@id\":\"https:\/\/www.iplay.com\/fr\/games\/nevertales-hidden-doorway-collectors-edition\/#primaryimage\",\"url\":\"https:\/\/www.iplay.com\/wp-content\/uploads\/2023\/12\/large_square_tile_image-3405.jpg\",\"contentUrl\":\"https:\/\/www.iplay.com\/wp-content\/uploads\/2023\/12\/large_square_tile_image-3405.jpg\",\"width\":310,\"height\":310},{\"@type\":\"BreadcrumbList\",\"@id\":\"https:\/\/www.iplay.com\/fr\/games\/nevertales-hidden-doorway-collectors-edition\/#breadcrumb\",\"itemListElement\":[{\"@type\":\"ListItem\",\"position\":1,\"name\":\"Home\",\"item\":\"https:\/\/www.iplay.com\/fr\/home-page-2\/\"},{\"@type\":\"ListItem\",\"position\":2,\"name\":\"Shop\",\"item\":\"https:\/\/www.iplay.com\/en\/shop\/\"},{\"@type\":\"ListItem\",\"position\":3,\"name\":\"Nevertales: Hidden Doorway Collector&#8217;s Edition\"}]},{\"@type\":\"WebSite\",\"@id\":\"https:\/\/www.iplay.com\/en\/#website\",\"url\":\"https:\/\/www.iplay.com\/en\/\",\"name\":\"IPlay\",\"description\":\"The Best Casual Games!\",\"publisher\":{\"@id\":\"https:\/\/www.iplay.com\/en\/#organization\"},\"potentialAction\":[{\"@type\":\"SearchAction\",\"target\":{\"@type\":\"EntryPoint\",\"urlTemplate\":\"https:\/\/www.iplay.com\/en\/?s={search_term_string}\"},\"query-input\":{\"@type\":\"PropertyValueSpecification\",\"valueRequired\":true,\"valueName\":\"search_term_string\"}}],\"inLanguage\":\"fr-FR\"},{\"@type\":\"Organization\",\"@id\":\"https:\/\/www.iplay.com\/en\/#organization\",\"name\":\"IPlay\",\"url\":\"https:\/\/www.iplay.com\/en\/\",\"logo\":{\"@type\":\"ImageObject\",\"inLanguage\":\"fr-FR\",\"@id\":\"https:\/\/www.iplay.com\/en\/#\/schema\/logo\/image\/\",\"url\":\"https:\/\/www.iplay.com\/wp-content\/uploads\/2023\/11\/Group-6100.svg\",\"contentUrl\":\"https:\/\/www.iplay.com\/wp-content\/uploads\/2023\/11\/Group-6100.svg\",\"width\":98,\"height\":25,\"caption\":\"IPlay\"},\"image\":{\"@id\":\"https:\/\/www.iplay.com\/en\/#\/schema\/logo\/image\/\"}}]}<\/script>\n<!-- \/ Yoast SEO Premium plugin. -->","yoast_head_json":{"title":"Nevertales\u00a0: Hidden Doorway Collector\u2019s Edition - Des histoires mortelles se d\u00e9roulent - sauvez votre petit ami avant qu\u2019il ne soit trop tard","description":"Raconter des histoires peut \u00eatre fatal. Serez-vous en mesure de sauver votre partenaire avant qu\u2019il ne soit trop tard ?","robots":{"index":"index","follow":"follow","max-snippet":"max-snippet:-1","max-image-preview":"max-image-preview:large","max-video-preview":"max-video-preview:-1"},"canonical":"https:\/\/www.iplay.com\/fr\/games\/nevertales-hidden-doorway-collectors-edition\/","og_locale":"fr_FR","og_type":"article","og_title":"Nevertales: Hidden Doorway Collector's Edition","og_description":"Raconter des histoires peut \u00eatre fatal. Serez-vous en mesure de sauver votre partenaire avant qu\u2019il ne soit trop tard ?","og_url":"https:\/\/www.iplay.com\/fr\/games\/nevertales-hidden-doorway-collectors-edition\/","og_site_name":"IPlay","og_image":[{"width":310,"height":310,"url":"https:\/\/www.iplay.com\/wp-content\/uploads\/2023\/12\/large_square_tile_image-3405.jpg","type":"image\/jpeg"}],"twitter_card":"summary_large_image","twitter_misc":{"Dur\u00e9e de lecture estim\u00e9e":"1 minute"},"schema":{"@context":"https:\/\/schema.org","@graph":[{"@type":"WebPage","@id":"https:\/\/www.iplay.com\/fr\/games\/nevertales-hidden-doorway-collectors-edition\/","url":"https:\/\/www.iplay.com\/fr\/games\/nevertales-hidden-doorway-collectors-edition\/","name":"Nevertales\u00a0: Hidden Doorway Collector\u2019s Edition - Des histoires mortelles se d\u00e9roulent - sauvez votre petit ami avant qu\u2019il ne soit trop tard","isPartOf":{"@id":"https:\/\/www.iplay.com\/en\/#website"},"primaryImageOfPage":{"@id":"https:\/\/www.iplay.com\/fr\/games\/nevertales-hidden-doorway-collectors-edition\/#primaryimage"},"image":{"@id":"https:\/\/www.iplay.com\/fr\/games\/nevertales-hidden-doorway-collectors-edition\/#primaryimage"},"thumbnailUrl":"https:\/\/www.iplay.com\/wp-content\/uploads\/2023\/12\/large_square_tile_image-3405.jpg","datePublished":"2019-02-17T00:00:01+00:00","description":"Raconter des histoires peut \u00eatre fatal. Serez-vous en mesure de sauver votre partenaire avant qu\u2019il ne soit trop tard ?","breadcrumb":{"@id":"https:\/\/www.iplay.com\/fr\/games\/nevertales-hidden-doorway-collectors-edition\/#breadcrumb"},"inLanguage":"fr-FR","potentialAction":[{"@type":"ReadAction","target":["https:\/\/www.iplay.com\/fr\/games\/nevertales-hidden-doorway-collectors-edition\/"]}]},{"@type":"ImageObject","inLanguage":"fr-FR","@id":"https:\/\/www.iplay.com\/fr\/games\/nevertales-hidden-doorway-collectors-edition\/#primaryimage","url":"https:\/\/www.iplay.com\/wp-content\/uploads\/2023\/12\/large_square_tile_image-3405.jpg","contentUrl":"https:\/\/www.iplay.com\/wp-content\/uploads\/2023\/12\/large_square_tile_image-3405.jpg","width":310,"height":310},{"@type":"BreadcrumbList","@id":"https:\/\/www.iplay.com\/fr\/games\/nevertales-hidden-doorway-collectors-edition\/#breadcrumb","itemListElement":[{"@type":"ListItem","position":1,"name":"Home","item":"https:\/\/www.iplay.com\/fr\/home-page-2\/"},{"@type":"ListItem","position":2,"name":"Shop","item":"https:\/\/www.iplay.com\/en\/shop\/"},{"@type":"ListItem","position":3,"name":"Nevertales: Hidden Doorway Collector&#8217;s Edition"}]},{"@type":"WebSite","@id":"https:\/\/www.iplay.com\/en\/#website","url":"https:\/\/www.iplay.com\/en\/","name":"IPlay","description":"The Best Casual Games!","publisher":{"@id":"https:\/\/www.iplay.com\/en\/#organization"},"potentialAction":[{"@type":"SearchAction","target":{"@type":"EntryPoint","urlTemplate":"https:\/\/www.iplay.com\/en\/?s={search_term_string}"},"query-input":{"@type":"PropertyValueSpecification","valueRequired":true,"valueName":"search_term_string"}}],"inLanguage":"fr-FR"},{"@type":"Organization","@id":"https:\/\/www.iplay.com\/en\/#organization","name":"IPlay","url":"https:\/\/www.iplay.com\/en\/","logo":{"@type":"ImageObject","inLanguage":"fr-FR","@id":"https:\/\/www.iplay.com\/en\/#\/schema\/logo\/image\/","url":"https:\/\/www.iplay.com\/wp-content\/uploads\/2023\/11\/Group-6100.svg","contentUrl":"https:\/\/www.iplay.com\/wp-content\/uploads\/2023\/11\/Group-6100.svg","width":98,"height":25,"caption":"IPlay"},"image":{"@id":"https:\/\/www.iplay.com\/en\/#\/schema\/logo\/image\/"}}]}},"_links":{"self":[{"href":"https:\/\/www.iplay.com\/fr\/wp-json\/wp\/v2\/product\/139920","targetHints":{"allow":["GET"]}}],"collection":[{"href":"https:\/\/www.iplay.com\/fr\/wp-json\/wp\/v2\/product"}],"about":[{"href":"https:\/\/www.iplay.com\/fr\/wp-json\/wp\/v2\/types\/product"}],"author":[{"embeddable":true,"href":"https:\/\/www.iplay.com\/fr\/wp-json\/wp\/v2\/users\/17"}],"replies":[{"embeddable":true,"href":"https:\/\/www.iplay.com\/fr\/wp-json\/wp\/v2\/comments?post=139920"}],"wp:featuredmedia":[{"embeddable":true,"href":"https:\/\/www.iplay.com\/fr\/wp-json\/wp\/v2\/media\/94212"}],"wp:attachment":[{"href":"https:\/\/www.iplay.com\/fr\/wp-json\/wp\/v2\/media?parent=139920"}],"wp:term":[{"taxonomy":"product_brand","embeddable":true,"href":"https:\/\/www.iplay.com\/fr\/wp-json\/wp\/v2\/product_brand?post=139920"},{"taxonomy":"product_cat","embeddable":true,"href":"https:\/\/www.iplay.com\/fr\/wp-json\/wp\/v2\/product_cat?post=139920"},{"taxonomy":"product_tag","embeddable":true,"href":"https:\/\/www.iplay.com\/fr\/wp-json\/wp\/v2\/product_tag?post=139920"}],"curies":[{"name":"wp","href":"https:\/\/api.w.org\/{rel}","templated":true}]}}