{"id":139831,"date":"2019-10-05T00:00:00","date_gmt":"2019-10-05T00:00:00","guid":{"rendered":"https:\/\/www.iplay.com\/games\/dark-tales-edgar-allan-poes-speaking-with-the-dead-collectors-edition\/"},"modified":"2019-10-05T00:00:00","modified_gmt":"2019-10-05T00:00:00","slug":"dark-tales-edgar-allan-poes-speaking-with-the-dead-collectors-edition","status":"publish","type":"product","link":"https:\/\/www.iplay.com\/fr\/games\/dark-tales-edgar-allan-poes-speaking-with-the-dead-collectors-edition\/","title":{"rendered":"Dark Tales: Edgar Allan Poe&#8217;s Speaking with the Dead Collector&#8217;s Edition"},"content":{"rendered":"<p>L\u2019incroyable s\u00e9rie <em>Dark Tales<\/em> a sorti un nouvel \u00e9pisode qui ne manquera pas de ravir ! Cette fois-ci, c\u2019est diff\u00e9rent parce qu\u2019un de vos anciens ennemis criminels semble revenir d\u2019entre les morts pour se venger ! Vous et votre camarade Dupin avez r\u00e9solu ensemble d\u2019innombrables affaires. Certains jur\u00e9s ont re\u00e7u des lettres de menaces \u00e9crites par les d\u00e9funts, tandis que d\u2019autres jur\u00e9s du proc\u00e8s ont disparu. Avant qu\u2019il ne soit trop tard, pouvez-vous d\u00e9terminer qui est responsable des enl\u00e8vements et essayer de terminer l\u2019\u0153uvre du condamn\u00e9 ? Dans ce passionnant voyage de puzzle d\u2019objets cach\u00e9s, d\u00e9couvrez-le !     <\/p>\n<p>&nbsp;<\/p>\n<p>&nbsp;<\/p>\n<p><strong>Fonctionnalit\u00e9s:<\/strong><\/p>\n<p>&nbsp;<\/p>\n<p>&#8211; Dans le jeu bonus, d\u00e9couvrir le coupable met trois vies en danger !<br \/>\n&#8211; Acqu\u00e9rez une gamme de r\u00e9alisations exceptionnelles !<br \/>\n&#8211; Trouvez une tonne d\u2019objets m\u00e9tamorphes et de goodies secrets !<br \/>\n&#8211; Prenez plaisir \u00e0 revisiter vos HOPS et mini-jeux pr\u00e9f\u00e9r\u00e9s, ainsi que la bande-son sp\u00e9ciale, les films, le fond d\u2019\u00e9cran, la galerie de personnages et des fonctionnalit\u00e9s suppl\u00e9mentaires !<br \/>\n&#8211; Avec le guide de strat\u00e9gie, vous ne vous perdrez jamais !<\/p>\n","protected":false},"excerpt":{"rendered":"<p>Quand les morts ressuscitent pour se venger&#8230; Dark Tales&nbsp;: Speaking with the Dead par Edgar Allan Poe, Ed. <\/p>\n","protected":false},"author":17,"featured_media":84582,"comment_status":"open","ping_status":"closed","template":"","meta":{"_acf_changed":false,"inline_featured_image":false},"product_brand":[],"product_cat":[165],"product_tag":[287],"class_list":{"0":"post-139831","1":"product","2":"type-product","3":"status-publish","4":"has-post-thumbnail","6":"product_cat-hidden-object-fr","7":"product_tag-play-on-pc-fr","9":"first","10":"instock","11":"shipping-taxable","12":"purchasable","13":"product-type-simple"},"acf":[],"yoast_head":"<!-- This site is optimized with the Yoast SEO Premium plugin v25.2 (Yoast SEO v25.2) - https:\/\/yoast.com\/wordpress\/plugins\/seo\/ -->\n<title>Dark Tales\u00a0: Edgar Allan Poe\u2019s Speaking with the Dead Edition Collector - Les morts reviennent pour se venger dans Dark Tales<\/title>\n<meta name=\"description\" content=\"Quand les morts ressuscitent pour se venger... Dark Tales&nbsp;: Speaking with the Dead par Edgar Allan Poe, Ed.\" \/>\n<meta name=\"robots\" content=\"index, follow, max-snippet:-1, max-image-preview:large, max-video-preview:-1\" \/>\n<link rel=\"canonical\" href=\"https:\/\/www.iplay.com\/fr\/games\/dark-tales-edgar-allan-poes-speaking-with-the-dead-collectors-edition\/\" \/>\n<meta property=\"og:locale\" content=\"fr_FR\" \/>\n<meta property=\"og:type\" content=\"article\" \/>\n<meta property=\"og:title\" content=\"Dark Tales: Edgar Allan Poe&#039;s Speaking with the Dead Collector&#039;s Edition\" \/>\n<meta property=\"og:description\" content=\"Quand les morts ressuscitent pour se venger... Dark Tales&nbsp;: Speaking with the Dead par Edgar Allan Poe, Ed.\" \/>\n<meta property=\"og:url\" content=\"https:\/\/www.iplay.com\/fr\/games\/dark-tales-edgar-allan-poes-speaking-with-the-dead-collectors-edition\/\" \/>\n<meta property=\"og:site_name\" content=\"IPlay\" \/>\n<meta property=\"og:image\" content=\"https:\/\/www.iplay.com\/wp-content\/uploads\/2023\/12\/large_square_tile_image-2797.jpg\" \/>\n\t<meta property=\"og:image:width\" content=\"310\" \/>\n\t<meta property=\"og:image:height\" content=\"310\" \/>\n\t<meta property=\"og:image:type\" content=\"image\/jpeg\" \/>\n<meta name=\"twitter:card\" content=\"summary_large_image\" \/>\n<meta name=\"twitter:label1\" content=\"Dur\u00e9e de lecture estim\u00e9e\" \/>\n\t<meta name=\"twitter:data1\" content=\"1 minute\" \/>\n<script type=\"application\/ld+json\" class=\"yoast-schema-graph\">{\"@context\":\"https:\/\/schema.org\",\"@graph\":[{\"@type\":\"WebPage\",\"@id\":\"https:\/\/www.iplay.com\/fr\/games\/dark-tales-edgar-allan-poes-speaking-with-the-dead-collectors-edition\/\",\"url\":\"https:\/\/www.iplay.com\/fr\/games\/dark-tales-edgar-allan-poes-speaking-with-the-dead-collectors-edition\/\",\"name\":\"Dark Tales\u00a0: Edgar Allan Poe\u2019s Speaking with the Dead Edition Collector - Les morts reviennent pour se venger dans Dark Tales\",\"isPartOf\":{\"@id\":\"https:\/\/www.iplay.com\/en\/#website\"},\"primaryImageOfPage\":{\"@id\":\"https:\/\/www.iplay.com\/fr\/games\/dark-tales-edgar-allan-poes-speaking-with-the-dead-collectors-edition\/#primaryimage\"},\"image\":{\"@id\":\"https:\/\/www.iplay.com\/fr\/games\/dark-tales-edgar-allan-poes-speaking-with-the-dead-collectors-edition\/#primaryimage\"},\"thumbnailUrl\":\"https:\/\/www.iplay.com\/wp-content\/uploads\/2023\/12\/large_square_tile_image-2797.jpg\",\"datePublished\":\"2019-10-05T00:00:00+00:00\",\"description\":\"Quand les morts ressuscitent pour se venger... Dark Tales&nbsp;: Speaking with the Dead par Edgar Allan Poe, Ed.\",\"breadcrumb\":{\"@id\":\"https:\/\/www.iplay.com\/fr\/games\/dark-tales-edgar-allan-poes-speaking-with-the-dead-collectors-edition\/#breadcrumb\"},\"inLanguage\":\"fr-FR\",\"potentialAction\":[{\"@type\":\"ReadAction\",\"target\":[\"https:\/\/www.iplay.com\/fr\/games\/dark-tales-edgar-allan-poes-speaking-with-the-dead-collectors-edition\/\"]}]},{\"@type\":\"ImageObject\",\"inLanguage\":\"fr-FR\",\"@id\":\"https:\/\/www.iplay.com\/fr\/games\/dark-tales-edgar-allan-poes-speaking-with-the-dead-collectors-edition\/#primaryimage\",\"url\":\"https:\/\/www.iplay.com\/wp-content\/uploads\/2023\/12\/large_square_tile_image-2797.jpg\",\"contentUrl\":\"https:\/\/www.iplay.com\/wp-content\/uploads\/2023\/12\/large_square_tile_image-2797.jpg\",\"width\":310,\"height\":310},{\"@type\":\"BreadcrumbList\",\"@id\":\"https:\/\/www.iplay.com\/fr\/games\/dark-tales-edgar-allan-poes-speaking-with-the-dead-collectors-edition\/#breadcrumb\",\"itemListElement\":[{\"@type\":\"ListItem\",\"position\":1,\"name\":\"Home\",\"item\":\"https:\/\/www.iplay.com\/fr\/home-page-2\/\"},{\"@type\":\"ListItem\",\"position\":2,\"name\":\"Shop\",\"item\":\"https:\/\/www.iplay.com\/en\/shop\/\"},{\"@type\":\"ListItem\",\"position\":3,\"name\":\"Dark Tales: Edgar Allan Poe&#8217;s Speaking with the Dead Collector&#8217;s Edition\"}]},{\"@type\":\"WebSite\",\"@id\":\"https:\/\/www.iplay.com\/en\/#website\",\"url\":\"https:\/\/www.iplay.com\/en\/\",\"name\":\"IPlay\",\"description\":\"The Best Casual Games!\",\"publisher\":{\"@id\":\"https:\/\/www.iplay.com\/en\/#organization\"},\"potentialAction\":[{\"@type\":\"SearchAction\",\"target\":{\"@type\":\"EntryPoint\",\"urlTemplate\":\"https:\/\/www.iplay.com\/en\/?s={search_term_string}\"},\"query-input\":{\"@type\":\"PropertyValueSpecification\",\"valueRequired\":true,\"valueName\":\"search_term_string\"}}],\"inLanguage\":\"fr-FR\"},{\"@type\":\"Organization\",\"@id\":\"https:\/\/www.iplay.com\/en\/#organization\",\"name\":\"IPlay\",\"url\":\"https:\/\/www.iplay.com\/en\/\",\"logo\":{\"@type\":\"ImageObject\",\"inLanguage\":\"fr-FR\",\"@id\":\"https:\/\/www.iplay.com\/en\/#\/schema\/logo\/image\/\",\"url\":\"https:\/\/www.iplay.com\/wp-content\/uploads\/2023\/11\/Group-6100.svg\",\"contentUrl\":\"https:\/\/www.iplay.com\/wp-content\/uploads\/2023\/11\/Group-6100.svg\",\"width\":98,\"height\":25,\"caption\":\"IPlay\"},\"image\":{\"@id\":\"https:\/\/www.iplay.com\/en\/#\/schema\/logo\/image\/\"}}]}<\/script>\n<!-- \/ Yoast SEO Premium plugin. -->","yoast_head_json":{"title":"Dark Tales\u00a0: Edgar Allan Poe\u2019s Speaking with the Dead Edition Collector - Les morts reviennent pour se venger dans Dark Tales","description":"Quand les morts ressuscitent pour se venger... Dark Tales&nbsp;: Speaking with the Dead par Edgar Allan Poe, Ed.","robots":{"index":"index","follow":"follow","max-snippet":"max-snippet:-1","max-image-preview":"max-image-preview:large","max-video-preview":"max-video-preview:-1"},"canonical":"https:\/\/www.iplay.com\/fr\/games\/dark-tales-edgar-allan-poes-speaking-with-the-dead-collectors-edition\/","og_locale":"fr_FR","og_type":"article","og_title":"Dark Tales: Edgar Allan Poe's Speaking with the Dead Collector's Edition","og_description":"Quand les morts ressuscitent pour se venger... Dark Tales&nbsp;: Speaking with the Dead par Edgar Allan Poe, Ed.","og_url":"https:\/\/www.iplay.com\/fr\/games\/dark-tales-edgar-allan-poes-speaking-with-the-dead-collectors-edition\/","og_site_name":"IPlay","og_image":[{"width":310,"height":310,"url":"https:\/\/www.iplay.com\/wp-content\/uploads\/2023\/12\/large_square_tile_image-2797.jpg","type":"image\/jpeg"}],"twitter_card":"summary_large_image","twitter_misc":{"Dur\u00e9e de lecture estim\u00e9e":"1 minute"},"schema":{"@context":"https:\/\/schema.org","@graph":[{"@type":"WebPage","@id":"https:\/\/www.iplay.com\/fr\/games\/dark-tales-edgar-allan-poes-speaking-with-the-dead-collectors-edition\/","url":"https:\/\/www.iplay.com\/fr\/games\/dark-tales-edgar-allan-poes-speaking-with-the-dead-collectors-edition\/","name":"Dark Tales\u00a0: Edgar Allan Poe\u2019s Speaking with the Dead Edition Collector - Les morts reviennent pour se venger dans Dark Tales","isPartOf":{"@id":"https:\/\/www.iplay.com\/en\/#website"},"primaryImageOfPage":{"@id":"https:\/\/www.iplay.com\/fr\/games\/dark-tales-edgar-allan-poes-speaking-with-the-dead-collectors-edition\/#primaryimage"},"image":{"@id":"https:\/\/www.iplay.com\/fr\/games\/dark-tales-edgar-allan-poes-speaking-with-the-dead-collectors-edition\/#primaryimage"},"thumbnailUrl":"https:\/\/www.iplay.com\/wp-content\/uploads\/2023\/12\/large_square_tile_image-2797.jpg","datePublished":"2019-10-05T00:00:00+00:00","description":"Quand les morts ressuscitent pour se venger... Dark Tales&nbsp;: Speaking with the Dead par Edgar Allan Poe, Ed.","breadcrumb":{"@id":"https:\/\/www.iplay.com\/fr\/games\/dark-tales-edgar-allan-poes-speaking-with-the-dead-collectors-edition\/#breadcrumb"},"inLanguage":"fr-FR","potentialAction":[{"@type":"ReadAction","target":["https:\/\/www.iplay.com\/fr\/games\/dark-tales-edgar-allan-poes-speaking-with-the-dead-collectors-edition\/"]}]},{"@type":"ImageObject","inLanguage":"fr-FR","@id":"https:\/\/www.iplay.com\/fr\/games\/dark-tales-edgar-allan-poes-speaking-with-the-dead-collectors-edition\/#primaryimage","url":"https:\/\/www.iplay.com\/wp-content\/uploads\/2023\/12\/large_square_tile_image-2797.jpg","contentUrl":"https:\/\/www.iplay.com\/wp-content\/uploads\/2023\/12\/large_square_tile_image-2797.jpg","width":310,"height":310},{"@type":"BreadcrumbList","@id":"https:\/\/www.iplay.com\/fr\/games\/dark-tales-edgar-allan-poes-speaking-with-the-dead-collectors-edition\/#breadcrumb","itemListElement":[{"@type":"ListItem","position":1,"name":"Home","item":"https:\/\/www.iplay.com\/fr\/home-page-2\/"},{"@type":"ListItem","position":2,"name":"Shop","item":"https:\/\/www.iplay.com\/en\/shop\/"},{"@type":"ListItem","position":3,"name":"Dark Tales: Edgar Allan Poe&#8217;s Speaking with the Dead Collector&#8217;s Edition"}]},{"@type":"WebSite","@id":"https:\/\/www.iplay.com\/en\/#website","url":"https:\/\/www.iplay.com\/en\/","name":"IPlay","description":"The Best Casual Games!","publisher":{"@id":"https:\/\/www.iplay.com\/en\/#organization"},"potentialAction":[{"@type":"SearchAction","target":{"@type":"EntryPoint","urlTemplate":"https:\/\/www.iplay.com\/en\/?s={search_term_string}"},"query-input":{"@type":"PropertyValueSpecification","valueRequired":true,"valueName":"search_term_string"}}],"inLanguage":"fr-FR"},{"@type":"Organization","@id":"https:\/\/www.iplay.com\/en\/#organization","name":"IPlay","url":"https:\/\/www.iplay.com\/en\/","logo":{"@type":"ImageObject","inLanguage":"fr-FR","@id":"https:\/\/www.iplay.com\/en\/#\/schema\/logo\/image\/","url":"https:\/\/www.iplay.com\/wp-content\/uploads\/2023\/11\/Group-6100.svg","contentUrl":"https:\/\/www.iplay.com\/wp-content\/uploads\/2023\/11\/Group-6100.svg","width":98,"height":25,"caption":"IPlay"},"image":{"@id":"https:\/\/www.iplay.com\/en\/#\/schema\/logo\/image\/"}}]}},"_links":{"self":[{"href":"https:\/\/www.iplay.com\/fr\/wp-json\/wp\/v2\/product\/139831","targetHints":{"allow":["GET"]}}],"collection":[{"href":"https:\/\/www.iplay.com\/fr\/wp-json\/wp\/v2\/product"}],"about":[{"href":"https:\/\/www.iplay.com\/fr\/wp-json\/wp\/v2\/types\/product"}],"author":[{"embeddable":true,"href":"https:\/\/www.iplay.com\/fr\/wp-json\/wp\/v2\/users\/17"}],"replies":[{"embeddable":true,"href":"https:\/\/www.iplay.com\/fr\/wp-json\/wp\/v2\/comments?post=139831"}],"wp:featuredmedia":[{"embeddable":true,"href":"https:\/\/www.iplay.com\/fr\/wp-json\/wp\/v2\/media\/84582"}],"wp:attachment":[{"href":"https:\/\/www.iplay.com\/fr\/wp-json\/wp\/v2\/media?parent=139831"}],"wp:term":[{"taxonomy":"product_brand","embeddable":true,"href":"https:\/\/www.iplay.com\/fr\/wp-json\/wp\/v2\/product_brand?post=139831"},{"taxonomy":"product_cat","embeddable":true,"href":"https:\/\/www.iplay.com\/fr\/wp-json\/wp\/v2\/product_cat?post=139831"},{"taxonomy":"product_tag","embeddable":true,"href":"https:\/\/www.iplay.com\/fr\/wp-json\/wp\/v2\/product_tag?post=139831"}],"curies":[{"name":"wp","href":"https:\/\/api.w.org\/{rel}","templated":true}]}}