{"id":139828,"date":"2019-10-06T00:00:01","date_gmt":"2019-10-06T00:00:01","guid":{"rendered":"https:\/\/www.iplay.com\/games\/nevertales-the-abomination\/"},"modified":"2019-10-06T00:00:01","modified_gmt":"2019-10-06T00:00:01","slug":"nevertales-the-abomination","status":"publish","type":"product","link":"https:\/\/www.iplay.com\/fr\/games\/nevertales-the-abomination\/","title":{"rendered":"Nevertales: The Abomination"},"content":{"rendered":"<p>Savourez une autre histoire fascinante de leur s\u00e9rie \u00e0 succ\u00e8s, <em>Nevertales<\/em> ! Le Monde des Quatre Royaumes est en train d\u2019\u00eatre d\u00e9vor\u00e9 par la terrifiante Abomination. En tant que jeune adepte, vous avez \u00e9t\u00e9 s\u00e9lectionn\u00e9 par l\u2019Archimage Trevana pour voyager au-del\u00e0 du temps et de l\u2019espace afin de rencontrer et de demander de l\u2019aide \u00e0 l\u2019\u00e9nigmatique Auteur. Obtenez des fournitures et cr\u00e9ez des sorts pour combattre cette force mal\u00e9fique d\u00e9vorante et redonner espoir \u00e0 votre monde. Vous devez parler, mais votre \u00e9crivain vous entendra-t-il ? Jouez \u00e0 ce poignant jeu d\u2019aventure et de puzzle d\u2019objets cach\u00e9s pour le d\u00e9couvrir !    <\/p>\n<p>&nbsp;<\/p>\n<p>&nbsp;<\/p>\n<p><strong>Fonctionnalit\u00e9s:<\/strong><\/p>\n<p>&nbsp;<\/p>\n<p>&#8211; Jeux d\u2019objets cach\u00e9s int\u00e9ressants<\/p>\n<p>&#8211; Simple \u00e0 apprendre et \u00e0 r\u00e9aliser<\/p>\n<p>&#8211; Voir de nombreux sites \u00e0 couper le souffle<\/p>\n","protected":false},"excerpt":{"rendered":"<p>L\u2019Abomination dit qu\u2019il an\u00e9antira toute vie ! Est-il possible de l\u2019arr\u00eater \u00e0 Nevertales ? L\u2019Abomination  <\/p>\n","protected":false},"author":17,"featured_media":84566,"comment_status":"open","ping_status":"closed","template":"","meta":{"_acf_changed":false,"inline_featured_image":false},"product_brand":[],"product_cat":[165],"product_tag":[287],"class_list":{"0":"post-139828","1":"product","2":"type-product","3":"status-publish","4":"has-post-thumbnail","6":"product_cat-hidden-object-fr","7":"product_tag-play-on-pc-fr","9":"first","10":"instock","11":"shipping-taxable","12":"purchasable","13":"product-type-simple"},"acf":[],"yoast_head":"<!-- This site is optimized with the Yoast SEO Premium plugin v25.2 (Yoast SEO v25.2) - https:\/\/yoast.com\/wordpress\/plugins\/seo\/ -->\n<title>Nevertales\u00a0: L\u2019Abomination - Arr\u00eatez l\u2019Abomination !<\/title>\n<meta name=\"description\" content=\"L\u2019Abomination dit qu\u2019il an\u00e9antira toute vie ! Est-il possible de l\u2019arr\u00eater \u00e0 Nevertales ? L\u2019Abomination\" \/>\n<meta name=\"robots\" content=\"index, follow, max-snippet:-1, max-image-preview:large, max-video-preview:-1\" \/>\n<link rel=\"canonical\" href=\"https:\/\/www.iplay.com\/fr\/games\/nevertales-the-abomination\/\" \/>\n<meta property=\"og:locale\" content=\"fr_FR\" \/>\n<meta property=\"og:type\" content=\"article\" \/>\n<meta property=\"og:title\" content=\"Nevertales: The Abomination\" \/>\n<meta property=\"og:description\" content=\"L\u2019Abomination dit qu\u2019il an\u00e9antira toute vie ! Est-il possible de l\u2019arr\u00eater \u00e0 Nevertales ? L\u2019Abomination\" \/>\n<meta property=\"og:url\" content=\"https:\/\/www.iplay.com\/fr\/games\/nevertales-the-abomination\/\" \/>\n<meta property=\"og:site_name\" content=\"IPlay\" \/>\n<meta property=\"og:image\" content=\"https:\/\/www.iplay.com\/wp-content\/uploads\/2023\/12\/large_square_tile_image-2796.jpg\" \/>\n\t<meta property=\"og:image:width\" content=\"310\" \/>\n\t<meta property=\"og:image:height\" content=\"310\" \/>\n\t<meta property=\"og:image:type\" content=\"image\/jpeg\" \/>\n<meta name=\"twitter:card\" content=\"summary_large_image\" \/>\n<meta name=\"twitter:label1\" content=\"Dur\u00e9e de lecture estim\u00e9e\" \/>\n\t<meta name=\"twitter:data1\" content=\"1 minute\" \/>\n<script type=\"application\/ld+json\" class=\"yoast-schema-graph\">{\"@context\":\"https:\/\/schema.org\",\"@graph\":[{\"@type\":\"WebPage\",\"@id\":\"https:\/\/www.iplay.com\/fr\/games\/nevertales-the-abomination\/\",\"url\":\"https:\/\/www.iplay.com\/fr\/games\/nevertales-the-abomination\/\",\"name\":\"Nevertales\u00a0: L\u2019Abomination - Arr\u00eatez l\u2019Abomination !\",\"isPartOf\":{\"@id\":\"https:\/\/www.iplay.com\/en\/#website\"},\"primaryImageOfPage\":{\"@id\":\"https:\/\/www.iplay.com\/fr\/games\/nevertales-the-abomination\/#primaryimage\"},\"image\":{\"@id\":\"https:\/\/www.iplay.com\/fr\/games\/nevertales-the-abomination\/#primaryimage\"},\"thumbnailUrl\":\"https:\/\/www.iplay.com\/wp-content\/uploads\/2023\/12\/large_square_tile_image-2796.jpg\",\"datePublished\":\"2019-10-06T00:00:01+00:00\",\"description\":\"L\u2019Abomination dit qu\u2019il an\u00e9antira toute vie ! Est-il possible de l\u2019arr\u00eater \u00e0 Nevertales ? L\u2019Abomination\",\"breadcrumb\":{\"@id\":\"https:\/\/www.iplay.com\/fr\/games\/nevertales-the-abomination\/#breadcrumb\"},\"inLanguage\":\"fr-FR\",\"potentialAction\":[{\"@type\":\"ReadAction\",\"target\":[\"https:\/\/www.iplay.com\/fr\/games\/nevertales-the-abomination\/\"]}]},{\"@type\":\"ImageObject\",\"inLanguage\":\"fr-FR\",\"@id\":\"https:\/\/www.iplay.com\/fr\/games\/nevertales-the-abomination\/#primaryimage\",\"url\":\"https:\/\/www.iplay.com\/wp-content\/uploads\/2023\/12\/large_square_tile_image-2796.jpg\",\"contentUrl\":\"https:\/\/www.iplay.com\/wp-content\/uploads\/2023\/12\/large_square_tile_image-2796.jpg\",\"width\":310,\"height\":310},{\"@type\":\"BreadcrumbList\",\"@id\":\"https:\/\/www.iplay.com\/fr\/games\/nevertales-the-abomination\/#breadcrumb\",\"itemListElement\":[{\"@type\":\"ListItem\",\"position\":1,\"name\":\"Home\",\"item\":\"https:\/\/www.iplay.com\/fr\/home-page-2\/\"},{\"@type\":\"ListItem\",\"position\":2,\"name\":\"Shop\",\"item\":\"https:\/\/www.iplay.com\/en\/shop\/\"},{\"@type\":\"ListItem\",\"position\":3,\"name\":\"Nevertales: The Abomination\"}]},{\"@type\":\"WebSite\",\"@id\":\"https:\/\/www.iplay.com\/en\/#website\",\"url\":\"https:\/\/www.iplay.com\/en\/\",\"name\":\"IPlay\",\"description\":\"The Best Casual Games!\",\"publisher\":{\"@id\":\"https:\/\/www.iplay.com\/en\/#organization\"},\"potentialAction\":[{\"@type\":\"SearchAction\",\"target\":{\"@type\":\"EntryPoint\",\"urlTemplate\":\"https:\/\/www.iplay.com\/en\/?s={search_term_string}\"},\"query-input\":{\"@type\":\"PropertyValueSpecification\",\"valueRequired\":true,\"valueName\":\"search_term_string\"}}],\"inLanguage\":\"fr-FR\"},{\"@type\":\"Organization\",\"@id\":\"https:\/\/www.iplay.com\/en\/#organization\",\"name\":\"IPlay\",\"url\":\"https:\/\/www.iplay.com\/en\/\",\"logo\":{\"@type\":\"ImageObject\",\"inLanguage\":\"fr-FR\",\"@id\":\"https:\/\/www.iplay.com\/en\/#\/schema\/logo\/image\/\",\"url\":\"https:\/\/www.iplay.com\/wp-content\/uploads\/2023\/11\/Group-6100.svg\",\"contentUrl\":\"https:\/\/www.iplay.com\/wp-content\/uploads\/2023\/11\/Group-6100.svg\",\"width\":98,\"height\":25,\"caption\":\"IPlay\"},\"image\":{\"@id\":\"https:\/\/www.iplay.com\/en\/#\/schema\/logo\/image\/\"}}]}<\/script>\n<!-- \/ Yoast SEO Premium plugin. -->","yoast_head_json":{"title":"Nevertales\u00a0: L\u2019Abomination - Arr\u00eatez l\u2019Abomination !","description":"L\u2019Abomination dit qu\u2019il an\u00e9antira toute vie ! Est-il possible de l\u2019arr\u00eater \u00e0 Nevertales ? L\u2019Abomination","robots":{"index":"index","follow":"follow","max-snippet":"max-snippet:-1","max-image-preview":"max-image-preview:large","max-video-preview":"max-video-preview:-1"},"canonical":"https:\/\/www.iplay.com\/fr\/games\/nevertales-the-abomination\/","og_locale":"fr_FR","og_type":"article","og_title":"Nevertales: The Abomination","og_description":"L\u2019Abomination dit qu\u2019il an\u00e9antira toute vie ! Est-il possible de l\u2019arr\u00eater \u00e0 Nevertales ? L\u2019Abomination","og_url":"https:\/\/www.iplay.com\/fr\/games\/nevertales-the-abomination\/","og_site_name":"IPlay","og_image":[{"width":310,"height":310,"url":"https:\/\/www.iplay.com\/wp-content\/uploads\/2023\/12\/large_square_tile_image-2796.jpg","type":"image\/jpeg"}],"twitter_card":"summary_large_image","twitter_misc":{"Dur\u00e9e de lecture estim\u00e9e":"1 minute"},"schema":{"@context":"https:\/\/schema.org","@graph":[{"@type":"WebPage","@id":"https:\/\/www.iplay.com\/fr\/games\/nevertales-the-abomination\/","url":"https:\/\/www.iplay.com\/fr\/games\/nevertales-the-abomination\/","name":"Nevertales\u00a0: L\u2019Abomination - Arr\u00eatez l\u2019Abomination !","isPartOf":{"@id":"https:\/\/www.iplay.com\/en\/#website"},"primaryImageOfPage":{"@id":"https:\/\/www.iplay.com\/fr\/games\/nevertales-the-abomination\/#primaryimage"},"image":{"@id":"https:\/\/www.iplay.com\/fr\/games\/nevertales-the-abomination\/#primaryimage"},"thumbnailUrl":"https:\/\/www.iplay.com\/wp-content\/uploads\/2023\/12\/large_square_tile_image-2796.jpg","datePublished":"2019-10-06T00:00:01+00:00","description":"L\u2019Abomination dit qu\u2019il an\u00e9antira toute vie ! Est-il possible de l\u2019arr\u00eater \u00e0 Nevertales ? L\u2019Abomination","breadcrumb":{"@id":"https:\/\/www.iplay.com\/fr\/games\/nevertales-the-abomination\/#breadcrumb"},"inLanguage":"fr-FR","potentialAction":[{"@type":"ReadAction","target":["https:\/\/www.iplay.com\/fr\/games\/nevertales-the-abomination\/"]}]},{"@type":"ImageObject","inLanguage":"fr-FR","@id":"https:\/\/www.iplay.com\/fr\/games\/nevertales-the-abomination\/#primaryimage","url":"https:\/\/www.iplay.com\/wp-content\/uploads\/2023\/12\/large_square_tile_image-2796.jpg","contentUrl":"https:\/\/www.iplay.com\/wp-content\/uploads\/2023\/12\/large_square_tile_image-2796.jpg","width":310,"height":310},{"@type":"BreadcrumbList","@id":"https:\/\/www.iplay.com\/fr\/games\/nevertales-the-abomination\/#breadcrumb","itemListElement":[{"@type":"ListItem","position":1,"name":"Home","item":"https:\/\/www.iplay.com\/fr\/home-page-2\/"},{"@type":"ListItem","position":2,"name":"Shop","item":"https:\/\/www.iplay.com\/en\/shop\/"},{"@type":"ListItem","position":3,"name":"Nevertales: The Abomination"}]},{"@type":"WebSite","@id":"https:\/\/www.iplay.com\/en\/#website","url":"https:\/\/www.iplay.com\/en\/","name":"IPlay","description":"The Best Casual Games!","publisher":{"@id":"https:\/\/www.iplay.com\/en\/#organization"},"potentialAction":[{"@type":"SearchAction","target":{"@type":"EntryPoint","urlTemplate":"https:\/\/www.iplay.com\/en\/?s={search_term_string}"},"query-input":{"@type":"PropertyValueSpecification","valueRequired":true,"valueName":"search_term_string"}}],"inLanguage":"fr-FR"},{"@type":"Organization","@id":"https:\/\/www.iplay.com\/en\/#organization","name":"IPlay","url":"https:\/\/www.iplay.com\/en\/","logo":{"@type":"ImageObject","inLanguage":"fr-FR","@id":"https:\/\/www.iplay.com\/en\/#\/schema\/logo\/image\/","url":"https:\/\/www.iplay.com\/wp-content\/uploads\/2023\/11\/Group-6100.svg","contentUrl":"https:\/\/www.iplay.com\/wp-content\/uploads\/2023\/11\/Group-6100.svg","width":98,"height":25,"caption":"IPlay"},"image":{"@id":"https:\/\/www.iplay.com\/en\/#\/schema\/logo\/image\/"}}]}},"_links":{"self":[{"href":"https:\/\/www.iplay.com\/fr\/wp-json\/wp\/v2\/product\/139828","targetHints":{"allow":["GET"]}}],"collection":[{"href":"https:\/\/www.iplay.com\/fr\/wp-json\/wp\/v2\/product"}],"about":[{"href":"https:\/\/www.iplay.com\/fr\/wp-json\/wp\/v2\/types\/product"}],"author":[{"embeddable":true,"href":"https:\/\/www.iplay.com\/fr\/wp-json\/wp\/v2\/users\/17"}],"replies":[{"embeddable":true,"href":"https:\/\/www.iplay.com\/fr\/wp-json\/wp\/v2\/comments?post=139828"}],"wp:featuredmedia":[{"embeddable":true,"href":"https:\/\/www.iplay.com\/fr\/wp-json\/wp\/v2\/media\/84566"}],"wp:attachment":[{"href":"https:\/\/www.iplay.com\/fr\/wp-json\/wp\/v2\/media?parent=139828"}],"wp:term":[{"taxonomy":"product_brand","embeddable":true,"href":"https:\/\/www.iplay.com\/fr\/wp-json\/wp\/v2\/product_brand?post=139828"},{"taxonomy":"product_cat","embeddable":true,"href":"https:\/\/www.iplay.com\/fr\/wp-json\/wp\/v2\/product_cat?post=139828"},{"taxonomy":"product_tag","embeddable":true,"href":"https:\/\/www.iplay.com\/fr\/wp-json\/wp\/v2\/product_tag?post=139828"}],"curies":[{"name":"wp","href":"https:\/\/api.w.org\/{rel}","templated":true}]}}