{"id":139816,"date":"2019-10-02T00:00:00","date_gmt":"2019-10-02T00:00:00","guid":{"rendered":"https:\/\/www.iplay.com\/games\/dreamland-solitaire-dragons-fury\/"},"modified":"2019-10-02T00:00:00","modified_gmt":"2019-10-02T00:00:00","slug":"dreamland-solitaire-dragons-fury","status":"publish","type":"product","link":"https:\/\/www.iplay.com\/fr\/games\/dreamland-solitaire-dragons-fury\/","title":{"rendered":"Dreamland Solitaire: Dragon&#8217;s Fury"},"content":{"rendered":"<p>Lorsque le feu d\u2019un dragon illumine le ciel nocturne et r\u00e9duit en cendres un humble village, une seule f\u00e9e peut remettre les pendules \u00e0 l\u2019heure. Vous devez jouer le r\u00f4le de cette cr\u00e9ature enchanteresse alors qu\u2019elle accomplit des qu\u00eates dans sa recherche de la raison pour laquelle cette trag\u00e9die s\u2019est produite. Pour terminer votre voyage, vous devrez vider l\u2019\u00e9cran de divers arrangements de cartes en d\u00e9couvrant et en jouant des cartes qui sont une fois plus haut ou plus bas que la carte en haut du jeu. Ce jeu apparemment simple contient des profondeurs intelligentes, surtout lorsqu\u2019elles sont combin\u00e9es avec des obstacles d\u00e9licats, les outils qui peuvent les \u00e9liminer et votre inf\u00e2me ennemi &#8211; une araign\u00e9e qui tissera sa toile autour de vos cartes les plus d\u00e9sir\u00e9es ! Avec ses jeux de cartes \u00e9poustouflants, ses d\u00e9cors magnifiques et son gameplay magique, Dreamland Solitaire&nbsp;: Dragon\u2019s Fury vous jettera un sort de d\u00e9lice !    <\/p>\n<p>&nbsp;<\/p>\n<p>&nbsp;<\/p>\n<p><strong>Fonctionnalit\u00e9s:<\/strong><\/p>\n<p>&nbsp;<\/p>\n<p>&#8211; Profitez d\u2019une histoire d\u2019aventure<br \/>\n fascinante- Terminez des dizaines de niveaux<br \/>\n captivants- Utilisez des jokers et des jokers pour gagner<br \/>\n&#8211; Am\u00e9liorez les sorts et les bonus dans la boutique<br \/>\n&#8211; Restaurez la maison d\u2019une f\u00e9e, un village, et plus encore<\/p>\n","protected":false},"excerpt":{"rendered":"<p>Dans un royaume magique ! Dreamland Solitaire&nbsp;: Dragon\u2019s Fury va vous rendre vraiment heureux ! <\/p>\n","protected":false},"author":8,"featured_media":92372,"comment_status":"open","ping_status":"closed","template":"","meta":{"_acf_changed":false,"inline_featured_image":false},"product_brand":[],"product_cat":[155,207],"product_tag":[287],"class_list":{"0":"post-139816","1":"product","2":"type-product","3":"status-publish","4":"has-post-thumbnail","6":"product_cat-card-fr-2","7":"product_cat-solitaire-fr","8":"product_tag-play-on-pc-fr","10":"first","11":"instock","12":"shipping-taxable","13":"purchasable","14":"product-type-simple"},"acf":[],"yoast_head":"<!-- This site is optimized with the Yoast SEO Premium plugin v25.2 (Yoast SEO v25.2) - https:\/\/yoast.com\/wordpress\/plugins\/seo\/ -->\n<title>Dreamland Solitaire\u00a0: Dragon\u2019s Fury - Une qu\u00eate de solitaire fantastique<\/title>\n<meta name=\"description\" content=\"Dans un royaume magique ! Dreamland Solitaire&nbsp;: Dragon\u2019s Fury va vous rendre vraiment heureux !\" \/>\n<meta name=\"robots\" content=\"index, follow, max-snippet:-1, max-image-preview:large, max-video-preview:-1\" \/>\n<link rel=\"canonical\" href=\"https:\/\/www.iplay.com\/fr\/games\/dreamland-solitaire-dragons-fury\/\" \/>\n<meta property=\"og:locale\" content=\"fr_FR\" \/>\n<meta property=\"og:type\" content=\"article\" \/>\n<meta property=\"og:title\" content=\"Dreamland Solitaire: Dragon&#039;s Fury\" \/>\n<meta property=\"og:description\" content=\"Dans un royaume magique ! Dreamland Solitaire&nbsp;: Dragon\u2019s Fury va vous rendre vraiment heureux !\" \/>\n<meta property=\"og:url\" content=\"https:\/\/www.iplay.com\/fr\/games\/dreamland-solitaire-dragons-fury\/\" \/>\n<meta property=\"og:site_name\" content=\"IPlay\" \/>\n<meta property=\"og:image\" content=\"https:\/\/www.iplay.com\/wp-content\/uploads\/2023\/12\/large_square_tile_image-3289.jpg\" \/>\n\t<meta property=\"og:image:width\" content=\"310\" \/>\n\t<meta property=\"og:image:height\" content=\"310\" \/>\n\t<meta property=\"og:image:type\" content=\"image\/jpeg\" \/>\n<meta name=\"twitter:card\" content=\"summary_large_image\" \/>\n<meta name=\"twitter:label1\" content=\"Dur\u00e9e de lecture estim\u00e9e\" \/>\n\t<meta name=\"twitter:data1\" content=\"1 minute\" \/>\n<script type=\"application\/ld+json\" class=\"yoast-schema-graph\">{\"@context\":\"https:\/\/schema.org\",\"@graph\":[{\"@type\":\"WebPage\",\"@id\":\"https:\/\/www.iplay.com\/fr\/games\/dreamland-solitaire-dragons-fury\/\",\"url\":\"https:\/\/www.iplay.com\/fr\/games\/dreamland-solitaire-dragons-fury\/\",\"name\":\"Dreamland Solitaire\u00a0: Dragon\u2019s Fury - Une qu\u00eate de solitaire fantastique\",\"isPartOf\":{\"@id\":\"https:\/\/www.iplay.com\/en\/#website\"},\"primaryImageOfPage\":{\"@id\":\"https:\/\/www.iplay.com\/fr\/games\/dreamland-solitaire-dragons-fury\/#primaryimage\"},\"image\":{\"@id\":\"https:\/\/www.iplay.com\/fr\/games\/dreamland-solitaire-dragons-fury\/#primaryimage\"},\"thumbnailUrl\":\"https:\/\/www.iplay.com\/wp-content\/uploads\/2023\/12\/large_square_tile_image-3289.jpg\",\"datePublished\":\"2019-10-02T00:00:00+00:00\",\"description\":\"Dans un royaume magique ! Dreamland Solitaire&nbsp;: Dragon\u2019s Fury va vous rendre vraiment heureux !\",\"breadcrumb\":{\"@id\":\"https:\/\/www.iplay.com\/fr\/games\/dreamland-solitaire-dragons-fury\/#breadcrumb\"},\"inLanguage\":\"fr-FR\",\"potentialAction\":[{\"@type\":\"ReadAction\",\"target\":[\"https:\/\/www.iplay.com\/fr\/games\/dreamland-solitaire-dragons-fury\/\"]}]},{\"@type\":\"ImageObject\",\"inLanguage\":\"fr-FR\",\"@id\":\"https:\/\/www.iplay.com\/fr\/games\/dreamland-solitaire-dragons-fury\/#primaryimage\",\"url\":\"https:\/\/www.iplay.com\/wp-content\/uploads\/2023\/12\/large_square_tile_image-3289.jpg\",\"contentUrl\":\"https:\/\/www.iplay.com\/wp-content\/uploads\/2023\/12\/large_square_tile_image-3289.jpg\",\"width\":310,\"height\":310},{\"@type\":\"BreadcrumbList\",\"@id\":\"https:\/\/www.iplay.com\/fr\/games\/dreamland-solitaire-dragons-fury\/#breadcrumb\",\"itemListElement\":[{\"@type\":\"ListItem\",\"position\":1,\"name\":\"Home\",\"item\":\"https:\/\/www.iplay.com\/fr\/home-page-2\/\"},{\"@type\":\"ListItem\",\"position\":2,\"name\":\"Shop\",\"item\":\"https:\/\/www.iplay.com\/en\/shop\/\"},{\"@type\":\"ListItem\",\"position\":3,\"name\":\"Dreamland Solitaire: Dragon&#8217;s Fury\"}]},{\"@type\":\"WebSite\",\"@id\":\"https:\/\/www.iplay.com\/en\/#website\",\"url\":\"https:\/\/www.iplay.com\/en\/\",\"name\":\"IPlay\",\"description\":\"The Best Casual Games!\",\"publisher\":{\"@id\":\"https:\/\/www.iplay.com\/en\/#organization\"},\"potentialAction\":[{\"@type\":\"SearchAction\",\"target\":{\"@type\":\"EntryPoint\",\"urlTemplate\":\"https:\/\/www.iplay.com\/en\/?s={search_term_string}\"},\"query-input\":{\"@type\":\"PropertyValueSpecification\",\"valueRequired\":true,\"valueName\":\"search_term_string\"}}],\"inLanguage\":\"fr-FR\"},{\"@type\":\"Organization\",\"@id\":\"https:\/\/www.iplay.com\/en\/#organization\",\"name\":\"IPlay\",\"url\":\"https:\/\/www.iplay.com\/en\/\",\"logo\":{\"@type\":\"ImageObject\",\"inLanguage\":\"fr-FR\",\"@id\":\"https:\/\/www.iplay.com\/en\/#\/schema\/logo\/image\/\",\"url\":\"https:\/\/www.iplay.com\/wp-content\/uploads\/2023\/11\/Group-6100.svg\",\"contentUrl\":\"https:\/\/www.iplay.com\/wp-content\/uploads\/2023\/11\/Group-6100.svg\",\"width\":98,\"height\":25,\"caption\":\"IPlay\"},\"image\":{\"@id\":\"https:\/\/www.iplay.com\/en\/#\/schema\/logo\/image\/\"}}]}<\/script>\n<!-- \/ Yoast SEO Premium plugin. -->","yoast_head_json":{"title":"Dreamland Solitaire\u00a0: Dragon\u2019s Fury - Une qu\u00eate de solitaire fantastique","description":"Dans un royaume magique ! Dreamland Solitaire&nbsp;: Dragon\u2019s Fury va vous rendre vraiment heureux !","robots":{"index":"index","follow":"follow","max-snippet":"max-snippet:-1","max-image-preview":"max-image-preview:large","max-video-preview":"max-video-preview:-1"},"canonical":"https:\/\/www.iplay.com\/fr\/games\/dreamland-solitaire-dragons-fury\/","og_locale":"fr_FR","og_type":"article","og_title":"Dreamland Solitaire: Dragon's Fury","og_description":"Dans un royaume magique ! Dreamland Solitaire&nbsp;: Dragon\u2019s Fury va vous rendre vraiment heureux !","og_url":"https:\/\/www.iplay.com\/fr\/games\/dreamland-solitaire-dragons-fury\/","og_site_name":"IPlay","og_image":[{"width":310,"height":310,"url":"https:\/\/www.iplay.com\/wp-content\/uploads\/2023\/12\/large_square_tile_image-3289.jpg","type":"image\/jpeg"}],"twitter_card":"summary_large_image","twitter_misc":{"Dur\u00e9e de lecture estim\u00e9e":"1 minute"},"schema":{"@context":"https:\/\/schema.org","@graph":[{"@type":"WebPage","@id":"https:\/\/www.iplay.com\/fr\/games\/dreamland-solitaire-dragons-fury\/","url":"https:\/\/www.iplay.com\/fr\/games\/dreamland-solitaire-dragons-fury\/","name":"Dreamland Solitaire\u00a0: Dragon\u2019s Fury - Une qu\u00eate de solitaire fantastique","isPartOf":{"@id":"https:\/\/www.iplay.com\/en\/#website"},"primaryImageOfPage":{"@id":"https:\/\/www.iplay.com\/fr\/games\/dreamland-solitaire-dragons-fury\/#primaryimage"},"image":{"@id":"https:\/\/www.iplay.com\/fr\/games\/dreamland-solitaire-dragons-fury\/#primaryimage"},"thumbnailUrl":"https:\/\/www.iplay.com\/wp-content\/uploads\/2023\/12\/large_square_tile_image-3289.jpg","datePublished":"2019-10-02T00:00:00+00:00","description":"Dans un royaume magique ! Dreamland Solitaire&nbsp;: Dragon\u2019s Fury va vous rendre vraiment heureux !","breadcrumb":{"@id":"https:\/\/www.iplay.com\/fr\/games\/dreamland-solitaire-dragons-fury\/#breadcrumb"},"inLanguage":"fr-FR","potentialAction":[{"@type":"ReadAction","target":["https:\/\/www.iplay.com\/fr\/games\/dreamland-solitaire-dragons-fury\/"]}]},{"@type":"ImageObject","inLanguage":"fr-FR","@id":"https:\/\/www.iplay.com\/fr\/games\/dreamland-solitaire-dragons-fury\/#primaryimage","url":"https:\/\/www.iplay.com\/wp-content\/uploads\/2023\/12\/large_square_tile_image-3289.jpg","contentUrl":"https:\/\/www.iplay.com\/wp-content\/uploads\/2023\/12\/large_square_tile_image-3289.jpg","width":310,"height":310},{"@type":"BreadcrumbList","@id":"https:\/\/www.iplay.com\/fr\/games\/dreamland-solitaire-dragons-fury\/#breadcrumb","itemListElement":[{"@type":"ListItem","position":1,"name":"Home","item":"https:\/\/www.iplay.com\/fr\/home-page-2\/"},{"@type":"ListItem","position":2,"name":"Shop","item":"https:\/\/www.iplay.com\/en\/shop\/"},{"@type":"ListItem","position":3,"name":"Dreamland Solitaire: Dragon&#8217;s Fury"}]},{"@type":"WebSite","@id":"https:\/\/www.iplay.com\/en\/#website","url":"https:\/\/www.iplay.com\/en\/","name":"IPlay","description":"The Best Casual Games!","publisher":{"@id":"https:\/\/www.iplay.com\/en\/#organization"},"potentialAction":[{"@type":"SearchAction","target":{"@type":"EntryPoint","urlTemplate":"https:\/\/www.iplay.com\/en\/?s={search_term_string}"},"query-input":{"@type":"PropertyValueSpecification","valueRequired":true,"valueName":"search_term_string"}}],"inLanguage":"fr-FR"},{"@type":"Organization","@id":"https:\/\/www.iplay.com\/en\/#organization","name":"IPlay","url":"https:\/\/www.iplay.com\/en\/","logo":{"@type":"ImageObject","inLanguage":"fr-FR","@id":"https:\/\/www.iplay.com\/en\/#\/schema\/logo\/image\/","url":"https:\/\/www.iplay.com\/wp-content\/uploads\/2023\/11\/Group-6100.svg","contentUrl":"https:\/\/www.iplay.com\/wp-content\/uploads\/2023\/11\/Group-6100.svg","width":98,"height":25,"caption":"IPlay"},"image":{"@id":"https:\/\/www.iplay.com\/en\/#\/schema\/logo\/image\/"}}]}},"_links":{"self":[{"href":"https:\/\/www.iplay.com\/fr\/wp-json\/wp\/v2\/product\/139816","targetHints":{"allow":["GET"]}}],"collection":[{"href":"https:\/\/www.iplay.com\/fr\/wp-json\/wp\/v2\/product"}],"about":[{"href":"https:\/\/www.iplay.com\/fr\/wp-json\/wp\/v2\/types\/product"}],"author":[{"embeddable":true,"href":"https:\/\/www.iplay.com\/fr\/wp-json\/wp\/v2\/users\/8"}],"replies":[{"embeddable":true,"href":"https:\/\/www.iplay.com\/fr\/wp-json\/wp\/v2\/comments?post=139816"}],"wp:featuredmedia":[{"embeddable":true,"href":"https:\/\/www.iplay.com\/fr\/wp-json\/wp\/v2\/media\/92372"}],"wp:attachment":[{"href":"https:\/\/www.iplay.com\/fr\/wp-json\/wp\/v2\/media?parent=139816"}],"wp:term":[{"taxonomy":"product_brand","embeddable":true,"href":"https:\/\/www.iplay.com\/fr\/wp-json\/wp\/v2\/product_brand?post=139816"},{"taxonomy":"product_cat","embeddable":true,"href":"https:\/\/www.iplay.com\/fr\/wp-json\/wp\/v2\/product_cat?post=139816"},{"taxonomy":"product_tag","embeddable":true,"href":"https:\/\/www.iplay.com\/fr\/wp-json\/wp\/v2\/product_tag?post=139816"}],"curies":[{"name":"wp","href":"https:\/\/api.w.org\/{rel}","templated":true}]}}