{"id":139810,"date":"2019-09-30T00:00:01","date_gmt":"2019-09-30T00:00:01","guid":{"rendered":"https:\/\/www.iplay.com\/games\/whispered-secrets-cursed-wealth-collectors-edition\/"},"modified":"2019-09-30T00:00:01","modified_gmt":"2019-09-30T00:00:01","slug":"whispered-secrets-cursed-wealth-collectors-edition","status":"publish","type":"product","link":"https:\/\/www.iplay.com\/fr\/games\/whispered-secrets-cursed-wealth-collectors-edition\/","title":{"rendered":"Whispered Secrets: Cursed Wealth Collector&#8217;s Edition"},"content":{"rendered":"<p>Explorez le chapitre le plus r\u00e9cent et le plus effrayant de la s\u00e9rie <em>Whispered Secrets<\/em> avec curiosit\u00e9 et excitation ! Vous passez \u00e0 l\u2019action pour enqu\u00eater sur les soup\u00e7ons de votre ami selon lesquels la mort r\u00e9cente de sa femme \u00e9tait le r\u00e9sultat d\u2019un meurtre ! R\u00e9soudre le crime ne sera pas simple, car il y a de nombreux suspects dans le ch\u00e2teau. Avant qu\u2019il ne soit trop tard, pouvez-vous d\u00e9couvrir la v\u00e9rit\u00e9 sur une fortune maudite pendant qu\u2019un esprit myst\u00e9rieux vous suit partout ? Dans ce passionnant voyage de puzzle d\u2019objets cach\u00e9s, d\u00e9couvrez-le !    <\/p>\n<p>&nbsp;<\/p>\n<p>&nbsp;<\/p>\n<p><strong>Fonctionnalit\u00e9s:<\/strong><\/p>\n<p>&nbsp;<\/p>\n<p>&#8211; D\u00e9couvrez les myst\u00e8res de Castle Mason dans le jeu suppl\u00e9mentaire !<br \/>\n&#8211; Revivez vos meilleurs mini-jeux et SOC pour d\u00e9bloquer des succ\u00e8s !<br \/>\n&#8211; Il y a des objets m\u00e9tamorphes, des pi\u00e8ces de puzzle et des tonnes de cartes \u00e0 trouver !<br \/>\n&#8211; Profitez de films sp\u00e9ciaux, de musique, d\u2019art conceptuel, de fonds d\u2019\u00e9cran et bien plus encore !<br \/>\n&#8211; Utilisez le guide de strat\u00e9gie pour ne jamais vous perdre.<\/p>\n","protected":false},"excerpt":{"rendered":"<p>Pouvez-vous d\u00e9couvrir les informations cach\u00e9es par les murs du ch\u00e2teau ? Richesse maudite, Secrets chuchot\u00e9s, CE <\/p>\n","protected":false},"author":17,"featured_media":92404,"comment_status":"open","ping_status":"closed","template":"","meta":{"_acf_changed":false,"inline_featured_image":false},"product_brand":[],"product_cat":[165],"product_tag":[287],"class_list":{"0":"post-139810","1":"product","2":"type-product","3":"status-publish","4":"has-post-thumbnail","6":"product_cat-hidden-object-fr","7":"product_tag-play-on-pc-fr","9":"first","10":"instock","11":"shipping-taxable","12":"purchasable","13":"product-type-simple"},"acf":[],"yoast_head":"<!-- This site is optimized with the Yoast SEO Premium plugin v25.2 (Yoast SEO v25.2) - https:\/\/yoast.com\/wordpress\/plugins\/seo\/ -->\n<title>Whispered Secrets\u00a0: Cursed Wealth \u00c9dition Collector - D\u00e9couvrez la v\u00e9rit\u00e9 cach\u00e9e derri\u00e8re les anciens murs du ch\u00e2teau<\/title>\n<meta name=\"description\" content=\"Pouvez-vous d\u00e9couvrir les informations cach\u00e9es par les murs du ch\u00e2teau ? Richesse maudite, Secrets chuchot\u00e9s, CE\" \/>\n<meta name=\"robots\" content=\"index, follow, max-snippet:-1, max-image-preview:large, max-video-preview:-1\" \/>\n<link rel=\"canonical\" href=\"https:\/\/www.iplay.com\/fr\/games\/whispered-secrets-cursed-wealth-collectors-edition\/\" \/>\n<meta property=\"og:locale\" content=\"fr_FR\" \/>\n<meta property=\"og:type\" content=\"article\" \/>\n<meta property=\"og:title\" content=\"Whispered Secrets: Cursed Wealth Collector&#039;s Edition\" \/>\n<meta property=\"og:description\" content=\"Pouvez-vous d\u00e9couvrir les informations cach\u00e9es par les murs du ch\u00e2teau ? Richesse maudite, Secrets chuchot\u00e9s, CE\" \/>\n<meta property=\"og:url\" content=\"https:\/\/www.iplay.com\/fr\/games\/whispered-secrets-cursed-wealth-collectors-edition\/\" \/>\n<meta property=\"og:site_name\" content=\"IPlay\" \/>\n<meta property=\"og:image\" content=\"https:\/\/www.iplay.com\/wp-content\/uploads\/2023\/12\/large_square_tile_image-3291.jpg\" \/>\n\t<meta property=\"og:image:width\" content=\"310\" \/>\n\t<meta property=\"og:image:height\" content=\"310\" \/>\n\t<meta property=\"og:image:type\" content=\"image\/jpeg\" \/>\n<meta name=\"twitter:card\" content=\"summary_large_image\" \/>\n<meta name=\"twitter:label1\" content=\"Dur\u00e9e de lecture estim\u00e9e\" \/>\n\t<meta name=\"twitter:data1\" content=\"1 minute\" \/>\n<script type=\"application\/ld+json\" class=\"yoast-schema-graph\">{\"@context\":\"https:\/\/schema.org\",\"@graph\":[{\"@type\":\"WebPage\",\"@id\":\"https:\/\/www.iplay.com\/fr\/games\/whispered-secrets-cursed-wealth-collectors-edition\/\",\"url\":\"https:\/\/www.iplay.com\/fr\/games\/whispered-secrets-cursed-wealth-collectors-edition\/\",\"name\":\"Whispered Secrets\u00a0: Cursed Wealth \u00c9dition Collector - D\u00e9couvrez la v\u00e9rit\u00e9 cach\u00e9e derri\u00e8re les anciens murs du ch\u00e2teau\",\"isPartOf\":{\"@id\":\"https:\/\/www.iplay.com\/en\/#website\"},\"primaryImageOfPage\":{\"@id\":\"https:\/\/www.iplay.com\/fr\/games\/whispered-secrets-cursed-wealth-collectors-edition\/#primaryimage\"},\"image\":{\"@id\":\"https:\/\/www.iplay.com\/fr\/games\/whispered-secrets-cursed-wealth-collectors-edition\/#primaryimage\"},\"thumbnailUrl\":\"https:\/\/www.iplay.com\/wp-content\/uploads\/2023\/12\/large_square_tile_image-3291.jpg\",\"datePublished\":\"2019-09-30T00:00:01+00:00\",\"description\":\"Pouvez-vous d\u00e9couvrir les informations cach\u00e9es par les murs du ch\u00e2teau ? Richesse maudite, Secrets chuchot\u00e9s, CE\",\"breadcrumb\":{\"@id\":\"https:\/\/www.iplay.com\/fr\/games\/whispered-secrets-cursed-wealth-collectors-edition\/#breadcrumb\"},\"inLanguage\":\"fr-FR\",\"potentialAction\":[{\"@type\":\"ReadAction\",\"target\":[\"https:\/\/www.iplay.com\/fr\/games\/whispered-secrets-cursed-wealth-collectors-edition\/\"]}]},{\"@type\":\"ImageObject\",\"inLanguage\":\"fr-FR\",\"@id\":\"https:\/\/www.iplay.com\/fr\/games\/whispered-secrets-cursed-wealth-collectors-edition\/#primaryimage\",\"url\":\"https:\/\/www.iplay.com\/wp-content\/uploads\/2023\/12\/large_square_tile_image-3291.jpg\",\"contentUrl\":\"https:\/\/www.iplay.com\/wp-content\/uploads\/2023\/12\/large_square_tile_image-3291.jpg\",\"width\":310,\"height\":310},{\"@type\":\"BreadcrumbList\",\"@id\":\"https:\/\/www.iplay.com\/fr\/games\/whispered-secrets-cursed-wealth-collectors-edition\/#breadcrumb\",\"itemListElement\":[{\"@type\":\"ListItem\",\"position\":1,\"name\":\"Home\",\"item\":\"https:\/\/www.iplay.com\/fr\/home-page-2\/\"},{\"@type\":\"ListItem\",\"position\":2,\"name\":\"Shop\",\"item\":\"https:\/\/www.iplay.com\/en\/shop\/\"},{\"@type\":\"ListItem\",\"position\":3,\"name\":\"Whispered Secrets: Cursed Wealth Collector&#8217;s Edition\"}]},{\"@type\":\"WebSite\",\"@id\":\"https:\/\/www.iplay.com\/en\/#website\",\"url\":\"https:\/\/www.iplay.com\/en\/\",\"name\":\"IPlay\",\"description\":\"The Best Casual Games!\",\"publisher\":{\"@id\":\"https:\/\/www.iplay.com\/en\/#organization\"},\"potentialAction\":[{\"@type\":\"SearchAction\",\"target\":{\"@type\":\"EntryPoint\",\"urlTemplate\":\"https:\/\/www.iplay.com\/en\/?s={search_term_string}\"},\"query-input\":{\"@type\":\"PropertyValueSpecification\",\"valueRequired\":true,\"valueName\":\"search_term_string\"}}],\"inLanguage\":\"fr-FR\"},{\"@type\":\"Organization\",\"@id\":\"https:\/\/www.iplay.com\/en\/#organization\",\"name\":\"IPlay\",\"url\":\"https:\/\/www.iplay.com\/en\/\",\"logo\":{\"@type\":\"ImageObject\",\"inLanguage\":\"fr-FR\",\"@id\":\"https:\/\/www.iplay.com\/en\/#\/schema\/logo\/image\/\",\"url\":\"https:\/\/www.iplay.com\/wp-content\/uploads\/2023\/11\/Group-6100.svg\",\"contentUrl\":\"https:\/\/www.iplay.com\/wp-content\/uploads\/2023\/11\/Group-6100.svg\",\"width\":98,\"height\":25,\"caption\":\"IPlay\"},\"image\":{\"@id\":\"https:\/\/www.iplay.com\/en\/#\/schema\/logo\/image\/\"}}]}<\/script>\n<!-- \/ Yoast SEO Premium plugin. -->","yoast_head_json":{"title":"Whispered Secrets\u00a0: Cursed Wealth \u00c9dition Collector - D\u00e9couvrez la v\u00e9rit\u00e9 cach\u00e9e derri\u00e8re les anciens murs du ch\u00e2teau","description":"Pouvez-vous d\u00e9couvrir les informations cach\u00e9es par les murs du ch\u00e2teau ? Richesse maudite, Secrets chuchot\u00e9s, CE","robots":{"index":"index","follow":"follow","max-snippet":"max-snippet:-1","max-image-preview":"max-image-preview:large","max-video-preview":"max-video-preview:-1"},"canonical":"https:\/\/www.iplay.com\/fr\/games\/whispered-secrets-cursed-wealth-collectors-edition\/","og_locale":"fr_FR","og_type":"article","og_title":"Whispered Secrets: Cursed Wealth Collector's Edition","og_description":"Pouvez-vous d\u00e9couvrir les informations cach\u00e9es par les murs du ch\u00e2teau ? Richesse maudite, Secrets chuchot\u00e9s, CE","og_url":"https:\/\/www.iplay.com\/fr\/games\/whispered-secrets-cursed-wealth-collectors-edition\/","og_site_name":"IPlay","og_image":[{"width":310,"height":310,"url":"https:\/\/www.iplay.com\/wp-content\/uploads\/2023\/12\/large_square_tile_image-3291.jpg","type":"image\/jpeg"}],"twitter_card":"summary_large_image","twitter_misc":{"Dur\u00e9e de lecture estim\u00e9e":"1 minute"},"schema":{"@context":"https:\/\/schema.org","@graph":[{"@type":"WebPage","@id":"https:\/\/www.iplay.com\/fr\/games\/whispered-secrets-cursed-wealth-collectors-edition\/","url":"https:\/\/www.iplay.com\/fr\/games\/whispered-secrets-cursed-wealth-collectors-edition\/","name":"Whispered Secrets\u00a0: Cursed Wealth \u00c9dition Collector - D\u00e9couvrez la v\u00e9rit\u00e9 cach\u00e9e derri\u00e8re les anciens murs du ch\u00e2teau","isPartOf":{"@id":"https:\/\/www.iplay.com\/en\/#website"},"primaryImageOfPage":{"@id":"https:\/\/www.iplay.com\/fr\/games\/whispered-secrets-cursed-wealth-collectors-edition\/#primaryimage"},"image":{"@id":"https:\/\/www.iplay.com\/fr\/games\/whispered-secrets-cursed-wealth-collectors-edition\/#primaryimage"},"thumbnailUrl":"https:\/\/www.iplay.com\/wp-content\/uploads\/2023\/12\/large_square_tile_image-3291.jpg","datePublished":"2019-09-30T00:00:01+00:00","description":"Pouvez-vous d\u00e9couvrir les informations cach\u00e9es par les murs du ch\u00e2teau ? Richesse maudite, Secrets chuchot\u00e9s, CE","breadcrumb":{"@id":"https:\/\/www.iplay.com\/fr\/games\/whispered-secrets-cursed-wealth-collectors-edition\/#breadcrumb"},"inLanguage":"fr-FR","potentialAction":[{"@type":"ReadAction","target":["https:\/\/www.iplay.com\/fr\/games\/whispered-secrets-cursed-wealth-collectors-edition\/"]}]},{"@type":"ImageObject","inLanguage":"fr-FR","@id":"https:\/\/www.iplay.com\/fr\/games\/whispered-secrets-cursed-wealth-collectors-edition\/#primaryimage","url":"https:\/\/www.iplay.com\/wp-content\/uploads\/2023\/12\/large_square_tile_image-3291.jpg","contentUrl":"https:\/\/www.iplay.com\/wp-content\/uploads\/2023\/12\/large_square_tile_image-3291.jpg","width":310,"height":310},{"@type":"BreadcrumbList","@id":"https:\/\/www.iplay.com\/fr\/games\/whispered-secrets-cursed-wealth-collectors-edition\/#breadcrumb","itemListElement":[{"@type":"ListItem","position":1,"name":"Home","item":"https:\/\/www.iplay.com\/fr\/home-page-2\/"},{"@type":"ListItem","position":2,"name":"Shop","item":"https:\/\/www.iplay.com\/en\/shop\/"},{"@type":"ListItem","position":3,"name":"Whispered Secrets: Cursed Wealth Collector&#8217;s Edition"}]},{"@type":"WebSite","@id":"https:\/\/www.iplay.com\/en\/#website","url":"https:\/\/www.iplay.com\/en\/","name":"IPlay","description":"The Best Casual Games!","publisher":{"@id":"https:\/\/www.iplay.com\/en\/#organization"},"potentialAction":[{"@type":"SearchAction","target":{"@type":"EntryPoint","urlTemplate":"https:\/\/www.iplay.com\/en\/?s={search_term_string}"},"query-input":{"@type":"PropertyValueSpecification","valueRequired":true,"valueName":"search_term_string"}}],"inLanguage":"fr-FR"},{"@type":"Organization","@id":"https:\/\/www.iplay.com\/en\/#organization","name":"IPlay","url":"https:\/\/www.iplay.com\/en\/","logo":{"@type":"ImageObject","inLanguage":"fr-FR","@id":"https:\/\/www.iplay.com\/en\/#\/schema\/logo\/image\/","url":"https:\/\/www.iplay.com\/wp-content\/uploads\/2023\/11\/Group-6100.svg","contentUrl":"https:\/\/www.iplay.com\/wp-content\/uploads\/2023\/11\/Group-6100.svg","width":98,"height":25,"caption":"IPlay"},"image":{"@id":"https:\/\/www.iplay.com\/en\/#\/schema\/logo\/image\/"}}]}},"_links":{"self":[{"href":"https:\/\/www.iplay.com\/fr\/wp-json\/wp\/v2\/product\/139810","targetHints":{"allow":["GET"]}}],"collection":[{"href":"https:\/\/www.iplay.com\/fr\/wp-json\/wp\/v2\/product"}],"about":[{"href":"https:\/\/www.iplay.com\/fr\/wp-json\/wp\/v2\/types\/product"}],"author":[{"embeddable":true,"href":"https:\/\/www.iplay.com\/fr\/wp-json\/wp\/v2\/users\/17"}],"replies":[{"embeddable":true,"href":"https:\/\/www.iplay.com\/fr\/wp-json\/wp\/v2\/comments?post=139810"}],"wp:featuredmedia":[{"embeddable":true,"href":"https:\/\/www.iplay.com\/fr\/wp-json\/wp\/v2\/media\/92404"}],"wp:attachment":[{"href":"https:\/\/www.iplay.com\/fr\/wp-json\/wp\/v2\/media?parent=139810"}],"wp:term":[{"taxonomy":"product_brand","embeddable":true,"href":"https:\/\/www.iplay.com\/fr\/wp-json\/wp\/v2\/product_brand?post=139810"},{"taxonomy":"product_cat","embeddable":true,"href":"https:\/\/www.iplay.com\/fr\/wp-json\/wp\/v2\/product_cat?post=139810"},{"taxonomy":"product_tag","embeddable":true,"href":"https:\/\/www.iplay.com\/fr\/wp-json\/wp\/v2\/product_tag?post=139810"}],"curies":[{"name":"wp","href":"https:\/\/api.w.org\/{rel}","templated":true}]}}