{"id":139790,"date":"2019-09-23T00:00:00","date_gmt":"2019-09-23T00:00:00","guid":{"rendered":"https:\/\/www.iplay.com\/games\/wanderlust-the-city-of-mists-collectors-edition\/"},"modified":"2019-09-23T00:00:00","modified_gmt":"2019-09-23T00:00:00","slug":"wanderlust-the-city-of-mists-collectors-edition","status":"publish","type":"product","link":"https:\/\/www.iplay.com\/fr\/games\/wanderlust-the-city-of-mists-collectors-edition\/","title":{"rendered":"Wanderlust: The City of Mists Collector&#8217;s Edition"},"content":{"rendered":"<p>D\u00e9couvrez le dernier chapitre passionnant de la s\u00e9rie <em>Wanderlust<\/em> ! Vous \u00eates appel\u00e9 \u00e0 l\u2019aide lorsque votre m\u00e8re, une aventuri\u00e8re, dispara\u00eet alors qu\u2019elle est \u00e0 la recherche de l\u2019insaisissable Cit\u00e9 des Brumes ! Vous d\u00e9couvrez rapidement que les mythes sont bien plus que de simples histoires. Vous n\u2019\u00eates pas seul dans votre qu\u00eate pour atteindre l\u2019ancienne civilisation qui vous appelle ! Pouvez-vous sauver votre m\u00e8re \u00e0 temps et garder la ville cach\u00e9e \u00e0 l\u2019abri d\u2019un ennemi effrayant ? Dans cette aventure passionnante de puzzle d\u2019objets cach\u00e9s, d\u00e9couvrez-le ! Voyez si vous avez la ruse et le style n\u00e9cessaires pour vous frayer un chemin jusqu\u2019au sommet dans le jeu bonus ! Accomplissez une s\u00e9rie d\u2019exploits exceptionnels ! Il y a de nombreux objets m\u00e9tamorphes et des goodies secrets \u00e0 d\u00e9couvrir ! Dans les bonus, affrontez la SOC ultime et le puzzle ultime et profitez de la galerie de personnages, des fonds d\u2019\u00e9cran, de la bande-son et bien plus encore ! Utilisez le guide de strat\u00e9gie pour ne jamais vous perdre !<\/p>\n","protected":false},"excerpt":{"rendered":"<p>Au-del\u00e0 de la brume se cache un secret&#8230; Dans l\u2019\u00e9dition collector de Wanderlust&nbsp;: La ville des brumes<\/p>\n","protected":false},"author":17,"featured_media":84646,"comment_status":"open","ping_status":"closed","template":"","meta":{"_acf_changed":false,"inline_featured_image":false},"product_brand":[],"product_cat":[165],"product_tag":[287],"class_list":{"0":"post-139790","1":"product","2":"type-product","3":"status-publish","4":"has-post-thumbnail","6":"product_cat-hidden-object-fr","7":"product_tag-play-on-pc-fr","9":"first","10":"instock","11":"shipping-taxable","12":"purchasable","13":"product-type-simple"},"acf":[],"yoast_head":"<!-- This site is optimized with the Yoast SEO Premium plugin v25.2 (Yoast SEO v25.2) - https:\/\/yoast.com\/wordpress\/plugins\/seo\/ -->\n<title>Wanderlust\u00a0: La Cit\u00e9 des Brumes \u00c9dition Collector - D\u00e9couvrez des secrets au-del\u00e0 de la brume ! (Wanderlust\u00a0: La Cit\u00e9 des Brumes CE)<\/title>\n<meta name=\"description\" content=\"Au-del\u00e0 de la brume se cache un secret... Dans l\u2019\u00e9dition collector de Wanderlust&nbsp;: La ville des brumes\" \/>\n<meta name=\"robots\" content=\"index, follow, max-snippet:-1, max-image-preview:large, max-video-preview:-1\" \/>\n<link rel=\"canonical\" href=\"https:\/\/www.iplay.com\/fr\/games\/wanderlust-the-city-of-mists-collectors-edition\/\" \/>\n<meta property=\"og:locale\" content=\"fr_FR\" \/>\n<meta property=\"og:type\" content=\"article\" \/>\n<meta property=\"og:title\" content=\"Wanderlust: The City of Mists Collector&#039;s Edition\" \/>\n<meta property=\"og:description\" content=\"Au-del\u00e0 de la brume se cache un secret... Dans l\u2019\u00e9dition collector de Wanderlust&nbsp;: La ville des brumes\" \/>\n<meta property=\"og:url\" content=\"https:\/\/www.iplay.com\/fr\/games\/wanderlust-the-city-of-mists-collectors-edition\/\" \/>\n<meta property=\"og:site_name\" content=\"IPlay\" \/>\n<meta property=\"og:image\" content=\"https:\/\/www.iplay.com\/wp-content\/uploads\/2023\/12\/large_square_tile_image-2801.jpg\" \/>\n\t<meta property=\"og:image:width\" content=\"310\" \/>\n\t<meta property=\"og:image:height\" content=\"310\" \/>\n\t<meta property=\"og:image:type\" content=\"image\/jpeg\" \/>\n<meta name=\"twitter:card\" content=\"summary_large_image\" \/>\n<meta name=\"twitter:label1\" content=\"Dur\u00e9e de lecture estim\u00e9e\" \/>\n\t<meta name=\"twitter:data1\" content=\"1 minute\" \/>\n<script type=\"application\/ld+json\" class=\"yoast-schema-graph\">{\"@context\":\"https:\/\/schema.org\",\"@graph\":[{\"@type\":\"WebPage\",\"@id\":\"https:\/\/www.iplay.com\/fr\/games\/wanderlust-the-city-of-mists-collectors-edition\/\",\"url\":\"https:\/\/www.iplay.com\/fr\/games\/wanderlust-the-city-of-mists-collectors-edition\/\",\"name\":\"Wanderlust\u00a0: La Cit\u00e9 des Brumes \u00c9dition Collector - D\u00e9couvrez des secrets au-del\u00e0 de la brume ! (Wanderlust\u00a0: La Cit\u00e9 des Brumes CE)\",\"isPartOf\":{\"@id\":\"https:\/\/www.iplay.com\/en\/#website\"},\"primaryImageOfPage\":{\"@id\":\"https:\/\/www.iplay.com\/fr\/games\/wanderlust-the-city-of-mists-collectors-edition\/#primaryimage\"},\"image\":{\"@id\":\"https:\/\/www.iplay.com\/fr\/games\/wanderlust-the-city-of-mists-collectors-edition\/#primaryimage\"},\"thumbnailUrl\":\"https:\/\/www.iplay.com\/wp-content\/uploads\/2023\/12\/large_square_tile_image-2801.jpg\",\"datePublished\":\"2019-09-23T00:00:00+00:00\",\"description\":\"Au-del\u00e0 de la brume se cache un secret... Dans l\u2019\u00e9dition collector de Wanderlust&nbsp;: La ville des brumes\",\"breadcrumb\":{\"@id\":\"https:\/\/www.iplay.com\/fr\/games\/wanderlust-the-city-of-mists-collectors-edition\/#breadcrumb\"},\"inLanguage\":\"fr-FR\",\"potentialAction\":[{\"@type\":\"ReadAction\",\"target\":[\"https:\/\/www.iplay.com\/fr\/games\/wanderlust-the-city-of-mists-collectors-edition\/\"]}]},{\"@type\":\"ImageObject\",\"inLanguage\":\"fr-FR\",\"@id\":\"https:\/\/www.iplay.com\/fr\/games\/wanderlust-the-city-of-mists-collectors-edition\/#primaryimage\",\"url\":\"https:\/\/www.iplay.com\/wp-content\/uploads\/2023\/12\/large_square_tile_image-2801.jpg\",\"contentUrl\":\"https:\/\/www.iplay.com\/wp-content\/uploads\/2023\/12\/large_square_tile_image-2801.jpg\",\"width\":310,\"height\":310},{\"@type\":\"BreadcrumbList\",\"@id\":\"https:\/\/www.iplay.com\/fr\/games\/wanderlust-the-city-of-mists-collectors-edition\/#breadcrumb\",\"itemListElement\":[{\"@type\":\"ListItem\",\"position\":1,\"name\":\"Home\",\"item\":\"https:\/\/www.iplay.com\/fr\/home-page-2\/\"},{\"@type\":\"ListItem\",\"position\":2,\"name\":\"Shop\",\"item\":\"https:\/\/www.iplay.com\/en\/shop\/\"},{\"@type\":\"ListItem\",\"position\":3,\"name\":\"Wanderlust: The City of Mists Collector&#8217;s Edition\"}]},{\"@type\":\"WebSite\",\"@id\":\"https:\/\/www.iplay.com\/en\/#website\",\"url\":\"https:\/\/www.iplay.com\/en\/\",\"name\":\"IPlay\",\"description\":\"The Best Casual Games!\",\"publisher\":{\"@id\":\"https:\/\/www.iplay.com\/en\/#organization\"},\"potentialAction\":[{\"@type\":\"SearchAction\",\"target\":{\"@type\":\"EntryPoint\",\"urlTemplate\":\"https:\/\/www.iplay.com\/en\/?s={search_term_string}\"},\"query-input\":{\"@type\":\"PropertyValueSpecification\",\"valueRequired\":true,\"valueName\":\"search_term_string\"}}],\"inLanguage\":\"fr-FR\"},{\"@type\":\"Organization\",\"@id\":\"https:\/\/www.iplay.com\/en\/#organization\",\"name\":\"IPlay\",\"url\":\"https:\/\/www.iplay.com\/en\/\",\"logo\":{\"@type\":\"ImageObject\",\"inLanguage\":\"fr-FR\",\"@id\":\"https:\/\/www.iplay.com\/en\/#\/schema\/logo\/image\/\",\"url\":\"https:\/\/www.iplay.com\/wp-content\/uploads\/2023\/11\/Group-6100.svg\",\"contentUrl\":\"https:\/\/www.iplay.com\/wp-content\/uploads\/2023\/11\/Group-6100.svg\",\"width\":98,\"height\":25,\"caption\":\"IPlay\"},\"image\":{\"@id\":\"https:\/\/www.iplay.com\/en\/#\/schema\/logo\/image\/\"}}]}<\/script>\n<!-- \/ Yoast SEO Premium plugin. -->","yoast_head_json":{"title":"Wanderlust\u00a0: La Cit\u00e9 des Brumes \u00c9dition Collector - D\u00e9couvrez des secrets au-del\u00e0 de la brume ! (Wanderlust\u00a0: La Cit\u00e9 des Brumes CE)","description":"Au-del\u00e0 de la brume se cache un secret... Dans l\u2019\u00e9dition collector de Wanderlust&nbsp;: La ville des brumes","robots":{"index":"index","follow":"follow","max-snippet":"max-snippet:-1","max-image-preview":"max-image-preview:large","max-video-preview":"max-video-preview:-1"},"canonical":"https:\/\/www.iplay.com\/fr\/games\/wanderlust-the-city-of-mists-collectors-edition\/","og_locale":"fr_FR","og_type":"article","og_title":"Wanderlust: The City of Mists Collector's Edition","og_description":"Au-del\u00e0 de la brume se cache un secret... Dans l\u2019\u00e9dition collector de Wanderlust&nbsp;: La ville des brumes","og_url":"https:\/\/www.iplay.com\/fr\/games\/wanderlust-the-city-of-mists-collectors-edition\/","og_site_name":"IPlay","og_image":[{"width":310,"height":310,"url":"https:\/\/www.iplay.com\/wp-content\/uploads\/2023\/12\/large_square_tile_image-2801.jpg","type":"image\/jpeg"}],"twitter_card":"summary_large_image","twitter_misc":{"Dur\u00e9e de lecture estim\u00e9e":"1 minute"},"schema":{"@context":"https:\/\/schema.org","@graph":[{"@type":"WebPage","@id":"https:\/\/www.iplay.com\/fr\/games\/wanderlust-the-city-of-mists-collectors-edition\/","url":"https:\/\/www.iplay.com\/fr\/games\/wanderlust-the-city-of-mists-collectors-edition\/","name":"Wanderlust\u00a0: La Cit\u00e9 des Brumes \u00c9dition Collector - D\u00e9couvrez des secrets au-del\u00e0 de la brume ! (Wanderlust\u00a0: La Cit\u00e9 des Brumes CE)","isPartOf":{"@id":"https:\/\/www.iplay.com\/en\/#website"},"primaryImageOfPage":{"@id":"https:\/\/www.iplay.com\/fr\/games\/wanderlust-the-city-of-mists-collectors-edition\/#primaryimage"},"image":{"@id":"https:\/\/www.iplay.com\/fr\/games\/wanderlust-the-city-of-mists-collectors-edition\/#primaryimage"},"thumbnailUrl":"https:\/\/www.iplay.com\/wp-content\/uploads\/2023\/12\/large_square_tile_image-2801.jpg","datePublished":"2019-09-23T00:00:00+00:00","description":"Au-del\u00e0 de la brume se cache un secret... Dans l\u2019\u00e9dition collector de Wanderlust&nbsp;: La ville des brumes","breadcrumb":{"@id":"https:\/\/www.iplay.com\/fr\/games\/wanderlust-the-city-of-mists-collectors-edition\/#breadcrumb"},"inLanguage":"fr-FR","potentialAction":[{"@type":"ReadAction","target":["https:\/\/www.iplay.com\/fr\/games\/wanderlust-the-city-of-mists-collectors-edition\/"]}]},{"@type":"ImageObject","inLanguage":"fr-FR","@id":"https:\/\/www.iplay.com\/fr\/games\/wanderlust-the-city-of-mists-collectors-edition\/#primaryimage","url":"https:\/\/www.iplay.com\/wp-content\/uploads\/2023\/12\/large_square_tile_image-2801.jpg","contentUrl":"https:\/\/www.iplay.com\/wp-content\/uploads\/2023\/12\/large_square_tile_image-2801.jpg","width":310,"height":310},{"@type":"BreadcrumbList","@id":"https:\/\/www.iplay.com\/fr\/games\/wanderlust-the-city-of-mists-collectors-edition\/#breadcrumb","itemListElement":[{"@type":"ListItem","position":1,"name":"Home","item":"https:\/\/www.iplay.com\/fr\/home-page-2\/"},{"@type":"ListItem","position":2,"name":"Shop","item":"https:\/\/www.iplay.com\/en\/shop\/"},{"@type":"ListItem","position":3,"name":"Wanderlust: The City of Mists Collector&#8217;s Edition"}]},{"@type":"WebSite","@id":"https:\/\/www.iplay.com\/en\/#website","url":"https:\/\/www.iplay.com\/en\/","name":"IPlay","description":"The Best Casual Games!","publisher":{"@id":"https:\/\/www.iplay.com\/en\/#organization"},"potentialAction":[{"@type":"SearchAction","target":{"@type":"EntryPoint","urlTemplate":"https:\/\/www.iplay.com\/en\/?s={search_term_string}"},"query-input":{"@type":"PropertyValueSpecification","valueRequired":true,"valueName":"search_term_string"}}],"inLanguage":"fr-FR"},{"@type":"Organization","@id":"https:\/\/www.iplay.com\/en\/#organization","name":"IPlay","url":"https:\/\/www.iplay.com\/en\/","logo":{"@type":"ImageObject","inLanguage":"fr-FR","@id":"https:\/\/www.iplay.com\/en\/#\/schema\/logo\/image\/","url":"https:\/\/www.iplay.com\/wp-content\/uploads\/2023\/11\/Group-6100.svg","contentUrl":"https:\/\/www.iplay.com\/wp-content\/uploads\/2023\/11\/Group-6100.svg","width":98,"height":25,"caption":"IPlay"},"image":{"@id":"https:\/\/www.iplay.com\/en\/#\/schema\/logo\/image\/"}}]}},"_links":{"self":[{"href":"https:\/\/www.iplay.com\/fr\/wp-json\/wp\/v2\/product\/139790","targetHints":{"allow":["GET"]}}],"collection":[{"href":"https:\/\/www.iplay.com\/fr\/wp-json\/wp\/v2\/product"}],"about":[{"href":"https:\/\/www.iplay.com\/fr\/wp-json\/wp\/v2\/types\/product"}],"author":[{"embeddable":true,"href":"https:\/\/www.iplay.com\/fr\/wp-json\/wp\/v2\/users\/17"}],"replies":[{"embeddable":true,"href":"https:\/\/www.iplay.com\/fr\/wp-json\/wp\/v2\/comments?post=139790"}],"wp:featuredmedia":[{"embeddable":true,"href":"https:\/\/www.iplay.com\/fr\/wp-json\/wp\/v2\/media\/84646"}],"wp:attachment":[{"href":"https:\/\/www.iplay.com\/fr\/wp-json\/wp\/v2\/media?parent=139790"}],"wp:term":[{"taxonomy":"product_brand","embeddable":true,"href":"https:\/\/www.iplay.com\/fr\/wp-json\/wp\/v2\/product_brand?post=139790"},{"taxonomy":"product_cat","embeddable":true,"href":"https:\/\/www.iplay.com\/fr\/wp-json\/wp\/v2\/product_cat?post=139790"},{"taxonomy":"product_tag","embeddable":true,"href":"https:\/\/www.iplay.com\/fr\/wp-json\/wp\/v2\/product_tag?post=139790"}],"curies":[{"name":"wp","href":"https:\/\/api.w.org\/{rel}","templated":true}]}}