{"id":139789,"date":"2019-09-24T00:00:01","date_gmt":"2019-09-24T00:00:01","guid":{"rendered":"https:\/\/www.iplay.com\/games\/mystery-of-the-ancients-no-escape\/"},"modified":"2019-09-24T00:00:01","modified_gmt":"2019-09-24T00:00:01","slug":"mystery-of-the-ancients-no-escape","status":"publish","type":"product","link":"https:\/\/www.iplay.com\/fr\/games\/mystery-of-the-ancients-no-escape\/","title":{"rendered":"Mystery of the Ancients: No Escape"},"content":{"rendered":"<p>Savourez le prochain \u00e9pisode \u00e9nigmatique de leur c\u00e9l\u00e8bre s\u00e9rie <em>Mystery of the Ancients<\/em> . Vous recevez un appel de d\u00e9tresse et d\u00e9cidez d\u2019emprunter une longue route de campagne sinueuse \u00e0 la recherche de vos amis disparus. Bien qu\u2019un h\u00f4tel abandonn\u00e9 semble accueillant, vous ne pourrez peut-\u00eatre pas g\u00e9rer ce qu\u2019il y a \u00e0 l\u2019int\u00e9rieur de cette maison. Un petit compagnon robotique et de l\u2019assistance sont offerts par un homme \u00e9nigmatique, mais qui est-il ? Pouvez-vous lui faire confiance ? Jouez \u00e0 ce jeu d\u2019aventure et de puzzle d\u2019objets cach\u00e9s intriguant pour le d\u00e9couvrir !     <\/p>\n<p>&nbsp;<\/p>\n<p>&nbsp;<\/p>\n<p><strong>Fonctionnalit\u00e9s:<\/strong><\/p>\n<p>&nbsp;<\/p>\n<p>&#8211; Exp\u00e9rience captivante d\u2019objets cach\u00e9s<\/p>\n<p>&#8211; Simple \u00e0 apprendre et \u00e0 r\u00e9aliser- Voir de nombreux sites \u00e0 couper le souffle<\/p>\n","protected":false},"excerpt":{"rendered":"<p>Explorez un manoir effrayant en constante \u00e9volution et perdez-vous ! Y a-t-il un moyen d\u2019\u00e9chapper \u00e0 Mystery of the Ancients&nbsp;: No Esca ? <\/p>\n","protected":false},"author":17,"featured_media":84630,"comment_status":"open","ping_status":"closed","template":"","meta":{"_acf_changed":false,"inline_featured_image":false},"product_brand":[],"product_cat":[165],"product_tag":[287],"class_list":{"0":"post-139789","1":"product","2":"type-product","3":"status-publish","4":"has-post-thumbnail","6":"product_cat-hidden-object-fr","7":"product_tag-play-on-pc-fr","9":"first","10":"instock","11":"shipping-taxable","12":"purchasable","13":"product-type-simple"},"acf":[],"yoast_head":"<!-- This site is optimized with the Yoast SEO Premium plugin v25.2 (Yoast SEO v25.2) - https:\/\/yoast.com\/wordpress\/plugins\/seo\/ -->\n<title>Mystery of the Ancients\u00a0: No Escape - Entrez dans une maison hant\u00e9e en constante \u00e9volution, un royaume de frayeurs dynamiques<\/title>\n<meta name=\"description\" content=\"Explorez un manoir effrayant en constante \u00e9volution et perdez-vous ! Y a-t-il un moyen d\u2019\u00e9chapper \u00e0 Mystery of the Ancients&nbsp;: No Esca ?\" \/>\n<meta name=\"robots\" content=\"index, follow, max-snippet:-1, max-image-preview:large, max-video-preview:-1\" \/>\n<link rel=\"canonical\" href=\"https:\/\/www.iplay.com\/fr\/games\/mystery-of-the-ancients-no-escape\/\" \/>\n<meta property=\"og:locale\" content=\"fr_FR\" \/>\n<meta property=\"og:type\" content=\"article\" \/>\n<meta property=\"og:title\" content=\"Mystery of the Ancients: No Escape\" \/>\n<meta property=\"og:description\" content=\"Explorez un manoir effrayant en constante \u00e9volution et perdez-vous ! Y a-t-il un moyen d\u2019\u00e9chapper \u00e0 Mystery of the Ancients&nbsp;: No Esca ?\" \/>\n<meta property=\"og:url\" content=\"https:\/\/www.iplay.com\/fr\/games\/mystery-of-the-ancients-no-escape\/\" \/>\n<meta property=\"og:site_name\" content=\"IPlay\" \/>\n<meta property=\"og:image\" content=\"https:\/\/www.iplay.com\/wp-content\/uploads\/2023\/12\/large_square_tile_image-2800.jpg\" \/>\n\t<meta property=\"og:image:width\" content=\"310\" \/>\n\t<meta property=\"og:image:height\" content=\"310\" \/>\n\t<meta property=\"og:image:type\" content=\"image\/jpeg\" \/>\n<meta name=\"twitter:card\" content=\"summary_large_image\" \/>\n<meta name=\"twitter:label1\" content=\"Dur\u00e9e de lecture estim\u00e9e\" \/>\n\t<meta name=\"twitter:data1\" content=\"1 minute\" \/>\n<script type=\"application\/ld+json\" class=\"yoast-schema-graph\">{\"@context\":\"https:\/\/schema.org\",\"@graph\":[{\"@type\":\"WebPage\",\"@id\":\"https:\/\/www.iplay.com\/fr\/games\/mystery-of-the-ancients-no-escape\/\",\"url\":\"https:\/\/www.iplay.com\/fr\/games\/mystery-of-the-ancients-no-escape\/\",\"name\":\"Mystery of the Ancients\u00a0: No Escape - Entrez dans une maison hant\u00e9e en constante \u00e9volution, un royaume de frayeurs dynamiques\",\"isPartOf\":{\"@id\":\"https:\/\/www.iplay.com\/en\/#website\"},\"primaryImageOfPage\":{\"@id\":\"https:\/\/www.iplay.com\/fr\/games\/mystery-of-the-ancients-no-escape\/#primaryimage\"},\"image\":{\"@id\":\"https:\/\/www.iplay.com\/fr\/games\/mystery-of-the-ancients-no-escape\/#primaryimage\"},\"thumbnailUrl\":\"https:\/\/www.iplay.com\/wp-content\/uploads\/2023\/12\/large_square_tile_image-2800.jpg\",\"datePublished\":\"2019-09-24T00:00:01+00:00\",\"description\":\"Explorez un manoir effrayant en constante \u00e9volution et perdez-vous ! Y a-t-il un moyen d\u2019\u00e9chapper \u00e0 Mystery of the Ancients&nbsp;: No Esca ?\",\"breadcrumb\":{\"@id\":\"https:\/\/www.iplay.com\/fr\/games\/mystery-of-the-ancients-no-escape\/#breadcrumb\"},\"inLanguage\":\"fr-FR\",\"potentialAction\":[{\"@type\":\"ReadAction\",\"target\":[\"https:\/\/www.iplay.com\/fr\/games\/mystery-of-the-ancients-no-escape\/\"]}]},{\"@type\":\"ImageObject\",\"inLanguage\":\"fr-FR\",\"@id\":\"https:\/\/www.iplay.com\/fr\/games\/mystery-of-the-ancients-no-escape\/#primaryimage\",\"url\":\"https:\/\/www.iplay.com\/wp-content\/uploads\/2023\/12\/large_square_tile_image-2800.jpg\",\"contentUrl\":\"https:\/\/www.iplay.com\/wp-content\/uploads\/2023\/12\/large_square_tile_image-2800.jpg\",\"width\":310,\"height\":310},{\"@type\":\"BreadcrumbList\",\"@id\":\"https:\/\/www.iplay.com\/fr\/games\/mystery-of-the-ancients-no-escape\/#breadcrumb\",\"itemListElement\":[{\"@type\":\"ListItem\",\"position\":1,\"name\":\"Home\",\"item\":\"https:\/\/www.iplay.com\/fr\/home-page-2\/\"},{\"@type\":\"ListItem\",\"position\":2,\"name\":\"Shop\",\"item\":\"https:\/\/www.iplay.com\/en\/shop\/\"},{\"@type\":\"ListItem\",\"position\":3,\"name\":\"Mystery of the Ancients: No Escape\"}]},{\"@type\":\"WebSite\",\"@id\":\"https:\/\/www.iplay.com\/en\/#website\",\"url\":\"https:\/\/www.iplay.com\/en\/\",\"name\":\"IPlay\",\"description\":\"The Best Casual Games!\",\"publisher\":{\"@id\":\"https:\/\/www.iplay.com\/en\/#organization\"},\"potentialAction\":[{\"@type\":\"SearchAction\",\"target\":{\"@type\":\"EntryPoint\",\"urlTemplate\":\"https:\/\/www.iplay.com\/en\/?s={search_term_string}\"},\"query-input\":{\"@type\":\"PropertyValueSpecification\",\"valueRequired\":true,\"valueName\":\"search_term_string\"}}],\"inLanguage\":\"fr-FR\"},{\"@type\":\"Organization\",\"@id\":\"https:\/\/www.iplay.com\/en\/#organization\",\"name\":\"IPlay\",\"url\":\"https:\/\/www.iplay.com\/en\/\",\"logo\":{\"@type\":\"ImageObject\",\"inLanguage\":\"fr-FR\",\"@id\":\"https:\/\/www.iplay.com\/en\/#\/schema\/logo\/image\/\",\"url\":\"https:\/\/www.iplay.com\/wp-content\/uploads\/2023\/11\/Group-6100.svg\",\"contentUrl\":\"https:\/\/www.iplay.com\/wp-content\/uploads\/2023\/11\/Group-6100.svg\",\"width\":98,\"height\":25,\"caption\":\"IPlay\"},\"image\":{\"@id\":\"https:\/\/www.iplay.com\/en\/#\/schema\/logo\/image\/\"}}]}<\/script>\n<!-- \/ Yoast SEO Premium plugin. -->","yoast_head_json":{"title":"Mystery of the Ancients\u00a0: No Escape - Entrez dans une maison hant\u00e9e en constante \u00e9volution, un royaume de frayeurs dynamiques","description":"Explorez un manoir effrayant en constante \u00e9volution et perdez-vous ! Y a-t-il un moyen d\u2019\u00e9chapper \u00e0 Mystery of the Ancients&nbsp;: No Esca ?","robots":{"index":"index","follow":"follow","max-snippet":"max-snippet:-1","max-image-preview":"max-image-preview:large","max-video-preview":"max-video-preview:-1"},"canonical":"https:\/\/www.iplay.com\/fr\/games\/mystery-of-the-ancients-no-escape\/","og_locale":"fr_FR","og_type":"article","og_title":"Mystery of the Ancients: No Escape","og_description":"Explorez un manoir effrayant en constante \u00e9volution et perdez-vous ! Y a-t-il un moyen d\u2019\u00e9chapper \u00e0 Mystery of the Ancients&nbsp;: No Esca ?","og_url":"https:\/\/www.iplay.com\/fr\/games\/mystery-of-the-ancients-no-escape\/","og_site_name":"IPlay","og_image":[{"width":310,"height":310,"url":"https:\/\/www.iplay.com\/wp-content\/uploads\/2023\/12\/large_square_tile_image-2800.jpg","type":"image\/jpeg"}],"twitter_card":"summary_large_image","twitter_misc":{"Dur\u00e9e de lecture estim\u00e9e":"1 minute"},"schema":{"@context":"https:\/\/schema.org","@graph":[{"@type":"WebPage","@id":"https:\/\/www.iplay.com\/fr\/games\/mystery-of-the-ancients-no-escape\/","url":"https:\/\/www.iplay.com\/fr\/games\/mystery-of-the-ancients-no-escape\/","name":"Mystery of the Ancients\u00a0: No Escape - Entrez dans une maison hant\u00e9e en constante \u00e9volution, un royaume de frayeurs dynamiques","isPartOf":{"@id":"https:\/\/www.iplay.com\/en\/#website"},"primaryImageOfPage":{"@id":"https:\/\/www.iplay.com\/fr\/games\/mystery-of-the-ancients-no-escape\/#primaryimage"},"image":{"@id":"https:\/\/www.iplay.com\/fr\/games\/mystery-of-the-ancients-no-escape\/#primaryimage"},"thumbnailUrl":"https:\/\/www.iplay.com\/wp-content\/uploads\/2023\/12\/large_square_tile_image-2800.jpg","datePublished":"2019-09-24T00:00:01+00:00","description":"Explorez un manoir effrayant en constante \u00e9volution et perdez-vous ! Y a-t-il un moyen d\u2019\u00e9chapper \u00e0 Mystery of the Ancients&nbsp;: No Esca ?","breadcrumb":{"@id":"https:\/\/www.iplay.com\/fr\/games\/mystery-of-the-ancients-no-escape\/#breadcrumb"},"inLanguage":"fr-FR","potentialAction":[{"@type":"ReadAction","target":["https:\/\/www.iplay.com\/fr\/games\/mystery-of-the-ancients-no-escape\/"]}]},{"@type":"ImageObject","inLanguage":"fr-FR","@id":"https:\/\/www.iplay.com\/fr\/games\/mystery-of-the-ancients-no-escape\/#primaryimage","url":"https:\/\/www.iplay.com\/wp-content\/uploads\/2023\/12\/large_square_tile_image-2800.jpg","contentUrl":"https:\/\/www.iplay.com\/wp-content\/uploads\/2023\/12\/large_square_tile_image-2800.jpg","width":310,"height":310},{"@type":"BreadcrumbList","@id":"https:\/\/www.iplay.com\/fr\/games\/mystery-of-the-ancients-no-escape\/#breadcrumb","itemListElement":[{"@type":"ListItem","position":1,"name":"Home","item":"https:\/\/www.iplay.com\/fr\/home-page-2\/"},{"@type":"ListItem","position":2,"name":"Shop","item":"https:\/\/www.iplay.com\/en\/shop\/"},{"@type":"ListItem","position":3,"name":"Mystery of the Ancients: No Escape"}]},{"@type":"WebSite","@id":"https:\/\/www.iplay.com\/en\/#website","url":"https:\/\/www.iplay.com\/en\/","name":"IPlay","description":"The Best Casual Games!","publisher":{"@id":"https:\/\/www.iplay.com\/en\/#organization"},"potentialAction":[{"@type":"SearchAction","target":{"@type":"EntryPoint","urlTemplate":"https:\/\/www.iplay.com\/en\/?s={search_term_string}"},"query-input":{"@type":"PropertyValueSpecification","valueRequired":true,"valueName":"search_term_string"}}],"inLanguage":"fr-FR"},{"@type":"Organization","@id":"https:\/\/www.iplay.com\/en\/#organization","name":"IPlay","url":"https:\/\/www.iplay.com\/en\/","logo":{"@type":"ImageObject","inLanguage":"fr-FR","@id":"https:\/\/www.iplay.com\/en\/#\/schema\/logo\/image\/","url":"https:\/\/www.iplay.com\/wp-content\/uploads\/2023\/11\/Group-6100.svg","contentUrl":"https:\/\/www.iplay.com\/wp-content\/uploads\/2023\/11\/Group-6100.svg","width":98,"height":25,"caption":"IPlay"},"image":{"@id":"https:\/\/www.iplay.com\/en\/#\/schema\/logo\/image\/"}}]}},"_links":{"self":[{"href":"https:\/\/www.iplay.com\/fr\/wp-json\/wp\/v2\/product\/139789","targetHints":{"allow":["GET"]}}],"collection":[{"href":"https:\/\/www.iplay.com\/fr\/wp-json\/wp\/v2\/product"}],"about":[{"href":"https:\/\/www.iplay.com\/fr\/wp-json\/wp\/v2\/types\/product"}],"author":[{"embeddable":true,"href":"https:\/\/www.iplay.com\/fr\/wp-json\/wp\/v2\/users\/17"}],"replies":[{"embeddable":true,"href":"https:\/\/www.iplay.com\/fr\/wp-json\/wp\/v2\/comments?post=139789"}],"wp:featuredmedia":[{"embeddable":true,"href":"https:\/\/www.iplay.com\/fr\/wp-json\/wp\/v2\/media\/84630"}],"wp:attachment":[{"href":"https:\/\/www.iplay.com\/fr\/wp-json\/wp\/v2\/media?parent=139789"}],"wp:term":[{"taxonomy":"product_brand","embeddable":true,"href":"https:\/\/www.iplay.com\/fr\/wp-json\/wp\/v2\/product_brand?post=139789"},{"taxonomy":"product_cat","embeddable":true,"href":"https:\/\/www.iplay.com\/fr\/wp-json\/wp\/v2\/product_cat?post=139789"},{"taxonomy":"product_tag","embeddable":true,"href":"https:\/\/www.iplay.com\/fr\/wp-json\/wp\/v2\/product_tag?post=139789"}],"curies":[{"name":"wp","href":"https:\/\/api.w.org\/{rel}","templated":true}]}}