{"id":139762,"date":"2019-09-14T00:00:00","date_gmt":"2019-09-14T00:00:00","guid":{"rendered":"https:\/\/www.iplay.com\/games\/hero-of-the-kingdom-iii\/"},"modified":"2019-09-14T00:00:00","modified_gmt":"2019-09-14T00:00:00","slug":"hero-of-the-kingdom-iii","status":"publish","type":"product","link":"https:\/\/www.iplay.com\/fr\/games\/hero-of-the-kingdom-iii\/","title":{"rendered":"Hero of the Kingdom III"},"content":{"rendered":"<p>Vous avez \u00e9t\u00e9 form\u00e9 comme chasseur talentueux par votre oncle Brent. Mais le destin avait d\u2019autres plans pour vous qu\u2019une existence tranquille \u00e0 la campagne. Le royaume a \u00e9t\u00e9 bris\u00e9 lorsqu\u2019un vieux mal s\u2019est r\u00e9veill\u00e9. Sous les montagnes en ruine, des gens p\u00e9rissaient alors que de sombres cr\u00e9atures \u00e9mergeaient des crevasses. C\u2019est vous et l\u2019\u00e9norme mal seul. Il vous faudra un long p\u00e9riple \u00e0 travers les quatre vall\u00e9es pour sauver le royaume d\u2019une catastrophe imminente. Votre bravoure et vos capacit\u00e9s cr\u00e9eront un nouveau h\u00e9ros du royaume.      <\/p>\n<p>&nbsp;<\/p>\n<p>&nbsp;<\/p>\n<p><strong>Fonctionnalit\u00e9s:<\/strong><\/p>\n<p>&nbsp;<\/p>\n<p>&#8211; Aidez les autres et vivez une vari\u00e9t\u00e9 d\u2019aventures fascinantes.<\/p>\n<p>&#8211; Voyagez autour de la magnifique nation des quatre vall\u00e9es.<\/p>\n<p>&#8211; Affrontez des cr\u00e9atures et d\u00e9veloppez une vari\u00e9t\u00e9 de talents.<br \/>\n&#8211; D\u00e9couvrez d\u2019innombrables objets cach\u00e9s utiles.<\/p>\n<p>&#8211; Atteindre jusqu\u2019\u00e0 57 objectifs.<\/p>\n","protected":false},"excerpt":{"rendered":"<p>Pour prot\u00e9ger le royaume du mal ancien, frayez-vous un chemin \u00e0 travers les quatre vall\u00e9es. Dans le troisi\u00e8me H\u00e9ros du Royaume <\/p>\n","protected":false},"author":107,"featured_media":92516,"comment_status":"open","ping_status":"closed","template":"","meta":{"_acf_changed":false,"inline_featured_image":false},"product_brand":[],"product_cat":[148],"product_tag":[287],"class_list":{"0":"post-139762","1":"product","2":"type-product","3":"status-publish","4":"has-post-thumbnail","6":"product_cat-adventure-fr","7":"product_tag-play-on-pc-fr","9":"first","10":"instock","11":"shipping-taxable","12":"purchasable","13":"product-type-simple"},"acf":[],"yoast_head":"<!-- This site is optimized with the Yoast SEO Premium plugin v25.2 (Yoast SEO v25.2) - https:\/\/yoast.com\/wordpress\/plugins\/seo\/ -->\n<title>H\u00e9ros du Royaume III - H\u00e9ros du Royaume III - sauvez le royaume du mal ancien<\/title>\n<meta name=\"description\" content=\"Pour prot\u00e9ger le royaume du mal ancien, frayez-vous un chemin \u00e0 travers les quatre vall\u00e9es. Dans le troisi\u00e8me H\u00e9ros du Royaume\" \/>\n<meta name=\"robots\" content=\"index, follow, max-snippet:-1, max-image-preview:large, max-video-preview:-1\" \/>\n<link rel=\"canonical\" href=\"https:\/\/www.iplay.com\/fr\/games\/hero-of-the-kingdom-iii\/\" \/>\n<meta property=\"og:locale\" content=\"fr_FR\" \/>\n<meta property=\"og:type\" content=\"article\" \/>\n<meta property=\"og:title\" content=\"Hero of the Kingdom III\" \/>\n<meta property=\"og:description\" content=\"Pour prot\u00e9ger le royaume du mal ancien, frayez-vous un chemin \u00e0 travers les quatre vall\u00e9es. Dans le troisi\u00e8me H\u00e9ros du Royaume\" \/>\n<meta property=\"og:url\" content=\"https:\/\/www.iplay.com\/fr\/games\/hero-of-the-kingdom-iii\/\" \/>\n<meta property=\"og:site_name\" content=\"IPlay\" \/>\n<meta property=\"og:image\" content=\"https:\/\/www.iplay.com\/wp-content\/uploads\/2023\/12\/large_square_tile_image-3298.jpg\" \/>\n\t<meta property=\"og:image:width\" content=\"310\" \/>\n\t<meta property=\"og:image:height\" content=\"310\" \/>\n\t<meta property=\"og:image:type\" content=\"image\/jpeg\" \/>\n<meta name=\"twitter:card\" content=\"summary_large_image\" \/>\n<meta name=\"twitter:label1\" content=\"Dur\u00e9e de lecture estim\u00e9e\" \/>\n\t<meta name=\"twitter:data1\" content=\"1 minute\" \/>\n<script type=\"application\/ld+json\" class=\"yoast-schema-graph\">{\"@context\":\"https:\/\/schema.org\",\"@graph\":[{\"@type\":\"WebPage\",\"@id\":\"https:\/\/www.iplay.com\/fr\/games\/hero-of-the-kingdom-iii\/\",\"url\":\"https:\/\/www.iplay.com\/fr\/games\/hero-of-the-kingdom-iii\/\",\"name\":\"H\u00e9ros du Royaume III - H\u00e9ros du Royaume III - sauvez le royaume du mal ancien\",\"isPartOf\":{\"@id\":\"https:\/\/www.iplay.com\/en\/#website\"},\"primaryImageOfPage\":{\"@id\":\"https:\/\/www.iplay.com\/fr\/games\/hero-of-the-kingdom-iii\/#primaryimage\"},\"image\":{\"@id\":\"https:\/\/www.iplay.com\/fr\/games\/hero-of-the-kingdom-iii\/#primaryimage\"},\"thumbnailUrl\":\"https:\/\/www.iplay.com\/wp-content\/uploads\/2023\/12\/large_square_tile_image-3298.jpg\",\"datePublished\":\"2019-09-14T00:00:00+00:00\",\"description\":\"Pour prot\u00e9ger le royaume du mal ancien, frayez-vous un chemin \u00e0 travers les quatre vall\u00e9es. Dans le troisi\u00e8me H\u00e9ros du Royaume\",\"breadcrumb\":{\"@id\":\"https:\/\/www.iplay.com\/fr\/games\/hero-of-the-kingdom-iii\/#breadcrumb\"},\"inLanguage\":\"fr-FR\",\"potentialAction\":[{\"@type\":\"ReadAction\",\"target\":[\"https:\/\/www.iplay.com\/fr\/games\/hero-of-the-kingdom-iii\/\"]}]},{\"@type\":\"ImageObject\",\"inLanguage\":\"fr-FR\",\"@id\":\"https:\/\/www.iplay.com\/fr\/games\/hero-of-the-kingdom-iii\/#primaryimage\",\"url\":\"https:\/\/www.iplay.com\/wp-content\/uploads\/2023\/12\/large_square_tile_image-3298.jpg\",\"contentUrl\":\"https:\/\/www.iplay.com\/wp-content\/uploads\/2023\/12\/large_square_tile_image-3298.jpg\",\"width\":310,\"height\":310},{\"@type\":\"BreadcrumbList\",\"@id\":\"https:\/\/www.iplay.com\/fr\/games\/hero-of-the-kingdom-iii\/#breadcrumb\",\"itemListElement\":[{\"@type\":\"ListItem\",\"position\":1,\"name\":\"Home\",\"item\":\"https:\/\/www.iplay.com\/fr\/home-page-2\/\"},{\"@type\":\"ListItem\",\"position\":2,\"name\":\"Shop\",\"item\":\"https:\/\/www.iplay.com\/en\/shop\/\"},{\"@type\":\"ListItem\",\"position\":3,\"name\":\"Hero of the Kingdom III\"}]},{\"@type\":\"WebSite\",\"@id\":\"https:\/\/www.iplay.com\/en\/#website\",\"url\":\"https:\/\/www.iplay.com\/en\/\",\"name\":\"IPlay\",\"description\":\"The Best Casual Games!\",\"publisher\":{\"@id\":\"https:\/\/www.iplay.com\/en\/#organization\"},\"potentialAction\":[{\"@type\":\"SearchAction\",\"target\":{\"@type\":\"EntryPoint\",\"urlTemplate\":\"https:\/\/www.iplay.com\/en\/?s={search_term_string}\"},\"query-input\":{\"@type\":\"PropertyValueSpecification\",\"valueRequired\":true,\"valueName\":\"search_term_string\"}}],\"inLanguage\":\"fr-FR\"},{\"@type\":\"Organization\",\"@id\":\"https:\/\/www.iplay.com\/en\/#organization\",\"name\":\"IPlay\",\"url\":\"https:\/\/www.iplay.com\/en\/\",\"logo\":{\"@type\":\"ImageObject\",\"inLanguage\":\"fr-FR\",\"@id\":\"https:\/\/www.iplay.com\/en\/#\/schema\/logo\/image\/\",\"url\":\"https:\/\/www.iplay.com\/wp-content\/uploads\/2023\/11\/Group-6100.svg\",\"contentUrl\":\"https:\/\/www.iplay.com\/wp-content\/uploads\/2023\/11\/Group-6100.svg\",\"width\":98,\"height\":25,\"caption\":\"IPlay\"},\"image\":{\"@id\":\"https:\/\/www.iplay.com\/en\/#\/schema\/logo\/image\/\"}}]}<\/script>\n<!-- \/ Yoast SEO Premium plugin. -->","yoast_head_json":{"title":"H\u00e9ros du Royaume III - H\u00e9ros du Royaume III - sauvez le royaume du mal ancien","description":"Pour prot\u00e9ger le royaume du mal ancien, frayez-vous un chemin \u00e0 travers les quatre vall\u00e9es. Dans le troisi\u00e8me H\u00e9ros du Royaume","robots":{"index":"index","follow":"follow","max-snippet":"max-snippet:-1","max-image-preview":"max-image-preview:large","max-video-preview":"max-video-preview:-1"},"canonical":"https:\/\/www.iplay.com\/fr\/games\/hero-of-the-kingdom-iii\/","og_locale":"fr_FR","og_type":"article","og_title":"Hero of the Kingdom III","og_description":"Pour prot\u00e9ger le royaume du mal ancien, frayez-vous un chemin \u00e0 travers les quatre vall\u00e9es. Dans le troisi\u00e8me H\u00e9ros du Royaume","og_url":"https:\/\/www.iplay.com\/fr\/games\/hero-of-the-kingdom-iii\/","og_site_name":"IPlay","og_image":[{"width":310,"height":310,"url":"https:\/\/www.iplay.com\/wp-content\/uploads\/2023\/12\/large_square_tile_image-3298.jpg","type":"image\/jpeg"}],"twitter_card":"summary_large_image","twitter_misc":{"Dur\u00e9e de lecture estim\u00e9e":"1 minute"},"schema":{"@context":"https:\/\/schema.org","@graph":[{"@type":"WebPage","@id":"https:\/\/www.iplay.com\/fr\/games\/hero-of-the-kingdom-iii\/","url":"https:\/\/www.iplay.com\/fr\/games\/hero-of-the-kingdom-iii\/","name":"H\u00e9ros du Royaume III - H\u00e9ros du Royaume III - sauvez le royaume du mal ancien","isPartOf":{"@id":"https:\/\/www.iplay.com\/en\/#website"},"primaryImageOfPage":{"@id":"https:\/\/www.iplay.com\/fr\/games\/hero-of-the-kingdom-iii\/#primaryimage"},"image":{"@id":"https:\/\/www.iplay.com\/fr\/games\/hero-of-the-kingdom-iii\/#primaryimage"},"thumbnailUrl":"https:\/\/www.iplay.com\/wp-content\/uploads\/2023\/12\/large_square_tile_image-3298.jpg","datePublished":"2019-09-14T00:00:00+00:00","description":"Pour prot\u00e9ger le royaume du mal ancien, frayez-vous un chemin \u00e0 travers les quatre vall\u00e9es. Dans le troisi\u00e8me H\u00e9ros du Royaume","breadcrumb":{"@id":"https:\/\/www.iplay.com\/fr\/games\/hero-of-the-kingdom-iii\/#breadcrumb"},"inLanguage":"fr-FR","potentialAction":[{"@type":"ReadAction","target":["https:\/\/www.iplay.com\/fr\/games\/hero-of-the-kingdom-iii\/"]}]},{"@type":"ImageObject","inLanguage":"fr-FR","@id":"https:\/\/www.iplay.com\/fr\/games\/hero-of-the-kingdom-iii\/#primaryimage","url":"https:\/\/www.iplay.com\/wp-content\/uploads\/2023\/12\/large_square_tile_image-3298.jpg","contentUrl":"https:\/\/www.iplay.com\/wp-content\/uploads\/2023\/12\/large_square_tile_image-3298.jpg","width":310,"height":310},{"@type":"BreadcrumbList","@id":"https:\/\/www.iplay.com\/fr\/games\/hero-of-the-kingdom-iii\/#breadcrumb","itemListElement":[{"@type":"ListItem","position":1,"name":"Home","item":"https:\/\/www.iplay.com\/fr\/home-page-2\/"},{"@type":"ListItem","position":2,"name":"Shop","item":"https:\/\/www.iplay.com\/en\/shop\/"},{"@type":"ListItem","position":3,"name":"Hero of the Kingdom III"}]},{"@type":"WebSite","@id":"https:\/\/www.iplay.com\/en\/#website","url":"https:\/\/www.iplay.com\/en\/","name":"IPlay","description":"The Best Casual Games!","publisher":{"@id":"https:\/\/www.iplay.com\/en\/#organization"},"potentialAction":[{"@type":"SearchAction","target":{"@type":"EntryPoint","urlTemplate":"https:\/\/www.iplay.com\/en\/?s={search_term_string}"},"query-input":{"@type":"PropertyValueSpecification","valueRequired":true,"valueName":"search_term_string"}}],"inLanguage":"fr-FR"},{"@type":"Organization","@id":"https:\/\/www.iplay.com\/en\/#organization","name":"IPlay","url":"https:\/\/www.iplay.com\/en\/","logo":{"@type":"ImageObject","inLanguage":"fr-FR","@id":"https:\/\/www.iplay.com\/en\/#\/schema\/logo\/image\/","url":"https:\/\/www.iplay.com\/wp-content\/uploads\/2023\/11\/Group-6100.svg","contentUrl":"https:\/\/www.iplay.com\/wp-content\/uploads\/2023\/11\/Group-6100.svg","width":98,"height":25,"caption":"IPlay"},"image":{"@id":"https:\/\/www.iplay.com\/en\/#\/schema\/logo\/image\/"}}]}},"_links":{"self":[{"href":"https:\/\/www.iplay.com\/fr\/wp-json\/wp\/v2\/product\/139762","targetHints":{"allow":["GET"]}}],"collection":[{"href":"https:\/\/www.iplay.com\/fr\/wp-json\/wp\/v2\/product"}],"about":[{"href":"https:\/\/www.iplay.com\/fr\/wp-json\/wp\/v2\/types\/product"}],"author":[{"embeddable":true,"href":"https:\/\/www.iplay.com\/fr\/wp-json\/wp\/v2\/users\/107"}],"replies":[{"embeddable":true,"href":"https:\/\/www.iplay.com\/fr\/wp-json\/wp\/v2\/comments?post=139762"}],"wp:featuredmedia":[{"embeddable":true,"href":"https:\/\/www.iplay.com\/fr\/wp-json\/wp\/v2\/media\/92516"}],"wp:attachment":[{"href":"https:\/\/www.iplay.com\/fr\/wp-json\/wp\/v2\/media?parent=139762"}],"wp:term":[{"taxonomy":"product_brand","embeddable":true,"href":"https:\/\/www.iplay.com\/fr\/wp-json\/wp\/v2\/product_brand?post=139762"},{"taxonomy":"product_cat","embeddable":true,"href":"https:\/\/www.iplay.com\/fr\/wp-json\/wp\/v2\/product_cat?post=139762"},{"taxonomy":"product_tag","embeddable":true,"href":"https:\/\/www.iplay.com\/fr\/wp-json\/wp\/v2\/product_tag?post=139762"}],"curies":[{"name":"wp","href":"https:\/\/api.w.org\/{rel}","templated":true}]}}