{"id":139755,"date":"2019-09-13T00:00:00","date_gmt":"2019-09-13T00:00:00","guid":{"rendered":"https:\/\/www.iplay.com\/games\/my-brother-rabbit\/"},"modified":"2019-09-13T00:00:00","modified_gmt":"2019-09-13T00:00:00","slug":"my-brother-rabbit","status":"publish","type":"product","link":"https:\/\/www.iplay.com\/fr\/games\/my-brother-rabbit\/","title":{"rendered":"My Brother Rabbit"},"content":{"rendered":"<p>Un petit lapin veut tout faire pour aider son amie malade la fleur \u00e0 se r\u00e9tablir dans ce merveilleux pays de l\u2019imagination. Pour poursuivre sa qu\u00eate, le lapin devra utiliser sa ruse pour r\u00e9soudre des \u00e9nigmes mod\u00e9lis\u00e9es comme les jeux point-and-click bien-aim\u00e9s. Aidez le lapin \u00e0 jouer \u00e0 des mini-jeux, \u00e0 d\u00e9couvrir des objets cach\u00e9s et \u00e0 mettre en place une technologie \u00e9trange dans un monde d\u00e9pourvu de bon sens. Participez \u00e0 ce voyage vibrant \u00e0 travers cinq royaumes \u00e9tonnants qui comprennent des horloges en fusion, d\u2019\u00e9normes champignons, des baobabs en l\u00e9vitation, des robots-orignaux et d\u2019autres sites \u00e9tonnants qui remettront en question vos id\u00e9es pr\u00e9con\u00e7ues sur la r\u00e9alit\u00e9.   <\/p>\n<p>&nbsp;<\/p>\n<p>&nbsp;<\/p>\n<p><strong>Fonctionnalit\u00e9s:<\/strong><\/p>\n<p>&nbsp;<\/p>\n<p>&#8211; Une histoire r\u00e9confortante de bravoure et d\u2019amour.<\/p>\n<p>&#8211; Une tonne d\u2019objets cach\u00e9s, de mini-jeux et d\u2019\u00e9nigmes environnementales.<\/p>\n<p>&#8211; Aider les fr\u00e8res et s\u0153urs \u00e0 explorer leurs mondes imaginaires<\/p>\n<p>&#8211; Des images \u00e9tonnantes qui combinent abstrait, surr\u00e9aliste et r\u00e9el<\/p>\n","protected":false},"excerpt":{"rendered":"<p>Une exp\u00e9rience o\u00f9 la r\u00e9alit\u00e9 et l\u2019imagination d\u2019un enfant se heurtent dans un cadre bizarre.<\/p>\n","protected":false},"author":24,"featured_media":84662,"comment_status":"open","ping_status":"closed","template":"","meta":{"_acf_changed":false,"inline_featured_image":false},"product_brand":[],"product_cat":[165],"product_tag":[287],"class_list":{"0":"post-139755","1":"product","2":"type-product","3":"status-publish","4":"has-post-thumbnail","6":"product_cat-hidden-object-fr","7":"product_tag-play-on-pc-fr","9":"first","10":"instock","11":"shipping-taxable","12":"purchasable","13":"product-type-simple"},"acf":[],"yoast_head":"<!-- This site is optimized with the Yoast SEO Premium plugin v25.2 (Yoast SEO v25.2) - https:\/\/yoast.com\/wordpress\/plugins\/seo\/ -->\n<title>My Brother Rabbit - Plongez dans un conte m\u00ealant r\u00e9alit\u00e9 et imaginaire<\/title>\n<meta name=\"description\" content=\"Une exp\u00e9rience o\u00f9 la r\u00e9alit\u00e9 et l\u2019imagination d\u2019un enfant se heurtent dans un cadre bizarre.\" \/>\n<meta name=\"robots\" content=\"index, follow, max-snippet:-1, max-image-preview:large, max-video-preview:-1\" \/>\n<link rel=\"canonical\" href=\"https:\/\/www.iplay.com\/fr\/games\/my-brother-rabbit\/\" \/>\n<meta property=\"og:locale\" content=\"fr_FR\" \/>\n<meta property=\"og:type\" content=\"article\" \/>\n<meta property=\"og:title\" content=\"My Brother Rabbit\" \/>\n<meta property=\"og:description\" content=\"Une exp\u00e9rience o\u00f9 la r\u00e9alit\u00e9 et l\u2019imagination d\u2019un enfant se heurtent dans un cadre bizarre.\" \/>\n<meta property=\"og:url\" content=\"https:\/\/www.iplay.com\/fr\/games\/my-brother-rabbit\/\" \/>\n<meta property=\"og:site_name\" content=\"IPlay\" \/>\n<meta property=\"og:image\" content=\"https:\/\/www.iplay.com\/wp-content\/uploads\/2023\/12\/large_square_tile_image-2802.jpg\" \/>\n\t<meta property=\"og:image:width\" content=\"310\" \/>\n\t<meta property=\"og:image:height\" content=\"310\" \/>\n\t<meta property=\"og:image:type\" content=\"image\/jpeg\" \/>\n<meta name=\"twitter:card\" content=\"summary_large_image\" \/>\n<meta name=\"twitter:label1\" content=\"Dur\u00e9e de lecture estim\u00e9e\" \/>\n\t<meta name=\"twitter:data1\" content=\"1 minute\" \/>\n<script type=\"application\/ld+json\" class=\"yoast-schema-graph\">{\"@context\":\"https:\/\/schema.org\",\"@graph\":[{\"@type\":\"WebPage\",\"@id\":\"https:\/\/www.iplay.com\/fr\/games\/my-brother-rabbit\/\",\"url\":\"https:\/\/www.iplay.com\/fr\/games\/my-brother-rabbit\/\",\"name\":\"My Brother Rabbit - Plongez dans un conte m\u00ealant r\u00e9alit\u00e9 et imaginaire\",\"isPartOf\":{\"@id\":\"https:\/\/www.iplay.com\/en\/#website\"},\"primaryImageOfPage\":{\"@id\":\"https:\/\/www.iplay.com\/fr\/games\/my-brother-rabbit\/#primaryimage\"},\"image\":{\"@id\":\"https:\/\/www.iplay.com\/fr\/games\/my-brother-rabbit\/#primaryimage\"},\"thumbnailUrl\":\"https:\/\/www.iplay.com\/wp-content\/uploads\/2023\/12\/large_square_tile_image-2802.jpg\",\"datePublished\":\"2019-09-13T00:00:00+00:00\",\"description\":\"Une exp\u00e9rience o\u00f9 la r\u00e9alit\u00e9 et l\u2019imagination d\u2019un enfant se heurtent dans un cadre bizarre.\",\"breadcrumb\":{\"@id\":\"https:\/\/www.iplay.com\/fr\/games\/my-brother-rabbit\/#breadcrumb\"},\"inLanguage\":\"fr-FR\",\"potentialAction\":[{\"@type\":\"ReadAction\",\"target\":[\"https:\/\/www.iplay.com\/fr\/games\/my-brother-rabbit\/\"]}]},{\"@type\":\"ImageObject\",\"inLanguage\":\"fr-FR\",\"@id\":\"https:\/\/www.iplay.com\/fr\/games\/my-brother-rabbit\/#primaryimage\",\"url\":\"https:\/\/www.iplay.com\/wp-content\/uploads\/2023\/12\/large_square_tile_image-2802.jpg\",\"contentUrl\":\"https:\/\/www.iplay.com\/wp-content\/uploads\/2023\/12\/large_square_tile_image-2802.jpg\",\"width\":310,\"height\":310},{\"@type\":\"BreadcrumbList\",\"@id\":\"https:\/\/www.iplay.com\/fr\/games\/my-brother-rabbit\/#breadcrumb\",\"itemListElement\":[{\"@type\":\"ListItem\",\"position\":1,\"name\":\"Home\",\"item\":\"https:\/\/www.iplay.com\/fr\/home-page-2\/\"},{\"@type\":\"ListItem\",\"position\":2,\"name\":\"Shop\",\"item\":\"https:\/\/www.iplay.com\/en\/shop\/\"},{\"@type\":\"ListItem\",\"position\":3,\"name\":\"My Brother Rabbit\"}]},{\"@type\":\"WebSite\",\"@id\":\"https:\/\/www.iplay.com\/en\/#website\",\"url\":\"https:\/\/www.iplay.com\/en\/\",\"name\":\"IPlay\",\"description\":\"The Best Casual Games!\",\"publisher\":{\"@id\":\"https:\/\/www.iplay.com\/en\/#organization\"},\"potentialAction\":[{\"@type\":\"SearchAction\",\"target\":{\"@type\":\"EntryPoint\",\"urlTemplate\":\"https:\/\/www.iplay.com\/en\/?s={search_term_string}\"},\"query-input\":{\"@type\":\"PropertyValueSpecification\",\"valueRequired\":true,\"valueName\":\"search_term_string\"}}],\"inLanguage\":\"fr-FR\"},{\"@type\":\"Organization\",\"@id\":\"https:\/\/www.iplay.com\/en\/#organization\",\"name\":\"IPlay\",\"url\":\"https:\/\/www.iplay.com\/en\/\",\"logo\":{\"@type\":\"ImageObject\",\"inLanguage\":\"fr-FR\",\"@id\":\"https:\/\/www.iplay.com\/en\/#\/schema\/logo\/image\/\",\"url\":\"https:\/\/www.iplay.com\/wp-content\/uploads\/2023\/11\/Group-6100.svg\",\"contentUrl\":\"https:\/\/www.iplay.com\/wp-content\/uploads\/2023\/11\/Group-6100.svg\",\"width\":98,\"height\":25,\"caption\":\"IPlay\"},\"image\":{\"@id\":\"https:\/\/www.iplay.com\/en\/#\/schema\/logo\/image\/\"}}]}<\/script>\n<!-- \/ Yoast SEO Premium plugin. -->","yoast_head_json":{"title":"My Brother Rabbit - Plongez dans un conte m\u00ealant r\u00e9alit\u00e9 et imaginaire","description":"Une exp\u00e9rience o\u00f9 la r\u00e9alit\u00e9 et l\u2019imagination d\u2019un enfant se heurtent dans un cadre bizarre.","robots":{"index":"index","follow":"follow","max-snippet":"max-snippet:-1","max-image-preview":"max-image-preview:large","max-video-preview":"max-video-preview:-1"},"canonical":"https:\/\/www.iplay.com\/fr\/games\/my-brother-rabbit\/","og_locale":"fr_FR","og_type":"article","og_title":"My Brother Rabbit","og_description":"Une exp\u00e9rience o\u00f9 la r\u00e9alit\u00e9 et l\u2019imagination d\u2019un enfant se heurtent dans un cadre bizarre.","og_url":"https:\/\/www.iplay.com\/fr\/games\/my-brother-rabbit\/","og_site_name":"IPlay","og_image":[{"width":310,"height":310,"url":"https:\/\/www.iplay.com\/wp-content\/uploads\/2023\/12\/large_square_tile_image-2802.jpg","type":"image\/jpeg"}],"twitter_card":"summary_large_image","twitter_misc":{"Dur\u00e9e de lecture estim\u00e9e":"1 minute"},"schema":{"@context":"https:\/\/schema.org","@graph":[{"@type":"WebPage","@id":"https:\/\/www.iplay.com\/fr\/games\/my-brother-rabbit\/","url":"https:\/\/www.iplay.com\/fr\/games\/my-brother-rabbit\/","name":"My Brother Rabbit - Plongez dans un conte m\u00ealant r\u00e9alit\u00e9 et imaginaire","isPartOf":{"@id":"https:\/\/www.iplay.com\/en\/#website"},"primaryImageOfPage":{"@id":"https:\/\/www.iplay.com\/fr\/games\/my-brother-rabbit\/#primaryimage"},"image":{"@id":"https:\/\/www.iplay.com\/fr\/games\/my-brother-rabbit\/#primaryimage"},"thumbnailUrl":"https:\/\/www.iplay.com\/wp-content\/uploads\/2023\/12\/large_square_tile_image-2802.jpg","datePublished":"2019-09-13T00:00:00+00:00","description":"Une exp\u00e9rience o\u00f9 la r\u00e9alit\u00e9 et l\u2019imagination d\u2019un enfant se heurtent dans un cadre bizarre.","breadcrumb":{"@id":"https:\/\/www.iplay.com\/fr\/games\/my-brother-rabbit\/#breadcrumb"},"inLanguage":"fr-FR","potentialAction":[{"@type":"ReadAction","target":["https:\/\/www.iplay.com\/fr\/games\/my-brother-rabbit\/"]}]},{"@type":"ImageObject","inLanguage":"fr-FR","@id":"https:\/\/www.iplay.com\/fr\/games\/my-brother-rabbit\/#primaryimage","url":"https:\/\/www.iplay.com\/wp-content\/uploads\/2023\/12\/large_square_tile_image-2802.jpg","contentUrl":"https:\/\/www.iplay.com\/wp-content\/uploads\/2023\/12\/large_square_tile_image-2802.jpg","width":310,"height":310},{"@type":"BreadcrumbList","@id":"https:\/\/www.iplay.com\/fr\/games\/my-brother-rabbit\/#breadcrumb","itemListElement":[{"@type":"ListItem","position":1,"name":"Home","item":"https:\/\/www.iplay.com\/fr\/home-page-2\/"},{"@type":"ListItem","position":2,"name":"Shop","item":"https:\/\/www.iplay.com\/en\/shop\/"},{"@type":"ListItem","position":3,"name":"My Brother Rabbit"}]},{"@type":"WebSite","@id":"https:\/\/www.iplay.com\/en\/#website","url":"https:\/\/www.iplay.com\/en\/","name":"IPlay","description":"The Best Casual Games!","publisher":{"@id":"https:\/\/www.iplay.com\/en\/#organization"},"potentialAction":[{"@type":"SearchAction","target":{"@type":"EntryPoint","urlTemplate":"https:\/\/www.iplay.com\/en\/?s={search_term_string}"},"query-input":{"@type":"PropertyValueSpecification","valueRequired":true,"valueName":"search_term_string"}}],"inLanguage":"fr-FR"},{"@type":"Organization","@id":"https:\/\/www.iplay.com\/en\/#organization","name":"IPlay","url":"https:\/\/www.iplay.com\/en\/","logo":{"@type":"ImageObject","inLanguage":"fr-FR","@id":"https:\/\/www.iplay.com\/en\/#\/schema\/logo\/image\/","url":"https:\/\/www.iplay.com\/wp-content\/uploads\/2023\/11\/Group-6100.svg","contentUrl":"https:\/\/www.iplay.com\/wp-content\/uploads\/2023\/11\/Group-6100.svg","width":98,"height":25,"caption":"IPlay"},"image":{"@id":"https:\/\/www.iplay.com\/en\/#\/schema\/logo\/image\/"}}]}},"_links":{"self":[{"href":"https:\/\/www.iplay.com\/fr\/wp-json\/wp\/v2\/product\/139755","targetHints":{"allow":["GET"]}}],"collection":[{"href":"https:\/\/www.iplay.com\/fr\/wp-json\/wp\/v2\/product"}],"about":[{"href":"https:\/\/www.iplay.com\/fr\/wp-json\/wp\/v2\/types\/product"}],"author":[{"embeddable":true,"href":"https:\/\/www.iplay.com\/fr\/wp-json\/wp\/v2\/users\/24"}],"replies":[{"embeddable":true,"href":"https:\/\/www.iplay.com\/fr\/wp-json\/wp\/v2\/comments?post=139755"}],"wp:featuredmedia":[{"embeddable":true,"href":"https:\/\/www.iplay.com\/fr\/wp-json\/wp\/v2\/media\/84662"}],"wp:attachment":[{"href":"https:\/\/www.iplay.com\/fr\/wp-json\/wp\/v2\/media?parent=139755"}],"wp:term":[{"taxonomy":"product_brand","embeddable":true,"href":"https:\/\/www.iplay.com\/fr\/wp-json\/wp\/v2\/product_brand?post=139755"},{"taxonomy":"product_cat","embeddable":true,"href":"https:\/\/www.iplay.com\/fr\/wp-json\/wp\/v2\/product_cat?post=139755"},{"taxonomy":"product_tag","embeddable":true,"href":"https:\/\/www.iplay.com\/fr\/wp-json\/wp\/v2\/product_tag?post=139755"}],"curies":[{"name":"wp","href":"https:\/\/api.w.org\/{rel}","templated":true}]}}