{"id":139730,"date":"2019-09-03T00:00:00","date_gmt":"2019-09-03T00:00:00","guid":{"rendered":"https:\/\/www.iplay.com\/games\/obscure-legends-curse-of-the-ring\/"},"modified":"2019-09-03T00:00:00","modified_gmt":"2019-09-03T00:00:00","slug":"obscure-legends-curse-of-the-ring","status":"publish","type":"product","link":"https:\/\/www.iplay.com\/fr\/games\/obscure-legends-curse-of-the-ring\/","title":{"rendered":"Obscure Legends &#8211; Curse of the Ring"},"content":{"rendered":"<p>Tout a \u00e9t\u00e9 perdu dans cette temp\u00eate, y compris votre \u00e9quipage, votre navire et m\u00eame votre libert\u00e9. Vous avez atterri sur une \u00eele tropicale o\u00f9 un anneau magique a maudit le porteur, l\u2019obligeant \u00e0 manipuler les autres et \u00e0 frapper de rage. Sera-t-ce votre nouvelle maison pour toujours, ou parviendrez-vous \u00e0 sauver tout le monde sur l\u2019\u00eele du sort du gentil capitaine ? Bien qu\u2019il ne soit pas simple de d\u00e9truire cet anneau, surtout avec les tr\u00e9sors de l\u2019\u00eele qui amplifient sa puissance, l\u2019\u00e9quipage du capitaine est plus qu\u2019heureux de l\u2019aider. Dans l\u2019audacieux jeu d\u2019aventure et de puzzle d\u2019objets cach\u00e9s Obscure Legends&nbsp;: Curse of the Ring, utilisez votre ruse et fouillez l\u2019\u00eele pour apprendre les myst\u00e8res de l\u2019anneau et le d\u00e9truire une fois pour toutes.    <\/p>\n<p>&nbsp;<\/p>\n<p>&nbsp;<\/p>\n<p><strong>Fonctionnalit\u00e9s:<\/strong><\/p>\n<p>&nbsp;<\/p>\n<p>&#8211; Faites connaissance avec un ara \u00e9carlate.<\/p>\n<p>&#8211; Faites connaissance avec la main-d\u2019\u0153uvre d\u00e9vou\u00e9e de Langley.<\/p>\n<p>&#8211; R\u00e9solvez des \u00e9nigmes et enqu\u00eatez sur des temples \u00e9tranges<\/p>\n","protected":false},"excerpt":{"rendered":"<p>Sortez l\u2019anneau maudit sur le capitaine ! Dans La Mal\u00e9diction de l\u2019Anneau : L\u00e9gendes Obscures <\/p>\n","protected":false},"author":17,"featured_media":84699,"comment_status":"open","ping_status":"closed","template":"","meta":{"_acf_changed":false,"inline_featured_image":false},"product_brand":[],"product_cat":[165],"product_tag":[287],"class_list":{"0":"post-139730","1":"product","2":"type-product","3":"status-publish","4":"has-post-thumbnail","6":"product_cat-hidden-object-fr","7":"product_tag-play-on-pc-fr","9":"first","10":"instock","11":"shipping-taxable","12":"purchasable","13":"product-type-simple"},"acf":[],"yoast_head":"<!-- This site is optimized with the Yoast SEO Premium plugin v25.2 (Yoast SEO v25.2) - https:\/\/yoast.com\/wordpress\/plugins\/seo\/ -->\n<title>L\u00e9gendes Obscures - La Mal\u00e9diction de l\u2019Anneau - D\u00e9truisez l\u2019anneau<\/title>\n<meta name=\"description\" content=\"Sortez l\u2019anneau maudit sur le capitaine ! Dans La Mal\u00e9diction de l\u2019Anneau : L\u00e9gendes Obscures\" \/>\n<meta name=\"robots\" content=\"index, follow, max-snippet:-1, max-image-preview:large, max-video-preview:-1\" \/>\n<link rel=\"canonical\" href=\"https:\/\/www.iplay.com\/fr\/games\/obscure-legends-curse-of-the-ring\/\" \/>\n<meta property=\"og:locale\" content=\"fr_FR\" \/>\n<meta property=\"og:type\" content=\"article\" \/>\n<meta property=\"og:title\" content=\"Obscure Legends - Curse of the Ring\" \/>\n<meta property=\"og:description\" content=\"Sortez l\u2019anneau maudit sur le capitaine ! Dans La Mal\u00e9diction de l\u2019Anneau : L\u00e9gendes Obscures\" \/>\n<meta property=\"og:url\" content=\"https:\/\/www.iplay.com\/fr\/games\/obscure-legends-curse-of-the-ring\/\" \/>\n<meta property=\"og:site_name\" content=\"IPlay\" \/>\n<meta property=\"og:image\" content=\"https:\/\/www.iplay.com\/wp-content\/uploads\/2023\/12\/large_square_tile_image-2804.jpg\" \/>\n\t<meta property=\"og:image:width\" content=\"310\" \/>\n\t<meta property=\"og:image:height\" content=\"310\" \/>\n\t<meta property=\"og:image:type\" content=\"image\/jpeg\" \/>\n<meta name=\"twitter:card\" content=\"summary_large_image\" \/>\n<meta name=\"twitter:label1\" content=\"Dur\u00e9e de lecture estim\u00e9e\" \/>\n\t<meta name=\"twitter:data1\" content=\"1 minute\" \/>\n<script type=\"application\/ld+json\" class=\"yoast-schema-graph\">{\"@context\":\"https:\/\/schema.org\",\"@graph\":[{\"@type\":\"WebPage\",\"@id\":\"https:\/\/www.iplay.com\/fr\/games\/obscure-legends-curse-of-the-ring\/\",\"url\":\"https:\/\/www.iplay.com\/fr\/games\/obscure-legends-curse-of-the-ring\/\",\"name\":\"L\u00e9gendes Obscures - La Mal\u00e9diction de l\u2019Anneau - D\u00e9truisez l\u2019anneau\",\"isPartOf\":{\"@id\":\"https:\/\/www.iplay.com\/en\/#website\"},\"primaryImageOfPage\":{\"@id\":\"https:\/\/www.iplay.com\/fr\/games\/obscure-legends-curse-of-the-ring\/#primaryimage\"},\"image\":{\"@id\":\"https:\/\/www.iplay.com\/fr\/games\/obscure-legends-curse-of-the-ring\/#primaryimage\"},\"thumbnailUrl\":\"https:\/\/www.iplay.com\/wp-content\/uploads\/2023\/12\/large_square_tile_image-2804.jpg\",\"datePublished\":\"2019-09-03T00:00:00+00:00\",\"description\":\"Sortez l\u2019anneau maudit sur le capitaine ! Dans La Mal\u00e9diction de l\u2019Anneau : L\u00e9gendes Obscures\",\"breadcrumb\":{\"@id\":\"https:\/\/www.iplay.com\/fr\/games\/obscure-legends-curse-of-the-ring\/#breadcrumb\"},\"inLanguage\":\"fr-FR\",\"potentialAction\":[{\"@type\":\"ReadAction\",\"target\":[\"https:\/\/www.iplay.com\/fr\/games\/obscure-legends-curse-of-the-ring\/\"]}]},{\"@type\":\"ImageObject\",\"inLanguage\":\"fr-FR\",\"@id\":\"https:\/\/www.iplay.com\/fr\/games\/obscure-legends-curse-of-the-ring\/#primaryimage\",\"url\":\"https:\/\/www.iplay.com\/wp-content\/uploads\/2023\/12\/large_square_tile_image-2804.jpg\",\"contentUrl\":\"https:\/\/www.iplay.com\/wp-content\/uploads\/2023\/12\/large_square_tile_image-2804.jpg\",\"width\":310,\"height\":310},{\"@type\":\"BreadcrumbList\",\"@id\":\"https:\/\/www.iplay.com\/fr\/games\/obscure-legends-curse-of-the-ring\/#breadcrumb\",\"itemListElement\":[{\"@type\":\"ListItem\",\"position\":1,\"name\":\"Home\",\"item\":\"https:\/\/www.iplay.com\/fr\/home-page-2\/\"},{\"@type\":\"ListItem\",\"position\":2,\"name\":\"Shop\",\"item\":\"https:\/\/www.iplay.com\/en\/shop\/\"},{\"@type\":\"ListItem\",\"position\":3,\"name\":\"Obscure Legends &#8211; Curse of the Ring\"}]},{\"@type\":\"WebSite\",\"@id\":\"https:\/\/www.iplay.com\/en\/#website\",\"url\":\"https:\/\/www.iplay.com\/en\/\",\"name\":\"IPlay\",\"description\":\"The Best Casual Games!\",\"publisher\":{\"@id\":\"https:\/\/www.iplay.com\/en\/#organization\"},\"potentialAction\":[{\"@type\":\"SearchAction\",\"target\":{\"@type\":\"EntryPoint\",\"urlTemplate\":\"https:\/\/www.iplay.com\/en\/?s={search_term_string}\"},\"query-input\":{\"@type\":\"PropertyValueSpecification\",\"valueRequired\":true,\"valueName\":\"search_term_string\"}}],\"inLanguage\":\"fr-FR\"},{\"@type\":\"Organization\",\"@id\":\"https:\/\/www.iplay.com\/en\/#organization\",\"name\":\"IPlay\",\"url\":\"https:\/\/www.iplay.com\/en\/\",\"logo\":{\"@type\":\"ImageObject\",\"inLanguage\":\"fr-FR\",\"@id\":\"https:\/\/www.iplay.com\/en\/#\/schema\/logo\/image\/\",\"url\":\"https:\/\/www.iplay.com\/wp-content\/uploads\/2023\/11\/Group-6100.svg\",\"contentUrl\":\"https:\/\/www.iplay.com\/wp-content\/uploads\/2023\/11\/Group-6100.svg\",\"width\":98,\"height\":25,\"caption\":\"IPlay\"},\"image\":{\"@id\":\"https:\/\/www.iplay.com\/en\/#\/schema\/logo\/image\/\"}}]}<\/script>\n<!-- \/ Yoast SEO Premium plugin. -->","yoast_head_json":{"title":"L\u00e9gendes Obscures - La Mal\u00e9diction de l\u2019Anneau - D\u00e9truisez l\u2019anneau","description":"Sortez l\u2019anneau maudit sur le capitaine ! Dans La Mal\u00e9diction de l\u2019Anneau : L\u00e9gendes Obscures","robots":{"index":"index","follow":"follow","max-snippet":"max-snippet:-1","max-image-preview":"max-image-preview:large","max-video-preview":"max-video-preview:-1"},"canonical":"https:\/\/www.iplay.com\/fr\/games\/obscure-legends-curse-of-the-ring\/","og_locale":"fr_FR","og_type":"article","og_title":"Obscure Legends - Curse of the Ring","og_description":"Sortez l\u2019anneau maudit sur le capitaine ! Dans La Mal\u00e9diction de l\u2019Anneau : L\u00e9gendes Obscures","og_url":"https:\/\/www.iplay.com\/fr\/games\/obscure-legends-curse-of-the-ring\/","og_site_name":"IPlay","og_image":[{"width":310,"height":310,"url":"https:\/\/www.iplay.com\/wp-content\/uploads\/2023\/12\/large_square_tile_image-2804.jpg","type":"image\/jpeg"}],"twitter_card":"summary_large_image","twitter_misc":{"Dur\u00e9e de lecture estim\u00e9e":"1 minute"},"schema":{"@context":"https:\/\/schema.org","@graph":[{"@type":"WebPage","@id":"https:\/\/www.iplay.com\/fr\/games\/obscure-legends-curse-of-the-ring\/","url":"https:\/\/www.iplay.com\/fr\/games\/obscure-legends-curse-of-the-ring\/","name":"L\u00e9gendes Obscures - La Mal\u00e9diction de l\u2019Anneau - D\u00e9truisez l\u2019anneau","isPartOf":{"@id":"https:\/\/www.iplay.com\/en\/#website"},"primaryImageOfPage":{"@id":"https:\/\/www.iplay.com\/fr\/games\/obscure-legends-curse-of-the-ring\/#primaryimage"},"image":{"@id":"https:\/\/www.iplay.com\/fr\/games\/obscure-legends-curse-of-the-ring\/#primaryimage"},"thumbnailUrl":"https:\/\/www.iplay.com\/wp-content\/uploads\/2023\/12\/large_square_tile_image-2804.jpg","datePublished":"2019-09-03T00:00:00+00:00","description":"Sortez l\u2019anneau maudit sur le capitaine ! Dans La Mal\u00e9diction de l\u2019Anneau : L\u00e9gendes Obscures","breadcrumb":{"@id":"https:\/\/www.iplay.com\/fr\/games\/obscure-legends-curse-of-the-ring\/#breadcrumb"},"inLanguage":"fr-FR","potentialAction":[{"@type":"ReadAction","target":["https:\/\/www.iplay.com\/fr\/games\/obscure-legends-curse-of-the-ring\/"]}]},{"@type":"ImageObject","inLanguage":"fr-FR","@id":"https:\/\/www.iplay.com\/fr\/games\/obscure-legends-curse-of-the-ring\/#primaryimage","url":"https:\/\/www.iplay.com\/wp-content\/uploads\/2023\/12\/large_square_tile_image-2804.jpg","contentUrl":"https:\/\/www.iplay.com\/wp-content\/uploads\/2023\/12\/large_square_tile_image-2804.jpg","width":310,"height":310},{"@type":"BreadcrumbList","@id":"https:\/\/www.iplay.com\/fr\/games\/obscure-legends-curse-of-the-ring\/#breadcrumb","itemListElement":[{"@type":"ListItem","position":1,"name":"Home","item":"https:\/\/www.iplay.com\/fr\/home-page-2\/"},{"@type":"ListItem","position":2,"name":"Shop","item":"https:\/\/www.iplay.com\/en\/shop\/"},{"@type":"ListItem","position":3,"name":"Obscure Legends &#8211; Curse of the Ring"}]},{"@type":"WebSite","@id":"https:\/\/www.iplay.com\/en\/#website","url":"https:\/\/www.iplay.com\/en\/","name":"IPlay","description":"The Best Casual Games!","publisher":{"@id":"https:\/\/www.iplay.com\/en\/#organization"},"potentialAction":[{"@type":"SearchAction","target":{"@type":"EntryPoint","urlTemplate":"https:\/\/www.iplay.com\/en\/?s={search_term_string}"},"query-input":{"@type":"PropertyValueSpecification","valueRequired":true,"valueName":"search_term_string"}}],"inLanguage":"fr-FR"},{"@type":"Organization","@id":"https:\/\/www.iplay.com\/en\/#organization","name":"IPlay","url":"https:\/\/www.iplay.com\/en\/","logo":{"@type":"ImageObject","inLanguage":"fr-FR","@id":"https:\/\/www.iplay.com\/en\/#\/schema\/logo\/image\/","url":"https:\/\/www.iplay.com\/wp-content\/uploads\/2023\/11\/Group-6100.svg","contentUrl":"https:\/\/www.iplay.com\/wp-content\/uploads\/2023\/11\/Group-6100.svg","width":98,"height":25,"caption":"IPlay"},"image":{"@id":"https:\/\/www.iplay.com\/en\/#\/schema\/logo\/image\/"}}]}},"_links":{"self":[{"href":"https:\/\/www.iplay.com\/fr\/wp-json\/wp\/v2\/product\/139730","targetHints":{"allow":["GET"]}}],"collection":[{"href":"https:\/\/www.iplay.com\/fr\/wp-json\/wp\/v2\/product"}],"about":[{"href":"https:\/\/www.iplay.com\/fr\/wp-json\/wp\/v2\/types\/product"}],"author":[{"embeddable":true,"href":"https:\/\/www.iplay.com\/fr\/wp-json\/wp\/v2\/users\/17"}],"replies":[{"embeddable":true,"href":"https:\/\/www.iplay.com\/fr\/wp-json\/wp\/v2\/comments?post=139730"}],"wp:featuredmedia":[{"embeddable":true,"href":"https:\/\/www.iplay.com\/fr\/wp-json\/wp\/v2\/media\/84699"}],"wp:attachment":[{"href":"https:\/\/www.iplay.com\/fr\/wp-json\/wp\/v2\/media?parent=139730"}],"wp:term":[{"taxonomy":"product_brand","embeddable":true,"href":"https:\/\/www.iplay.com\/fr\/wp-json\/wp\/v2\/product_brand?post=139730"},{"taxonomy":"product_cat","embeddable":true,"href":"https:\/\/www.iplay.com\/fr\/wp-json\/wp\/v2\/product_cat?post=139730"},{"taxonomy":"product_tag","embeddable":true,"href":"https:\/\/www.iplay.com\/fr\/wp-json\/wp\/v2\/product_tag?post=139730"}],"curies":[{"name":"wp","href":"https:\/\/api.w.org\/{rel}","templated":true}]}}