{"id":139717,"date":"2019-08-31T00:00:00","date_gmt":"2019-08-31T00:00:00","guid":{"rendered":"https:\/\/www.iplay.com\/games\/ghost-files-2-memory-of-a-crime-collectors-edition\/"},"modified":"2019-08-31T00:00:00","modified_gmt":"2019-08-31T00:00:00","slug":"ghost-files-2-memory-of-a-crime-collectors-edition","status":"publish","type":"product","link":"https:\/\/www.iplay.com\/fr\/games\/ghost-files-2-memory-of-a-crime-collectors-edition\/","title":{"rendered":"Ghost Files 2: Memory of a Crime Collector&#8217;s Edition"},"content":{"rendered":"<p>Quand Arthur Christie, un c\u00e9l\u00e8bre d\u00e9tective priv\u00e9, s\u2019est r\u00e9veill\u00e9 dans une \u00e9trange vieille cave \u00e0 c\u00f4t\u00e9 d\u2019un homme d\u00e9c\u00e9d\u00e9 inconnu, il n\u2019avait aucune id\u00e9e que sa perte de m\u00e9moire \u00e0 court terme serait le cadet de ses soucis puisque les flics \u00e9taient en route et qu\u2019ils n\u2019accepteraient pas je ne me souviens pas comme r\u00e9ponse. Arthur parviendra-t-il \u00e0 reconstituer sa m\u00e9moire manquante pour r\u00e9soudre l\u2019affaire du tueur en s\u00e9rie The Executioner ? D\u00e9couvrez-le dans l\u2019\u00e9dition collector de Ghost Files&nbsp;: Memory of a Crime.  <\/p>\n<p>&nbsp;<\/p>\n<p>&nbsp;<\/p>\n<p><strong>Fonctionnalit\u00e9s:  <\/strong><\/p>\n<p>&nbsp;<\/p>\n<p>&#8211; Un gameplay passionnant d\u2019objets cach\u00e9s<\/p>\n<p>&#8211; Simple \u00e0 apprendre et \u00e0 jouer<\/p>\n<p>&#8211; Visitez de nombreux sites magnifiques<\/p>\n","protected":false},"excerpt":{"rendered":"<p>Dans Ghost Files 2&nbsp;: Memory of a Crime CE, aidez Arthur \u00e0 d\u00e9terminer s\u2019il est innocent ou coupable de meurtre.<\/p>\n","protected":false},"author":118,"featured_media":92732,"comment_status":"open","ping_status":"closed","template":"","meta":{"_acf_changed":false,"inline_featured_image":false},"product_brand":[],"product_cat":[165,202],"product_tag":[287],"class_list":{"0":"post-139717","1":"product","2":"type-product","3":"status-publish","4":"has-post-thumbnail","6":"product_cat-hidden-object-fr","7":"product_cat-removed-content-fr","8":"product_tag-play-on-pc-fr","10":"first","11":"instock","12":"shipping-taxable","13":"purchasable","14":"product-type-simple"},"acf":[],"yoast_head":"<!-- This site is optimized with the Yoast SEO Premium plugin v25.2 (Yoast SEO v25.2) - https:\/\/yoast.com\/wordpress\/plugins\/seo\/ -->\n<title>Ghost Files 2\u00a0: M\u00e9moire d\u2019un Crime \u00c9dition Collector - L\u2019innocence ou la culpabilit\u00e9 d\u2019Arthur ? Y a-t-il un souvenir d\u2019un crime ?<\/title>\n<meta name=\"description\" content=\"Dans Ghost Files 2&nbsp;: Memory of a Crime CE, aidez Arthur \u00e0 d\u00e9terminer s\u2019il est innocent ou coupable de meurtre.\" \/>\n<meta name=\"robots\" content=\"index, follow, max-snippet:-1, max-image-preview:large, max-video-preview:-1\" \/>\n<link rel=\"canonical\" href=\"https:\/\/www.iplay.com\/fr\/games\/ghost-files-2-memory-of-a-crime-collectors-edition\/\" \/>\n<meta property=\"og:locale\" content=\"fr_FR\" \/>\n<meta property=\"og:type\" content=\"article\" \/>\n<meta property=\"og:title\" content=\"Ghost Files 2: Memory of a Crime Collector&#039;s Edition\" \/>\n<meta property=\"og:description\" content=\"Dans Ghost Files 2&nbsp;: Memory of a Crime CE, aidez Arthur \u00e0 d\u00e9terminer s\u2019il est innocent ou coupable de meurtre.\" \/>\n<meta property=\"og:url\" content=\"https:\/\/www.iplay.com\/fr\/games\/ghost-files-2-memory-of-a-crime-collectors-edition\/\" \/>\n<meta property=\"og:site_name\" content=\"IPlay\" \/>\n<meta property=\"og:image\" content=\"https:\/\/www.iplay.com\/wp-content\/uploads\/2023\/12\/large_square_tile_image-3311.jpg\" \/>\n\t<meta property=\"og:image:width\" content=\"310\" \/>\n\t<meta property=\"og:image:height\" content=\"310\" \/>\n\t<meta property=\"og:image:type\" content=\"image\/jpeg\" \/>\n<meta name=\"twitter:card\" content=\"summary_large_image\" \/>\n<meta name=\"twitter:label1\" content=\"Dur\u00e9e de lecture estim\u00e9e\" \/>\n\t<meta name=\"twitter:data1\" content=\"1 minute\" \/>\n<script type=\"application\/ld+json\" class=\"yoast-schema-graph\">{\"@context\":\"https:\/\/schema.org\",\"@graph\":[{\"@type\":\"WebPage\",\"@id\":\"https:\/\/www.iplay.com\/fr\/games\/ghost-files-2-memory-of-a-crime-collectors-edition\/\",\"url\":\"https:\/\/www.iplay.com\/fr\/games\/ghost-files-2-memory-of-a-crime-collectors-edition\/\",\"name\":\"Ghost Files 2\u00a0: M\u00e9moire d\u2019un Crime \u00c9dition Collector - L\u2019innocence ou la culpabilit\u00e9 d\u2019Arthur ? Y a-t-il un souvenir d\u2019un crime ?\",\"isPartOf\":{\"@id\":\"https:\/\/www.iplay.com\/en\/#website\"},\"primaryImageOfPage\":{\"@id\":\"https:\/\/www.iplay.com\/fr\/games\/ghost-files-2-memory-of-a-crime-collectors-edition\/#primaryimage\"},\"image\":{\"@id\":\"https:\/\/www.iplay.com\/fr\/games\/ghost-files-2-memory-of-a-crime-collectors-edition\/#primaryimage\"},\"thumbnailUrl\":\"https:\/\/www.iplay.com\/wp-content\/uploads\/2023\/12\/large_square_tile_image-3311.jpg\",\"datePublished\":\"2019-08-31T00:00:00+00:00\",\"description\":\"Dans Ghost Files 2&nbsp;: Memory of a Crime CE, aidez Arthur \u00e0 d\u00e9terminer s\u2019il est innocent ou coupable de meurtre.\",\"breadcrumb\":{\"@id\":\"https:\/\/www.iplay.com\/fr\/games\/ghost-files-2-memory-of-a-crime-collectors-edition\/#breadcrumb\"},\"inLanguage\":\"fr-FR\",\"potentialAction\":[{\"@type\":\"ReadAction\",\"target\":[\"https:\/\/www.iplay.com\/fr\/games\/ghost-files-2-memory-of-a-crime-collectors-edition\/\"]}]},{\"@type\":\"ImageObject\",\"inLanguage\":\"fr-FR\",\"@id\":\"https:\/\/www.iplay.com\/fr\/games\/ghost-files-2-memory-of-a-crime-collectors-edition\/#primaryimage\",\"url\":\"https:\/\/www.iplay.com\/wp-content\/uploads\/2023\/12\/large_square_tile_image-3311.jpg\",\"contentUrl\":\"https:\/\/www.iplay.com\/wp-content\/uploads\/2023\/12\/large_square_tile_image-3311.jpg\",\"width\":310,\"height\":310},{\"@type\":\"BreadcrumbList\",\"@id\":\"https:\/\/www.iplay.com\/fr\/games\/ghost-files-2-memory-of-a-crime-collectors-edition\/#breadcrumb\",\"itemListElement\":[{\"@type\":\"ListItem\",\"position\":1,\"name\":\"Home\",\"item\":\"https:\/\/www.iplay.com\/fr\/home-page-2\/\"},{\"@type\":\"ListItem\",\"position\":2,\"name\":\"Shop\",\"item\":\"https:\/\/www.iplay.com\/en\/shop\/\"},{\"@type\":\"ListItem\",\"position\":3,\"name\":\"Ghost Files 2: Memory of a Crime Collector&#8217;s Edition\"}]},{\"@type\":\"WebSite\",\"@id\":\"https:\/\/www.iplay.com\/en\/#website\",\"url\":\"https:\/\/www.iplay.com\/en\/\",\"name\":\"IPlay\",\"description\":\"The Best Casual Games!\",\"publisher\":{\"@id\":\"https:\/\/www.iplay.com\/en\/#organization\"},\"potentialAction\":[{\"@type\":\"SearchAction\",\"target\":{\"@type\":\"EntryPoint\",\"urlTemplate\":\"https:\/\/www.iplay.com\/en\/?s={search_term_string}\"},\"query-input\":{\"@type\":\"PropertyValueSpecification\",\"valueRequired\":true,\"valueName\":\"search_term_string\"}}],\"inLanguage\":\"fr-FR\"},{\"@type\":\"Organization\",\"@id\":\"https:\/\/www.iplay.com\/en\/#organization\",\"name\":\"IPlay\",\"url\":\"https:\/\/www.iplay.com\/en\/\",\"logo\":{\"@type\":\"ImageObject\",\"inLanguage\":\"fr-FR\",\"@id\":\"https:\/\/www.iplay.com\/en\/#\/schema\/logo\/image\/\",\"url\":\"https:\/\/www.iplay.com\/wp-content\/uploads\/2023\/11\/Group-6100.svg\",\"contentUrl\":\"https:\/\/www.iplay.com\/wp-content\/uploads\/2023\/11\/Group-6100.svg\",\"width\":98,\"height\":25,\"caption\":\"IPlay\"},\"image\":{\"@id\":\"https:\/\/www.iplay.com\/en\/#\/schema\/logo\/image\/\"}}]}<\/script>\n<!-- \/ Yoast SEO Premium plugin. -->","yoast_head_json":{"title":"Ghost Files 2\u00a0: M\u00e9moire d\u2019un Crime \u00c9dition Collector - L\u2019innocence ou la culpabilit\u00e9 d\u2019Arthur ? Y a-t-il un souvenir d\u2019un crime ?","description":"Dans Ghost Files 2&nbsp;: Memory of a Crime CE, aidez Arthur \u00e0 d\u00e9terminer s\u2019il est innocent ou coupable de meurtre.","robots":{"index":"index","follow":"follow","max-snippet":"max-snippet:-1","max-image-preview":"max-image-preview:large","max-video-preview":"max-video-preview:-1"},"canonical":"https:\/\/www.iplay.com\/fr\/games\/ghost-files-2-memory-of-a-crime-collectors-edition\/","og_locale":"fr_FR","og_type":"article","og_title":"Ghost Files 2: Memory of a Crime Collector's Edition","og_description":"Dans Ghost Files 2&nbsp;: Memory of a Crime CE, aidez Arthur \u00e0 d\u00e9terminer s\u2019il est innocent ou coupable de meurtre.","og_url":"https:\/\/www.iplay.com\/fr\/games\/ghost-files-2-memory-of-a-crime-collectors-edition\/","og_site_name":"IPlay","og_image":[{"width":310,"height":310,"url":"https:\/\/www.iplay.com\/wp-content\/uploads\/2023\/12\/large_square_tile_image-3311.jpg","type":"image\/jpeg"}],"twitter_card":"summary_large_image","twitter_misc":{"Dur\u00e9e de lecture estim\u00e9e":"1 minute"},"schema":{"@context":"https:\/\/schema.org","@graph":[{"@type":"WebPage","@id":"https:\/\/www.iplay.com\/fr\/games\/ghost-files-2-memory-of-a-crime-collectors-edition\/","url":"https:\/\/www.iplay.com\/fr\/games\/ghost-files-2-memory-of-a-crime-collectors-edition\/","name":"Ghost Files 2\u00a0: M\u00e9moire d\u2019un Crime \u00c9dition Collector - L\u2019innocence ou la culpabilit\u00e9 d\u2019Arthur ? Y a-t-il un souvenir d\u2019un crime ?","isPartOf":{"@id":"https:\/\/www.iplay.com\/en\/#website"},"primaryImageOfPage":{"@id":"https:\/\/www.iplay.com\/fr\/games\/ghost-files-2-memory-of-a-crime-collectors-edition\/#primaryimage"},"image":{"@id":"https:\/\/www.iplay.com\/fr\/games\/ghost-files-2-memory-of-a-crime-collectors-edition\/#primaryimage"},"thumbnailUrl":"https:\/\/www.iplay.com\/wp-content\/uploads\/2023\/12\/large_square_tile_image-3311.jpg","datePublished":"2019-08-31T00:00:00+00:00","description":"Dans Ghost Files 2&nbsp;: Memory of a Crime CE, aidez Arthur \u00e0 d\u00e9terminer s\u2019il est innocent ou coupable de meurtre.","breadcrumb":{"@id":"https:\/\/www.iplay.com\/fr\/games\/ghost-files-2-memory-of-a-crime-collectors-edition\/#breadcrumb"},"inLanguage":"fr-FR","potentialAction":[{"@type":"ReadAction","target":["https:\/\/www.iplay.com\/fr\/games\/ghost-files-2-memory-of-a-crime-collectors-edition\/"]}]},{"@type":"ImageObject","inLanguage":"fr-FR","@id":"https:\/\/www.iplay.com\/fr\/games\/ghost-files-2-memory-of-a-crime-collectors-edition\/#primaryimage","url":"https:\/\/www.iplay.com\/wp-content\/uploads\/2023\/12\/large_square_tile_image-3311.jpg","contentUrl":"https:\/\/www.iplay.com\/wp-content\/uploads\/2023\/12\/large_square_tile_image-3311.jpg","width":310,"height":310},{"@type":"BreadcrumbList","@id":"https:\/\/www.iplay.com\/fr\/games\/ghost-files-2-memory-of-a-crime-collectors-edition\/#breadcrumb","itemListElement":[{"@type":"ListItem","position":1,"name":"Home","item":"https:\/\/www.iplay.com\/fr\/home-page-2\/"},{"@type":"ListItem","position":2,"name":"Shop","item":"https:\/\/www.iplay.com\/en\/shop\/"},{"@type":"ListItem","position":3,"name":"Ghost Files 2: Memory of a Crime Collector&#8217;s Edition"}]},{"@type":"WebSite","@id":"https:\/\/www.iplay.com\/en\/#website","url":"https:\/\/www.iplay.com\/en\/","name":"IPlay","description":"The Best Casual Games!","publisher":{"@id":"https:\/\/www.iplay.com\/en\/#organization"},"potentialAction":[{"@type":"SearchAction","target":{"@type":"EntryPoint","urlTemplate":"https:\/\/www.iplay.com\/en\/?s={search_term_string}"},"query-input":{"@type":"PropertyValueSpecification","valueRequired":true,"valueName":"search_term_string"}}],"inLanguage":"fr-FR"},{"@type":"Organization","@id":"https:\/\/www.iplay.com\/en\/#organization","name":"IPlay","url":"https:\/\/www.iplay.com\/en\/","logo":{"@type":"ImageObject","inLanguage":"fr-FR","@id":"https:\/\/www.iplay.com\/en\/#\/schema\/logo\/image\/","url":"https:\/\/www.iplay.com\/wp-content\/uploads\/2023\/11\/Group-6100.svg","contentUrl":"https:\/\/www.iplay.com\/wp-content\/uploads\/2023\/11\/Group-6100.svg","width":98,"height":25,"caption":"IPlay"},"image":{"@id":"https:\/\/www.iplay.com\/en\/#\/schema\/logo\/image\/"}}]}},"_links":{"self":[{"href":"https:\/\/www.iplay.com\/fr\/wp-json\/wp\/v2\/product\/139717","targetHints":{"allow":["GET"]}}],"collection":[{"href":"https:\/\/www.iplay.com\/fr\/wp-json\/wp\/v2\/product"}],"about":[{"href":"https:\/\/www.iplay.com\/fr\/wp-json\/wp\/v2\/types\/product"}],"author":[{"embeddable":true,"href":"https:\/\/www.iplay.com\/fr\/wp-json\/wp\/v2\/users\/118"}],"replies":[{"embeddable":true,"href":"https:\/\/www.iplay.com\/fr\/wp-json\/wp\/v2\/comments?post=139717"}],"wp:featuredmedia":[{"embeddable":true,"href":"https:\/\/www.iplay.com\/fr\/wp-json\/wp\/v2\/media\/92732"}],"wp:attachment":[{"href":"https:\/\/www.iplay.com\/fr\/wp-json\/wp\/v2\/media?parent=139717"}],"wp:term":[{"taxonomy":"product_brand","embeddable":true,"href":"https:\/\/www.iplay.com\/fr\/wp-json\/wp\/v2\/product_brand?post=139717"},{"taxonomy":"product_cat","embeddable":true,"href":"https:\/\/www.iplay.com\/fr\/wp-json\/wp\/v2\/product_cat?post=139717"},{"taxonomy":"product_tag","embeddable":true,"href":"https:\/\/www.iplay.com\/fr\/wp-json\/wp\/v2\/product_tag?post=139717"}],"curies":[{"name":"wp","href":"https:\/\/api.w.org\/{rel}","templated":true}]}}