{"id":139668,"date":"2019-08-15T00:00:00","date_gmt":"2019-08-15T00:00:00","guid":{"rendered":"https:\/\/www.iplay.com\/games\/hiddenverse-ominous-opus\/"},"modified":"2019-08-15T00:00:00","modified_gmt":"2019-08-15T00:00:00","slug":"hiddenverse-ominous-opus","status":"publish","type":"product","link":"https:\/\/www.iplay.com\/fr\/games\/hiddenverse-ominous-opus\/","title":{"rendered":"Hiddenverse &#8211; Ominous Opus"},"content":{"rendered":"<p>La jeune auteure Avenlee Courtwald re\u00e7oit une invitation \u00e0 visiter Dawnford, un petit village tranquille, de la part de sa meilleure amie Emet St.Riser. Mais quand Avenlee y arrive, elle d\u00e9couvre son compagnon enterr\u00e9 dans les \u00e9gouts de la ville sous les d\u00e9bris. Il ne faut pas longtemps pour d\u00e9couvrir que l\u2019horrible accident est un meurtre mont\u00e9 de toutes pi\u00e8ces. Vous ne pouvez jamais faire confiance \u00e0 qui que ce soit dans la ville, et vous seul saurez si vous aurez la chance de r\u00e9soudre le myst\u00e8re derri\u00e8re la mort d\u2019Emet.   <\/p>\n<p>&nbsp;<\/p>\n<p>&nbsp;<\/p>\n<p><strong>Fonctionnalit\u00e9s:<\/strong><\/p>\n<p>&nbsp;<\/p>\n<p>&#8211; Une passionnante histoire de d\u00e9tective d\u2019objets cach\u00e9s, d\u2019\u00e9nigmes et de match-3 se d\u00e9roulant dans une ville victorienne \u00e9nigmatique.<\/p>\n<p>&#8211; 200+ \u00e9tapes de jeu. Jeux int\u00e9ressants impliquant la recherche de paires. <\/p>\n<p>&#8211; Plus de vingt fonctionnalit\u00e9s de jeu distinctes.<\/p>\n<p>&#8211; 500 outils de jeu distincts.<\/p>\n","protected":false},"excerpt":{"rendered":"<p>D\u00e9couvrez la raison de la mort pr\u00e9matur\u00e9e d\u2019un ami dans Hiddenverse &#8211; Ominous Opus avec l\u2019aide d\u2019Avenlee.<\/p>\n","protected":false},"author":195,"featured_media":92898,"comment_status":"open","ping_status":"closed","template":"","meta":{"_acf_changed":false,"inline_featured_image":false},"product_brand":[],"product_cat":[193],"product_tag":[],"class_list":{"0":"post-139668","1":"product","2":"type-product","3":"status-publish","4":"has-post-thumbnail","6":"product_cat-puzzle-fr","8":"first","9":"instock","10":"shipping-taxable","11":"purchasable","12":"product-type-simple"},"acf":[],"yoast_head":"<!-- This site is optimized with the Yoast SEO Premium plugin v25.2 (Yoast SEO v25.2) - https:\/\/yoast.com\/wordpress\/plugins\/seo\/ -->\n<title>Hiddenverse - Inqui\u00e9tant Opus - D\u00e9couvrez le myst\u00e8re d\u2019une mort tragique dans le Hiddenverse<\/title>\n<meta name=\"description\" content=\"D\u00e9couvrez la raison de la mort pr\u00e9matur\u00e9e d\u2019un ami dans Hiddenverse - Ominous Opus avec l\u2019aide d\u2019Avenlee.\" \/>\n<meta name=\"robots\" content=\"index, follow, max-snippet:-1, max-image-preview:large, max-video-preview:-1\" \/>\n<link rel=\"canonical\" href=\"https:\/\/www.iplay.com\/fr\/games\/hiddenverse-ominous-opus\/\" \/>\n<meta property=\"og:locale\" content=\"fr_FR\" \/>\n<meta property=\"og:type\" content=\"article\" \/>\n<meta property=\"og:title\" content=\"Hiddenverse - Ominous Opus\" \/>\n<meta property=\"og:description\" content=\"D\u00e9couvrez la raison de la mort pr\u00e9matur\u00e9e d\u2019un ami dans Hiddenverse - Ominous Opus avec l\u2019aide d\u2019Avenlee.\" \/>\n<meta property=\"og:url\" content=\"https:\/\/www.iplay.com\/fr\/games\/hiddenverse-ominous-opus\/\" \/>\n<meta property=\"og:site_name\" content=\"IPlay\" \/>\n<meta property=\"og:image\" content=\"https:\/\/www.iplay.com\/wp-content\/uploads\/2023\/12\/large_square_tile_image-3322.jpg\" \/>\n\t<meta property=\"og:image:width\" content=\"310\" \/>\n\t<meta property=\"og:image:height\" content=\"310\" \/>\n\t<meta property=\"og:image:type\" content=\"image\/jpeg\" \/>\n<meta name=\"twitter:card\" content=\"summary_large_image\" \/>\n<meta name=\"twitter:label1\" content=\"Dur\u00e9e de lecture estim\u00e9e\" \/>\n\t<meta name=\"twitter:data1\" content=\"1 minute\" \/>\n<script type=\"application\/ld+json\" class=\"yoast-schema-graph\">{\"@context\":\"https:\/\/schema.org\",\"@graph\":[{\"@type\":\"WebPage\",\"@id\":\"https:\/\/www.iplay.com\/fr\/games\/hiddenverse-ominous-opus\/\",\"url\":\"https:\/\/www.iplay.com\/fr\/games\/hiddenverse-ominous-opus\/\",\"name\":\"Hiddenverse - Inqui\u00e9tant Opus - D\u00e9couvrez le myst\u00e8re d\u2019une mort tragique dans le Hiddenverse\",\"isPartOf\":{\"@id\":\"https:\/\/www.iplay.com\/en\/#website\"},\"primaryImageOfPage\":{\"@id\":\"https:\/\/www.iplay.com\/fr\/games\/hiddenverse-ominous-opus\/#primaryimage\"},\"image\":{\"@id\":\"https:\/\/www.iplay.com\/fr\/games\/hiddenverse-ominous-opus\/#primaryimage\"},\"thumbnailUrl\":\"https:\/\/www.iplay.com\/wp-content\/uploads\/2023\/12\/large_square_tile_image-3322.jpg\",\"datePublished\":\"2019-08-15T00:00:00+00:00\",\"description\":\"D\u00e9couvrez la raison de la mort pr\u00e9matur\u00e9e d\u2019un ami dans Hiddenverse - Ominous Opus avec l\u2019aide d\u2019Avenlee.\",\"breadcrumb\":{\"@id\":\"https:\/\/www.iplay.com\/fr\/games\/hiddenverse-ominous-opus\/#breadcrumb\"},\"inLanguage\":\"fr-FR\",\"potentialAction\":[{\"@type\":\"ReadAction\",\"target\":[\"https:\/\/www.iplay.com\/fr\/games\/hiddenverse-ominous-opus\/\"]}]},{\"@type\":\"ImageObject\",\"inLanguage\":\"fr-FR\",\"@id\":\"https:\/\/www.iplay.com\/fr\/games\/hiddenverse-ominous-opus\/#primaryimage\",\"url\":\"https:\/\/www.iplay.com\/wp-content\/uploads\/2023\/12\/large_square_tile_image-3322.jpg\",\"contentUrl\":\"https:\/\/www.iplay.com\/wp-content\/uploads\/2023\/12\/large_square_tile_image-3322.jpg\",\"width\":310,\"height\":310},{\"@type\":\"BreadcrumbList\",\"@id\":\"https:\/\/www.iplay.com\/fr\/games\/hiddenverse-ominous-opus\/#breadcrumb\",\"itemListElement\":[{\"@type\":\"ListItem\",\"position\":1,\"name\":\"Home\",\"item\":\"https:\/\/www.iplay.com\/fr\/home-page-2\/\"},{\"@type\":\"ListItem\",\"position\":2,\"name\":\"Shop\",\"item\":\"https:\/\/www.iplay.com\/en\/shop\/\"},{\"@type\":\"ListItem\",\"position\":3,\"name\":\"Hiddenverse &#8211; Ominous Opus\"}]},{\"@type\":\"WebSite\",\"@id\":\"https:\/\/www.iplay.com\/en\/#website\",\"url\":\"https:\/\/www.iplay.com\/en\/\",\"name\":\"IPlay\",\"description\":\"The Best Casual Games!\",\"publisher\":{\"@id\":\"https:\/\/www.iplay.com\/en\/#organization\"},\"potentialAction\":[{\"@type\":\"SearchAction\",\"target\":{\"@type\":\"EntryPoint\",\"urlTemplate\":\"https:\/\/www.iplay.com\/en\/?s={search_term_string}\"},\"query-input\":{\"@type\":\"PropertyValueSpecification\",\"valueRequired\":true,\"valueName\":\"search_term_string\"}}],\"inLanguage\":\"fr-FR\"},{\"@type\":\"Organization\",\"@id\":\"https:\/\/www.iplay.com\/en\/#organization\",\"name\":\"IPlay\",\"url\":\"https:\/\/www.iplay.com\/en\/\",\"logo\":{\"@type\":\"ImageObject\",\"inLanguage\":\"fr-FR\",\"@id\":\"https:\/\/www.iplay.com\/en\/#\/schema\/logo\/image\/\",\"url\":\"https:\/\/www.iplay.com\/wp-content\/uploads\/2023\/11\/Group-6100.svg\",\"contentUrl\":\"https:\/\/www.iplay.com\/wp-content\/uploads\/2023\/11\/Group-6100.svg\",\"width\":98,\"height\":25,\"caption\":\"IPlay\"},\"image\":{\"@id\":\"https:\/\/www.iplay.com\/en\/#\/schema\/logo\/image\/\"}}]}<\/script>\n<!-- \/ Yoast SEO Premium plugin. -->","yoast_head_json":{"title":"Hiddenverse - Inqui\u00e9tant Opus - D\u00e9couvrez le myst\u00e8re d\u2019une mort tragique dans le Hiddenverse","description":"D\u00e9couvrez la raison de la mort pr\u00e9matur\u00e9e d\u2019un ami dans Hiddenverse - Ominous Opus avec l\u2019aide d\u2019Avenlee.","robots":{"index":"index","follow":"follow","max-snippet":"max-snippet:-1","max-image-preview":"max-image-preview:large","max-video-preview":"max-video-preview:-1"},"canonical":"https:\/\/www.iplay.com\/fr\/games\/hiddenverse-ominous-opus\/","og_locale":"fr_FR","og_type":"article","og_title":"Hiddenverse - Ominous Opus","og_description":"D\u00e9couvrez la raison de la mort pr\u00e9matur\u00e9e d\u2019un ami dans Hiddenverse - Ominous Opus avec l\u2019aide d\u2019Avenlee.","og_url":"https:\/\/www.iplay.com\/fr\/games\/hiddenverse-ominous-opus\/","og_site_name":"IPlay","og_image":[{"width":310,"height":310,"url":"https:\/\/www.iplay.com\/wp-content\/uploads\/2023\/12\/large_square_tile_image-3322.jpg","type":"image\/jpeg"}],"twitter_card":"summary_large_image","twitter_misc":{"Dur\u00e9e de lecture estim\u00e9e":"1 minute"},"schema":{"@context":"https:\/\/schema.org","@graph":[{"@type":"WebPage","@id":"https:\/\/www.iplay.com\/fr\/games\/hiddenverse-ominous-opus\/","url":"https:\/\/www.iplay.com\/fr\/games\/hiddenverse-ominous-opus\/","name":"Hiddenverse - Inqui\u00e9tant Opus - D\u00e9couvrez le myst\u00e8re d\u2019une mort tragique dans le Hiddenverse","isPartOf":{"@id":"https:\/\/www.iplay.com\/en\/#website"},"primaryImageOfPage":{"@id":"https:\/\/www.iplay.com\/fr\/games\/hiddenverse-ominous-opus\/#primaryimage"},"image":{"@id":"https:\/\/www.iplay.com\/fr\/games\/hiddenverse-ominous-opus\/#primaryimage"},"thumbnailUrl":"https:\/\/www.iplay.com\/wp-content\/uploads\/2023\/12\/large_square_tile_image-3322.jpg","datePublished":"2019-08-15T00:00:00+00:00","description":"D\u00e9couvrez la raison de la mort pr\u00e9matur\u00e9e d\u2019un ami dans Hiddenverse - Ominous Opus avec l\u2019aide d\u2019Avenlee.","breadcrumb":{"@id":"https:\/\/www.iplay.com\/fr\/games\/hiddenverse-ominous-opus\/#breadcrumb"},"inLanguage":"fr-FR","potentialAction":[{"@type":"ReadAction","target":["https:\/\/www.iplay.com\/fr\/games\/hiddenverse-ominous-opus\/"]}]},{"@type":"ImageObject","inLanguage":"fr-FR","@id":"https:\/\/www.iplay.com\/fr\/games\/hiddenverse-ominous-opus\/#primaryimage","url":"https:\/\/www.iplay.com\/wp-content\/uploads\/2023\/12\/large_square_tile_image-3322.jpg","contentUrl":"https:\/\/www.iplay.com\/wp-content\/uploads\/2023\/12\/large_square_tile_image-3322.jpg","width":310,"height":310},{"@type":"BreadcrumbList","@id":"https:\/\/www.iplay.com\/fr\/games\/hiddenverse-ominous-opus\/#breadcrumb","itemListElement":[{"@type":"ListItem","position":1,"name":"Home","item":"https:\/\/www.iplay.com\/fr\/home-page-2\/"},{"@type":"ListItem","position":2,"name":"Shop","item":"https:\/\/www.iplay.com\/en\/shop\/"},{"@type":"ListItem","position":3,"name":"Hiddenverse &#8211; Ominous Opus"}]},{"@type":"WebSite","@id":"https:\/\/www.iplay.com\/en\/#website","url":"https:\/\/www.iplay.com\/en\/","name":"IPlay","description":"The Best Casual Games!","publisher":{"@id":"https:\/\/www.iplay.com\/en\/#organization"},"potentialAction":[{"@type":"SearchAction","target":{"@type":"EntryPoint","urlTemplate":"https:\/\/www.iplay.com\/en\/?s={search_term_string}"},"query-input":{"@type":"PropertyValueSpecification","valueRequired":true,"valueName":"search_term_string"}}],"inLanguage":"fr-FR"},{"@type":"Organization","@id":"https:\/\/www.iplay.com\/en\/#organization","name":"IPlay","url":"https:\/\/www.iplay.com\/en\/","logo":{"@type":"ImageObject","inLanguage":"fr-FR","@id":"https:\/\/www.iplay.com\/en\/#\/schema\/logo\/image\/","url":"https:\/\/www.iplay.com\/wp-content\/uploads\/2023\/11\/Group-6100.svg","contentUrl":"https:\/\/www.iplay.com\/wp-content\/uploads\/2023\/11\/Group-6100.svg","width":98,"height":25,"caption":"IPlay"},"image":{"@id":"https:\/\/www.iplay.com\/en\/#\/schema\/logo\/image\/"}}]}},"_links":{"self":[{"href":"https:\/\/www.iplay.com\/fr\/wp-json\/wp\/v2\/product\/139668","targetHints":{"allow":["GET"]}}],"collection":[{"href":"https:\/\/www.iplay.com\/fr\/wp-json\/wp\/v2\/product"}],"about":[{"href":"https:\/\/www.iplay.com\/fr\/wp-json\/wp\/v2\/types\/product"}],"author":[{"embeddable":true,"href":"https:\/\/www.iplay.com\/fr\/wp-json\/wp\/v2\/users\/195"}],"replies":[{"embeddable":true,"href":"https:\/\/www.iplay.com\/fr\/wp-json\/wp\/v2\/comments?post=139668"}],"wp:featuredmedia":[{"embeddable":true,"href":"https:\/\/www.iplay.com\/fr\/wp-json\/wp\/v2\/media\/92898"}],"wp:attachment":[{"href":"https:\/\/www.iplay.com\/fr\/wp-json\/wp\/v2\/media?parent=139668"}],"wp:term":[{"taxonomy":"product_brand","embeddable":true,"href":"https:\/\/www.iplay.com\/fr\/wp-json\/wp\/v2\/product_brand?post=139668"},{"taxonomy":"product_cat","embeddable":true,"href":"https:\/\/www.iplay.com\/fr\/wp-json\/wp\/v2\/product_cat?post=139668"},{"taxonomy":"product_tag","embeddable":true,"href":"https:\/\/www.iplay.com\/fr\/wp-json\/wp\/v2\/product_tag?post=139668"}],"curies":[{"name":"wp","href":"https:\/\/api.w.org\/{rel}","templated":true}]}}