{"id":139662,"date":"2019-08-12T00:00:00","date_gmt":"2019-08-12T00:00:00","guid":{"rendered":"https:\/\/www.iplay.com\/games\/bridge-to-another-world-escape-from-oz-collectors-edition\/"},"modified":"2019-08-12T00:00:00","modified_gmt":"2019-08-12T00:00:00","slug":"bridge-to-another-world-escape-from-oz-collectors-edition","status":"publish","type":"product","link":"https:\/\/www.iplay.com\/fr\/games\/bridge-to-another-world-escape-from-oz-collectors-edition\/","title":{"rendered":"Bridge to Another World: Escape From Oz Collector&#8217;s Edition"},"content":{"rendered":"<p>Le nouveau jeu passionnant <em>Bridge to Another World<\/em> des cr\u00e9ateurs de <em>Living Legends<\/em> est arriv\u00e9 ! La journ\u00e9e a commenc\u00e9 comme n\u2019importe quelle autre, avec vous d\u00e9posant vos enfants \u00e0 l\u2019\u00e9cole et vous blottissant contre votre petit chien, Toto, pour un peu de temps seul. Cependant, tout dans votre existence est boulevers\u00e9 lorsqu\u2019une temp\u00eate inattendue se pr\u00e9sente et emporte votre maison dans le pays fantastique d\u2019Oz. Vous vous retrouvez maintenant au milieu d\u2019un tournoi intense dont l\u2019\u00e9nigmatique Grand Sorcier est en charge. Vous et Toto devez parcourir les quatre coins d\u2019Oz, rencontrer des adversaires, des barrages routiers et des \u00e9nigmes \u00e0 chaque tournant, afin de rentrer chez vous ! Vous sentez-vous \u00e0 la hauteur de la t\u00e2che ? Jouez \u00e0 ce jeu d\u2019aventure et de puzzle d\u2019objets cach\u00e9s pour le d\u00e9couvrir !      <\/p>\n<p>&nbsp;<\/p>\n<p>&nbsp;<\/p>\n<p><strong>Fonctionnalit\u00e9s:<\/strong><\/p>\n<p>&nbsp;<\/p>\n<p>&#8211; Faites connaissance avec un vieil ami dans le jeu bonus ! Profitez de l\u2019art conceptuel, de la musique, des fonds d\u2019\u00e9cran et bien plus encore !<br \/>\n&#8211; Utilisez des objets de collection pour cr\u00e9er la maison id\u00e9ale pour Toto !<br \/>\n&#8211; Jouez \u00e0 des puzzles et des mini-jeux ! Examinez l\u2019utile Guide de strat\u00e9gie.<\/p>\n","protected":false},"excerpt":{"rendered":"<p>Une temp\u00eate d\u2019excitation s\u2019annonce&nbsp;! L\u2019\u00e9dition collector de Bridge to Another World&nbsp;: Escape From Oz <\/p>\n","protected":false},"author":17,"featured_media":92988,"comment_status":"open","ping_status":"closed","template":"","meta":{"_acf_changed":false,"inline_featured_image":false},"product_brand":[],"product_cat":[165],"product_tag":[287],"class_list":{"0":"post-139662","1":"product","2":"type-product","3":"status-publish","4":"has-post-thumbnail","6":"product_cat-hidden-object-fr","7":"product_tag-play-on-pc-fr","9":"first","10":"instock","11":"shipping-taxable","12":"purchasable","13":"product-type-simple"},"acf":[],"yoast_head":"<!-- This site is optimized with the Yoast SEO Premium plugin v25.2 (Yoast SEO v25.2) - https:\/\/yoast.com\/wordpress\/plugins\/seo\/ -->\n<title>Bridge to Another World\u00a0: Escape From Oz Edition Collector - Vivez une aventure fulgurante au pays d\u2019Oz<\/title>\n<meta name=\"description\" content=\"Une temp\u00eate d\u2019excitation s\u2019annonce&nbsp;! L\u2019\u00e9dition collector de Bridge to Another World&nbsp;: Escape From Oz\" \/>\n<meta name=\"robots\" content=\"index, follow, max-snippet:-1, max-image-preview:large, max-video-preview:-1\" \/>\n<link rel=\"canonical\" href=\"https:\/\/www.iplay.com\/fr\/games\/bridge-to-another-world-escape-from-oz-collectors-edition\/\" \/>\n<meta property=\"og:locale\" content=\"fr_FR\" \/>\n<meta property=\"og:type\" content=\"article\" \/>\n<meta property=\"og:title\" content=\"Bridge to Another World: Escape From Oz Collector&#039;s Edition\" \/>\n<meta property=\"og:description\" content=\"Une temp\u00eate d\u2019excitation s\u2019annonce&nbsp;! L\u2019\u00e9dition collector de Bridge to Another World&nbsp;: Escape From Oz\" \/>\n<meta property=\"og:url\" content=\"https:\/\/www.iplay.com\/fr\/games\/bridge-to-another-world-escape-from-oz-collectors-edition\/\" \/>\n<meta property=\"og:site_name\" content=\"IPlay\" \/>\n<meta property=\"og:image\" content=\"https:\/\/www.iplay.com\/wp-content\/uploads\/2023\/12\/large_square_tile_image-3327.jpg\" \/>\n\t<meta property=\"og:image:width\" content=\"310\" \/>\n\t<meta property=\"og:image:height\" content=\"310\" \/>\n\t<meta property=\"og:image:type\" content=\"image\/jpeg\" \/>\n<meta name=\"twitter:card\" content=\"summary_large_image\" \/>\n<meta name=\"twitter:label1\" content=\"Dur\u00e9e de lecture estim\u00e9e\" \/>\n\t<meta name=\"twitter:data1\" content=\"1 minute\" \/>\n<script type=\"application\/ld+json\" class=\"yoast-schema-graph\">{\"@context\":\"https:\/\/schema.org\",\"@graph\":[{\"@type\":\"WebPage\",\"@id\":\"https:\/\/www.iplay.com\/fr\/games\/bridge-to-another-world-escape-from-oz-collectors-edition\/\",\"url\":\"https:\/\/www.iplay.com\/fr\/games\/bridge-to-another-world-escape-from-oz-collectors-edition\/\",\"name\":\"Bridge to Another World\u00a0: Escape From Oz Edition Collector - Vivez une aventure fulgurante au pays d\u2019Oz\",\"isPartOf\":{\"@id\":\"https:\/\/www.iplay.com\/en\/#website\"},\"primaryImageOfPage\":{\"@id\":\"https:\/\/www.iplay.com\/fr\/games\/bridge-to-another-world-escape-from-oz-collectors-edition\/#primaryimage\"},\"image\":{\"@id\":\"https:\/\/www.iplay.com\/fr\/games\/bridge-to-another-world-escape-from-oz-collectors-edition\/#primaryimage\"},\"thumbnailUrl\":\"https:\/\/www.iplay.com\/wp-content\/uploads\/2023\/12\/large_square_tile_image-3327.jpg\",\"datePublished\":\"2019-08-12T00:00:00+00:00\",\"description\":\"Une temp\u00eate d\u2019excitation s\u2019annonce&nbsp;! L\u2019\u00e9dition collector de Bridge to Another World&nbsp;: Escape From Oz\",\"breadcrumb\":{\"@id\":\"https:\/\/www.iplay.com\/fr\/games\/bridge-to-another-world-escape-from-oz-collectors-edition\/#breadcrumb\"},\"inLanguage\":\"fr-FR\",\"potentialAction\":[{\"@type\":\"ReadAction\",\"target\":[\"https:\/\/www.iplay.com\/fr\/games\/bridge-to-another-world-escape-from-oz-collectors-edition\/\"]}]},{\"@type\":\"ImageObject\",\"inLanguage\":\"fr-FR\",\"@id\":\"https:\/\/www.iplay.com\/fr\/games\/bridge-to-another-world-escape-from-oz-collectors-edition\/#primaryimage\",\"url\":\"https:\/\/www.iplay.com\/wp-content\/uploads\/2023\/12\/large_square_tile_image-3327.jpg\",\"contentUrl\":\"https:\/\/www.iplay.com\/wp-content\/uploads\/2023\/12\/large_square_tile_image-3327.jpg\",\"width\":310,\"height\":310},{\"@type\":\"BreadcrumbList\",\"@id\":\"https:\/\/www.iplay.com\/fr\/games\/bridge-to-another-world-escape-from-oz-collectors-edition\/#breadcrumb\",\"itemListElement\":[{\"@type\":\"ListItem\",\"position\":1,\"name\":\"Home\",\"item\":\"https:\/\/www.iplay.com\/fr\/home-page-2\/\"},{\"@type\":\"ListItem\",\"position\":2,\"name\":\"Shop\",\"item\":\"https:\/\/www.iplay.com\/en\/shop\/\"},{\"@type\":\"ListItem\",\"position\":3,\"name\":\"Bridge to Another World: Escape From Oz Collector&#8217;s Edition\"}]},{\"@type\":\"WebSite\",\"@id\":\"https:\/\/www.iplay.com\/en\/#website\",\"url\":\"https:\/\/www.iplay.com\/en\/\",\"name\":\"IPlay\",\"description\":\"The Best Casual Games!\",\"publisher\":{\"@id\":\"https:\/\/www.iplay.com\/en\/#organization\"},\"potentialAction\":[{\"@type\":\"SearchAction\",\"target\":{\"@type\":\"EntryPoint\",\"urlTemplate\":\"https:\/\/www.iplay.com\/en\/?s={search_term_string}\"},\"query-input\":{\"@type\":\"PropertyValueSpecification\",\"valueRequired\":true,\"valueName\":\"search_term_string\"}}],\"inLanguage\":\"fr-FR\"},{\"@type\":\"Organization\",\"@id\":\"https:\/\/www.iplay.com\/en\/#organization\",\"name\":\"IPlay\",\"url\":\"https:\/\/www.iplay.com\/en\/\",\"logo\":{\"@type\":\"ImageObject\",\"inLanguage\":\"fr-FR\",\"@id\":\"https:\/\/www.iplay.com\/en\/#\/schema\/logo\/image\/\",\"url\":\"https:\/\/www.iplay.com\/wp-content\/uploads\/2023\/11\/Group-6100.svg\",\"contentUrl\":\"https:\/\/www.iplay.com\/wp-content\/uploads\/2023\/11\/Group-6100.svg\",\"width\":98,\"height\":25,\"caption\":\"IPlay\"},\"image\":{\"@id\":\"https:\/\/www.iplay.com\/en\/#\/schema\/logo\/image\/\"}}]}<\/script>\n<!-- \/ Yoast SEO Premium plugin. -->","yoast_head_json":{"title":"Bridge to Another World\u00a0: Escape From Oz Edition Collector - Vivez une aventure fulgurante au pays d\u2019Oz","description":"Une temp\u00eate d\u2019excitation s\u2019annonce&nbsp;! L\u2019\u00e9dition collector de Bridge to Another World&nbsp;: Escape From Oz","robots":{"index":"index","follow":"follow","max-snippet":"max-snippet:-1","max-image-preview":"max-image-preview:large","max-video-preview":"max-video-preview:-1"},"canonical":"https:\/\/www.iplay.com\/fr\/games\/bridge-to-another-world-escape-from-oz-collectors-edition\/","og_locale":"fr_FR","og_type":"article","og_title":"Bridge to Another World: Escape From Oz Collector's Edition","og_description":"Une temp\u00eate d\u2019excitation s\u2019annonce&nbsp;! L\u2019\u00e9dition collector de Bridge to Another World&nbsp;: Escape From Oz","og_url":"https:\/\/www.iplay.com\/fr\/games\/bridge-to-another-world-escape-from-oz-collectors-edition\/","og_site_name":"IPlay","og_image":[{"width":310,"height":310,"url":"https:\/\/www.iplay.com\/wp-content\/uploads\/2023\/12\/large_square_tile_image-3327.jpg","type":"image\/jpeg"}],"twitter_card":"summary_large_image","twitter_misc":{"Dur\u00e9e de lecture estim\u00e9e":"1 minute"},"schema":{"@context":"https:\/\/schema.org","@graph":[{"@type":"WebPage","@id":"https:\/\/www.iplay.com\/fr\/games\/bridge-to-another-world-escape-from-oz-collectors-edition\/","url":"https:\/\/www.iplay.com\/fr\/games\/bridge-to-another-world-escape-from-oz-collectors-edition\/","name":"Bridge to Another World\u00a0: Escape From Oz Edition Collector - Vivez une aventure fulgurante au pays d\u2019Oz","isPartOf":{"@id":"https:\/\/www.iplay.com\/en\/#website"},"primaryImageOfPage":{"@id":"https:\/\/www.iplay.com\/fr\/games\/bridge-to-another-world-escape-from-oz-collectors-edition\/#primaryimage"},"image":{"@id":"https:\/\/www.iplay.com\/fr\/games\/bridge-to-another-world-escape-from-oz-collectors-edition\/#primaryimage"},"thumbnailUrl":"https:\/\/www.iplay.com\/wp-content\/uploads\/2023\/12\/large_square_tile_image-3327.jpg","datePublished":"2019-08-12T00:00:00+00:00","description":"Une temp\u00eate d\u2019excitation s\u2019annonce&nbsp;! L\u2019\u00e9dition collector de Bridge to Another World&nbsp;: Escape From Oz","breadcrumb":{"@id":"https:\/\/www.iplay.com\/fr\/games\/bridge-to-another-world-escape-from-oz-collectors-edition\/#breadcrumb"},"inLanguage":"fr-FR","potentialAction":[{"@type":"ReadAction","target":["https:\/\/www.iplay.com\/fr\/games\/bridge-to-another-world-escape-from-oz-collectors-edition\/"]}]},{"@type":"ImageObject","inLanguage":"fr-FR","@id":"https:\/\/www.iplay.com\/fr\/games\/bridge-to-another-world-escape-from-oz-collectors-edition\/#primaryimage","url":"https:\/\/www.iplay.com\/wp-content\/uploads\/2023\/12\/large_square_tile_image-3327.jpg","contentUrl":"https:\/\/www.iplay.com\/wp-content\/uploads\/2023\/12\/large_square_tile_image-3327.jpg","width":310,"height":310},{"@type":"BreadcrumbList","@id":"https:\/\/www.iplay.com\/fr\/games\/bridge-to-another-world-escape-from-oz-collectors-edition\/#breadcrumb","itemListElement":[{"@type":"ListItem","position":1,"name":"Home","item":"https:\/\/www.iplay.com\/fr\/home-page-2\/"},{"@type":"ListItem","position":2,"name":"Shop","item":"https:\/\/www.iplay.com\/en\/shop\/"},{"@type":"ListItem","position":3,"name":"Bridge to Another World: Escape From Oz Collector&#8217;s Edition"}]},{"@type":"WebSite","@id":"https:\/\/www.iplay.com\/en\/#website","url":"https:\/\/www.iplay.com\/en\/","name":"IPlay","description":"The Best Casual Games!","publisher":{"@id":"https:\/\/www.iplay.com\/en\/#organization"},"potentialAction":[{"@type":"SearchAction","target":{"@type":"EntryPoint","urlTemplate":"https:\/\/www.iplay.com\/en\/?s={search_term_string}"},"query-input":{"@type":"PropertyValueSpecification","valueRequired":true,"valueName":"search_term_string"}}],"inLanguage":"fr-FR"},{"@type":"Organization","@id":"https:\/\/www.iplay.com\/en\/#organization","name":"IPlay","url":"https:\/\/www.iplay.com\/en\/","logo":{"@type":"ImageObject","inLanguage":"fr-FR","@id":"https:\/\/www.iplay.com\/en\/#\/schema\/logo\/image\/","url":"https:\/\/www.iplay.com\/wp-content\/uploads\/2023\/11\/Group-6100.svg","contentUrl":"https:\/\/www.iplay.com\/wp-content\/uploads\/2023\/11\/Group-6100.svg","width":98,"height":25,"caption":"IPlay"},"image":{"@id":"https:\/\/www.iplay.com\/en\/#\/schema\/logo\/image\/"}}]}},"_links":{"self":[{"href":"https:\/\/www.iplay.com\/fr\/wp-json\/wp\/v2\/product\/139662","targetHints":{"allow":["GET"]}}],"collection":[{"href":"https:\/\/www.iplay.com\/fr\/wp-json\/wp\/v2\/product"}],"about":[{"href":"https:\/\/www.iplay.com\/fr\/wp-json\/wp\/v2\/types\/product"}],"author":[{"embeddable":true,"href":"https:\/\/www.iplay.com\/fr\/wp-json\/wp\/v2\/users\/17"}],"replies":[{"embeddable":true,"href":"https:\/\/www.iplay.com\/fr\/wp-json\/wp\/v2\/comments?post=139662"}],"wp:featuredmedia":[{"embeddable":true,"href":"https:\/\/www.iplay.com\/fr\/wp-json\/wp\/v2\/media\/92988"}],"wp:attachment":[{"href":"https:\/\/www.iplay.com\/fr\/wp-json\/wp\/v2\/media?parent=139662"}],"wp:term":[{"taxonomy":"product_brand","embeddable":true,"href":"https:\/\/www.iplay.com\/fr\/wp-json\/wp\/v2\/product_brand?post=139662"},{"taxonomy":"product_cat","embeddable":true,"href":"https:\/\/www.iplay.com\/fr\/wp-json\/wp\/v2\/product_cat?post=139662"},{"taxonomy":"product_tag","embeddable":true,"href":"https:\/\/www.iplay.com\/fr\/wp-json\/wp\/v2\/product_tag?post=139662"}],"curies":[{"name":"wp","href":"https:\/\/api.w.org\/{rel}","templated":true}]}}