{"id":139634,"date":"2019-08-02T00:00:00","date_gmt":"2019-08-02T00:00:00","guid":{"rendered":"https:\/\/www.iplay.com\/games\/the-forgotten-fairy-tales-the-spectra-world-collectors-edition\/"},"modified":"2019-08-02T00:00:00","modified_gmt":"2019-08-02T00:00:00","slug":"the-forgotten-fairy-tales-the-spectra-world-collectors-edition","status":"publish","type":"product","link":"https:\/\/www.iplay.com\/fr\/games\/the-forgotten-fairy-tales-the-spectra-world-collectors-edition\/","title":{"rendered":"The Forgotten Fairy Tales: The Spectra World Collector&#8217;s Edition"},"content":{"rendered":"<p>Les auteurs acclam\u00e9s de la s\u00e9rie <em>Witches&#8217; Legacy<\/em> sont de retour avec une toute nouvelle s\u00e9rie fantastique, <em>The Forgotten Fairy Tales<\/em> ! Vous avez entendu toutes sortes de mythes et d\u2019histoires en tant que professeur de folklore, vous n\u2019\u00eates donc pas pr\u00eat lorsque l\u2019un d\u2019entre eux appara\u00eet sur le pas de votre porte et maudit votre famille pour qu\u2019elle tourne la pierre ! C\u2019est maintenant \u00e0 vous de d\u00e9couvrir le royaume des fables et du folklore des contes de votre grand-m\u00e8re et de mettre fin \u00e0 la m\u00e9chante reine qui cause le chaos. Cependant, quelque chose ne va pas. O\u00f9 le Gardien qui gardait la fronti\u00e8re a-t-il disparu, et qu\u2019est-ce qui a pouss\u00e9 la bonne reine \u00e0 devenir m\u00e9chante ? Vous devez trouver les solutions, avant que la Terre et Spectra ne soient condamn\u00e9s dans ce fascinant jeu d\u2019aventure et de puzzle d\u2019objets cach\u00e9s !    <\/p>\n<p>&nbsp;<\/p>\n<p>&nbsp;<\/p>\n<p><strong>Fonctionnalit\u00e9s:<\/strong><\/p>\n<p>&nbsp;<\/p>\n<p>&#8211; Dans le jeu bonus, allez-vous r\u00e9pondre \u00e0 l\u2019appel et vaincre une force mal\u00e9fique ?<br \/>\n&#8211; Devenez le chasseur de mythe ultime en trouvant des esp\u00e8ces \u00e0 ajouter au bestiaire et en rassemblant des plumes cach\u00e9es !<br \/>\n&#8211; Localisez les cristaux de lumi\u00e8re pour percer les myst\u00e8res de la tour d\u2019histoire.<br \/>\n&#8211; Utilisez le guide de strat\u00e9gie pour d\u00e9bloquer tous les succ\u00e8s ! Comprend une bande-son, des dessins conceptuels, des fonds d\u2019\u00e9cran et bien plus encore !<\/p>\n","protected":false},"excerpt":{"rendered":"<p>Pr\u00e9servez l\u2019univers Spectra ! Dans l\u2019\u00e9dition collector de The Forgotten Fairy Tales&nbsp;: The Spectra World <\/p>\n","protected":false},"author":17,"featured_media":84859,"comment_status":"open","ping_status":"closed","template":"","meta":{"_acf_changed":false,"inline_featured_image":false},"product_brand":[],"product_cat":[165],"product_tag":[287],"class_list":{"0":"post-139634","1":"product","2":"type-product","3":"status-publish","4":"has-post-thumbnail","6":"product_cat-hidden-object-fr","7":"product_tag-play-on-pc-fr","9":"first","10":"instock","11":"shipping-taxable","12":"purchasable","13":"product-type-simple"},"acf":[],"yoast_head":"<!-- This site is optimized with the Yoast SEO Premium plugin v25.2 (Yoast SEO v25.2) - https:\/\/yoast.com\/wordpress\/plugins\/seo\/ -->\n<title>The Forgotten Fairy Tales\u00a0: The Spectra World Collector\u2019s Edition - Il est temps de sauver le monde de Spectra<\/title>\n<meta name=\"description\" content=\"Pr\u00e9servez l\u2019univers Spectra ! Dans l\u2019\u00e9dition collector de The Forgotten Fairy Tales&nbsp;: The Spectra World\" \/>\n<meta name=\"robots\" content=\"index, follow, max-snippet:-1, max-image-preview:large, max-video-preview:-1\" \/>\n<link rel=\"canonical\" href=\"https:\/\/www.iplay.com\/fr\/games\/the-forgotten-fairy-tales-the-spectra-world-collectors-edition\/\" \/>\n<meta property=\"og:locale\" content=\"fr_FR\" \/>\n<meta property=\"og:type\" content=\"article\" \/>\n<meta property=\"og:title\" content=\"The Forgotten Fairy Tales: The Spectra World Collector&#039;s Edition\" \/>\n<meta property=\"og:description\" content=\"Pr\u00e9servez l\u2019univers Spectra ! Dans l\u2019\u00e9dition collector de The Forgotten Fairy Tales&nbsp;: The Spectra World\" \/>\n<meta property=\"og:url\" content=\"https:\/\/www.iplay.com\/fr\/games\/the-forgotten-fairy-tales-the-spectra-world-collectors-edition\/\" \/>\n<meta property=\"og:site_name\" content=\"IPlay\" \/>\n<meta property=\"og:image\" content=\"https:\/\/www.iplay.com\/wp-content\/uploads\/2023\/12\/large_square_tile_image-2814.jpg\" \/>\n\t<meta property=\"og:image:width\" content=\"310\" \/>\n\t<meta property=\"og:image:height\" content=\"310\" \/>\n\t<meta property=\"og:image:type\" content=\"image\/jpeg\" \/>\n<meta name=\"twitter:card\" content=\"summary_large_image\" \/>\n<meta name=\"twitter:label1\" content=\"Dur\u00e9e de lecture estim\u00e9e\" \/>\n\t<meta name=\"twitter:data1\" content=\"1 minute\" \/>\n<script type=\"application\/ld+json\" class=\"yoast-schema-graph\">{\"@context\":\"https:\/\/schema.org\",\"@graph\":[{\"@type\":\"WebPage\",\"@id\":\"https:\/\/www.iplay.com\/fr\/games\/the-forgotten-fairy-tales-the-spectra-world-collectors-edition\/\",\"url\":\"https:\/\/www.iplay.com\/fr\/games\/the-forgotten-fairy-tales-the-spectra-world-collectors-edition\/\",\"name\":\"The Forgotten Fairy Tales\u00a0: The Spectra World Collector\u2019s Edition - Il est temps de sauver le monde de Spectra\",\"isPartOf\":{\"@id\":\"https:\/\/www.iplay.com\/en\/#website\"},\"primaryImageOfPage\":{\"@id\":\"https:\/\/www.iplay.com\/fr\/games\/the-forgotten-fairy-tales-the-spectra-world-collectors-edition\/#primaryimage\"},\"image\":{\"@id\":\"https:\/\/www.iplay.com\/fr\/games\/the-forgotten-fairy-tales-the-spectra-world-collectors-edition\/#primaryimage\"},\"thumbnailUrl\":\"https:\/\/www.iplay.com\/wp-content\/uploads\/2023\/12\/large_square_tile_image-2814.jpg\",\"datePublished\":\"2019-08-02T00:00:00+00:00\",\"description\":\"Pr\u00e9servez l\u2019univers Spectra ! Dans l\u2019\u00e9dition collector de The Forgotten Fairy Tales&nbsp;: The Spectra World\",\"breadcrumb\":{\"@id\":\"https:\/\/www.iplay.com\/fr\/games\/the-forgotten-fairy-tales-the-spectra-world-collectors-edition\/#breadcrumb\"},\"inLanguage\":\"fr-FR\",\"potentialAction\":[{\"@type\":\"ReadAction\",\"target\":[\"https:\/\/www.iplay.com\/fr\/games\/the-forgotten-fairy-tales-the-spectra-world-collectors-edition\/\"]}]},{\"@type\":\"ImageObject\",\"inLanguage\":\"fr-FR\",\"@id\":\"https:\/\/www.iplay.com\/fr\/games\/the-forgotten-fairy-tales-the-spectra-world-collectors-edition\/#primaryimage\",\"url\":\"https:\/\/www.iplay.com\/wp-content\/uploads\/2023\/12\/large_square_tile_image-2814.jpg\",\"contentUrl\":\"https:\/\/www.iplay.com\/wp-content\/uploads\/2023\/12\/large_square_tile_image-2814.jpg\",\"width\":310,\"height\":310},{\"@type\":\"BreadcrumbList\",\"@id\":\"https:\/\/www.iplay.com\/fr\/games\/the-forgotten-fairy-tales-the-spectra-world-collectors-edition\/#breadcrumb\",\"itemListElement\":[{\"@type\":\"ListItem\",\"position\":1,\"name\":\"Home\",\"item\":\"https:\/\/www.iplay.com\/fr\/home-page-2\/\"},{\"@type\":\"ListItem\",\"position\":2,\"name\":\"Shop\",\"item\":\"https:\/\/www.iplay.com\/en\/shop\/\"},{\"@type\":\"ListItem\",\"position\":3,\"name\":\"The Forgotten Fairy Tales: The Spectra World Collector&#8217;s Edition\"}]},{\"@type\":\"WebSite\",\"@id\":\"https:\/\/www.iplay.com\/en\/#website\",\"url\":\"https:\/\/www.iplay.com\/en\/\",\"name\":\"IPlay\",\"description\":\"The Best Casual Games!\",\"publisher\":{\"@id\":\"https:\/\/www.iplay.com\/en\/#organization\"},\"potentialAction\":[{\"@type\":\"SearchAction\",\"target\":{\"@type\":\"EntryPoint\",\"urlTemplate\":\"https:\/\/www.iplay.com\/en\/?s={search_term_string}\"},\"query-input\":{\"@type\":\"PropertyValueSpecification\",\"valueRequired\":true,\"valueName\":\"search_term_string\"}}],\"inLanguage\":\"fr-FR\"},{\"@type\":\"Organization\",\"@id\":\"https:\/\/www.iplay.com\/en\/#organization\",\"name\":\"IPlay\",\"url\":\"https:\/\/www.iplay.com\/en\/\",\"logo\":{\"@type\":\"ImageObject\",\"inLanguage\":\"fr-FR\",\"@id\":\"https:\/\/www.iplay.com\/en\/#\/schema\/logo\/image\/\",\"url\":\"https:\/\/www.iplay.com\/wp-content\/uploads\/2023\/11\/Group-6100.svg\",\"contentUrl\":\"https:\/\/www.iplay.com\/wp-content\/uploads\/2023\/11\/Group-6100.svg\",\"width\":98,\"height\":25,\"caption\":\"IPlay\"},\"image\":{\"@id\":\"https:\/\/www.iplay.com\/en\/#\/schema\/logo\/image\/\"}}]}<\/script>\n<!-- \/ Yoast SEO Premium plugin. -->","yoast_head_json":{"title":"The Forgotten Fairy Tales\u00a0: The Spectra World Collector\u2019s Edition - Il est temps de sauver le monde de Spectra","description":"Pr\u00e9servez l\u2019univers Spectra ! Dans l\u2019\u00e9dition collector de The Forgotten Fairy Tales&nbsp;: The Spectra World","robots":{"index":"index","follow":"follow","max-snippet":"max-snippet:-1","max-image-preview":"max-image-preview:large","max-video-preview":"max-video-preview:-1"},"canonical":"https:\/\/www.iplay.com\/fr\/games\/the-forgotten-fairy-tales-the-spectra-world-collectors-edition\/","og_locale":"fr_FR","og_type":"article","og_title":"The Forgotten Fairy Tales: The Spectra World Collector's Edition","og_description":"Pr\u00e9servez l\u2019univers Spectra ! Dans l\u2019\u00e9dition collector de The Forgotten Fairy Tales&nbsp;: The Spectra World","og_url":"https:\/\/www.iplay.com\/fr\/games\/the-forgotten-fairy-tales-the-spectra-world-collectors-edition\/","og_site_name":"IPlay","og_image":[{"width":310,"height":310,"url":"https:\/\/www.iplay.com\/wp-content\/uploads\/2023\/12\/large_square_tile_image-2814.jpg","type":"image\/jpeg"}],"twitter_card":"summary_large_image","twitter_misc":{"Dur\u00e9e de lecture estim\u00e9e":"1 minute"},"schema":{"@context":"https:\/\/schema.org","@graph":[{"@type":"WebPage","@id":"https:\/\/www.iplay.com\/fr\/games\/the-forgotten-fairy-tales-the-spectra-world-collectors-edition\/","url":"https:\/\/www.iplay.com\/fr\/games\/the-forgotten-fairy-tales-the-spectra-world-collectors-edition\/","name":"The Forgotten Fairy Tales\u00a0: The Spectra World Collector\u2019s Edition - Il est temps de sauver le monde de Spectra","isPartOf":{"@id":"https:\/\/www.iplay.com\/en\/#website"},"primaryImageOfPage":{"@id":"https:\/\/www.iplay.com\/fr\/games\/the-forgotten-fairy-tales-the-spectra-world-collectors-edition\/#primaryimage"},"image":{"@id":"https:\/\/www.iplay.com\/fr\/games\/the-forgotten-fairy-tales-the-spectra-world-collectors-edition\/#primaryimage"},"thumbnailUrl":"https:\/\/www.iplay.com\/wp-content\/uploads\/2023\/12\/large_square_tile_image-2814.jpg","datePublished":"2019-08-02T00:00:00+00:00","description":"Pr\u00e9servez l\u2019univers Spectra ! Dans l\u2019\u00e9dition collector de The Forgotten Fairy Tales&nbsp;: The Spectra World","breadcrumb":{"@id":"https:\/\/www.iplay.com\/fr\/games\/the-forgotten-fairy-tales-the-spectra-world-collectors-edition\/#breadcrumb"},"inLanguage":"fr-FR","potentialAction":[{"@type":"ReadAction","target":["https:\/\/www.iplay.com\/fr\/games\/the-forgotten-fairy-tales-the-spectra-world-collectors-edition\/"]}]},{"@type":"ImageObject","inLanguage":"fr-FR","@id":"https:\/\/www.iplay.com\/fr\/games\/the-forgotten-fairy-tales-the-spectra-world-collectors-edition\/#primaryimage","url":"https:\/\/www.iplay.com\/wp-content\/uploads\/2023\/12\/large_square_tile_image-2814.jpg","contentUrl":"https:\/\/www.iplay.com\/wp-content\/uploads\/2023\/12\/large_square_tile_image-2814.jpg","width":310,"height":310},{"@type":"BreadcrumbList","@id":"https:\/\/www.iplay.com\/fr\/games\/the-forgotten-fairy-tales-the-spectra-world-collectors-edition\/#breadcrumb","itemListElement":[{"@type":"ListItem","position":1,"name":"Home","item":"https:\/\/www.iplay.com\/fr\/home-page-2\/"},{"@type":"ListItem","position":2,"name":"Shop","item":"https:\/\/www.iplay.com\/en\/shop\/"},{"@type":"ListItem","position":3,"name":"The Forgotten Fairy Tales: The Spectra World Collector&#8217;s Edition"}]},{"@type":"WebSite","@id":"https:\/\/www.iplay.com\/en\/#website","url":"https:\/\/www.iplay.com\/en\/","name":"IPlay","description":"The Best Casual Games!","publisher":{"@id":"https:\/\/www.iplay.com\/en\/#organization"},"potentialAction":[{"@type":"SearchAction","target":{"@type":"EntryPoint","urlTemplate":"https:\/\/www.iplay.com\/en\/?s={search_term_string}"},"query-input":{"@type":"PropertyValueSpecification","valueRequired":true,"valueName":"search_term_string"}}],"inLanguage":"fr-FR"},{"@type":"Organization","@id":"https:\/\/www.iplay.com\/en\/#organization","name":"IPlay","url":"https:\/\/www.iplay.com\/en\/","logo":{"@type":"ImageObject","inLanguage":"fr-FR","@id":"https:\/\/www.iplay.com\/en\/#\/schema\/logo\/image\/","url":"https:\/\/www.iplay.com\/wp-content\/uploads\/2023\/11\/Group-6100.svg","contentUrl":"https:\/\/www.iplay.com\/wp-content\/uploads\/2023\/11\/Group-6100.svg","width":98,"height":25,"caption":"IPlay"},"image":{"@id":"https:\/\/www.iplay.com\/en\/#\/schema\/logo\/image\/"}}]}},"_links":{"self":[{"href":"https:\/\/www.iplay.com\/fr\/wp-json\/wp\/v2\/product\/139634","targetHints":{"allow":["GET"]}}],"collection":[{"href":"https:\/\/www.iplay.com\/fr\/wp-json\/wp\/v2\/product"}],"about":[{"href":"https:\/\/www.iplay.com\/fr\/wp-json\/wp\/v2\/types\/product"}],"author":[{"embeddable":true,"href":"https:\/\/www.iplay.com\/fr\/wp-json\/wp\/v2\/users\/17"}],"replies":[{"embeddable":true,"href":"https:\/\/www.iplay.com\/fr\/wp-json\/wp\/v2\/comments?post=139634"}],"wp:featuredmedia":[{"embeddable":true,"href":"https:\/\/www.iplay.com\/fr\/wp-json\/wp\/v2\/media\/84859"}],"wp:attachment":[{"href":"https:\/\/www.iplay.com\/fr\/wp-json\/wp\/v2\/media?parent=139634"}],"wp:term":[{"taxonomy":"product_brand","embeddable":true,"href":"https:\/\/www.iplay.com\/fr\/wp-json\/wp\/v2\/product_brand?post=139634"},{"taxonomy":"product_cat","embeddable":true,"href":"https:\/\/www.iplay.com\/fr\/wp-json\/wp\/v2\/product_cat?post=139634"},{"taxonomy":"product_tag","embeddable":true,"href":"https:\/\/www.iplay.com\/fr\/wp-json\/wp\/v2\/product_tag?post=139634"}],"curies":[{"name":"wp","href":"https:\/\/api.w.org\/{rel}","templated":true}]}}