{"id":139600,"date":"2019-12-26T00:00:00","date_gmt":"2019-12-26T00:00:00","guid":{"rendered":"https:\/\/www.iplay.com\/games\/solitaire-call-of-honor\/"},"modified":"2019-12-26T00:00:00","modified_gmt":"2019-12-26T00:00:00","slug":"solitaire-call-of-honor","status":"publish","type":"product","link":"https:\/\/www.iplay.com\/fr\/games\/solitaire-call-of-honor\/","title":{"rendered":"Solitaire Call of Honor"},"content":{"rendered":"<p>Dans le but de renforcer les liens entre leurs deux nations, les monarques des deux \u00c9tats adjacents ont pris la d\u00e9cision d\u2019\u00e9pouser Olivia et Richard. Les rois ne savaient pas qu\u2019Olivia et Lance, les chevaliers du prince Richard, \u00e9taient tomb\u00e9s amoureux et avaient pris la d\u00e9cision de s\u2019\u00e9clipser et de se marier. La princesse a \u00e9t\u00e9 enlev\u00e9e par des sujets de l\u2019Ordre des T\u00e9n\u00e8bres qui s\u2019opposaient au renforcement militaire du royaume et n\u2019\u00e9taient pas au courant du mariage secret du couple, de sorte que les espoirs des amoureux d\u2019une fin heureuse ont \u00e9t\u00e9 an\u00e9antis. Lance commence \u00e0 chercher sa bien-aim\u00e9e avec Richard, pr\u00eat \u00e0 faire tout ce qu\u2019il faut pour la sauver. Lance devra choisir au cours de son voyage entre honorer son affection pour Olivia ou suivre son c\u0153ur. Atteignez 200 niveaux de difficult\u00e9 variable, reconstruisez le royaume, d\u00e9couvrez les secrets que vous avez essay\u00e9 de cacher, terminez toutes les corv\u00e9es et prenez votre d\u00e9cision !     <\/p>\n<p>&nbsp;<\/p>\n<p>&nbsp;<\/p>\n<p><strong>Fonctionnalit\u00e9s:<\/strong><\/p>\n<p>&nbsp;<\/p>\n<p>&#8211; ANnarratif dans lequel les personnages sont forc\u00e9s de prendre une d\u00e9cision difficile !<br \/>\n&#8211; Hybride de construction de ville et de solitaire !<br \/>\n&#8211; Jeu captivant et facile \u00e0 comprendre !<br \/>\n&#8211; Assortiment de mini-jeux !<br \/>\n&#8211; De nombreux bonus dans le jeu !<br \/>\n&#8211; 200 offres de cartes incroyables et 5 mondes vibrants !<br \/>\n&#8211; Acqu\u00e9rez des troph\u00e9es, des honneurs et des reliques \u00e9clatants !<br \/>\n&#8211; Poussez-vous en relevant diff\u00e9rents d\u00e9fis !<\/p>\n","protected":false},"excerpt":{"rendered":"<p>Ma\u00eetrisez le solitaire pour aider \u00e0 la restauration du royaume ! Pendant Call of Honor Solitaire <\/p>\n","protected":false},"author":39,"featured_media":91924,"comment_status":"open","ping_status":"closed","template":"","meta":{"_acf_changed":false,"inline_featured_image":false},"product_brand":[],"product_cat":[155,207],"product_tag":[287],"class_list":{"0":"post-139600","1":"product","2":"type-product","3":"status-publish","4":"has-post-thumbnail","6":"product_cat-card-fr-2","7":"product_cat-solitaire-fr","8":"product_tag-play-on-pc-fr","10":"first","11":"instock","12":"shipping-taxable","13":"purchasable","14":"product-type-simple"},"acf":[],"yoast_head":"<!-- This site is optimized with the Yoast SEO Premium plugin v25.2 (Yoast SEO v25.2) - https:\/\/yoast.com\/wordpress\/plugins\/seo\/ -->\n<title>Solitaire Call of Honor - Ma\u00eetrisez le solitaire et aidez \u00e0 restaurer le royaume<\/title>\n<meta name=\"description\" content=\"Ma\u00eetrisez le solitaire pour aider \u00e0 la restauration du royaume ! Pendant Call of Honor Solitaire\" \/>\n<meta name=\"robots\" content=\"index, follow, max-snippet:-1, max-image-preview:large, max-video-preview:-1\" \/>\n<link rel=\"canonical\" href=\"https:\/\/www.iplay.com\/fr\/games\/solitaire-call-of-honor\/\" \/>\n<meta property=\"og:locale\" content=\"fr_FR\" \/>\n<meta property=\"og:type\" content=\"article\" \/>\n<meta property=\"og:title\" content=\"Solitaire Call of Honor\" \/>\n<meta property=\"og:description\" content=\"Ma\u00eetrisez le solitaire pour aider \u00e0 la restauration du royaume ! Pendant Call of Honor Solitaire\" \/>\n<meta property=\"og:url\" content=\"https:\/\/www.iplay.com\/fr\/games\/solitaire-call-of-honor\/\" \/>\n<meta property=\"og:site_name\" content=\"IPlay\" \/>\n<meta property=\"og:image\" content=\"https:\/\/www.iplay.com\/wp-content\/uploads\/2023\/12\/large_square_tile_image-3260.jpg\" \/>\n\t<meta property=\"og:image:width\" content=\"310\" \/>\n\t<meta property=\"og:image:height\" content=\"310\" \/>\n\t<meta property=\"og:image:type\" content=\"image\/jpeg\" \/>\n<meta name=\"twitter:card\" content=\"summary_large_image\" \/>\n<meta name=\"twitter:label1\" content=\"Dur\u00e9e de lecture estim\u00e9e\" \/>\n\t<meta name=\"twitter:data1\" content=\"1 minute\" \/>\n<script type=\"application\/ld+json\" class=\"yoast-schema-graph\">{\"@context\":\"https:\/\/schema.org\",\"@graph\":[{\"@type\":\"WebPage\",\"@id\":\"https:\/\/www.iplay.com\/fr\/games\/solitaire-call-of-honor\/\",\"url\":\"https:\/\/www.iplay.com\/fr\/games\/solitaire-call-of-honor\/\",\"name\":\"Solitaire Call of Honor - Ma\u00eetrisez le solitaire et aidez \u00e0 restaurer le royaume\",\"isPartOf\":{\"@id\":\"https:\/\/www.iplay.com\/en\/#website\"},\"primaryImageOfPage\":{\"@id\":\"https:\/\/www.iplay.com\/fr\/games\/solitaire-call-of-honor\/#primaryimage\"},\"image\":{\"@id\":\"https:\/\/www.iplay.com\/fr\/games\/solitaire-call-of-honor\/#primaryimage\"},\"thumbnailUrl\":\"https:\/\/www.iplay.com\/wp-content\/uploads\/2023\/12\/large_square_tile_image-3260.jpg\",\"datePublished\":\"2019-12-26T00:00:00+00:00\",\"description\":\"Ma\u00eetrisez le solitaire pour aider \u00e0 la restauration du royaume ! Pendant Call of Honor Solitaire\",\"breadcrumb\":{\"@id\":\"https:\/\/www.iplay.com\/fr\/games\/solitaire-call-of-honor\/#breadcrumb\"},\"inLanguage\":\"fr-FR\",\"potentialAction\":[{\"@type\":\"ReadAction\",\"target\":[\"https:\/\/www.iplay.com\/fr\/games\/solitaire-call-of-honor\/\"]}]},{\"@type\":\"ImageObject\",\"inLanguage\":\"fr-FR\",\"@id\":\"https:\/\/www.iplay.com\/fr\/games\/solitaire-call-of-honor\/#primaryimage\",\"url\":\"https:\/\/www.iplay.com\/wp-content\/uploads\/2023\/12\/large_square_tile_image-3260.jpg\",\"contentUrl\":\"https:\/\/www.iplay.com\/wp-content\/uploads\/2023\/12\/large_square_tile_image-3260.jpg\",\"width\":310,\"height\":310},{\"@type\":\"BreadcrumbList\",\"@id\":\"https:\/\/www.iplay.com\/fr\/games\/solitaire-call-of-honor\/#breadcrumb\",\"itemListElement\":[{\"@type\":\"ListItem\",\"position\":1,\"name\":\"Home\",\"item\":\"https:\/\/www.iplay.com\/fr\/home-page-2\/\"},{\"@type\":\"ListItem\",\"position\":2,\"name\":\"Shop\",\"item\":\"https:\/\/www.iplay.com\/en\/shop\/\"},{\"@type\":\"ListItem\",\"position\":3,\"name\":\"Solitaire Call of Honor\"}]},{\"@type\":\"WebSite\",\"@id\":\"https:\/\/www.iplay.com\/en\/#website\",\"url\":\"https:\/\/www.iplay.com\/en\/\",\"name\":\"IPlay\",\"description\":\"The Best Casual Games!\",\"publisher\":{\"@id\":\"https:\/\/www.iplay.com\/en\/#organization\"},\"potentialAction\":[{\"@type\":\"SearchAction\",\"target\":{\"@type\":\"EntryPoint\",\"urlTemplate\":\"https:\/\/www.iplay.com\/en\/?s={search_term_string}\"},\"query-input\":{\"@type\":\"PropertyValueSpecification\",\"valueRequired\":true,\"valueName\":\"search_term_string\"}}],\"inLanguage\":\"fr-FR\"},{\"@type\":\"Organization\",\"@id\":\"https:\/\/www.iplay.com\/en\/#organization\",\"name\":\"IPlay\",\"url\":\"https:\/\/www.iplay.com\/en\/\",\"logo\":{\"@type\":\"ImageObject\",\"inLanguage\":\"fr-FR\",\"@id\":\"https:\/\/www.iplay.com\/en\/#\/schema\/logo\/image\/\",\"url\":\"https:\/\/www.iplay.com\/wp-content\/uploads\/2023\/11\/Group-6100.svg\",\"contentUrl\":\"https:\/\/www.iplay.com\/wp-content\/uploads\/2023\/11\/Group-6100.svg\",\"width\":98,\"height\":25,\"caption\":\"IPlay\"},\"image\":{\"@id\":\"https:\/\/www.iplay.com\/en\/#\/schema\/logo\/image\/\"}}]}<\/script>\n<!-- \/ Yoast SEO Premium plugin. -->","yoast_head_json":{"title":"Solitaire Call of Honor - Ma\u00eetrisez le solitaire et aidez \u00e0 restaurer le royaume","description":"Ma\u00eetrisez le solitaire pour aider \u00e0 la restauration du royaume ! Pendant Call of Honor Solitaire","robots":{"index":"index","follow":"follow","max-snippet":"max-snippet:-1","max-image-preview":"max-image-preview:large","max-video-preview":"max-video-preview:-1"},"canonical":"https:\/\/www.iplay.com\/fr\/games\/solitaire-call-of-honor\/","og_locale":"fr_FR","og_type":"article","og_title":"Solitaire Call of Honor","og_description":"Ma\u00eetrisez le solitaire pour aider \u00e0 la restauration du royaume ! Pendant Call of Honor Solitaire","og_url":"https:\/\/www.iplay.com\/fr\/games\/solitaire-call-of-honor\/","og_site_name":"IPlay","og_image":[{"width":310,"height":310,"url":"https:\/\/www.iplay.com\/wp-content\/uploads\/2023\/12\/large_square_tile_image-3260.jpg","type":"image\/jpeg"}],"twitter_card":"summary_large_image","twitter_misc":{"Dur\u00e9e de lecture estim\u00e9e":"1 minute"},"schema":{"@context":"https:\/\/schema.org","@graph":[{"@type":"WebPage","@id":"https:\/\/www.iplay.com\/fr\/games\/solitaire-call-of-honor\/","url":"https:\/\/www.iplay.com\/fr\/games\/solitaire-call-of-honor\/","name":"Solitaire Call of Honor - Ma\u00eetrisez le solitaire et aidez \u00e0 restaurer le royaume","isPartOf":{"@id":"https:\/\/www.iplay.com\/en\/#website"},"primaryImageOfPage":{"@id":"https:\/\/www.iplay.com\/fr\/games\/solitaire-call-of-honor\/#primaryimage"},"image":{"@id":"https:\/\/www.iplay.com\/fr\/games\/solitaire-call-of-honor\/#primaryimage"},"thumbnailUrl":"https:\/\/www.iplay.com\/wp-content\/uploads\/2023\/12\/large_square_tile_image-3260.jpg","datePublished":"2019-12-26T00:00:00+00:00","description":"Ma\u00eetrisez le solitaire pour aider \u00e0 la restauration du royaume ! Pendant Call of Honor Solitaire","breadcrumb":{"@id":"https:\/\/www.iplay.com\/fr\/games\/solitaire-call-of-honor\/#breadcrumb"},"inLanguage":"fr-FR","potentialAction":[{"@type":"ReadAction","target":["https:\/\/www.iplay.com\/fr\/games\/solitaire-call-of-honor\/"]}]},{"@type":"ImageObject","inLanguage":"fr-FR","@id":"https:\/\/www.iplay.com\/fr\/games\/solitaire-call-of-honor\/#primaryimage","url":"https:\/\/www.iplay.com\/wp-content\/uploads\/2023\/12\/large_square_tile_image-3260.jpg","contentUrl":"https:\/\/www.iplay.com\/wp-content\/uploads\/2023\/12\/large_square_tile_image-3260.jpg","width":310,"height":310},{"@type":"BreadcrumbList","@id":"https:\/\/www.iplay.com\/fr\/games\/solitaire-call-of-honor\/#breadcrumb","itemListElement":[{"@type":"ListItem","position":1,"name":"Home","item":"https:\/\/www.iplay.com\/fr\/home-page-2\/"},{"@type":"ListItem","position":2,"name":"Shop","item":"https:\/\/www.iplay.com\/en\/shop\/"},{"@type":"ListItem","position":3,"name":"Solitaire Call of Honor"}]},{"@type":"WebSite","@id":"https:\/\/www.iplay.com\/en\/#website","url":"https:\/\/www.iplay.com\/en\/","name":"IPlay","description":"The Best Casual Games!","publisher":{"@id":"https:\/\/www.iplay.com\/en\/#organization"},"potentialAction":[{"@type":"SearchAction","target":{"@type":"EntryPoint","urlTemplate":"https:\/\/www.iplay.com\/en\/?s={search_term_string}"},"query-input":{"@type":"PropertyValueSpecification","valueRequired":true,"valueName":"search_term_string"}}],"inLanguage":"fr-FR"},{"@type":"Organization","@id":"https:\/\/www.iplay.com\/en\/#organization","name":"IPlay","url":"https:\/\/www.iplay.com\/en\/","logo":{"@type":"ImageObject","inLanguage":"fr-FR","@id":"https:\/\/www.iplay.com\/en\/#\/schema\/logo\/image\/","url":"https:\/\/www.iplay.com\/wp-content\/uploads\/2023\/11\/Group-6100.svg","contentUrl":"https:\/\/www.iplay.com\/wp-content\/uploads\/2023\/11\/Group-6100.svg","width":98,"height":25,"caption":"IPlay"},"image":{"@id":"https:\/\/www.iplay.com\/en\/#\/schema\/logo\/image\/"}}]}},"_links":{"self":[{"href":"https:\/\/www.iplay.com\/fr\/wp-json\/wp\/v2\/product\/139600","targetHints":{"allow":["GET"]}}],"collection":[{"href":"https:\/\/www.iplay.com\/fr\/wp-json\/wp\/v2\/product"}],"about":[{"href":"https:\/\/www.iplay.com\/fr\/wp-json\/wp\/v2\/types\/product"}],"author":[{"embeddable":true,"href":"https:\/\/www.iplay.com\/fr\/wp-json\/wp\/v2\/users\/39"}],"replies":[{"embeddable":true,"href":"https:\/\/www.iplay.com\/fr\/wp-json\/wp\/v2\/comments?post=139600"}],"wp:featuredmedia":[{"embeddable":true,"href":"https:\/\/www.iplay.com\/fr\/wp-json\/wp\/v2\/media\/91924"}],"wp:attachment":[{"href":"https:\/\/www.iplay.com\/fr\/wp-json\/wp\/v2\/media?parent=139600"}],"wp:term":[{"taxonomy":"product_brand","embeddable":true,"href":"https:\/\/www.iplay.com\/fr\/wp-json\/wp\/v2\/product_brand?post=139600"},{"taxonomy":"product_cat","embeddable":true,"href":"https:\/\/www.iplay.com\/fr\/wp-json\/wp\/v2\/product_cat?post=139600"},{"taxonomy":"product_tag","embeddable":true,"href":"https:\/\/www.iplay.com\/fr\/wp-json\/wp\/v2\/product_tag?post=139600"}],"curies":[{"name":"wp","href":"https:\/\/api.w.org\/{rel}","templated":true}]}}