{"id":139576,"date":"2019-11-28T00:00:00","date_gmt":"2019-11-28T00:00:00","guid":{"rendered":"https:\/\/www.iplay.com\/games\/hopes-farm\/"},"modified":"2019-11-28T00:00:00","modified_gmt":"2019-11-28T00:00:00","slug":"hopes-farm","status":"publish","type":"product","link":"https:\/\/www.iplay.com\/fr\/games\/hopes-farm\/","title":{"rendered":"Hope&#8217;s Farm"},"content":{"rendered":"<p>\u00c9chappez au stress de la grande ville et d\u00e9couvrez le charme tranquille de la vie rurale. Frayez-vous un chemin \u00e0 travers une incroyable aventure agricole. Faites pousser des cultures, plantez des arbres, \u00e9levez d\u2019adorables animaux et personnalisez une merveilleuse ferme. Vendez les produits de la ferme \u00e0 travers des niveaux de match-3 difficiles et gagnez des points d\u2019exp\u00e9rience pour d\u00e9bloquer de nombreux nouveaux objets ! Terminez des qu\u00eates quotidiennes et gagnez des r\u00e9compenses. Avez-vous ce qu\u2019il faut pour g\u00e9rer une ferme prosp\u00e8re&nbsp;? Montrez vos talents d\u2019agriculteur et de d\u00e9corateur \u00e0 Hope\u2019s Farm. Il n\u2019a jamais \u00e9t\u00e9 aussi amusant de s\u2019occuper d\u2019une ferme.       <\/p>\n<p>&nbsp;<\/p>\n<p>&nbsp;<\/p>\n<p><strong>Fonctionnalit\u00e9s:<\/strong><\/p>\n<p>&nbsp;<\/p>\n<p>&#8211; D\u2019innombrables heures de plaisir \u00e0 l\u2019agriculture.<br \/>\n&#8211; Faites pousser des cultures, plantez des arbres, \u00e9levez d\u2019adorables animaux et bien plus encore !<br \/>\n&#8211; Gagnez des points d\u2019exp\u00e9rience pour d\u00e9bloquer de nombreux nouveaux objets !<br \/>\n&#8211; Montrez vos talents d\u2019agriculteur et de d\u00e9corateur.<\/p>\n<p>&#8211; Grande vari\u00e9t\u00e9 de cultures, d\u2019arbres, de fleurs et d\u2019animaux.<\/p>\n<p>&#8211; Vendez les produits de la ferme \u00e0 travers des niveaux de d\u00e9fi match-3.<br \/>\n&#8211; Planifiez vos mouvements, faites la course contre la montre ou jouez d\u00e9tendu.<br \/>\n&#8211; Remplissez le puits en jouant \u00e0 des niveaux bonus incroyables.<\/p>\n<p>&#8211; Terminez des qu\u00eates quotidiennes et gagnez des r\u00e9compenses.<\/p>\n","protected":false},"excerpt":{"rendered":"<p>\u00c9chappez au stress de la grande ville et d\u00e9couvrez le charme tranquille de la vie rurale avec Hope\u2019s Farm.<\/p>\n","protected":false},"author":22,"featured_media":92084,"comment_status":"open","ping_status":"closed","template":"","meta":{"_acf_changed":false,"inline_featured_image":false},"product_brand":[],"product_cat":[193],"product_tag":[],"class_list":{"0":"post-139576","1":"product","2":"type-product","3":"status-publish","4":"has-post-thumbnail","6":"product_cat-puzzle-fr","8":"first","9":"instock","10":"shipping-taxable","11":"purchasable","12":"product-type-simple"},"acf":[],"yoast_head":"<!-- This site is optimized with the Yoast SEO Premium plugin v25.2 (Yoast SEO v25.2) - https:\/\/yoast.com\/wordpress\/plugins\/seo\/ -->\n<title>Hope\u2019s Farm - Embarquez pour une aventure agricole<\/title>\n<meta name=\"description\" content=\"\u00c9chappez au stress de la grande ville et d\u00e9couvrez le charme tranquille de la vie rurale avec Hope\u2019s Farm.\" \/>\n<meta name=\"robots\" content=\"index, follow, max-snippet:-1, max-image-preview:large, max-video-preview:-1\" \/>\n<link rel=\"canonical\" href=\"https:\/\/www.iplay.com\/fr\/games\/hopes-farm\/\" \/>\n<meta property=\"og:locale\" content=\"fr_FR\" \/>\n<meta property=\"og:type\" content=\"article\" \/>\n<meta property=\"og:title\" content=\"Hope&#039;s Farm\" \/>\n<meta property=\"og:description\" content=\"\u00c9chappez au stress de la grande ville et d\u00e9couvrez le charme tranquille de la vie rurale avec Hope\u2019s Farm.\" \/>\n<meta property=\"og:url\" content=\"https:\/\/www.iplay.com\/fr\/games\/hopes-farm\/\" \/>\n<meta property=\"og:site_name\" content=\"IPlay\" \/>\n<meta property=\"og:image\" content=\"https:\/\/www.iplay.com\/wp-content\/uploads\/2023\/12\/large_square_tile_image-3271.jpg\" \/>\n\t<meta property=\"og:image:width\" content=\"310\" \/>\n\t<meta property=\"og:image:height\" content=\"310\" \/>\n\t<meta property=\"og:image:type\" content=\"image\/jpeg\" \/>\n<meta name=\"twitter:card\" content=\"summary_large_image\" \/>\n<meta name=\"twitter:label1\" content=\"Dur\u00e9e de lecture estim\u00e9e\" \/>\n\t<meta name=\"twitter:data1\" content=\"1 minute\" \/>\n<script type=\"application\/ld+json\" class=\"yoast-schema-graph\">{\"@context\":\"https:\/\/schema.org\",\"@graph\":[{\"@type\":\"WebPage\",\"@id\":\"https:\/\/www.iplay.com\/fr\/games\/hopes-farm\/\",\"url\":\"https:\/\/www.iplay.com\/fr\/games\/hopes-farm\/\",\"name\":\"Hope\u2019s Farm - Embarquez pour une aventure agricole\",\"isPartOf\":{\"@id\":\"https:\/\/www.iplay.com\/en\/#website\"},\"primaryImageOfPage\":{\"@id\":\"https:\/\/www.iplay.com\/fr\/games\/hopes-farm\/#primaryimage\"},\"image\":{\"@id\":\"https:\/\/www.iplay.com\/fr\/games\/hopes-farm\/#primaryimage\"},\"thumbnailUrl\":\"https:\/\/www.iplay.com\/wp-content\/uploads\/2023\/12\/large_square_tile_image-3271.jpg\",\"datePublished\":\"2019-11-28T00:00:00+00:00\",\"description\":\"\u00c9chappez au stress de la grande ville et d\u00e9couvrez le charme tranquille de la vie rurale avec Hope\u2019s Farm.\",\"breadcrumb\":{\"@id\":\"https:\/\/www.iplay.com\/fr\/games\/hopes-farm\/#breadcrumb\"},\"inLanguage\":\"fr-FR\",\"potentialAction\":[{\"@type\":\"ReadAction\",\"target\":[\"https:\/\/www.iplay.com\/fr\/games\/hopes-farm\/\"]}]},{\"@type\":\"ImageObject\",\"inLanguage\":\"fr-FR\",\"@id\":\"https:\/\/www.iplay.com\/fr\/games\/hopes-farm\/#primaryimage\",\"url\":\"https:\/\/www.iplay.com\/wp-content\/uploads\/2023\/12\/large_square_tile_image-3271.jpg\",\"contentUrl\":\"https:\/\/www.iplay.com\/wp-content\/uploads\/2023\/12\/large_square_tile_image-3271.jpg\",\"width\":310,\"height\":310},{\"@type\":\"BreadcrumbList\",\"@id\":\"https:\/\/www.iplay.com\/fr\/games\/hopes-farm\/#breadcrumb\",\"itemListElement\":[{\"@type\":\"ListItem\",\"position\":1,\"name\":\"Home\",\"item\":\"https:\/\/www.iplay.com\/fr\/home-page-2\/\"},{\"@type\":\"ListItem\",\"position\":2,\"name\":\"Shop\",\"item\":\"https:\/\/www.iplay.com\/en\/shop\/\"},{\"@type\":\"ListItem\",\"position\":3,\"name\":\"Hope&#8217;s Farm\"}]},{\"@type\":\"WebSite\",\"@id\":\"https:\/\/www.iplay.com\/en\/#website\",\"url\":\"https:\/\/www.iplay.com\/en\/\",\"name\":\"IPlay\",\"description\":\"The Best Casual Games!\",\"publisher\":{\"@id\":\"https:\/\/www.iplay.com\/en\/#organization\"},\"potentialAction\":[{\"@type\":\"SearchAction\",\"target\":{\"@type\":\"EntryPoint\",\"urlTemplate\":\"https:\/\/www.iplay.com\/en\/?s={search_term_string}\"},\"query-input\":{\"@type\":\"PropertyValueSpecification\",\"valueRequired\":true,\"valueName\":\"search_term_string\"}}],\"inLanguage\":\"fr-FR\"},{\"@type\":\"Organization\",\"@id\":\"https:\/\/www.iplay.com\/en\/#organization\",\"name\":\"IPlay\",\"url\":\"https:\/\/www.iplay.com\/en\/\",\"logo\":{\"@type\":\"ImageObject\",\"inLanguage\":\"fr-FR\",\"@id\":\"https:\/\/www.iplay.com\/en\/#\/schema\/logo\/image\/\",\"url\":\"https:\/\/www.iplay.com\/wp-content\/uploads\/2023\/11\/Group-6100.svg\",\"contentUrl\":\"https:\/\/www.iplay.com\/wp-content\/uploads\/2023\/11\/Group-6100.svg\",\"width\":98,\"height\":25,\"caption\":\"IPlay\"},\"image\":{\"@id\":\"https:\/\/www.iplay.com\/en\/#\/schema\/logo\/image\/\"}}]}<\/script>\n<!-- \/ Yoast SEO Premium plugin. -->","yoast_head_json":{"title":"Hope\u2019s Farm - Embarquez pour une aventure agricole","description":"\u00c9chappez au stress de la grande ville et d\u00e9couvrez le charme tranquille de la vie rurale avec Hope\u2019s Farm.","robots":{"index":"index","follow":"follow","max-snippet":"max-snippet:-1","max-image-preview":"max-image-preview:large","max-video-preview":"max-video-preview:-1"},"canonical":"https:\/\/www.iplay.com\/fr\/games\/hopes-farm\/","og_locale":"fr_FR","og_type":"article","og_title":"Hope's Farm","og_description":"\u00c9chappez au stress de la grande ville et d\u00e9couvrez le charme tranquille de la vie rurale avec Hope\u2019s Farm.","og_url":"https:\/\/www.iplay.com\/fr\/games\/hopes-farm\/","og_site_name":"IPlay","og_image":[{"width":310,"height":310,"url":"https:\/\/www.iplay.com\/wp-content\/uploads\/2023\/12\/large_square_tile_image-3271.jpg","type":"image\/jpeg"}],"twitter_card":"summary_large_image","twitter_misc":{"Dur\u00e9e de lecture estim\u00e9e":"1 minute"},"schema":{"@context":"https:\/\/schema.org","@graph":[{"@type":"WebPage","@id":"https:\/\/www.iplay.com\/fr\/games\/hopes-farm\/","url":"https:\/\/www.iplay.com\/fr\/games\/hopes-farm\/","name":"Hope\u2019s Farm - Embarquez pour une aventure agricole","isPartOf":{"@id":"https:\/\/www.iplay.com\/en\/#website"},"primaryImageOfPage":{"@id":"https:\/\/www.iplay.com\/fr\/games\/hopes-farm\/#primaryimage"},"image":{"@id":"https:\/\/www.iplay.com\/fr\/games\/hopes-farm\/#primaryimage"},"thumbnailUrl":"https:\/\/www.iplay.com\/wp-content\/uploads\/2023\/12\/large_square_tile_image-3271.jpg","datePublished":"2019-11-28T00:00:00+00:00","description":"\u00c9chappez au stress de la grande ville et d\u00e9couvrez le charme tranquille de la vie rurale avec Hope\u2019s Farm.","breadcrumb":{"@id":"https:\/\/www.iplay.com\/fr\/games\/hopes-farm\/#breadcrumb"},"inLanguage":"fr-FR","potentialAction":[{"@type":"ReadAction","target":["https:\/\/www.iplay.com\/fr\/games\/hopes-farm\/"]}]},{"@type":"ImageObject","inLanguage":"fr-FR","@id":"https:\/\/www.iplay.com\/fr\/games\/hopes-farm\/#primaryimage","url":"https:\/\/www.iplay.com\/wp-content\/uploads\/2023\/12\/large_square_tile_image-3271.jpg","contentUrl":"https:\/\/www.iplay.com\/wp-content\/uploads\/2023\/12\/large_square_tile_image-3271.jpg","width":310,"height":310},{"@type":"BreadcrumbList","@id":"https:\/\/www.iplay.com\/fr\/games\/hopes-farm\/#breadcrumb","itemListElement":[{"@type":"ListItem","position":1,"name":"Home","item":"https:\/\/www.iplay.com\/fr\/home-page-2\/"},{"@type":"ListItem","position":2,"name":"Shop","item":"https:\/\/www.iplay.com\/en\/shop\/"},{"@type":"ListItem","position":3,"name":"Hope&#8217;s Farm"}]},{"@type":"WebSite","@id":"https:\/\/www.iplay.com\/en\/#website","url":"https:\/\/www.iplay.com\/en\/","name":"IPlay","description":"The Best Casual Games!","publisher":{"@id":"https:\/\/www.iplay.com\/en\/#organization"},"potentialAction":[{"@type":"SearchAction","target":{"@type":"EntryPoint","urlTemplate":"https:\/\/www.iplay.com\/en\/?s={search_term_string}"},"query-input":{"@type":"PropertyValueSpecification","valueRequired":true,"valueName":"search_term_string"}}],"inLanguage":"fr-FR"},{"@type":"Organization","@id":"https:\/\/www.iplay.com\/en\/#organization","name":"IPlay","url":"https:\/\/www.iplay.com\/en\/","logo":{"@type":"ImageObject","inLanguage":"fr-FR","@id":"https:\/\/www.iplay.com\/en\/#\/schema\/logo\/image\/","url":"https:\/\/www.iplay.com\/wp-content\/uploads\/2023\/11\/Group-6100.svg","contentUrl":"https:\/\/www.iplay.com\/wp-content\/uploads\/2023\/11\/Group-6100.svg","width":98,"height":25,"caption":"IPlay"},"image":{"@id":"https:\/\/www.iplay.com\/en\/#\/schema\/logo\/image\/"}}]}},"_links":{"self":[{"href":"https:\/\/www.iplay.com\/fr\/wp-json\/wp\/v2\/product\/139576","targetHints":{"allow":["GET"]}}],"collection":[{"href":"https:\/\/www.iplay.com\/fr\/wp-json\/wp\/v2\/product"}],"about":[{"href":"https:\/\/www.iplay.com\/fr\/wp-json\/wp\/v2\/types\/product"}],"author":[{"embeddable":true,"href":"https:\/\/www.iplay.com\/fr\/wp-json\/wp\/v2\/users\/22"}],"replies":[{"embeddable":true,"href":"https:\/\/www.iplay.com\/fr\/wp-json\/wp\/v2\/comments?post=139576"}],"wp:featuredmedia":[{"embeddable":true,"href":"https:\/\/www.iplay.com\/fr\/wp-json\/wp\/v2\/media\/92084"}],"wp:attachment":[{"href":"https:\/\/www.iplay.com\/fr\/wp-json\/wp\/v2\/media?parent=139576"}],"wp:term":[{"taxonomy":"product_brand","embeddable":true,"href":"https:\/\/www.iplay.com\/fr\/wp-json\/wp\/v2\/product_brand?post=139576"},{"taxonomy":"product_cat","embeddable":true,"href":"https:\/\/www.iplay.com\/fr\/wp-json\/wp\/v2\/product_cat?post=139576"},{"taxonomy":"product_tag","embeddable":true,"href":"https:\/\/www.iplay.com\/fr\/wp-json\/wp\/v2\/product_tag?post=139576"}],"curies":[{"name":"wp","href":"https:\/\/api.w.org\/{rel}","templated":true}]}}