{"id":139502,"date":"2020-01-11T00:00:00","date_gmt":"2020-01-11T00:00:00","guid":{"rendered":"https:\/\/www.iplay.com\/games\/rooms-the-toymakers-mansion\/"},"modified":"2020-01-11T00:00:00","modified_gmt":"2020-01-11T00:00:00","slug":"rooms-the-toymakers-mansion","status":"publish","type":"product","link":"https:\/\/www.iplay.com\/fr\/games\/rooms-the-toymakers-mansion\/","title":{"rendered":"Rooms: The Toymaker&#8217;s Mansion"},"content":{"rendered":"<p>Votre mentor vous appelle et demande de l\u2019aide imm\u00e9diate. Alors que vous vous dirigez vers lui, le ciel devient incroyablement mena\u00e7ant ! Vous allez apprendre tr\u00e8s prochainement que votre cher professeur fait face \u00e0 une temp\u00eate sans pr\u00e9c\u00e9dent et dangereuse. La foudre vous frappera-t-elle, ou serez-vous en mesure de d\u00e9terrer le sinistre myst\u00e8re qui se cache au c\u0153ur de cette temp\u00eate ? Jouez \u00e0 ce jeu d\u2019aventure et de puzzle d\u2019objets cach\u00e9s unique pour le d\u00e9couvrir ! Il a une tonne de puzzles incroyables&nbsp;!     <\/p>\n<p>&nbsp;<\/p>\n<p>&nbsp;<\/p>\n<p><strong>Fonctionnalit\u00e9s:<\/strong><\/p>\n<p>&nbsp;<\/p>\n<p>&#8211; Partez \u00e0 l\u2019aventure en retournant \u00e0 Ashen Rise dans le jeu bonus !<br \/>\n&#8211; Testez vos capacit\u00e9s avec des \u00e9nigmes chronom\u00e9tr\u00e9es impliquant des objets dissimul\u00e9s !<br \/>\n&#8211; Atteindre les objectifs et trouver des souvenirs.<br \/>\n&#8211; Demandez de l\u2019aide dans le guide de strat\u00e9gie.<br \/>\n&#8211; Acc\u00e9dez \u00e0 des illustrations conceptuelles et \u00e0 d\u2019autres bonus !<\/p>\n","protected":false},"excerpt":{"rendered":"<p>Pouvez-vous aider Anne \u00e0 sortir du manoir du fabricant de jouets ?<\/p>\n","protected":false},"author":61,"featured_media":91796,"comment_status":"open","ping_status":"closed","template":"","meta":{"_acf_changed":false,"inline_featured_image":false},"product_brand":[],"product_cat":[193],"product_tag":[],"class_list":{"0":"post-139502","1":"product","2":"type-product","3":"status-publish","4":"has-post-thumbnail","6":"product_cat-puzzle-fr","8":"first","9":"instock","10":"shipping-taxable","11":"purchasable","12":"product-type-simple"},"acf":[],"yoast_head":"<!-- This site is optimized with the Yoast SEO Premium plugin v25.2 (Yoast SEO v25.2) - https:\/\/yoast.com\/wordpress\/plugins\/seo\/ -->\n<title>Chambres\u00a0: Le Manoir du Fabricant de Jouets - Aidez Anne \u00e0 s\u2019\u00e9chapper du Manoir du Fabricant de Jouets<\/title>\n<meta name=\"description\" content=\"Pouvez-vous aider Anne \u00e0 sortir du manoir du fabricant de jouets ?\" \/>\n<meta name=\"robots\" content=\"index, follow, max-snippet:-1, max-image-preview:large, max-video-preview:-1\" \/>\n<link rel=\"canonical\" href=\"https:\/\/www.iplay.com\/fr\/games\/rooms-the-toymakers-mansion\/\" \/>\n<meta property=\"og:locale\" content=\"fr_FR\" \/>\n<meta property=\"og:type\" content=\"article\" \/>\n<meta property=\"og:title\" content=\"Rooms: The Toymaker&#039;s Mansion\" \/>\n<meta property=\"og:description\" content=\"Pouvez-vous aider Anne \u00e0 sortir du manoir du fabricant de jouets ?\" \/>\n<meta property=\"og:url\" content=\"https:\/\/www.iplay.com\/fr\/games\/rooms-the-toymakers-mansion\/\" \/>\n<meta property=\"og:site_name\" content=\"IPlay\" \/>\n<meta property=\"og:image\" content=\"https:\/\/www.iplay.com\/wp-content\/uploads\/2023\/12\/large_square_tile_image-3252.jpg\" \/>\n\t<meta property=\"og:image:width\" content=\"310\" \/>\n\t<meta property=\"og:image:height\" content=\"310\" \/>\n\t<meta property=\"og:image:type\" content=\"image\/jpeg\" \/>\n<meta name=\"twitter:card\" content=\"summary_large_image\" \/>\n<meta name=\"twitter:label1\" content=\"Dur\u00e9e de lecture estim\u00e9e\" \/>\n\t<meta name=\"twitter:data1\" content=\"1 minute\" \/>\n<script type=\"application\/ld+json\" class=\"yoast-schema-graph\">{\"@context\":\"https:\/\/schema.org\",\"@graph\":[{\"@type\":\"WebPage\",\"@id\":\"https:\/\/www.iplay.com\/fr\/games\/rooms-the-toymakers-mansion\/\",\"url\":\"https:\/\/www.iplay.com\/fr\/games\/rooms-the-toymakers-mansion\/\",\"name\":\"Chambres\u00a0: Le Manoir du Fabricant de Jouets - Aidez Anne \u00e0 s\u2019\u00e9chapper du Manoir du Fabricant de Jouets\",\"isPartOf\":{\"@id\":\"https:\/\/www.iplay.com\/en\/#website\"},\"primaryImageOfPage\":{\"@id\":\"https:\/\/www.iplay.com\/fr\/games\/rooms-the-toymakers-mansion\/#primaryimage\"},\"image\":{\"@id\":\"https:\/\/www.iplay.com\/fr\/games\/rooms-the-toymakers-mansion\/#primaryimage\"},\"thumbnailUrl\":\"https:\/\/www.iplay.com\/wp-content\/uploads\/2023\/12\/large_square_tile_image-3252.jpg\",\"datePublished\":\"2020-01-11T00:00:00+00:00\",\"description\":\"Pouvez-vous aider Anne \u00e0 sortir du manoir du fabricant de jouets ?\",\"breadcrumb\":{\"@id\":\"https:\/\/www.iplay.com\/fr\/games\/rooms-the-toymakers-mansion\/#breadcrumb\"},\"inLanguage\":\"fr-FR\",\"potentialAction\":[{\"@type\":\"ReadAction\",\"target\":[\"https:\/\/www.iplay.com\/fr\/games\/rooms-the-toymakers-mansion\/\"]}]},{\"@type\":\"ImageObject\",\"inLanguage\":\"fr-FR\",\"@id\":\"https:\/\/www.iplay.com\/fr\/games\/rooms-the-toymakers-mansion\/#primaryimage\",\"url\":\"https:\/\/www.iplay.com\/wp-content\/uploads\/2023\/12\/large_square_tile_image-3252.jpg\",\"contentUrl\":\"https:\/\/www.iplay.com\/wp-content\/uploads\/2023\/12\/large_square_tile_image-3252.jpg\",\"width\":310,\"height\":310},{\"@type\":\"BreadcrumbList\",\"@id\":\"https:\/\/www.iplay.com\/fr\/games\/rooms-the-toymakers-mansion\/#breadcrumb\",\"itemListElement\":[{\"@type\":\"ListItem\",\"position\":1,\"name\":\"Home\",\"item\":\"https:\/\/www.iplay.com\/fr\/home-page-2\/\"},{\"@type\":\"ListItem\",\"position\":2,\"name\":\"Shop\",\"item\":\"https:\/\/www.iplay.com\/en\/shop\/\"},{\"@type\":\"ListItem\",\"position\":3,\"name\":\"Rooms: The Toymaker&#8217;s Mansion\"}]},{\"@type\":\"WebSite\",\"@id\":\"https:\/\/www.iplay.com\/en\/#website\",\"url\":\"https:\/\/www.iplay.com\/en\/\",\"name\":\"IPlay\",\"description\":\"The Best Casual Games!\",\"publisher\":{\"@id\":\"https:\/\/www.iplay.com\/en\/#organization\"},\"potentialAction\":[{\"@type\":\"SearchAction\",\"target\":{\"@type\":\"EntryPoint\",\"urlTemplate\":\"https:\/\/www.iplay.com\/en\/?s={search_term_string}\"},\"query-input\":{\"@type\":\"PropertyValueSpecification\",\"valueRequired\":true,\"valueName\":\"search_term_string\"}}],\"inLanguage\":\"fr-FR\"},{\"@type\":\"Organization\",\"@id\":\"https:\/\/www.iplay.com\/en\/#organization\",\"name\":\"IPlay\",\"url\":\"https:\/\/www.iplay.com\/en\/\",\"logo\":{\"@type\":\"ImageObject\",\"inLanguage\":\"fr-FR\",\"@id\":\"https:\/\/www.iplay.com\/en\/#\/schema\/logo\/image\/\",\"url\":\"https:\/\/www.iplay.com\/wp-content\/uploads\/2023\/11\/Group-6100.svg\",\"contentUrl\":\"https:\/\/www.iplay.com\/wp-content\/uploads\/2023\/11\/Group-6100.svg\",\"width\":98,\"height\":25,\"caption\":\"IPlay\"},\"image\":{\"@id\":\"https:\/\/www.iplay.com\/en\/#\/schema\/logo\/image\/\"}}]}<\/script>\n<!-- \/ Yoast SEO Premium plugin. -->","yoast_head_json":{"title":"Chambres\u00a0: Le Manoir du Fabricant de Jouets - Aidez Anne \u00e0 s\u2019\u00e9chapper du Manoir du Fabricant de Jouets","description":"Pouvez-vous aider Anne \u00e0 sortir du manoir du fabricant de jouets ?","robots":{"index":"index","follow":"follow","max-snippet":"max-snippet:-1","max-image-preview":"max-image-preview:large","max-video-preview":"max-video-preview:-1"},"canonical":"https:\/\/www.iplay.com\/fr\/games\/rooms-the-toymakers-mansion\/","og_locale":"fr_FR","og_type":"article","og_title":"Rooms: The Toymaker's Mansion","og_description":"Pouvez-vous aider Anne \u00e0 sortir du manoir du fabricant de jouets ?","og_url":"https:\/\/www.iplay.com\/fr\/games\/rooms-the-toymakers-mansion\/","og_site_name":"IPlay","og_image":[{"width":310,"height":310,"url":"https:\/\/www.iplay.com\/wp-content\/uploads\/2023\/12\/large_square_tile_image-3252.jpg","type":"image\/jpeg"}],"twitter_card":"summary_large_image","twitter_misc":{"Dur\u00e9e de lecture estim\u00e9e":"1 minute"},"schema":{"@context":"https:\/\/schema.org","@graph":[{"@type":"WebPage","@id":"https:\/\/www.iplay.com\/fr\/games\/rooms-the-toymakers-mansion\/","url":"https:\/\/www.iplay.com\/fr\/games\/rooms-the-toymakers-mansion\/","name":"Chambres\u00a0: Le Manoir du Fabricant de Jouets - Aidez Anne \u00e0 s\u2019\u00e9chapper du Manoir du Fabricant de Jouets","isPartOf":{"@id":"https:\/\/www.iplay.com\/en\/#website"},"primaryImageOfPage":{"@id":"https:\/\/www.iplay.com\/fr\/games\/rooms-the-toymakers-mansion\/#primaryimage"},"image":{"@id":"https:\/\/www.iplay.com\/fr\/games\/rooms-the-toymakers-mansion\/#primaryimage"},"thumbnailUrl":"https:\/\/www.iplay.com\/wp-content\/uploads\/2023\/12\/large_square_tile_image-3252.jpg","datePublished":"2020-01-11T00:00:00+00:00","description":"Pouvez-vous aider Anne \u00e0 sortir du manoir du fabricant de jouets ?","breadcrumb":{"@id":"https:\/\/www.iplay.com\/fr\/games\/rooms-the-toymakers-mansion\/#breadcrumb"},"inLanguage":"fr-FR","potentialAction":[{"@type":"ReadAction","target":["https:\/\/www.iplay.com\/fr\/games\/rooms-the-toymakers-mansion\/"]}]},{"@type":"ImageObject","inLanguage":"fr-FR","@id":"https:\/\/www.iplay.com\/fr\/games\/rooms-the-toymakers-mansion\/#primaryimage","url":"https:\/\/www.iplay.com\/wp-content\/uploads\/2023\/12\/large_square_tile_image-3252.jpg","contentUrl":"https:\/\/www.iplay.com\/wp-content\/uploads\/2023\/12\/large_square_tile_image-3252.jpg","width":310,"height":310},{"@type":"BreadcrumbList","@id":"https:\/\/www.iplay.com\/fr\/games\/rooms-the-toymakers-mansion\/#breadcrumb","itemListElement":[{"@type":"ListItem","position":1,"name":"Home","item":"https:\/\/www.iplay.com\/fr\/home-page-2\/"},{"@type":"ListItem","position":2,"name":"Shop","item":"https:\/\/www.iplay.com\/en\/shop\/"},{"@type":"ListItem","position":3,"name":"Rooms: The Toymaker&#8217;s Mansion"}]},{"@type":"WebSite","@id":"https:\/\/www.iplay.com\/en\/#website","url":"https:\/\/www.iplay.com\/en\/","name":"IPlay","description":"The Best Casual Games!","publisher":{"@id":"https:\/\/www.iplay.com\/en\/#organization"},"potentialAction":[{"@type":"SearchAction","target":{"@type":"EntryPoint","urlTemplate":"https:\/\/www.iplay.com\/en\/?s={search_term_string}"},"query-input":{"@type":"PropertyValueSpecification","valueRequired":true,"valueName":"search_term_string"}}],"inLanguage":"fr-FR"},{"@type":"Organization","@id":"https:\/\/www.iplay.com\/en\/#organization","name":"IPlay","url":"https:\/\/www.iplay.com\/en\/","logo":{"@type":"ImageObject","inLanguage":"fr-FR","@id":"https:\/\/www.iplay.com\/en\/#\/schema\/logo\/image\/","url":"https:\/\/www.iplay.com\/wp-content\/uploads\/2023\/11\/Group-6100.svg","contentUrl":"https:\/\/www.iplay.com\/wp-content\/uploads\/2023\/11\/Group-6100.svg","width":98,"height":25,"caption":"IPlay"},"image":{"@id":"https:\/\/www.iplay.com\/en\/#\/schema\/logo\/image\/"}}]}},"_links":{"self":[{"href":"https:\/\/www.iplay.com\/fr\/wp-json\/wp\/v2\/product\/139502","targetHints":{"allow":["GET"]}}],"collection":[{"href":"https:\/\/www.iplay.com\/fr\/wp-json\/wp\/v2\/product"}],"about":[{"href":"https:\/\/www.iplay.com\/fr\/wp-json\/wp\/v2\/types\/product"}],"author":[{"embeddable":true,"href":"https:\/\/www.iplay.com\/fr\/wp-json\/wp\/v2\/users\/61"}],"replies":[{"embeddable":true,"href":"https:\/\/www.iplay.com\/fr\/wp-json\/wp\/v2\/comments?post=139502"}],"wp:featuredmedia":[{"embeddable":true,"href":"https:\/\/www.iplay.com\/fr\/wp-json\/wp\/v2\/media\/91796"}],"wp:attachment":[{"href":"https:\/\/www.iplay.com\/fr\/wp-json\/wp\/v2\/media?parent=139502"}],"wp:term":[{"taxonomy":"product_brand","embeddable":true,"href":"https:\/\/www.iplay.com\/fr\/wp-json\/wp\/v2\/product_brand?post=139502"},{"taxonomy":"product_cat","embeddable":true,"href":"https:\/\/www.iplay.com\/fr\/wp-json\/wp\/v2\/product_cat?post=139502"},{"taxonomy":"product_tag","embeddable":true,"href":"https:\/\/www.iplay.com\/fr\/wp-json\/wp\/v2\/product_tag?post=139502"}],"curies":[{"name":"wp","href":"https:\/\/api.w.org\/{rel}","templated":true}]}}