{"id":139383,"date":"2016-11-29T00:00:00","date_gmt":"2016-11-29T00:00:00","guid":{"rendered":"https:\/\/www.iplay.com\/games\/vacation-adventures-park-ranger-5\/"},"modified":"2016-11-29T00:00:00","modified_gmt":"2016-11-29T00:00:00","slug":"vacation-adventures-park-ranger-5","status":"publish","type":"product","link":"https:\/\/www.iplay.com\/fr\/games\/vacation-adventures-park-ranger-5\/","title":{"rendered":"Vacation Adventures: Park Ranger 5"},"content":{"rendered":"<p>Profitez d\u2019une magnifique pause estivale en travaillant aux c\u00f4t\u00e9s d\u2019un groupe de gardes forestiers pour g\u00e9rer le parc national de Pinecreek Hills. Le parc est plus beau et plus grand qu\u2019il ne l\u2019a jamais \u00e9t\u00e9 en cette ann\u00e9e du centenaire. Montez \u00e0 bord du tout nouveau chemin de fer miniature Centennial, du pont prim\u00e9, du pittoresque Craft Cafe et du t\u00e9l\u00e9si\u00e8ge Eagle Pass lors de votre trajet en hydravion de retour du QG. Prenez note des magnifiques espaces ext\u00e9rieurs, des cavernes magiques et des cascades. Savourez les environs authentiques, organisez des barbecues et sauvez m\u00eame un ourson errant. Assistez au spectacle \u00e9poustouflant d\u2019avions Blue Angels et regardez les parachutistes atterrir sur Ranger Field. D\u2019innombrables animaux, poissons et autres animaux sauvages peuvent \u00eatre observ\u00e9s. Devenez un champion de l\u2019environnement et gagnez des souvenirs et des prix en cours de route.       <\/p>\n<p><strong>\u00c0 propos de Vacation Adventures&nbsp;: Park Ranger 5<\/strong><br \/>&#8211; Des graphismes et un gameplay lumineux<br \/>&#8211; Mini-puzzles et jeux d\u2019objets cach\u00e9s extr\u00eamement divertissants<br \/>&#8211; Endosser le r\u00f4le d\u2019un garde forestier engag\u00e9 dans le parc national.<\/p>\n","protected":false},"excerpt":{"rendered":"<p>Un voyage incroyable \u00e0 travers le magnifique parc national de Pinecreek Hills<\/p>\n","protected":false},"author":37,"featured_media":55285,"comment_status":"open","ping_status":"closed","template":"","meta":{"_acf_changed":false,"inline_featured_image":false},"product_brand":[],"product_cat":[165],"product_tag":[287],"class_list":{"0":"post-139383","1":"product","2":"type-product","3":"status-publish","4":"has-post-thumbnail","6":"product_cat-hidden-object-fr","7":"product_tag-play-on-pc-fr","9":"first","10":"instock","11":"shipping-taxable","12":"purchasable","13":"product-type-simple"},"acf":[],"yoast_head":"<!-- This site is optimized with the Yoast SEO Premium plugin v25.2 (Yoast SEO v25.2) - https:\/\/yoast.com\/wordpress\/plugins\/seo\/ -->\n<title>Vacation Adventures\u00a0: Park Ranger 5 - Une aventure vraiment exceptionnelle dans le parc national de Pinecreek Hills<\/title>\n<meta name=\"description\" content=\"Un voyage incroyable \u00e0 travers le magnifique parc national de Pinecreek Hills\" \/>\n<meta name=\"robots\" content=\"index, follow, max-snippet:-1, max-image-preview:large, max-video-preview:-1\" \/>\n<link rel=\"canonical\" href=\"https:\/\/www.iplay.com\/fr\/games\/vacation-adventures-park-ranger-5\/\" \/>\n<meta property=\"og:locale\" content=\"fr_FR\" \/>\n<meta property=\"og:type\" content=\"article\" \/>\n<meta property=\"og:title\" content=\"Vacation Adventures: Park Ranger 5\" \/>\n<meta property=\"og:description\" content=\"Un voyage incroyable \u00e0 travers le magnifique parc national de Pinecreek Hills\" \/>\n<meta property=\"og:url\" content=\"https:\/\/www.iplay.com\/fr\/games\/vacation-adventures-park-ranger-5\/\" \/>\n<meta property=\"og:site_name\" content=\"IPlay\" \/>\n<meta property=\"og:image\" content=\"https:\/\/www.iplay.com\/wp-content\/uploads\/2023\/12\/large_square_tile_image-926.jpg\" \/>\n\t<meta property=\"og:image:width\" content=\"310\" \/>\n\t<meta property=\"og:image:height\" content=\"310\" \/>\n\t<meta property=\"og:image:type\" content=\"image\/jpeg\" \/>\n<meta name=\"twitter:card\" content=\"summary_large_image\" \/>\n<meta name=\"twitter:label1\" content=\"Dur\u00e9e de lecture estim\u00e9e\" \/>\n\t<meta name=\"twitter:data1\" content=\"1 minute\" \/>\n<script type=\"application\/ld+json\" class=\"yoast-schema-graph\">{\"@context\":\"https:\/\/schema.org\",\"@graph\":[{\"@type\":\"WebPage\",\"@id\":\"https:\/\/www.iplay.com\/fr\/games\/vacation-adventures-park-ranger-5\/\",\"url\":\"https:\/\/www.iplay.com\/fr\/games\/vacation-adventures-park-ranger-5\/\",\"name\":\"Vacation Adventures\u00a0: Park Ranger 5 - Une aventure vraiment exceptionnelle dans le parc national de Pinecreek Hills\",\"isPartOf\":{\"@id\":\"https:\/\/www.iplay.com\/en\/#website\"},\"primaryImageOfPage\":{\"@id\":\"https:\/\/www.iplay.com\/fr\/games\/vacation-adventures-park-ranger-5\/#primaryimage\"},\"image\":{\"@id\":\"https:\/\/www.iplay.com\/fr\/games\/vacation-adventures-park-ranger-5\/#primaryimage\"},\"thumbnailUrl\":\"https:\/\/www.iplay.com\/wp-content\/uploads\/2023\/12\/large_square_tile_image-926.jpg\",\"datePublished\":\"2016-11-29T00:00:00+00:00\",\"description\":\"Un voyage incroyable \u00e0 travers le magnifique parc national de Pinecreek Hills\",\"breadcrumb\":{\"@id\":\"https:\/\/www.iplay.com\/fr\/games\/vacation-adventures-park-ranger-5\/#breadcrumb\"},\"inLanguage\":\"fr-FR\",\"potentialAction\":[{\"@type\":\"ReadAction\",\"target\":[\"https:\/\/www.iplay.com\/fr\/games\/vacation-adventures-park-ranger-5\/\"]}]},{\"@type\":\"ImageObject\",\"inLanguage\":\"fr-FR\",\"@id\":\"https:\/\/www.iplay.com\/fr\/games\/vacation-adventures-park-ranger-5\/#primaryimage\",\"url\":\"https:\/\/www.iplay.com\/wp-content\/uploads\/2023\/12\/large_square_tile_image-926.jpg\",\"contentUrl\":\"https:\/\/www.iplay.com\/wp-content\/uploads\/2023\/12\/large_square_tile_image-926.jpg\",\"width\":310,\"height\":310},{\"@type\":\"BreadcrumbList\",\"@id\":\"https:\/\/www.iplay.com\/fr\/games\/vacation-adventures-park-ranger-5\/#breadcrumb\",\"itemListElement\":[{\"@type\":\"ListItem\",\"position\":1,\"name\":\"Home\",\"item\":\"https:\/\/www.iplay.com\/fr\/home-page-2\/\"},{\"@type\":\"ListItem\",\"position\":2,\"name\":\"Shop\",\"item\":\"https:\/\/www.iplay.com\/en\/shop\/\"},{\"@type\":\"ListItem\",\"position\":3,\"name\":\"Vacation Adventures: Park Ranger 5\"}]},{\"@type\":\"WebSite\",\"@id\":\"https:\/\/www.iplay.com\/en\/#website\",\"url\":\"https:\/\/www.iplay.com\/en\/\",\"name\":\"IPlay\",\"description\":\"The Best Casual Games!\",\"publisher\":{\"@id\":\"https:\/\/www.iplay.com\/en\/#organization\"},\"potentialAction\":[{\"@type\":\"SearchAction\",\"target\":{\"@type\":\"EntryPoint\",\"urlTemplate\":\"https:\/\/www.iplay.com\/en\/?s={search_term_string}\"},\"query-input\":{\"@type\":\"PropertyValueSpecification\",\"valueRequired\":true,\"valueName\":\"search_term_string\"}}],\"inLanguage\":\"fr-FR\"},{\"@type\":\"Organization\",\"@id\":\"https:\/\/www.iplay.com\/en\/#organization\",\"name\":\"IPlay\",\"url\":\"https:\/\/www.iplay.com\/en\/\",\"logo\":{\"@type\":\"ImageObject\",\"inLanguage\":\"fr-FR\",\"@id\":\"https:\/\/www.iplay.com\/en\/#\/schema\/logo\/image\/\",\"url\":\"https:\/\/www.iplay.com\/wp-content\/uploads\/2023\/11\/Group-6100.svg\",\"contentUrl\":\"https:\/\/www.iplay.com\/wp-content\/uploads\/2023\/11\/Group-6100.svg\",\"width\":98,\"height\":25,\"caption\":\"IPlay\"},\"image\":{\"@id\":\"https:\/\/www.iplay.com\/en\/#\/schema\/logo\/image\/\"}}]}<\/script>\n<!-- \/ Yoast SEO Premium plugin. -->","yoast_head_json":{"title":"Vacation Adventures\u00a0: Park Ranger 5 - Une aventure vraiment exceptionnelle dans le parc national de Pinecreek Hills","description":"Un voyage incroyable \u00e0 travers le magnifique parc national de Pinecreek Hills","robots":{"index":"index","follow":"follow","max-snippet":"max-snippet:-1","max-image-preview":"max-image-preview:large","max-video-preview":"max-video-preview:-1"},"canonical":"https:\/\/www.iplay.com\/fr\/games\/vacation-adventures-park-ranger-5\/","og_locale":"fr_FR","og_type":"article","og_title":"Vacation Adventures: Park Ranger 5","og_description":"Un voyage incroyable \u00e0 travers le magnifique parc national de Pinecreek Hills","og_url":"https:\/\/www.iplay.com\/fr\/games\/vacation-adventures-park-ranger-5\/","og_site_name":"IPlay","og_image":[{"width":310,"height":310,"url":"https:\/\/www.iplay.com\/wp-content\/uploads\/2023\/12\/large_square_tile_image-926.jpg","type":"image\/jpeg"}],"twitter_card":"summary_large_image","twitter_misc":{"Dur\u00e9e de lecture estim\u00e9e":"1 minute"},"schema":{"@context":"https:\/\/schema.org","@graph":[{"@type":"WebPage","@id":"https:\/\/www.iplay.com\/fr\/games\/vacation-adventures-park-ranger-5\/","url":"https:\/\/www.iplay.com\/fr\/games\/vacation-adventures-park-ranger-5\/","name":"Vacation Adventures\u00a0: Park Ranger 5 - Une aventure vraiment exceptionnelle dans le parc national de Pinecreek Hills","isPartOf":{"@id":"https:\/\/www.iplay.com\/en\/#website"},"primaryImageOfPage":{"@id":"https:\/\/www.iplay.com\/fr\/games\/vacation-adventures-park-ranger-5\/#primaryimage"},"image":{"@id":"https:\/\/www.iplay.com\/fr\/games\/vacation-adventures-park-ranger-5\/#primaryimage"},"thumbnailUrl":"https:\/\/www.iplay.com\/wp-content\/uploads\/2023\/12\/large_square_tile_image-926.jpg","datePublished":"2016-11-29T00:00:00+00:00","description":"Un voyage incroyable \u00e0 travers le magnifique parc national de Pinecreek Hills","breadcrumb":{"@id":"https:\/\/www.iplay.com\/fr\/games\/vacation-adventures-park-ranger-5\/#breadcrumb"},"inLanguage":"fr-FR","potentialAction":[{"@type":"ReadAction","target":["https:\/\/www.iplay.com\/fr\/games\/vacation-adventures-park-ranger-5\/"]}]},{"@type":"ImageObject","inLanguage":"fr-FR","@id":"https:\/\/www.iplay.com\/fr\/games\/vacation-adventures-park-ranger-5\/#primaryimage","url":"https:\/\/www.iplay.com\/wp-content\/uploads\/2023\/12\/large_square_tile_image-926.jpg","contentUrl":"https:\/\/www.iplay.com\/wp-content\/uploads\/2023\/12\/large_square_tile_image-926.jpg","width":310,"height":310},{"@type":"BreadcrumbList","@id":"https:\/\/www.iplay.com\/fr\/games\/vacation-adventures-park-ranger-5\/#breadcrumb","itemListElement":[{"@type":"ListItem","position":1,"name":"Home","item":"https:\/\/www.iplay.com\/fr\/home-page-2\/"},{"@type":"ListItem","position":2,"name":"Shop","item":"https:\/\/www.iplay.com\/en\/shop\/"},{"@type":"ListItem","position":3,"name":"Vacation Adventures: Park Ranger 5"}]},{"@type":"WebSite","@id":"https:\/\/www.iplay.com\/en\/#website","url":"https:\/\/www.iplay.com\/en\/","name":"IPlay","description":"The Best Casual Games!","publisher":{"@id":"https:\/\/www.iplay.com\/en\/#organization"},"potentialAction":[{"@type":"SearchAction","target":{"@type":"EntryPoint","urlTemplate":"https:\/\/www.iplay.com\/en\/?s={search_term_string}"},"query-input":{"@type":"PropertyValueSpecification","valueRequired":true,"valueName":"search_term_string"}}],"inLanguage":"fr-FR"},{"@type":"Organization","@id":"https:\/\/www.iplay.com\/en\/#organization","name":"IPlay","url":"https:\/\/www.iplay.com\/en\/","logo":{"@type":"ImageObject","inLanguage":"fr-FR","@id":"https:\/\/www.iplay.com\/en\/#\/schema\/logo\/image\/","url":"https:\/\/www.iplay.com\/wp-content\/uploads\/2023\/11\/Group-6100.svg","contentUrl":"https:\/\/www.iplay.com\/wp-content\/uploads\/2023\/11\/Group-6100.svg","width":98,"height":25,"caption":"IPlay"},"image":{"@id":"https:\/\/www.iplay.com\/en\/#\/schema\/logo\/image\/"}}]}},"_links":{"self":[{"href":"https:\/\/www.iplay.com\/fr\/wp-json\/wp\/v2\/product\/139383","targetHints":{"allow":["GET"]}}],"collection":[{"href":"https:\/\/www.iplay.com\/fr\/wp-json\/wp\/v2\/product"}],"about":[{"href":"https:\/\/www.iplay.com\/fr\/wp-json\/wp\/v2\/types\/product"}],"author":[{"embeddable":true,"href":"https:\/\/www.iplay.com\/fr\/wp-json\/wp\/v2\/users\/37"}],"replies":[{"embeddable":true,"href":"https:\/\/www.iplay.com\/fr\/wp-json\/wp\/v2\/comments?post=139383"}],"wp:featuredmedia":[{"embeddable":true,"href":"https:\/\/www.iplay.com\/fr\/wp-json\/wp\/v2\/media\/55285"}],"wp:attachment":[{"href":"https:\/\/www.iplay.com\/fr\/wp-json\/wp\/v2\/media?parent=139383"}],"wp:term":[{"taxonomy":"product_brand","embeddable":true,"href":"https:\/\/www.iplay.com\/fr\/wp-json\/wp\/v2\/product_brand?post=139383"},{"taxonomy":"product_cat","embeddable":true,"href":"https:\/\/www.iplay.com\/fr\/wp-json\/wp\/v2\/product_cat?post=139383"},{"taxonomy":"product_tag","embeddable":true,"href":"https:\/\/www.iplay.com\/fr\/wp-json\/wp\/v2\/product_tag?post=139383"}],"curies":[{"name":"wp","href":"https:\/\/api.w.org\/{rel}","templated":true}]}}