{"id":139362,"date":"2013-08-18T00:00:00","date_gmt":"2013-08-18T00:00:00","guid":{"rendered":"https:\/\/www.iplay.com\/games\/vacation-adventures-park-ranger\/"},"modified":"2013-08-18T00:00:00","modified_gmt":"2013-08-18T00:00:00","slug":"vacation-adventures-park-ranger","status":"publish","type":"product","link":"https:\/\/www.iplay.com\/fr\/games\/vacation-adventures-park-ranger\/","title":{"rendered":"Vacation Adventures: Park Ranger"},"content":{"rendered":"<p>Travaillez en tant que garde forestier dans un parc national \u00e0 couper le souffle pour un \u00e9t\u00e9 palpitant et audacieux. D\u00e9couvrez des lieux d\u2019une beaut\u00e9 naturelle exceptionnelle comme des lacs, des sentiers forestiers et des panoramas montagneux, ainsi que des chalets en rondins. Mettez en place des activit\u00e9s de plein air comme le VTT, le kayak, l\u2019escalade et l\u2019\u00e9quitation, entre autres. Profitez de cette s\u00e9lection exceptionnelle de s\u00e9quences d\u2019objets cach\u00e9s et d\u2019\u00e9nigmes sur le th\u00e8me de l\u2019ext\u00e9rieur. En tant que garde forestier, assumez vos responsabilit\u00e9s et sauvez l\u2019environnement en ramassant tous les d\u00e9chets suppl\u00e9mentaires qui peuvent \u00eatre recycl\u00e9s. Trouvez tous les objets perdus et trouv\u00e9s \u00e9parpill\u00e9s dans le parc pour gagner encore plus de bonus.     <\/p>\n<p>&nbsp;<\/p>\n<p><strong>\u00c0 propos de Vacation Adventures&nbsp;: Park Ranger<\/strong><br \/>\n&#8211; Des sc\u00e8nes \u00e9tonnantes de beaut\u00e9<br \/>\n naturelle- Des sc\u00e8nes et des d\u00e9fis<br \/>\n d\u2019objets cach\u00e9s incroyables- Trouvez des centaines d\u2019objets<br \/>\n bonus suppl\u00e9mentaires- Prot\u00e9gez l\u2019environnement en recyclant les d\u00e9chets<\/p>\n","protected":false},"excerpt":{"rendered":"<p>Une exp\u00e9rience d\u2019objets cach\u00e9s \u00e0 couper le souffle en plein air avec Vacation Adventures&nbsp;: Park Ranger !<\/p>\n","protected":false},"author":37,"featured_media":50821,"comment_status":"open","ping_status":"closed","template":"","meta":{"_acf_changed":false,"inline_featured_image":false},"product_brand":[],"product_cat":[165],"product_tag":[287],"class_list":{"0":"post-139362","1":"product","2":"type-product","3":"status-publish","4":"has-post-thumbnail","6":"product_cat-hidden-object-fr","7":"product_tag-play-on-pc-fr","9":"first","10":"instock","11":"shipping-taxable","12":"purchasable","13":"product-type-simple"},"acf":[],"yoast_head":"<!-- This site is optimized with the Yoast SEO Premium plugin v25.2 (Yoast SEO v25.2) - https:\/\/yoast.com\/wordpress\/plugins\/seo\/ -->\n<title>Vacation Adventures\u00a0: Park Ranger - Embarquez dans une belle aventure d\u2019objets cach\u00e9s en plein air<\/title>\n<meta name=\"description\" content=\"Une exp\u00e9rience d\u2019objets cach\u00e9s \u00e0 couper le souffle en plein air avec Vacation Adventures&nbsp;: Park Ranger !\" \/>\n<meta name=\"robots\" content=\"index, follow, max-snippet:-1, max-image-preview:large, max-video-preview:-1\" \/>\n<link rel=\"canonical\" href=\"https:\/\/www.iplay.com\/fr\/games\/vacation-adventures-park-ranger\/\" \/>\n<meta property=\"og:locale\" content=\"fr_FR\" \/>\n<meta property=\"og:type\" content=\"article\" \/>\n<meta property=\"og:title\" content=\"Vacation Adventures: Park Ranger\" \/>\n<meta property=\"og:description\" content=\"Une exp\u00e9rience d\u2019objets cach\u00e9s \u00e0 couper le souffle en plein air avec Vacation Adventures&nbsp;: Park Ranger !\" \/>\n<meta property=\"og:url\" content=\"https:\/\/www.iplay.com\/fr\/games\/vacation-adventures-park-ranger\/\" \/>\n<meta property=\"og:site_name\" content=\"IPlay\" \/>\n<meta property=\"og:image\" content=\"https:\/\/www.iplay.com\/wp-content\/uploads\/2023\/12\/large_square_tile_image-637.jpg\" \/>\n\t<meta property=\"og:image:width\" content=\"310\" \/>\n\t<meta property=\"og:image:height\" content=\"310\" \/>\n\t<meta property=\"og:image:type\" content=\"image\/jpeg\" \/>\n<meta name=\"twitter:card\" content=\"summary_large_image\" \/>\n<meta name=\"twitter:label1\" content=\"Dur\u00e9e de lecture estim\u00e9e\" \/>\n\t<meta name=\"twitter:data1\" content=\"1 minute\" \/>\n<script type=\"application\/ld+json\" class=\"yoast-schema-graph\">{\"@context\":\"https:\/\/schema.org\",\"@graph\":[{\"@type\":\"WebPage\",\"@id\":\"https:\/\/www.iplay.com\/fr\/games\/vacation-adventures-park-ranger\/\",\"url\":\"https:\/\/www.iplay.com\/fr\/games\/vacation-adventures-park-ranger\/\",\"name\":\"Vacation Adventures\u00a0: Park Ranger - Embarquez dans une belle aventure d\u2019objets cach\u00e9s en plein air\",\"isPartOf\":{\"@id\":\"https:\/\/www.iplay.com\/en\/#website\"},\"primaryImageOfPage\":{\"@id\":\"https:\/\/www.iplay.com\/fr\/games\/vacation-adventures-park-ranger\/#primaryimage\"},\"image\":{\"@id\":\"https:\/\/www.iplay.com\/fr\/games\/vacation-adventures-park-ranger\/#primaryimage\"},\"thumbnailUrl\":\"https:\/\/www.iplay.com\/wp-content\/uploads\/2023\/12\/large_square_tile_image-637.jpg\",\"datePublished\":\"2013-08-18T00:00:00+00:00\",\"description\":\"Une exp\u00e9rience d\u2019objets cach\u00e9s \u00e0 couper le souffle en plein air avec Vacation Adventures&nbsp;: Park Ranger !\",\"breadcrumb\":{\"@id\":\"https:\/\/www.iplay.com\/fr\/games\/vacation-adventures-park-ranger\/#breadcrumb\"},\"inLanguage\":\"fr-FR\",\"potentialAction\":[{\"@type\":\"ReadAction\",\"target\":[\"https:\/\/www.iplay.com\/fr\/games\/vacation-adventures-park-ranger\/\"]}]},{\"@type\":\"ImageObject\",\"inLanguage\":\"fr-FR\",\"@id\":\"https:\/\/www.iplay.com\/fr\/games\/vacation-adventures-park-ranger\/#primaryimage\",\"url\":\"https:\/\/www.iplay.com\/wp-content\/uploads\/2023\/12\/large_square_tile_image-637.jpg\",\"contentUrl\":\"https:\/\/www.iplay.com\/wp-content\/uploads\/2023\/12\/large_square_tile_image-637.jpg\",\"width\":310,\"height\":310},{\"@type\":\"BreadcrumbList\",\"@id\":\"https:\/\/www.iplay.com\/fr\/games\/vacation-adventures-park-ranger\/#breadcrumb\",\"itemListElement\":[{\"@type\":\"ListItem\",\"position\":1,\"name\":\"Home\",\"item\":\"https:\/\/www.iplay.com\/fr\/home-page-2\/\"},{\"@type\":\"ListItem\",\"position\":2,\"name\":\"Shop\",\"item\":\"https:\/\/www.iplay.com\/en\/shop\/\"},{\"@type\":\"ListItem\",\"position\":3,\"name\":\"Vacation Adventures: Park Ranger\"}]},{\"@type\":\"WebSite\",\"@id\":\"https:\/\/www.iplay.com\/en\/#website\",\"url\":\"https:\/\/www.iplay.com\/en\/\",\"name\":\"IPlay\",\"description\":\"The Best Casual Games!\",\"publisher\":{\"@id\":\"https:\/\/www.iplay.com\/en\/#organization\"},\"potentialAction\":[{\"@type\":\"SearchAction\",\"target\":{\"@type\":\"EntryPoint\",\"urlTemplate\":\"https:\/\/www.iplay.com\/en\/?s={search_term_string}\"},\"query-input\":{\"@type\":\"PropertyValueSpecification\",\"valueRequired\":true,\"valueName\":\"search_term_string\"}}],\"inLanguage\":\"fr-FR\"},{\"@type\":\"Organization\",\"@id\":\"https:\/\/www.iplay.com\/en\/#organization\",\"name\":\"IPlay\",\"url\":\"https:\/\/www.iplay.com\/en\/\",\"logo\":{\"@type\":\"ImageObject\",\"inLanguage\":\"fr-FR\",\"@id\":\"https:\/\/www.iplay.com\/en\/#\/schema\/logo\/image\/\",\"url\":\"https:\/\/www.iplay.com\/wp-content\/uploads\/2023\/11\/Group-6100.svg\",\"contentUrl\":\"https:\/\/www.iplay.com\/wp-content\/uploads\/2023\/11\/Group-6100.svg\",\"width\":98,\"height\":25,\"caption\":\"IPlay\"},\"image\":{\"@id\":\"https:\/\/www.iplay.com\/en\/#\/schema\/logo\/image\/\"}}]}<\/script>\n<!-- \/ Yoast SEO Premium plugin. -->","yoast_head_json":{"title":"Vacation Adventures\u00a0: Park Ranger - Embarquez dans une belle aventure d\u2019objets cach\u00e9s en plein air","description":"Une exp\u00e9rience d\u2019objets cach\u00e9s \u00e0 couper le souffle en plein air avec Vacation Adventures&nbsp;: Park Ranger !","robots":{"index":"index","follow":"follow","max-snippet":"max-snippet:-1","max-image-preview":"max-image-preview:large","max-video-preview":"max-video-preview:-1"},"canonical":"https:\/\/www.iplay.com\/fr\/games\/vacation-adventures-park-ranger\/","og_locale":"fr_FR","og_type":"article","og_title":"Vacation Adventures: Park Ranger","og_description":"Une exp\u00e9rience d\u2019objets cach\u00e9s \u00e0 couper le souffle en plein air avec Vacation Adventures&nbsp;: Park Ranger !","og_url":"https:\/\/www.iplay.com\/fr\/games\/vacation-adventures-park-ranger\/","og_site_name":"IPlay","og_image":[{"width":310,"height":310,"url":"https:\/\/www.iplay.com\/wp-content\/uploads\/2023\/12\/large_square_tile_image-637.jpg","type":"image\/jpeg"}],"twitter_card":"summary_large_image","twitter_misc":{"Dur\u00e9e de lecture estim\u00e9e":"1 minute"},"schema":{"@context":"https:\/\/schema.org","@graph":[{"@type":"WebPage","@id":"https:\/\/www.iplay.com\/fr\/games\/vacation-adventures-park-ranger\/","url":"https:\/\/www.iplay.com\/fr\/games\/vacation-adventures-park-ranger\/","name":"Vacation Adventures\u00a0: Park Ranger - Embarquez dans une belle aventure d\u2019objets cach\u00e9s en plein air","isPartOf":{"@id":"https:\/\/www.iplay.com\/en\/#website"},"primaryImageOfPage":{"@id":"https:\/\/www.iplay.com\/fr\/games\/vacation-adventures-park-ranger\/#primaryimage"},"image":{"@id":"https:\/\/www.iplay.com\/fr\/games\/vacation-adventures-park-ranger\/#primaryimage"},"thumbnailUrl":"https:\/\/www.iplay.com\/wp-content\/uploads\/2023\/12\/large_square_tile_image-637.jpg","datePublished":"2013-08-18T00:00:00+00:00","description":"Une exp\u00e9rience d\u2019objets cach\u00e9s \u00e0 couper le souffle en plein air avec Vacation Adventures&nbsp;: Park Ranger !","breadcrumb":{"@id":"https:\/\/www.iplay.com\/fr\/games\/vacation-adventures-park-ranger\/#breadcrumb"},"inLanguage":"fr-FR","potentialAction":[{"@type":"ReadAction","target":["https:\/\/www.iplay.com\/fr\/games\/vacation-adventures-park-ranger\/"]}]},{"@type":"ImageObject","inLanguage":"fr-FR","@id":"https:\/\/www.iplay.com\/fr\/games\/vacation-adventures-park-ranger\/#primaryimage","url":"https:\/\/www.iplay.com\/wp-content\/uploads\/2023\/12\/large_square_tile_image-637.jpg","contentUrl":"https:\/\/www.iplay.com\/wp-content\/uploads\/2023\/12\/large_square_tile_image-637.jpg","width":310,"height":310},{"@type":"BreadcrumbList","@id":"https:\/\/www.iplay.com\/fr\/games\/vacation-adventures-park-ranger\/#breadcrumb","itemListElement":[{"@type":"ListItem","position":1,"name":"Home","item":"https:\/\/www.iplay.com\/fr\/home-page-2\/"},{"@type":"ListItem","position":2,"name":"Shop","item":"https:\/\/www.iplay.com\/en\/shop\/"},{"@type":"ListItem","position":3,"name":"Vacation Adventures: Park Ranger"}]},{"@type":"WebSite","@id":"https:\/\/www.iplay.com\/en\/#website","url":"https:\/\/www.iplay.com\/en\/","name":"IPlay","description":"The Best Casual Games!","publisher":{"@id":"https:\/\/www.iplay.com\/en\/#organization"},"potentialAction":[{"@type":"SearchAction","target":{"@type":"EntryPoint","urlTemplate":"https:\/\/www.iplay.com\/en\/?s={search_term_string}"},"query-input":{"@type":"PropertyValueSpecification","valueRequired":true,"valueName":"search_term_string"}}],"inLanguage":"fr-FR"},{"@type":"Organization","@id":"https:\/\/www.iplay.com\/en\/#organization","name":"IPlay","url":"https:\/\/www.iplay.com\/en\/","logo":{"@type":"ImageObject","inLanguage":"fr-FR","@id":"https:\/\/www.iplay.com\/en\/#\/schema\/logo\/image\/","url":"https:\/\/www.iplay.com\/wp-content\/uploads\/2023\/11\/Group-6100.svg","contentUrl":"https:\/\/www.iplay.com\/wp-content\/uploads\/2023\/11\/Group-6100.svg","width":98,"height":25,"caption":"IPlay"},"image":{"@id":"https:\/\/www.iplay.com\/en\/#\/schema\/logo\/image\/"}}]}},"_links":{"self":[{"href":"https:\/\/www.iplay.com\/fr\/wp-json\/wp\/v2\/product\/139362","targetHints":{"allow":["GET"]}}],"collection":[{"href":"https:\/\/www.iplay.com\/fr\/wp-json\/wp\/v2\/product"}],"about":[{"href":"https:\/\/www.iplay.com\/fr\/wp-json\/wp\/v2\/types\/product"}],"author":[{"embeddable":true,"href":"https:\/\/www.iplay.com\/fr\/wp-json\/wp\/v2\/users\/37"}],"replies":[{"embeddable":true,"href":"https:\/\/www.iplay.com\/fr\/wp-json\/wp\/v2\/comments?post=139362"}],"wp:featuredmedia":[{"embeddable":true,"href":"https:\/\/www.iplay.com\/fr\/wp-json\/wp\/v2\/media\/50821"}],"wp:attachment":[{"href":"https:\/\/www.iplay.com\/fr\/wp-json\/wp\/v2\/media?parent=139362"}],"wp:term":[{"taxonomy":"product_brand","embeddable":true,"href":"https:\/\/www.iplay.com\/fr\/wp-json\/wp\/v2\/product_brand?post=139362"},{"taxonomy":"product_cat","embeddable":true,"href":"https:\/\/www.iplay.com\/fr\/wp-json\/wp\/v2\/product_cat?post=139362"},{"taxonomy":"product_tag","embeddable":true,"href":"https:\/\/www.iplay.com\/fr\/wp-json\/wp\/v2\/product_tag?post=139362"}],"curies":[{"name":"wp","href":"https:\/\/api.w.org\/{rel}","templated":true}]}}