{"id":139286,"date":"2020-02-03T00:00:00","date_gmt":"2020-02-03T00:00:00","guid":{"rendered":"https:\/\/www.iplay.com\/games\/lantern-of-worlds-the-story-of-layla\/"},"modified":"2020-02-03T00:00:00","modified_gmt":"2020-02-03T00:00:00","slug":"lantern-of-worlds-the-story-of-layla","status":"publish","type":"product","link":"https:\/\/www.iplay.com\/fr\/games\/lantern-of-worlds-the-story-of-layla\/","title":{"rendered":"Lantern of Worlds &#8211; The Story of Layla"},"content":{"rendered":"<p>Apr\u00e8s avoir \u00e9t\u00e9 enlev\u00e9, vous \u00eates emmen\u00e9 sur une \u00eele aride o\u00f9 vous devez passer le reste de vos jours \u00e0 r\u00e9fl\u00e9chir \u00e0 vos transgressions. Mais sur l\u2019\u00eele elle-m\u00eame, d\u2019\u00e9normes \u00e9v\u00e9nements se d\u00e9veloppent, dont vous deviendrez un \u00e9l\u00e9ment crucial. <\/p>\n<p>&nbsp;<\/p>\n<p>&nbsp;<\/p>\n<p><strong>Fonctionnalit\u00e9s:<\/strong><\/p>\n<p>&nbsp;<\/p>\n<p>&#8211; Rejoignez Layla dans un grand voyage de cape et d\u2019\u00e9p\u00e9e, de pirates et de magie des plus inf\u00e2mes<br \/>\n &#8211; Combattez et battez des adversaires terribles et des monstres effrayants !<\/p>\n","protected":false},"excerpt":{"rendered":"<p>Entrez dans un royaume influenc\u00e9 par les histoires des 1001 nuits et la mythologie arabe.<\/p>\n","protected":false},"author":61,"featured_media":83724,"comment_status":"open","ping_status":"closed","template":"","meta":{"_acf_changed":false,"inline_featured_image":false},"product_brand":[],"product_cat":[148],"product_tag":[287],"class_list":{"0":"post-139286","1":"product","2":"type-product","3":"status-publish","4":"has-post-thumbnail","6":"product_cat-adventure-fr","7":"product_tag-play-on-pc-fr","9":"first","10":"instock","11":"shipping-taxable","12":"purchasable","13":"product-type-simple"},"acf":[],"yoast_head":"<!-- This site is optimized with the Yoast SEO Premium plugin v25.2 (Yoast SEO v25.2) - https:\/\/yoast.com\/wordpress\/plugins\/seo\/ -->\n<title>Lanterne des mondes - L\u2019histoire de Layla - Explorez le monde d\u2019inspiration arabe dans un voyage de 1001 nuits<\/title>\n<meta name=\"description\" content=\"Entrez dans un royaume influenc\u00e9 par les histoires des 1001 nuits et la mythologie arabe.\" \/>\n<meta name=\"robots\" content=\"index, follow, max-snippet:-1, max-image-preview:large, max-video-preview:-1\" \/>\n<link rel=\"canonical\" href=\"https:\/\/www.iplay.com\/fr\/games\/lantern-of-worlds-the-story-of-layla\/\" \/>\n<meta property=\"og:locale\" content=\"fr_FR\" \/>\n<meta property=\"og:type\" content=\"article\" \/>\n<meta property=\"og:title\" content=\"Lantern of Worlds - The Story of Layla\" \/>\n<meta property=\"og:description\" content=\"Entrez dans un royaume influenc\u00e9 par les histoires des 1001 nuits et la mythologie arabe.\" \/>\n<meta property=\"og:url\" content=\"https:\/\/www.iplay.com\/fr\/games\/lantern-of-worlds-the-story-of-layla\/\" \/>\n<meta property=\"og:site_name\" content=\"IPlay\" \/>\n<meta property=\"og:image\" content=\"https:\/\/www.iplay.com\/wp-content\/uploads\/2023\/12\/large_square_tile_image-2742.jpg\" \/>\n\t<meta property=\"og:image:width\" content=\"310\" \/>\n\t<meta property=\"og:image:height\" content=\"310\" \/>\n\t<meta property=\"og:image:type\" content=\"image\/jpeg\" \/>\n<meta name=\"twitter:card\" content=\"summary_large_image\" \/>\n<script type=\"application\/ld+json\" class=\"yoast-schema-graph\">{\"@context\":\"https:\/\/schema.org\",\"@graph\":[{\"@type\":\"WebPage\",\"@id\":\"https:\/\/www.iplay.com\/fr\/games\/lantern-of-worlds-the-story-of-layla\/\",\"url\":\"https:\/\/www.iplay.com\/fr\/games\/lantern-of-worlds-the-story-of-layla\/\",\"name\":\"Lanterne des mondes - L\u2019histoire de Layla - Explorez le monde d\u2019inspiration arabe dans un voyage de 1001 nuits\",\"isPartOf\":{\"@id\":\"https:\/\/www.iplay.com\/en\/#website\"},\"primaryImageOfPage\":{\"@id\":\"https:\/\/www.iplay.com\/fr\/games\/lantern-of-worlds-the-story-of-layla\/#primaryimage\"},\"image\":{\"@id\":\"https:\/\/www.iplay.com\/fr\/games\/lantern-of-worlds-the-story-of-layla\/#primaryimage\"},\"thumbnailUrl\":\"https:\/\/www.iplay.com\/wp-content\/uploads\/2023\/12\/large_square_tile_image-2742.jpg\",\"datePublished\":\"2020-02-03T00:00:00+00:00\",\"description\":\"Entrez dans un royaume influenc\u00e9 par les histoires des 1001 nuits et la mythologie arabe.\",\"breadcrumb\":{\"@id\":\"https:\/\/www.iplay.com\/fr\/games\/lantern-of-worlds-the-story-of-layla\/#breadcrumb\"},\"inLanguage\":\"fr-FR\",\"potentialAction\":[{\"@type\":\"ReadAction\",\"target\":[\"https:\/\/www.iplay.com\/fr\/games\/lantern-of-worlds-the-story-of-layla\/\"]}]},{\"@type\":\"ImageObject\",\"inLanguage\":\"fr-FR\",\"@id\":\"https:\/\/www.iplay.com\/fr\/games\/lantern-of-worlds-the-story-of-layla\/#primaryimage\",\"url\":\"https:\/\/www.iplay.com\/wp-content\/uploads\/2023\/12\/large_square_tile_image-2742.jpg\",\"contentUrl\":\"https:\/\/www.iplay.com\/wp-content\/uploads\/2023\/12\/large_square_tile_image-2742.jpg\",\"width\":310,\"height\":310},{\"@type\":\"BreadcrumbList\",\"@id\":\"https:\/\/www.iplay.com\/fr\/games\/lantern-of-worlds-the-story-of-layla\/#breadcrumb\",\"itemListElement\":[{\"@type\":\"ListItem\",\"position\":1,\"name\":\"Home\",\"item\":\"https:\/\/www.iplay.com\/fr\/home-page-2\/\"},{\"@type\":\"ListItem\",\"position\":2,\"name\":\"Shop\",\"item\":\"https:\/\/www.iplay.com\/en\/shop\/\"},{\"@type\":\"ListItem\",\"position\":3,\"name\":\"Lantern of Worlds &#8211; The Story of Layla\"}]},{\"@type\":\"WebSite\",\"@id\":\"https:\/\/www.iplay.com\/en\/#website\",\"url\":\"https:\/\/www.iplay.com\/en\/\",\"name\":\"IPlay\",\"description\":\"The Best Casual Games!\",\"publisher\":{\"@id\":\"https:\/\/www.iplay.com\/en\/#organization\"},\"potentialAction\":[{\"@type\":\"SearchAction\",\"target\":{\"@type\":\"EntryPoint\",\"urlTemplate\":\"https:\/\/www.iplay.com\/en\/?s={search_term_string}\"},\"query-input\":{\"@type\":\"PropertyValueSpecification\",\"valueRequired\":true,\"valueName\":\"search_term_string\"}}],\"inLanguage\":\"fr-FR\"},{\"@type\":\"Organization\",\"@id\":\"https:\/\/www.iplay.com\/en\/#organization\",\"name\":\"IPlay\",\"url\":\"https:\/\/www.iplay.com\/en\/\",\"logo\":{\"@type\":\"ImageObject\",\"inLanguage\":\"fr-FR\",\"@id\":\"https:\/\/www.iplay.com\/en\/#\/schema\/logo\/image\/\",\"url\":\"https:\/\/www.iplay.com\/wp-content\/uploads\/2023\/11\/Group-6100.svg\",\"contentUrl\":\"https:\/\/www.iplay.com\/wp-content\/uploads\/2023\/11\/Group-6100.svg\",\"width\":98,\"height\":25,\"caption\":\"IPlay\"},\"image\":{\"@id\":\"https:\/\/www.iplay.com\/en\/#\/schema\/logo\/image\/\"}}]}<\/script>\n<!-- \/ Yoast SEO Premium plugin. -->","yoast_head_json":{"title":"Lanterne des mondes - L\u2019histoire de Layla - Explorez le monde d\u2019inspiration arabe dans un voyage de 1001 nuits","description":"Entrez dans un royaume influenc\u00e9 par les histoires des 1001 nuits et la mythologie arabe.","robots":{"index":"index","follow":"follow","max-snippet":"max-snippet:-1","max-image-preview":"max-image-preview:large","max-video-preview":"max-video-preview:-1"},"canonical":"https:\/\/www.iplay.com\/fr\/games\/lantern-of-worlds-the-story-of-layla\/","og_locale":"fr_FR","og_type":"article","og_title":"Lantern of Worlds - The Story of Layla","og_description":"Entrez dans un royaume influenc\u00e9 par les histoires des 1001 nuits et la mythologie arabe.","og_url":"https:\/\/www.iplay.com\/fr\/games\/lantern-of-worlds-the-story-of-layla\/","og_site_name":"IPlay","og_image":[{"width":310,"height":310,"url":"https:\/\/www.iplay.com\/wp-content\/uploads\/2023\/12\/large_square_tile_image-2742.jpg","type":"image\/jpeg"}],"twitter_card":"summary_large_image","schema":{"@context":"https:\/\/schema.org","@graph":[{"@type":"WebPage","@id":"https:\/\/www.iplay.com\/fr\/games\/lantern-of-worlds-the-story-of-layla\/","url":"https:\/\/www.iplay.com\/fr\/games\/lantern-of-worlds-the-story-of-layla\/","name":"Lanterne des mondes - L\u2019histoire de Layla - Explorez le monde d\u2019inspiration arabe dans un voyage de 1001 nuits","isPartOf":{"@id":"https:\/\/www.iplay.com\/en\/#website"},"primaryImageOfPage":{"@id":"https:\/\/www.iplay.com\/fr\/games\/lantern-of-worlds-the-story-of-layla\/#primaryimage"},"image":{"@id":"https:\/\/www.iplay.com\/fr\/games\/lantern-of-worlds-the-story-of-layla\/#primaryimage"},"thumbnailUrl":"https:\/\/www.iplay.com\/wp-content\/uploads\/2023\/12\/large_square_tile_image-2742.jpg","datePublished":"2020-02-03T00:00:00+00:00","description":"Entrez dans un royaume influenc\u00e9 par les histoires des 1001 nuits et la mythologie arabe.","breadcrumb":{"@id":"https:\/\/www.iplay.com\/fr\/games\/lantern-of-worlds-the-story-of-layla\/#breadcrumb"},"inLanguage":"fr-FR","potentialAction":[{"@type":"ReadAction","target":["https:\/\/www.iplay.com\/fr\/games\/lantern-of-worlds-the-story-of-layla\/"]}]},{"@type":"ImageObject","inLanguage":"fr-FR","@id":"https:\/\/www.iplay.com\/fr\/games\/lantern-of-worlds-the-story-of-layla\/#primaryimage","url":"https:\/\/www.iplay.com\/wp-content\/uploads\/2023\/12\/large_square_tile_image-2742.jpg","contentUrl":"https:\/\/www.iplay.com\/wp-content\/uploads\/2023\/12\/large_square_tile_image-2742.jpg","width":310,"height":310},{"@type":"BreadcrumbList","@id":"https:\/\/www.iplay.com\/fr\/games\/lantern-of-worlds-the-story-of-layla\/#breadcrumb","itemListElement":[{"@type":"ListItem","position":1,"name":"Home","item":"https:\/\/www.iplay.com\/fr\/home-page-2\/"},{"@type":"ListItem","position":2,"name":"Shop","item":"https:\/\/www.iplay.com\/en\/shop\/"},{"@type":"ListItem","position":3,"name":"Lantern of Worlds &#8211; The Story of Layla"}]},{"@type":"WebSite","@id":"https:\/\/www.iplay.com\/en\/#website","url":"https:\/\/www.iplay.com\/en\/","name":"IPlay","description":"The Best Casual Games!","publisher":{"@id":"https:\/\/www.iplay.com\/en\/#organization"},"potentialAction":[{"@type":"SearchAction","target":{"@type":"EntryPoint","urlTemplate":"https:\/\/www.iplay.com\/en\/?s={search_term_string}"},"query-input":{"@type":"PropertyValueSpecification","valueRequired":true,"valueName":"search_term_string"}}],"inLanguage":"fr-FR"},{"@type":"Organization","@id":"https:\/\/www.iplay.com\/en\/#organization","name":"IPlay","url":"https:\/\/www.iplay.com\/en\/","logo":{"@type":"ImageObject","inLanguage":"fr-FR","@id":"https:\/\/www.iplay.com\/en\/#\/schema\/logo\/image\/","url":"https:\/\/www.iplay.com\/wp-content\/uploads\/2023\/11\/Group-6100.svg","contentUrl":"https:\/\/www.iplay.com\/wp-content\/uploads\/2023\/11\/Group-6100.svg","width":98,"height":25,"caption":"IPlay"},"image":{"@id":"https:\/\/www.iplay.com\/en\/#\/schema\/logo\/image\/"}}]}},"_links":{"self":[{"href":"https:\/\/www.iplay.com\/fr\/wp-json\/wp\/v2\/product\/139286","targetHints":{"allow":["GET"]}}],"collection":[{"href":"https:\/\/www.iplay.com\/fr\/wp-json\/wp\/v2\/product"}],"about":[{"href":"https:\/\/www.iplay.com\/fr\/wp-json\/wp\/v2\/types\/product"}],"author":[{"embeddable":true,"href":"https:\/\/www.iplay.com\/fr\/wp-json\/wp\/v2\/users\/61"}],"replies":[{"embeddable":true,"href":"https:\/\/www.iplay.com\/fr\/wp-json\/wp\/v2\/comments?post=139286"}],"wp:featuredmedia":[{"embeddable":true,"href":"https:\/\/www.iplay.com\/fr\/wp-json\/wp\/v2\/media\/83724"}],"wp:attachment":[{"href":"https:\/\/www.iplay.com\/fr\/wp-json\/wp\/v2\/media?parent=139286"}],"wp:term":[{"taxonomy":"product_brand","embeddable":true,"href":"https:\/\/www.iplay.com\/fr\/wp-json\/wp\/v2\/product_brand?post=139286"},{"taxonomy":"product_cat","embeddable":true,"href":"https:\/\/www.iplay.com\/fr\/wp-json\/wp\/v2\/product_cat?post=139286"},{"taxonomy":"product_tag","embeddable":true,"href":"https:\/\/www.iplay.com\/fr\/wp-json\/wp\/v2\/product_tag?post=139286"}],"curies":[{"name":"wp","href":"https:\/\/api.w.org\/{rel}","templated":true}]}}