{"id":139206,"date":"2020-08-12T00:00:00","date_gmt":"2020-08-12T00:00:00","guid":{"rendered":"https:\/\/www.iplay.com\/games\/jewel-match-origins-palais-imperial-collectors-edition\/"},"modified":"2020-08-12T00:00:00","modified_gmt":"2020-08-12T00:00:00","slug":"jewel-match-origins-palais-imperial-collectors-edition","status":"publish","type":"product","link":"https:\/\/www.iplay.com\/fr\/games\/jewel-match-origins-palais-imperial-collectors-edition\/","title":{"rendered":"Jewel Match Origins: Palais Imperial Collector&#8217;s Edition"},"content":{"rendered":"<p>Dans ce majestueux jeu de match-3, voyagez dans le temps pour go\u00fbter \u00e0 la merveilleuse \u00e9poque baroque ! Jouez \u00e0 travers de vastes niveaux de jeu et rassemblez une incroyable vari\u00e9t\u00e9 de richesses pour aider le jeune Daniel van Arras, un constructeur en herbe, \u00e0 cr\u00e9er un magnifique manoir pour le souverain fran\u00e7ais dont on se souviendra pendant des g\u00e9n\u00e9rations. Pour obtenir plus de ressources, participez \u00e0 des mini-jeux bonus qui incluent des puzzles et des s\u00e9quences d\u2019objets cach\u00e9s. Venez voir la pl\u00e9thore de marchandises qui peuvent \u00eatre achet\u00e9es pour aider Daniel \u00e0 atteindre son noble objectif de terminer le magnifique palais et de devenir l\u2019architecte royal officiel ! 180 niveaux massifs \u00e0 explorer !    <\/p>\n<p>&nbsp;<\/p>\n<p>&nbsp;<\/p>\n<p><strong>Fonctionnalit\u00e9s:<\/strong><\/p>\n<p>&nbsp;<\/p>\n<p>&#8211; Nouvelles fonctionnalit\u00e9s de jeu avec 60 niveaux bonus !<br \/>\n&#8211; Trois modes de jeu distincts : mouvements restreints, relaxant et chronom\u00e9tr\u00e9 !<br \/>\n&#8211; Deux niveaux de difficult\u00e9 sont disponibles : normal et avanc\u00e9.<br \/>\n&#8211; Construire un magnifique palais et ses maisons d\u2019h\u00f4tes.<br \/>\n&#8211; Achetez de nombreuses am\u00e9liorations et boosts dans la boutique.<br \/>\n&#8211; Des mini-jeux rejouables, tels que des s\u00e9quences d\u2019objets cach\u00e9s et des puzzles, sont disponibles.<\/p>\n<p>&#8211; De magnifiques rev\u00eatements muraux.<br \/>\n&#8211; Une partition musicale relaxante.<\/p>\n","protected":false},"excerpt":{"rendered":"<p>Dans ce jeu de match-3, vous aiderez l\u2019architecte en herbe Daniel \u00e0 cr\u00e9er un palais majestueux !<\/p>\n","protected":false},"author":20,"featured_media":89588,"comment_status":"open","ping_status":"closed","template":"","meta":{"_acf_changed":false,"inline_featured_image":false},"product_brand":[],"product_cat":[193],"product_tag":[],"class_list":{"0":"post-139206","1":"product","2":"type-product","3":"status-publish","4":"has-post-thumbnail","6":"product_cat-puzzle-fr","8":"first","9":"instock","10":"shipping-taxable","11":"purchasable","12":"product-type-simple"},"acf":[],"yoast_head":"<!-- This site is optimized with the Yoast SEO Premium plugin v25.2 (Yoast SEO v25.2) - https:\/\/yoast.com\/wordpress\/plugins\/seo\/ -->\n<title>Jewel Match Origins\u00a0: Palais Imperial Edition Collector - Aidez Daniel \u00e0 construire un palais majestueux dans cette aventure de match-3<\/title>\n<meta name=\"description\" content=\"Dans ce jeu de match-3, vous aiderez l\u2019architecte en herbe Daniel \u00e0 cr\u00e9er un palais majestueux !\" \/>\n<meta name=\"robots\" content=\"index, follow, max-snippet:-1, max-image-preview:large, max-video-preview:-1\" \/>\n<link rel=\"canonical\" href=\"https:\/\/www.iplay.com\/fr\/games\/jewel-match-origins-palais-imperial-collectors-edition\/\" \/>\n<meta property=\"og:locale\" content=\"fr_FR\" \/>\n<meta property=\"og:type\" content=\"article\" \/>\n<meta property=\"og:title\" content=\"Jewel Match Origins: Palais Imperial Collector&#039;s Edition\" \/>\n<meta property=\"og:description\" content=\"Dans ce jeu de match-3, vous aiderez l\u2019architecte en herbe Daniel \u00e0 cr\u00e9er un palais majestueux !\" \/>\n<meta property=\"og:url\" content=\"https:\/\/www.iplay.com\/fr\/games\/jewel-match-origins-palais-imperial-collectors-edition\/\" \/>\n<meta property=\"og:site_name\" content=\"IPlay\" \/>\n<meta property=\"og:image\" content=\"https:\/\/www.iplay.com\/wp-content\/uploads\/2023\/12\/large_square_tile_image-3111.jpg\" \/>\n\t<meta property=\"og:image:width\" content=\"310\" \/>\n\t<meta property=\"og:image:height\" content=\"310\" \/>\n\t<meta property=\"og:image:type\" content=\"image\/jpeg\" \/>\n<meta name=\"twitter:card\" content=\"summary_large_image\" \/>\n<meta name=\"twitter:label1\" content=\"Dur\u00e9e de lecture estim\u00e9e\" \/>\n\t<meta name=\"twitter:data1\" content=\"1 minute\" \/>\n<script type=\"application\/ld+json\" class=\"yoast-schema-graph\">{\"@context\":\"https:\/\/schema.org\",\"@graph\":[{\"@type\":\"WebPage\",\"@id\":\"https:\/\/www.iplay.com\/fr\/games\/jewel-match-origins-palais-imperial-collectors-edition\/\",\"url\":\"https:\/\/www.iplay.com\/fr\/games\/jewel-match-origins-palais-imperial-collectors-edition\/\",\"name\":\"Jewel Match Origins\u00a0: Palais Imperial Edition Collector - Aidez Daniel \u00e0 construire un palais majestueux dans cette aventure de match-3\",\"isPartOf\":{\"@id\":\"https:\/\/www.iplay.com\/en\/#website\"},\"primaryImageOfPage\":{\"@id\":\"https:\/\/www.iplay.com\/fr\/games\/jewel-match-origins-palais-imperial-collectors-edition\/#primaryimage\"},\"image\":{\"@id\":\"https:\/\/www.iplay.com\/fr\/games\/jewel-match-origins-palais-imperial-collectors-edition\/#primaryimage\"},\"thumbnailUrl\":\"https:\/\/www.iplay.com\/wp-content\/uploads\/2023\/12\/large_square_tile_image-3111.jpg\",\"datePublished\":\"2020-08-12T00:00:00+00:00\",\"description\":\"Dans ce jeu de match-3, vous aiderez l\u2019architecte en herbe Daniel \u00e0 cr\u00e9er un palais majestueux !\",\"breadcrumb\":{\"@id\":\"https:\/\/www.iplay.com\/fr\/games\/jewel-match-origins-palais-imperial-collectors-edition\/#breadcrumb\"},\"inLanguage\":\"fr-FR\",\"potentialAction\":[{\"@type\":\"ReadAction\",\"target\":[\"https:\/\/www.iplay.com\/fr\/games\/jewel-match-origins-palais-imperial-collectors-edition\/\"]}]},{\"@type\":\"ImageObject\",\"inLanguage\":\"fr-FR\",\"@id\":\"https:\/\/www.iplay.com\/fr\/games\/jewel-match-origins-palais-imperial-collectors-edition\/#primaryimage\",\"url\":\"https:\/\/www.iplay.com\/wp-content\/uploads\/2023\/12\/large_square_tile_image-3111.jpg\",\"contentUrl\":\"https:\/\/www.iplay.com\/wp-content\/uploads\/2023\/12\/large_square_tile_image-3111.jpg\",\"width\":310,\"height\":310},{\"@type\":\"BreadcrumbList\",\"@id\":\"https:\/\/www.iplay.com\/fr\/games\/jewel-match-origins-palais-imperial-collectors-edition\/#breadcrumb\",\"itemListElement\":[{\"@type\":\"ListItem\",\"position\":1,\"name\":\"Home\",\"item\":\"https:\/\/www.iplay.com\/fr\/home-page-2\/\"},{\"@type\":\"ListItem\",\"position\":2,\"name\":\"Shop\",\"item\":\"https:\/\/www.iplay.com\/en\/shop\/\"},{\"@type\":\"ListItem\",\"position\":3,\"name\":\"Jewel Match Origins: Palais Imperial Collector&#8217;s Edition\"}]},{\"@type\":\"WebSite\",\"@id\":\"https:\/\/www.iplay.com\/en\/#website\",\"url\":\"https:\/\/www.iplay.com\/en\/\",\"name\":\"IPlay\",\"description\":\"The Best Casual Games!\",\"publisher\":{\"@id\":\"https:\/\/www.iplay.com\/en\/#organization\"},\"potentialAction\":[{\"@type\":\"SearchAction\",\"target\":{\"@type\":\"EntryPoint\",\"urlTemplate\":\"https:\/\/www.iplay.com\/en\/?s={search_term_string}\"},\"query-input\":{\"@type\":\"PropertyValueSpecification\",\"valueRequired\":true,\"valueName\":\"search_term_string\"}}],\"inLanguage\":\"fr-FR\"},{\"@type\":\"Organization\",\"@id\":\"https:\/\/www.iplay.com\/en\/#organization\",\"name\":\"IPlay\",\"url\":\"https:\/\/www.iplay.com\/en\/\",\"logo\":{\"@type\":\"ImageObject\",\"inLanguage\":\"fr-FR\",\"@id\":\"https:\/\/www.iplay.com\/en\/#\/schema\/logo\/image\/\",\"url\":\"https:\/\/www.iplay.com\/wp-content\/uploads\/2023\/11\/Group-6100.svg\",\"contentUrl\":\"https:\/\/www.iplay.com\/wp-content\/uploads\/2023\/11\/Group-6100.svg\",\"width\":98,\"height\":25,\"caption\":\"IPlay\"},\"image\":{\"@id\":\"https:\/\/www.iplay.com\/en\/#\/schema\/logo\/image\/\"}}]}<\/script>\n<!-- \/ Yoast SEO Premium plugin. -->","yoast_head_json":{"title":"Jewel Match Origins\u00a0: Palais Imperial Edition Collector - Aidez Daniel \u00e0 construire un palais majestueux dans cette aventure de match-3","description":"Dans ce jeu de match-3, vous aiderez l\u2019architecte en herbe Daniel \u00e0 cr\u00e9er un palais majestueux !","robots":{"index":"index","follow":"follow","max-snippet":"max-snippet:-1","max-image-preview":"max-image-preview:large","max-video-preview":"max-video-preview:-1"},"canonical":"https:\/\/www.iplay.com\/fr\/games\/jewel-match-origins-palais-imperial-collectors-edition\/","og_locale":"fr_FR","og_type":"article","og_title":"Jewel Match Origins: Palais Imperial Collector's Edition","og_description":"Dans ce jeu de match-3, vous aiderez l\u2019architecte en herbe Daniel \u00e0 cr\u00e9er un palais majestueux !","og_url":"https:\/\/www.iplay.com\/fr\/games\/jewel-match-origins-palais-imperial-collectors-edition\/","og_site_name":"IPlay","og_image":[{"width":310,"height":310,"url":"https:\/\/www.iplay.com\/wp-content\/uploads\/2023\/12\/large_square_tile_image-3111.jpg","type":"image\/jpeg"}],"twitter_card":"summary_large_image","twitter_misc":{"Dur\u00e9e de lecture estim\u00e9e":"1 minute"},"schema":{"@context":"https:\/\/schema.org","@graph":[{"@type":"WebPage","@id":"https:\/\/www.iplay.com\/fr\/games\/jewel-match-origins-palais-imperial-collectors-edition\/","url":"https:\/\/www.iplay.com\/fr\/games\/jewel-match-origins-palais-imperial-collectors-edition\/","name":"Jewel Match Origins\u00a0: Palais Imperial Edition Collector - Aidez Daniel \u00e0 construire un palais majestueux dans cette aventure de match-3","isPartOf":{"@id":"https:\/\/www.iplay.com\/en\/#website"},"primaryImageOfPage":{"@id":"https:\/\/www.iplay.com\/fr\/games\/jewel-match-origins-palais-imperial-collectors-edition\/#primaryimage"},"image":{"@id":"https:\/\/www.iplay.com\/fr\/games\/jewel-match-origins-palais-imperial-collectors-edition\/#primaryimage"},"thumbnailUrl":"https:\/\/www.iplay.com\/wp-content\/uploads\/2023\/12\/large_square_tile_image-3111.jpg","datePublished":"2020-08-12T00:00:00+00:00","description":"Dans ce jeu de match-3, vous aiderez l\u2019architecte en herbe Daniel \u00e0 cr\u00e9er un palais majestueux !","breadcrumb":{"@id":"https:\/\/www.iplay.com\/fr\/games\/jewel-match-origins-palais-imperial-collectors-edition\/#breadcrumb"},"inLanguage":"fr-FR","potentialAction":[{"@type":"ReadAction","target":["https:\/\/www.iplay.com\/fr\/games\/jewel-match-origins-palais-imperial-collectors-edition\/"]}]},{"@type":"ImageObject","inLanguage":"fr-FR","@id":"https:\/\/www.iplay.com\/fr\/games\/jewel-match-origins-palais-imperial-collectors-edition\/#primaryimage","url":"https:\/\/www.iplay.com\/wp-content\/uploads\/2023\/12\/large_square_tile_image-3111.jpg","contentUrl":"https:\/\/www.iplay.com\/wp-content\/uploads\/2023\/12\/large_square_tile_image-3111.jpg","width":310,"height":310},{"@type":"BreadcrumbList","@id":"https:\/\/www.iplay.com\/fr\/games\/jewel-match-origins-palais-imperial-collectors-edition\/#breadcrumb","itemListElement":[{"@type":"ListItem","position":1,"name":"Home","item":"https:\/\/www.iplay.com\/fr\/home-page-2\/"},{"@type":"ListItem","position":2,"name":"Shop","item":"https:\/\/www.iplay.com\/en\/shop\/"},{"@type":"ListItem","position":3,"name":"Jewel Match Origins: Palais Imperial Collector&#8217;s Edition"}]},{"@type":"WebSite","@id":"https:\/\/www.iplay.com\/en\/#website","url":"https:\/\/www.iplay.com\/en\/","name":"IPlay","description":"The Best Casual Games!","publisher":{"@id":"https:\/\/www.iplay.com\/en\/#organization"},"potentialAction":[{"@type":"SearchAction","target":{"@type":"EntryPoint","urlTemplate":"https:\/\/www.iplay.com\/en\/?s={search_term_string}"},"query-input":{"@type":"PropertyValueSpecification","valueRequired":true,"valueName":"search_term_string"}}],"inLanguage":"fr-FR"},{"@type":"Organization","@id":"https:\/\/www.iplay.com\/en\/#organization","name":"IPlay","url":"https:\/\/www.iplay.com\/en\/","logo":{"@type":"ImageObject","inLanguage":"fr-FR","@id":"https:\/\/www.iplay.com\/en\/#\/schema\/logo\/image\/","url":"https:\/\/www.iplay.com\/wp-content\/uploads\/2023\/11\/Group-6100.svg","contentUrl":"https:\/\/www.iplay.com\/wp-content\/uploads\/2023\/11\/Group-6100.svg","width":98,"height":25,"caption":"IPlay"},"image":{"@id":"https:\/\/www.iplay.com\/en\/#\/schema\/logo\/image\/"}}]}},"_links":{"self":[{"href":"https:\/\/www.iplay.com\/fr\/wp-json\/wp\/v2\/product\/139206","targetHints":{"allow":["GET"]}}],"collection":[{"href":"https:\/\/www.iplay.com\/fr\/wp-json\/wp\/v2\/product"}],"about":[{"href":"https:\/\/www.iplay.com\/fr\/wp-json\/wp\/v2\/types\/product"}],"author":[{"embeddable":true,"href":"https:\/\/www.iplay.com\/fr\/wp-json\/wp\/v2\/users\/20"}],"replies":[{"embeddable":true,"href":"https:\/\/www.iplay.com\/fr\/wp-json\/wp\/v2\/comments?post=139206"}],"wp:featuredmedia":[{"embeddable":true,"href":"https:\/\/www.iplay.com\/fr\/wp-json\/wp\/v2\/media\/89588"}],"wp:attachment":[{"href":"https:\/\/www.iplay.com\/fr\/wp-json\/wp\/v2\/media?parent=139206"}],"wp:term":[{"taxonomy":"product_brand","embeddable":true,"href":"https:\/\/www.iplay.com\/fr\/wp-json\/wp\/v2\/product_brand?post=139206"},{"taxonomy":"product_cat","embeddable":true,"href":"https:\/\/www.iplay.com\/fr\/wp-json\/wp\/v2\/product_cat?post=139206"},{"taxonomy":"product_tag","embeddable":true,"href":"https:\/\/www.iplay.com\/fr\/wp-json\/wp\/v2\/product_tag?post=139206"}],"curies":[{"name":"wp","href":"https:\/\/api.w.org\/{rel}","templated":true}]}}