{"id":139196,"date":"2020-08-04T00:00:00","date_gmt":"2020-08-04T00:00:00","guid":{"rendered":"https:\/\/www.iplay.com\/games\/pillpop\/"},"modified":"2020-08-04T00:00:00","modified_gmt":"2020-08-04T00:00:00","slug":"pillpop","status":"publish","type":"product","link":"https:\/\/www.iplay.com\/fr\/games\/pillpop\/","title":{"rendered":"Pillpop"},"content":{"rendered":"<p>PillPop est un jeu de match 3 pop de style unique. Utilisez les pilules m\u00e9dicinales pour combattre les virus charmants et color\u00e9s et les faire exploser ! \u00c9liminez les virus en cliquant sur les pilules pour les d\u00e9truire. Vous ne pouvez cliquer que sur des groupes de 3 personnes et plus qui sont directement c\u00f4te \u00e0 c\u00f4te et qui contiennent au moins une pilule de la couleur du jeu. Le jeu contient \u00e9galement les modes de jeu pop habituels appel\u00e9s VirusPop, o\u00f9 vous faites correspondre les virus de la m\u00eame couleur ensemble. Il y a un mode Zen, pour un style de jeu relaxant et sans contrainte de temps. Jouez \u00e0 ce mode pour une exp\u00e9rience de jeu relaxante. Le mode Blitz est destin\u00e9 \u00e0 une partie rapide de seulement 2 minutes, o\u00f9 vous devez essayer de marquer autant de points que possible. Et enfin, le mode Survivre, commence par un niveau partiellement rempli. Le niveau commence alors lentement \u00e0 se remplir, et le jeu se terminera si le niveau est plein. Chaque mode peut \u00eatre jou\u00e9 sur 6 niveaux diff\u00e9rents, avec des tailles et des quantit\u00e9s diff\u00e9rentes de couleurs de virus.          <\/p>\n<p>&nbsp;<\/p>\n<p>&nbsp;<\/p>\n<p><strong>Fonctionnalit\u00e9s:<\/strong><\/p>\n<p>&nbsp;<\/p>\n<p>&#8211; 3 modes<br \/>\n de jeu- 2 types de jeu PillPop ou VirusPop<br \/>\n&#8211; Virus<br \/>\n anim\u00e9s mignons- Tailles de tableau 8&#215;8, 10&#215;10, 12&#215;12<br \/>\n&#8211; 24 r\u00e9alisations<br \/>\n&#8211; Statistiques<br \/>\n&#8211; Mode<br \/>\n daltonien- 10 chansons musicales agr\u00e9ables<br \/>\n&#8211; Activer\/d\u00e9sactiver les chansons dans l\u2019\u00e9diteur de liste de lecture<\/p>\n","protected":false},"excerpt":{"rendered":"<p>Utilisez les pilules m\u00e9dicinales pour combattre les virus charmants et color\u00e9s et les faire exploser ! Au sein de PillPop <\/p>\n","protected":false},"author":318,"featured_media":82530,"comment_status":"open","ping_status":"closed","template":"","meta":{"_acf_changed":false,"inline_featured_image":false},"product_brand":[],"product_cat":[202],"product_tag":[],"class_list":{"0":"post-139196","1":"product","2":"type-product","3":"status-publish","4":"has-post-thumbnail","6":"product_cat-removed-content-fr","8":"first","9":"instock","10":"shipping-taxable","11":"purchasable","12":"product-type-simple"},"acf":[],"yoast_head":"<!-- This site is optimized with the Yoast SEO Premium plugin v25.2 (Yoast SEO v25.2) - https:\/\/yoast.com\/wordpress\/plugins\/seo\/ -->\n<title>Pillpop - Combattez de mignons virus color\u00e9s avec des pilules m\u00e9dicales pour les faire \u00e9clater<\/title>\n<meta name=\"description\" content=\"Utilisez les pilules m\u00e9dicinales pour combattre les virus charmants et color\u00e9s et les faire exploser ! Au sein de PillPop\" \/>\n<meta name=\"robots\" content=\"index, follow, max-snippet:-1, max-image-preview:large, max-video-preview:-1\" \/>\n<link rel=\"canonical\" href=\"https:\/\/www.iplay.com\/fr\/games\/pillpop\/\" \/>\n<meta property=\"og:locale\" content=\"fr_FR\" \/>\n<meta property=\"og:type\" content=\"article\" \/>\n<meta property=\"og:title\" content=\"Pillpop\" \/>\n<meta property=\"og:description\" content=\"Utilisez les pilules m\u00e9dicinales pour combattre les virus charmants et color\u00e9s et les faire exploser ! Au sein de PillPop\" \/>\n<meta property=\"og:url\" content=\"https:\/\/www.iplay.com\/fr\/games\/pillpop\/\" \/>\n<meta property=\"og:site_name\" content=\"IPlay\" \/>\n<meta property=\"og:image\" content=\"https:\/\/www.iplay.com\/wp-content\/uploads\/2023\/12\/large_square_tile_image-2665.jpg\" \/>\n\t<meta property=\"og:image:width\" content=\"310\" \/>\n\t<meta property=\"og:image:height\" content=\"310\" \/>\n\t<meta property=\"og:image:type\" content=\"image\/jpeg\" \/>\n<meta name=\"twitter:card\" content=\"summary_large_image\" \/>\n<meta name=\"twitter:label1\" content=\"Dur\u00e9e de lecture estim\u00e9e\" \/>\n\t<meta name=\"twitter:data1\" content=\"1 minute\" \/>\n<script type=\"application\/ld+json\" class=\"yoast-schema-graph\">{\"@context\":\"https:\/\/schema.org\",\"@graph\":[{\"@type\":\"WebPage\",\"@id\":\"https:\/\/www.iplay.com\/fr\/games\/pillpop\/\",\"url\":\"https:\/\/www.iplay.com\/fr\/games\/pillpop\/\",\"name\":\"Pillpop - Combattez de mignons virus color\u00e9s avec des pilules m\u00e9dicales pour les faire \u00e9clater\",\"isPartOf\":{\"@id\":\"https:\/\/www.iplay.com\/en\/#website\"},\"primaryImageOfPage\":{\"@id\":\"https:\/\/www.iplay.com\/fr\/games\/pillpop\/#primaryimage\"},\"image\":{\"@id\":\"https:\/\/www.iplay.com\/fr\/games\/pillpop\/#primaryimage\"},\"thumbnailUrl\":\"https:\/\/www.iplay.com\/wp-content\/uploads\/2023\/12\/large_square_tile_image-2665.jpg\",\"datePublished\":\"2020-08-04T00:00:00+00:00\",\"description\":\"Utilisez les pilules m\u00e9dicinales pour combattre les virus charmants et color\u00e9s et les faire exploser ! Au sein de PillPop\",\"breadcrumb\":{\"@id\":\"https:\/\/www.iplay.com\/fr\/games\/pillpop\/#breadcrumb\"},\"inLanguage\":\"fr-FR\",\"potentialAction\":[{\"@type\":\"ReadAction\",\"target\":[\"https:\/\/www.iplay.com\/fr\/games\/pillpop\/\"]}]},{\"@type\":\"ImageObject\",\"inLanguage\":\"fr-FR\",\"@id\":\"https:\/\/www.iplay.com\/fr\/games\/pillpop\/#primaryimage\",\"url\":\"https:\/\/www.iplay.com\/wp-content\/uploads\/2023\/12\/large_square_tile_image-2665.jpg\",\"contentUrl\":\"https:\/\/www.iplay.com\/wp-content\/uploads\/2023\/12\/large_square_tile_image-2665.jpg\",\"width\":310,\"height\":310},{\"@type\":\"BreadcrumbList\",\"@id\":\"https:\/\/www.iplay.com\/fr\/games\/pillpop\/#breadcrumb\",\"itemListElement\":[{\"@type\":\"ListItem\",\"position\":1,\"name\":\"Home\",\"item\":\"https:\/\/www.iplay.com\/fr\/home-page-2\/\"},{\"@type\":\"ListItem\",\"position\":2,\"name\":\"Shop\",\"item\":\"https:\/\/www.iplay.com\/en\/shop\/\"},{\"@type\":\"ListItem\",\"position\":3,\"name\":\"Pillpop\"}]},{\"@type\":\"WebSite\",\"@id\":\"https:\/\/www.iplay.com\/en\/#website\",\"url\":\"https:\/\/www.iplay.com\/en\/\",\"name\":\"IPlay\",\"description\":\"The Best Casual Games!\",\"publisher\":{\"@id\":\"https:\/\/www.iplay.com\/en\/#organization\"},\"potentialAction\":[{\"@type\":\"SearchAction\",\"target\":{\"@type\":\"EntryPoint\",\"urlTemplate\":\"https:\/\/www.iplay.com\/en\/?s={search_term_string}\"},\"query-input\":{\"@type\":\"PropertyValueSpecification\",\"valueRequired\":true,\"valueName\":\"search_term_string\"}}],\"inLanguage\":\"fr-FR\"},{\"@type\":\"Organization\",\"@id\":\"https:\/\/www.iplay.com\/en\/#organization\",\"name\":\"IPlay\",\"url\":\"https:\/\/www.iplay.com\/en\/\",\"logo\":{\"@type\":\"ImageObject\",\"inLanguage\":\"fr-FR\",\"@id\":\"https:\/\/www.iplay.com\/en\/#\/schema\/logo\/image\/\",\"url\":\"https:\/\/www.iplay.com\/wp-content\/uploads\/2023\/11\/Group-6100.svg\",\"contentUrl\":\"https:\/\/www.iplay.com\/wp-content\/uploads\/2023\/11\/Group-6100.svg\",\"width\":98,\"height\":25,\"caption\":\"IPlay\"},\"image\":{\"@id\":\"https:\/\/www.iplay.com\/en\/#\/schema\/logo\/image\/\"}}]}<\/script>\n<!-- \/ Yoast SEO Premium plugin. -->","yoast_head_json":{"title":"Pillpop - Combattez de mignons virus color\u00e9s avec des pilules m\u00e9dicales pour les faire \u00e9clater","description":"Utilisez les pilules m\u00e9dicinales pour combattre les virus charmants et color\u00e9s et les faire exploser ! Au sein de PillPop","robots":{"index":"index","follow":"follow","max-snippet":"max-snippet:-1","max-image-preview":"max-image-preview:large","max-video-preview":"max-video-preview:-1"},"canonical":"https:\/\/www.iplay.com\/fr\/games\/pillpop\/","og_locale":"fr_FR","og_type":"article","og_title":"Pillpop","og_description":"Utilisez les pilules m\u00e9dicinales pour combattre les virus charmants et color\u00e9s et les faire exploser ! Au sein de PillPop","og_url":"https:\/\/www.iplay.com\/fr\/games\/pillpop\/","og_site_name":"IPlay","og_image":[{"width":310,"height":310,"url":"https:\/\/www.iplay.com\/wp-content\/uploads\/2023\/12\/large_square_tile_image-2665.jpg","type":"image\/jpeg"}],"twitter_card":"summary_large_image","twitter_misc":{"Dur\u00e9e de lecture estim\u00e9e":"1 minute"},"schema":{"@context":"https:\/\/schema.org","@graph":[{"@type":"WebPage","@id":"https:\/\/www.iplay.com\/fr\/games\/pillpop\/","url":"https:\/\/www.iplay.com\/fr\/games\/pillpop\/","name":"Pillpop - Combattez de mignons virus color\u00e9s avec des pilules m\u00e9dicales pour les faire \u00e9clater","isPartOf":{"@id":"https:\/\/www.iplay.com\/en\/#website"},"primaryImageOfPage":{"@id":"https:\/\/www.iplay.com\/fr\/games\/pillpop\/#primaryimage"},"image":{"@id":"https:\/\/www.iplay.com\/fr\/games\/pillpop\/#primaryimage"},"thumbnailUrl":"https:\/\/www.iplay.com\/wp-content\/uploads\/2023\/12\/large_square_tile_image-2665.jpg","datePublished":"2020-08-04T00:00:00+00:00","description":"Utilisez les pilules m\u00e9dicinales pour combattre les virus charmants et color\u00e9s et les faire exploser ! Au sein de PillPop","breadcrumb":{"@id":"https:\/\/www.iplay.com\/fr\/games\/pillpop\/#breadcrumb"},"inLanguage":"fr-FR","potentialAction":[{"@type":"ReadAction","target":["https:\/\/www.iplay.com\/fr\/games\/pillpop\/"]}]},{"@type":"ImageObject","inLanguage":"fr-FR","@id":"https:\/\/www.iplay.com\/fr\/games\/pillpop\/#primaryimage","url":"https:\/\/www.iplay.com\/wp-content\/uploads\/2023\/12\/large_square_tile_image-2665.jpg","contentUrl":"https:\/\/www.iplay.com\/wp-content\/uploads\/2023\/12\/large_square_tile_image-2665.jpg","width":310,"height":310},{"@type":"BreadcrumbList","@id":"https:\/\/www.iplay.com\/fr\/games\/pillpop\/#breadcrumb","itemListElement":[{"@type":"ListItem","position":1,"name":"Home","item":"https:\/\/www.iplay.com\/fr\/home-page-2\/"},{"@type":"ListItem","position":2,"name":"Shop","item":"https:\/\/www.iplay.com\/en\/shop\/"},{"@type":"ListItem","position":3,"name":"Pillpop"}]},{"@type":"WebSite","@id":"https:\/\/www.iplay.com\/en\/#website","url":"https:\/\/www.iplay.com\/en\/","name":"IPlay","description":"The Best Casual Games!","publisher":{"@id":"https:\/\/www.iplay.com\/en\/#organization"},"potentialAction":[{"@type":"SearchAction","target":{"@type":"EntryPoint","urlTemplate":"https:\/\/www.iplay.com\/en\/?s={search_term_string}"},"query-input":{"@type":"PropertyValueSpecification","valueRequired":true,"valueName":"search_term_string"}}],"inLanguage":"fr-FR"},{"@type":"Organization","@id":"https:\/\/www.iplay.com\/en\/#organization","name":"IPlay","url":"https:\/\/www.iplay.com\/en\/","logo":{"@type":"ImageObject","inLanguage":"fr-FR","@id":"https:\/\/www.iplay.com\/en\/#\/schema\/logo\/image\/","url":"https:\/\/www.iplay.com\/wp-content\/uploads\/2023\/11\/Group-6100.svg","contentUrl":"https:\/\/www.iplay.com\/wp-content\/uploads\/2023\/11\/Group-6100.svg","width":98,"height":25,"caption":"IPlay"},"image":{"@id":"https:\/\/www.iplay.com\/en\/#\/schema\/logo\/image\/"}}]}},"_links":{"self":[{"href":"https:\/\/www.iplay.com\/fr\/wp-json\/wp\/v2\/product\/139196","targetHints":{"allow":["GET"]}}],"collection":[{"href":"https:\/\/www.iplay.com\/fr\/wp-json\/wp\/v2\/product"}],"about":[{"href":"https:\/\/www.iplay.com\/fr\/wp-json\/wp\/v2\/types\/product"}],"author":[{"embeddable":true,"href":"https:\/\/www.iplay.com\/fr\/wp-json\/wp\/v2\/users\/318"}],"replies":[{"embeddable":true,"href":"https:\/\/www.iplay.com\/fr\/wp-json\/wp\/v2\/comments?post=139196"}],"wp:featuredmedia":[{"embeddable":true,"href":"https:\/\/www.iplay.com\/fr\/wp-json\/wp\/v2\/media\/82530"}],"wp:attachment":[{"href":"https:\/\/www.iplay.com\/fr\/wp-json\/wp\/v2\/media?parent=139196"}],"wp:term":[{"taxonomy":"product_brand","embeddable":true,"href":"https:\/\/www.iplay.com\/fr\/wp-json\/wp\/v2\/product_brand?post=139196"},{"taxonomy":"product_cat","embeddable":true,"href":"https:\/\/www.iplay.com\/fr\/wp-json\/wp\/v2\/product_cat?post=139196"},{"taxonomy":"product_tag","embeddable":true,"href":"https:\/\/www.iplay.com\/fr\/wp-json\/wp\/v2\/product_tag?post=139196"}],"curies":[{"name":"wp","href":"https:\/\/api.w.org\/{rel}","templated":true}]}}