{"id":139192,"date":"2020-08-08T00:00:00","date_gmt":"2020-08-08T00:00:00","guid":{"rendered":"https:\/\/www.iplay.com\/games\/adventure-mosaics-small-islanders\/"},"modified":"2020-08-08T00:00:00","modified_gmt":"2020-08-08T00:00:00","slug":"adventure-mosaics-small-islanders","status":"publish","type":"product","link":"https:\/\/www.iplay.com\/fr\/games\/adventure-mosaics-small-islanders\/","title":{"rendered":"Adventure mosaics &#8211; Small Islanders"},"content":{"rendered":"<p>Une jeune \u00e9claireuse a tent\u00e9 de rejoindre son camp sur une autre \u00eele, mais son petit navire fragile a chavir\u00e9 pr\u00e8s d\u2019\u00eelots d\u00e9serts. Elle doit rentrer chez elle apr\u00e8s avoir \u00e0 peine r\u00e9ussi \u00e0 se rendre \u00e0 la plage. Mais sa mission s\u2019est av\u00e9r\u00e9e beaucoup plus difficile qu\u2019elle ne l\u2019avait pr\u00e9vu ! Notre jeune scout s\u2019est retrouv\u00e9 dans un pays \u00e9trange ! Elle peut cependant s\u2019attaquer aux \u00eeles p\u00e9rilleuses et essayer de trouver son camp avec votre aide et celle des gardiens de l\u2019\u00eele &#8211; Singe, Renard Fennec, Ours et Perroquet. Un m\u00e9lange fantastique de 200 nonogrammes color\u00e9s de difficult\u00e9 variable, une intrigue enchanteresse et une musique magique pour vous aider \u00e0 passer le temps ! R\u00e9soudre des nonogrammes vous aidera \u00e0 am\u00e9liorer vos comp\u00e9tences en mati\u00e8re de puzzle. Relevez des d\u00e9fis, r\u00e9solvez des \u00e9nigmes et aidez une jeune fille \u00e0 retourner au camp scout !       <\/p>\n<p>&nbsp;<\/p>\n<p>&nbsp;<\/p>\n<p><strong>Fonctionnalit\u00e9s:<\/strong><\/p>\n<p>&nbsp;<\/p>\n<p>&#8211; 200 niveaux vibrants que vous n\u2019oublierez pas de sit\u00f4t !<\/p>\n<p>&#8211; Effets visuels impressionnants !<\/p>\n<p>&#8211; Rassemblez des choses !<\/p>\n<p>&#8211; Une intrigue passionnante !<\/p>\n<p>&#8211; De magnifiques \u0153uvres d\u2019art peintes dans les plus belles couleurs de l\u2019\u00e9t\u00e9 !<\/p>\n<p>&#8211; D\u2019excellents d\u00e9fis de raisonnement logique et abstrait !<\/p>\n<p>&#8211; Simple \u00e0 apprendre, difficile \u00e0 ma\u00eetriser !<\/p>\n","protected":false},"excerpt":{"rendered":"<p>Exp\u00e9rimentez les mosa\u00efques. Petits insulaires : Montrez les photos qui sont cach\u00e9es&nbsp;! <\/p>\n","protected":false},"author":39,"featured_media":82466,"comment_status":"open","ping_status":"closed","template":"","meta":{"_acf_changed":false,"inline_featured_image":false},"product_brand":[],"product_cat":[193],"product_tag":[],"class_list":{"0":"post-139192","1":"product","2":"type-product","3":"status-publish","4":"has-post-thumbnail","6":"product_cat-puzzle-fr","8":"first","9":"instock","10":"shipping-taxable","11":"purchasable","12":"product-type-simple"},"acf":[],"yoast_head":"<!-- This site is optimized with the Yoast SEO Premium plugin v25.2 (Yoast SEO v25.2) - https:\/\/yoast.com\/wordpress\/plugins\/seo\/ -->\n<title>Mosa\u00efques d\u2019aventure - Petits insulaires - Mosa\u00efques d\u2019aventure - Petits insulaires : R\u00e9v\u00e9lez les images cach\u00e9es<\/title>\n<meta name=\"description\" content=\"Exp\u00e9rimentez les mosa\u00efques. Petits insulaires : Montrez les photos qui sont cach\u00e9es&nbsp;!\" \/>\n<meta name=\"robots\" content=\"index, follow, max-snippet:-1, max-image-preview:large, max-video-preview:-1\" \/>\n<link rel=\"canonical\" href=\"https:\/\/www.iplay.com\/fr\/games\/adventure-mosaics-small-islanders\/\" \/>\n<meta property=\"og:locale\" content=\"fr_FR\" \/>\n<meta property=\"og:type\" content=\"article\" \/>\n<meta property=\"og:title\" content=\"Adventure mosaics - Small Islanders\" \/>\n<meta property=\"og:description\" content=\"Exp\u00e9rimentez les mosa\u00efques. Petits insulaires : Montrez les photos qui sont cach\u00e9es&nbsp;!\" \/>\n<meta property=\"og:url\" content=\"https:\/\/www.iplay.com\/fr\/games\/adventure-mosaics-small-islanders\/\" \/>\n<meta property=\"og:site_name\" content=\"IPlay\" \/>\n<meta property=\"og:image\" content=\"https:\/\/www.iplay.com\/wp-content\/uploads\/2023\/12\/large_square_tile_image-2661.jpg\" \/>\n\t<meta property=\"og:image:width\" content=\"310\" \/>\n\t<meta property=\"og:image:height\" content=\"310\" \/>\n\t<meta property=\"og:image:type\" content=\"image\/jpeg\" \/>\n<meta name=\"twitter:card\" content=\"summary_large_image\" \/>\n<meta name=\"twitter:label1\" content=\"Dur\u00e9e de lecture estim\u00e9e\" \/>\n\t<meta name=\"twitter:data1\" content=\"1 minute\" \/>\n<script type=\"application\/ld+json\" class=\"yoast-schema-graph\">{\"@context\":\"https:\/\/schema.org\",\"@graph\":[{\"@type\":\"WebPage\",\"@id\":\"https:\/\/www.iplay.com\/fr\/games\/adventure-mosaics-small-islanders\/\",\"url\":\"https:\/\/www.iplay.com\/fr\/games\/adventure-mosaics-small-islanders\/\",\"name\":\"Mosa\u00efques d\u2019aventure - Petits insulaires - Mosa\u00efques d\u2019aventure - Petits insulaires : R\u00e9v\u00e9lez les images cach\u00e9es\",\"isPartOf\":{\"@id\":\"https:\/\/www.iplay.com\/en\/#website\"},\"primaryImageOfPage\":{\"@id\":\"https:\/\/www.iplay.com\/fr\/games\/adventure-mosaics-small-islanders\/#primaryimage\"},\"image\":{\"@id\":\"https:\/\/www.iplay.com\/fr\/games\/adventure-mosaics-small-islanders\/#primaryimage\"},\"thumbnailUrl\":\"https:\/\/www.iplay.com\/wp-content\/uploads\/2023\/12\/large_square_tile_image-2661.jpg\",\"datePublished\":\"2020-08-08T00:00:00+00:00\",\"description\":\"Exp\u00e9rimentez les mosa\u00efques. Petits insulaires : Montrez les photos qui sont cach\u00e9es&nbsp;!\",\"breadcrumb\":{\"@id\":\"https:\/\/www.iplay.com\/fr\/games\/adventure-mosaics-small-islanders\/#breadcrumb\"},\"inLanguage\":\"fr-FR\",\"potentialAction\":[{\"@type\":\"ReadAction\",\"target\":[\"https:\/\/www.iplay.com\/fr\/games\/adventure-mosaics-small-islanders\/\"]}]},{\"@type\":\"ImageObject\",\"inLanguage\":\"fr-FR\",\"@id\":\"https:\/\/www.iplay.com\/fr\/games\/adventure-mosaics-small-islanders\/#primaryimage\",\"url\":\"https:\/\/www.iplay.com\/wp-content\/uploads\/2023\/12\/large_square_tile_image-2661.jpg\",\"contentUrl\":\"https:\/\/www.iplay.com\/wp-content\/uploads\/2023\/12\/large_square_tile_image-2661.jpg\",\"width\":310,\"height\":310},{\"@type\":\"BreadcrumbList\",\"@id\":\"https:\/\/www.iplay.com\/fr\/games\/adventure-mosaics-small-islanders\/#breadcrumb\",\"itemListElement\":[{\"@type\":\"ListItem\",\"position\":1,\"name\":\"Home\",\"item\":\"https:\/\/www.iplay.com\/fr\/home-page-2\/\"},{\"@type\":\"ListItem\",\"position\":2,\"name\":\"Shop\",\"item\":\"https:\/\/www.iplay.com\/en\/shop\/\"},{\"@type\":\"ListItem\",\"position\":3,\"name\":\"Adventure mosaics &#8211; Small Islanders\"}]},{\"@type\":\"WebSite\",\"@id\":\"https:\/\/www.iplay.com\/en\/#website\",\"url\":\"https:\/\/www.iplay.com\/en\/\",\"name\":\"IPlay\",\"description\":\"The Best Casual Games!\",\"publisher\":{\"@id\":\"https:\/\/www.iplay.com\/en\/#organization\"},\"potentialAction\":[{\"@type\":\"SearchAction\",\"target\":{\"@type\":\"EntryPoint\",\"urlTemplate\":\"https:\/\/www.iplay.com\/en\/?s={search_term_string}\"},\"query-input\":{\"@type\":\"PropertyValueSpecification\",\"valueRequired\":true,\"valueName\":\"search_term_string\"}}],\"inLanguage\":\"fr-FR\"},{\"@type\":\"Organization\",\"@id\":\"https:\/\/www.iplay.com\/en\/#organization\",\"name\":\"IPlay\",\"url\":\"https:\/\/www.iplay.com\/en\/\",\"logo\":{\"@type\":\"ImageObject\",\"inLanguage\":\"fr-FR\",\"@id\":\"https:\/\/www.iplay.com\/en\/#\/schema\/logo\/image\/\",\"url\":\"https:\/\/www.iplay.com\/wp-content\/uploads\/2023\/11\/Group-6100.svg\",\"contentUrl\":\"https:\/\/www.iplay.com\/wp-content\/uploads\/2023\/11\/Group-6100.svg\",\"width\":98,\"height\":25,\"caption\":\"IPlay\"},\"image\":{\"@id\":\"https:\/\/www.iplay.com\/en\/#\/schema\/logo\/image\/\"}}]}<\/script>\n<!-- \/ Yoast SEO Premium plugin. -->","yoast_head_json":{"title":"Mosa\u00efques d\u2019aventure - Petits insulaires - Mosa\u00efques d\u2019aventure - Petits insulaires : R\u00e9v\u00e9lez les images cach\u00e9es","description":"Exp\u00e9rimentez les mosa\u00efques. Petits insulaires : Montrez les photos qui sont cach\u00e9es&nbsp;!","robots":{"index":"index","follow":"follow","max-snippet":"max-snippet:-1","max-image-preview":"max-image-preview:large","max-video-preview":"max-video-preview:-1"},"canonical":"https:\/\/www.iplay.com\/fr\/games\/adventure-mosaics-small-islanders\/","og_locale":"fr_FR","og_type":"article","og_title":"Adventure mosaics - Small Islanders","og_description":"Exp\u00e9rimentez les mosa\u00efques. Petits insulaires : Montrez les photos qui sont cach\u00e9es&nbsp;!","og_url":"https:\/\/www.iplay.com\/fr\/games\/adventure-mosaics-small-islanders\/","og_site_name":"IPlay","og_image":[{"width":310,"height":310,"url":"https:\/\/www.iplay.com\/wp-content\/uploads\/2023\/12\/large_square_tile_image-2661.jpg","type":"image\/jpeg"}],"twitter_card":"summary_large_image","twitter_misc":{"Dur\u00e9e de lecture estim\u00e9e":"1 minute"},"schema":{"@context":"https:\/\/schema.org","@graph":[{"@type":"WebPage","@id":"https:\/\/www.iplay.com\/fr\/games\/adventure-mosaics-small-islanders\/","url":"https:\/\/www.iplay.com\/fr\/games\/adventure-mosaics-small-islanders\/","name":"Mosa\u00efques d\u2019aventure - Petits insulaires - Mosa\u00efques d\u2019aventure - Petits insulaires : R\u00e9v\u00e9lez les images cach\u00e9es","isPartOf":{"@id":"https:\/\/www.iplay.com\/en\/#website"},"primaryImageOfPage":{"@id":"https:\/\/www.iplay.com\/fr\/games\/adventure-mosaics-small-islanders\/#primaryimage"},"image":{"@id":"https:\/\/www.iplay.com\/fr\/games\/adventure-mosaics-small-islanders\/#primaryimage"},"thumbnailUrl":"https:\/\/www.iplay.com\/wp-content\/uploads\/2023\/12\/large_square_tile_image-2661.jpg","datePublished":"2020-08-08T00:00:00+00:00","description":"Exp\u00e9rimentez les mosa\u00efques. Petits insulaires : Montrez les photos qui sont cach\u00e9es&nbsp;!","breadcrumb":{"@id":"https:\/\/www.iplay.com\/fr\/games\/adventure-mosaics-small-islanders\/#breadcrumb"},"inLanguage":"fr-FR","potentialAction":[{"@type":"ReadAction","target":["https:\/\/www.iplay.com\/fr\/games\/adventure-mosaics-small-islanders\/"]}]},{"@type":"ImageObject","inLanguage":"fr-FR","@id":"https:\/\/www.iplay.com\/fr\/games\/adventure-mosaics-small-islanders\/#primaryimage","url":"https:\/\/www.iplay.com\/wp-content\/uploads\/2023\/12\/large_square_tile_image-2661.jpg","contentUrl":"https:\/\/www.iplay.com\/wp-content\/uploads\/2023\/12\/large_square_tile_image-2661.jpg","width":310,"height":310},{"@type":"BreadcrumbList","@id":"https:\/\/www.iplay.com\/fr\/games\/adventure-mosaics-small-islanders\/#breadcrumb","itemListElement":[{"@type":"ListItem","position":1,"name":"Home","item":"https:\/\/www.iplay.com\/fr\/home-page-2\/"},{"@type":"ListItem","position":2,"name":"Shop","item":"https:\/\/www.iplay.com\/en\/shop\/"},{"@type":"ListItem","position":3,"name":"Adventure mosaics &#8211; Small Islanders"}]},{"@type":"WebSite","@id":"https:\/\/www.iplay.com\/en\/#website","url":"https:\/\/www.iplay.com\/en\/","name":"IPlay","description":"The Best Casual Games!","publisher":{"@id":"https:\/\/www.iplay.com\/en\/#organization"},"potentialAction":[{"@type":"SearchAction","target":{"@type":"EntryPoint","urlTemplate":"https:\/\/www.iplay.com\/en\/?s={search_term_string}"},"query-input":{"@type":"PropertyValueSpecification","valueRequired":true,"valueName":"search_term_string"}}],"inLanguage":"fr-FR"},{"@type":"Organization","@id":"https:\/\/www.iplay.com\/en\/#organization","name":"IPlay","url":"https:\/\/www.iplay.com\/en\/","logo":{"@type":"ImageObject","inLanguage":"fr-FR","@id":"https:\/\/www.iplay.com\/en\/#\/schema\/logo\/image\/","url":"https:\/\/www.iplay.com\/wp-content\/uploads\/2023\/11\/Group-6100.svg","contentUrl":"https:\/\/www.iplay.com\/wp-content\/uploads\/2023\/11\/Group-6100.svg","width":98,"height":25,"caption":"IPlay"},"image":{"@id":"https:\/\/www.iplay.com\/en\/#\/schema\/logo\/image\/"}}]}},"_links":{"self":[{"href":"https:\/\/www.iplay.com\/fr\/wp-json\/wp\/v2\/product\/139192","targetHints":{"allow":["GET"]}}],"collection":[{"href":"https:\/\/www.iplay.com\/fr\/wp-json\/wp\/v2\/product"}],"about":[{"href":"https:\/\/www.iplay.com\/fr\/wp-json\/wp\/v2\/types\/product"}],"author":[{"embeddable":true,"href":"https:\/\/www.iplay.com\/fr\/wp-json\/wp\/v2\/users\/39"}],"replies":[{"embeddable":true,"href":"https:\/\/www.iplay.com\/fr\/wp-json\/wp\/v2\/comments?post=139192"}],"wp:featuredmedia":[{"embeddable":true,"href":"https:\/\/www.iplay.com\/fr\/wp-json\/wp\/v2\/media\/82466"}],"wp:attachment":[{"href":"https:\/\/www.iplay.com\/fr\/wp-json\/wp\/v2\/media?parent=139192"}],"wp:term":[{"taxonomy":"product_brand","embeddable":true,"href":"https:\/\/www.iplay.com\/fr\/wp-json\/wp\/v2\/product_brand?post=139192"},{"taxonomy":"product_cat","embeddable":true,"href":"https:\/\/www.iplay.com\/fr\/wp-json\/wp\/v2\/product_cat?post=139192"},{"taxonomy":"product_tag","embeddable":true,"href":"https:\/\/www.iplay.com\/fr\/wp-json\/wp\/v2\/product_tag?post=139192"}],"curies":[{"name":"wp","href":"https:\/\/api.w.org\/{rel}","templated":true}]}}