{"id":139180,"date":"2025-06-26T05:30:48","date_gmt":"2025-06-26T05:30:48","guid":{"rendered":"https:\/\/www.iplay.com\/games\/mahjong-3d-match\/"},"modified":"2025-06-26T05:30:48","modified_gmt":"2025-06-26T05:30:48","slug":"mahjong-3d-match","status":"publish","type":"product","link":"https:\/\/www.iplay.com\/fr\/games\/mahjong-3d-match\/","title":{"rendered":"Mahjong 3d Match"},"content":{"rendered":"<p class=\"ai-optimize-25 ai-optimize-introduction\">Planifier des mouvements intelligents dans le jeu de Mahjong en 3D visuellement magnifique, voir le plateau de jeu de tous les c\u00f4t\u00e9s pour retirer des pi\u00e8ces de mani\u00e8re strat\u00e9gique, jouer hors ligne \u00e0 tout moment et vous d\u00e9tendre sur une musique de fond captivante vous aidera \u00e0 d\u00e9velopper votre acuit\u00e9 mentale.<\/p>\n","protected":false},"excerpt":{"rendered":"<p class=\"ai-optimize-26 ai-optimize-introduction\">Jouer au Mahjong 3D tout en \u00e9coutant de la musique apaisante vous aidera \u00e0 d\u00e9velopper votre acuit\u00e9 mentale.<\/p>\n","protected":false},"author":325,"featured_media":139153,"comment_status":"open","ping_status":"closed","template":"","meta":{"_acf_changed":false,"inline_featured_image":false},"product_brand":[],"product_cat":[172,179],"product_tag":[300,285,305,287],"class_list":{"0":"post-139180","1":"product","2":"type-product","3":"status-publish","4":"has-post-thumbnail","6":"product_cat-mahjong-fr","7":"product_cat-mobile-games-fr","8":"product_tag-play-for-free-fr","9":"product_tag-play-on-mac-fr","10":"product_tag-play-on-mobile-fr","11":"product_tag-play-on-pc-fr","13":"first","14":"instock","15":"shipping-taxable","16":"purchasable","17":"product-type-html5_game"},"acf":[],"yoast_head":"<!-- This site is optimized with the Yoast SEO Premium plugin v25.2 (Yoast SEO v25.2) - https:\/\/yoast.com\/wordpress\/plugins\/seo\/ -->\n<title>Mahjong 3D Match est un jeu de Mahjong en 3D visuellement magnifique<\/title>\n<meta name=\"description\" content=\"Jouer au Mahjong 3D tout en \u00e9coutant de la musique apaisante vous aidera \u00e0 d\u00e9velopper votre acuit\u00e9 mentale.\" \/>\n<meta name=\"robots\" content=\"index, follow, max-snippet:-1, max-image-preview:large, max-video-preview:-1\" \/>\n<link rel=\"canonical\" href=\"https:\/\/www.iplay.com\/fr\/games\/mahjong-3d-match\/\" \/>\n<meta property=\"og:locale\" content=\"fr_FR\" \/>\n<meta property=\"og:type\" content=\"article\" \/>\n<meta property=\"og:title\" content=\"Mahjong 3d Match\" \/>\n<meta property=\"og:description\" content=\"Jouer au Mahjong 3D tout en \u00e9coutant de la musique apaisante vous aidera \u00e0 d\u00e9velopper votre acuit\u00e9 mentale.\" \/>\n<meta property=\"og:url\" content=\"https:\/\/www.iplay.com\/fr\/games\/mahjong-3d-match\/\" \/>\n<meta property=\"og:site_name\" content=\"IPlay\" \/>\n<meta property=\"og:image\" content=\"https:\/\/www.iplay.com\/wp-content\/uploads\/2025\/06\/mahjong3dmatch-html5_480x480.webp\" \/>\n\t<meta property=\"og:image:width\" content=\"310\" \/>\n\t<meta property=\"og:image:height\" content=\"310\" \/>\n\t<meta property=\"og:image:type\" content=\"image\/webp\" \/>\n<meta name=\"twitter:card\" content=\"summary_large_image\" \/>\n<script type=\"application\/ld+json\" class=\"yoast-schema-graph\">{\"@context\":\"https:\/\/schema.org\",\"@graph\":[{\"@type\":\"WebPage\",\"@id\":\"https:\/\/www.iplay.com\/fr\/games\/mahjong-3d-match\/\",\"url\":\"https:\/\/www.iplay.com\/fr\/games\/mahjong-3d-match\/\",\"name\":\"Mahjong 3D Match est un jeu de Mahjong en 3D visuellement magnifique\",\"isPartOf\":{\"@id\":\"https:\/\/www.iplay.com\/en\/#website\"},\"primaryImageOfPage\":{\"@id\":\"https:\/\/www.iplay.com\/fr\/games\/mahjong-3d-match\/#primaryimage\"},\"image\":{\"@id\":\"https:\/\/www.iplay.com\/fr\/games\/mahjong-3d-match\/#primaryimage\"},\"thumbnailUrl\":\"https:\/\/www.iplay.com\/wp-content\/uploads\/2025\/06\/mahjong3dmatch-html5_480x480.webp\",\"datePublished\":\"2025-06-26T05:30:48+00:00\",\"description\":\"Jouer au Mahjong 3D tout en \u00e9coutant de la musique apaisante vous aidera \u00e0 d\u00e9velopper votre acuit\u00e9 mentale.\",\"breadcrumb\":{\"@id\":\"https:\/\/www.iplay.com\/fr\/games\/mahjong-3d-match\/#breadcrumb\"},\"inLanguage\":\"fr-FR\",\"potentialAction\":[{\"@type\":\"ReadAction\",\"target\":[\"https:\/\/www.iplay.com\/fr\/games\/mahjong-3d-match\/\"]}]},{\"@type\":\"ImageObject\",\"inLanguage\":\"fr-FR\",\"@id\":\"https:\/\/www.iplay.com\/fr\/games\/mahjong-3d-match\/#primaryimage\",\"url\":\"https:\/\/www.iplay.com\/wp-content\/uploads\/2025\/06\/mahjong3dmatch-html5_480x480.webp\",\"contentUrl\":\"https:\/\/www.iplay.com\/wp-content\/uploads\/2025\/06\/mahjong3dmatch-html5_480x480.webp\",\"width\":310,\"height\":310},{\"@type\":\"BreadcrumbList\",\"@id\":\"https:\/\/www.iplay.com\/fr\/games\/mahjong-3d-match\/#breadcrumb\",\"itemListElement\":[{\"@type\":\"ListItem\",\"position\":1,\"name\":\"Home\",\"item\":\"https:\/\/www.iplay.com\/fr\/home-page-2\/\"},{\"@type\":\"ListItem\",\"position\":2,\"name\":\"Shop\",\"item\":\"https:\/\/www.iplay.com\/en\/shop\/\"},{\"@type\":\"ListItem\",\"position\":3,\"name\":\"Mahjong 3d Match\"}]},{\"@type\":\"WebSite\",\"@id\":\"https:\/\/www.iplay.com\/en\/#website\",\"url\":\"https:\/\/www.iplay.com\/en\/\",\"name\":\"IPlay\",\"description\":\"The Best Casual Games!\",\"publisher\":{\"@id\":\"https:\/\/www.iplay.com\/en\/#organization\"},\"potentialAction\":[{\"@type\":\"SearchAction\",\"target\":{\"@type\":\"EntryPoint\",\"urlTemplate\":\"https:\/\/www.iplay.com\/en\/?s={search_term_string}\"},\"query-input\":{\"@type\":\"PropertyValueSpecification\",\"valueRequired\":true,\"valueName\":\"search_term_string\"}}],\"inLanguage\":\"fr-FR\"},{\"@type\":\"Organization\",\"@id\":\"https:\/\/www.iplay.com\/en\/#organization\",\"name\":\"IPlay\",\"url\":\"https:\/\/www.iplay.com\/en\/\",\"logo\":{\"@type\":\"ImageObject\",\"inLanguage\":\"fr-FR\",\"@id\":\"https:\/\/www.iplay.com\/en\/#\/schema\/logo\/image\/\",\"url\":\"https:\/\/www.iplay.com\/wp-content\/uploads\/2023\/11\/Group-6100.svg\",\"contentUrl\":\"https:\/\/www.iplay.com\/wp-content\/uploads\/2023\/11\/Group-6100.svg\",\"width\":98,\"height\":25,\"caption\":\"IPlay\"},\"image\":{\"@id\":\"https:\/\/www.iplay.com\/en\/#\/schema\/logo\/image\/\"}}]}<\/script>\n<!-- \/ Yoast SEO Premium plugin. -->","yoast_head_json":{"title":"Mahjong 3D Match est un jeu de Mahjong en 3D visuellement magnifique","description":"Jouer au Mahjong 3D tout en \u00e9coutant de la musique apaisante vous aidera \u00e0 d\u00e9velopper votre acuit\u00e9 mentale.","robots":{"index":"index","follow":"follow","max-snippet":"max-snippet:-1","max-image-preview":"max-image-preview:large","max-video-preview":"max-video-preview:-1"},"canonical":"https:\/\/www.iplay.com\/fr\/games\/mahjong-3d-match\/","og_locale":"fr_FR","og_type":"article","og_title":"Mahjong 3d Match","og_description":"Jouer au Mahjong 3D tout en \u00e9coutant de la musique apaisante vous aidera \u00e0 d\u00e9velopper votre acuit\u00e9 mentale.","og_url":"https:\/\/www.iplay.com\/fr\/games\/mahjong-3d-match\/","og_site_name":"IPlay","og_image":[{"width":310,"height":310,"url":"https:\/\/www.iplay.com\/wp-content\/uploads\/2025\/06\/mahjong3dmatch-html5_480x480.webp","type":"image\/webp"}],"twitter_card":"summary_large_image","schema":{"@context":"https:\/\/schema.org","@graph":[{"@type":"WebPage","@id":"https:\/\/www.iplay.com\/fr\/games\/mahjong-3d-match\/","url":"https:\/\/www.iplay.com\/fr\/games\/mahjong-3d-match\/","name":"Mahjong 3D Match est un jeu de Mahjong en 3D visuellement magnifique","isPartOf":{"@id":"https:\/\/www.iplay.com\/en\/#website"},"primaryImageOfPage":{"@id":"https:\/\/www.iplay.com\/fr\/games\/mahjong-3d-match\/#primaryimage"},"image":{"@id":"https:\/\/www.iplay.com\/fr\/games\/mahjong-3d-match\/#primaryimage"},"thumbnailUrl":"https:\/\/www.iplay.com\/wp-content\/uploads\/2025\/06\/mahjong3dmatch-html5_480x480.webp","datePublished":"2025-06-26T05:30:48+00:00","description":"Jouer au Mahjong 3D tout en \u00e9coutant de la musique apaisante vous aidera \u00e0 d\u00e9velopper votre acuit\u00e9 mentale.","breadcrumb":{"@id":"https:\/\/www.iplay.com\/fr\/games\/mahjong-3d-match\/#breadcrumb"},"inLanguage":"fr-FR","potentialAction":[{"@type":"ReadAction","target":["https:\/\/www.iplay.com\/fr\/games\/mahjong-3d-match\/"]}]},{"@type":"ImageObject","inLanguage":"fr-FR","@id":"https:\/\/www.iplay.com\/fr\/games\/mahjong-3d-match\/#primaryimage","url":"https:\/\/www.iplay.com\/wp-content\/uploads\/2025\/06\/mahjong3dmatch-html5_480x480.webp","contentUrl":"https:\/\/www.iplay.com\/wp-content\/uploads\/2025\/06\/mahjong3dmatch-html5_480x480.webp","width":310,"height":310},{"@type":"BreadcrumbList","@id":"https:\/\/www.iplay.com\/fr\/games\/mahjong-3d-match\/#breadcrumb","itemListElement":[{"@type":"ListItem","position":1,"name":"Home","item":"https:\/\/www.iplay.com\/fr\/home-page-2\/"},{"@type":"ListItem","position":2,"name":"Shop","item":"https:\/\/www.iplay.com\/en\/shop\/"},{"@type":"ListItem","position":3,"name":"Mahjong 3d Match"}]},{"@type":"WebSite","@id":"https:\/\/www.iplay.com\/en\/#website","url":"https:\/\/www.iplay.com\/en\/","name":"IPlay","description":"The Best Casual Games!","publisher":{"@id":"https:\/\/www.iplay.com\/en\/#organization"},"potentialAction":[{"@type":"SearchAction","target":{"@type":"EntryPoint","urlTemplate":"https:\/\/www.iplay.com\/en\/?s={search_term_string}"},"query-input":{"@type":"PropertyValueSpecification","valueRequired":true,"valueName":"search_term_string"}}],"inLanguage":"fr-FR"},{"@type":"Organization","@id":"https:\/\/www.iplay.com\/en\/#organization","name":"IPlay","url":"https:\/\/www.iplay.com\/en\/","logo":{"@type":"ImageObject","inLanguage":"fr-FR","@id":"https:\/\/www.iplay.com\/en\/#\/schema\/logo\/image\/","url":"https:\/\/www.iplay.com\/wp-content\/uploads\/2023\/11\/Group-6100.svg","contentUrl":"https:\/\/www.iplay.com\/wp-content\/uploads\/2023\/11\/Group-6100.svg","width":98,"height":25,"caption":"IPlay"},"image":{"@id":"https:\/\/www.iplay.com\/en\/#\/schema\/logo\/image\/"}}]}},"_links":{"self":[{"href":"https:\/\/www.iplay.com\/fr\/wp-json\/wp\/v2\/product\/139180","targetHints":{"allow":["GET"]}}],"collection":[{"href":"https:\/\/www.iplay.com\/fr\/wp-json\/wp\/v2\/product"}],"about":[{"href":"https:\/\/www.iplay.com\/fr\/wp-json\/wp\/v2\/types\/product"}],"author":[{"embeddable":true,"href":"https:\/\/www.iplay.com\/fr\/wp-json\/wp\/v2\/users\/325"}],"replies":[{"embeddable":true,"href":"https:\/\/www.iplay.com\/fr\/wp-json\/wp\/v2\/comments?post=139180"}],"wp:featuredmedia":[{"embeddable":true,"href":"https:\/\/www.iplay.com\/fr\/wp-json\/wp\/v2\/media\/139153"}],"wp:attachment":[{"href":"https:\/\/www.iplay.com\/fr\/wp-json\/wp\/v2\/media?parent=139180"}],"wp:term":[{"taxonomy":"product_brand","embeddable":true,"href":"https:\/\/www.iplay.com\/fr\/wp-json\/wp\/v2\/product_brand?post=139180"},{"taxonomy":"product_cat","embeddable":true,"href":"https:\/\/www.iplay.com\/fr\/wp-json\/wp\/v2\/product_cat?post=139180"},{"taxonomy":"product_tag","embeddable":true,"href":"https:\/\/www.iplay.com\/fr\/wp-json\/wp\/v2\/product_tag?post=139180"}],"curies":[{"name":"wp","href":"https:\/\/api.w.org\/{rel}","templated":true}]}}