{"id":139120,"date":"2025-06-25T09:30:37","date_gmt":"2025-06-25T09:30:37","guid":{"rendered":"https:\/\/www.iplay.com\/games\/tower-of-wishes-3-japan\/"},"modified":"2025-06-25T09:30:37","modified_gmt":"2025-06-25T09:30:37","slug":"tower-of-wishes-3-japan","status":"publish","type":"product","link":"https:\/\/www.iplay.com\/fr\/games\/tower-of-wishes-3-japan\/","title":{"rendered":"Tower of Wishes 3 &#8211; Japan"},"content":{"rendered":"<p class=\"whitespace-normal break-words ai-optimize-30 ai-optimize-introduction\">Vous aidez Ryu, un ninja trahi par son propre clan. Il fuit les ennemis qui veulent l\u2019attraper. Il escalade la Tour des V\u0153ux pour changer de vie \u00e0 jamais.  <\/p>\n<p class=\"whitespace-normal break-words ai-optimize-31\">Vous jouez \u00e0 100 niveaux de puzzle match-3 qui deviennent plus difficiles au fur et \u00e0 mesure. Vous jouez \u00e9galement \u00e0 des mini-jeux comme les puzzles d\u2019objets cach\u00e9s, de solitaire, de puzzle et de curseur. Chaque jeu est li\u00e9 \u00e0 l\u2019histoire de Ryu.  <\/p>\n<p class=\"whitespace-normal break-words ai-optimize-32\">Vous pouvez modifier les param\u00e8tres du jeu pour qu\u2019ils correspondent \u00e0 la fa\u00e7on dont vous aimez jouer. Vous voyez de l\u2019art japonais magnifique et entendez de la musique traditionnelle. Vous guidez Ryu jusqu\u2019au sommet pour r\u00e9aliser son souhait.  <\/p>\n<p>&nbsp;<\/p>\n<p class=\"ai-optimize-40\"><strong>Fonctionnalit\u00e9s<\/strong><\/p>\n<ul class=\"[&amp;:not(:last-child)_ul]:pb-1 [&amp;:not(:last-child)_ol]:pb-1 list-disc space-y-1.5 pl-7\">\n<li class=\"whitespace-normal break-words ai-optimize-33\">Histoire de ninja se d\u00e9roulant dans l\u2019ancien Japon avec trahison et vengeance<\/li>\n<li class=\"whitespace-normal break-words ai-optimize-34\">100 puzzles de match-3 qui mettent \u00e0 l\u2019\u00e9preuve vos capacit\u00e9s de r\u00e9flexion<\/li>\n<li class=\"whitespace-normal break-words ai-optimize-35\">Mini-jeux comprenant des puzzles d\u2019objets cach\u00e9s, de solitaire, de puzzle et de curseur<\/li>\n<li class=\"whitespace-normal break-words ai-optimize-36\">Param\u00e8tres que vous pouvez modifier pour que le jeu fonctionne \u00e0 votre fa\u00e7on<\/li>\n<li class=\"whitespace-normal break-words ai-optimize-37\">De magnifiques \u0153uvres d\u2019art de style japonais qui donnent vie \u00e0 l\u2019histoire<\/li>\n<li class=\"whitespace-normal break-words ai-optimize-38\">De la musique traditionnelle japonaise qui vous d\u00e9tend<\/li>\n<\/ul>\n<p>&nbsp;<\/p>\n<p class=\"whitespace-normal break-words ai-optimize-39\">Vous d\u00e9cidez si Ryu atteint le sommet et r\u00e9alise son souhait.<\/p>\n","protected":false},"excerpt":{"rendered":"<p>Rejoignez Ryu dans un voyage risqu\u00e9 pour r\u00e9aliser un seul v\u0153u et monter dans la Tour !<\/p>\n","protected":false},"author":19,"featured_media":138967,"comment_status":"open","ping_status":"closed","template":"","meta":{"_acf_changed":false,"inline_featured_image":false},"product_brand":[],"product_cat":[177],"product_tag":[287],"class_list":{"0":"post-139120","1":"product","2":"type-product","3":"status-publish","4":"has-post-thumbnail","6":"product_cat-match-3-fr","7":"product_tag-play-on-pc-fr","9":"first","10":"instock","11":"shipping-taxable","12":"purchasable","13":"product-type-simple"},"acf":[],"yoast_head":"<!-- This site is optimized with the Yoast SEO Premium plugin v25.2 (Yoast SEO v25.2) - https:\/\/yoast.com\/wordpress\/plugins\/seo\/ -->\n<title>Qu\u00eate de la tour de Ryu : grimpez pour r\u00e9aliser votre v\u0153u<\/title>\n<meta name=\"description\" content=\"Rejoignez Ryu dans un voyage risqu\u00e9 pour r\u00e9aliser un seul v\u0153u et monter dans la Tour !\" \/>\n<meta name=\"robots\" content=\"index, follow, max-snippet:-1, max-image-preview:large, max-video-preview:-1\" \/>\n<link rel=\"canonical\" href=\"https:\/\/www.iplay.com\/fr\/games\/tower-of-wishes-3-japan\/\" \/>\n<meta property=\"og:locale\" content=\"fr_FR\" \/>\n<meta property=\"og:type\" content=\"article\" \/>\n<meta property=\"og:title\" content=\"Tower of Wishes 3 - Japan\" \/>\n<meta property=\"og:description\" content=\"Rejoignez Ryu dans un voyage risqu\u00e9 pour r\u00e9aliser un seul v\u0153u et monter dans la Tour !\" \/>\n<meta property=\"og:url\" content=\"https:\/\/www.iplay.com\/fr\/games\/tower-of-wishes-3-japan\/\" \/>\n<meta property=\"og:site_name\" content=\"IPlay\" \/>\n<meta property=\"og:image\" content=\"https:\/\/www.iplay.com\/wp-content\/uploads\/2025\/06\/tower_of_wishes_3_-_japan_large_video_screenshot.webp\" \/>\n\t<meta property=\"og:image:width\" content=\"715\" \/>\n\t<meta property=\"og:image:height\" content=\"485\" \/>\n\t<meta property=\"og:image:type\" content=\"image\/webp\" \/>\n<meta name=\"twitter:card\" content=\"summary_large_image\" \/>\n<meta name=\"twitter:label1\" content=\"Dur\u00e9e de lecture estim\u00e9e\" \/>\n\t<meta name=\"twitter:data1\" content=\"1 minute\" \/>\n<script type=\"application\/ld+json\" class=\"yoast-schema-graph\">{\"@context\":\"https:\/\/schema.org\",\"@graph\":[{\"@type\":\"WebPage\",\"@id\":\"https:\/\/www.iplay.com\/fr\/games\/tower-of-wishes-3-japan\/\",\"url\":\"https:\/\/www.iplay.com\/fr\/games\/tower-of-wishes-3-japan\/\",\"name\":\"Qu\u00eate de la tour de Ryu : grimpez pour r\u00e9aliser votre v\u0153u\",\"isPartOf\":{\"@id\":\"https:\/\/www.iplay.com\/en\/#website\"},\"primaryImageOfPage\":{\"@id\":\"https:\/\/www.iplay.com\/fr\/games\/tower-of-wishes-3-japan\/#primaryimage\"},\"image\":{\"@id\":\"https:\/\/www.iplay.com\/fr\/games\/tower-of-wishes-3-japan\/#primaryimage\"},\"thumbnailUrl\":\"https:\/\/www.iplay.com\/wp-content\/uploads\/2025\/06\/tower_of_wishes_3_-_japan_large_square_tile_image.webp\",\"datePublished\":\"2025-06-25T09:30:37+00:00\",\"description\":\"Rejoignez Ryu dans un voyage risqu\u00e9 pour r\u00e9aliser un seul v\u0153u et monter dans la Tour !\",\"breadcrumb\":{\"@id\":\"https:\/\/www.iplay.com\/fr\/games\/tower-of-wishes-3-japan\/#breadcrumb\"},\"inLanguage\":\"fr-FR\",\"potentialAction\":[{\"@type\":\"ReadAction\",\"target\":[\"https:\/\/www.iplay.com\/fr\/games\/tower-of-wishes-3-japan\/\"]}]},{\"@type\":\"ImageObject\",\"inLanguage\":\"fr-FR\",\"@id\":\"https:\/\/www.iplay.com\/fr\/games\/tower-of-wishes-3-japan\/#primaryimage\",\"url\":\"https:\/\/www.iplay.com\/wp-content\/uploads\/2025\/06\/tower_of_wishes_3_-_japan_large_square_tile_image.webp\",\"contentUrl\":\"https:\/\/www.iplay.com\/wp-content\/uploads\/2025\/06\/tower_of_wishes_3_-_japan_large_square_tile_image.webp\",\"width\":310,\"height\":310},{\"@type\":\"BreadcrumbList\",\"@id\":\"https:\/\/www.iplay.com\/fr\/games\/tower-of-wishes-3-japan\/#breadcrumb\",\"itemListElement\":[{\"@type\":\"ListItem\",\"position\":1,\"name\":\"Home\",\"item\":\"https:\/\/www.iplay.com\/fr\/home-page-2\/\"},{\"@type\":\"ListItem\",\"position\":2,\"name\":\"Shop\",\"item\":\"https:\/\/www.iplay.com\/en\/shop\/\"},{\"@type\":\"ListItem\",\"position\":3,\"name\":\"Tower of Wishes 3 &#8211; Japan\"}]},{\"@type\":\"WebSite\",\"@id\":\"https:\/\/www.iplay.com\/en\/#website\",\"url\":\"https:\/\/www.iplay.com\/en\/\",\"name\":\"IPlay\",\"description\":\"The Best Casual Games!\",\"publisher\":{\"@id\":\"https:\/\/www.iplay.com\/en\/#organization\"},\"potentialAction\":[{\"@type\":\"SearchAction\",\"target\":{\"@type\":\"EntryPoint\",\"urlTemplate\":\"https:\/\/www.iplay.com\/en\/?s={search_term_string}\"},\"query-input\":{\"@type\":\"PropertyValueSpecification\",\"valueRequired\":true,\"valueName\":\"search_term_string\"}}],\"inLanguage\":\"fr-FR\"},{\"@type\":\"Organization\",\"@id\":\"https:\/\/www.iplay.com\/en\/#organization\",\"name\":\"IPlay\",\"url\":\"https:\/\/www.iplay.com\/en\/\",\"logo\":{\"@type\":\"ImageObject\",\"inLanguage\":\"fr-FR\",\"@id\":\"https:\/\/www.iplay.com\/en\/#\/schema\/logo\/image\/\",\"url\":\"https:\/\/www.iplay.com\/wp-content\/uploads\/2023\/11\/Group-6100.svg\",\"contentUrl\":\"https:\/\/www.iplay.com\/wp-content\/uploads\/2023\/11\/Group-6100.svg\",\"width\":98,\"height\":25,\"caption\":\"IPlay\"},\"image\":{\"@id\":\"https:\/\/www.iplay.com\/en\/#\/schema\/logo\/image\/\"}}]}<\/script>\n<!-- \/ Yoast SEO Premium plugin. -->","yoast_head_json":{"title":"Qu\u00eate de la tour de Ryu : grimpez pour r\u00e9aliser votre v\u0153u","description":"Rejoignez Ryu dans un voyage risqu\u00e9 pour r\u00e9aliser un seul v\u0153u et monter dans la Tour !","robots":{"index":"index","follow":"follow","max-snippet":"max-snippet:-1","max-image-preview":"max-image-preview:large","max-video-preview":"max-video-preview:-1"},"canonical":"https:\/\/www.iplay.com\/fr\/games\/tower-of-wishes-3-japan\/","og_locale":"fr_FR","og_type":"article","og_title":"Tower of Wishes 3 - Japan","og_description":"Rejoignez Ryu dans un voyage risqu\u00e9 pour r\u00e9aliser un seul v\u0153u et monter dans la Tour !","og_url":"https:\/\/www.iplay.com\/fr\/games\/tower-of-wishes-3-japan\/","og_site_name":"IPlay","og_image":[{"width":715,"height":485,"url":"https:\/\/www.iplay.com\/wp-content\/uploads\/2025\/06\/tower_of_wishes_3_-_japan_large_video_screenshot.webp","type":"image\/webp"}],"twitter_card":"summary_large_image","twitter_misc":{"Dur\u00e9e de lecture estim\u00e9e":"1 minute"},"schema":{"@context":"https:\/\/schema.org","@graph":[{"@type":"WebPage","@id":"https:\/\/www.iplay.com\/fr\/games\/tower-of-wishes-3-japan\/","url":"https:\/\/www.iplay.com\/fr\/games\/tower-of-wishes-3-japan\/","name":"Qu\u00eate de la tour de Ryu : grimpez pour r\u00e9aliser votre v\u0153u","isPartOf":{"@id":"https:\/\/www.iplay.com\/en\/#website"},"primaryImageOfPage":{"@id":"https:\/\/www.iplay.com\/fr\/games\/tower-of-wishes-3-japan\/#primaryimage"},"image":{"@id":"https:\/\/www.iplay.com\/fr\/games\/tower-of-wishes-3-japan\/#primaryimage"},"thumbnailUrl":"https:\/\/www.iplay.com\/wp-content\/uploads\/2025\/06\/tower_of_wishes_3_-_japan_large_square_tile_image.webp","datePublished":"2025-06-25T09:30:37+00:00","description":"Rejoignez Ryu dans un voyage risqu\u00e9 pour r\u00e9aliser un seul v\u0153u et monter dans la Tour !","breadcrumb":{"@id":"https:\/\/www.iplay.com\/fr\/games\/tower-of-wishes-3-japan\/#breadcrumb"},"inLanguage":"fr-FR","potentialAction":[{"@type":"ReadAction","target":["https:\/\/www.iplay.com\/fr\/games\/tower-of-wishes-3-japan\/"]}]},{"@type":"ImageObject","inLanguage":"fr-FR","@id":"https:\/\/www.iplay.com\/fr\/games\/tower-of-wishes-3-japan\/#primaryimage","url":"https:\/\/www.iplay.com\/wp-content\/uploads\/2025\/06\/tower_of_wishes_3_-_japan_large_square_tile_image.webp","contentUrl":"https:\/\/www.iplay.com\/wp-content\/uploads\/2025\/06\/tower_of_wishes_3_-_japan_large_square_tile_image.webp","width":310,"height":310},{"@type":"BreadcrumbList","@id":"https:\/\/www.iplay.com\/fr\/games\/tower-of-wishes-3-japan\/#breadcrumb","itemListElement":[{"@type":"ListItem","position":1,"name":"Home","item":"https:\/\/www.iplay.com\/fr\/home-page-2\/"},{"@type":"ListItem","position":2,"name":"Shop","item":"https:\/\/www.iplay.com\/en\/shop\/"},{"@type":"ListItem","position":3,"name":"Tower of Wishes 3 &#8211; Japan"}]},{"@type":"WebSite","@id":"https:\/\/www.iplay.com\/en\/#website","url":"https:\/\/www.iplay.com\/en\/","name":"IPlay","description":"The Best Casual Games!","publisher":{"@id":"https:\/\/www.iplay.com\/en\/#organization"},"potentialAction":[{"@type":"SearchAction","target":{"@type":"EntryPoint","urlTemplate":"https:\/\/www.iplay.com\/en\/?s={search_term_string}"},"query-input":{"@type":"PropertyValueSpecification","valueRequired":true,"valueName":"search_term_string"}}],"inLanguage":"fr-FR"},{"@type":"Organization","@id":"https:\/\/www.iplay.com\/en\/#organization","name":"IPlay","url":"https:\/\/www.iplay.com\/en\/","logo":{"@type":"ImageObject","inLanguage":"fr-FR","@id":"https:\/\/www.iplay.com\/en\/#\/schema\/logo\/image\/","url":"https:\/\/www.iplay.com\/wp-content\/uploads\/2023\/11\/Group-6100.svg","contentUrl":"https:\/\/www.iplay.com\/wp-content\/uploads\/2023\/11\/Group-6100.svg","width":98,"height":25,"caption":"IPlay"},"image":{"@id":"https:\/\/www.iplay.com\/en\/#\/schema\/logo\/image\/"}}]}},"_links":{"self":[{"href":"https:\/\/www.iplay.com\/fr\/wp-json\/wp\/v2\/product\/139120","targetHints":{"allow":["GET"]}}],"collection":[{"href":"https:\/\/www.iplay.com\/fr\/wp-json\/wp\/v2\/product"}],"about":[{"href":"https:\/\/www.iplay.com\/fr\/wp-json\/wp\/v2\/types\/product"}],"author":[{"embeddable":true,"href":"https:\/\/www.iplay.com\/fr\/wp-json\/wp\/v2\/users\/19"}],"replies":[{"embeddable":true,"href":"https:\/\/www.iplay.com\/fr\/wp-json\/wp\/v2\/comments?post=139120"}],"wp:featuredmedia":[{"embeddable":true,"href":"https:\/\/www.iplay.com\/fr\/wp-json\/wp\/v2\/media\/138967"}],"wp:attachment":[{"href":"https:\/\/www.iplay.com\/fr\/wp-json\/wp\/v2\/media?parent=139120"}],"wp:term":[{"taxonomy":"product_brand","embeddable":true,"href":"https:\/\/www.iplay.com\/fr\/wp-json\/wp\/v2\/product_brand?post=139120"},{"taxonomy":"product_cat","embeddable":true,"href":"https:\/\/www.iplay.com\/fr\/wp-json\/wp\/v2\/product_cat?post=139120"},{"taxonomy":"product_tag","embeddable":true,"href":"https:\/\/www.iplay.com\/fr\/wp-json\/wp\/v2\/product_tag?post=139120"}],"curies":[{"name":"wp","href":"https:\/\/api.w.org\/{rel}","templated":true}]}}