{"id":138843,"date":"2025-06-24T08:30:22","date_gmt":"2025-06-24T08:30:22","guid":{"rendered":"https:\/\/www.iplay.com\/?post_type=product&p=138843"},"modified":"2025-06-24T08:30:22","modified_gmt":"2025-06-24T08:30:22","slug":"three-little-pigs","status":"publish","type":"product","link":"https:\/\/www.iplay.com\/fr\/games\/three-little-pigs\/","title":{"rendered":"Three Little Pigs"},"content":{"rendered":"<p class=\"whitespace-normal break-words ai-optimize-33 ai-optimize-introduction\">Votre enfant apprend en jouant \u00e0 ce jeu d\u2019histoire amusant. Un psychologue pour enfants a cr\u00e9\u00e9 cette application pour les enfants \u00e2g\u00e9s de 3 \u00e0 5 ans. Votre enfant suit les trois petits cochons tout au long de leur aventure.  <\/p>\n<p class=\"whitespace-normal break-words ai-optimize-34\">Le jeu apprend \u00e0 votre enfant \u00e0 r\u00e9fl\u00e9chir et \u00e0 r\u00e9soudre des probl\u00e8mes. Votre enfant r\u00e9alise des puzzles, des labyrinthes et des jeux de m\u00e9moire. Chaque activit\u00e9 aide le cerveau de votre enfant \u00e0 se renforcer.  <\/p>\n<p class=\"whitespace-normal break-words ai-optimize-35\">L\u2019histoire et les jeux fonctionnent parfaitement ensemble. Votre enfant reste int\u00e9ress\u00e9 tout en apprenant des comp\u00e9tences importantes. Les couleurs vives et les d\u00e9fis adapt\u00e9s \u00e0 l\u2019\u00e2ge de votre enfant maintiennent l\u2019int\u00e9r\u00eat de votre enfant.  <\/p>\n<p>&nbsp;<\/p>\n<p class=\"ai-optimize-42\"><strong>Fonctionnalit\u00e9s<\/strong><\/p>\n<ul class=\"[&amp;:not(:last-child)_ul]:pb-1 [&amp;:not(:last-child)_ol]:pb-1 list-disc space-y-1.5 pl-7\">\n<li class=\"whitespace-normal break-words ai-optimize-37\">Des jeux d\u2019histoire qui enseignent pendant que votre enfant joue<\/li>\n<li class=\"whitespace-normal break-words ai-optimize-38\">Labyrinthes, puzzles et jeux de m\u00e9moire qui d\u00e9veloppent les capacit\u00e9s de r\u00e9flexion<\/li>\n<li class=\"whitespace-normal break-words ai-optimize-39\">Des activit\u00e9s logiques qui rendent le cerveau de votre enfant plus fort<\/li>\n<li class=\"whitespace-normal break-words ai-optimize-40\">Des images lumineuses qui attirent l\u2019attention de votre enfant<\/li>\n<li class=\"whitespace-normal break-words ai-optimize-41\">Des jeux con\u00e7us par un expert pour aider votre enfant \u00e0 apprendre<\/li>\n<\/ul>\n","protected":false},"excerpt":{"rendered":"<p>Aidez \u00e0 d\u00e9velopper la logique, la m\u00e9moire et l\u2019attention avec Three Little Pigs !<\/p>\n","protected":false},"author":320,"featured_media":138834,"comment_status":"open","ping_status":"closed","template":"","meta":{"_acf_changed":false,"inline_featured_image":false},"product_brand":[],"product_cat":[193,202],"product_tag":[287],"class_list":{"0":"post-138843","1":"product","2":"type-product","3":"status-publish","4":"has-post-thumbnail","6":"product_cat-puzzle-fr","7":"product_cat-removed-content-fr","8":"product_tag-play-on-pc-fr","10":"first","11":"instock","12":"shipping-taxable","13":"purchasable","14":"product-type-simple"},"acf":[],"yoast_head":"<!-- This site is optimized with the Yoast SEO Premium plugin v25.2 (Yoast SEO v25.2) - https:\/\/yoast.com\/wordpress\/plugins\/seo\/ -->\n<title>Three Little Pigs : jeu de logique et de m\u00e9moire pour les enfants<\/title>\n<meta name=\"description\" content=\"Aidez \u00e0 d\u00e9velopper la logique, la m\u00e9moire et l\u2019attention avec Three Little Pigs !\" \/>\n<meta name=\"robots\" content=\"index, follow, max-snippet:-1, max-image-preview:large, max-video-preview:-1\" \/>\n<link rel=\"canonical\" href=\"https:\/\/www.iplay.com\/en\/games\/three-little-pigs\/\" \/>\n<meta property=\"og:locale\" content=\"fr_FR\" \/>\n<meta property=\"og:type\" content=\"article\" \/>\n<meta property=\"og:title\" content=\"Three Little Pigs\" \/>\n<meta property=\"og:description\" content=\"Aidez \u00e0 d\u00e9velopper la logique, la m\u00e9moire et l\u2019attention avec Three Little Pigs !\" \/>\n<meta property=\"og:url\" content=\"https:\/\/www.iplay.com\/en\/games\/three-little-pigs\/\" \/>\n<meta property=\"og:site_name\" content=\"IPlay\" \/>\n<meta property=\"og:image\" content=\"https:\/\/www.iplay.com\/wp-content\/uploads\/2025\/06\/three_little_pigs_large_video_screenshot.webp\" \/>\n\t<meta property=\"og:image:width\" content=\"715\" \/>\n\t<meta property=\"og:image:height\" content=\"485\" \/>\n\t<meta property=\"og:image:type\" content=\"image\/webp\" \/>\n<meta name=\"twitter:card\" content=\"summary_large_image\" \/>\n<meta name=\"twitter:label1\" content=\"Dur\u00e9e de lecture estim\u00e9e\" \/>\n\t<meta name=\"twitter:data1\" content=\"1 minute\" \/>\n<script type=\"application\/ld+json\" class=\"yoast-schema-graph\">{\"@context\":\"https:\/\/schema.org\",\"@graph\":[{\"@type\":\"WebPage\",\"@id\":\"https:\/\/www.iplay.com\/en\/games\/three-little-pigs\/\",\"url\":\"https:\/\/www.iplay.com\/en\/games\/three-little-pigs\/\",\"name\":\"Three Little Pigs : jeu de logique et de m\u00e9moire pour les enfants\",\"isPartOf\":{\"@id\":\"https:\/\/www.iplay.com\/en\/#website\"},\"primaryImageOfPage\":{\"@id\":\"https:\/\/www.iplay.com\/en\/games\/three-little-pigs\/#primaryimage\"},\"image\":{\"@id\":\"https:\/\/www.iplay.com\/en\/games\/three-little-pigs\/#primaryimage\"},\"thumbnailUrl\":\"https:\/\/www.iplay.com\/wp-content\/uploads\/2025\/06\/three_little_pigs_large_square_tile_image.webp\",\"datePublished\":\"2025-06-24T08:30:22+00:00\",\"description\":\"Aidez \u00e0 d\u00e9velopper la logique, la m\u00e9moire et l\u2019attention avec Three Little Pigs !\",\"breadcrumb\":{\"@id\":\"https:\/\/www.iplay.com\/en\/games\/three-little-pigs\/#breadcrumb\"},\"inLanguage\":\"fr-FR\",\"potentialAction\":[{\"@type\":\"ReadAction\",\"target\":[\"https:\/\/www.iplay.com\/en\/games\/three-little-pigs\/\"]}]},{\"@type\":\"ImageObject\",\"inLanguage\":\"fr-FR\",\"@id\":\"https:\/\/www.iplay.com\/en\/games\/three-little-pigs\/#primaryimage\",\"url\":\"https:\/\/www.iplay.com\/wp-content\/uploads\/2025\/06\/three_little_pigs_large_square_tile_image.webp\",\"contentUrl\":\"https:\/\/www.iplay.com\/wp-content\/uploads\/2025\/06\/three_little_pigs_large_square_tile_image.webp\",\"width\":310,\"height\":310},{\"@type\":\"BreadcrumbList\",\"@id\":\"https:\/\/www.iplay.com\/en\/games\/three-little-pigs\/#breadcrumb\",\"itemListElement\":[{\"@type\":\"ListItem\",\"position\":1,\"name\":\"Home\",\"item\":\"https:\/\/www.iplay.com\/fr\/home-page-2\/\"},{\"@type\":\"ListItem\",\"position\":2,\"name\":\"Shop\",\"item\":\"https:\/\/www.iplay.com\/en\/shop\/\"},{\"@type\":\"ListItem\",\"position\":3,\"name\":\"Three Little Pigs\"}]},{\"@type\":\"WebSite\",\"@id\":\"https:\/\/www.iplay.com\/en\/#website\",\"url\":\"https:\/\/www.iplay.com\/en\/\",\"name\":\"IPlay\",\"description\":\"The Best Casual Games!\",\"publisher\":{\"@id\":\"https:\/\/www.iplay.com\/en\/#organization\"},\"potentialAction\":[{\"@type\":\"SearchAction\",\"target\":{\"@type\":\"EntryPoint\",\"urlTemplate\":\"https:\/\/www.iplay.com\/en\/?s={search_term_string}\"},\"query-input\":{\"@type\":\"PropertyValueSpecification\",\"valueRequired\":true,\"valueName\":\"search_term_string\"}}],\"inLanguage\":\"fr-FR\"},{\"@type\":\"Organization\",\"@id\":\"https:\/\/www.iplay.com\/en\/#organization\",\"name\":\"IPlay\",\"url\":\"https:\/\/www.iplay.com\/en\/\",\"logo\":{\"@type\":\"ImageObject\",\"inLanguage\":\"fr-FR\",\"@id\":\"https:\/\/www.iplay.com\/en\/#\/schema\/logo\/image\/\",\"url\":\"https:\/\/www.iplay.com\/wp-content\/uploads\/2023\/11\/Group-6100.svg\",\"contentUrl\":\"https:\/\/www.iplay.com\/wp-content\/uploads\/2023\/11\/Group-6100.svg\",\"width\":98,\"height\":25,\"caption\":\"IPlay\"},\"image\":{\"@id\":\"https:\/\/www.iplay.com\/en\/#\/schema\/logo\/image\/\"}}]}<\/script>\n<!-- \/ Yoast SEO Premium plugin. -->","yoast_head_json":{"title":"Three Little Pigs : jeu de logique et de m\u00e9moire pour les enfants","description":"Aidez \u00e0 d\u00e9velopper la logique, la m\u00e9moire et l\u2019attention avec Three Little Pigs !","robots":{"index":"index","follow":"follow","max-snippet":"max-snippet:-1","max-image-preview":"max-image-preview:large","max-video-preview":"max-video-preview:-1"},"canonical":"https:\/\/www.iplay.com\/en\/games\/three-little-pigs\/","og_locale":"fr_FR","og_type":"article","og_title":"Three Little Pigs","og_description":"Aidez \u00e0 d\u00e9velopper la logique, la m\u00e9moire et l\u2019attention avec Three Little Pigs !","og_url":"https:\/\/www.iplay.com\/en\/games\/three-little-pigs\/","og_site_name":"IPlay","og_image":[{"width":715,"height":485,"url":"https:\/\/www.iplay.com\/wp-content\/uploads\/2025\/06\/three_little_pigs_large_video_screenshot.webp","type":"image\/webp"}],"twitter_card":"summary_large_image","twitter_misc":{"Dur\u00e9e de lecture estim\u00e9e":"1 minute"},"schema":{"@context":"https:\/\/schema.org","@graph":[{"@type":"WebPage","@id":"https:\/\/www.iplay.com\/en\/games\/three-little-pigs\/","url":"https:\/\/www.iplay.com\/en\/games\/three-little-pigs\/","name":"Three Little Pigs : jeu de logique et de m\u00e9moire pour les enfants","isPartOf":{"@id":"https:\/\/www.iplay.com\/en\/#website"},"primaryImageOfPage":{"@id":"https:\/\/www.iplay.com\/en\/games\/three-little-pigs\/#primaryimage"},"image":{"@id":"https:\/\/www.iplay.com\/en\/games\/three-little-pigs\/#primaryimage"},"thumbnailUrl":"https:\/\/www.iplay.com\/wp-content\/uploads\/2025\/06\/three_little_pigs_large_square_tile_image.webp","datePublished":"2025-06-24T08:30:22+00:00","description":"Aidez \u00e0 d\u00e9velopper la logique, la m\u00e9moire et l\u2019attention avec Three Little Pigs !","breadcrumb":{"@id":"https:\/\/www.iplay.com\/en\/games\/three-little-pigs\/#breadcrumb"},"inLanguage":"fr-FR","potentialAction":[{"@type":"ReadAction","target":["https:\/\/www.iplay.com\/en\/games\/three-little-pigs\/"]}]},{"@type":"ImageObject","inLanguage":"fr-FR","@id":"https:\/\/www.iplay.com\/en\/games\/three-little-pigs\/#primaryimage","url":"https:\/\/www.iplay.com\/wp-content\/uploads\/2025\/06\/three_little_pigs_large_square_tile_image.webp","contentUrl":"https:\/\/www.iplay.com\/wp-content\/uploads\/2025\/06\/three_little_pigs_large_square_tile_image.webp","width":310,"height":310},{"@type":"BreadcrumbList","@id":"https:\/\/www.iplay.com\/en\/games\/three-little-pigs\/#breadcrumb","itemListElement":[{"@type":"ListItem","position":1,"name":"Home","item":"https:\/\/www.iplay.com\/fr\/home-page-2\/"},{"@type":"ListItem","position":2,"name":"Shop","item":"https:\/\/www.iplay.com\/en\/shop\/"},{"@type":"ListItem","position":3,"name":"Three Little Pigs"}]},{"@type":"WebSite","@id":"https:\/\/www.iplay.com\/en\/#website","url":"https:\/\/www.iplay.com\/en\/","name":"IPlay","description":"The Best Casual Games!","publisher":{"@id":"https:\/\/www.iplay.com\/en\/#organization"},"potentialAction":[{"@type":"SearchAction","target":{"@type":"EntryPoint","urlTemplate":"https:\/\/www.iplay.com\/en\/?s={search_term_string}"},"query-input":{"@type":"PropertyValueSpecification","valueRequired":true,"valueName":"search_term_string"}}],"inLanguage":"fr-FR"},{"@type":"Organization","@id":"https:\/\/www.iplay.com\/en\/#organization","name":"IPlay","url":"https:\/\/www.iplay.com\/en\/","logo":{"@type":"ImageObject","inLanguage":"fr-FR","@id":"https:\/\/www.iplay.com\/en\/#\/schema\/logo\/image\/","url":"https:\/\/www.iplay.com\/wp-content\/uploads\/2023\/11\/Group-6100.svg","contentUrl":"https:\/\/www.iplay.com\/wp-content\/uploads\/2023\/11\/Group-6100.svg","width":98,"height":25,"caption":"IPlay"},"image":{"@id":"https:\/\/www.iplay.com\/en\/#\/schema\/logo\/image\/"}}]}},"_links":{"self":[{"href":"https:\/\/www.iplay.com\/fr\/wp-json\/wp\/v2\/product\/138843","targetHints":{"allow":["GET"]}}],"collection":[{"href":"https:\/\/www.iplay.com\/fr\/wp-json\/wp\/v2\/product"}],"about":[{"href":"https:\/\/www.iplay.com\/fr\/wp-json\/wp\/v2\/types\/product"}],"author":[{"embeddable":true,"href":"https:\/\/www.iplay.com\/fr\/wp-json\/wp\/v2\/users\/320"}],"replies":[{"embeddable":true,"href":"https:\/\/www.iplay.com\/fr\/wp-json\/wp\/v2\/comments?post=138843"}],"wp:featuredmedia":[{"embeddable":true,"href":"https:\/\/www.iplay.com\/fr\/wp-json\/wp\/v2\/media\/138834"}],"wp:attachment":[{"href":"https:\/\/www.iplay.com\/fr\/wp-json\/wp\/v2\/media?parent=138843"}],"wp:term":[{"taxonomy":"product_brand","embeddable":true,"href":"https:\/\/www.iplay.com\/fr\/wp-json\/wp\/v2\/product_brand?post=138843"},{"taxonomy":"product_cat","embeddable":true,"href":"https:\/\/www.iplay.com\/fr\/wp-json\/wp\/v2\/product_cat?post=138843"},{"taxonomy":"product_tag","embeddable":true,"href":"https:\/\/www.iplay.com\/fr\/wp-json\/wp\/v2\/product_tag?post=138843"}],"curies":[{"name":"wp","href":"https:\/\/api.w.org\/{rel}","templated":true}]}}