{"id":138634,"date":"2020-07-17T00:00:00","date_gmt":"2020-07-17T00:00:00","guid":{"rendered":"https:\/\/www.iplay.com\/games\/dreamland-solitaire-dark-prophecy-collectors-edition\/"},"modified":"2020-07-17T00:00:00","modified_gmt":"2020-07-17T00:00:00","slug":"dreamland-solitaire-dark-prophecy-collectors-edition","status":"publish","type":"product","link":"https:\/\/www.iplay.com\/fr\/games\/dreamland-solitaire-dark-prophecy-collectors-edition\/","title":{"rendered":"Dreamland Solitaire: Dark Prophecy Collector&#8217;s Edition"},"content":{"rendered":"<p>Entrez dans un monde de magie dans une nouvelle aventure de solitaire \u00e9poustouflante ! Guidez une f\u00e9e au grand c\u0153ur, un noble chevalier et un puissant sorcier alors qu\u2019ils poursuivent la sorci\u00e8re mal\u00e9fique, Jill, qui a l\u2019intention de d\u00e9truire le royaume du chevalier et d\u2019asservir son peuple. Les obstacles abonderont dans votre qu\u00eate, mais l\u2019application ing\u00e9nieuse de vos comp\u00e9tences ouvrira la voie vers une fin que vous ne verrez pas venir !  <\/p>\n<p>&nbsp;<\/p>\n<p>&nbsp;<\/p>\n<p><strong>Fonctionnalit\u00e9s:<\/strong><\/p>\n<p>&nbsp;<\/p>\n<p>&#8211; 200 niveaux<br \/>\n amusants et stimulants- Cinq d\u00e9cors<br \/>\n vibrants et color\u00e9s- Huit decks exquis\u00e9ment dessin\u00e9s<br \/>\n&#8211; Wilds, Jokers et bonus<\/p>\n<p>&nbsp;<\/p>\n<p>&nbsp;<\/p>\n<p><strong>Caract\u00e9ristiques de l\u2019\u00e9dition Collector :<\/strong><\/p>\n<p>&nbsp;<\/p>\n<p>&#8211; 80 niveaux<br \/>\n bonus- Bande sonore<br \/>\n t\u00e9l\u00e9chargeable- Fonds d\u2019\u00e9cran<br \/>\n&#8211; Biographies des personnages<br \/>\n&#8211; Dix r\u00e9alisations<\/p>\n","protected":false},"excerpt":{"rendered":"<p>D\u00e9couvrez l\u2019univers magique dans ce nouveau jeu de solitaire \u00e0 couper le souffle ! Dark Prophecy CE dans Dreamland Solitaire <\/p>\n","protected":false},"author":8,"featured_media":82674,"comment_status":"open","ping_status":"closed","template":"","meta":{"_acf_changed":false,"inline_featured_image":false},"product_brand":[],"product_cat":[155,207],"product_tag":[287],"class_list":{"0":"post-138634","1":"product","2":"type-product","3":"status-publish","4":"has-post-thumbnail","6":"product_cat-card-fr-2","7":"product_cat-solitaire-fr","8":"product_tag-play-on-pc-fr","10":"first","11":"instock","12":"shipping-taxable","13":"purchasable","14":"product-type-simple"},"acf":[],"yoast_head":"<!-- This site is optimized with the Yoast SEO Premium plugin v25.2 (Yoast SEO v25.2) - https:\/\/yoast.com\/wordpress\/plugins\/seo\/ -->\n<title>Dreamland Solitaire\u00a0: Dark Prophecy Edition Collector - Entrez dans le monde magique de Dreamland Solitaire\u00a0: Dark Prophecy CE<\/title>\n<meta name=\"description\" content=\"D\u00e9couvrez l\u2019univers magique dans ce nouveau jeu de solitaire \u00e0 couper le souffle ! Dark Prophecy CE dans Dreamland Solitaire\" \/>\n<meta name=\"robots\" content=\"index, follow, max-snippet:-1, max-image-preview:large, max-video-preview:-1\" \/>\n<link rel=\"canonical\" href=\"https:\/\/www.iplay.com\/fr\/games\/dreamland-solitaire-dark-prophecy-collectors-edition\/\" \/>\n<meta property=\"og:locale\" content=\"fr_FR\" \/>\n<meta property=\"og:type\" content=\"article\" \/>\n<meta property=\"og:title\" content=\"Dreamland Solitaire: Dark Prophecy Collector&#039;s Edition\" \/>\n<meta property=\"og:description\" content=\"D\u00e9couvrez l\u2019univers magique dans ce nouveau jeu de solitaire \u00e0 couper le souffle ! Dark Prophecy CE dans Dreamland Solitaire\" \/>\n<meta property=\"og:url\" content=\"https:\/\/www.iplay.com\/fr\/games\/dreamland-solitaire-dark-prophecy-collectors-edition\/\" \/>\n<meta property=\"og:site_name\" content=\"IPlay\" \/>\n<meta property=\"og:image\" content=\"https:\/\/www.iplay.com\/wp-content\/uploads\/2023\/12\/large_square_tile_image-2674.jpg\" \/>\n\t<meta property=\"og:image:width\" content=\"310\" \/>\n\t<meta property=\"og:image:height\" content=\"310\" \/>\n\t<meta property=\"og:image:type\" content=\"image\/jpeg\" \/>\n<meta name=\"twitter:card\" content=\"summary_large_image\" \/>\n<meta name=\"twitter:label1\" content=\"Dur\u00e9e de lecture estim\u00e9e\" \/>\n\t<meta name=\"twitter:data1\" content=\"1 minute\" \/>\n<script type=\"application\/ld+json\" class=\"yoast-schema-graph\">{\"@context\":\"https:\/\/schema.org\",\"@graph\":[{\"@type\":\"WebPage\",\"@id\":\"https:\/\/www.iplay.com\/fr\/games\/dreamland-solitaire-dark-prophecy-collectors-edition\/\",\"url\":\"https:\/\/www.iplay.com\/fr\/games\/dreamland-solitaire-dark-prophecy-collectors-edition\/\",\"name\":\"Dreamland Solitaire\u00a0: Dark Prophecy Edition Collector - Entrez dans le monde magique de Dreamland Solitaire\u00a0: Dark Prophecy CE\",\"isPartOf\":{\"@id\":\"https:\/\/www.iplay.com\/en\/#website\"},\"primaryImageOfPage\":{\"@id\":\"https:\/\/www.iplay.com\/fr\/games\/dreamland-solitaire-dark-prophecy-collectors-edition\/#primaryimage\"},\"image\":{\"@id\":\"https:\/\/www.iplay.com\/fr\/games\/dreamland-solitaire-dark-prophecy-collectors-edition\/#primaryimage\"},\"thumbnailUrl\":\"https:\/\/www.iplay.com\/wp-content\/uploads\/2023\/12\/large_square_tile_image-2674.jpg\",\"datePublished\":\"2020-07-17T00:00:00+00:00\",\"description\":\"D\u00e9couvrez l\u2019univers magique dans ce nouveau jeu de solitaire \u00e0 couper le souffle ! Dark Prophecy CE dans Dreamland Solitaire\",\"breadcrumb\":{\"@id\":\"https:\/\/www.iplay.com\/fr\/games\/dreamland-solitaire-dark-prophecy-collectors-edition\/#breadcrumb\"},\"inLanguage\":\"fr-FR\",\"potentialAction\":[{\"@type\":\"ReadAction\",\"target\":[\"https:\/\/www.iplay.com\/fr\/games\/dreamland-solitaire-dark-prophecy-collectors-edition\/\"]}]},{\"@type\":\"ImageObject\",\"inLanguage\":\"fr-FR\",\"@id\":\"https:\/\/www.iplay.com\/fr\/games\/dreamland-solitaire-dark-prophecy-collectors-edition\/#primaryimage\",\"url\":\"https:\/\/www.iplay.com\/wp-content\/uploads\/2023\/12\/large_square_tile_image-2674.jpg\",\"contentUrl\":\"https:\/\/www.iplay.com\/wp-content\/uploads\/2023\/12\/large_square_tile_image-2674.jpg\",\"width\":310,\"height\":310},{\"@type\":\"BreadcrumbList\",\"@id\":\"https:\/\/www.iplay.com\/fr\/games\/dreamland-solitaire-dark-prophecy-collectors-edition\/#breadcrumb\",\"itemListElement\":[{\"@type\":\"ListItem\",\"position\":1,\"name\":\"Home\",\"item\":\"https:\/\/www.iplay.com\/fr\/home-page-2\/\"},{\"@type\":\"ListItem\",\"position\":2,\"name\":\"Shop\",\"item\":\"https:\/\/www.iplay.com\/en\/shop\/\"},{\"@type\":\"ListItem\",\"position\":3,\"name\":\"Dreamland Solitaire: Dark Prophecy Collector&#8217;s Edition\"}]},{\"@type\":\"WebSite\",\"@id\":\"https:\/\/www.iplay.com\/en\/#website\",\"url\":\"https:\/\/www.iplay.com\/en\/\",\"name\":\"IPlay\",\"description\":\"The Best Casual Games!\",\"publisher\":{\"@id\":\"https:\/\/www.iplay.com\/en\/#organization\"},\"potentialAction\":[{\"@type\":\"SearchAction\",\"target\":{\"@type\":\"EntryPoint\",\"urlTemplate\":\"https:\/\/www.iplay.com\/en\/?s={search_term_string}\"},\"query-input\":{\"@type\":\"PropertyValueSpecification\",\"valueRequired\":true,\"valueName\":\"search_term_string\"}}],\"inLanguage\":\"fr-FR\"},{\"@type\":\"Organization\",\"@id\":\"https:\/\/www.iplay.com\/en\/#organization\",\"name\":\"IPlay\",\"url\":\"https:\/\/www.iplay.com\/en\/\",\"logo\":{\"@type\":\"ImageObject\",\"inLanguage\":\"fr-FR\",\"@id\":\"https:\/\/www.iplay.com\/en\/#\/schema\/logo\/image\/\",\"url\":\"https:\/\/www.iplay.com\/wp-content\/uploads\/2023\/11\/Group-6100.svg\",\"contentUrl\":\"https:\/\/www.iplay.com\/wp-content\/uploads\/2023\/11\/Group-6100.svg\",\"width\":98,\"height\":25,\"caption\":\"IPlay\"},\"image\":{\"@id\":\"https:\/\/www.iplay.com\/en\/#\/schema\/logo\/image\/\"}}]}<\/script>\n<!-- \/ Yoast SEO Premium plugin. -->","yoast_head_json":{"title":"Dreamland Solitaire\u00a0: Dark Prophecy Edition Collector - Entrez dans le monde magique de Dreamland Solitaire\u00a0: Dark Prophecy CE","description":"D\u00e9couvrez l\u2019univers magique dans ce nouveau jeu de solitaire \u00e0 couper le souffle ! Dark Prophecy CE dans Dreamland Solitaire","robots":{"index":"index","follow":"follow","max-snippet":"max-snippet:-1","max-image-preview":"max-image-preview:large","max-video-preview":"max-video-preview:-1"},"canonical":"https:\/\/www.iplay.com\/fr\/games\/dreamland-solitaire-dark-prophecy-collectors-edition\/","og_locale":"fr_FR","og_type":"article","og_title":"Dreamland Solitaire: Dark Prophecy Collector's Edition","og_description":"D\u00e9couvrez l\u2019univers magique dans ce nouveau jeu de solitaire \u00e0 couper le souffle ! Dark Prophecy CE dans Dreamland Solitaire","og_url":"https:\/\/www.iplay.com\/fr\/games\/dreamland-solitaire-dark-prophecy-collectors-edition\/","og_site_name":"IPlay","og_image":[{"width":310,"height":310,"url":"https:\/\/www.iplay.com\/wp-content\/uploads\/2023\/12\/large_square_tile_image-2674.jpg","type":"image\/jpeg"}],"twitter_card":"summary_large_image","twitter_misc":{"Dur\u00e9e de lecture estim\u00e9e":"1 minute"},"schema":{"@context":"https:\/\/schema.org","@graph":[{"@type":"WebPage","@id":"https:\/\/www.iplay.com\/fr\/games\/dreamland-solitaire-dark-prophecy-collectors-edition\/","url":"https:\/\/www.iplay.com\/fr\/games\/dreamland-solitaire-dark-prophecy-collectors-edition\/","name":"Dreamland Solitaire\u00a0: Dark Prophecy Edition Collector - Entrez dans le monde magique de Dreamland Solitaire\u00a0: Dark Prophecy CE","isPartOf":{"@id":"https:\/\/www.iplay.com\/en\/#website"},"primaryImageOfPage":{"@id":"https:\/\/www.iplay.com\/fr\/games\/dreamland-solitaire-dark-prophecy-collectors-edition\/#primaryimage"},"image":{"@id":"https:\/\/www.iplay.com\/fr\/games\/dreamland-solitaire-dark-prophecy-collectors-edition\/#primaryimage"},"thumbnailUrl":"https:\/\/www.iplay.com\/wp-content\/uploads\/2023\/12\/large_square_tile_image-2674.jpg","datePublished":"2020-07-17T00:00:00+00:00","description":"D\u00e9couvrez l\u2019univers magique dans ce nouveau jeu de solitaire \u00e0 couper le souffle ! Dark Prophecy CE dans Dreamland Solitaire","breadcrumb":{"@id":"https:\/\/www.iplay.com\/fr\/games\/dreamland-solitaire-dark-prophecy-collectors-edition\/#breadcrumb"},"inLanguage":"fr-FR","potentialAction":[{"@type":"ReadAction","target":["https:\/\/www.iplay.com\/fr\/games\/dreamland-solitaire-dark-prophecy-collectors-edition\/"]}]},{"@type":"ImageObject","inLanguage":"fr-FR","@id":"https:\/\/www.iplay.com\/fr\/games\/dreamland-solitaire-dark-prophecy-collectors-edition\/#primaryimage","url":"https:\/\/www.iplay.com\/wp-content\/uploads\/2023\/12\/large_square_tile_image-2674.jpg","contentUrl":"https:\/\/www.iplay.com\/wp-content\/uploads\/2023\/12\/large_square_tile_image-2674.jpg","width":310,"height":310},{"@type":"BreadcrumbList","@id":"https:\/\/www.iplay.com\/fr\/games\/dreamland-solitaire-dark-prophecy-collectors-edition\/#breadcrumb","itemListElement":[{"@type":"ListItem","position":1,"name":"Home","item":"https:\/\/www.iplay.com\/fr\/home-page-2\/"},{"@type":"ListItem","position":2,"name":"Shop","item":"https:\/\/www.iplay.com\/en\/shop\/"},{"@type":"ListItem","position":3,"name":"Dreamland Solitaire: Dark Prophecy Collector&#8217;s Edition"}]},{"@type":"WebSite","@id":"https:\/\/www.iplay.com\/en\/#website","url":"https:\/\/www.iplay.com\/en\/","name":"IPlay","description":"The Best Casual Games!","publisher":{"@id":"https:\/\/www.iplay.com\/en\/#organization"},"potentialAction":[{"@type":"SearchAction","target":{"@type":"EntryPoint","urlTemplate":"https:\/\/www.iplay.com\/en\/?s={search_term_string}"},"query-input":{"@type":"PropertyValueSpecification","valueRequired":true,"valueName":"search_term_string"}}],"inLanguage":"fr-FR"},{"@type":"Organization","@id":"https:\/\/www.iplay.com\/en\/#organization","name":"IPlay","url":"https:\/\/www.iplay.com\/en\/","logo":{"@type":"ImageObject","inLanguage":"fr-FR","@id":"https:\/\/www.iplay.com\/en\/#\/schema\/logo\/image\/","url":"https:\/\/www.iplay.com\/wp-content\/uploads\/2023\/11\/Group-6100.svg","contentUrl":"https:\/\/www.iplay.com\/wp-content\/uploads\/2023\/11\/Group-6100.svg","width":98,"height":25,"caption":"IPlay"},"image":{"@id":"https:\/\/www.iplay.com\/en\/#\/schema\/logo\/image\/"}}]}},"_links":{"self":[{"href":"https:\/\/www.iplay.com\/fr\/wp-json\/wp\/v2\/product\/138634","targetHints":{"allow":["GET"]}}],"collection":[{"href":"https:\/\/www.iplay.com\/fr\/wp-json\/wp\/v2\/product"}],"about":[{"href":"https:\/\/www.iplay.com\/fr\/wp-json\/wp\/v2\/types\/product"}],"author":[{"embeddable":true,"href":"https:\/\/www.iplay.com\/fr\/wp-json\/wp\/v2\/users\/8"}],"replies":[{"embeddable":true,"href":"https:\/\/www.iplay.com\/fr\/wp-json\/wp\/v2\/comments?post=138634"}],"wp:featuredmedia":[{"embeddable":true,"href":"https:\/\/www.iplay.com\/fr\/wp-json\/wp\/v2\/media\/82674"}],"wp:attachment":[{"href":"https:\/\/www.iplay.com\/fr\/wp-json\/wp\/v2\/media?parent=138634"}],"wp:term":[{"taxonomy":"product_brand","embeddable":true,"href":"https:\/\/www.iplay.com\/fr\/wp-json\/wp\/v2\/product_brand?post=138634"},{"taxonomy":"product_cat","embeddable":true,"href":"https:\/\/www.iplay.com\/fr\/wp-json\/wp\/v2\/product_cat?post=138634"},{"taxonomy":"product_tag","embeddable":true,"href":"https:\/\/www.iplay.com\/fr\/wp-json\/wp\/v2\/product_tag?post=138634"}],"curies":[{"name":"wp","href":"https:\/\/api.w.org\/{rel}","templated":true}]}}