{"id":138614,"date":"2020-06-21T00:00:00","date_gmt":"2020-06-21T00:00:00","guid":{"rendered":"https:\/\/www.iplay.com\/games\/ancient-wonders-pharaoh-tomb\/"},"modified":"2020-06-21T00:00:00","modified_gmt":"2020-06-21T00:00:00","slug":"ancient-wonders-pharaoh-tomb","status":"publish","type":"product","link":"https:\/\/www.iplay.com\/fr\/games\/ancient-wonders-pharaoh-tomb\/","title":{"rendered":"Ancient Wonders: Pharaoh Tomb"},"content":{"rendered":"<p>Le faucon s\u2019est envol\u00e9 vers les cieux, et son successeur s\u2019est lev\u00e9 \u00e0 sa place. Le pharaon est mort, et c\u2019est \u00e0 vous de terminer la pr\u00e9paration du Tombeau de la Vall\u00e9e des Rois. C\u2019est \u00e0 vous qu\u2019il incombe de le d\u00e9corer en l\u2019honneur du Pharaon !  <\/p>\n<p>&nbsp;<\/p>\n<p>&nbsp;<\/p>\n<p><strong>Fonctionnalit\u00e9s:<\/strong><\/p>\n<p>&nbsp;<\/p>\n<p>&#8211; Plus de 100 styles de liens hexad\u00e9cimaux !<\/p>\n<p>&#8211; Vari\u00e9t\u00e9 de puzzles tels que l\u2019effondrement, le puzzle et rep\u00e9rez la diff\u00e9rence&nbsp;!<\/p>\n<p>&#8211; D\u00e9corez le<\/p>\n","protected":false},"excerpt":{"rendered":"<p>Terminez plus de 100 \u00e9tapes pour obtenir suffisamment d\u2019argent pour orner compl\u00e8tement la tombe du pharaon.<\/p>\n","protected":false},"author":15,"featured_media":82882,"comment_status":"open","ping_status":"closed","template":"","meta":{"_acf_changed":false,"inline_featured_image":false},"product_brand":[],"product_cat":[193],"product_tag":[],"class_list":{"0":"post-138614","1":"product","2":"type-product","3":"status-publish","4":"has-post-thumbnail","6":"product_cat-puzzle-fr","8":"first","9":"instock","10":"shipping-taxable","11":"purchasable","12":"product-type-simple"},"acf":[],"yoast_head":"<!-- This site is optimized with the Yoast SEO Premium plugin v25.2 (Yoast SEO v25.2) - https:\/\/yoast.com\/wordpress\/plugins\/seo\/ -->\n<title>Ancient Wonders\u00a0: Pharaoh Tomb - Jouez \u00e0 travers 100+ niveaux pour d\u00e9corer le Tombeau du Pharaon<\/title>\n<meta name=\"description\" content=\"Terminez plus de 100 \u00e9tapes pour obtenir suffisamment d\u2019argent pour orner compl\u00e8tement la tombe du pharaon.\" \/>\n<meta name=\"robots\" content=\"index, follow, max-snippet:-1, max-image-preview:large, max-video-preview:-1\" \/>\n<link rel=\"canonical\" href=\"https:\/\/www.iplay.com\/fr\/games\/ancient-wonders-pharaoh-tomb\/\" \/>\n<meta property=\"og:locale\" content=\"fr_FR\" \/>\n<meta property=\"og:type\" content=\"article\" \/>\n<meta property=\"og:title\" content=\"Ancient Wonders: Pharaoh Tomb\" \/>\n<meta property=\"og:description\" content=\"Terminez plus de 100 \u00e9tapes pour obtenir suffisamment d\u2019argent pour orner compl\u00e8tement la tombe du pharaon.\" \/>\n<meta property=\"og:url\" content=\"https:\/\/www.iplay.com\/fr\/games\/ancient-wonders-pharaoh-tomb\/\" \/>\n<meta property=\"og:site_name\" content=\"IPlay\" \/>\n<meta property=\"og:image\" content=\"https:\/\/www.iplay.com\/wp-content\/uploads\/2023\/12\/large_square_tile_image-2687.jpg\" \/>\n\t<meta property=\"og:image:width\" content=\"310\" \/>\n\t<meta property=\"og:image:height\" content=\"310\" \/>\n\t<meta property=\"og:image:type\" content=\"image\/jpeg\" \/>\n<meta name=\"twitter:card\" content=\"summary_large_image\" \/>\n<script type=\"application\/ld+json\" class=\"yoast-schema-graph\">{\"@context\":\"https:\/\/schema.org\",\"@graph\":[{\"@type\":\"WebPage\",\"@id\":\"https:\/\/www.iplay.com\/fr\/games\/ancient-wonders-pharaoh-tomb\/\",\"url\":\"https:\/\/www.iplay.com\/fr\/games\/ancient-wonders-pharaoh-tomb\/\",\"name\":\"Ancient Wonders\u00a0: Pharaoh Tomb - Jouez \u00e0 travers 100+ niveaux pour d\u00e9corer le Tombeau du Pharaon\",\"isPartOf\":{\"@id\":\"https:\/\/www.iplay.com\/en\/#website\"},\"primaryImageOfPage\":{\"@id\":\"https:\/\/www.iplay.com\/fr\/games\/ancient-wonders-pharaoh-tomb\/#primaryimage\"},\"image\":{\"@id\":\"https:\/\/www.iplay.com\/fr\/games\/ancient-wonders-pharaoh-tomb\/#primaryimage\"},\"thumbnailUrl\":\"https:\/\/www.iplay.com\/wp-content\/uploads\/2023\/12\/large_square_tile_image-2687.jpg\",\"datePublished\":\"2020-06-21T00:00:00+00:00\",\"description\":\"Terminez plus de 100 \u00e9tapes pour obtenir suffisamment d\u2019argent pour orner compl\u00e8tement la tombe du pharaon.\",\"breadcrumb\":{\"@id\":\"https:\/\/www.iplay.com\/fr\/games\/ancient-wonders-pharaoh-tomb\/#breadcrumb\"},\"inLanguage\":\"fr-FR\",\"potentialAction\":[{\"@type\":\"ReadAction\",\"target\":[\"https:\/\/www.iplay.com\/fr\/games\/ancient-wonders-pharaoh-tomb\/\"]}]},{\"@type\":\"ImageObject\",\"inLanguage\":\"fr-FR\",\"@id\":\"https:\/\/www.iplay.com\/fr\/games\/ancient-wonders-pharaoh-tomb\/#primaryimage\",\"url\":\"https:\/\/www.iplay.com\/wp-content\/uploads\/2023\/12\/large_square_tile_image-2687.jpg\",\"contentUrl\":\"https:\/\/www.iplay.com\/wp-content\/uploads\/2023\/12\/large_square_tile_image-2687.jpg\",\"width\":310,\"height\":310},{\"@type\":\"BreadcrumbList\",\"@id\":\"https:\/\/www.iplay.com\/fr\/games\/ancient-wonders-pharaoh-tomb\/#breadcrumb\",\"itemListElement\":[{\"@type\":\"ListItem\",\"position\":1,\"name\":\"Home\",\"item\":\"https:\/\/www.iplay.com\/fr\/home-page-2\/\"},{\"@type\":\"ListItem\",\"position\":2,\"name\":\"Shop\",\"item\":\"https:\/\/www.iplay.com\/en\/shop\/\"},{\"@type\":\"ListItem\",\"position\":3,\"name\":\"Ancient Wonders: Pharaoh Tomb\"}]},{\"@type\":\"WebSite\",\"@id\":\"https:\/\/www.iplay.com\/en\/#website\",\"url\":\"https:\/\/www.iplay.com\/en\/\",\"name\":\"IPlay\",\"description\":\"The Best Casual Games!\",\"publisher\":{\"@id\":\"https:\/\/www.iplay.com\/en\/#organization\"},\"potentialAction\":[{\"@type\":\"SearchAction\",\"target\":{\"@type\":\"EntryPoint\",\"urlTemplate\":\"https:\/\/www.iplay.com\/en\/?s={search_term_string}\"},\"query-input\":{\"@type\":\"PropertyValueSpecification\",\"valueRequired\":true,\"valueName\":\"search_term_string\"}}],\"inLanguage\":\"fr-FR\"},{\"@type\":\"Organization\",\"@id\":\"https:\/\/www.iplay.com\/en\/#organization\",\"name\":\"IPlay\",\"url\":\"https:\/\/www.iplay.com\/en\/\",\"logo\":{\"@type\":\"ImageObject\",\"inLanguage\":\"fr-FR\",\"@id\":\"https:\/\/www.iplay.com\/en\/#\/schema\/logo\/image\/\",\"url\":\"https:\/\/www.iplay.com\/wp-content\/uploads\/2023\/11\/Group-6100.svg\",\"contentUrl\":\"https:\/\/www.iplay.com\/wp-content\/uploads\/2023\/11\/Group-6100.svg\",\"width\":98,\"height\":25,\"caption\":\"IPlay\"},\"image\":{\"@id\":\"https:\/\/www.iplay.com\/en\/#\/schema\/logo\/image\/\"}}]}<\/script>\n<!-- \/ Yoast SEO Premium plugin. -->","yoast_head_json":{"title":"Ancient Wonders\u00a0: Pharaoh Tomb - Jouez \u00e0 travers 100+ niveaux pour d\u00e9corer le Tombeau du Pharaon","description":"Terminez plus de 100 \u00e9tapes pour obtenir suffisamment d\u2019argent pour orner compl\u00e8tement la tombe du pharaon.","robots":{"index":"index","follow":"follow","max-snippet":"max-snippet:-1","max-image-preview":"max-image-preview:large","max-video-preview":"max-video-preview:-1"},"canonical":"https:\/\/www.iplay.com\/fr\/games\/ancient-wonders-pharaoh-tomb\/","og_locale":"fr_FR","og_type":"article","og_title":"Ancient Wonders: Pharaoh Tomb","og_description":"Terminez plus de 100 \u00e9tapes pour obtenir suffisamment d\u2019argent pour orner compl\u00e8tement la tombe du pharaon.","og_url":"https:\/\/www.iplay.com\/fr\/games\/ancient-wonders-pharaoh-tomb\/","og_site_name":"IPlay","og_image":[{"width":310,"height":310,"url":"https:\/\/www.iplay.com\/wp-content\/uploads\/2023\/12\/large_square_tile_image-2687.jpg","type":"image\/jpeg"}],"twitter_card":"summary_large_image","schema":{"@context":"https:\/\/schema.org","@graph":[{"@type":"WebPage","@id":"https:\/\/www.iplay.com\/fr\/games\/ancient-wonders-pharaoh-tomb\/","url":"https:\/\/www.iplay.com\/fr\/games\/ancient-wonders-pharaoh-tomb\/","name":"Ancient Wonders\u00a0: Pharaoh Tomb - Jouez \u00e0 travers 100+ niveaux pour d\u00e9corer le Tombeau du Pharaon","isPartOf":{"@id":"https:\/\/www.iplay.com\/en\/#website"},"primaryImageOfPage":{"@id":"https:\/\/www.iplay.com\/fr\/games\/ancient-wonders-pharaoh-tomb\/#primaryimage"},"image":{"@id":"https:\/\/www.iplay.com\/fr\/games\/ancient-wonders-pharaoh-tomb\/#primaryimage"},"thumbnailUrl":"https:\/\/www.iplay.com\/wp-content\/uploads\/2023\/12\/large_square_tile_image-2687.jpg","datePublished":"2020-06-21T00:00:00+00:00","description":"Terminez plus de 100 \u00e9tapes pour obtenir suffisamment d\u2019argent pour orner compl\u00e8tement la tombe du pharaon.","breadcrumb":{"@id":"https:\/\/www.iplay.com\/fr\/games\/ancient-wonders-pharaoh-tomb\/#breadcrumb"},"inLanguage":"fr-FR","potentialAction":[{"@type":"ReadAction","target":["https:\/\/www.iplay.com\/fr\/games\/ancient-wonders-pharaoh-tomb\/"]}]},{"@type":"ImageObject","inLanguage":"fr-FR","@id":"https:\/\/www.iplay.com\/fr\/games\/ancient-wonders-pharaoh-tomb\/#primaryimage","url":"https:\/\/www.iplay.com\/wp-content\/uploads\/2023\/12\/large_square_tile_image-2687.jpg","contentUrl":"https:\/\/www.iplay.com\/wp-content\/uploads\/2023\/12\/large_square_tile_image-2687.jpg","width":310,"height":310},{"@type":"BreadcrumbList","@id":"https:\/\/www.iplay.com\/fr\/games\/ancient-wonders-pharaoh-tomb\/#breadcrumb","itemListElement":[{"@type":"ListItem","position":1,"name":"Home","item":"https:\/\/www.iplay.com\/fr\/home-page-2\/"},{"@type":"ListItem","position":2,"name":"Shop","item":"https:\/\/www.iplay.com\/en\/shop\/"},{"@type":"ListItem","position":3,"name":"Ancient Wonders: Pharaoh Tomb"}]},{"@type":"WebSite","@id":"https:\/\/www.iplay.com\/en\/#website","url":"https:\/\/www.iplay.com\/en\/","name":"IPlay","description":"The Best Casual Games!","publisher":{"@id":"https:\/\/www.iplay.com\/en\/#organization"},"potentialAction":[{"@type":"SearchAction","target":{"@type":"EntryPoint","urlTemplate":"https:\/\/www.iplay.com\/en\/?s={search_term_string}"},"query-input":{"@type":"PropertyValueSpecification","valueRequired":true,"valueName":"search_term_string"}}],"inLanguage":"fr-FR"},{"@type":"Organization","@id":"https:\/\/www.iplay.com\/en\/#organization","name":"IPlay","url":"https:\/\/www.iplay.com\/en\/","logo":{"@type":"ImageObject","inLanguage":"fr-FR","@id":"https:\/\/www.iplay.com\/en\/#\/schema\/logo\/image\/","url":"https:\/\/www.iplay.com\/wp-content\/uploads\/2023\/11\/Group-6100.svg","contentUrl":"https:\/\/www.iplay.com\/wp-content\/uploads\/2023\/11\/Group-6100.svg","width":98,"height":25,"caption":"IPlay"},"image":{"@id":"https:\/\/www.iplay.com\/en\/#\/schema\/logo\/image\/"}}]}},"_links":{"self":[{"href":"https:\/\/www.iplay.com\/fr\/wp-json\/wp\/v2\/product\/138614","targetHints":{"allow":["GET"]}}],"collection":[{"href":"https:\/\/www.iplay.com\/fr\/wp-json\/wp\/v2\/product"}],"about":[{"href":"https:\/\/www.iplay.com\/fr\/wp-json\/wp\/v2\/types\/product"}],"author":[{"embeddable":true,"href":"https:\/\/www.iplay.com\/fr\/wp-json\/wp\/v2\/users\/15"}],"replies":[{"embeddable":true,"href":"https:\/\/www.iplay.com\/fr\/wp-json\/wp\/v2\/comments?post=138614"}],"wp:featuredmedia":[{"embeddable":true,"href":"https:\/\/www.iplay.com\/fr\/wp-json\/wp\/v2\/media\/82882"}],"wp:attachment":[{"href":"https:\/\/www.iplay.com\/fr\/wp-json\/wp\/v2\/media?parent=138614"}],"wp:term":[{"taxonomy":"product_brand","embeddable":true,"href":"https:\/\/www.iplay.com\/fr\/wp-json\/wp\/v2\/product_brand?post=138614"},{"taxonomy":"product_cat","embeddable":true,"href":"https:\/\/www.iplay.com\/fr\/wp-json\/wp\/v2\/product_cat?post=138614"},{"taxonomy":"product_tag","embeddable":true,"href":"https:\/\/www.iplay.com\/fr\/wp-json\/wp\/v2\/product_tag?post=138614"}],"curies":[{"name":"wp","href":"https:\/\/api.w.org\/{rel}","templated":true}]}}