{"id":138564,"date":"2020-05-18T00:00:00","date_gmt":"2020-05-18T00:00:00","guid":{"rendered":"https:\/\/www.iplay.com\/games\/legends-of-solitaire-diamond-relic\/"},"modified":"2020-05-18T00:00:00","modified_gmt":"2020-05-18T00:00:00","slug":"legends-of-solitaire-diamond-relic","status":"publish","type":"product","link":"https:\/\/www.iplay.com\/fr\/games\/legends-of-solitaire-diamond-relic\/","title":{"rendered":"Legends of Solitaire Diamond Relic"},"content":{"rendered":"<p>Les combattants les plus courageux du royaume de Solitaire ont offert leurs services pour se lancer dans une mission \u00e0 laquelle les forts ne pourraient survivre. Ils doivent \u00eatre prudents face au mal et au p\u00e9ril qui les attendent lorsqu\u2019ils s\u2019aventurent en territoire inconnu. Apr\u00e8s avoir \u00e9t\u00e9 perdue pendant un long moment, il \u00e9tait temps de remettre la relique de diamant \u00e0 son emplacement et d\u2019emp\u00eacher quiconque de trahir le pouvoir qu\u2019elle poss\u00e8de. Le jeu de cartes est un jeu de cartes de style bataille ! Il s\u2019agit d\u2019une suite de la c\u00e9l\u00e8bre s\u00e9rie Legends of Solitaire. Il dispose d\u2019une toute nouvelle intrigue, de trois niveaux de difficult\u00e9 et de trois modes de jeu : One Up, One Down, Match 2 et Make 14. Il comprend \u00e9galement des mini-jeux. Sections consacr\u00e9es aux objets cach\u00e9s&nbsp;; 36 marchandises de magasin&nbsp;; 200 niveaux de cartes<\/p>\n","protected":false},"excerpt":{"rendered":"<p>Pour localiser et obtenir la relique de diamant, jouez au solitaire avec Legends of Solitaire Diamond Relic.<\/p>\n","protected":false},"author":129,"featured_media":83191,"comment_status":"open","ping_status":"closed","template":"","meta":{"_acf_changed":false,"inline_featured_image":false},"product_brand":[],"product_cat":[155,207],"product_tag":[287],"class_list":{"0":"post-138564","1":"product","2":"type-product","3":"status-publish","4":"has-post-thumbnail","6":"product_cat-card-fr-2","7":"product_cat-solitaire-fr","8":"product_tag-play-on-pc-fr","10":"first","11":"instock","12":"shipping-taxable","13":"purchasable","14":"product-type-simple"},"acf":[],"yoast_head":"<!-- This site is optimized with the Yoast SEO Premium plugin v25.2 (Yoast SEO v25.2) - https:\/\/yoast.com\/wordpress\/plugins\/seo\/ -->\n<title>Legends of Solitaire Diamond Relic - R\u00e9cup\u00e9rez la relique de diamant gr\u00e2ce au solitaire<\/title>\n<meta name=\"description\" content=\"Pour localiser et obtenir la relique de diamant, jouez au solitaire avec Legends of Solitaire Diamond Relic.\" \/>\n<meta name=\"robots\" content=\"index, follow, max-snippet:-1, max-image-preview:large, max-video-preview:-1\" \/>\n<link rel=\"canonical\" href=\"https:\/\/www.iplay.com\/fr\/games\/legends-of-solitaire-diamond-relic\/\" \/>\n<meta property=\"og:locale\" content=\"fr_FR\" \/>\n<meta property=\"og:type\" content=\"article\" \/>\n<meta property=\"og:title\" content=\"Legends of Solitaire Diamond Relic\" \/>\n<meta property=\"og:description\" content=\"Pour localiser et obtenir la relique de diamant, jouez au solitaire avec Legends of Solitaire Diamond Relic.\" \/>\n<meta property=\"og:url\" content=\"https:\/\/www.iplay.com\/fr\/games\/legends-of-solitaire-diamond-relic\/\" \/>\n<meta property=\"og:site_name\" content=\"IPlay\" \/>\n<meta property=\"og:image\" content=\"https:\/\/www.iplay.com\/wp-content\/uploads\/2023\/12\/large_square_tile_image-2708.jpg\" \/>\n\t<meta property=\"og:image:width\" content=\"310\" \/>\n\t<meta property=\"og:image:height\" content=\"310\" \/>\n\t<meta property=\"og:image:type\" content=\"image\/jpeg\" \/>\n<meta name=\"twitter:card\" content=\"summary_large_image\" \/>\n<meta name=\"twitter:label1\" content=\"Dur\u00e9e de lecture estim\u00e9e\" \/>\n\t<meta name=\"twitter:data1\" content=\"1 minute\" \/>\n<script type=\"application\/ld+json\" class=\"yoast-schema-graph\">{\"@context\":\"https:\/\/schema.org\",\"@graph\":[{\"@type\":\"WebPage\",\"@id\":\"https:\/\/www.iplay.com\/fr\/games\/legends-of-solitaire-diamond-relic\/\",\"url\":\"https:\/\/www.iplay.com\/fr\/games\/legends-of-solitaire-diamond-relic\/\",\"name\":\"Legends of Solitaire Diamond Relic - R\u00e9cup\u00e9rez la relique de diamant gr\u00e2ce au solitaire\",\"isPartOf\":{\"@id\":\"https:\/\/www.iplay.com\/en\/#website\"},\"primaryImageOfPage\":{\"@id\":\"https:\/\/www.iplay.com\/fr\/games\/legends-of-solitaire-diamond-relic\/#primaryimage\"},\"image\":{\"@id\":\"https:\/\/www.iplay.com\/fr\/games\/legends-of-solitaire-diamond-relic\/#primaryimage\"},\"thumbnailUrl\":\"https:\/\/www.iplay.com\/wp-content\/uploads\/2023\/12\/large_square_tile_image-2708.jpg\",\"datePublished\":\"2020-05-18T00:00:00+00:00\",\"description\":\"Pour localiser et obtenir la relique de diamant, jouez au solitaire avec Legends of Solitaire Diamond Relic.\",\"breadcrumb\":{\"@id\":\"https:\/\/www.iplay.com\/fr\/games\/legends-of-solitaire-diamond-relic\/#breadcrumb\"},\"inLanguage\":\"fr-FR\",\"potentialAction\":[{\"@type\":\"ReadAction\",\"target\":[\"https:\/\/www.iplay.com\/fr\/games\/legends-of-solitaire-diamond-relic\/\"]}]},{\"@type\":\"ImageObject\",\"inLanguage\":\"fr-FR\",\"@id\":\"https:\/\/www.iplay.com\/fr\/games\/legends-of-solitaire-diamond-relic\/#primaryimage\",\"url\":\"https:\/\/www.iplay.com\/wp-content\/uploads\/2023\/12\/large_square_tile_image-2708.jpg\",\"contentUrl\":\"https:\/\/www.iplay.com\/wp-content\/uploads\/2023\/12\/large_square_tile_image-2708.jpg\",\"width\":310,\"height\":310},{\"@type\":\"BreadcrumbList\",\"@id\":\"https:\/\/www.iplay.com\/fr\/games\/legends-of-solitaire-diamond-relic\/#breadcrumb\",\"itemListElement\":[{\"@type\":\"ListItem\",\"position\":1,\"name\":\"Home\",\"item\":\"https:\/\/www.iplay.com\/fr\/home-page-2\/\"},{\"@type\":\"ListItem\",\"position\":2,\"name\":\"Shop\",\"item\":\"https:\/\/www.iplay.com\/en\/shop\/\"},{\"@type\":\"ListItem\",\"position\":3,\"name\":\"Legends of Solitaire Diamond Relic\"}]},{\"@type\":\"WebSite\",\"@id\":\"https:\/\/www.iplay.com\/en\/#website\",\"url\":\"https:\/\/www.iplay.com\/en\/\",\"name\":\"IPlay\",\"description\":\"The Best Casual Games!\",\"publisher\":{\"@id\":\"https:\/\/www.iplay.com\/en\/#organization\"},\"potentialAction\":[{\"@type\":\"SearchAction\",\"target\":{\"@type\":\"EntryPoint\",\"urlTemplate\":\"https:\/\/www.iplay.com\/en\/?s={search_term_string}\"},\"query-input\":{\"@type\":\"PropertyValueSpecification\",\"valueRequired\":true,\"valueName\":\"search_term_string\"}}],\"inLanguage\":\"fr-FR\"},{\"@type\":\"Organization\",\"@id\":\"https:\/\/www.iplay.com\/en\/#organization\",\"name\":\"IPlay\",\"url\":\"https:\/\/www.iplay.com\/en\/\",\"logo\":{\"@type\":\"ImageObject\",\"inLanguage\":\"fr-FR\",\"@id\":\"https:\/\/www.iplay.com\/en\/#\/schema\/logo\/image\/\",\"url\":\"https:\/\/www.iplay.com\/wp-content\/uploads\/2023\/11\/Group-6100.svg\",\"contentUrl\":\"https:\/\/www.iplay.com\/wp-content\/uploads\/2023\/11\/Group-6100.svg\",\"width\":98,\"height\":25,\"caption\":\"IPlay\"},\"image\":{\"@id\":\"https:\/\/www.iplay.com\/en\/#\/schema\/logo\/image\/\"}}]}<\/script>\n<!-- \/ Yoast SEO Premium plugin. -->","yoast_head_json":{"title":"Legends of Solitaire Diamond Relic - R\u00e9cup\u00e9rez la relique de diamant gr\u00e2ce au solitaire","description":"Pour localiser et obtenir la relique de diamant, jouez au solitaire avec Legends of Solitaire Diamond Relic.","robots":{"index":"index","follow":"follow","max-snippet":"max-snippet:-1","max-image-preview":"max-image-preview:large","max-video-preview":"max-video-preview:-1"},"canonical":"https:\/\/www.iplay.com\/fr\/games\/legends-of-solitaire-diamond-relic\/","og_locale":"fr_FR","og_type":"article","og_title":"Legends of Solitaire Diamond Relic","og_description":"Pour localiser et obtenir la relique de diamant, jouez au solitaire avec Legends of Solitaire Diamond Relic.","og_url":"https:\/\/www.iplay.com\/fr\/games\/legends-of-solitaire-diamond-relic\/","og_site_name":"IPlay","og_image":[{"width":310,"height":310,"url":"https:\/\/www.iplay.com\/wp-content\/uploads\/2023\/12\/large_square_tile_image-2708.jpg","type":"image\/jpeg"}],"twitter_card":"summary_large_image","twitter_misc":{"Dur\u00e9e de lecture estim\u00e9e":"1 minute"},"schema":{"@context":"https:\/\/schema.org","@graph":[{"@type":"WebPage","@id":"https:\/\/www.iplay.com\/fr\/games\/legends-of-solitaire-diamond-relic\/","url":"https:\/\/www.iplay.com\/fr\/games\/legends-of-solitaire-diamond-relic\/","name":"Legends of Solitaire Diamond Relic - R\u00e9cup\u00e9rez la relique de diamant gr\u00e2ce au solitaire","isPartOf":{"@id":"https:\/\/www.iplay.com\/en\/#website"},"primaryImageOfPage":{"@id":"https:\/\/www.iplay.com\/fr\/games\/legends-of-solitaire-diamond-relic\/#primaryimage"},"image":{"@id":"https:\/\/www.iplay.com\/fr\/games\/legends-of-solitaire-diamond-relic\/#primaryimage"},"thumbnailUrl":"https:\/\/www.iplay.com\/wp-content\/uploads\/2023\/12\/large_square_tile_image-2708.jpg","datePublished":"2020-05-18T00:00:00+00:00","description":"Pour localiser et obtenir la relique de diamant, jouez au solitaire avec Legends of Solitaire Diamond Relic.","breadcrumb":{"@id":"https:\/\/www.iplay.com\/fr\/games\/legends-of-solitaire-diamond-relic\/#breadcrumb"},"inLanguage":"fr-FR","potentialAction":[{"@type":"ReadAction","target":["https:\/\/www.iplay.com\/fr\/games\/legends-of-solitaire-diamond-relic\/"]}]},{"@type":"ImageObject","inLanguage":"fr-FR","@id":"https:\/\/www.iplay.com\/fr\/games\/legends-of-solitaire-diamond-relic\/#primaryimage","url":"https:\/\/www.iplay.com\/wp-content\/uploads\/2023\/12\/large_square_tile_image-2708.jpg","contentUrl":"https:\/\/www.iplay.com\/wp-content\/uploads\/2023\/12\/large_square_tile_image-2708.jpg","width":310,"height":310},{"@type":"BreadcrumbList","@id":"https:\/\/www.iplay.com\/fr\/games\/legends-of-solitaire-diamond-relic\/#breadcrumb","itemListElement":[{"@type":"ListItem","position":1,"name":"Home","item":"https:\/\/www.iplay.com\/fr\/home-page-2\/"},{"@type":"ListItem","position":2,"name":"Shop","item":"https:\/\/www.iplay.com\/en\/shop\/"},{"@type":"ListItem","position":3,"name":"Legends of Solitaire Diamond Relic"}]},{"@type":"WebSite","@id":"https:\/\/www.iplay.com\/en\/#website","url":"https:\/\/www.iplay.com\/en\/","name":"IPlay","description":"The Best Casual Games!","publisher":{"@id":"https:\/\/www.iplay.com\/en\/#organization"},"potentialAction":[{"@type":"SearchAction","target":{"@type":"EntryPoint","urlTemplate":"https:\/\/www.iplay.com\/en\/?s={search_term_string}"},"query-input":{"@type":"PropertyValueSpecification","valueRequired":true,"valueName":"search_term_string"}}],"inLanguage":"fr-FR"},{"@type":"Organization","@id":"https:\/\/www.iplay.com\/en\/#organization","name":"IPlay","url":"https:\/\/www.iplay.com\/en\/","logo":{"@type":"ImageObject","inLanguage":"fr-FR","@id":"https:\/\/www.iplay.com\/en\/#\/schema\/logo\/image\/","url":"https:\/\/www.iplay.com\/wp-content\/uploads\/2023\/11\/Group-6100.svg","contentUrl":"https:\/\/www.iplay.com\/wp-content\/uploads\/2023\/11\/Group-6100.svg","width":98,"height":25,"caption":"IPlay"},"image":{"@id":"https:\/\/www.iplay.com\/en\/#\/schema\/logo\/image\/"}}]}},"_links":{"self":[{"href":"https:\/\/www.iplay.com\/fr\/wp-json\/wp\/v2\/product\/138564","targetHints":{"allow":["GET"]}}],"collection":[{"href":"https:\/\/www.iplay.com\/fr\/wp-json\/wp\/v2\/product"}],"about":[{"href":"https:\/\/www.iplay.com\/fr\/wp-json\/wp\/v2\/types\/product"}],"author":[{"embeddable":true,"href":"https:\/\/www.iplay.com\/fr\/wp-json\/wp\/v2\/users\/129"}],"replies":[{"embeddable":true,"href":"https:\/\/www.iplay.com\/fr\/wp-json\/wp\/v2\/comments?post=138564"}],"wp:featuredmedia":[{"embeddable":true,"href":"https:\/\/www.iplay.com\/fr\/wp-json\/wp\/v2\/media\/83191"}],"wp:attachment":[{"href":"https:\/\/www.iplay.com\/fr\/wp-json\/wp\/v2\/media?parent=138564"}],"wp:term":[{"taxonomy":"product_brand","embeddable":true,"href":"https:\/\/www.iplay.com\/fr\/wp-json\/wp\/v2\/product_brand?post=138564"},{"taxonomy":"product_cat","embeddable":true,"href":"https:\/\/www.iplay.com\/fr\/wp-json\/wp\/v2\/product_cat?post=138564"},{"taxonomy":"product_tag","embeddable":true,"href":"https:\/\/www.iplay.com\/fr\/wp-json\/wp\/v2\/product_tag?post=138564"}],"curies":[{"name":"wp","href":"https:\/\/api.w.org\/{rel}","templated":true}]}}