{"id":138563,"date":"2020-05-25T00:00:00","date_gmt":"2020-05-25T00:00:00","guid":{"rendered":"https:\/\/www.iplay.com\/games\/sweet-solitaire-school-witch\/"},"modified":"2020-05-25T00:00:00","modified_gmt":"2020-05-25T00:00:00","slug":"sweet-solitaire-school-witch","status":"publish","type":"product","link":"https:\/\/www.iplay.com\/fr\/games\/sweet-solitaire-school-witch\/","title":{"rendered":"Sweet Solitaire School Witch"},"content":{"rendered":"<p>Aidez la jeune sorci\u00e8re \u00e0 manifester sa bienveillance. Entrez dans un royaume habit\u00e9 par des cr\u00e9atures \u00e9th\u00e9r\u00e9es. Vous rencontrerez de nombreuses bonnes affaires difficiles en cours de route ! Pourtant, vous en \u00eates capable ! Chaque jour, vous pouvez jouer pendant des heures avec diff\u00e9rents niveaux de difficult\u00e9, et le jeu est rendu encore plus fascinant par des cartes dor\u00e9es sp\u00e9ciales.    <\/p>\n<p>&nbsp;<\/p>\n<p>&nbsp;<\/p>\n<p><strong>Fonctionnalit\u00e9s:<\/strong><\/p>\n<p>&nbsp;<\/p>\n<p>&#8211; Boostez votre endurance et compl\u00e9tez chaque mise en page ! Jouez au jeu de cartes solitaire et construisez des cha\u00eenes de cartes !<br \/>\n&#8211; Des niveaux engageants qui vous garderont int\u00e9ress\u00e9 !<br \/>\n&#8211; Des visuels lumineux \u00e0 tous les niveaux !<br \/>\n&#8211; Les jokers vous permettent de vous d\u00e9fausser des cartes plus rapidement tout en augmentant le multiplicateur de combinaison pour maximiser vos gains de pi\u00e8ces !<br \/>\n&#8211; \u00c9liminez les cartes plus rapidement pour augmenter votre multiplicateur de combinaison et gagner plus d\u2019argent !<\/p>\n<p>&#8211; Des decks originaux avec des th\u00e8mes et douze styles de dos de carte diff\u00e9rents !<br \/>\n&#8211; Plusieurs heures d\u2019animation sont assur\u00e9es !<\/p>\n","protected":false},"excerpt":{"rendered":"<p>R\u00e9solvez les \u00e9nigmes les plus \u00e9nigmatiques que vous ayez jamais vues ! En tant que sorci\u00e8re de l\u2019\u00e9cole dans Sweet Solitaire <\/p>\n","protected":false},"author":13,"featured_media":83123,"comment_status":"open","ping_status":"closed","template":"","meta":{"_acf_changed":false,"inline_featured_image":false},"product_brand":[],"product_cat":[155,207],"product_tag":[287],"class_list":{"0":"post-138563","1":"product","2":"type-product","3":"status-publish","4":"has-post-thumbnail","6":"product_cat-card-fr-2","7":"product_cat-solitaire-fr","8":"product_tag-play-on-pc-fr","10":"first","11":"instock","12":"shipping-taxable","13":"purchasable","14":"product-type-simple"},"acf":[],"yoast_head":"<!-- This site is optimized with the Yoast SEO Premium plugin v25.2 (Yoast SEO v25.2) - https:\/\/yoast.com\/wordpress\/plugins\/seo\/ -->\n<title>Sweet Solitaire School Witch - R\u00e9solvez des mises en page mystiques<\/title>\n<meta name=\"description\" content=\"R\u00e9solvez les \u00e9nigmes les plus \u00e9nigmatiques que vous ayez jamais vues ! En tant que sorci\u00e8re de l\u2019\u00e9cole dans Sweet Solitaire\" \/>\n<meta name=\"robots\" content=\"index, follow, max-snippet:-1, max-image-preview:large, max-video-preview:-1\" \/>\n<link rel=\"canonical\" href=\"https:\/\/www.iplay.com\/fr\/games\/sweet-solitaire-school-witch\/\" \/>\n<meta property=\"og:locale\" content=\"fr_FR\" \/>\n<meta property=\"og:type\" content=\"article\" \/>\n<meta property=\"og:title\" content=\"Sweet Solitaire School Witch\" \/>\n<meta property=\"og:description\" content=\"R\u00e9solvez les \u00e9nigmes les plus \u00e9nigmatiques que vous ayez jamais vues ! En tant que sorci\u00e8re de l\u2019\u00e9cole dans Sweet Solitaire\" \/>\n<meta property=\"og:url\" content=\"https:\/\/www.iplay.com\/fr\/games\/sweet-solitaire-school-witch\/\" \/>\n<meta property=\"og:site_name\" content=\"IPlay\" \/>\n<meta property=\"og:image\" content=\"https:\/\/www.iplay.com\/wp-content\/uploads\/2023\/12\/large_square_tile_image-2704.jpg\" \/>\n\t<meta property=\"og:image:width\" content=\"310\" \/>\n\t<meta property=\"og:image:height\" content=\"310\" \/>\n\t<meta property=\"og:image:type\" content=\"image\/jpeg\" \/>\n<meta name=\"twitter:card\" content=\"summary_large_image\" \/>\n<meta name=\"twitter:label1\" content=\"Dur\u00e9e de lecture estim\u00e9e\" \/>\n\t<meta name=\"twitter:data1\" content=\"1 minute\" \/>\n<script type=\"application\/ld+json\" class=\"yoast-schema-graph\">{\"@context\":\"https:\/\/schema.org\",\"@graph\":[{\"@type\":\"WebPage\",\"@id\":\"https:\/\/www.iplay.com\/fr\/games\/sweet-solitaire-school-witch\/\",\"url\":\"https:\/\/www.iplay.com\/fr\/games\/sweet-solitaire-school-witch\/\",\"name\":\"Sweet Solitaire School Witch - R\u00e9solvez des mises en page mystiques\",\"isPartOf\":{\"@id\":\"https:\/\/www.iplay.com\/en\/#website\"},\"primaryImageOfPage\":{\"@id\":\"https:\/\/www.iplay.com\/fr\/games\/sweet-solitaire-school-witch\/#primaryimage\"},\"image\":{\"@id\":\"https:\/\/www.iplay.com\/fr\/games\/sweet-solitaire-school-witch\/#primaryimage\"},\"thumbnailUrl\":\"https:\/\/www.iplay.com\/wp-content\/uploads\/2023\/12\/large_square_tile_image-2704.jpg\",\"datePublished\":\"2020-05-25T00:00:00+00:00\",\"description\":\"R\u00e9solvez les \u00e9nigmes les plus \u00e9nigmatiques que vous ayez jamais vues ! En tant que sorci\u00e8re de l\u2019\u00e9cole dans Sweet Solitaire\",\"breadcrumb\":{\"@id\":\"https:\/\/www.iplay.com\/fr\/games\/sweet-solitaire-school-witch\/#breadcrumb\"},\"inLanguage\":\"fr-FR\",\"potentialAction\":[{\"@type\":\"ReadAction\",\"target\":[\"https:\/\/www.iplay.com\/fr\/games\/sweet-solitaire-school-witch\/\"]}]},{\"@type\":\"ImageObject\",\"inLanguage\":\"fr-FR\",\"@id\":\"https:\/\/www.iplay.com\/fr\/games\/sweet-solitaire-school-witch\/#primaryimage\",\"url\":\"https:\/\/www.iplay.com\/wp-content\/uploads\/2023\/12\/large_square_tile_image-2704.jpg\",\"contentUrl\":\"https:\/\/www.iplay.com\/wp-content\/uploads\/2023\/12\/large_square_tile_image-2704.jpg\",\"width\":310,\"height\":310},{\"@type\":\"BreadcrumbList\",\"@id\":\"https:\/\/www.iplay.com\/fr\/games\/sweet-solitaire-school-witch\/#breadcrumb\",\"itemListElement\":[{\"@type\":\"ListItem\",\"position\":1,\"name\":\"Home\",\"item\":\"https:\/\/www.iplay.com\/fr\/home-page-2\/\"},{\"@type\":\"ListItem\",\"position\":2,\"name\":\"Shop\",\"item\":\"https:\/\/www.iplay.com\/en\/shop\/\"},{\"@type\":\"ListItem\",\"position\":3,\"name\":\"Sweet Solitaire School Witch\"}]},{\"@type\":\"WebSite\",\"@id\":\"https:\/\/www.iplay.com\/en\/#website\",\"url\":\"https:\/\/www.iplay.com\/en\/\",\"name\":\"IPlay\",\"description\":\"The Best Casual Games!\",\"publisher\":{\"@id\":\"https:\/\/www.iplay.com\/en\/#organization\"},\"potentialAction\":[{\"@type\":\"SearchAction\",\"target\":{\"@type\":\"EntryPoint\",\"urlTemplate\":\"https:\/\/www.iplay.com\/en\/?s={search_term_string}\"},\"query-input\":{\"@type\":\"PropertyValueSpecification\",\"valueRequired\":true,\"valueName\":\"search_term_string\"}}],\"inLanguage\":\"fr-FR\"},{\"@type\":\"Organization\",\"@id\":\"https:\/\/www.iplay.com\/en\/#organization\",\"name\":\"IPlay\",\"url\":\"https:\/\/www.iplay.com\/en\/\",\"logo\":{\"@type\":\"ImageObject\",\"inLanguage\":\"fr-FR\",\"@id\":\"https:\/\/www.iplay.com\/en\/#\/schema\/logo\/image\/\",\"url\":\"https:\/\/www.iplay.com\/wp-content\/uploads\/2023\/11\/Group-6100.svg\",\"contentUrl\":\"https:\/\/www.iplay.com\/wp-content\/uploads\/2023\/11\/Group-6100.svg\",\"width\":98,\"height\":25,\"caption\":\"IPlay\"},\"image\":{\"@id\":\"https:\/\/www.iplay.com\/en\/#\/schema\/logo\/image\/\"}}]}<\/script>\n<!-- \/ Yoast SEO Premium plugin. -->","yoast_head_json":{"title":"Sweet Solitaire School Witch - R\u00e9solvez des mises en page mystiques","description":"R\u00e9solvez les \u00e9nigmes les plus \u00e9nigmatiques que vous ayez jamais vues ! En tant que sorci\u00e8re de l\u2019\u00e9cole dans Sweet Solitaire","robots":{"index":"index","follow":"follow","max-snippet":"max-snippet:-1","max-image-preview":"max-image-preview:large","max-video-preview":"max-video-preview:-1"},"canonical":"https:\/\/www.iplay.com\/fr\/games\/sweet-solitaire-school-witch\/","og_locale":"fr_FR","og_type":"article","og_title":"Sweet Solitaire School Witch","og_description":"R\u00e9solvez les \u00e9nigmes les plus \u00e9nigmatiques que vous ayez jamais vues ! En tant que sorci\u00e8re de l\u2019\u00e9cole dans Sweet Solitaire","og_url":"https:\/\/www.iplay.com\/fr\/games\/sweet-solitaire-school-witch\/","og_site_name":"IPlay","og_image":[{"width":310,"height":310,"url":"https:\/\/www.iplay.com\/wp-content\/uploads\/2023\/12\/large_square_tile_image-2704.jpg","type":"image\/jpeg"}],"twitter_card":"summary_large_image","twitter_misc":{"Dur\u00e9e de lecture estim\u00e9e":"1 minute"},"schema":{"@context":"https:\/\/schema.org","@graph":[{"@type":"WebPage","@id":"https:\/\/www.iplay.com\/fr\/games\/sweet-solitaire-school-witch\/","url":"https:\/\/www.iplay.com\/fr\/games\/sweet-solitaire-school-witch\/","name":"Sweet Solitaire School Witch - R\u00e9solvez des mises en page mystiques","isPartOf":{"@id":"https:\/\/www.iplay.com\/en\/#website"},"primaryImageOfPage":{"@id":"https:\/\/www.iplay.com\/fr\/games\/sweet-solitaire-school-witch\/#primaryimage"},"image":{"@id":"https:\/\/www.iplay.com\/fr\/games\/sweet-solitaire-school-witch\/#primaryimage"},"thumbnailUrl":"https:\/\/www.iplay.com\/wp-content\/uploads\/2023\/12\/large_square_tile_image-2704.jpg","datePublished":"2020-05-25T00:00:00+00:00","description":"R\u00e9solvez les \u00e9nigmes les plus \u00e9nigmatiques que vous ayez jamais vues ! En tant que sorci\u00e8re de l\u2019\u00e9cole dans Sweet Solitaire","breadcrumb":{"@id":"https:\/\/www.iplay.com\/fr\/games\/sweet-solitaire-school-witch\/#breadcrumb"},"inLanguage":"fr-FR","potentialAction":[{"@type":"ReadAction","target":["https:\/\/www.iplay.com\/fr\/games\/sweet-solitaire-school-witch\/"]}]},{"@type":"ImageObject","inLanguage":"fr-FR","@id":"https:\/\/www.iplay.com\/fr\/games\/sweet-solitaire-school-witch\/#primaryimage","url":"https:\/\/www.iplay.com\/wp-content\/uploads\/2023\/12\/large_square_tile_image-2704.jpg","contentUrl":"https:\/\/www.iplay.com\/wp-content\/uploads\/2023\/12\/large_square_tile_image-2704.jpg","width":310,"height":310},{"@type":"BreadcrumbList","@id":"https:\/\/www.iplay.com\/fr\/games\/sweet-solitaire-school-witch\/#breadcrumb","itemListElement":[{"@type":"ListItem","position":1,"name":"Home","item":"https:\/\/www.iplay.com\/fr\/home-page-2\/"},{"@type":"ListItem","position":2,"name":"Shop","item":"https:\/\/www.iplay.com\/en\/shop\/"},{"@type":"ListItem","position":3,"name":"Sweet Solitaire School Witch"}]},{"@type":"WebSite","@id":"https:\/\/www.iplay.com\/en\/#website","url":"https:\/\/www.iplay.com\/en\/","name":"IPlay","description":"The Best Casual Games!","publisher":{"@id":"https:\/\/www.iplay.com\/en\/#organization"},"potentialAction":[{"@type":"SearchAction","target":{"@type":"EntryPoint","urlTemplate":"https:\/\/www.iplay.com\/en\/?s={search_term_string}"},"query-input":{"@type":"PropertyValueSpecification","valueRequired":true,"valueName":"search_term_string"}}],"inLanguage":"fr-FR"},{"@type":"Organization","@id":"https:\/\/www.iplay.com\/en\/#organization","name":"IPlay","url":"https:\/\/www.iplay.com\/en\/","logo":{"@type":"ImageObject","inLanguage":"fr-FR","@id":"https:\/\/www.iplay.com\/en\/#\/schema\/logo\/image\/","url":"https:\/\/www.iplay.com\/wp-content\/uploads\/2023\/11\/Group-6100.svg","contentUrl":"https:\/\/www.iplay.com\/wp-content\/uploads\/2023\/11\/Group-6100.svg","width":98,"height":25,"caption":"IPlay"},"image":{"@id":"https:\/\/www.iplay.com\/en\/#\/schema\/logo\/image\/"}}]}},"_links":{"self":[{"href":"https:\/\/www.iplay.com\/fr\/wp-json\/wp\/v2\/product\/138563","targetHints":{"allow":["GET"]}}],"collection":[{"href":"https:\/\/www.iplay.com\/fr\/wp-json\/wp\/v2\/product"}],"about":[{"href":"https:\/\/www.iplay.com\/fr\/wp-json\/wp\/v2\/types\/product"}],"author":[{"embeddable":true,"href":"https:\/\/www.iplay.com\/fr\/wp-json\/wp\/v2\/users\/13"}],"replies":[{"embeddable":true,"href":"https:\/\/www.iplay.com\/fr\/wp-json\/wp\/v2\/comments?post=138563"}],"wp:featuredmedia":[{"embeddable":true,"href":"https:\/\/www.iplay.com\/fr\/wp-json\/wp\/v2\/media\/83123"}],"wp:attachment":[{"href":"https:\/\/www.iplay.com\/fr\/wp-json\/wp\/v2\/media?parent=138563"}],"wp:term":[{"taxonomy":"product_brand","embeddable":true,"href":"https:\/\/www.iplay.com\/fr\/wp-json\/wp\/v2\/product_brand?post=138563"},{"taxonomy":"product_cat","embeddable":true,"href":"https:\/\/www.iplay.com\/fr\/wp-json\/wp\/v2\/product_cat?post=138563"},{"taxonomy":"product_tag","embeddable":true,"href":"https:\/\/www.iplay.com\/fr\/wp-json\/wp\/v2\/product_tag?post=138563"}],"curies":[{"name":"wp","href":"https:\/\/api.w.org\/{rel}","templated":true}]}}