{"id":138518,"date":"2025-06-04T09:00:41","date_gmt":"2025-06-04T09:00:41","guid":{"rendered":"https:\/\/www.iplay.com\/games\/world-wonders-2-collectors-edition\/"},"modified":"2025-06-12T12:07:13","modified_gmt":"2025-06-12T12:07:13","slug":"world-wonders-2-collectors-edition","status":"publish","type":"product","link":"https:\/\/www.iplay.com\/fr\/games\/world-wonders-2-collectors-edition\/","title":{"rendered":"World Wonders 2 Collector&#8217;s Edition"},"content":{"rendered":"<p class=\"ai-optimize-30 ai-optimize-introduction\">Commencez une aventure incroyable avec World Wonders 2 Collector\u2019s Edition ! Vous explorez des lieux c\u00e9l\u00e8bres dans le monde entier. L\u2019histoire et le myst\u00e8re se rejoignent sur chaque site.  <\/p>\n<p class=\"ai-optimize-30\">Vous voyez des vues incroyables et des cultures int\u00e9ressantes. Vous apprenez \u00e0 conna\u00eetre les anciennes civilisations \u00e0 travers de petits d\u00e9tails. Chaque lieu raconte sa propre histoire.  <\/p>\n<p class=\"ai-optimize-30\">Vous visitez la grande Tour Eiffel et les temples japonais paisibles. Vous vous promenez dans les rues anim\u00e9es de New York et les vieilles ruines italiennes. Chaque endroit cache des secrets que vous pouvez trouver.  <\/p>\n<p class=\"ai-optimize-30\">Vous recherchez des objets cach\u00e9s dans de belles images. Vous r\u00e9solvez des \u00e9nigmes difficiles qui vous renseignent sur des lieux c\u00e9l\u00e8bres. Vous apprenez les histoires cach\u00e9es derri\u00e8re les plus grandes merveilles du monde.  <\/p>\n<p class=\"ai-optimize-30\">Vous collectez des objets anciens rares au fur et \u00e0 mesure que vous jouez. Vous les exposez dans votre propre salle de collection. Vous d\u00e9bloquez des morceaux d\u2019un livre sp\u00e9cial tout en r\u00e9solvant des myst\u00e8res.  <\/p>\n<p>&nbsp;<\/p>\n<p class=\"ai-optimize-31\"><strong>Fonctionnalit\u00e9s<\/strong><\/p>\n<ul>\n<li class=\"ai-optimize-32\">Rechercher des objets cach\u00e9s dans de belles images<\/li>\n<li class=\"ai-optimize-32\">Voyagez dans des villes color\u00e9es et des endroits lointains \u00e9tonnants<\/li>\n<li class=\"ai-optimize-32\">R\u00e9solvez des \u00e9nigmes difficiles qui vous renseignent sur des sites c\u00e9l\u00e8bres<\/li>\n<li class=\"ai-optimize-32\">Trouvez des tr\u00e9sors culturels et apprenez-en plus sur les pays du monde entier<\/li>\n<li class=\"ai-optimize-32\">Collectionnez des pi\u00e8ces et des objets anciens pour apprendre des secrets historiques<\/li>\n<\/ul>\n","protected":false},"excerpt":{"rendered":"<p class=\"ai-optimize-36 ai-optimize-introduction\">Vous explorez des lieux c\u00e9l\u00e8bres du monde entier et d\u00e9couvrez des secrets cach\u00e9s dans chacun d\u2019eux !<\/p>\n","protected":false},"author":13,"featured_media":138040,"comment_status":"open","ping_status":"closed","template":"","meta":{"_acf_changed":false,"inline_featured_image":false},"product_brand":[],"product_cat":[165],"product_tag":[287],"class_list":{"0":"post-138518","1":"product","2":"type-product","3":"status-publish","4":"has-post-thumbnail","6":"product_cat-hidden-object-fr","7":"product_tag-play-on-pc-fr","9":"first","10":"instock","11":"shipping-taxable","12":"purchasable","13":"product-type-simple"},"acf":[],"yoast_head":"<!-- This site is optimized with the Yoast SEO Premium plugin v25.2 (Yoast SEO v25.2) - https:\/\/yoast.com\/wordpress\/plugins\/seo\/ -->\n<title>World Wonders 2 : il est temps d\u2019explorer des sites c\u00e9l\u00e8bres !<\/title>\n<meta name=\"description\" content=\"Vous explorez des lieux c\u00e9l\u00e8bres du monde entier et d\u00e9couvrez des secrets cach\u00e9s dans chacun d\u2019eux !\" \/>\n<meta name=\"robots\" content=\"index, follow, max-snippet:-1, max-image-preview:large, max-video-preview:-1\" \/>\n<link rel=\"canonical\" href=\"https:\/\/www.iplay.com\/fr\/games\/world-wonders-2-collectors-edition\/\" \/>\n<meta property=\"og:locale\" content=\"fr_FR\" \/>\n<meta property=\"og:type\" content=\"article\" \/>\n<meta property=\"og:title\" content=\"World Wonders 2 Collector&#039;s Edition\" \/>\n<meta property=\"og:description\" content=\"Vous explorez des lieux c\u00e9l\u00e8bres du monde entier et d\u00e9couvrez des secrets cach\u00e9s dans chacun d\u2019eux !\" \/>\n<meta property=\"og:url\" content=\"https:\/\/www.iplay.com\/fr\/games\/world-wonders-2-collectors-edition\/\" \/>\n<meta property=\"og:site_name\" content=\"IPlay\" \/>\n<meta property=\"article:modified_time\" content=\"2025-06-12T12:07:13+00:00\" \/>\n<meta property=\"og:image\" content=\"https:\/\/www.iplay.com\/wp-content\/uploads\/2025\/06\/world_wonders_2_collectors_edition_large_square_tile_image.webp\" \/>\n\t<meta property=\"og:image:width\" content=\"310\" \/>\n\t<meta property=\"og:image:height\" content=\"310\" \/>\n\t<meta property=\"og:image:type\" content=\"image\/webp\" \/>\n<meta name=\"twitter:card\" content=\"summary_large_image\" \/>\n<meta name=\"twitter:label1\" content=\"Dur\u00e9e de lecture estim\u00e9e\" \/>\n\t<meta name=\"twitter:data1\" content=\"1 minute\" \/>\n<script type=\"application\/ld+json\" class=\"yoast-schema-graph\">{\"@context\":\"https:\/\/schema.org\",\"@graph\":[{\"@type\":\"WebPage\",\"@id\":\"https:\/\/www.iplay.com\/fr\/games\/world-wonders-2-collectors-edition\/\",\"url\":\"https:\/\/www.iplay.com\/fr\/games\/world-wonders-2-collectors-edition\/\",\"name\":\"World Wonders 2 : il est temps d\u2019explorer des sites c\u00e9l\u00e8bres !\",\"isPartOf\":{\"@id\":\"https:\/\/www.iplay.com\/en\/#website\"},\"primaryImageOfPage\":{\"@id\":\"https:\/\/www.iplay.com\/fr\/games\/world-wonders-2-collectors-edition\/#primaryimage\"},\"image\":{\"@id\":\"https:\/\/www.iplay.com\/fr\/games\/world-wonders-2-collectors-edition\/#primaryimage\"},\"thumbnailUrl\":\"https:\/\/www.iplay.com\/wp-content\/uploads\/2025\/06\/world_wonders_2_collectors_edition_large_square_tile_image.webp\",\"datePublished\":\"2025-06-04T09:00:41+00:00\",\"dateModified\":\"2025-06-12T12:07:13+00:00\",\"description\":\"Vous explorez des lieux c\u00e9l\u00e8bres du monde entier et d\u00e9couvrez des secrets cach\u00e9s dans chacun d\u2019eux !\",\"breadcrumb\":{\"@id\":\"https:\/\/www.iplay.com\/fr\/games\/world-wonders-2-collectors-edition\/#breadcrumb\"},\"inLanguage\":\"fr-FR\",\"potentialAction\":[{\"@type\":\"ReadAction\",\"target\":[\"https:\/\/www.iplay.com\/fr\/games\/world-wonders-2-collectors-edition\/\"]}]},{\"@type\":\"ImageObject\",\"inLanguage\":\"fr-FR\",\"@id\":\"https:\/\/www.iplay.com\/fr\/games\/world-wonders-2-collectors-edition\/#primaryimage\",\"url\":\"https:\/\/www.iplay.com\/wp-content\/uploads\/2025\/06\/world_wonders_2_collectors_edition_large_square_tile_image.webp\",\"contentUrl\":\"https:\/\/www.iplay.com\/wp-content\/uploads\/2025\/06\/world_wonders_2_collectors_edition_large_square_tile_image.webp\",\"width\":310,\"height\":310},{\"@type\":\"BreadcrumbList\",\"@id\":\"https:\/\/www.iplay.com\/fr\/games\/world-wonders-2-collectors-edition\/#breadcrumb\",\"itemListElement\":[{\"@type\":\"ListItem\",\"position\":1,\"name\":\"Home\",\"item\":\"https:\/\/www.iplay.com\/fr\/home-page-2\/\"},{\"@type\":\"ListItem\",\"position\":2,\"name\":\"Shop\",\"item\":\"https:\/\/www.iplay.com\/en\/shop\/\"},{\"@type\":\"ListItem\",\"position\":3,\"name\":\"World Wonders 2 Collector&#8217;s Edition\"}]},{\"@type\":\"WebSite\",\"@id\":\"https:\/\/www.iplay.com\/en\/#website\",\"url\":\"https:\/\/www.iplay.com\/en\/\",\"name\":\"IPlay\",\"description\":\"The Best Casual Games!\",\"publisher\":{\"@id\":\"https:\/\/www.iplay.com\/en\/#organization\"},\"potentialAction\":[{\"@type\":\"SearchAction\",\"target\":{\"@type\":\"EntryPoint\",\"urlTemplate\":\"https:\/\/www.iplay.com\/en\/?s={search_term_string}\"},\"query-input\":{\"@type\":\"PropertyValueSpecification\",\"valueRequired\":true,\"valueName\":\"search_term_string\"}}],\"inLanguage\":\"fr-FR\"},{\"@type\":\"Organization\",\"@id\":\"https:\/\/www.iplay.com\/en\/#organization\",\"name\":\"IPlay\",\"url\":\"https:\/\/www.iplay.com\/en\/\",\"logo\":{\"@type\":\"ImageObject\",\"inLanguage\":\"fr-FR\",\"@id\":\"https:\/\/www.iplay.com\/en\/#\/schema\/logo\/image\/\",\"url\":\"https:\/\/www.iplay.com\/wp-content\/uploads\/2023\/11\/Group-6100.svg\",\"contentUrl\":\"https:\/\/www.iplay.com\/wp-content\/uploads\/2023\/11\/Group-6100.svg\",\"width\":98,\"height\":25,\"caption\":\"IPlay\"},\"image\":{\"@id\":\"https:\/\/www.iplay.com\/en\/#\/schema\/logo\/image\/\"}}]}<\/script>\n<!-- \/ Yoast SEO Premium plugin. -->","yoast_head_json":{"title":"World Wonders 2 : il est temps d\u2019explorer des sites c\u00e9l\u00e8bres !","description":"Vous explorez des lieux c\u00e9l\u00e8bres du monde entier et d\u00e9couvrez des secrets cach\u00e9s dans chacun d\u2019eux !","robots":{"index":"index","follow":"follow","max-snippet":"max-snippet:-1","max-image-preview":"max-image-preview:large","max-video-preview":"max-video-preview:-1"},"canonical":"https:\/\/www.iplay.com\/fr\/games\/world-wonders-2-collectors-edition\/","og_locale":"fr_FR","og_type":"article","og_title":"World Wonders 2 Collector's Edition","og_description":"Vous explorez des lieux c\u00e9l\u00e8bres du monde entier et d\u00e9couvrez des secrets cach\u00e9s dans chacun d\u2019eux !","og_url":"https:\/\/www.iplay.com\/fr\/games\/world-wonders-2-collectors-edition\/","og_site_name":"IPlay","article_modified_time":"2025-06-12T12:07:13+00:00","og_image":[{"width":310,"height":310,"url":"https:\/\/www.iplay.com\/wp-content\/uploads\/2025\/06\/world_wonders_2_collectors_edition_large_square_tile_image.webp","type":"image\/webp"}],"twitter_card":"summary_large_image","twitter_misc":{"Dur\u00e9e de lecture estim\u00e9e":"1 minute"},"schema":{"@context":"https:\/\/schema.org","@graph":[{"@type":"WebPage","@id":"https:\/\/www.iplay.com\/fr\/games\/world-wonders-2-collectors-edition\/","url":"https:\/\/www.iplay.com\/fr\/games\/world-wonders-2-collectors-edition\/","name":"World Wonders 2 : il est temps d\u2019explorer des sites c\u00e9l\u00e8bres !","isPartOf":{"@id":"https:\/\/www.iplay.com\/en\/#website"},"primaryImageOfPage":{"@id":"https:\/\/www.iplay.com\/fr\/games\/world-wonders-2-collectors-edition\/#primaryimage"},"image":{"@id":"https:\/\/www.iplay.com\/fr\/games\/world-wonders-2-collectors-edition\/#primaryimage"},"thumbnailUrl":"https:\/\/www.iplay.com\/wp-content\/uploads\/2025\/06\/world_wonders_2_collectors_edition_large_square_tile_image.webp","datePublished":"2025-06-04T09:00:41+00:00","dateModified":"2025-06-12T12:07:13+00:00","description":"Vous explorez des lieux c\u00e9l\u00e8bres du monde entier et d\u00e9couvrez des secrets cach\u00e9s dans chacun d\u2019eux !","breadcrumb":{"@id":"https:\/\/www.iplay.com\/fr\/games\/world-wonders-2-collectors-edition\/#breadcrumb"},"inLanguage":"fr-FR","potentialAction":[{"@type":"ReadAction","target":["https:\/\/www.iplay.com\/fr\/games\/world-wonders-2-collectors-edition\/"]}]},{"@type":"ImageObject","inLanguage":"fr-FR","@id":"https:\/\/www.iplay.com\/fr\/games\/world-wonders-2-collectors-edition\/#primaryimage","url":"https:\/\/www.iplay.com\/wp-content\/uploads\/2025\/06\/world_wonders_2_collectors_edition_large_square_tile_image.webp","contentUrl":"https:\/\/www.iplay.com\/wp-content\/uploads\/2025\/06\/world_wonders_2_collectors_edition_large_square_tile_image.webp","width":310,"height":310},{"@type":"BreadcrumbList","@id":"https:\/\/www.iplay.com\/fr\/games\/world-wonders-2-collectors-edition\/#breadcrumb","itemListElement":[{"@type":"ListItem","position":1,"name":"Home","item":"https:\/\/www.iplay.com\/fr\/home-page-2\/"},{"@type":"ListItem","position":2,"name":"Shop","item":"https:\/\/www.iplay.com\/en\/shop\/"},{"@type":"ListItem","position":3,"name":"World Wonders 2 Collector&#8217;s Edition"}]},{"@type":"WebSite","@id":"https:\/\/www.iplay.com\/en\/#website","url":"https:\/\/www.iplay.com\/en\/","name":"IPlay","description":"The Best Casual Games!","publisher":{"@id":"https:\/\/www.iplay.com\/en\/#organization"},"potentialAction":[{"@type":"SearchAction","target":{"@type":"EntryPoint","urlTemplate":"https:\/\/www.iplay.com\/en\/?s={search_term_string}"},"query-input":{"@type":"PropertyValueSpecification","valueRequired":true,"valueName":"search_term_string"}}],"inLanguage":"fr-FR"},{"@type":"Organization","@id":"https:\/\/www.iplay.com\/en\/#organization","name":"IPlay","url":"https:\/\/www.iplay.com\/en\/","logo":{"@type":"ImageObject","inLanguage":"fr-FR","@id":"https:\/\/www.iplay.com\/en\/#\/schema\/logo\/image\/","url":"https:\/\/www.iplay.com\/wp-content\/uploads\/2023\/11\/Group-6100.svg","contentUrl":"https:\/\/www.iplay.com\/wp-content\/uploads\/2023\/11\/Group-6100.svg","width":98,"height":25,"caption":"IPlay"},"image":{"@id":"https:\/\/www.iplay.com\/en\/#\/schema\/logo\/image\/"}}]}},"_links":{"self":[{"href":"https:\/\/www.iplay.com\/fr\/wp-json\/wp\/v2\/product\/138518","targetHints":{"allow":["GET"]}}],"collection":[{"href":"https:\/\/www.iplay.com\/fr\/wp-json\/wp\/v2\/product"}],"about":[{"href":"https:\/\/www.iplay.com\/fr\/wp-json\/wp\/v2\/types\/product"}],"author":[{"embeddable":true,"href":"https:\/\/www.iplay.com\/fr\/wp-json\/wp\/v2\/users\/13"}],"replies":[{"embeddable":true,"href":"https:\/\/www.iplay.com\/fr\/wp-json\/wp\/v2\/comments?post=138518"}],"wp:featuredmedia":[{"embeddable":true,"href":"https:\/\/www.iplay.com\/fr\/wp-json\/wp\/v2\/media\/138040"}],"wp:attachment":[{"href":"https:\/\/www.iplay.com\/fr\/wp-json\/wp\/v2\/media?parent=138518"}],"wp:term":[{"taxonomy":"product_brand","embeddable":true,"href":"https:\/\/www.iplay.com\/fr\/wp-json\/wp\/v2\/product_brand?post=138518"},{"taxonomy":"product_cat","embeddable":true,"href":"https:\/\/www.iplay.com\/fr\/wp-json\/wp\/v2\/product_cat?post=138518"},{"taxonomy":"product_tag","embeddable":true,"href":"https:\/\/www.iplay.com\/fr\/wp-json\/wp\/v2\/product_tag?post=138518"}],"curies":[{"name":"wp","href":"https:\/\/api.w.org\/{rel}","templated":true}]}}