{"id":138516,"date":"2025-06-02T09:00:34","date_gmt":"2025-06-02T09:00:34","guid":{"rendered":"https:\/\/www.iplay.com\/games\/princess-sudoku\/"},"modified":"2025-06-02T09:00:34","modified_gmt":"2025-06-02T09:00:34","slug":"princess-sudoku","status":"publish","type":"product","link":"https:\/\/www.iplay.com\/fr\/games\/princess-sudoku\/","title":{"rendered":"Princess Sudoku"},"content":{"rendered":"<p class=\"ai-optimize-27 ai-optimize-introduction\">Entrez dans un monde magique avec Princess Sudoku ! Vous faites glisser des objets dans des espaces vides. Chaque ligne et colonne a besoin de chaque \u00e9l\u00e9ment une fois.  <\/p>\n<p class=\"ai-optimize-27 ai-optimize-introduction\">Ce jeu aide les enfants de 4 ans et plus. Vous r\u00e9solvez des \u00e9nigmes et vous vous amusez. Les enfants apprennent \u00e0 mieux penser pendant qu\u2019ils jouent.  <\/p>\n<p class=\"ai-optimize-27 ai-optimize-introduction\">La princesse Sudoku montre de magnifiques images de contes de f\u00e9es. Vous voyez de jolies princesses, des princes courageux et des animaux mignons. Le jeu ressemble \u00e0 un royaume royal.  <\/p>\n<p class=\"ai-optimize-27 ai-optimize-introduction\">Vous vous sentez comme un roi pendant que vous jouez. Chaque \u00e9nigme vous fait r\u00e9fl\u00e9chir plus fort. Vous vous sentez bien lorsque vous terminez chaque d\u00e9fi.  <\/p>\n<p>&nbsp;<\/p>\n<p class=\"ai-optimize-27\"><strong>Fonctionnalit\u00e9s<\/strong><\/p>\n<ul>\n<li class=\"ai-optimize-28\">Des puzzles amusants qui vous aident \u00e0 mieux r\u00e9fl\u00e9chir<\/li>\n<li class=\"ai-optimize-28\">De belles images de contes de f\u00e9es avec des princesses, des princes et des animaux<\/li>\n<li class=\"ai-optimize-28\">Con\u00e7u pour les enfants de 4 ans et plus &#8211; apprendre est amusant<\/li>\n<li class=\"ai-optimize-28\">Jeu facile par glisser-d\u00e9poser que les enfants peuvent utiliser<\/li>\n<li class=\"ai-optimize-28\">Un monde magique avec des couleurs vives et des personnages amusants<\/li>\n<\/ul>\n","protected":false},"excerpt":{"rendered":"<p>Vous r\u00e9solvez des \u00e9nigmes amusantes avec de mignonnes princesses et des animaux qui vous aident \u00e0 mieux r\u00e9fl\u00e9chir !<\/p>\n","protected":false},"author":320,"featured_media":138018,"comment_status":"open","ping_status":"closed","template":"","meta":{"_acf_changed":false,"inline_featured_image":false},"product_brand":[],"product_cat":[193,202],"product_tag":[287],"class_list":{"0":"post-138516","1":"product","2":"type-product","3":"status-publish","4":"has-post-thumbnail","6":"product_cat-puzzle-fr","7":"product_cat-removed-content-fr","8":"product_tag-play-on-pc-fr","10":"first","11":"instock","12":"shipping-taxable","13":"purchasable","14":"product-type-simple"},"acf":[],"yoast_head":"<!-- This site is optimized with the Yoast SEO Premium plugin v25.2 (Yoast SEO v25.2) - https:\/\/yoast.com\/wordpress\/plugins\/seo\/ -->\n<title>Princesse Sudoku : Puzzles logiques amusants pour les enfants<\/title>\n<meta name=\"description\" content=\"Vous r\u00e9solvez des \u00e9nigmes amusantes avec de mignonnes princesses et des animaux qui vous aident \u00e0 mieux r\u00e9fl\u00e9chir !\" \/>\n<meta name=\"robots\" content=\"index, follow, max-snippet:-1, max-image-preview:large, max-video-preview:-1\" \/>\n<link rel=\"canonical\" href=\"https:\/\/www.iplay.com\/fr\/games\/princess-sudoku\/\" \/>\n<meta property=\"og:locale\" content=\"fr_FR\" \/>\n<meta property=\"og:type\" content=\"article\" \/>\n<meta property=\"og:title\" content=\"Princess Sudoku\" \/>\n<meta property=\"og:description\" content=\"Vous r\u00e9solvez des \u00e9nigmes amusantes avec de mignonnes princesses et des animaux qui vous aident \u00e0 mieux r\u00e9fl\u00e9chir !\" \/>\n<meta property=\"og:url\" content=\"https:\/\/www.iplay.com\/fr\/games\/princess-sudoku\/\" \/>\n<meta property=\"og:site_name\" content=\"IPlay\" \/>\n<meta property=\"og:image\" content=\"https:\/\/www.iplay.com\/wp-content\/uploads\/2025\/06\/princess_sudoku_large_square_tile_image.webp\" \/>\n\t<meta property=\"og:image:width\" content=\"310\" \/>\n\t<meta property=\"og:image:height\" content=\"310\" \/>\n\t<meta property=\"og:image:type\" content=\"image\/webp\" \/>\n<meta name=\"twitter:card\" content=\"summary_large_image\" \/>\n<meta name=\"twitter:label1\" content=\"Dur\u00e9e de lecture estim\u00e9e\" \/>\n\t<meta name=\"twitter:data1\" content=\"1 minute\" \/>\n<script type=\"application\/ld+json\" class=\"yoast-schema-graph\">{\"@context\":\"https:\/\/schema.org\",\"@graph\":[{\"@type\":\"WebPage\",\"@id\":\"https:\/\/www.iplay.com\/fr\/games\/princess-sudoku\/\",\"url\":\"https:\/\/www.iplay.com\/fr\/games\/princess-sudoku\/\",\"name\":\"Princesse Sudoku : Puzzles logiques amusants pour les enfants\",\"isPartOf\":{\"@id\":\"https:\/\/www.iplay.com\/en\/#website\"},\"primaryImageOfPage\":{\"@id\":\"https:\/\/www.iplay.com\/fr\/games\/princess-sudoku\/#primaryimage\"},\"image\":{\"@id\":\"https:\/\/www.iplay.com\/fr\/games\/princess-sudoku\/#primaryimage\"},\"thumbnailUrl\":\"https:\/\/www.iplay.com\/wp-content\/uploads\/2025\/06\/princess_sudoku_large_square_tile_image.webp\",\"datePublished\":\"2025-06-02T09:00:34+00:00\",\"description\":\"Vous r\u00e9solvez des \u00e9nigmes amusantes avec de mignonnes princesses et des animaux qui vous aident \u00e0 mieux r\u00e9fl\u00e9chir !\",\"breadcrumb\":{\"@id\":\"https:\/\/www.iplay.com\/fr\/games\/princess-sudoku\/#breadcrumb\"},\"inLanguage\":\"fr-FR\",\"potentialAction\":[{\"@type\":\"ReadAction\",\"target\":[\"https:\/\/www.iplay.com\/fr\/games\/princess-sudoku\/\"]}]},{\"@type\":\"ImageObject\",\"inLanguage\":\"fr-FR\",\"@id\":\"https:\/\/www.iplay.com\/fr\/games\/princess-sudoku\/#primaryimage\",\"url\":\"https:\/\/www.iplay.com\/wp-content\/uploads\/2025\/06\/princess_sudoku_large_square_tile_image.webp\",\"contentUrl\":\"https:\/\/www.iplay.com\/wp-content\/uploads\/2025\/06\/princess_sudoku_large_square_tile_image.webp\",\"width\":310,\"height\":310},{\"@type\":\"BreadcrumbList\",\"@id\":\"https:\/\/www.iplay.com\/fr\/games\/princess-sudoku\/#breadcrumb\",\"itemListElement\":[{\"@type\":\"ListItem\",\"position\":1,\"name\":\"Home\",\"item\":\"https:\/\/www.iplay.com\/fr\/home-page-2\/\"},{\"@type\":\"ListItem\",\"position\":2,\"name\":\"Shop\",\"item\":\"https:\/\/www.iplay.com\/en\/shop\/\"},{\"@type\":\"ListItem\",\"position\":3,\"name\":\"Princess Sudoku\"}]},{\"@type\":\"WebSite\",\"@id\":\"https:\/\/www.iplay.com\/en\/#website\",\"url\":\"https:\/\/www.iplay.com\/en\/\",\"name\":\"IPlay\",\"description\":\"The Best Casual Games!\",\"publisher\":{\"@id\":\"https:\/\/www.iplay.com\/en\/#organization\"},\"potentialAction\":[{\"@type\":\"SearchAction\",\"target\":{\"@type\":\"EntryPoint\",\"urlTemplate\":\"https:\/\/www.iplay.com\/en\/?s={search_term_string}\"},\"query-input\":{\"@type\":\"PropertyValueSpecification\",\"valueRequired\":true,\"valueName\":\"search_term_string\"}}],\"inLanguage\":\"fr-FR\"},{\"@type\":\"Organization\",\"@id\":\"https:\/\/www.iplay.com\/en\/#organization\",\"name\":\"IPlay\",\"url\":\"https:\/\/www.iplay.com\/en\/\",\"logo\":{\"@type\":\"ImageObject\",\"inLanguage\":\"fr-FR\",\"@id\":\"https:\/\/www.iplay.com\/en\/#\/schema\/logo\/image\/\",\"url\":\"https:\/\/www.iplay.com\/wp-content\/uploads\/2023\/11\/Group-6100.svg\",\"contentUrl\":\"https:\/\/www.iplay.com\/wp-content\/uploads\/2023\/11\/Group-6100.svg\",\"width\":98,\"height\":25,\"caption\":\"IPlay\"},\"image\":{\"@id\":\"https:\/\/www.iplay.com\/en\/#\/schema\/logo\/image\/\"}}]}<\/script>\n<!-- \/ Yoast SEO Premium plugin. -->","yoast_head_json":{"title":"Princesse Sudoku : Puzzles logiques amusants pour les enfants","description":"Vous r\u00e9solvez des \u00e9nigmes amusantes avec de mignonnes princesses et des animaux qui vous aident \u00e0 mieux r\u00e9fl\u00e9chir !","robots":{"index":"index","follow":"follow","max-snippet":"max-snippet:-1","max-image-preview":"max-image-preview:large","max-video-preview":"max-video-preview:-1"},"canonical":"https:\/\/www.iplay.com\/fr\/games\/princess-sudoku\/","og_locale":"fr_FR","og_type":"article","og_title":"Princess Sudoku","og_description":"Vous r\u00e9solvez des \u00e9nigmes amusantes avec de mignonnes princesses et des animaux qui vous aident \u00e0 mieux r\u00e9fl\u00e9chir !","og_url":"https:\/\/www.iplay.com\/fr\/games\/princess-sudoku\/","og_site_name":"IPlay","og_image":[{"width":310,"height":310,"url":"https:\/\/www.iplay.com\/wp-content\/uploads\/2025\/06\/princess_sudoku_large_square_tile_image.webp","type":"image\/webp"}],"twitter_card":"summary_large_image","twitter_misc":{"Dur\u00e9e de lecture estim\u00e9e":"1 minute"},"schema":{"@context":"https:\/\/schema.org","@graph":[{"@type":"WebPage","@id":"https:\/\/www.iplay.com\/fr\/games\/princess-sudoku\/","url":"https:\/\/www.iplay.com\/fr\/games\/princess-sudoku\/","name":"Princesse Sudoku : Puzzles logiques amusants pour les enfants","isPartOf":{"@id":"https:\/\/www.iplay.com\/en\/#website"},"primaryImageOfPage":{"@id":"https:\/\/www.iplay.com\/fr\/games\/princess-sudoku\/#primaryimage"},"image":{"@id":"https:\/\/www.iplay.com\/fr\/games\/princess-sudoku\/#primaryimage"},"thumbnailUrl":"https:\/\/www.iplay.com\/wp-content\/uploads\/2025\/06\/princess_sudoku_large_square_tile_image.webp","datePublished":"2025-06-02T09:00:34+00:00","description":"Vous r\u00e9solvez des \u00e9nigmes amusantes avec de mignonnes princesses et des animaux qui vous aident \u00e0 mieux r\u00e9fl\u00e9chir !","breadcrumb":{"@id":"https:\/\/www.iplay.com\/fr\/games\/princess-sudoku\/#breadcrumb"},"inLanguage":"fr-FR","potentialAction":[{"@type":"ReadAction","target":["https:\/\/www.iplay.com\/fr\/games\/princess-sudoku\/"]}]},{"@type":"ImageObject","inLanguage":"fr-FR","@id":"https:\/\/www.iplay.com\/fr\/games\/princess-sudoku\/#primaryimage","url":"https:\/\/www.iplay.com\/wp-content\/uploads\/2025\/06\/princess_sudoku_large_square_tile_image.webp","contentUrl":"https:\/\/www.iplay.com\/wp-content\/uploads\/2025\/06\/princess_sudoku_large_square_tile_image.webp","width":310,"height":310},{"@type":"BreadcrumbList","@id":"https:\/\/www.iplay.com\/fr\/games\/princess-sudoku\/#breadcrumb","itemListElement":[{"@type":"ListItem","position":1,"name":"Home","item":"https:\/\/www.iplay.com\/fr\/home-page-2\/"},{"@type":"ListItem","position":2,"name":"Shop","item":"https:\/\/www.iplay.com\/en\/shop\/"},{"@type":"ListItem","position":3,"name":"Princess Sudoku"}]},{"@type":"WebSite","@id":"https:\/\/www.iplay.com\/en\/#website","url":"https:\/\/www.iplay.com\/en\/","name":"IPlay","description":"The Best Casual Games!","publisher":{"@id":"https:\/\/www.iplay.com\/en\/#organization"},"potentialAction":[{"@type":"SearchAction","target":{"@type":"EntryPoint","urlTemplate":"https:\/\/www.iplay.com\/en\/?s={search_term_string}"},"query-input":{"@type":"PropertyValueSpecification","valueRequired":true,"valueName":"search_term_string"}}],"inLanguage":"fr-FR"},{"@type":"Organization","@id":"https:\/\/www.iplay.com\/en\/#organization","name":"IPlay","url":"https:\/\/www.iplay.com\/en\/","logo":{"@type":"ImageObject","inLanguage":"fr-FR","@id":"https:\/\/www.iplay.com\/en\/#\/schema\/logo\/image\/","url":"https:\/\/www.iplay.com\/wp-content\/uploads\/2023\/11\/Group-6100.svg","contentUrl":"https:\/\/www.iplay.com\/wp-content\/uploads\/2023\/11\/Group-6100.svg","width":98,"height":25,"caption":"IPlay"},"image":{"@id":"https:\/\/www.iplay.com\/en\/#\/schema\/logo\/image\/"}}]}},"_links":{"self":[{"href":"https:\/\/www.iplay.com\/fr\/wp-json\/wp\/v2\/product\/138516","targetHints":{"allow":["GET"]}}],"collection":[{"href":"https:\/\/www.iplay.com\/fr\/wp-json\/wp\/v2\/product"}],"about":[{"href":"https:\/\/www.iplay.com\/fr\/wp-json\/wp\/v2\/types\/product"}],"author":[{"embeddable":true,"href":"https:\/\/www.iplay.com\/fr\/wp-json\/wp\/v2\/users\/320"}],"replies":[{"embeddable":true,"href":"https:\/\/www.iplay.com\/fr\/wp-json\/wp\/v2\/comments?post=138516"}],"wp:featuredmedia":[{"embeddable":true,"href":"https:\/\/www.iplay.com\/fr\/wp-json\/wp\/v2\/media\/138018"}],"wp:attachment":[{"href":"https:\/\/www.iplay.com\/fr\/wp-json\/wp\/v2\/media?parent=138516"}],"wp:term":[{"taxonomy":"product_brand","embeddable":true,"href":"https:\/\/www.iplay.com\/fr\/wp-json\/wp\/v2\/product_brand?post=138516"},{"taxonomy":"product_cat","embeddable":true,"href":"https:\/\/www.iplay.com\/fr\/wp-json\/wp\/v2\/product_cat?post=138516"},{"taxonomy":"product_tag","embeddable":true,"href":"https:\/\/www.iplay.com\/fr\/wp-json\/wp\/v2\/product_tag?post=138516"}],"curies":[{"name":"wp","href":"https:\/\/api.w.org\/{rel}","templated":true}]}}