{"id":138471,"date":"2025-06-11T09:30:30","date_gmt":"2025-06-11T09:30:30","guid":{"rendered":"https:\/\/www.iplay.com\/games\/yummyland-solitaire-2\/"},"modified":"2025-06-11T09:30:30","modified_gmt":"2025-06-11T09:30:30","slug":"yummyland-solitaire-2","status":"publish","type":"product","link":"https:\/\/www.iplay.com\/fr\/games\/yummyland-solitaire-2\/","title":{"rendered":"Yummyland Solitaire 2"},"content":{"rendered":"<p class=\"whitespace-normal break-words ai-optimize-30 ai-optimize-introduction\">Vous \u00eates un p\u00e2tissier qui r\u00eave du dessert parfait. Ce jeu de solitaire vous emm\u00e8ne \u00e0 Yummyland, un monde sucr\u00e9 plein de friandises. <\/p>\n<p class=\"whitespace-normal break-words ai-optimize-31\">Vous jouez \u00e0 100 niveaux de jeux de cartes. Chaque niveau a de jolis arri\u00e8re-plans avec des g\u00e2teaux et des bonbons. Vous choisissez parmi quatre mod\u00e8les de cartes diff\u00e9rents pour vous approprier le jeu.  <\/p>\n<p class=\"whitespace-normal break-words ai-optimize-32\">La musique vous aide \u00e0 vous d\u00e9tendre pendant que vous jouez. Vous associez les cartes et trouvez la recette secr\u00e8te cach\u00e9e dans le jeu. <\/p>\n<p>&nbsp;<\/p>\n<p class=\"whitespace-normal break-words ai-optimize-33\"><strong>Fonctionnalit\u00e9s<\/strong><\/p>\n<ul class=\"[&amp;:not(:last-child)_ul]:pb-1 [&amp;:not(:last-child)_ol]:pb-1 list-disc space-y-1.5 pl-7\">\n<li class=\"whitespace-normal break-words ai-optimize-34\">100 niveaux dans un monde de bonbons et de friandises<\/li>\n<li class=\"whitespace-normal break-words ai-optimize-35\">Jolis arri\u00e8re-plans avec des g\u00e2teaux et des bonbons<\/li>\n<li class=\"whitespace-normal break-words ai-optimize-36\">Quatre mod\u00e8les de cartes parmi lesquels vous pouvez choisir<\/li>\n<li class=\"whitespace-normal break-words ai-optimize-37\">De la musique relaxante qui vous aide \u00e0 vous d\u00e9tendre<\/li>\n<li class=\"whitespace-normal break-words ai-optimize-38\">Des r\u00e8gles simples que tout le monde peut apprendre<\/li>\n<\/ul>\n","protected":false},"excerpt":{"rendered":"<p>Embarquez pour un voyage \u00e0 Yummyland, un monde fantaisiste d\u00e9bordant de d\u00e9lices sucr\u00e9s et d\u2019action solitaire !<\/p>\n","protected":false},"author":44,"featured_media":138247,"comment_status":"open","ping_status":"closed","template":"","meta":{"_acf_changed":false,"inline_featured_image":false},"product_brand":[],"product_cat":[155,207],"product_tag":[287],"class_list":{"0":"post-138471","1":"product","2":"type-product","3":"status-publish","4":"has-post-thumbnail","6":"product_cat-card-fr-2","7":"product_cat-solitaire-fr","8":"product_tag-play-on-pc-fr","10":"first","11":"instock","12":"shipping-taxable","13":"purchasable","14":"product-type-simple"},"acf":[],"yoast_head":"<!-- This site is optimized with the Yoast SEO Premium plugin v25.2 (Yoast SEO v25.2) - https:\/\/yoast.com\/wordpress\/plugins\/seo\/ -->\n<title>Yummyland Solitaire 2 - Solitaire Jeu de cartes Aventure<\/title>\n<meta name=\"description\" content=\"Embarquez pour un voyage \u00e0 Yummyland, un monde fantaisiste d\u00e9bordant de d\u00e9lices sucr\u00e9s et d\u2019action solitaire !\" \/>\n<meta name=\"robots\" content=\"index, follow, max-snippet:-1, max-image-preview:large, max-video-preview:-1\" \/>\n<link rel=\"canonical\" href=\"https:\/\/www.iplay.com\/fr\/games\/yummyland-solitaire-2\/\" \/>\n<meta property=\"og:locale\" content=\"fr_FR\" \/>\n<meta property=\"og:type\" content=\"article\" \/>\n<meta property=\"og:title\" content=\"Yummyland Solitaire 2\" \/>\n<meta property=\"og:description\" content=\"Embarquez pour un voyage \u00e0 Yummyland, un monde fantaisiste d\u00e9bordant de d\u00e9lices sucr\u00e9s et d\u2019action solitaire !\" \/>\n<meta property=\"og:url\" content=\"https:\/\/www.iplay.com\/fr\/games\/yummyland-solitaire-2\/\" \/>\n<meta property=\"og:site_name\" content=\"IPlay\" \/>\n<meta property=\"og:image\" content=\"https:\/\/www.iplay.com\/wp-content\/uploads\/2025\/06\/yummyland_solitaire_2_large_video_screenshot.webp\" \/>\n\t<meta property=\"og:image:width\" content=\"715\" \/>\n\t<meta property=\"og:image:height\" content=\"485\" \/>\n\t<meta property=\"og:image:type\" content=\"image\/webp\" \/>\n<meta name=\"twitter:card\" content=\"summary_large_image\" \/>\n<meta name=\"twitter:label1\" content=\"Dur\u00e9e de lecture estim\u00e9e\" \/>\n\t<meta name=\"twitter:data1\" content=\"1 minute\" \/>\n<script type=\"application\/ld+json\" class=\"yoast-schema-graph\">{\"@context\":\"https:\/\/schema.org\",\"@graph\":[{\"@type\":\"WebPage\",\"@id\":\"https:\/\/www.iplay.com\/fr\/games\/yummyland-solitaire-2\/\",\"url\":\"https:\/\/www.iplay.com\/fr\/games\/yummyland-solitaire-2\/\",\"name\":\"Yummyland Solitaire 2 - Solitaire Jeu de cartes Aventure\",\"isPartOf\":{\"@id\":\"https:\/\/www.iplay.com\/en\/#website\"},\"primaryImageOfPage\":{\"@id\":\"https:\/\/www.iplay.com\/fr\/games\/yummyland-solitaire-2\/#primaryimage\"},\"image\":{\"@id\":\"https:\/\/www.iplay.com\/fr\/games\/yummyland-solitaire-2\/#primaryimage\"},\"thumbnailUrl\":\"https:\/\/www.iplay.com\/wp-content\/uploads\/2025\/06\/yummyland_solitaire_2_large_square_tile_image.webp\",\"datePublished\":\"2025-06-11T09:30:30+00:00\",\"description\":\"Embarquez pour un voyage \u00e0 Yummyland, un monde fantaisiste d\u00e9bordant de d\u00e9lices sucr\u00e9s et d\u2019action solitaire !\",\"breadcrumb\":{\"@id\":\"https:\/\/www.iplay.com\/fr\/games\/yummyland-solitaire-2\/#breadcrumb\"},\"inLanguage\":\"fr-FR\",\"potentialAction\":[{\"@type\":\"ReadAction\",\"target\":[\"https:\/\/www.iplay.com\/fr\/games\/yummyland-solitaire-2\/\"]}]},{\"@type\":\"ImageObject\",\"inLanguage\":\"fr-FR\",\"@id\":\"https:\/\/www.iplay.com\/fr\/games\/yummyland-solitaire-2\/#primaryimage\",\"url\":\"https:\/\/www.iplay.com\/wp-content\/uploads\/2025\/06\/yummyland_solitaire_2_large_square_tile_image.webp\",\"contentUrl\":\"https:\/\/www.iplay.com\/wp-content\/uploads\/2025\/06\/yummyland_solitaire_2_large_square_tile_image.webp\",\"width\":310,\"height\":310},{\"@type\":\"BreadcrumbList\",\"@id\":\"https:\/\/www.iplay.com\/fr\/games\/yummyland-solitaire-2\/#breadcrumb\",\"itemListElement\":[{\"@type\":\"ListItem\",\"position\":1,\"name\":\"Home\",\"item\":\"https:\/\/www.iplay.com\/fr\/home-page-2\/\"},{\"@type\":\"ListItem\",\"position\":2,\"name\":\"Shop\",\"item\":\"https:\/\/www.iplay.com\/en\/shop\/\"},{\"@type\":\"ListItem\",\"position\":3,\"name\":\"Yummyland Solitaire 2\"}]},{\"@type\":\"WebSite\",\"@id\":\"https:\/\/www.iplay.com\/en\/#website\",\"url\":\"https:\/\/www.iplay.com\/en\/\",\"name\":\"IPlay\",\"description\":\"The Best Casual Games!\",\"publisher\":{\"@id\":\"https:\/\/www.iplay.com\/en\/#organization\"},\"potentialAction\":[{\"@type\":\"SearchAction\",\"target\":{\"@type\":\"EntryPoint\",\"urlTemplate\":\"https:\/\/www.iplay.com\/en\/?s={search_term_string}\"},\"query-input\":{\"@type\":\"PropertyValueSpecification\",\"valueRequired\":true,\"valueName\":\"search_term_string\"}}],\"inLanguage\":\"fr-FR\"},{\"@type\":\"Organization\",\"@id\":\"https:\/\/www.iplay.com\/en\/#organization\",\"name\":\"IPlay\",\"url\":\"https:\/\/www.iplay.com\/en\/\",\"logo\":{\"@type\":\"ImageObject\",\"inLanguage\":\"fr-FR\",\"@id\":\"https:\/\/www.iplay.com\/en\/#\/schema\/logo\/image\/\",\"url\":\"https:\/\/www.iplay.com\/wp-content\/uploads\/2023\/11\/Group-6100.svg\",\"contentUrl\":\"https:\/\/www.iplay.com\/wp-content\/uploads\/2023\/11\/Group-6100.svg\",\"width\":98,\"height\":25,\"caption\":\"IPlay\"},\"image\":{\"@id\":\"https:\/\/www.iplay.com\/en\/#\/schema\/logo\/image\/\"}}]}<\/script>\n<!-- \/ Yoast SEO Premium plugin. -->","yoast_head_json":{"title":"Yummyland Solitaire 2 - Solitaire Jeu de cartes Aventure","description":"Embarquez pour un voyage \u00e0 Yummyland, un monde fantaisiste d\u00e9bordant de d\u00e9lices sucr\u00e9s et d\u2019action solitaire !","robots":{"index":"index","follow":"follow","max-snippet":"max-snippet:-1","max-image-preview":"max-image-preview:large","max-video-preview":"max-video-preview:-1"},"canonical":"https:\/\/www.iplay.com\/fr\/games\/yummyland-solitaire-2\/","og_locale":"fr_FR","og_type":"article","og_title":"Yummyland Solitaire 2","og_description":"Embarquez pour un voyage \u00e0 Yummyland, un monde fantaisiste d\u00e9bordant de d\u00e9lices sucr\u00e9s et d\u2019action solitaire !","og_url":"https:\/\/www.iplay.com\/fr\/games\/yummyland-solitaire-2\/","og_site_name":"IPlay","og_image":[{"width":715,"height":485,"url":"https:\/\/www.iplay.com\/wp-content\/uploads\/2025\/06\/yummyland_solitaire_2_large_video_screenshot.webp","type":"image\/webp"}],"twitter_card":"summary_large_image","twitter_misc":{"Dur\u00e9e de lecture estim\u00e9e":"1 minute"},"schema":{"@context":"https:\/\/schema.org","@graph":[{"@type":"WebPage","@id":"https:\/\/www.iplay.com\/fr\/games\/yummyland-solitaire-2\/","url":"https:\/\/www.iplay.com\/fr\/games\/yummyland-solitaire-2\/","name":"Yummyland Solitaire 2 - Solitaire Jeu de cartes Aventure","isPartOf":{"@id":"https:\/\/www.iplay.com\/en\/#website"},"primaryImageOfPage":{"@id":"https:\/\/www.iplay.com\/fr\/games\/yummyland-solitaire-2\/#primaryimage"},"image":{"@id":"https:\/\/www.iplay.com\/fr\/games\/yummyland-solitaire-2\/#primaryimage"},"thumbnailUrl":"https:\/\/www.iplay.com\/wp-content\/uploads\/2025\/06\/yummyland_solitaire_2_large_square_tile_image.webp","datePublished":"2025-06-11T09:30:30+00:00","description":"Embarquez pour un voyage \u00e0 Yummyland, un monde fantaisiste d\u00e9bordant de d\u00e9lices sucr\u00e9s et d\u2019action solitaire !","breadcrumb":{"@id":"https:\/\/www.iplay.com\/fr\/games\/yummyland-solitaire-2\/#breadcrumb"},"inLanguage":"fr-FR","potentialAction":[{"@type":"ReadAction","target":["https:\/\/www.iplay.com\/fr\/games\/yummyland-solitaire-2\/"]}]},{"@type":"ImageObject","inLanguage":"fr-FR","@id":"https:\/\/www.iplay.com\/fr\/games\/yummyland-solitaire-2\/#primaryimage","url":"https:\/\/www.iplay.com\/wp-content\/uploads\/2025\/06\/yummyland_solitaire_2_large_square_tile_image.webp","contentUrl":"https:\/\/www.iplay.com\/wp-content\/uploads\/2025\/06\/yummyland_solitaire_2_large_square_tile_image.webp","width":310,"height":310},{"@type":"BreadcrumbList","@id":"https:\/\/www.iplay.com\/fr\/games\/yummyland-solitaire-2\/#breadcrumb","itemListElement":[{"@type":"ListItem","position":1,"name":"Home","item":"https:\/\/www.iplay.com\/fr\/home-page-2\/"},{"@type":"ListItem","position":2,"name":"Shop","item":"https:\/\/www.iplay.com\/en\/shop\/"},{"@type":"ListItem","position":3,"name":"Yummyland Solitaire 2"}]},{"@type":"WebSite","@id":"https:\/\/www.iplay.com\/en\/#website","url":"https:\/\/www.iplay.com\/en\/","name":"IPlay","description":"The Best Casual Games!","publisher":{"@id":"https:\/\/www.iplay.com\/en\/#organization"},"potentialAction":[{"@type":"SearchAction","target":{"@type":"EntryPoint","urlTemplate":"https:\/\/www.iplay.com\/en\/?s={search_term_string}"},"query-input":{"@type":"PropertyValueSpecification","valueRequired":true,"valueName":"search_term_string"}}],"inLanguage":"fr-FR"},{"@type":"Organization","@id":"https:\/\/www.iplay.com\/en\/#organization","name":"IPlay","url":"https:\/\/www.iplay.com\/en\/","logo":{"@type":"ImageObject","inLanguage":"fr-FR","@id":"https:\/\/www.iplay.com\/en\/#\/schema\/logo\/image\/","url":"https:\/\/www.iplay.com\/wp-content\/uploads\/2023\/11\/Group-6100.svg","contentUrl":"https:\/\/www.iplay.com\/wp-content\/uploads\/2023\/11\/Group-6100.svg","width":98,"height":25,"caption":"IPlay"},"image":{"@id":"https:\/\/www.iplay.com\/en\/#\/schema\/logo\/image\/"}}]}},"_links":{"self":[{"href":"https:\/\/www.iplay.com\/fr\/wp-json\/wp\/v2\/product\/138471","targetHints":{"allow":["GET"]}}],"collection":[{"href":"https:\/\/www.iplay.com\/fr\/wp-json\/wp\/v2\/product"}],"about":[{"href":"https:\/\/www.iplay.com\/fr\/wp-json\/wp\/v2\/types\/product"}],"author":[{"embeddable":true,"href":"https:\/\/www.iplay.com\/fr\/wp-json\/wp\/v2\/users\/44"}],"replies":[{"embeddable":true,"href":"https:\/\/www.iplay.com\/fr\/wp-json\/wp\/v2\/comments?post=138471"}],"wp:featuredmedia":[{"embeddable":true,"href":"https:\/\/www.iplay.com\/fr\/wp-json\/wp\/v2\/media\/138247"}],"wp:attachment":[{"href":"https:\/\/www.iplay.com\/fr\/wp-json\/wp\/v2\/media?parent=138471"}],"wp:term":[{"taxonomy":"product_brand","embeddable":true,"href":"https:\/\/www.iplay.com\/fr\/wp-json\/wp\/v2\/product_brand?post=138471"},{"taxonomy":"product_cat","embeddable":true,"href":"https:\/\/www.iplay.com\/fr\/wp-json\/wp\/v2\/product_cat?post=138471"},{"taxonomy":"product_tag","embeddable":true,"href":"https:\/\/www.iplay.com\/fr\/wp-json\/wp\/v2\/product_tag?post=138471"}],"curies":[{"name":"wp","href":"https:\/\/api.w.org\/{rel}","templated":true}]}}