{"id":137729,"date":"2020-09-05T00:00:00","date_gmt":"2020-09-05T00:00:00","guid":{"rendered":"https:\/\/www.iplay.com\/games\/solitaire-elemental-wizards\/"},"modified":"2020-09-05T00:00:00","modified_gmt":"2020-09-05T00:00:00","slug":"solitaire-elemental-wizards","status":"publish","type":"product","link":"https:\/\/www.iplay.com\/fr\/games\/solitaire-elemental-wizards\/","title":{"rendered":"Solitaire. Elemental Wizards"},"content":{"rendered":"<p>Gideon, un m\u00e9tis, a rejoint le Conseil des archimages apr\u00e8s avoir ma\u00eetris\u00e9 la magie. G\u00e9d\u00e9on, qui \u00e9tait \u00e0 moiti\u00e9 homme-b\u00eate, a fait tout ce qui \u00e9tait en son pouvoir pour d\u00e9fendre les droits de son peuple. L\u2019Archimage a \u00e9t\u00e9 exil\u00e9 parce que cela allait \u00e0 l\u2019encontre des souhaits du Conseil. Rassemblant ses disciples d\u00e9vou\u00e9s, Gideon tente de ramener les \u00e9l\u00e9ments du monde en harmonie. Aider son groupe \u00e0 prendre le commandement des \u00e9l\u00e9ments et \u00e0 d\u00e9montrer leur valeur au Conseil. Voyagez avec Tess, Otar, Gia et Antis alors qu\u2019ils explorent diff\u00e9rentes plan\u00e8tes ! Terminez les niveaux de Solitaire pour acqu\u00e9rir de nouvelles comp\u00e9tences, acc\u00e9der \u00e0 de nouveaux mondes et histoires, recevoir des troph\u00e9es et passer un bon moment ! L\u2019une des caract\u00e9ristiques de ce jeu est que vous pouvez choisir ce qui va arriver au Conseil des Archimages ! Un gameplay facile \u00e0 comprendre et agr\u00e9able ! Une vari\u00e9t\u00e9 de mini-jeux ! Plusieurs avantages et une assistance en jeu ! Cinq mondes vibrants et deux cents designs de cartes incroyables ! Accomplissez des t\u00e2ches pour obtenir des r\u00e9compenses, des prix et des reliques ! Relevez de nouveaux d\u00e9fis en surmontant les obstacles !<\/p>\n","protected":false},"excerpt":{"rendered":"<p>Aidez les mages \u00e0 utiliser la force des \u00e9l\u00e9ments ! Dans Elemental Wizards Solitaire <\/p>\n","protected":false},"author":39,"featured_media":82290,"comment_status":"open","ping_status":"closed","template":"","meta":{"_acf_changed":false,"inline_featured_image":false},"product_brand":[],"product_cat":[155,207],"product_tag":[287],"class_list":{"0":"post-137729","1":"product","2":"type-product","3":"status-publish","4":"has-post-thumbnail","6":"product_cat-card-fr-2","7":"product_cat-solitaire-fr","8":"product_tag-play-on-pc-fr","10":"first","11":"instock","12":"shipping-taxable","13":"purchasable","14":"product-type-simple"},"acf":[],"yoast_head":"<!-- This site is optimized with the Yoast SEO Premium plugin v25.2 (Yoast SEO v25.2) - https:\/\/yoast.com\/wordpress\/plugins\/seo\/ -->\n<title>Solitaire. Sorciers \u00e9l\u00e9mentaires - Aidez les mages \u00e0 exploiter la puissance des \u00e9l\u00e9ments<\/title>\n<meta name=\"description\" content=\"Aidez les mages \u00e0 utiliser la force des \u00e9l\u00e9ments ! Dans Elemental Wizards Solitaire\" \/>\n<meta name=\"robots\" content=\"index, follow, max-snippet:-1, max-image-preview:large, max-video-preview:-1\" \/>\n<link rel=\"canonical\" href=\"https:\/\/www.iplay.com\/fr\/games\/solitaire-elemental-wizards\/\" \/>\n<meta property=\"og:locale\" content=\"fr_FR\" \/>\n<meta property=\"og:type\" content=\"article\" \/>\n<meta property=\"og:title\" content=\"Solitaire. Elemental Wizards\" \/>\n<meta property=\"og:description\" content=\"Aidez les mages \u00e0 utiliser la force des \u00e9l\u00e9ments ! Dans Elemental Wizards Solitaire\" \/>\n<meta property=\"og:url\" content=\"https:\/\/www.iplay.com\/fr\/games\/solitaire-elemental-wizards\/\" \/>\n<meta property=\"og:site_name\" content=\"IPlay\" \/>\n<meta property=\"og:image\" content=\"https:\/\/www.iplay.com\/wp-content\/uploads\/2023\/12\/large_square_tile_image-2649.jpg\" \/>\n\t<meta property=\"og:image:width\" content=\"310\" \/>\n\t<meta property=\"og:image:height\" content=\"310\" \/>\n\t<meta property=\"og:image:type\" content=\"image\/jpeg\" \/>\n<meta name=\"twitter:card\" content=\"summary_large_image\" \/>\n<meta name=\"twitter:label1\" content=\"Dur\u00e9e de lecture estim\u00e9e\" \/>\n\t<meta name=\"twitter:data1\" content=\"1 minute\" \/>\n<script type=\"application\/ld+json\" class=\"yoast-schema-graph\">{\"@context\":\"https:\/\/schema.org\",\"@graph\":[{\"@type\":\"WebPage\",\"@id\":\"https:\/\/www.iplay.com\/fr\/games\/solitaire-elemental-wizards\/\",\"url\":\"https:\/\/www.iplay.com\/fr\/games\/solitaire-elemental-wizards\/\",\"name\":\"Solitaire. Sorciers \u00e9l\u00e9mentaires - Aidez les mages \u00e0 exploiter la puissance des \u00e9l\u00e9ments\",\"isPartOf\":{\"@id\":\"https:\/\/www.iplay.com\/en\/#website\"},\"primaryImageOfPage\":{\"@id\":\"https:\/\/www.iplay.com\/fr\/games\/solitaire-elemental-wizards\/#primaryimage\"},\"image\":{\"@id\":\"https:\/\/www.iplay.com\/fr\/games\/solitaire-elemental-wizards\/#primaryimage\"},\"thumbnailUrl\":\"https:\/\/www.iplay.com\/wp-content\/uploads\/2023\/12\/large_square_tile_image-2649.jpg\",\"datePublished\":\"2020-09-05T00:00:00+00:00\",\"description\":\"Aidez les mages \u00e0 utiliser la force des \u00e9l\u00e9ments ! Dans Elemental Wizards Solitaire\",\"breadcrumb\":{\"@id\":\"https:\/\/www.iplay.com\/fr\/games\/solitaire-elemental-wizards\/#breadcrumb\"},\"inLanguage\":\"fr-FR\",\"potentialAction\":[{\"@type\":\"ReadAction\",\"target\":[\"https:\/\/www.iplay.com\/fr\/games\/solitaire-elemental-wizards\/\"]}]},{\"@type\":\"ImageObject\",\"inLanguage\":\"fr-FR\",\"@id\":\"https:\/\/www.iplay.com\/fr\/games\/solitaire-elemental-wizards\/#primaryimage\",\"url\":\"https:\/\/www.iplay.com\/wp-content\/uploads\/2023\/12\/large_square_tile_image-2649.jpg\",\"contentUrl\":\"https:\/\/www.iplay.com\/wp-content\/uploads\/2023\/12\/large_square_tile_image-2649.jpg\",\"width\":310,\"height\":310},{\"@type\":\"BreadcrumbList\",\"@id\":\"https:\/\/www.iplay.com\/fr\/games\/solitaire-elemental-wizards\/#breadcrumb\",\"itemListElement\":[{\"@type\":\"ListItem\",\"position\":1,\"name\":\"Home\",\"item\":\"https:\/\/www.iplay.com\/fr\/home-page-2\/\"},{\"@type\":\"ListItem\",\"position\":2,\"name\":\"Shop\",\"item\":\"https:\/\/www.iplay.com\/en\/shop\/\"},{\"@type\":\"ListItem\",\"position\":3,\"name\":\"Solitaire. Elemental Wizards\"}]},{\"@type\":\"WebSite\",\"@id\":\"https:\/\/www.iplay.com\/en\/#website\",\"url\":\"https:\/\/www.iplay.com\/en\/\",\"name\":\"IPlay\",\"description\":\"The Best Casual Games!\",\"publisher\":{\"@id\":\"https:\/\/www.iplay.com\/en\/#organization\"},\"potentialAction\":[{\"@type\":\"SearchAction\",\"target\":{\"@type\":\"EntryPoint\",\"urlTemplate\":\"https:\/\/www.iplay.com\/en\/?s={search_term_string}\"},\"query-input\":{\"@type\":\"PropertyValueSpecification\",\"valueRequired\":true,\"valueName\":\"search_term_string\"}}],\"inLanguage\":\"fr-FR\"},{\"@type\":\"Organization\",\"@id\":\"https:\/\/www.iplay.com\/en\/#organization\",\"name\":\"IPlay\",\"url\":\"https:\/\/www.iplay.com\/en\/\",\"logo\":{\"@type\":\"ImageObject\",\"inLanguage\":\"fr-FR\",\"@id\":\"https:\/\/www.iplay.com\/en\/#\/schema\/logo\/image\/\",\"url\":\"https:\/\/www.iplay.com\/wp-content\/uploads\/2023\/11\/Group-6100.svg\",\"contentUrl\":\"https:\/\/www.iplay.com\/wp-content\/uploads\/2023\/11\/Group-6100.svg\",\"width\":98,\"height\":25,\"caption\":\"IPlay\"},\"image\":{\"@id\":\"https:\/\/www.iplay.com\/en\/#\/schema\/logo\/image\/\"}}]}<\/script>\n<!-- \/ Yoast SEO Premium plugin. -->","yoast_head_json":{"title":"Solitaire. Sorciers \u00e9l\u00e9mentaires - Aidez les mages \u00e0 exploiter la puissance des \u00e9l\u00e9ments","description":"Aidez les mages \u00e0 utiliser la force des \u00e9l\u00e9ments ! Dans Elemental Wizards Solitaire","robots":{"index":"index","follow":"follow","max-snippet":"max-snippet:-1","max-image-preview":"max-image-preview:large","max-video-preview":"max-video-preview:-1"},"canonical":"https:\/\/www.iplay.com\/fr\/games\/solitaire-elemental-wizards\/","og_locale":"fr_FR","og_type":"article","og_title":"Solitaire. Elemental Wizards","og_description":"Aidez les mages \u00e0 utiliser la force des \u00e9l\u00e9ments ! Dans Elemental Wizards Solitaire","og_url":"https:\/\/www.iplay.com\/fr\/games\/solitaire-elemental-wizards\/","og_site_name":"IPlay","og_image":[{"width":310,"height":310,"url":"https:\/\/www.iplay.com\/wp-content\/uploads\/2023\/12\/large_square_tile_image-2649.jpg","type":"image\/jpeg"}],"twitter_card":"summary_large_image","twitter_misc":{"Dur\u00e9e de lecture estim\u00e9e":"1 minute"},"schema":{"@context":"https:\/\/schema.org","@graph":[{"@type":"WebPage","@id":"https:\/\/www.iplay.com\/fr\/games\/solitaire-elemental-wizards\/","url":"https:\/\/www.iplay.com\/fr\/games\/solitaire-elemental-wizards\/","name":"Solitaire. Sorciers \u00e9l\u00e9mentaires - Aidez les mages \u00e0 exploiter la puissance des \u00e9l\u00e9ments","isPartOf":{"@id":"https:\/\/www.iplay.com\/en\/#website"},"primaryImageOfPage":{"@id":"https:\/\/www.iplay.com\/fr\/games\/solitaire-elemental-wizards\/#primaryimage"},"image":{"@id":"https:\/\/www.iplay.com\/fr\/games\/solitaire-elemental-wizards\/#primaryimage"},"thumbnailUrl":"https:\/\/www.iplay.com\/wp-content\/uploads\/2023\/12\/large_square_tile_image-2649.jpg","datePublished":"2020-09-05T00:00:00+00:00","description":"Aidez les mages \u00e0 utiliser la force des \u00e9l\u00e9ments ! Dans Elemental Wizards Solitaire","breadcrumb":{"@id":"https:\/\/www.iplay.com\/fr\/games\/solitaire-elemental-wizards\/#breadcrumb"},"inLanguage":"fr-FR","potentialAction":[{"@type":"ReadAction","target":["https:\/\/www.iplay.com\/fr\/games\/solitaire-elemental-wizards\/"]}]},{"@type":"ImageObject","inLanguage":"fr-FR","@id":"https:\/\/www.iplay.com\/fr\/games\/solitaire-elemental-wizards\/#primaryimage","url":"https:\/\/www.iplay.com\/wp-content\/uploads\/2023\/12\/large_square_tile_image-2649.jpg","contentUrl":"https:\/\/www.iplay.com\/wp-content\/uploads\/2023\/12\/large_square_tile_image-2649.jpg","width":310,"height":310},{"@type":"BreadcrumbList","@id":"https:\/\/www.iplay.com\/fr\/games\/solitaire-elemental-wizards\/#breadcrumb","itemListElement":[{"@type":"ListItem","position":1,"name":"Home","item":"https:\/\/www.iplay.com\/fr\/home-page-2\/"},{"@type":"ListItem","position":2,"name":"Shop","item":"https:\/\/www.iplay.com\/en\/shop\/"},{"@type":"ListItem","position":3,"name":"Solitaire. Elemental Wizards"}]},{"@type":"WebSite","@id":"https:\/\/www.iplay.com\/en\/#website","url":"https:\/\/www.iplay.com\/en\/","name":"IPlay","description":"The Best Casual Games!","publisher":{"@id":"https:\/\/www.iplay.com\/en\/#organization"},"potentialAction":[{"@type":"SearchAction","target":{"@type":"EntryPoint","urlTemplate":"https:\/\/www.iplay.com\/en\/?s={search_term_string}"},"query-input":{"@type":"PropertyValueSpecification","valueRequired":true,"valueName":"search_term_string"}}],"inLanguage":"fr-FR"},{"@type":"Organization","@id":"https:\/\/www.iplay.com\/en\/#organization","name":"IPlay","url":"https:\/\/www.iplay.com\/en\/","logo":{"@type":"ImageObject","inLanguage":"fr-FR","@id":"https:\/\/www.iplay.com\/en\/#\/schema\/logo\/image\/","url":"https:\/\/www.iplay.com\/wp-content\/uploads\/2023\/11\/Group-6100.svg","contentUrl":"https:\/\/www.iplay.com\/wp-content\/uploads\/2023\/11\/Group-6100.svg","width":98,"height":25,"caption":"IPlay"},"image":{"@id":"https:\/\/www.iplay.com\/en\/#\/schema\/logo\/image\/"}}]}},"_links":{"self":[{"href":"https:\/\/www.iplay.com\/fr\/wp-json\/wp\/v2\/product\/137729","targetHints":{"allow":["GET"]}}],"collection":[{"href":"https:\/\/www.iplay.com\/fr\/wp-json\/wp\/v2\/product"}],"about":[{"href":"https:\/\/www.iplay.com\/fr\/wp-json\/wp\/v2\/types\/product"}],"author":[{"embeddable":true,"href":"https:\/\/www.iplay.com\/fr\/wp-json\/wp\/v2\/users\/39"}],"replies":[{"embeddable":true,"href":"https:\/\/www.iplay.com\/fr\/wp-json\/wp\/v2\/comments?post=137729"}],"wp:featuredmedia":[{"embeddable":true,"href":"https:\/\/www.iplay.com\/fr\/wp-json\/wp\/v2\/media\/82290"}],"wp:attachment":[{"href":"https:\/\/www.iplay.com\/fr\/wp-json\/wp\/v2\/media?parent=137729"}],"wp:term":[{"taxonomy":"product_brand","embeddable":true,"href":"https:\/\/www.iplay.com\/fr\/wp-json\/wp\/v2\/product_brand?post=137729"},{"taxonomy":"product_cat","embeddable":true,"href":"https:\/\/www.iplay.com\/fr\/wp-json\/wp\/v2\/product_cat?post=137729"},{"taxonomy":"product_tag","embeddable":true,"href":"https:\/\/www.iplay.com\/fr\/wp-json\/wp\/v2\/product_tag?post=137729"}],"curies":[{"name":"wp","href":"https:\/\/api.w.org\/{rel}","templated":true}]}}