{"id":137705,"date":"2020-10-12T00:00:00","date_gmt":"2020-10-12T00:00:00","guid":{"rendered":"https:\/\/www.iplay.com\/games\/secrets-of-magic-4-potion-master\/"},"modified":"2020-10-12T00:00:00","modified_gmt":"2020-10-12T00:00:00","slug":"secrets-of-magic-4-potion-master","status":"publish","type":"product","link":"https:\/\/www.iplay.com\/fr\/games\/secrets-of-magic-4-potion-master\/","title":{"rendered":"Secrets of Magic 4: Potion Master"},"content":{"rendered":"<p>Quand Victoria revient, elle n\u2019est pas seule. B\u00e9atrix, son \u00e9l\u00e8ve la plus intelligente, aspire \u00e0 devenir un ma\u00eetre des potions. Il est de votre devoir de les aider. Explorez la For\u00eat Interdite lors de cette exp\u00e9dition magique, o\u00f9 Victoria et Beatrix peuvent trouver les ingr\u00e9dients les plus \u00e9tonnants pour leurs potions. Mais attention, dans cette jolie for\u00eat, vous rencontrerez des monstres inqui\u00e9tants. Plongez dans le royaume \u00e9nigmatique de la sorcellerie en jouant \u00e0 Secrets of Magic 4&nbsp;: Potion Master.     <\/p>\n<p>&nbsp;<\/p>\n<p>&nbsp;<\/p>\n<p><strong>Fonctionnalit\u00e9s:<\/strong><\/p>\n<p>&nbsp;<\/p>\n<p>&#8211; Achetez des objets passionnants pour orner la For\u00eat<br \/>\n interdite- Aidez Beatrix \u00e0 cr\u00e9er de magnifiques concoctions<br \/>\n&#8211; Participez \u00e0 une exp\u00e9rience de match-3 d\u2019Halloween vibrante et color\u00e9e !<br \/>\n&#8211; Un paysage<br \/>\n sonore immersif- Diff\u00e9rents modes de relaxation ou de gestion du temps<\/p>\n","protected":false},"excerpt":{"rendered":"<p>Embarquez pour un voyage d\u2019Halloween palpitant ! Dans Magic Secrets 4&nbsp;: Potion Master <\/p>\n","protected":false},"author":22,"featured_media":81874,"comment_status":"open","ping_status":"closed","template":"","meta":{"_acf_changed":false,"inline_featured_image":false},"product_brand":[],"product_cat":[193],"product_tag":[],"class_list":{"0":"post-137705","1":"product","2":"type-product","3":"status-publish","4":"has-post-thumbnail","6":"product_cat-puzzle-fr","8":"first","9":"instock","10":"shipping-taxable","11":"purchasable","12":"product-type-simple"},"acf":[],"yoast_head":"<!-- This site is optimized with the Yoast SEO Premium plugin v25.2 (Yoast SEO v25.2) - https:\/\/yoast.com\/wordpress\/plugins\/seo\/ -->\n<title>Secrets of Magic 4\u00a0: Potion Master - Embarquez pour une aventure d\u2019Halloween passionnante<\/title>\n<meta name=\"description\" content=\"Embarquez pour un voyage d\u2019Halloween palpitant ! Dans Magic Secrets 4&nbsp;: Potion Master\" \/>\n<meta name=\"robots\" content=\"index, follow, max-snippet:-1, max-image-preview:large, max-video-preview:-1\" \/>\n<link rel=\"canonical\" href=\"https:\/\/www.iplay.com\/fr\/games\/secrets-of-magic-4-potion-master\/\" \/>\n<meta property=\"og:locale\" content=\"fr_FR\" \/>\n<meta property=\"og:type\" content=\"article\" \/>\n<meta property=\"og:title\" content=\"Secrets of Magic 4: Potion Master\" \/>\n<meta property=\"og:description\" content=\"Embarquez pour un voyage d\u2019Halloween palpitant ! Dans Magic Secrets 4&nbsp;: Potion Master\" \/>\n<meta property=\"og:url\" content=\"https:\/\/www.iplay.com\/fr\/games\/secrets-of-magic-4-potion-master\/\" \/>\n<meta property=\"og:site_name\" content=\"IPlay\" \/>\n<meta property=\"og:image\" content=\"https:\/\/www.iplay.com\/wp-content\/uploads\/2023\/12\/large_square_tile_image-2623.jpg\" \/>\n\t<meta property=\"og:image:width\" content=\"310\" \/>\n\t<meta property=\"og:image:height\" content=\"310\" \/>\n\t<meta property=\"og:image:type\" content=\"image\/jpeg\" \/>\n<meta name=\"twitter:card\" content=\"summary_large_image\" \/>\n<meta name=\"twitter:label1\" content=\"Dur\u00e9e de lecture estim\u00e9e\" \/>\n\t<meta name=\"twitter:data1\" content=\"1 minute\" \/>\n<script type=\"application\/ld+json\" class=\"yoast-schema-graph\">{\"@context\":\"https:\/\/schema.org\",\"@graph\":[{\"@type\":\"WebPage\",\"@id\":\"https:\/\/www.iplay.com\/fr\/games\/secrets-of-magic-4-potion-master\/\",\"url\":\"https:\/\/www.iplay.com\/fr\/games\/secrets-of-magic-4-potion-master\/\",\"name\":\"Secrets of Magic 4\u00a0: Potion Master - Embarquez pour une aventure d\u2019Halloween passionnante\",\"isPartOf\":{\"@id\":\"https:\/\/www.iplay.com\/en\/#website\"},\"primaryImageOfPage\":{\"@id\":\"https:\/\/www.iplay.com\/fr\/games\/secrets-of-magic-4-potion-master\/#primaryimage\"},\"image\":{\"@id\":\"https:\/\/www.iplay.com\/fr\/games\/secrets-of-magic-4-potion-master\/#primaryimage\"},\"thumbnailUrl\":\"https:\/\/www.iplay.com\/wp-content\/uploads\/2023\/12\/large_square_tile_image-2623.jpg\",\"datePublished\":\"2020-10-12T00:00:00+00:00\",\"description\":\"Embarquez pour un voyage d\u2019Halloween palpitant ! Dans Magic Secrets 4&nbsp;: Potion Master\",\"breadcrumb\":{\"@id\":\"https:\/\/www.iplay.com\/fr\/games\/secrets-of-magic-4-potion-master\/#breadcrumb\"},\"inLanguage\":\"fr-FR\",\"potentialAction\":[{\"@type\":\"ReadAction\",\"target\":[\"https:\/\/www.iplay.com\/fr\/games\/secrets-of-magic-4-potion-master\/\"]}]},{\"@type\":\"ImageObject\",\"inLanguage\":\"fr-FR\",\"@id\":\"https:\/\/www.iplay.com\/fr\/games\/secrets-of-magic-4-potion-master\/#primaryimage\",\"url\":\"https:\/\/www.iplay.com\/wp-content\/uploads\/2023\/12\/large_square_tile_image-2623.jpg\",\"contentUrl\":\"https:\/\/www.iplay.com\/wp-content\/uploads\/2023\/12\/large_square_tile_image-2623.jpg\",\"width\":310,\"height\":310},{\"@type\":\"BreadcrumbList\",\"@id\":\"https:\/\/www.iplay.com\/fr\/games\/secrets-of-magic-4-potion-master\/#breadcrumb\",\"itemListElement\":[{\"@type\":\"ListItem\",\"position\":1,\"name\":\"Home\",\"item\":\"https:\/\/www.iplay.com\/fr\/home-page-2\/\"},{\"@type\":\"ListItem\",\"position\":2,\"name\":\"Shop\",\"item\":\"https:\/\/www.iplay.com\/en\/shop\/\"},{\"@type\":\"ListItem\",\"position\":3,\"name\":\"Secrets of Magic 4: Potion Master\"}]},{\"@type\":\"WebSite\",\"@id\":\"https:\/\/www.iplay.com\/en\/#website\",\"url\":\"https:\/\/www.iplay.com\/en\/\",\"name\":\"IPlay\",\"description\":\"The Best Casual Games!\",\"publisher\":{\"@id\":\"https:\/\/www.iplay.com\/en\/#organization\"},\"potentialAction\":[{\"@type\":\"SearchAction\",\"target\":{\"@type\":\"EntryPoint\",\"urlTemplate\":\"https:\/\/www.iplay.com\/en\/?s={search_term_string}\"},\"query-input\":{\"@type\":\"PropertyValueSpecification\",\"valueRequired\":true,\"valueName\":\"search_term_string\"}}],\"inLanguage\":\"fr-FR\"},{\"@type\":\"Organization\",\"@id\":\"https:\/\/www.iplay.com\/en\/#organization\",\"name\":\"IPlay\",\"url\":\"https:\/\/www.iplay.com\/en\/\",\"logo\":{\"@type\":\"ImageObject\",\"inLanguage\":\"fr-FR\",\"@id\":\"https:\/\/www.iplay.com\/en\/#\/schema\/logo\/image\/\",\"url\":\"https:\/\/www.iplay.com\/wp-content\/uploads\/2023\/11\/Group-6100.svg\",\"contentUrl\":\"https:\/\/www.iplay.com\/wp-content\/uploads\/2023\/11\/Group-6100.svg\",\"width\":98,\"height\":25,\"caption\":\"IPlay\"},\"image\":{\"@id\":\"https:\/\/www.iplay.com\/en\/#\/schema\/logo\/image\/\"}}]}<\/script>\n<!-- \/ Yoast SEO Premium plugin. -->","yoast_head_json":{"title":"Secrets of Magic 4\u00a0: Potion Master - Embarquez pour une aventure d\u2019Halloween passionnante","description":"Embarquez pour un voyage d\u2019Halloween palpitant ! Dans Magic Secrets 4&nbsp;: Potion Master","robots":{"index":"index","follow":"follow","max-snippet":"max-snippet:-1","max-image-preview":"max-image-preview:large","max-video-preview":"max-video-preview:-1"},"canonical":"https:\/\/www.iplay.com\/fr\/games\/secrets-of-magic-4-potion-master\/","og_locale":"fr_FR","og_type":"article","og_title":"Secrets of Magic 4: Potion Master","og_description":"Embarquez pour un voyage d\u2019Halloween palpitant ! Dans Magic Secrets 4&nbsp;: Potion Master","og_url":"https:\/\/www.iplay.com\/fr\/games\/secrets-of-magic-4-potion-master\/","og_site_name":"IPlay","og_image":[{"width":310,"height":310,"url":"https:\/\/www.iplay.com\/wp-content\/uploads\/2023\/12\/large_square_tile_image-2623.jpg","type":"image\/jpeg"}],"twitter_card":"summary_large_image","twitter_misc":{"Dur\u00e9e de lecture estim\u00e9e":"1 minute"},"schema":{"@context":"https:\/\/schema.org","@graph":[{"@type":"WebPage","@id":"https:\/\/www.iplay.com\/fr\/games\/secrets-of-magic-4-potion-master\/","url":"https:\/\/www.iplay.com\/fr\/games\/secrets-of-magic-4-potion-master\/","name":"Secrets of Magic 4\u00a0: Potion Master - Embarquez pour une aventure d\u2019Halloween passionnante","isPartOf":{"@id":"https:\/\/www.iplay.com\/en\/#website"},"primaryImageOfPage":{"@id":"https:\/\/www.iplay.com\/fr\/games\/secrets-of-magic-4-potion-master\/#primaryimage"},"image":{"@id":"https:\/\/www.iplay.com\/fr\/games\/secrets-of-magic-4-potion-master\/#primaryimage"},"thumbnailUrl":"https:\/\/www.iplay.com\/wp-content\/uploads\/2023\/12\/large_square_tile_image-2623.jpg","datePublished":"2020-10-12T00:00:00+00:00","description":"Embarquez pour un voyage d\u2019Halloween palpitant ! Dans Magic Secrets 4&nbsp;: Potion Master","breadcrumb":{"@id":"https:\/\/www.iplay.com\/fr\/games\/secrets-of-magic-4-potion-master\/#breadcrumb"},"inLanguage":"fr-FR","potentialAction":[{"@type":"ReadAction","target":["https:\/\/www.iplay.com\/fr\/games\/secrets-of-magic-4-potion-master\/"]}]},{"@type":"ImageObject","inLanguage":"fr-FR","@id":"https:\/\/www.iplay.com\/fr\/games\/secrets-of-magic-4-potion-master\/#primaryimage","url":"https:\/\/www.iplay.com\/wp-content\/uploads\/2023\/12\/large_square_tile_image-2623.jpg","contentUrl":"https:\/\/www.iplay.com\/wp-content\/uploads\/2023\/12\/large_square_tile_image-2623.jpg","width":310,"height":310},{"@type":"BreadcrumbList","@id":"https:\/\/www.iplay.com\/fr\/games\/secrets-of-magic-4-potion-master\/#breadcrumb","itemListElement":[{"@type":"ListItem","position":1,"name":"Home","item":"https:\/\/www.iplay.com\/fr\/home-page-2\/"},{"@type":"ListItem","position":2,"name":"Shop","item":"https:\/\/www.iplay.com\/en\/shop\/"},{"@type":"ListItem","position":3,"name":"Secrets of Magic 4: Potion Master"}]},{"@type":"WebSite","@id":"https:\/\/www.iplay.com\/en\/#website","url":"https:\/\/www.iplay.com\/en\/","name":"IPlay","description":"The Best Casual Games!","publisher":{"@id":"https:\/\/www.iplay.com\/en\/#organization"},"potentialAction":[{"@type":"SearchAction","target":{"@type":"EntryPoint","urlTemplate":"https:\/\/www.iplay.com\/en\/?s={search_term_string}"},"query-input":{"@type":"PropertyValueSpecification","valueRequired":true,"valueName":"search_term_string"}}],"inLanguage":"fr-FR"},{"@type":"Organization","@id":"https:\/\/www.iplay.com\/en\/#organization","name":"IPlay","url":"https:\/\/www.iplay.com\/en\/","logo":{"@type":"ImageObject","inLanguage":"fr-FR","@id":"https:\/\/www.iplay.com\/en\/#\/schema\/logo\/image\/","url":"https:\/\/www.iplay.com\/wp-content\/uploads\/2023\/11\/Group-6100.svg","contentUrl":"https:\/\/www.iplay.com\/wp-content\/uploads\/2023\/11\/Group-6100.svg","width":98,"height":25,"caption":"IPlay"},"image":{"@id":"https:\/\/www.iplay.com\/en\/#\/schema\/logo\/image\/"}}]}},"_links":{"self":[{"href":"https:\/\/www.iplay.com\/fr\/wp-json\/wp\/v2\/product\/137705","targetHints":{"allow":["GET"]}}],"collection":[{"href":"https:\/\/www.iplay.com\/fr\/wp-json\/wp\/v2\/product"}],"about":[{"href":"https:\/\/www.iplay.com\/fr\/wp-json\/wp\/v2\/types\/product"}],"author":[{"embeddable":true,"href":"https:\/\/www.iplay.com\/fr\/wp-json\/wp\/v2\/users\/22"}],"replies":[{"embeddable":true,"href":"https:\/\/www.iplay.com\/fr\/wp-json\/wp\/v2\/comments?post=137705"}],"wp:featuredmedia":[{"embeddable":true,"href":"https:\/\/www.iplay.com\/fr\/wp-json\/wp\/v2\/media\/81874"}],"wp:attachment":[{"href":"https:\/\/www.iplay.com\/fr\/wp-json\/wp\/v2\/media?parent=137705"}],"wp:term":[{"taxonomy":"product_brand","embeddable":true,"href":"https:\/\/www.iplay.com\/fr\/wp-json\/wp\/v2\/product_brand?post=137705"},{"taxonomy":"product_cat","embeddable":true,"href":"https:\/\/www.iplay.com\/fr\/wp-json\/wp\/v2\/product_cat?post=137705"},{"taxonomy":"product_tag","embeddable":true,"href":"https:\/\/www.iplay.com\/fr\/wp-json\/wp\/v2\/product_tag?post=137705"}],"curies":[{"name":"wp","href":"https:\/\/api.w.org\/{rel}","templated":true}]}}