{"id":137653,"date":"2021-05-29T00:00:00","date_gmt":"2021-05-29T00:00:00","guid":{"rendered":"https:\/\/www.iplay.com\/games\/tasty-jigsaw-happy-hour-2\/"},"modified":"2021-05-29T00:00:00","modified_gmt":"2021-05-29T00:00:00","slug":"tasty-jigsaw-happy-hour-2","status":"publish","type":"product","link":"https:\/\/www.iplay.com\/fr\/games\/tasty-jigsaw-happy-hour-2\/","title":{"rendered":"Tasty Jigsaw Happy Hour 2"},"content":{"rendered":"<p>Des puzzles \u00e0 th\u00e8me culinaire ! Avec l\u2019aide du jeu de puzzle divertissant Happy Hour 2, vous pouvez vous adonner \u00e0 de d\u00e9licieuses friandises sans jamais quitter votre maison ! Assemblez des puzzles \u00e0 l\u2019aide d\u2019une gamme de pi\u00e8ces et explorez 500 images haute d\u00e9finition pour en savoir plus sur l\u2019histoire. Vous pouvez d\u00e9sormais voyager et jouer \u00e0 votre jeu de puzzle pr\u00e9f\u00e9r\u00e9 sans jamais quitter la maison ! Vous pouvez personnaliser le niveau de difficult\u00e9 de chaque probl\u00e8me selon vos pr\u00e9f\u00e9rences ! Votre travail peut \u00eatre sauvegard\u00e9 \u00e0 tout moment ! Une tonne d\u2019id\u00e9es et de fonctionnalit\u00e9s combin\u00e9es \u00e0 des commandes faciles rendent le jeu plus amusant. Les novices et les experts du genre des jeux de puzzle pourraient appr\u00e9cier ce titre.       <\/p>\n<p>&nbsp;<\/p>\n<p>&nbsp;<\/p>\n<p><strong>Fonctionnalit\u00e9s:<\/strong><\/p>\n<p>&nbsp;<\/p>\n<p>&#8211; 500 images<br \/>\n uniques de haute qualit\u00e9- Un gameplay bien con\u00e7u : conseils utiles, outil de tri et loupe<br \/>\n&#8211; Le contr\u00f4le de la difficult\u00e9 du jeu en option permet un gameplay<br \/>\n sans fin- Styles personnalis\u00e9s de pi\u00e8ces avec rotation<br \/>\n&#8211; Sauvegardez la progression du jeu et continuez \u00e0 collecter le puzzle quand vous le souhaitez<br \/>\n&#8211; Musique<br \/>\n calme et apaisante- 2 en 1 : un jeu et un guide touristique pour Londres ! Achetez 500 puzzles en une seule transaction.<\/p>\n","protected":false},"excerpt":{"rendered":"<p>Tasty Jigsaw Happy Hour 2 vous permet de vous adonner \u00e0 des friandises all\u00e9chantes sans jamais quitter votre maison.<\/p>\n","protected":false},"author":13,"featured_media":104354,"comment_status":"open","ping_status":"closed","template":"","meta":{"_acf_changed":false,"inline_featured_image":false},"product_brand":[],"product_cat":[169],"product_tag":[287],"class_list":{"0":"post-137653","1":"product","2":"type-product","3":"status-publish","4":"has-post-thumbnail","6":"product_cat-jigsaw-fr","7":"product_tag-play-on-pc-fr","9":"first","10":"instock","11":"shipping-taxable","12":"purchasable","13":"product-type-simple"},"acf":[],"yoast_head":"<!-- This site is optimized with the Yoast SEO Premium plugin v25.2 (Yoast SEO v25.2) - https:\/\/yoast.com\/wordpress\/plugins\/seo\/ -->\n<title>Tasty Jigsaw Happy Hour 2 - Laissez-vous tenter par de d\u00e9licieuses sp\u00e9cialit\u00e9s \u00e0 la maison<\/title>\n<meta name=\"description\" content=\"Tasty Jigsaw Happy Hour 2 vous permet de vous adonner \u00e0 des friandises all\u00e9chantes sans jamais quitter votre maison.\" \/>\n<meta name=\"robots\" content=\"index, follow, max-snippet:-1, max-image-preview:large, max-video-preview:-1\" \/>\n<link rel=\"canonical\" href=\"https:\/\/www.iplay.com\/fr\/games\/tasty-jigsaw-happy-hour-2\/\" \/>\n<meta property=\"og:locale\" content=\"fr_FR\" \/>\n<meta property=\"og:type\" content=\"article\" \/>\n<meta property=\"og:title\" content=\"Tasty Jigsaw Happy Hour 2\" \/>\n<meta property=\"og:description\" content=\"Tasty Jigsaw Happy Hour 2 vous permet de vous adonner \u00e0 des friandises all\u00e9chantes sans jamais quitter votre maison.\" \/>\n<meta property=\"og:url\" content=\"https:\/\/www.iplay.com\/fr\/games\/tasty-jigsaw-happy-hour-2\/\" \/>\n<meta property=\"og:site_name\" content=\"IPlay\" \/>\n<meta property=\"og:image\" content=\"https:\/\/www.iplay.com\/wp-content\/uploads\/2023\/12\/large_square_tile_image-4038.jpg\" \/>\n\t<meta property=\"og:image:width\" content=\"310\" \/>\n\t<meta property=\"og:image:height\" content=\"310\" \/>\n\t<meta property=\"og:image:type\" content=\"image\/jpeg\" \/>\n<meta name=\"twitter:card\" content=\"summary_large_image\" \/>\n<meta name=\"twitter:label1\" content=\"Dur\u00e9e de lecture estim\u00e9e\" \/>\n\t<meta name=\"twitter:data1\" content=\"1 minute\" \/>\n<script type=\"application\/ld+json\" class=\"yoast-schema-graph\">{\"@context\":\"https:\/\/schema.org\",\"@graph\":[{\"@type\":\"WebPage\",\"@id\":\"https:\/\/www.iplay.com\/fr\/games\/tasty-jigsaw-happy-hour-2\/\",\"url\":\"https:\/\/www.iplay.com\/fr\/games\/tasty-jigsaw-happy-hour-2\/\",\"name\":\"Tasty Jigsaw Happy Hour 2 - Laissez-vous tenter par de d\u00e9licieuses sp\u00e9cialit\u00e9s \u00e0 la maison\",\"isPartOf\":{\"@id\":\"https:\/\/www.iplay.com\/en\/#website\"},\"primaryImageOfPage\":{\"@id\":\"https:\/\/www.iplay.com\/fr\/games\/tasty-jigsaw-happy-hour-2\/#primaryimage\"},\"image\":{\"@id\":\"https:\/\/www.iplay.com\/fr\/games\/tasty-jigsaw-happy-hour-2\/#primaryimage\"},\"thumbnailUrl\":\"https:\/\/www.iplay.com\/wp-content\/uploads\/2023\/12\/large_square_tile_image-4038.jpg\",\"datePublished\":\"2021-05-29T00:00:00+00:00\",\"description\":\"Tasty Jigsaw Happy Hour 2 vous permet de vous adonner \u00e0 des friandises all\u00e9chantes sans jamais quitter votre maison.\",\"breadcrumb\":{\"@id\":\"https:\/\/www.iplay.com\/fr\/games\/tasty-jigsaw-happy-hour-2\/#breadcrumb\"},\"inLanguage\":\"fr-FR\",\"potentialAction\":[{\"@type\":\"ReadAction\",\"target\":[\"https:\/\/www.iplay.com\/fr\/games\/tasty-jigsaw-happy-hour-2\/\"]}]},{\"@type\":\"ImageObject\",\"inLanguage\":\"fr-FR\",\"@id\":\"https:\/\/www.iplay.com\/fr\/games\/tasty-jigsaw-happy-hour-2\/#primaryimage\",\"url\":\"https:\/\/www.iplay.com\/wp-content\/uploads\/2023\/12\/large_square_tile_image-4038.jpg\",\"contentUrl\":\"https:\/\/www.iplay.com\/wp-content\/uploads\/2023\/12\/large_square_tile_image-4038.jpg\",\"width\":310,\"height\":310},{\"@type\":\"BreadcrumbList\",\"@id\":\"https:\/\/www.iplay.com\/fr\/games\/tasty-jigsaw-happy-hour-2\/#breadcrumb\",\"itemListElement\":[{\"@type\":\"ListItem\",\"position\":1,\"name\":\"Home\",\"item\":\"https:\/\/www.iplay.com\/fr\/home-page-2\/\"},{\"@type\":\"ListItem\",\"position\":2,\"name\":\"Shop\",\"item\":\"https:\/\/www.iplay.com\/en\/shop\/\"},{\"@type\":\"ListItem\",\"position\":3,\"name\":\"Tasty Jigsaw Happy Hour 2\"}]},{\"@type\":\"WebSite\",\"@id\":\"https:\/\/www.iplay.com\/en\/#website\",\"url\":\"https:\/\/www.iplay.com\/en\/\",\"name\":\"IPlay\",\"description\":\"The Best Casual Games!\",\"publisher\":{\"@id\":\"https:\/\/www.iplay.com\/en\/#organization\"},\"potentialAction\":[{\"@type\":\"SearchAction\",\"target\":{\"@type\":\"EntryPoint\",\"urlTemplate\":\"https:\/\/www.iplay.com\/en\/?s={search_term_string}\"},\"query-input\":{\"@type\":\"PropertyValueSpecification\",\"valueRequired\":true,\"valueName\":\"search_term_string\"}}],\"inLanguage\":\"fr-FR\"},{\"@type\":\"Organization\",\"@id\":\"https:\/\/www.iplay.com\/en\/#organization\",\"name\":\"IPlay\",\"url\":\"https:\/\/www.iplay.com\/en\/\",\"logo\":{\"@type\":\"ImageObject\",\"inLanguage\":\"fr-FR\",\"@id\":\"https:\/\/www.iplay.com\/en\/#\/schema\/logo\/image\/\",\"url\":\"https:\/\/www.iplay.com\/wp-content\/uploads\/2023\/11\/Group-6100.svg\",\"contentUrl\":\"https:\/\/www.iplay.com\/wp-content\/uploads\/2023\/11\/Group-6100.svg\",\"width\":98,\"height\":25,\"caption\":\"IPlay\"},\"image\":{\"@id\":\"https:\/\/www.iplay.com\/en\/#\/schema\/logo\/image\/\"}}]}<\/script>\n<!-- \/ Yoast SEO Premium plugin. -->","yoast_head_json":{"title":"Tasty Jigsaw Happy Hour 2 - Laissez-vous tenter par de d\u00e9licieuses sp\u00e9cialit\u00e9s \u00e0 la maison","description":"Tasty Jigsaw Happy Hour 2 vous permet de vous adonner \u00e0 des friandises all\u00e9chantes sans jamais quitter votre maison.","robots":{"index":"index","follow":"follow","max-snippet":"max-snippet:-1","max-image-preview":"max-image-preview:large","max-video-preview":"max-video-preview:-1"},"canonical":"https:\/\/www.iplay.com\/fr\/games\/tasty-jigsaw-happy-hour-2\/","og_locale":"fr_FR","og_type":"article","og_title":"Tasty Jigsaw Happy Hour 2","og_description":"Tasty Jigsaw Happy Hour 2 vous permet de vous adonner \u00e0 des friandises all\u00e9chantes sans jamais quitter votre maison.","og_url":"https:\/\/www.iplay.com\/fr\/games\/tasty-jigsaw-happy-hour-2\/","og_site_name":"IPlay","og_image":[{"width":310,"height":310,"url":"https:\/\/www.iplay.com\/wp-content\/uploads\/2023\/12\/large_square_tile_image-4038.jpg","type":"image\/jpeg"}],"twitter_card":"summary_large_image","twitter_misc":{"Dur\u00e9e de lecture estim\u00e9e":"1 minute"},"schema":{"@context":"https:\/\/schema.org","@graph":[{"@type":"WebPage","@id":"https:\/\/www.iplay.com\/fr\/games\/tasty-jigsaw-happy-hour-2\/","url":"https:\/\/www.iplay.com\/fr\/games\/tasty-jigsaw-happy-hour-2\/","name":"Tasty Jigsaw Happy Hour 2 - Laissez-vous tenter par de d\u00e9licieuses sp\u00e9cialit\u00e9s \u00e0 la maison","isPartOf":{"@id":"https:\/\/www.iplay.com\/en\/#website"},"primaryImageOfPage":{"@id":"https:\/\/www.iplay.com\/fr\/games\/tasty-jigsaw-happy-hour-2\/#primaryimage"},"image":{"@id":"https:\/\/www.iplay.com\/fr\/games\/tasty-jigsaw-happy-hour-2\/#primaryimage"},"thumbnailUrl":"https:\/\/www.iplay.com\/wp-content\/uploads\/2023\/12\/large_square_tile_image-4038.jpg","datePublished":"2021-05-29T00:00:00+00:00","description":"Tasty Jigsaw Happy Hour 2 vous permet de vous adonner \u00e0 des friandises all\u00e9chantes sans jamais quitter votre maison.","breadcrumb":{"@id":"https:\/\/www.iplay.com\/fr\/games\/tasty-jigsaw-happy-hour-2\/#breadcrumb"},"inLanguage":"fr-FR","potentialAction":[{"@type":"ReadAction","target":["https:\/\/www.iplay.com\/fr\/games\/tasty-jigsaw-happy-hour-2\/"]}]},{"@type":"ImageObject","inLanguage":"fr-FR","@id":"https:\/\/www.iplay.com\/fr\/games\/tasty-jigsaw-happy-hour-2\/#primaryimage","url":"https:\/\/www.iplay.com\/wp-content\/uploads\/2023\/12\/large_square_tile_image-4038.jpg","contentUrl":"https:\/\/www.iplay.com\/wp-content\/uploads\/2023\/12\/large_square_tile_image-4038.jpg","width":310,"height":310},{"@type":"BreadcrumbList","@id":"https:\/\/www.iplay.com\/fr\/games\/tasty-jigsaw-happy-hour-2\/#breadcrumb","itemListElement":[{"@type":"ListItem","position":1,"name":"Home","item":"https:\/\/www.iplay.com\/fr\/home-page-2\/"},{"@type":"ListItem","position":2,"name":"Shop","item":"https:\/\/www.iplay.com\/en\/shop\/"},{"@type":"ListItem","position":3,"name":"Tasty Jigsaw Happy Hour 2"}]},{"@type":"WebSite","@id":"https:\/\/www.iplay.com\/en\/#website","url":"https:\/\/www.iplay.com\/en\/","name":"IPlay","description":"The Best Casual Games!","publisher":{"@id":"https:\/\/www.iplay.com\/en\/#organization"},"potentialAction":[{"@type":"SearchAction","target":{"@type":"EntryPoint","urlTemplate":"https:\/\/www.iplay.com\/en\/?s={search_term_string}"},"query-input":{"@type":"PropertyValueSpecification","valueRequired":true,"valueName":"search_term_string"}}],"inLanguage":"fr-FR"},{"@type":"Organization","@id":"https:\/\/www.iplay.com\/en\/#organization","name":"IPlay","url":"https:\/\/www.iplay.com\/en\/","logo":{"@type":"ImageObject","inLanguage":"fr-FR","@id":"https:\/\/www.iplay.com\/en\/#\/schema\/logo\/image\/","url":"https:\/\/www.iplay.com\/wp-content\/uploads\/2023\/11\/Group-6100.svg","contentUrl":"https:\/\/www.iplay.com\/wp-content\/uploads\/2023\/11\/Group-6100.svg","width":98,"height":25,"caption":"IPlay"},"image":{"@id":"https:\/\/www.iplay.com\/en\/#\/schema\/logo\/image\/"}}]}},"_links":{"self":[{"href":"https:\/\/www.iplay.com\/fr\/wp-json\/wp\/v2\/product\/137653","targetHints":{"allow":["GET"]}}],"collection":[{"href":"https:\/\/www.iplay.com\/fr\/wp-json\/wp\/v2\/product"}],"about":[{"href":"https:\/\/www.iplay.com\/fr\/wp-json\/wp\/v2\/types\/product"}],"author":[{"embeddable":true,"href":"https:\/\/www.iplay.com\/fr\/wp-json\/wp\/v2\/users\/13"}],"replies":[{"embeddable":true,"href":"https:\/\/www.iplay.com\/fr\/wp-json\/wp\/v2\/comments?post=137653"}],"wp:featuredmedia":[{"embeddable":true,"href":"https:\/\/www.iplay.com\/fr\/wp-json\/wp\/v2\/media\/104354"}],"wp:attachment":[{"href":"https:\/\/www.iplay.com\/fr\/wp-json\/wp\/v2\/media?parent=137653"}],"wp:term":[{"taxonomy":"product_brand","embeddable":true,"href":"https:\/\/www.iplay.com\/fr\/wp-json\/wp\/v2\/product_brand?post=137653"},{"taxonomy":"product_cat","embeddable":true,"href":"https:\/\/www.iplay.com\/fr\/wp-json\/wp\/v2\/product_cat?post=137653"},{"taxonomy":"product_tag","embeddable":true,"href":"https:\/\/www.iplay.com\/fr\/wp-json\/wp\/v2\/product_tag?post=137653"}],"curies":[{"name":"wp","href":"https:\/\/api.w.org\/{rel}","templated":true}]}}