{"id":137634,"date":"2021-06-19T00:00:00","date_gmt":"2021-06-19T00:00:00","guid":{"rendered":"https:\/\/www.iplay.com\/games\/shopping-clutter-10-the-walkers-take-the-stage\/"},"modified":"2021-06-19T00:00:00","modified_gmt":"2021-06-19T00:00:00","slug":"shopping-clutter-10-the-walkers-take-the-stage","status":"publish","type":"product","link":"https:\/\/www.iplay.com\/fr\/games\/shopping-clutter-10-the-walkers-take-the-stage\/","title":{"rendered":"Shopping Clutter 10: The Walkers Take the Stage"},"content":{"rendered":"<p>La nouvelle directrice de l\u2019\u00e9cole de quartier Animalville a de grands projets pour la vie sociale des \u00e9l\u00e8ves&nbsp;! Comme les Walker \u00e9taient des amis de longue date et des passionn\u00e9s d\u2019art s\u00e9rieux, il leur a demand\u00e9 de construire le th\u00e9\u00e2tre de l\u2019\u00e9cole et d\u2019y mettre en sc\u00e8ne la repr\u00e9sentation inaugurale. La famille a accept\u00e9 cette suggestion avec enthousiasme. Mais il s\u2019av\u00e8re qu\u2019il n\u2019est pas facile de trouver un \u00e9quilibre entre les r\u00e9p\u00e9titions et la recherche d\u2019accessoires, la construction de d\u00e9cors et l\u2019achat de tenues. Les Walkers ne pourront pas terminer leur t\u00e2che sans votre aide ! Il y a 140 \u00e9nigmes d\u2019encombrement dans Shopping Clutter 10&nbsp;: The Walkers Take the Stage, o\u00f9 le joueur doit trouver les objets n\u00e9cessaires dans le chaos. De plus, les joueurs qui sont concentr\u00e9s et diligents pourront acc\u00e9der \u00e0 20 niveaux suppl\u00e9mentaires, y compris une vari\u00e9t\u00e9 d\u2019\u00e9nigmes. Pour les personnes de tous \u00e2ges, Shopping Clutter 10 : The Walkers Take the Stage est un casse-t\u00eate incroyable et vibrant.       <\/p>\n<p>&nbsp;<\/p>\n<p>&nbsp;<\/p>\n<p><strong>Fonctionnalit\u00e9s:<\/strong><\/p>\n<p>&nbsp;<\/p>\n<ul>\n<li>Il y a 200 NOUVELLES choses avec lesquelles jouer !<\/li>\n<li>D\u00e9couvrez le jeu que les Walkers d\u00e9cident de monter !<\/li>\n<li>Des sons ambiants relaxants, des chefs-d\u2019\u0153uvre de musique douce et de v\u00e9ritables d\u00e9fis pour tous les fans de puzzles<\/li>\n<li>140 puzzles encombrants et 20 puzzles suppl\u00e9mentaires<\/li>\n<li>Personnages pr\u00e9f\u00e9r\u00e9s et dialogues hilarants<\/li>\n<li>Des graphismes color\u00e9s et de vrais d\u00e9fis pour tous les fans de puzzles<\/li>\n<li>Une histoire artistique et pleine d\u2019humour<\/li>\n<li>Avec les Walkers, montez sur sc\u00e8ne !<\/li>\n<\/ul>\n","protected":false},"excerpt":{"rendered":"<p>Aidez les Walkers avec la pi\u00e8ce de th\u00e9\u00e2tre de l\u2019\u00e9cole&nbsp;! Dans Clutter 10&nbsp;: Shopping, les promeneurs occupent le devant de la sc\u00e8ne <\/p>\n","protected":false},"author":14,"featured_media":79864,"comment_status":"open","ping_status":"closed","template":"","meta":{"_acf_changed":false,"inline_featured_image":false},"product_brand":[],"product_cat":[193],"product_tag":[],"class_list":{"0":"post-137634","1":"product","2":"type-product","3":"status-publish","4":"has-post-thumbnail","6":"product_cat-puzzle-fr","8":"first","9":"instock","10":"shipping-taxable","11":"purchasable","12":"product-type-simple"},"acf":[],"yoast_head":"<!-- This site is optimized with the Yoast SEO Premium plugin v25.2 (Yoast SEO v25.2) - https:\/\/yoast.com\/wordpress\/plugins\/seo\/ -->\n<title>Shopping Clutter 10 : Les marcheurs montent sur sc\u00e8ne - Aidez les marcheurs \u00e0 monter sur sc\u00e8ne<\/title>\n<meta name=\"description\" content=\"Aidez les Walkers avec la pi\u00e8ce de th\u00e9\u00e2tre de l\u2019\u00e9cole&nbsp;! Dans Clutter 10&nbsp;: Shopping, les promeneurs occupent le devant de la sc\u00e8ne\" \/>\n<meta name=\"robots\" content=\"index, follow, max-snippet:-1, max-image-preview:large, max-video-preview:-1\" \/>\n<link rel=\"canonical\" href=\"https:\/\/www.iplay.com\/fr\/games\/shopping-clutter-10-the-walkers-take-the-stage\/\" \/>\n<meta property=\"og:locale\" content=\"fr_FR\" \/>\n<meta property=\"og:type\" content=\"article\" \/>\n<meta property=\"og:title\" content=\"Shopping Clutter 10: The Walkers Take the Stage\" \/>\n<meta property=\"og:description\" content=\"Aidez les Walkers avec la pi\u00e8ce de th\u00e9\u00e2tre de l\u2019\u00e9cole&nbsp;! Dans Clutter 10&nbsp;: Shopping, les promeneurs occupent le devant de la sc\u00e8ne\" \/>\n<meta property=\"og:url\" content=\"https:\/\/www.iplay.com\/fr\/games\/shopping-clutter-10-the-walkers-take-the-stage\/\" \/>\n<meta property=\"og:site_name\" content=\"IPlay\" \/>\n<meta property=\"og:image\" content=\"https:\/\/www.iplay.com\/wp-content\/uploads\/2023\/12\/large_square_tile_image-2493.jpg\" \/>\n\t<meta property=\"og:image:width\" content=\"310\" \/>\n\t<meta property=\"og:image:height\" content=\"310\" \/>\n\t<meta property=\"og:image:type\" content=\"image\/jpeg\" \/>\n<meta name=\"twitter:card\" content=\"summary_large_image\" \/>\n<meta name=\"twitter:label1\" content=\"Dur\u00e9e de lecture estim\u00e9e\" \/>\n\t<meta name=\"twitter:data1\" content=\"1 minute\" \/>\n<script type=\"application\/ld+json\" class=\"yoast-schema-graph\">{\"@context\":\"https:\/\/schema.org\",\"@graph\":[{\"@type\":\"WebPage\",\"@id\":\"https:\/\/www.iplay.com\/fr\/games\/shopping-clutter-10-the-walkers-take-the-stage\/\",\"url\":\"https:\/\/www.iplay.com\/fr\/games\/shopping-clutter-10-the-walkers-take-the-stage\/\",\"name\":\"Shopping Clutter 10 : Les marcheurs montent sur sc\u00e8ne - Aidez les marcheurs \u00e0 monter sur sc\u00e8ne\",\"isPartOf\":{\"@id\":\"https:\/\/www.iplay.com\/en\/#website\"},\"primaryImageOfPage\":{\"@id\":\"https:\/\/www.iplay.com\/fr\/games\/shopping-clutter-10-the-walkers-take-the-stage\/#primaryimage\"},\"image\":{\"@id\":\"https:\/\/www.iplay.com\/fr\/games\/shopping-clutter-10-the-walkers-take-the-stage\/#primaryimage\"},\"thumbnailUrl\":\"https:\/\/www.iplay.com\/wp-content\/uploads\/2023\/12\/large_square_tile_image-2493.jpg\",\"datePublished\":\"2021-06-19T00:00:00+00:00\",\"description\":\"Aidez les Walkers avec la pi\u00e8ce de th\u00e9\u00e2tre de l\u2019\u00e9cole&nbsp;! Dans Clutter 10&nbsp;: Shopping, les promeneurs occupent le devant de la sc\u00e8ne\",\"breadcrumb\":{\"@id\":\"https:\/\/www.iplay.com\/fr\/games\/shopping-clutter-10-the-walkers-take-the-stage\/#breadcrumb\"},\"inLanguage\":\"fr-FR\",\"potentialAction\":[{\"@type\":\"ReadAction\",\"target\":[\"https:\/\/www.iplay.com\/fr\/games\/shopping-clutter-10-the-walkers-take-the-stage\/\"]}]},{\"@type\":\"ImageObject\",\"inLanguage\":\"fr-FR\",\"@id\":\"https:\/\/www.iplay.com\/fr\/games\/shopping-clutter-10-the-walkers-take-the-stage\/#primaryimage\",\"url\":\"https:\/\/www.iplay.com\/wp-content\/uploads\/2023\/12\/large_square_tile_image-2493.jpg\",\"contentUrl\":\"https:\/\/www.iplay.com\/wp-content\/uploads\/2023\/12\/large_square_tile_image-2493.jpg\",\"width\":310,\"height\":310},{\"@type\":\"BreadcrumbList\",\"@id\":\"https:\/\/www.iplay.com\/fr\/games\/shopping-clutter-10-the-walkers-take-the-stage\/#breadcrumb\",\"itemListElement\":[{\"@type\":\"ListItem\",\"position\":1,\"name\":\"Home\",\"item\":\"https:\/\/www.iplay.com\/fr\/home-page-2\/\"},{\"@type\":\"ListItem\",\"position\":2,\"name\":\"Shop\",\"item\":\"https:\/\/www.iplay.com\/en\/shop\/\"},{\"@type\":\"ListItem\",\"position\":3,\"name\":\"Shopping Clutter 10: The Walkers Take the Stage\"}]},{\"@type\":\"WebSite\",\"@id\":\"https:\/\/www.iplay.com\/en\/#website\",\"url\":\"https:\/\/www.iplay.com\/en\/\",\"name\":\"IPlay\",\"description\":\"The Best Casual Games!\",\"publisher\":{\"@id\":\"https:\/\/www.iplay.com\/en\/#organization\"},\"potentialAction\":[{\"@type\":\"SearchAction\",\"target\":{\"@type\":\"EntryPoint\",\"urlTemplate\":\"https:\/\/www.iplay.com\/en\/?s={search_term_string}\"},\"query-input\":{\"@type\":\"PropertyValueSpecification\",\"valueRequired\":true,\"valueName\":\"search_term_string\"}}],\"inLanguage\":\"fr-FR\"},{\"@type\":\"Organization\",\"@id\":\"https:\/\/www.iplay.com\/en\/#organization\",\"name\":\"IPlay\",\"url\":\"https:\/\/www.iplay.com\/en\/\",\"logo\":{\"@type\":\"ImageObject\",\"inLanguage\":\"fr-FR\",\"@id\":\"https:\/\/www.iplay.com\/en\/#\/schema\/logo\/image\/\",\"url\":\"https:\/\/www.iplay.com\/wp-content\/uploads\/2023\/11\/Group-6100.svg\",\"contentUrl\":\"https:\/\/www.iplay.com\/wp-content\/uploads\/2023\/11\/Group-6100.svg\",\"width\":98,\"height\":25,\"caption\":\"IPlay\"},\"image\":{\"@id\":\"https:\/\/www.iplay.com\/en\/#\/schema\/logo\/image\/\"}}]}<\/script>\n<!-- \/ Yoast SEO Premium plugin. -->","yoast_head_json":{"title":"Shopping Clutter 10 : Les marcheurs montent sur sc\u00e8ne - Aidez les marcheurs \u00e0 monter sur sc\u00e8ne","description":"Aidez les Walkers avec la pi\u00e8ce de th\u00e9\u00e2tre de l\u2019\u00e9cole&nbsp;! Dans Clutter 10&nbsp;: Shopping, les promeneurs occupent le devant de la sc\u00e8ne","robots":{"index":"index","follow":"follow","max-snippet":"max-snippet:-1","max-image-preview":"max-image-preview:large","max-video-preview":"max-video-preview:-1"},"canonical":"https:\/\/www.iplay.com\/fr\/games\/shopping-clutter-10-the-walkers-take-the-stage\/","og_locale":"fr_FR","og_type":"article","og_title":"Shopping Clutter 10: The Walkers Take the Stage","og_description":"Aidez les Walkers avec la pi\u00e8ce de th\u00e9\u00e2tre de l\u2019\u00e9cole&nbsp;! Dans Clutter 10&nbsp;: Shopping, les promeneurs occupent le devant de la sc\u00e8ne","og_url":"https:\/\/www.iplay.com\/fr\/games\/shopping-clutter-10-the-walkers-take-the-stage\/","og_site_name":"IPlay","og_image":[{"width":310,"height":310,"url":"https:\/\/www.iplay.com\/wp-content\/uploads\/2023\/12\/large_square_tile_image-2493.jpg","type":"image\/jpeg"}],"twitter_card":"summary_large_image","twitter_misc":{"Dur\u00e9e de lecture estim\u00e9e":"1 minute"},"schema":{"@context":"https:\/\/schema.org","@graph":[{"@type":"WebPage","@id":"https:\/\/www.iplay.com\/fr\/games\/shopping-clutter-10-the-walkers-take-the-stage\/","url":"https:\/\/www.iplay.com\/fr\/games\/shopping-clutter-10-the-walkers-take-the-stage\/","name":"Shopping Clutter 10 : Les marcheurs montent sur sc\u00e8ne - Aidez les marcheurs \u00e0 monter sur sc\u00e8ne","isPartOf":{"@id":"https:\/\/www.iplay.com\/en\/#website"},"primaryImageOfPage":{"@id":"https:\/\/www.iplay.com\/fr\/games\/shopping-clutter-10-the-walkers-take-the-stage\/#primaryimage"},"image":{"@id":"https:\/\/www.iplay.com\/fr\/games\/shopping-clutter-10-the-walkers-take-the-stage\/#primaryimage"},"thumbnailUrl":"https:\/\/www.iplay.com\/wp-content\/uploads\/2023\/12\/large_square_tile_image-2493.jpg","datePublished":"2021-06-19T00:00:00+00:00","description":"Aidez les Walkers avec la pi\u00e8ce de th\u00e9\u00e2tre de l\u2019\u00e9cole&nbsp;! Dans Clutter 10&nbsp;: Shopping, les promeneurs occupent le devant de la sc\u00e8ne","breadcrumb":{"@id":"https:\/\/www.iplay.com\/fr\/games\/shopping-clutter-10-the-walkers-take-the-stage\/#breadcrumb"},"inLanguage":"fr-FR","potentialAction":[{"@type":"ReadAction","target":["https:\/\/www.iplay.com\/fr\/games\/shopping-clutter-10-the-walkers-take-the-stage\/"]}]},{"@type":"ImageObject","inLanguage":"fr-FR","@id":"https:\/\/www.iplay.com\/fr\/games\/shopping-clutter-10-the-walkers-take-the-stage\/#primaryimage","url":"https:\/\/www.iplay.com\/wp-content\/uploads\/2023\/12\/large_square_tile_image-2493.jpg","contentUrl":"https:\/\/www.iplay.com\/wp-content\/uploads\/2023\/12\/large_square_tile_image-2493.jpg","width":310,"height":310},{"@type":"BreadcrumbList","@id":"https:\/\/www.iplay.com\/fr\/games\/shopping-clutter-10-the-walkers-take-the-stage\/#breadcrumb","itemListElement":[{"@type":"ListItem","position":1,"name":"Home","item":"https:\/\/www.iplay.com\/fr\/home-page-2\/"},{"@type":"ListItem","position":2,"name":"Shop","item":"https:\/\/www.iplay.com\/en\/shop\/"},{"@type":"ListItem","position":3,"name":"Shopping Clutter 10: The Walkers Take the Stage"}]},{"@type":"WebSite","@id":"https:\/\/www.iplay.com\/en\/#website","url":"https:\/\/www.iplay.com\/en\/","name":"IPlay","description":"The Best Casual Games!","publisher":{"@id":"https:\/\/www.iplay.com\/en\/#organization"},"potentialAction":[{"@type":"SearchAction","target":{"@type":"EntryPoint","urlTemplate":"https:\/\/www.iplay.com\/en\/?s={search_term_string}"},"query-input":{"@type":"PropertyValueSpecification","valueRequired":true,"valueName":"search_term_string"}}],"inLanguage":"fr-FR"},{"@type":"Organization","@id":"https:\/\/www.iplay.com\/en\/#organization","name":"IPlay","url":"https:\/\/www.iplay.com\/en\/","logo":{"@type":"ImageObject","inLanguage":"fr-FR","@id":"https:\/\/www.iplay.com\/en\/#\/schema\/logo\/image\/","url":"https:\/\/www.iplay.com\/wp-content\/uploads\/2023\/11\/Group-6100.svg","contentUrl":"https:\/\/www.iplay.com\/wp-content\/uploads\/2023\/11\/Group-6100.svg","width":98,"height":25,"caption":"IPlay"},"image":{"@id":"https:\/\/www.iplay.com\/en\/#\/schema\/logo\/image\/"}}]}},"_links":{"self":[{"href":"https:\/\/www.iplay.com\/fr\/wp-json\/wp\/v2\/product\/137634","targetHints":{"allow":["GET"]}}],"collection":[{"href":"https:\/\/www.iplay.com\/fr\/wp-json\/wp\/v2\/product"}],"about":[{"href":"https:\/\/www.iplay.com\/fr\/wp-json\/wp\/v2\/types\/product"}],"author":[{"embeddable":true,"href":"https:\/\/www.iplay.com\/fr\/wp-json\/wp\/v2\/users\/14"}],"replies":[{"embeddable":true,"href":"https:\/\/www.iplay.com\/fr\/wp-json\/wp\/v2\/comments?post=137634"}],"wp:featuredmedia":[{"embeddable":true,"href":"https:\/\/www.iplay.com\/fr\/wp-json\/wp\/v2\/media\/79864"}],"wp:attachment":[{"href":"https:\/\/www.iplay.com\/fr\/wp-json\/wp\/v2\/media?parent=137634"}],"wp:term":[{"taxonomy":"product_brand","embeddable":true,"href":"https:\/\/www.iplay.com\/fr\/wp-json\/wp\/v2\/product_brand?post=137634"},{"taxonomy":"product_cat","embeddable":true,"href":"https:\/\/www.iplay.com\/fr\/wp-json\/wp\/v2\/product_cat?post=137634"},{"taxonomy":"product_tag","embeddable":true,"href":"https:\/\/www.iplay.com\/fr\/wp-json\/wp\/v2\/product_tag?post=137634"}],"curies":[{"name":"wp","href":"https:\/\/api.w.org\/{rel}","templated":true}]}}