{"id":137334,"date":"2021-01-31T00:00:00","date_gmt":"2021-01-31T00:00:00","guid":{"rendered":"https:\/\/www.iplay.com\/games\/amazing-pyramids-rebirth\/"},"modified":"2021-01-31T00:00:00","modified_gmt":"2021-01-31T00:00:00","slug":"amazing-pyramids-rebirth","status":"publish","type":"product","link":"https:\/\/www.iplay.com\/fr\/games\/amazing-pyramids-rebirth\/","title":{"rendered":"Amazing Pyramids: Rebirth"},"content":{"rendered":"<p>Des pyramides \u00e9tonnantes sont de retour ! Amazing Pyramids est un c\u00e9l\u00e8bre jeu de mots se d\u00e9roulant dans un monde de sables chauds et de villes anciennes qui est sorti pour la premi\u00e8re fois en 2010. Les Amazing Pyramids sont de retour en tant que projet Rebirth dix ans plus tard ! Le remake de 2020 comprend un gameplay enti\u00e8rement nouveau, de nouveaux graphismes haute r\u00e9solution, des effets sp\u00e9ciaux color\u00e9s, un son am\u00e9lior\u00e9 et bien plus encore ! Dans le d\u00e9sert du Sahara, guidez une escouade de scientifiques \u00e0 travers des aventures de mots addictives ! Utilisez votre intelligence et votre langage pour garder une longueur d\u2019avance et r\u00e9sister au soleil br\u00fblant.     <\/p>\n<p>&nbsp;<\/p>\n<p>&nbsp;<\/p>\n<p><strong>Fonctionnalit\u00e9s:<\/strong><\/p>\n<p>&nbsp;<\/p>\n<p>&#8211; Un gameplay unique en son genre !<\/p>\n<p>&#8211; Plus de suppositions sp\u00e9culatives ! \u00c0 chaque mot sa cat\u00e9gorie ! <\/p>\n<p>&#8211; Autant de combinaisons de cat\u00e9gories et de mots non r\u00e9p\u00e9titives que possible !<\/p>\n<p>&#8211; Un dictionnaire unique en son genre avec plus de 120 cat\u00e9gories de mots !<\/p>\n<p>&#8211; Nouveaux modes de jeu : Manuscrit, \u00c9clat et Blitz !<\/p>\n<p>&#8211; Musique et effets sonores \u00e9gyptiens impressionnants !<\/p>\n<p>&#8211; Une intrigue intrigante se d\u00e9roulant dans quatre endroits diff\u00e9rents !<\/p>\n<p>&#8211; Des mini-jeux de puzzle difficiles !<\/p>\n<p>&#8211; Des r\u00e9compenses brillantes pour l\u2019accomplissement de t\u00e2ches suppl\u00e9mentaires !<\/p>\n<p>&#8211; Doublage par des artistes professionnels !<\/p>\n","protected":false},"excerpt":{"rendered":"<p>Dans Amazing Pyramids Rebirth, emmenez une \u00e9quipe de scientifiques dans des qu\u00eates de mots captivantes !<\/p>\n","protected":false},"author":45,"featured_media":80957,"comment_status":"open","ping_status":"closed","template":"","meta":{"_acf_changed":false,"inline_featured_image":false},"product_brand":[],"product_cat":[193],"product_tag":[],"class_list":{"0":"post-137334","1":"product","2":"type-product","3":"status-publish","4":"has-post-thumbnail","6":"product_cat-puzzle-fr","8":"first","9":"instock","10":"shipping-taxable","11":"purchasable","12":"product-type-simple"},"acf":[],"yoast_head":"<!-- This site is optimized with the Yoast SEO Premium plugin v25.2 (Yoast SEO v25.2) - https:\/\/yoast.com\/wordpress\/plugins\/seo\/ -->\n<title>Amazing Pyramids\u00a0: Rebirth - Guidez les scientifiques \u00e0 travers des aventures bas\u00e9es sur les mots<\/title>\n<meta name=\"description\" content=\"Dans Amazing Pyramids Rebirth, emmenez une \u00e9quipe de scientifiques dans des qu\u00eates de mots captivantes !\" \/>\n<meta name=\"robots\" content=\"index, follow, max-snippet:-1, max-image-preview:large, max-video-preview:-1\" \/>\n<link rel=\"canonical\" href=\"https:\/\/www.iplay.com\/fr\/games\/amazing-pyramids-rebirth\/\" \/>\n<meta property=\"og:locale\" content=\"fr_FR\" \/>\n<meta property=\"og:type\" content=\"article\" \/>\n<meta property=\"og:title\" content=\"Amazing Pyramids: Rebirth\" \/>\n<meta property=\"og:description\" content=\"Dans Amazing Pyramids Rebirth, emmenez une \u00e9quipe de scientifiques dans des qu\u00eates de mots captivantes !\" \/>\n<meta property=\"og:url\" content=\"https:\/\/www.iplay.com\/fr\/games\/amazing-pyramids-rebirth\/\" \/>\n<meta property=\"og:site_name\" content=\"IPlay\" \/>\n<meta property=\"og:image\" content=\"https:\/\/www.iplay.com\/wp-content\/uploads\/2023\/12\/large_square_tile_image-2565.jpg\" \/>\n\t<meta property=\"og:image:width\" content=\"310\" \/>\n\t<meta property=\"og:image:height\" content=\"310\" \/>\n\t<meta property=\"og:image:type\" content=\"image\/jpeg\" \/>\n<meta name=\"twitter:card\" content=\"summary_large_image\" \/>\n<meta name=\"twitter:label1\" content=\"Dur\u00e9e de lecture estim\u00e9e\" \/>\n\t<meta name=\"twitter:data1\" content=\"1 minute\" \/>\n<script type=\"application\/ld+json\" class=\"yoast-schema-graph\">{\"@context\":\"https:\/\/schema.org\",\"@graph\":[{\"@type\":\"WebPage\",\"@id\":\"https:\/\/www.iplay.com\/fr\/games\/amazing-pyramids-rebirth\/\",\"url\":\"https:\/\/www.iplay.com\/fr\/games\/amazing-pyramids-rebirth\/\",\"name\":\"Amazing Pyramids\u00a0: Rebirth - Guidez les scientifiques \u00e0 travers des aventures bas\u00e9es sur les mots\",\"isPartOf\":{\"@id\":\"https:\/\/www.iplay.com\/en\/#website\"},\"primaryImageOfPage\":{\"@id\":\"https:\/\/www.iplay.com\/fr\/games\/amazing-pyramids-rebirth\/#primaryimage\"},\"image\":{\"@id\":\"https:\/\/www.iplay.com\/fr\/games\/amazing-pyramids-rebirth\/#primaryimage\"},\"thumbnailUrl\":\"https:\/\/www.iplay.com\/wp-content\/uploads\/2023\/12\/large_square_tile_image-2565.jpg\",\"datePublished\":\"2021-01-31T00:00:00+00:00\",\"description\":\"Dans Amazing Pyramids Rebirth, emmenez une \u00e9quipe de scientifiques dans des qu\u00eates de mots captivantes !\",\"breadcrumb\":{\"@id\":\"https:\/\/www.iplay.com\/fr\/games\/amazing-pyramids-rebirth\/#breadcrumb\"},\"inLanguage\":\"fr-FR\",\"potentialAction\":[{\"@type\":\"ReadAction\",\"target\":[\"https:\/\/www.iplay.com\/fr\/games\/amazing-pyramids-rebirth\/\"]}]},{\"@type\":\"ImageObject\",\"inLanguage\":\"fr-FR\",\"@id\":\"https:\/\/www.iplay.com\/fr\/games\/amazing-pyramids-rebirth\/#primaryimage\",\"url\":\"https:\/\/www.iplay.com\/wp-content\/uploads\/2023\/12\/large_square_tile_image-2565.jpg\",\"contentUrl\":\"https:\/\/www.iplay.com\/wp-content\/uploads\/2023\/12\/large_square_tile_image-2565.jpg\",\"width\":310,\"height\":310},{\"@type\":\"BreadcrumbList\",\"@id\":\"https:\/\/www.iplay.com\/fr\/games\/amazing-pyramids-rebirth\/#breadcrumb\",\"itemListElement\":[{\"@type\":\"ListItem\",\"position\":1,\"name\":\"Home\",\"item\":\"https:\/\/www.iplay.com\/fr\/home-page-2\/\"},{\"@type\":\"ListItem\",\"position\":2,\"name\":\"Shop\",\"item\":\"https:\/\/www.iplay.com\/en\/shop\/\"},{\"@type\":\"ListItem\",\"position\":3,\"name\":\"Amazing Pyramids: Rebirth\"}]},{\"@type\":\"WebSite\",\"@id\":\"https:\/\/www.iplay.com\/en\/#website\",\"url\":\"https:\/\/www.iplay.com\/en\/\",\"name\":\"IPlay\",\"description\":\"The Best Casual Games!\",\"publisher\":{\"@id\":\"https:\/\/www.iplay.com\/en\/#organization\"},\"potentialAction\":[{\"@type\":\"SearchAction\",\"target\":{\"@type\":\"EntryPoint\",\"urlTemplate\":\"https:\/\/www.iplay.com\/en\/?s={search_term_string}\"},\"query-input\":{\"@type\":\"PropertyValueSpecification\",\"valueRequired\":true,\"valueName\":\"search_term_string\"}}],\"inLanguage\":\"fr-FR\"},{\"@type\":\"Organization\",\"@id\":\"https:\/\/www.iplay.com\/en\/#organization\",\"name\":\"IPlay\",\"url\":\"https:\/\/www.iplay.com\/en\/\",\"logo\":{\"@type\":\"ImageObject\",\"inLanguage\":\"fr-FR\",\"@id\":\"https:\/\/www.iplay.com\/en\/#\/schema\/logo\/image\/\",\"url\":\"https:\/\/www.iplay.com\/wp-content\/uploads\/2023\/11\/Group-6100.svg\",\"contentUrl\":\"https:\/\/www.iplay.com\/wp-content\/uploads\/2023\/11\/Group-6100.svg\",\"width\":98,\"height\":25,\"caption\":\"IPlay\"},\"image\":{\"@id\":\"https:\/\/www.iplay.com\/en\/#\/schema\/logo\/image\/\"}}]}<\/script>\n<!-- \/ Yoast SEO Premium plugin. -->","yoast_head_json":{"title":"Amazing Pyramids\u00a0: Rebirth - Guidez les scientifiques \u00e0 travers des aventures bas\u00e9es sur les mots","description":"Dans Amazing Pyramids Rebirth, emmenez une \u00e9quipe de scientifiques dans des qu\u00eates de mots captivantes !","robots":{"index":"index","follow":"follow","max-snippet":"max-snippet:-1","max-image-preview":"max-image-preview:large","max-video-preview":"max-video-preview:-1"},"canonical":"https:\/\/www.iplay.com\/fr\/games\/amazing-pyramids-rebirth\/","og_locale":"fr_FR","og_type":"article","og_title":"Amazing Pyramids: Rebirth","og_description":"Dans Amazing Pyramids Rebirth, emmenez une \u00e9quipe de scientifiques dans des qu\u00eates de mots captivantes !","og_url":"https:\/\/www.iplay.com\/fr\/games\/amazing-pyramids-rebirth\/","og_site_name":"IPlay","og_image":[{"width":310,"height":310,"url":"https:\/\/www.iplay.com\/wp-content\/uploads\/2023\/12\/large_square_tile_image-2565.jpg","type":"image\/jpeg"}],"twitter_card":"summary_large_image","twitter_misc":{"Dur\u00e9e de lecture estim\u00e9e":"1 minute"},"schema":{"@context":"https:\/\/schema.org","@graph":[{"@type":"WebPage","@id":"https:\/\/www.iplay.com\/fr\/games\/amazing-pyramids-rebirth\/","url":"https:\/\/www.iplay.com\/fr\/games\/amazing-pyramids-rebirth\/","name":"Amazing Pyramids\u00a0: Rebirth - Guidez les scientifiques \u00e0 travers des aventures bas\u00e9es sur les mots","isPartOf":{"@id":"https:\/\/www.iplay.com\/en\/#website"},"primaryImageOfPage":{"@id":"https:\/\/www.iplay.com\/fr\/games\/amazing-pyramids-rebirth\/#primaryimage"},"image":{"@id":"https:\/\/www.iplay.com\/fr\/games\/amazing-pyramids-rebirth\/#primaryimage"},"thumbnailUrl":"https:\/\/www.iplay.com\/wp-content\/uploads\/2023\/12\/large_square_tile_image-2565.jpg","datePublished":"2021-01-31T00:00:00+00:00","description":"Dans Amazing Pyramids Rebirth, emmenez une \u00e9quipe de scientifiques dans des qu\u00eates de mots captivantes !","breadcrumb":{"@id":"https:\/\/www.iplay.com\/fr\/games\/amazing-pyramids-rebirth\/#breadcrumb"},"inLanguage":"fr-FR","potentialAction":[{"@type":"ReadAction","target":["https:\/\/www.iplay.com\/fr\/games\/amazing-pyramids-rebirth\/"]}]},{"@type":"ImageObject","inLanguage":"fr-FR","@id":"https:\/\/www.iplay.com\/fr\/games\/amazing-pyramids-rebirth\/#primaryimage","url":"https:\/\/www.iplay.com\/wp-content\/uploads\/2023\/12\/large_square_tile_image-2565.jpg","contentUrl":"https:\/\/www.iplay.com\/wp-content\/uploads\/2023\/12\/large_square_tile_image-2565.jpg","width":310,"height":310},{"@type":"BreadcrumbList","@id":"https:\/\/www.iplay.com\/fr\/games\/amazing-pyramids-rebirth\/#breadcrumb","itemListElement":[{"@type":"ListItem","position":1,"name":"Home","item":"https:\/\/www.iplay.com\/fr\/home-page-2\/"},{"@type":"ListItem","position":2,"name":"Shop","item":"https:\/\/www.iplay.com\/en\/shop\/"},{"@type":"ListItem","position":3,"name":"Amazing Pyramids: Rebirth"}]},{"@type":"WebSite","@id":"https:\/\/www.iplay.com\/en\/#website","url":"https:\/\/www.iplay.com\/en\/","name":"IPlay","description":"The Best Casual Games!","publisher":{"@id":"https:\/\/www.iplay.com\/en\/#organization"},"potentialAction":[{"@type":"SearchAction","target":{"@type":"EntryPoint","urlTemplate":"https:\/\/www.iplay.com\/en\/?s={search_term_string}"},"query-input":{"@type":"PropertyValueSpecification","valueRequired":true,"valueName":"search_term_string"}}],"inLanguage":"fr-FR"},{"@type":"Organization","@id":"https:\/\/www.iplay.com\/en\/#organization","name":"IPlay","url":"https:\/\/www.iplay.com\/en\/","logo":{"@type":"ImageObject","inLanguage":"fr-FR","@id":"https:\/\/www.iplay.com\/en\/#\/schema\/logo\/image\/","url":"https:\/\/www.iplay.com\/wp-content\/uploads\/2023\/11\/Group-6100.svg","contentUrl":"https:\/\/www.iplay.com\/wp-content\/uploads\/2023\/11\/Group-6100.svg","width":98,"height":25,"caption":"IPlay"},"image":{"@id":"https:\/\/www.iplay.com\/en\/#\/schema\/logo\/image\/"}}]}},"_links":{"self":[{"href":"https:\/\/www.iplay.com\/fr\/wp-json\/wp\/v2\/product\/137334","targetHints":{"allow":["GET"]}}],"collection":[{"href":"https:\/\/www.iplay.com\/fr\/wp-json\/wp\/v2\/product"}],"about":[{"href":"https:\/\/www.iplay.com\/fr\/wp-json\/wp\/v2\/types\/product"}],"author":[{"embeddable":true,"href":"https:\/\/www.iplay.com\/fr\/wp-json\/wp\/v2\/users\/45"}],"replies":[{"embeddable":true,"href":"https:\/\/www.iplay.com\/fr\/wp-json\/wp\/v2\/comments?post=137334"}],"wp:featuredmedia":[{"embeddable":true,"href":"https:\/\/www.iplay.com\/fr\/wp-json\/wp\/v2\/media\/80957"}],"wp:attachment":[{"href":"https:\/\/www.iplay.com\/fr\/wp-json\/wp\/v2\/media?parent=137334"}],"wp:term":[{"taxonomy":"product_brand","embeddable":true,"href":"https:\/\/www.iplay.com\/fr\/wp-json\/wp\/v2\/product_brand?post=137334"},{"taxonomy":"product_cat","embeddable":true,"href":"https:\/\/www.iplay.com\/fr\/wp-json\/wp\/v2\/product_cat?post=137334"},{"taxonomy":"product_tag","embeddable":true,"href":"https:\/\/www.iplay.com\/fr\/wp-json\/wp\/v2\/product_tag?post=137334"}],"curies":[{"name":"wp","href":"https:\/\/api.w.org\/{rel}","templated":true}]}}