{"id":137302,"date":"2021-01-09T00:00:00","date_gmt":"2021-01-09T00:00:00","guid":{"rendered":"https:\/\/www.iplay.com\/games\/kingdom-builders-solitaire\/"},"modified":"2021-01-09T00:00:00","modified_gmt":"2021-01-09T00:00:00","slug":"kingdom-builders-solitaire","status":"publish","type":"product","link":"https:\/\/www.iplay.com\/fr\/games\/kingdom-builders-solitaire\/","title":{"rendered":"Kingdom Builders &#8211; Solitaire"},"content":{"rendered":"<p>Il y a une bataille dans le royaume d\u2019Ebevaria. La population souffrira lorsque les approvisionnements seront bient\u00f4t \u00e9puis\u00e9s. La princesse Kalamiya, la fille de la reine Prono\u00efa, a \u00e9t\u00e9 envoy\u00e9e sur l\u2019\u00eele de Kiridros dans le but de construire une nouvelle r\u00e9sidence pour les Ebavariens. Bardriel, le constructeur fiable des villes royales, est avec la princesse. Jouez \u00e0 quinze \u00e9tapes de construction diff\u00e9rentes pour cr\u00e9er une nouvelle province florissante. Atteignez vos objectifs en \u00e9rigeant des tours, des pr\u00e9fectures, des ateliers, des b\u00e2timents sacr\u00e9s, etc. D\u00e9corez la ville de statues et de fontaines. Jouez \u00e0 travers plusieurs niveaux de jeu de solitaire pour rassembler des ressources pour accomplir tout cela. L\u2019une des caract\u00e9ristiques du jeu est qu\u2019il s\u2019agit d\u2019un jeu de cartes solitaire avec un concept de construction de ville.        <\/p>\n<p>&nbsp;<\/p>\n<p>&nbsp;<\/p>\n<p><strong>Fonctionnalit\u00e9s:<\/strong><\/p>\n<p>&nbsp;<\/p>\n<p>&#8211; Jouez au solitaire pour collecter des ressources.<\/p>\n<p>&#8211; Il y a plus de 100 niveaux avec des dispositions int\u00e9ressantes qui offrent des heures de divertissement.<\/p>\n<p>&#8211; Des bonus passionnants pour vous aider \u00e0 gagner.<\/p>\n<p>&#8211; Les b\u00e2timents construits accordent des pouvoirs et des ressources suppl\u00e9mentaires.<\/p>\n","protected":false},"excerpt":{"rendered":"<p>Jouez au solitaire pour rassembler des fournitures qui vous aideront dans votre effort pour \u00e9tablir une nouvelle province florissante.<\/p>\n","protected":false},"author":204,"featured_media":81149,"comment_status":"open","ping_status":"closed","template":"","meta":{"_acf_changed":false,"inline_featured_image":false},"product_brand":[],"product_cat":[155,207],"product_tag":[287],"class_list":{"0":"post-137302","1":"product","2":"type-product","3":"status-publish","4":"has-post-thumbnail","6":"product_cat-card-fr-2","7":"product_cat-solitaire-fr","8":"product_tag-play-on-pc-fr","10":"first","11":"instock","12":"shipping-taxable","13":"purchasable","14":"product-type-simple"},"acf":[],"yoast_head":"<!-- This site is optimized with the Yoast SEO Premium plugin v25.2 (Yoast SEO v25.2) - https:\/\/yoast.com\/wordpress\/plugins\/seo\/ -->\n<title>Kingdom Builders - Solitaire - Jouez au Solitaire, cr\u00e9ez une province anim\u00e9e en mission<\/title>\n<meta name=\"description\" content=\"Jouez au solitaire pour rassembler des fournitures qui vous aideront dans votre effort pour \u00e9tablir une nouvelle province florissante.\" \/>\n<meta name=\"robots\" content=\"index, follow, max-snippet:-1, max-image-preview:large, max-video-preview:-1\" \/>\n<link rel=\"canonical\" href=\"https:\/\/www.iplay.com\/fr\/games\/kingdom-builders-solitaire\/\" \/>\n<meta property=\"og:locale\" content=\"fr_FR\" \/>\n<meta property=\"og:type\" content=\"article\" \/>\n<meta property=\"og:title\" content=\"Kingdom Builders - Solitaire\" \/>\n<meta property=\"og:description\" content=\"Jouez au solitaire pour rassembler des fournitures qui vous aideront dans votre effort pour \u00e9tablir une nouvelle province florissante.\" \/>\n<meta property=\"og:url\" content=\"https:\/\/www.iplay.com\/fr\/games\/kingdom-builders-solitaire\/\" \/>\n<meta property=\"og:site_name\" content=\"IPlay\" \/>\n<meta property=\"og:image\" content=\"https:\/\/www.iplay.com\/wp-content\/uploads\/2023\/12\/large_square_tile_image-2577.jpg\" \/>\n\t<meta property=\"og:image:width\" content=\"310\" \/>\n\t<meta property=\"og:image:height\" content=\"310\" \/>\n\t<meta property=\"og:image:type\" content=\"image\/jpeg\" \/>\n<meta name=\"twitter:card\" content=\"summary_large_image\" \/>\n<meta name=\"twitter:label1\" content=\"Dur\u00e9e de lecture estim\u00e9e\" \/>\n\t<meta name=\"twitter:data1\" content=\"1 minute\" \/>\n<script type=\"application\/ld+json\" class=\"yoast-schema-graph\">{\"@context\":\"https:\/\/schema.org\",\"@graph\":[{\"@type\":\"WebPage\",\"@id\":\"https:\/\/www.iplay.com\/fr\/games\/kingdom-builders-solitaire\/\",\"url\":\"https:\/\/www.iplay.com\/fr\/games\/kingdom-builders-solitaire\/\",\"name\":\"Kingdom Builders - Solitaire - Jouez au Solitaire, cr\u00e9ez une province anim\u00e9e en mission\",\"isPartOf\":{\"@id\":\"https:\/\/www.iplay.com\/en\/#website\"},\"primaryImageOfPage\":{\"@id\":\"https:\/\/www.iplay.com\/fr\/games\/kingdom-builders-solitaire\/#primaryimage\"},\"image\":{\"@id\":\"https:\/\/www.iplay.com\/fr\/games\/kingdom-builders-solitaire\/#primaryimage\"},\"thumbnailUrl\":\"https:\/\/www.iplay.com\/wp-content\/uploads\/2023\/12\/large_square_tile_image-2577.jpg\",\"datePublished\":\"2021-01-09T00:00:00+00:00\",\"description\":\"Jouez au solitaire pour rassembler des fournitures qui vous aideront dans votre effort pour \u00e9tablir une nouvelle province florissante.\",\"breadcrumb\":{\"@id\":\"https:\/\/www.iplay.com\/fr\/games\/kingdom-builders-solitaire\/#breadcrumb\"},\"inLanguage\":\"fr-FR\",\"potentialAction\":[{\"@type\":\"ReadAction\",\"target\":[\"https:\/\/www.iplay.com\/fr\/games\/kingdom-builders-solitaire\/\"]}]},{\"@type\":\"ImageObject\",\"inLanguage\":\"fr-FR\",\"@id\":\"https:\/\/www.iplay.com\/fr\/games\/kingdom-builders-solitaire\/#primaryimage\",\"url\":\"https:\/\/www.iplay.com\/wp-content\/uploads\/2023\/12\/large_square_tile_image-2577.jpg\",\"contentUrl\":\"https:\/\/www.iplay.com\/wp-content\/uploads\/2023\/12\/large_square_tile_image-2577.jpg\",\"width\":310,\"height\":310},{\"@type\":\"BreadcrumbList\",\"@id\":\"https:\/\/www.iplay.com\/fr\/games\/kingdom-builders-solitaire\/#breadcrumb\",\"itemListElement\":[{\"@type\":\"ListItem\",\"position\":1,\"name\":\"Home\",\"item\":\"https:\/\/www.iplay.com\/fr\/home-page-2\/\"},{\"@type\":\"ListItem\",\"position\":2,\"name\":\"Shop\",\"item\":\"https:\/\/www.iplay.com\/en\/shop\/\"},{\"@type\":\"ListItem\",\"position\":3,\"name\":\"Kingdom Builders &#8211; Solitaire\"}]},{\"@type\":\"WebSite\",\"@id\":\"https:\/\/www.iplay.com\/en\/#website\",\"url\":\"https:\/\/www.iplay.com\/en\/\",\"name\":\"IPlay\",\"description\":\"The Best Casual Games!\",\"publisher\":{\"@id\":\"https:\/\/www.iplay.com\/en\/#organization\"},\"potentialAction\":[{\"@type\":\"SearchAction\",\"target\":{\"@type\":\"EntryPoint\",\"urlTemplate\":\"https:\/\/www.iplay.com\/en\/?s={search_term_string}\"},\"query-input\":{\"@type\":\"PropertyValueSpecification\",\"valueRequired\":true,\"valueName\":\"search_term_string\"}}],\"inLanguage\":\"fr-FR\"},{\"@type\":\"Organization\",\"@id\":\"https:\/\/www.iplay.com\/en\/#organization\",\"name\":\"IPlay\",\"url\":\"https:\/\/www.iplay.com\/en\/\",\"logo\":{\"@type\":\"ImageObject\",\"inLanguage\":\"fr-FR\",\"@id\":\"https:\/\/www.iplay.com\/en\/#\/schema\/logo\/image\/\",\"url\":\"https:\/\/www.iplay.com\/wp-content\/uploads\/2023\/11\/Group-6100.svg\",\"contentUrl\":\"https:\/\/www.iplay.com\/wp-content\/uploads\/2023\/11\/Group-6100.svg\",\"width\":98,\"height\":25,\"caption\":\"IPlay\"},\"image\":{\"@id\":\"https:\/\/www.iplay.com\/en\/#\/schema\/logo\/image\/\"}}]}<\/script>\n<!-- \/ Yoast SEO Premium plugin. -->","yoast_head_json":{"title":"Kingdom Builders - Solitaire - Jouez au Solitaire, cr\u00e9ez une province anim\u00e9e en mission","description":"Jouez au solitaire pour rassembler des fournitures qui vous aideront dans votre effort pour \u00e9tablir une nouvelle province florissante.","robots":{"index":"index","follow":"follow","max-snippet":"max-snippet:-1","max-image-preview":"max-image-preview:large","max-video-preview":"max-video-preview:-1"},"canonical":"https:\/\/www.iplay.com\/fr\/games\/kingdom-builders-solitaire\/","og_locale":"fr_FR","og_type":"article","og_title":"Kingdom Builders - Solitaire","og_description":"Jouez au solitaire pour rassembler des fournitures qui vous aideront dans votre effort pour \u00e9tablir une nouvelle province florissante.","og_url":"https:\/\/www.iplay.com\/fr\/games\/kingdom-builders-solitaire\/","og_site_name":"IPlay","og_image":[{"width":310,"height":310,"url":"https:\/\/www.iplay.com\/wp-content\/uploads\/2023\/12\/large_square_tile_image-2577.jpg","type":"image\/jpeg"}],"twitter_card":"summary_large_image","twitter_misc":{"Dur\u00e9e de lecture estim\u00e9e":"1 minute"},"schema":{"@context":"https:\/\/schema.org","@graph":[{"@type":"WebPage","@id":"https:\/\/www.iplay.com\/fr\/games\/kingdom-builders-solitaire\/","url":"https:\/\/www.iplay.com\/fr\/games\/kingdom-builders-solitaire\/","name":"Kingdom Builders - Solitaire - Jouez au Solitaire, cr\u00e9ez une province anim\u00e9e en mission","isPartOf":{"@id":"https:\/\/www.iplay.com\/en\/#website"},"primaryImageOfPage":{"@id":"https:\/\/www.iplay.com\/fr\/games\/kingdom-builders-solitaire\/#primaryimage"},"image":{"@id":"https:\/\/www.iplay.com\/fr\/games\/kingdom-builders-solitaire\/#primaryimage"},"thumbnailUrl":"https:\/\/www.iplay.com\/wp-content\/uploads\/2023\/12\/large_square_tile_image-2577.jpg","datePublished":"2021-01-09T00:00:00+00:00","description":"Jouez au solitaire pour rassembler des fournitures qui vous aideront dans votre effort pour \u00e9tablir une nouvelle province florissante.","breadcrumb":{"@id":"https:\/\/www.iplay.com\/fr\/games\/kingdom-builders-solitaire\/#breadcrumb"},"inLanguage":"fr-FR","potentialAction":[{"@type":"ReadAction","target":["https:\/\/www.iplay.com\/fr\/games\/kingdom-builders-solitaire\/"]}]},{"@type":"ImageObject","inLanguage":"fr-FR","@id":"https:\/\/www.iplay.com\/fr\/games\/kingdom-builders-solitaire\/#primaryimage","url":"https:\/\/www.iplay.com\/wp-content\/uploads\/2023\/12\/large_square_tile_image-2577.jpg","contentUrl":"https:\/\/www.iplay.com\/wp-content\/uploads\/2023\/12\/large_square_tile_image-2577.jpg","width":310,"height":310},{"@type":"BreadcrumbList","@id":"https:\/\/www.iplay.com\/fr\/games\/kingdom-builders-solitaire\/#breadcrumb","itemListElement":[{"@type":"ListItem","position":1,"name":"Home","item":"https:\/\/www.iplay.com\/fr\/home-page-2\/"},{"@type":"ListItem","position":2,"name":"Shop","item":"https:\/\/www.iplay.com\/en\/shop\/"},{"@type":"ListItem","position":3,"name":"Kingdom Builders &#8211; Solitaire"}]},{"@type":"WebSite","@id":"https:\/\/www.iplay.com\/en\/#website","url":"https:\/\/www.iplay.com\/en\/","name":"IPlay","description":"The Best Casual Games!","publisher":{"@id":"https:\/\/www.iplay.com\/en\/#organization"},"potentialAction":[{"@type":"SearchAction","target":{"@type":"EntryPoint","urlTemplate":"https:\/\/www.iplay.com\/en\/?s={search_term_string}"},"query-input":{"@type":"PropertyValueSpecification","valueRequired":true,"valueName":"search_term_string"}}],"inLanguage":"fr-FR"},{"@type":"Organization","@id":"https:\/\/www.iplay.com\/en\/#organization","name":"IPlay","url":"https:\/\/www.iplay.com\/en\/","logo":{"@type":"ImageObject","inLanguage":"fr-FR","@id":"https:\/\/www.iplay.com\/en\/#\/schema\/logo\/image\/","url":"https:\/\/www.iplay.com\/wp-content\/uploads\/2023\/11\/Group-6100.svg","contentUrl":"https:\/\/www.iplay.com\/wp-content\/uploads\/2023\/11\/Group-6100.svg","width":98,"height":25,"caption":"IPlay"},"image":{"@id":"https:\/\/www.iplay.com\/en\/#\/schema\/logo\/image\/"}}]}},"_links":{"self":[{"href":"https:\/\/www.iplay.com\/fr\/wp-json\/wp\/v2\/product\/137302","targetHints":{"allow":["GET"]}}],"collection":[{"href":"https:\/\/www.iplay.com\/fr\/wp-json\/wp\/v2\/product"}],"about":[{"href":"https:\/\/www.iplay.com\/fr\/wp-json\/wp\/v2\/types\/product"}],"author":[{"embeddable":true,"href":"https:\/\/www.iplay.com\/fr\/wp-json\/wp\/v2\/users\/204"}],"replies":[{"embeddable":true,"href":"https:\/\/www.iplay.com\/fr\/wp-json\/wp\/v2\/comments?post=137302"}],"wp:featuredmedia":[{"embeddable":true,"href":"https:\/\/www.iplay.com\/fr\/wp-json\/wp\/v2\/media\/81149"}],"wp:attachment":[{"href":"https:\/\/www.iplay.com\/fr\/wp-json\/wp\/v2\/media?parent=137302"}],"wp:term":[{"taxonomy":"product_brand","embeddable":true,"href":"https:\/\/www.iplay.com\/fr\/wp-json\/wp\/v2\/product_brand?post=137302"},{"taxonomy":"product_cat","embeddable":true,"href":"https:\/\/www.iplay.com\/fr\/wp-json\/wp\/v2\/product_cat?post=137302"},{"taxonomy":"product_tag","embeddable":true,"href":"https:\/\/www.iplay.com\/fr\/wp-json\/wp\/v2\/product_tag?post=137302"}],"curies":[{"name":"wp","href":"https:\/\/api.w.org\/{rel}","templated":true}]}}